{"id":1251,"date":"2025-03-31T20:19:15","date_gmt":"2025-03-31T20:19:15","guid":{"rendered":"https:\/\/arttao.org\/?page_id=1251"},"modified":"2025-08-16T18:30:08","modified_gmt":"2025-08-16T18:30:08","slug":"ein-psychologischer-test","status":"publish","type":"page","link":"https:\/\/arttao.org\/de\/a-%e5%bf%83%e7%90%86%e6%b5%8b%e8%af%95\/","title":{"rendered":"AG. Psychologische Tests"},"content":{"rendered":"<p class=\"\"><\/p>\n\n\n\n<p class=\"\"><\/p>\n\n\n\n<figure class=\"wp-block-image size-large is-resized\"><img loading=\"lazy\" decoding=\"async\" width=\"1024\" height=\"647\" src=\"https:\/\/arttao.org\/wp-content\/uploads\/2025\/03\/EaI\u00bcIo_601830466_\u00b2EE\u00b5A\u00bfE\u00b0\u00aeEUA\u00ae\u00b7CAEoO\u00b5EIOA22-1024x647.jpg\" alt=\"\" class=\"wp-image-1243\" style=\"width:82px;height:auto\" srcset=\"https:\/\/arttao.org\/wp-content\/uploads\/2025\/03\/EaI\u00bcIo_601830466_\u00b2EE\u00b5A\u00bfE\u00b0\u00aeEUA\u00ae\u00b7CAEoO\u00b5EIOA22-1024x647.jpg 1024w, https:\/\/arttao.org\/wp-content\/uploads\/2025\/03\/EaI\u00bcIo_601830466_\u00b2EE\u00b5A\u00bfE\u00b0\u00aeEUA\u00ae\u00b7CAEoO\u00b5EIOA22-300x189.jpg 300w, https:\/\/arttao.org\/wp-content\/uploads\/2025\/03\/EaI\u00bcIo_601830466_\u00b2EE\u00b5A\u00bfE\u00b0\u00aeEUA\u00ae\u00b7CAEoO\u00b5EIOA22-768x485.jpg 768w, https:\/\/arttao.org\/wp-content\/uploads\/2025\/03\/EaI\u00bcIo_601830466_\u00b2EE\u00b5A\u00bfE\u00b0\u00aeEUA\u00ae\u00b7CAEoO\u00b5EIOA22-1536x970.jpg 1536w, https:\/\/arttao.org\/wp-content\/uploads\/2025\/03\/EaI\u00bcIo_601830466_\u00b2EE\u00b5A\u00bfE\u00b0\u00aeEUA\u00ae\u00b7CAEoO\u00b5EIOA22-2048x1294.jpg 2048w\" sizes=\"auto, (max-width: 1024px) 100vw, 1024px\" \/><\/figure>\n\n\n\n<p class=\"\"><a href=\"https:\/\/arttao.org\/de\/a-%e8%8b%8f%e6%a0%bc%e6%8b%89%e5%ba%95%e9%97%ae%e7%ad%94-%e7%84%a6%e8%99%91%e7%9b%b8%e5%85%b3%e9%97%ae%e9%a2%98%e6%b5%8b%e8%af%95\/\" data-type=\"page\" data-id=\"6853\">A. <strong>Sokratische Fragen \u2013 Test zu Fragen im Zusammenhang mit Angstzust\u00e4nden<\/strong><\/a><\/p>\n\n\n\n<p class=\"has-small-font-size\">Angstst\u00f6rungen \u00e4u\u00dfern sich in anhaltender und \u00fcberm\u00e4\u00dfiger Sorge um zuk\u00fcnftige Ereignisse, oft ohne konkrete Anzeichen einer Bedrohung. Zu den h\u00e4ufigsten Angstst\u00f6rungen z\u00e4hlen die generalisierte Angstst\u00f6rung, soziale Phobie, Phobien, Panikst\u00f6rung und selektiver Mutismus. Betroffene erleben intensive Unruhe, Anspannung, Herzrasen, Schwitzen, Atemnot und Magenbeschwerden und zeigen m\u00f6glicherweise Vermeidungsverhalten wie das Meiden sozialer Situationen, die Unf\u00e4higkeit, allein zu sein, und die Angst, bestimmte Orte zu betreten. Angstst\u00f6rungen beeintr\u00e4chtigen die Alltagsbew\u00e4ltigung, schr\u00e4nken die Bewegungsfreiheit und die Lebensqualit\u00e4t ein. Sie h\u00e4ngen oft mit Bew\u00e4ltigungsstrategien und der Selbstwahrnehmung zusammen und k\u00f6nnen auch durch ein Zusammenspiel verschiedener Faktoren wie Kindheitserfahrungen, Stress und Pers\u00f6nlichkeitsmerkmale entstehen.<\/p>\n\n\n\n<figure class=\"wp-block-image size-large is-resized\"><img loading=\"lazy\" decoding=\"async\" width=\"1024\" height=\"647\" src=\"https:\/\/arttao.org\/wp-content\/uploads\/2025\/03\/EaI\u00bcIo_601830466_\u00b2EE\u00b5A\u00bfE\u00b0\u00aeEUA\u00ae\u00b7CAEoO\u00b5EIOA22-1024x647.jpg\" alt=\"\" class=\"wp-image-1243\" style=\"width:78px;height:auto\" srcset=\"https:\/\/arttao.org\/wp-content\/uploads\/2025\/03\/EaI\u00bcIo_601830466_\u00b2EE\u00b5A\u00bfE\u00b0\u00aeEUA\u00ae\u00b7CAEoO\u00b5EIOA22-1024x647.jpg 1024w, https:\/\/arttao.org\/wp-content\/uploads\/2025\/03\/EaI\u00bcIo_601830466_\u00b2EE\u00b5A\u00bfE\u00b0\u00aeEUA\u00ae\u00b7CAEoO\u00b5EIOA22-300x189.jpg 300w, https:\/\/arttao.org\/wp-content\/uploads\/2025\/03\/EaI\u00bcIo_601830466_\u00b2EE\u00b5A\u00bfE\u00b0\u00aeEUA\u00ae\u00b7CAEoO\u00b5EIOA22-768x485.jpg 768w, https:\/\/arttao.org\/wp-content\/uploads\/2025\/03\/EaI\u00bcIo_601830466_\u00b2EE\u00b5A\u00bfE\u00b0\u00aeEUA\u00ae\u00b7CAEoO\u00b5EIOA22-1536x970.jpg 1536w, https:\/\/arttao.org\/wp-content\/uploads\/2025\/03\/EaI\u00bcIo_601830466_\u00b2EE\u00b5A\u00bfE\u00b0\u00aeEUA\u00ae\u00b7CAEoO\u00b5EIOA22-2048x1294.jpg 2048w\" sizes=\"auto, (max-width: 1024px) 100vw, 1024px\" \/><\/figure>\n\n\n\n<p class=\"\"><a href=\"https:\/\/arttao.org\/de\/b-%e8%8b%8f%e6%a0%bc%e6%8b%89%e5%ba%95%e9%97%ae%e7%ad%94-%e6%8a%91%e9%83%81%e7%9b%b8%e5%85%b3%e9%97%ae%e9%a2%98%e6%b5%8b%e8%af%95\/\" data-type=\"page\" data-id=\"6864\">B. <strong>Sokratische Fragen \u2013 Test zu Fragen im Zusammenhang mit Depressionen<\/strong><\/a><\/p>\n\n\n\n<h5 class=\"wp-block-heading has-small-font-size\">Depression ist eine psychische Erkrankung, die durch anhaltende Niedergeschlagenheit gekennzeichnet ist. H\u00e4ufige Symptome sind anhaltende Traurigkeit, Interessenverlust, Selbstabwertung, M\u00fcdigkeit, Konzentrationsschwierigkeiten und sogar Hoffnungslosigkeit und Suizidgedanken. Schwere F\u00e4lle k\u00f6nnen zudem mit Appetit- oder Gewichtsver\u00e4nderungen, Schlafst\u00f6rungen, emotionaler Taubheit und k\u00f6rperlichen Schmerzen einhergehen. Depression ist keine vor\u00fcbergehende Niedergeschlagenheit, sondern ein psychischer Zustand, der l\u00e4nger als zwei Wochen andauert und die Funktionsf\u00e4higkeit erheblich beeintr\u00e4chtigt. Sie kann genetische Veranlagung, traumatische Erlebnisse, soziale Isolation oder anhaltenden Stress als Ursache haben. Langfristige Depression kann au\u00dferdem zu einem R\u00fcckgang der sozialen Teilhabe, zwischenmenschlicher Entfremdung und einem Verlust des Lebenssinns f\u00fchren. Ein rechtzeitiger Umgang mit Gef\u00fchlen und professionelle Hilfe sind daher entscheidend.<\/h5>\n\n\n\n<figure class=\"wp-block-image size-large is-resized\"><img loading=\"lazy\" decoding=\"async\" width=\"1024\" height=\"647\" src=\"https:\/\/arttao.org\/wp-content\/uploads\/2025\/03\/EaI\u00bcIo_601830466_\u00b2EE\u00b5A\u00bfE\u00b0\u00aeEUA\u00ae\u00b7CAEoO\u00b5EIOA22-1024x647.jpg\" alt=\"\" class=\"wp-image-1243\" style=\"width:78px;height:auto\" srcset=\"https:\/\/arttao.org\/wp-content\/uploads\/2025\/03\/EaI\u00bcIo_601830466_\u00b2EE\u00b5A\u00bfE\u00b0\u00aeEUA\u00ae\u00b7CAEoO\u00b5EIOA22-1024x647.jpg 1024w, https:\/\/arttao.org\/wp-content\/uploads\/2025\/03\/EaI\u00bcIo_601830466_\u00b2EE\u00b5A\u00bfE\u00b0\u00aeEUA\u00ae\u00b7CAEoO\u00b5EIOA22-300x189.jpg 300w, https:\/\/arttao.org\/wp-content\/uploads\/2025\/03\/EaI\u00bcIo_601830466_\u00b2EE\u00b5A\u00bfE\u00b0\u00aeEUA\u00ae\u00b7CAEoO\u00b5EIOA22-768x485.jpg 768w, https:\/\/arttao.org\/wp-content\/uploads\/2025\/03\/EaI\u00bcIo_601830466_\u00b2EE\u00b5A\u00bfE\u00b0\u00aeEUA\u00ae\u00b7CAEoO\u00b5EIOA22-1536x970.jpg 1536w, https:\/\/arttao.org\/wp-content\/uploads\/2025\/03\/EaI\u00bcIo_601830466_\u00b2EE\u00b5A\u00bfE\u00b0\u00aeEUA\u00ae\u00b7CAEoO\u00b5EIOA22-2048x1294.jpg 2048w\" sizes=\"auto, (max-width: 1024px) 100vw, 1024px\" \/><\/figure>\n\n\n\n<p class=\"\"><a href=\"https:\/\/arttao.org\/de\/c-%e8%8b%8f%e6%a0%bc%e6%8b%89%e5%ba%95-%e5%bc%ba%e8%bf%ab%e4%b8%8e%e5%86%b2%e5%8a%a8%e9%97%ae%e9%a2%98%e6%b5%8b%e8%af%95\/\" data-type=\"page\" data-id=\"6866\">C. <strong>Sokratische Fragen \u2013 Test zu zwanghaften und impulsiven Problemen<\/strong><\/a><\/p>\n\n\n\n<p class=\"has-small-font-size\">Diese Problemarten umfassen Zwangsst\u00f6rungen und Impulskontrollst\u00f6rungen. Kernmerkmal sind wiederkehrende, unkontrollierbare Gedanken (Zwangsgedanken) und Verhaltensweisen (Zwangs- oder Impulsverhalten), die Betroffene selbst bei Bewusstsein ihrer Irrationalit\u00e4t nicht unterdr\u00fccken k\u00f6nnen. Menschen mit Zwangsst\u00f6rungen werden beispielsweise von Gedanken wie \u201cIst es sauber?\u201d oder \u201cIst es sicher?\u201d geplagt und lindern ihre Angst durch wiederholtes H\u00e4ndewaschen oder Kontrollieren. Impulskontrollst\u00f6rungen hingegen \u00e4u\u00dfern sich in pl\u00f6tzlichen, impulsiven Verhaltensweisen wie Wutausbr\u00fcchen, Diebstahl, Spielsucht oder \u00fcberm\u00e4\u00dfigem Essen. Betroffene empfinden im Nachhinein typischerweise Schuld und Reue, haben aber Schwierigkeiten, dem n\u00e4chsten Impuls zu widerstehen. Diese Probleme werden ma\u00dfgeblich von kognitiven Verzerrungen, abnormalen neuronalen Schaltkreisen und unzureichender Selbstregulation beeinflusst und beeintr\u00e4chtigen h\u00e4ufig den Alltag und zwischenmenschliche Beziehungen.<\/p>\n\n\n\n<figure class=\"wp-block-image size-large is-resized\"><img loading=\"lazy\" decoding=\"async\" width=\"1024\" height=\"647\" src=\"https:\/\/arttao.org\/wp-content\/uploads\/2025\/03\/EaI\u00bcIo_601830466_\u00b2EE\u00b5A\u00bfE\u00b0\u00aeEUA\u00ae\u00b7CAEoO\u00b5EIOA22-1024x647.jpg\" alt=\"\" class=\"wp-image-1243\" style=\"width:79px;height:auto\" srcset=\"https:\/\/arttao.org\/wp-content\/uploads\/2025\/03\/EaI\u00bcIo_601830466_\u00b2EE\u00b5A\u00bfE\u00b0\u00aeEUA\u00ae\u00b7CAEoO\u00b5EIOA22-1024x647.jpg 1024w, https:\/\/arttao.org\/wp-content\/uploads\/2025\/03\/EaI\u00bcIo_601830466_\u00b2EE\u00b5A\u00bfE\u00b0\u00aeEUA\u00ae\u00b7CAEoO\u00b5EIOA22-300x189.jpg 300w, https:\/\/arttao.org\/wp-content\/uploads\/2025\/03\/EaI\u00bcIo_601830466_\u00b2EE\u00b5A\u00bfE\u00b0\u00aeEUA\u00ae\u00b7CAEoO\u00b5EIOA22-768x485.jpg 768w, https:\/\/arttao.org\/wp-content\/uploads\/2025\/03\/EaI\u00bcIo_601830466_\u00b2EE\u00b5A\u00bfE\u00b0\u00aeEUA\u00ae\u00b7CAEoO\u00b5EIOA22-1536x970.jpg 1536w, https:\/\/arttao.org\/wp-content\/uploads\/2025\/03\/EaI\u00bcIo_601830466_\u00b2EE\u00b5A\u00bfE\u00b0\u00aeEUA\u00ae\u00b7CAEoO\u00b5EIOA22-2048x1294.jpg 2048w\" sizes=\"auto, (max-width: 1024px) 100vw, 1024px\" \/><\/figure>\n\n\n\n<p class=\"\"><a href=\"https:\/\/arttao.org\/de\/d-%e8%8b%8f%e6%a0%bc%e6%8b%89%e5%ba%95-%e5%88%9b%e4%bc%a4%e4%b8%8e%e5%ba%94%e6%bf%80%e9%97%ae%e9%a2%98%e6%b5%8b%e8%af%95\/\" data-type=\"page\" data-id=\"6870\">D. <strong>Sokratische Fragen \u2013 Trauma- und Stresstest<\/strong><\/a><\/p>\n\n\n\n<p class=\"has-small-font-size\">Diese Art von Problemen entsteht durch das Erleben oder Beobachten extrem schmerzhafter, lebensbedrohlicher oder sicherheitsgef\u00e4hrdender Ereignisse wie Unf\u00e4lle, Gewalt, Missbrauch oder einschneidende Lebensver\u00e4nderungen. H\u00e4ufige St\u00f6rungen sind die posttraumatische Belastungsst\u00f6rung (PTBS), die akute Belastungsreaktion und die Anpassungsst\u00f6rung. Betroffene k\u00f6nnen traumatische Bilder wiederholt in Erinnerung rufen (Flashbacks), Albtr\u00e4ume haben, emotionale Ausbr\u00fcche und Hypervigilanz erleben und dabei bewusst Orte, Personen oder Themen im Zusammenhang mit dem Trauma meiden. Ein Trauma kann zu anhaltendem psychischem R\u00fcckzug, Selbstdissoziation, Vertrauensverlust und sogar zu einer ver\u00e4nderten Realit\u00e4tswahrnehmung f\u00fchren. Unbehandelte traumatische Reaktionen k\u00f6nnen langfristig in chronische Angstzust\u00e4nde, Depressionen und selbstverletzendes Verhalten m\u00fcnden und eine professionelle psychologische Intervention sowie Rehabilitationsma\u00dfnahmen erforderlich machen.<\/p>\n\n\n\n<figure class=\"wp-block-image size-large is-resized\"><img loading=\"lazy\" decoding=\"async\" width=\"1024\" height=\"647\" src=\"https:\/\/arttao.org\/wp-content\/uploads\/2025\/03\/EaI\u00bcIo_601830466_\u00b2EE\u00b5A\u00bfE\u00b0\u00aeEUA\u00ae\u00b7CAEoO\u00b5EIOA22-1024x647.jpg\" alt=\"\" class=\"wp-image-1243\" style=\"width:74px;height:auto\" srcset=\"https:\/\/arttao.org\/wp-content\/uploads\/2025\/03\/EaI\u00bcIo_601830466_\u00b2EE\u00b5A\u00bfE\u00b0\u00aeEUA\u00ae\u00b7CAEoO\u00b5EIOA22-1024x647.jpg 1024w, https:\/\/arttao.org\/wp-content\/uploads\/2025\/03\/EaI\u00bcIo_601830466_\u00b2EE\u00b5A\u00bfE\u00b0\u00aeEUA\u00ae\u00b7CAEoO\u00b5EIOA22-300x189.jpg 300w, https:\/\/arttao.org\/wp-content\/uploads\/2025\/03\/EaI\u00bcIo_601830466_\u00b2EE\u00b5A\u00bfE\u00b0\u00aeEUA\u00ae\u00b7CAEoO\u00b5EIOA22-768x485.jpg 768w, https:\/\/arttao.org\/wp-content\/uploads\/2025\/03\/EaI\u00bcIo_601830466_\u00b2EE\u00b5A\u00bfE\u00b0\u00aeEUA\u00ae\u00b7CAEoO\u00b5EIOA22-1536x970.jpg 1536w, https:\/\/arttao.org\/wp-content\/uploads\/2025\/03\/EaI\u00bcIo_601830466_\u00b2EE\u00b5A\u00bfE\u00b0\u00aeEUA\u00ae\u00b7CAEoO\u00b5EIOA22-2048x1294.jpg 2048w\" sizes=\"auto, (max-width: 1024px) 100vw, 1024px\" \/><\/figure>\n\n\n\n<p class=\"\"><a href=\"https:\/\/arttao.org\/de\/e-%e8%8b%8f%e6%a0%bc%e6%8b%89%e5%ba%95-%e6%83%85%e7%bb%aa%e6%b3%a2%e5%8a%a8%e9%97%ae%e9%a2%98%e6%b5%8b%e8%af%95\/\" data-type=\"page\" data-id=\"6898\">E. <strong>Sokratische Fragen \u2013 Test zur Erfassung emotionaler Schwankungen<\/strong><\/a><\/p>\n\n\n\n<p class=\"has-small-font-size\">Stimmungsschwankungen sind durch intensive und instabile emotionale Reaktionen, starke Stimmungsschwankungen und Schwierigkeiten bei der Selbstregulation gekennzeichnet. Zu diesen Problemen z\u00e4hlen Stimmungsregulationsst\u00f6rungen, bipolare St\u00f6rungen und Pers\u00f6nlichkeitsst\u00f6rungen. Betroffene erleben innerhalb kurzer Zeit abrupte Stimmungswechsel von Begeisterung und Freude zu Wut und Verzweiflung, oft begleitet von impulsivem Verhalten, Beziehungsproblemen und extremen Schwankungen des Selbstwertgef\u00fchls. Stimmungsschwankungen k\u00f6nnen Arbeit, Studium und zwischenmenschliche Beziehungen erheblich beeintr\u00e4chtigen und Betroffenen h\u00e4ufig das Gef\u00fchl geben, die Kontrolle verloren zu haben. Typischerweise h\u00e4ngen diese Probleme mit fr\u00fchen Bindungserfahrungen, einer instabilen Selbstwahrnehmung und unklaren Grenzen zusammen; der Heilungsprozess konzentriert sich auf den Aufbau innerer Stabilit\u00e4t und eines unterst\u00fctzenden Selbsthilfesystems.<\/p>\n\n\n\n<figure class=\"wp-block-image size-large is-resized\"><img loading=\"lazy\" decoding=\"async\" width=\"1024\" height=\"647\" src=\"https:\/\/arttao.org\/wp-content\/uploads\/2025\/03\/EaI\u00bcIo_601830466_\u00b2EE\u00b5A\u00bfE\u00b0\u00aeEUA\u00ae\u00b7CAEoO\u00b5EIOA22-1024x647.jpg\" alt=\"\" class=\"wp-image-1243\" style=\"width:76px;height:auto\" srcset=\"https:\/\/arttao.org\/wp-content\/uploads\/2025\/03\/EaI\u00bcIo_601830466_\u00b2EE\u00b5A\u00bfE\u00b0\u00aeEUA\u00ae\u00b7CAEoO\u00b5EIOA22-1024x647.jpg 1024w, https:\/\/arttao.org\/wp-content\/uploads\/2025\/03\/EaI\u00bcIo_601830466_\u00b2EE\u00b5A\u00bfE\u00b0\u00aeEUA\u00ae\u00b7CAEoO\u00b5EIOA22-300x189.jpg 300w, https:\/\/arttao.org\/wp-content\/uploads\/2025\/03\/EaI\u00bcIo_601830466_\u00b2EE\u00b5A\u00bfE\u00b0\u00aeEUA\u00ae\u00b7CAEoO\u00b5EIOA22-768x485.jpg 768w, https:\/\/arttao.org\/wp-content\/uploads\/2025\/03\/EaI\u00bcIo_601830466_\u00b2EE\u00b5A\u00bfE\u00b0\u00aeEUA\u00ae\u00b7CAEoO\u00b5EIOA22-1536x970.jpg 1536w, https:\/\/arttao.org\/wp-content\/uploads\/2025\/03\/EaI\u00bcIo_601830466_\u00b2EE\u00b5A\u00bfE\u00b0\u00aeEUA\u00ae\u00b7CAEoO\u00b5EIOA22-2048x1294.jpg 2048w\" sizes=\"auto, (max-width: 1024px) 100vw, 1024px\" \/><\/figure>\n\n\n\n<p class=\"\"><a href=\"https:\/\/arttao.org\/de\/f-%e7%9d%a1%e7%9c%a0%e4%b8%8e%e8%ba%af%e4%bd%93%e9%97%ae%e9%a2%98\/\" data-type=\"page\" data-id=\"6997\">F. <strong>Sokratische Fragen \u2013 Test zu Schlaf- und k\u00f6rperlichen Problemen<\/strong><\/a><\/p>\n\n\n\n<p class=\"has-small-font-size\">Schlafprobleme wie Ein- und Durchschlafst\u00f6rungen, fr\u00fches und h\u00e4ufiges Erwachen, lebhafte Tr\u00e4ume und Tagesm\u00fcdigkeit sind oft Anzeichen f\u00fcr psychische Erkrankungen. Langfristige Schlafst\u00f6rungen k\u00f6nnen die emotionale Stabilit\u00e4t, das Ged\u00e4chtnis und das Immunsystem beeintr\u00e4chtigen. Somatisierungssymptome \u00e4u\u00dfern sich in wiederkehrenden k\u00f6rperlichen Beschwerden (wie Kopf-, Bauch- und Herzschmerzen), deren Ursache sich jedoch medizinisch nicht feststellen l\u00e4sst. Betroffene reagieren sensibel auf k\u00f6rperliche Ver\u00e4nderungen, und ihre innere Angst dr\u00fcckt sich oft in ihrer K\u00f6rpersprache aus. Diese Probleme h\u00e4ngen h\u00e4ufig mit Stress, unterdr\u00fcckten Emotionen und \u00fcberm\u00e4\u00dfiger Selbstkontrolle zusammen. Viele Betroffene suchen zun\u00e4chst medizinische Hilfe, doch eigentlich ist eine psychologische Anpassung notwendig. Die Wiederherstellung des Schlafrhythmus und die St\u00e4rkung der Verbindung zwischen K\u00f6rper und Geist sind entscheidende Aspekte der Behandlung.<\/p>\n\n\n\n<figure class=\"wp-block-image size-large is-resized\"><img loading=\"lazy\" decoding=\"async\" width=\"1024\" height=\"647\" src=\"https:\/\/arttao.org\/wp-content\/uploads\/2025\/03\/EaI\u00bcIo_601830466_\u00b2EE\u00b5A\u00bfE\u00b0\u00aeEUA\u00ae\u00b7CAEoO\u00b5EIOA22-1024x647.jpg\" alt=\"\" class=\"wp-image-1243\" style=\"width:78px;height:auto\" srcset=\"https:\/\/arttao.org\/wp-content\/uploads\/2025\/03\/EaI\u00bcIo_601830466_\u00b2EE\u00b5A\u00bfE\u00b0\u00aeEUA\u00ae\u00b7CAEoO\u00b5EIOA22-1024x647.jpg 1024w, https:\/\/arttao.org\/wp-content\/uploads\/2025\/03\/EaI\u00bcIo_601830466_\u00b2EE\u00b5A\u00bfE\u00b0\u00aeEUA\u00ae\u00b7CAEoO\u00b5EIOA22-300x189.jpg 300w, https:\/\/arttao.org\/wp-content\/uploads\/2025\/03\/EaI\u00bcIo_601830466_\u00b2EE\u00b5A\u00bfE\u00b0\u00aeEUA\u00ae\u00b7CAEoO\u00b5EIOA22-768x485.jpg 768w, https:\/\/arttao.org\/wp-content\/uploads\/2025\/03\/EaI\u00bcIo_601830466_\u00b2EE\u00b5A\u00bfE\u00b0\u00aeEUA\u00ae\u00b7CAEoO\u00b5EIOA22-1536x970.jpg 1536w, https:\/\/arttao.org\/wp-content\/uploads\/2025\/03\/EaI\u00bcIo_601830466_\u00b2EE\u00b5A\u00bfE\u00b0\u00aeEUA\u00ae\u00b7CAEoO\u00b5EIOA22-2048x1294.jpg 2048w\" sizes=\"auto, (max-width: 1024px) 100vw, 1024px\" \/><\/figure>\n\n\n\n<p class=\"\"><a href=\"https:\/\/arttao.org\/de\/h1-%e4%be%9d%e8%b5%96%e4%b8%8e%e6%88%90%e7%98%be%e9%97%ae%e9%a2%98\/\" data-type=\"page\" data-id=\"7032\">G.<strong>Sokratische Fragen \u2013 Test auf Abh\u00e4ngigkeit und Sucht<\/strong><\/a><\/p>\n\n\n\n<p class=\"has-small-font-size\">Abh\u00e4ngigkeitsprobleme beschr\u00e4nken sich nicht auf Substanzen (wie Alkohol, Nikotin und Drogen), sondern umfassen auch Verhaltensabh\u00e4ngigkeiten wie Internetsucht, Spielsucht, emotionale Abh\u00e4ngigkeit und Arbeitssucht. Sie sind gekennzeichnet durch die unkontrollierbare Wiederholung eines bestimmten Verhaltens, das trotz negativer Folgen schwer zu beenden ist. Sucht mag kurzfristig Befriedigung bringen, raubt dem Betroffenen aber nach und nach Freiheit und Willen und sch\u00e4digt sogar seine k\u00f6rperliche Gesundheit, Beziehungen und Karriere. Hinter der Sucht verbirgt sich oft eine tiefe Leere, ein Mangel an Selbstregulation oder der Wunsch, psychischem Schmerz zu entfliehen. Eine wirksame Behandlung muss von \u201cKontrolle\u201d zu \u201cVerst\u00e4ndnis\u201d \u00fcbergehen und die innere Autonomie schrittweise wiederherstellen, indem gesunde Bindungsmuster, ein Gef\u00fchl von Selbstwert und unterst\u00fctzende Verhaltensweisen gef\u00f6rdert werden.<\/p>","protected":false},"excerpt":{"rendered":"<p>A. \u82cf\u683c\u62c9\u5e95\u95ee\u7b54-\u7126\u8651\u76f8\u5173\u95ee\u9898\u6d4b\u8bd5 \u7126\u8651\u95ee\u9898\u8868\u73b0\u4e3a\u5bf9\u672a\u6765\u4e8b\u4ef6\u6301\u7eed\u4e14\u8fc7\u5ea6\u7684\u62c5\u5fe7\uff0c\u5f80\u5f80\u7f3a\u4e4f\u5177\u4f53\u7684\u5a01\u80c1\u4f9d\u636e\u3002\u5e38\u89c1\u7684 [&hellip;]<\/p>\n","protected":false},"author":1,"featured_media":0,"parent":0,"menu_order":0,"comment_status":"closed","ping_status":"closed","template":"","meta":{"nf_dc_page":"","om_disable_all_campaigns":false,"_monsterinsights_skip_tracking":false,"_monsterinsights_sitenote_active":false,"_monsterinsights_sitenote_note":"","_monsterinsights_sitenote_category":0,"footnotes":""},"class_list":["post-1251","page","type-page","status-publish","hentry"],"_links":{"self":[{"href":"https:\/\/arttao.org\/de\/wp-json\/wp\/v2\/pages\/1251","targetHints":{"allow":["GET"]}}],"collection":[{"href":"https:\/\/arttao.org\/de\/wp-json\/wp\/v2\/pages"}],"about":[{"href":"https:\/\/arttao.org\/de\/wp-json\/wp\/v2\/types\/page"}],"author":[{"embeddable":true,"href":"https:\/\/arttao.org\/de\/wp-json\/wp\/v2\/users\/1"}],"replies":[{"embeddable":true,"href":"https:\/\/arttao.org\/de\/wp-json\/wp\/v2\/comments?post=1251"}],"version-history":[{"count":20,"href":"https:\/\/arttao.org\/de\/wp-json\/wp\/v2\/pages\/1251\/revisions"}],"predecessor-version":[{"id":8874,"href":"https:\/\/arttao.org\/de\/wp-json\/wp\/v2\/pages\/1251\/revisions\/8874"}],"wp:attachment":[{"href":"https:\/\/arttao.org\/de\/wp-json\/wp\/v2\/media?parent=1251"}],"curies":[{"name":"wp","href":"https:\/\/api.w.org\/{rel}","templated":true}]}}