{"id":16363,"date":"2025-12-23T03:16:15","date_gmt":"2025-12-23T03:16:15","guid":{"rendered":"https:\/\/arttao.org\/?page_id=16363"},"modified":"2025-12-23T03:16:15","modified_gmt":"2025-12-23T03:16:15","slug":"uber-uns-uber-arttao","status":"publish","type":"page","link":"https:\/\/arttao.org\/de\/%e5%85%b3%e4%ba%8e%e6%88%91%e4%bb%ac%ef%bd%9cabout-arttao\/","title":{"rendered":"\u00dcber uns | \u00dcber Arttao"},"content":{"rendered":"<div style=\"max-width: 900px; margin: 0 auto; font-family: Georgia, 'Times New Roman', serif; line-height: 1.9; color: #333; padding: 10px 16px;\">\n<h2 style=\"text-align:center; margin: 8px 0 18px; font-size: 30px; letter-spacing: 0.5px;\"><\/h2>\n<p style=\"margin: 0 0 16px;\">\n    <strong>Arttao.org<\/strong> es ist ein <strong>Psychische Gesundheit, Kunsttherapie und KI-gest\u00fctzte Unterst\u00fctzung<\/strong> Eine umfassende Plattform, die sich auf den Kern konzentriert.<br \/>\n    Wir konzentrieren uns auf diejenigen, die leicht \u00fcbersehen oder missverstanden werden oder in der Realit\u00e4t keine nachhaltige Unterst\u00fctzung erhalten, und setzen uns daf\u00fcr ein, strukturierte Inhalte und einen sanften, nachhaltigen Ansatz zu bieten.<br \/>\n    Es hilft dem Einzelnen, seinen eigenen psychischen Zustand zu verstehen, die innere Ordnung wiederherzustellen und nach und nach einen stabileren Lebensrhythmus zu etablieren.\n  <\/p>\n<h3 style=\"margin: 22px 0 10px; font-size: 20px;\">\n    Was tun wir hier eigentlich?<br \/>\n  <\/h3>\n<p style=\"margin: 0 0 12px;\">\n    Arttao ist weder eine einfache \u201cWebsite f\u00fcr psychologische Tests\u201d noch eine reine Online-Kursplattform. Wir haben ein vielschichtiges System psychologischer Unterst\u00fctzung und Kunsttherapie entwickelt, das unter anderem Folgendes umfasst:\n  <\/p>\n<ul style=\"margin: 0 0 16px 20px; padding: 0;\">\n<li style=\"margin: 6px 0;\">Systematische Instrumente zur Beurteilung des psychologischen Zustands und zur Selbsterkenntnis<\/li>\n<li style=\"margin: 6px 0;\">Langfristige Heilungskurse, die Bereiche wie Angstzust\u00e4nde, Depressionen, Traumata, Schlafst\u00f6rungen und Sucht abdecken.<\/li>\n<li style=\"margin: 6px 0;\">Interkulturelle Kunsttherapieinhalte, die Teetrinken, Ern\u00e4hrungstherapie, Kalligrafie, Malerei, Musik und Mandala-Betrachtung kombinieren.<\/li>\n<li style=\"margin: 6px 0;\">KI-gest\u00fctzte Begleitung und Anleitung, nicht etwa ein \u201cDiagnoseinstrument\u201d, das die professionelle medizinische Versorgung ersetzen soll.\u201d<\/li>\n<\/ul>\n<p style=\"margin: 0 0 16px;\">\n    Wir sind eher besorgt<strong>Verfahren<\/strong>Statt auf \u201csofortige Verbesserung\u201d zu setzen, sollte man sich auf Folgendes konzentrieren:<strong>Verst\u00e4ndnis und Anpassung<\/strong>Anstatt Schlussfolgerungen zu kennzeichnen.\n  <\/p>\n<h3 style=\"margin: 22px 0 10px; font-size: 20px;\">\n    Wie sehen wir psychologische Unterst\u00fctzung?<br \/>\n  <\/h3>\n<p style=\"margin: 0 0 16px;\">\n    Wir sind der Ansicht, dass psychische Belastung nicht dasselbe ist wie \u201cabnormal\u201d; sie ist oft das Ergebnis der kombinierten Auswirkungen von langfristigem Stress, Umweltfaktoren, Beziehungsmustern und dem k\u00f6rperlichen Zustand.<br \/>\n    Daher folgen die von Arttao bereitgestellten Inhalte diesen Prinzipien:\n  <\/p>\n<ul style=\"margin: 0 0 16px 20px; padding: 0;\">\n<li style=\"margin: 6px 0;\">Keine Panik ausl\u00f6sen, Symptome nicht \u00fcbertreiben<\/li>\n<li style=\"margin: 6px 0;\">Reduzieren Sie komplexe Erfahrungen nicht auf eine einzige Schlussfolgerung.<\/li>\n<li style=\"margin: 6px 0;\">Verwenden Sie keine emotionale Sprache, um Abh\u00e4ngigkeit zu erzeugen.<\/li>\n<li style=\"margin: 6px 0;\">Respektiere individuelle Rhythmen und erlaube Wiederholungen und Pausen.<\/li>\n<\/ul>\n<p style=\"margin: 0 0 16px;\">\n    Psychologische Unterst\u00fctzung ist hierbei ein Schl\u00fcsselelement.<strong>Ein Weg, den man langsam begehen kann<\/strong>\u3002\n  <\/p>\n<h3 style=\"margin: 22px 0 10px; font-size: 20px;\">\n    Die Bedeutung der Kunsttherapie<br \/>\n  <\/h3>\n<p style=\"margin: 0 0 12px;\">\n    Bei Kunst geht es nicht darum, \u201cwie gut es ausgedr\u00fcckt ist\u201d, sondern um...<strong>Wiederherstellung von Wahrnehmung und Verbindung<\/strong>Bei Arttao ist Kunsttherapie kein Fertigkeitstraining, sondern eine allt\u00e4gliche, leicht zug\u00e4ngliche Praxis. Zum Beispiel:\n  <\/p>\n<ul style=\"margin: 0 0 16px 20px; padding: 0;\">\n<li style=\"margin: 6px 0;\">Bei Mandalas geht es nicht darum, &quot;etwas zu zeichnen&quot;, sondern darum, es zu betrachten und darin zu verweilen.<\/li>\n<li style=\"margin: 6px 0;\">Bei der Kalligrafie geht es nicht um Stil, sondern um Rhythmus und Atem.<\/li>\n<li style=\"margin: 6px 0;\">Beim Teetrinken und der Ern\u00e4hrungstherapie geht es nicht um geheimnisvolle Rezepte, sondern vielmehr um den Ausgangspunkt f\u00fcr die K\u00f6rperregulation.<\/li>\n<\/ul>\n<p style=\"margin: 0 0 16px;\">\n    Hier ist Kunst eine Sprache der psychologischen Anpassung.\n  <\/p>\n<h3 style=\"margin: 22px 0 10px; font-size: 20px;\">\n    Die Rolle der KI<br \/>\n  <\/h3>\n<p style=\"margin: 0 0 16px;\">\n    Arttao nutzt k\u00fcnstliche Intelligenz als...<strong>Unterst\u00fctzungstools<\/strong>K\u00fcnstliche Intelligenz spielt anstelle von autoritativen Richtern eine entscheidende Rolle bei:\n  <\/p>\n<ul style=\"margin: 0 0 16px 20px; padding: 0;\">\n<li style=\"margin: 6px 0;\">Hilft dabei, Gedanken und emotionale Signale zu ordnen<\/li>\n<li style=\"margin: 6px 0;\">Strukturierte Reflexion und problemorientierte Anleitung anbieten<\/li>\n<li style=\"margin: 6px 0;\">Die Barrieren beim Zugang zu psychologischer Unterst\u00fctzung abbauen<\/li>\n<\/ul>\n<p style=\"margin: 0 0 16px;\">\n    Alle Inhalte dienen nicht der medizinischen Diagnose und ersetzen keine professionelle Behandlung. Wir empfehlen Ihnen, gegebenenfalls einen Arzt oder Psychotherapeuten zu konsultieren.\n  <\/p>\n<h3 style=\"margin: 22px 0 10px; font-size: 20px;\">\n    Unsere Vision<br \/>\n  <\/h3>\n<p style=\"margin: 0 0 16px;\">\n    Arttao hofft,<strong>Langfristiges Bestehen, stabil und ohne \u00fcberm\u00e4\u00dfige Stimulation<\/strong>Ein psychologischer und k\u00fcnstlerischer Unterst\u00fctzungsraum \u2013 ein Ort, an den man immer wieder zur\u00fcckkehren kann, ohne etwas vorf\u00fchren oder \u00fcber seine Fortschritte berichten zu m\u00fcssen.\n  <\/p>\n<p style=\"margin: 0 0 6px;\">\n    Wenn Sie eine Plattform suchen, die Sie nicht vorschnell definiert oder repariert,\n  <\/p>\n<p style=\"margin: 0 0 6px;\">\n    Vielleicht ist dies also ein Ort, an dem man eine Weile verweilen kann.\n  <\/p>\n<hr style=\"border: none; border-top: 1px solid #e6e6e6; margin: 22px 0;\" \/>\n<p style=\"margin: 0; font-size: 13px; color: #666;\">\n    Haftungsausschluss: Die Inhalte von Arttao.org dienen ausschlie\u00dflich der psychologischen Aufkl\u00e4rung und Selbsthilfe und stellen keine medizinische Beratung oder Diagnose dar. Im Notfall oder bei Suizidgefahr wenden Sie sich bitte umgehend an den Notruf oder eine professionelle Beratungsstelle.\n  <\/p>\n<\/div>","protected":false},"excerpt":{"rendered":"<p>Arttao.org \u662f\u4e00\u4e2a\u4ee5 \u5fc3\u7406\u5065\u5eb7\u3001\u827a\u672f\u7597\u6108\u4e0e\u4eba\u5de5\u667a\u80fd\u8f85\u52a9\u652f\u6301 \u4e3a\u6838\u5fc3\u7684\u7efc\u5408\u6027\u5e73\u53f0\u3002 \u6211\u4eec\u5173\u6ce8\u90a3\u4e9b\u5728\u73b0\u5b9e [&hellip;]<\/p>\n","protected":false},"author":1,"featured_media":0,"parent":0,"menu_order":0,"comment_status":"closed","ping_status":"closed","template":"","meta":{"nf_dc_page":"","om_disable_all_campaigns":false,"_monsterinsights_skip_tracking":false,"_monsterinsights_sitenote_active":false,"_monsterinsights_sitenote_note":"","_monsterinsights_sitenote_category":0,"footnotes":""},"class_list":["post-16363","page","type-page","status-publish","hentry"],"_links":{"self":[{"href":"https:\/\/arttao.org\/de\/wp-json\/wp\/v2\/pages\/16363","targetHints":{"allow":["GET"]}}],"collection":[{"href":"https:\/\/arttao.org\/de\/wp-json\/wp\/v2\/pages"}],"about":[{"href":"https:\/\/arttao.org\/de\/wp-json\/wp\/v2\/types\/page"}],"author":[{"embeddable":true,"href":"https:\/\/arttao.org\/de\/wp-json\/wp\/v2\/users\/1"}],"replies":[{"embeddable":true,"href":"https:\/\/arttao.org\/de\/wp-json\/wp\/v2\/comments?post=16363"}],"version-history":[{"count":1,"href":"https:\/\/arttao.org\/de\/wp-json\/wp\/v2\/pages\/16363\/revisions"}],"predecessor-version":[{"id":16364,"href":"https:\/\/arttao.org\/de\/wp-json\/wp\/v2\/pages\/16363\/revisions\/16364"}],"wp:attachment":[{"href":"https:\/\/arttao.org\/de\/wp-json\/wp\/v2\/media?parent=16363"}],"curies":[{"name":"wp","href":"https:\/\/api.w.org\/{rel}","templated":true}]}}