{"id":491,"date":"2025-03-24T19:09:00","date_gmt":"2025-03-24T19:09:00","guid":{"rendered":"https:\/\/arttao.org\/?page_id=491"},"modified":"2025-11-12T06:48:28","modified_gmt":"2025-11-12T06:48:28","slug":"7-substanz-und-suchtprobleme","status":"publish","type":"page","link":"https:\/\/arttao.org\/de\/%e4%b8%83-%e4%be%9d%e8%b5%96%e4%b8%8e%e6%88%90%e7%98%be%e9%97%ae%e9%a2%98%ef%bc%88substance-and-addiction-issues%ef%bc%89\/","title":{"rendered":"G. Abh\u00e4ngigkeits- und Suchtprobleme - Kurs"},"content":{"rendered":"<p class=\"\"><\/p>\n\n\n\n<p class=\"\">G. <strong>Abh\u00e4ngigkeits- und Suchtprobleme<\/strong><\/p>\n\n\n\n<p class=\"\">&nbsp;&nbsp;<\/p>\n\n\n\n<figure class=\"wp-block-image size-large is-resized\"><img loading=\"lazy\" decoding=\"async\" width=\"1024\" height=\"923\" src=\"https:\/\/arttao.org\/wp-content\/uploads\/2025\/05\/EaI\u00bcIo_601335144_\u00a8\u00b6aOD\u00b5A\u00bfE\u00b0\u00aeA\u00aeo\u00a2\u00b7CAEoO\u00b5EIOA22-1024x923.jpg\" alt=\"\" class=\"wp-image-2962\" style=\"width:60px;height:auto\" srcset=\"https:\/\/arttao.org\/wp-content\/uploads\/2025\/05\/EaI\u00bcIo_601335144_\u00a8\u00b6aOD\u00b5A\u00bfE\u00b0\u00aeA\u00aeo\u00a2\u00b7CAEoO\u00b5EIOA22-1024x923.jpg 1024w, https:\/\/arttao.org\/wp-content\/uploads\/2025\/05\/EaI\u00bcIo_601335144_\u00a8\u00b6aOD\u00b5A\u00bfE\u00b0\u00aeA\u00aeo\u00a2\u00b7CAEoO\u00b5EIOA22-300x270.jpg 300w, https:\/\/arttao.org\/wp-content\/uploads\/2025\/05\/EaI\u00bcIo_601335144_\u00a8\u00b6aOD\u00b5A\u00bfE\u00b0\u00aeA\u00aeo\u00a2\u00b7CAEoO\u00b5EIOA22-768x692.jpg 768w, https:\/\/arttao.org\/wp-content\/uploads\/2025\/05\/EaI\u00bcIo_601335144_\u00a8\u00b6aOD\u00b5A\u00bfE\u00b0\u00aeA\u00aeo\u00a2\u00b7CAEoO\u00b5EIOA22-1536x1384.jpg 1536w, https:\/\/arttao.org\/wp-content\/uploads\/2025\/05\/EaI\u00bcIo_601335144_\u00a8\u00b6aOD\u00b5A\u00bfE\u00b0\u00aeA\u00aeo\u00a2\u00b7CAEoO\u00b5EIOA22-2048x1846.jpg 2048w\" sizes=\"auto, (max-width: 1024px) 100vw, 1024px\" \/><\/figure>\n\n\n\n<p class=\"\"><a href=\"https:\/\/arttao.org\/de\/%e7%ac%ac%e5%9b%9b%e5%8d%81%e4%ba%8c%e8%af%be%ef%bc%9a%e9%85%92%e7%b2%be%e4%bd%bf%e7%94%a8%e9%9a%9c%e7%a2%8d%ef%bc%88%e7%ac%ac1521%ef%bd%9e1540%e8%af%be%ef%bc%89\/\" data-type=\"page\" data-id=\"12674\">Lektion 42:<strong>Alkoholabh\u00e4ngigkeit<\/strong>(Lektionen 1521-1540)<\/a><\/p>\n\n\n\n<p class=\"has-small-font-size\">Alkoholabh\u00e4ngigkeit ist gekennzeichnet durch anhaltenden Alkoholkonsum, Schwierigkeiten beim Entzug und verminderte Selbstkontrolle. Dies erschwert den Entzug trotz der negativen Auswirkungen auf Gesundheit und Lebensqualit\u00e4t. Dieser Kurs analysiert die Mechanismen der Abh\u00e4ngigkeit, ausl\u00f6sende Faktoren und gesellschaftliche Fehlvorstellungen, um zu verstehen, wie Alkohol zu einem Mittel der \u201cSelbstbet\u00e4ubung\u201d wird, und bietet Strategien zur psychologischen Anpassung und zum unterst\u00fctzenden Entzug.<\/p>\n\n\n\n<figure class=\"wp-block-image size-large is-resized\"><img loading=\"lazy\" decoding=\"async\" width=\"1024\" height=\"923\" src=\"https:\/\/arttao.org\/wp-content\/uploads\/2025\/05\/EaI\u00bcIo_601335144_\u00a8\u00b6aOD\u00b5A\u00bfE\u00b0\u00aeA\u00aeo\u00a2\u00b7CAEoO\u00b5EIOA22-1024x923.jpg\" alt=\"\" class=\"wp-image-2962\" style=\"width:59px;height:auto\" srcset=\"https:\/\/arttao.org\/wp-content\/uploads\/2025\/05\/EaI\u00bcIo_601335144_\u00a8\u00b6aOD\u00b5A\u00bfE\u00b0\u00aeA\u00aeo\u00a2\u00b7CAEoO\u00b5EIOA22-1024x923.jpg 1024w, https:\/\/arttao.org\/wp-content\/uploads\/2025\/05\/EaI\u00bcIo_601335144_\u00a8\u00b6aOD\u00b5A\u00bfE\u00b0\u00aeA\u00aeo\u00a2\u00b7CAEoO\u00b5EIOA22-300x270.jpg 300w, https:\/\/arttao.org\/wp-content\/uploads\/2025\/05\/EaI\u00bcIo_601335144_\u00a8\u00b6aOD\u00b5A\u00bfE\u00b0\u00aeA\u00aeo\u00a2\u00b7CAEoO\u00b5EIOA22-768x692.jpg 768w, https:\/\/arttao.org\/wp-content\/uploads\/2025\/05\/EaI\u00bcIo_601335144_\u00a8\u00b6aOD\u00b5A\u00bfE\u00b0\u00aeA\u00aeo\u00a2\u00b7CAEoO\u00b5EIOA22-1536x1384.jpg 1536w, https:\/\/arttao.org\/wp-content\/uploads\/2025\/05\/EaI\u00bcIo_601335144_\u00a8\u00b6aOD\u00b5A\u00bfE\u00b0\u00aeA\u00aeo\u00a2\u00b7CAEoO\u00b5EIOA22-2048x1846.jpg 2048w\" sizes=\"auto, (max-width: 1024px) 100vw, 1024px\" \/><\/figure>\n\n\n\n<p class=\"\"><a href=\"https:\/\/arttao.org\/de\/%e7%ac%ac%e5%9b%9b%e5%8d%81%e4%b8%89%e8%af%be%ef%bc%9a%e7%89%a9%e8%b4%a8%e4%bd%bf%e7%94%a8%e9%9a%9c%e7%a2%8d%ef%bc%88%e7%ac%ac1541%ef%bd%9e1560%e8%af%be%ef%bc%89\/\" data-type=\"page\" data-id=\"12676\">Lektion 43:<strong>Substanzgebrauchsst\u00f6rung \u2013 (z. B. Drogen-, Beruhigungsmittel-) Abh\u00e4ngigkeit<\/strong>(Lektionen 1541-1560)<\/a>\uff09<\/p>\n\n\n\n<p class=\"has-small-font-size\">Dieser Kurs befasst sich mit den psychischen und Verhaltensproblemen, die durch Substanzmissbrauch, einschlie\u00dflich Drogen, verschreibungspflichtiger Medikamente und Beruhigungsmittel, verursacht werden. Substanzkonsumst\u00f6rungen sch\u00e4digen nicht nur den K\u00f6rper, sondern beeintr\u00e4chtigen auch die emotionalen und kognitiven Funktionen massiv. Der Kurs hilft dabei, Suchtzyklen, Ausl\u00f6ser und psychologische Ersatzmechanismen zu erkennen und wird durch Rehabilitationsma\u00dfnahmen und R\u00fcckfallpr\u00e4ventionstraining erg\u00e4nzt.<\/p>\n\n\n\n<figure class=\"wp-block-image size-large is-resized\"><img loading=\"lazy\" decoding=\"async\" width=\"1024\" height=\"923\" src=\"https:\/\/arttao.org\/wp-content\/uploads\/2025\/05\/EaI\u00bcIo_601335144_\u00a8\u00b6aOD\u00b5A\u00bfE\u00b0\u00aeA\u00aeo\u00a2\u00b7CAEoO\u00b5EIOA22-1024x923.jpg\" alt=\"\" class=\"wp-image-2962\" style=\"width:62px;height:auto\" srcset=\"https:\/\/arttao.org\/wp-content\/uploads\/2025\/05\/EaI\u00bcIo_601335144_\u00a8\u00b6aOD\u00b5A\u00bfE\u00b0\u00aeA\u00aeo\u00a2\u00b7CAEoO\u00b5EIOA22-1024x923.jpg 1024w, https:\/\/arttao.org\/wp-content\/uploads\/2025\/05\/EaI\u00bcIo_601335144_\u00a8\u00b6aOD\u00b5A\u00bfE\u00b0\u00aeA\u00aeo\u00a2\u00b7CAEoO\u00b5EIOA22-300x270.jpg 300w, https:\/\/arttao.org\/wp-content\/uploads\/2025\/05\/EaI\u00bcIo_601335144_\u00a8\u00b6aOD\u00b5A\u00bfE\u00b0\u00aeA\u00aeo\u00a2\u00b7CAEoO\u00b5EIOA22-768x692.jpg 768w, https:\/\/arttao.org\/wp-content\/uploads\/2025\/05\/EaI\u00bcIo_601335144_\u00a8\u00b6aOD\u00b5A\u00bfE\u00b0\u00aeA\u00aeo\u00a2\u00b7CAEoO\u00b5EIOA22-1536x1384.jpg 1536w, https:\/\/arttao.org\/wp-content\/uploads\/2025\/05\/EaI\u00bcIo_601335144_\u00a8\u00b6aOD\u00b5A\u00bfE\u00b0\u00aeA\u00aeo\u00a2\u00b7CAEoO\u00b5EIOA22-2048x1846.jpg 2048w\" sizes=\"auto, (max-width: 1024px) 100vw, 1024px\" \/><\/figure>\n\n\n\n<p class=\"\"><a href=\"https:\/\/arttao.org\/de\/%e7%ac%ac%e5%9b%9b%e5%8d%81%e5%9b%9b%e8%af%be%ef%bc%9a%e8%b5%8c%e5%8d%9a%e9%9a%9c%e7%a2%8d%ef%bc%88%e7%ac%ac1561%ef%bd%9e1580%e8%af%be%ef%bc%89\/\" data-type=\"page\" data-id=\"12678\">Lektion 44:<strong>Gl\u00fccksspielsucht<\/strong>(Lektionen 1561-1580)<\/a><\/p>\n\n\n\n<p class=\"has-small-font-size\">Gl\u00fccksspielsucht ist eine nicht-substanzgebundene Abh\u00e4ngigkeit, die durch einen unkontrollierbaren Spieltrieb gekennzeichnet ist, der trotz schwerwiegender wirtschaftlicher, zwischenmenschlicher oder emotionaler Folgen nur schwer zu unterdr\u00fccken ist. Dieser Kurs untersucht St\u00f6rungen der Risikobewertung, die Belohnungsmechanismen des Gehirns und Faktoren der emotionalen Vermeidung und zeigt Wege f\u00fcr kognitive Interventionen, Verhaltensbeschr\u00e4nkungen und unterst\u00fctzende Verhaltens\u00e4nderungen auf.<\/p>\n\n\n\n<figure class=\"wp-block-image size-large is-resized\"><img loading=\"lazy\" decoding=\"async\" width=\"1024\" height=\"923\" src=\"https:\/\/arttao.org\/wp-content\/uploads\/2025\/05\/EaI\u00bcIo_601335144_\u00a8\u00b6aOD\u00b5A\u00bfE\u00b0\u00aeA\u00aeo\u00a2\u00b7CAEoO\u00b5EIOA22-1024x923.jpg\" alt=\"\" class=\"wp-image-2962\" style=\"width:65px;height:auto\" srcset=\"https:\/\/arttao.org\/wp-content\/uploads\/2025\/05\/EaI\u00bcIo_601335144_\u00a8\u00b6aOD\u00b5A\u00bfE\u00b0\u00aeA\u00aeo\u00a2\u00b7CAEoO\u00b5EIOA22-1024x923.jpg 1024w, https:\/\/arttao.org\/wp-content\/uploads\/2025\/05\/EaI\u00bcIo_601335144_\u00a8\u00b6aOD\u00b5A\u00bfE\u00b0\u00aeA\u00aeo\u00a2\u00b7CAEoO\u00b5EIOA22-300x270.jpg 300w, https:\/\/arttao.org\/wp-content\/uploads\/2025\/05\/EaI\u00bcIo_601335144_\u00a8\u00b6aOD\u00b5A\u00bfE\u00b0\u00aeA\u00aeo\u00a2\u00b7CAEoO\u00b5EIOA22-768x692.jpg 768w, https:\/\/arttao.org\/wp-content\/uploads\/2025\/05\/EaI\u00bcIo_601335144_\u00a8\u00b6aOD\u00b5A\u00bfE\u00b0\u00aeA\u00aeo\u00a2\u00b7CAEoO\u00b5EIOA22-1536x1384.jpg 1536w, https:\/\/arttao.org\/wp-content\/uploads\/2025\/05\/EaI\u00bcIo_601335144_\u00a8\u00b6aOD\u00b5A\u00bfE\u00b0\u00aeA\u00aeo\u00a2\u00b7CAEoO\u00b5EIOA22-2048x1846.jpg 2048w\" sizes=\"auto, (max-width: 1024px) 100vw, 1024px\" \/><\/figure>\n\n\n\n<p class=\"\"><a href=\"https:\/\/arttao.org\/de\/%e7%ac%ac%e5%9b%9b%e5%8d%81%e4%ba%94%e8%af%be%ef%bc%9a%e7%bd%91%e7%bb%9c%e6%88%90%e7%98%be%ef%bc%88%e7%ac%ac1581%ef%bd%9e1600%e8%af%be%ef%bc%89\/\" data-type=\"page\" data-id=\"12680\">Lektion 45:<strong>Internetsucht \u2013 Abh\u00e4ngigkeit vom Internet oder von Spielen<\/strong>(Lektionen 1581-1600)<\/a>\u00a0<\/p>\n\n\n\n<p class=\"has-small-font-size\">Internetsucht \u00e4u\u00dfert sich h\u00e4ufig in \u00fcberm\u00e4\u00dfigem Konsum von Spielen, sozialen Medien oder Kurzvideos, mangelnder Selbstkontrolle und Fluchtverhalten und geht oft mit Angstzust\u00e4nden, Konzentrationsschwierigkeiten und Schlafst\u00f6rungen einher. Dieser Kurs analysiert die Wirkungsweise des Internets auf das Belohnungssystem des Gehirns, hilft dabei, einen geregelten Tagesablauf, Selbstdisziplin und ein st\u00e4rkeres Realit\u00e4tsgef\u00fchl wiederzuerlangen und bietet alternative Verhaltensweisen sowie Methoden zur digitalen Entgiftung.<\/p>","protected":false},"excerpt":{"rendered":"<p>G. \u4f9d\u8d56\u4e0e\u6210\u763e\u95ee\u9898 &nbsp;&nbsp; \u7b2c\u56db\u5341\u4e8c\u8bfe\uff1a\u9152\u7cbe\u4f7f\u7528\u969c\u788d\uff08\u7b2c1521\uff5e1540\u8bfe\uff09 \u9152\u7cbe\u4f7f\u7528\u969c [&hellip;]<\/p>\n","protected":false},"author":1,"featured_media":0,"parent":0,"menu_order":0,"comment_status":"closed","ping_status":"closed","template":"","meta":{"nf_dc_page":"","om_disable_all_campaigns":false,"_monsterinsights_skip_tracking":false,"_monsterinsights_sitenote_active":false,"_monsterinsights_sitenote_note":"","_monsterinsights_sitenote_category":0,"footnotes":""},"class_list":["post-491","page","type-page","status-publish","hentry"],"_links":{"self":[{"href":"https:\/\/arttao.org\/de\/wp-json\/wp\/v2\/pages\/491","targetHints":{"allow":["GET"]}}],"collection":[{"href":"https:\/\/arttao.org\/de\/wp-json\/wp\/v2\/pages"}],"about":[{"href":"https:\/\/arttao.org\/de\/wp-json\/wp\/v2\/types\/page"}],"author":[{"embeddable":true,"href":"https:\/\/arttao.org\/de\/wp-json\/wp\/v2\/users\/1"}],"replies":[{"embeddable":true,"href":"https:\/\/arttao.org\/de\/wp-json\/wp\/v2\/comments?post=491"}],"version-history":[{"count":14,"href":"https:\/\/arttao.org\/de\/wp-json\/wp\/v2\/pages\/491\/revisions"}],"predecessor-version":[{"id":12686,"href":"https:\/\/arttao.org\/de\/wp-json\/wp\/v2\/pages\/491\/revisions\/12686"}],"wp:attachment":[{"href":"https:\/\/arttao.org\/de\/wp-json\/wp\/v2\/media?parent=491"}],"curies":[{"name":"wp","href":"https:\/\/api.w.org\/{rel}","templated":true}]}}