{"id":6853,"date":"2025-06-28T05:27:50","date_gmt":"2025-06-28T05:27:50","guid":{"rendered":"https:\/\/arttao.org\/?page_id=6853"},"modified":"2025-07-25T19:15:08","modified_gmt":"2025-07-25T19:15:08","slug":"ein-sokratischer-fragen-und-antworttest-zu-angstbezogenen-fragen","status":"publish","type":"page","link":"https:\/\/arttao.org\/de\/a-%e8%8b%8f%e6%a0%bc%e6%8b%89%e5%ba%95%e9%97%ae%e7%ad%94-%e7%84%a6%e8%99%91%e7%9b%b8%e5%85%b3%e9%97%ae%e9%a2%98%e6%b5%8b%e8%af%95\/","title":{"rendered":"A. Sokratische Fragen und Antworten \u2013 Test zu angstbezogenen Fragen"},"content":{"rendered":"<p class=\"\"><\/p>\n\n\n\n<figure class=\"wp-block-image size-large is-resized\"><img loading=\"lazy\" decoding=\"async\" width=\"1024\" height=\"735\" src=\"https:\/\/arttao.org\/wp-content\/uploads\/2025\/06\/EaI\u00bcIo_601793889_\u00bf\u00a8I\u00a8D\u00a1A\u00aeo\u00a2I\u00b7\u00b4\u00f7\u00a8\u00b6a\u00b7CAEoO\u00b5EIOA-1024x735.jpg\" alt=\"\" class=\"wp-image-7104\" style=\"width:69px;height:auto\" srcset=\"https:\/\/arttao.org\/wp-content\/uploads\/2025\/06\/EaI\u00bcIo_601793889_\u00bf\u00a8I\u00a8D\u00a1A\u00aeo\u00a2I\u00b7\u00b4\u00f7\u00a8\u00b6a\u00b7CAEoO\u00b5EIOA-1024x735.jpg 1024w, https:\/\/arttao.org\/wp-content\/uploads\/2025\/06\/EaI\u00bcIo_601793889_\u00bf\u00a8I\u00a8D\u00a1A\u00aeo\u00a2I\u00b7\u00b4\u00f7\u00a8\u00b6a\u00b7CAEoO\u00b5EIOA-300x215.jpg 300w, https:\/\/arttao.org\/wp-content\/uploads\/2025\/06\/EaI\u00bcIo_601793889_\u00bf\u00a8I\u00a8D\u00a1A\u00aeo\u00a2I\u00b7\u00b4\u00f7\u00a8\u00b6a\u00b7CAEoO\u00b5EIOA-768x551.jpg 768w, https:\/\/arttao.org\/wp-content\/uploads\/2025\/06\/EaI\u00bcIo_601793889_\u00bf\u00a8I\u00a8D\u00a1A\u00aeo\u00a2I\u00b7\u00b4\u00f7\u00a8\u00b6a\u00b7CAEoO\u00b5EIOA-1536x1102.jpg 1536w, https:\/\/arttao.org\/wp-content\/uploads\/2025\/06\/EaI\u00bcIo_601793889_\u00bf\u00a8I\u00a8D\u00a1A\u00aeo\u00a2I\u00b7\u00b4\u00f7\u00a8\u00b6a\u00b7CAEoO\u00b5EIOA-2048x1469.jpg 2048w\" sizes=\"auto, (max-width: 1024px) 100vw, 1024px\" \/><\/figure>\n\n\n\n<p class=\"\">A<a href=\"https:\/\/arttao.org\/de\/a2-%e4%bb%80%e4%b9%88%e6%98%af%e5%bf%83%e7%90%86%e7%84%a6%e8%99%91%e9%97%ae%e9%a2%98%ef%bc%9f\/\">.\u00a0<strong>Was ist psychische Angst?<\/strong><\/a><\/p>\n\n\n\n<p class=\"has-small-font-size\">Es ist entscheidend, vor Beginn eines psychologischen Tests zu verstehen, was Angst eigentlich ist. Viele Menschen gehen mit vagen oder gar missverstandenen Vorstellungen an Angsttests heran und glauben, Angst sei gleichbedeutend mit Verletzlichkeit oder Krankheit. Dies kann zu Abwehrreaktionen, \u00fcberm\u00e4\u00dfiger Unterdr\u00fcckung wahrer Gef\u00fchle und negativen Auswirkungen auf die Aussagekraft des Tests und den anschlie\u00dfenden Heilungsprozess f\u00fchren.<\/p>\n\n\n\n<p class=\"has-small-font-size\">Das Verst\u00e4ndnis der Natur von Angst kann Menschen helfen, stigmatisierte \u00c4ngste abzulegen. Angst ist kein Defekt, sondern eine h\u00e4ufige menschliche Stressreaktion. M\u00e4\u00dfige Angst hat eine Schutzfunktion, doch wenn sie \u00fcberm\u00e4\u00dfig, h\u00e4ufig und anhaltend wird und den Alltag beeintr\u00e4chtigt, kann sie sich zu einem psychischen Problem entwickeln. Daher tr\u00e4gt die Kl\u00e4rung des Unterschieds zwischen \u201cnormaler Angst\u201d und \u201cpathologischer Angst\u201d vor einer Testung dazu bei, das Selbstbewusstsein zu st\u00e4rken und eine objektive Sicht auf den eigenen Zustand zu erm\u00f6glichen, anstatt in Scham oder Verleugnung zu verfallen.<\/p>\n\n\n\n<p class=\"has-small-font-size\">Noch wichtiger ist jedoch, dass wir nur durch das Verst\u00e4ndnis der Mechanismen, die Angstzust\u00e4nden zugrunde liegen (wie kognitive Verzerrungen, Hypervigilanz und Vermeidungsverhalten), Symptome w\u00e4hrend der Testung genauer erkennen und die Grundlage f\u00fcr die anschlie\u00dfende Analyse und Behandlung schaffen k\u00f6nnen. Kurz gesagt: Das Verst\u00e4ndnis der wahren Bedeutung von Angst ist der Ausgangspunkt f\u00fcr eine effektive psychologische Diagnostik und Selbstf\u00fcrsorge.<\/p>\n\n\n\n<p class=\"has-small-font-size\"><\/p>\n\n\n\n<figure class=\"wp-block-image size-large is-resized\"><img loading=\"lazy\" decoding=\"async\" width=\"1024\" height=\"735\" src=\"https:\/\/arttao.org\/wp-content\/uploads\/2025\/06\/EaI\u00bcIo_601793889_\u00bf\u00a8I\u00a8D\u00a1A\u00aeo\u00a2I\u00b7\u00b4\u00f7\u00a8\u00b6a\u00b7CAEoO\u00b5EIOA-1024x735.jpg\" alt=\"\" class=\"wp-image-7104\" style=\"width:68px;height:auto\" srcset=\"https:\/\/arttao.org\/wp-content\/uploads\/2025\/06\/EaI\u00bcIo_601793889_\u00bf\u00a8I\u00a8D\u00a1A\u00aeo\u00a2I\u00b7\u00b4\u00f7\u00a8\u00b6a\u00b7CAEoO\u00b5EIOA-1024x735.jpg 1024w, https:\/\/arttao.org\/wp-content\/uploads\/2025\/06\/EaI\u00bcIo_601793889_\u00bf\u00a8I\u00a8D\u00a1A\u00aeo\u00a2I\u00b7\u00b4\u00f7\u00a8\u00b6a\u00b7CAEoO\u00b5EIOA-300x215.jpg 300w, https:\/\/arttao.org\/wp-content\/uploads\/2025\/06\/EaI\u00bcIo_601793889_\u00bf\u00a8I\u00a8D\u00a1A\u00aeo\u00a2I\u00b7\u00b4\u00f7\u00a8\u00b6a\u00b7CAEoO\u00b5EIOA-768x551.jpg 768w, https:\/\/arttao.org\/wp-content\/uploads\/2025\/06\/EaI\u00bcIo_601793889_\u00bf\u00a8I\u00a8D\u00a1A\u00aeo\u00a2I\u00b7\u00b4\u00f7\u00a8\u00b6a\u00b7CAEoO\u00b5EIOA-1536x1102.jpg 1536w, https:\/\/arttao.org\/wp-content\/uploads\/2025\/06\/EaI\u00bcIo_601793889_\u00bf\u00a8I\u00a8D\u00a1A\u00aeo\u00a2I\u00b7\u00b4\u00f7\u00a8\u00b6a\u00b7CAEoO\u00b5EIOA-2048x1469.jpg 2048w\" sizes=\"auto, (max-width: 1024px) 100vw, 1024px\" \/><\/figure>\n\n\n\n<p class=\"has-medium-font-size\">A.<a style=\"font-weight: bold;\" href=\"https:\/\/arttao.org\/de\/a-%e7%84%a6%e8%99%91%e7%9b%b8%e5%85%b3%e9%97%ae%e9%a2%98\/\"><strong>Fragetest zum Thema Angst<\/strong><\/a><\/p>\n\n\n\n<p class=\"has-small-font-size\">Vor einem psychologischen Test ist es entscheidend zu verstehen, was \u201cPr\u00fcfungsangst\u201d bedeutet. Dies beeinflusst nicht nur die Genauigkeit der Testergebnisse, sondern auch, ob Sie tats\u00e4chlich von dem Test profitieren k\u00f6nnen. Viele Menschen verbinden das Wort \u201cAngst\u201d sofort mit der Frage: \u201cHabe ich eine psychische Erkrankung?\u201d oder \u201cStimmt etwas nicht mit mir?\u201d Dies kann eine Abwehrhaltung hervorrufen und die Authentizit\u00e4t ihrer Antworten beeintr\u00e4chtigen. Tats\u00e4chlich ist Angst eine h\u00e4ufige emotionale Reaktion; sie gilt erst dann als psychische Belastung, wenn sie h\u00e4ufig, \u00fcberm\u00e4\u00dfig oder im Alltag beeintr\u00e4chtigend auftritt.<\/p>\n\n\n\n<p class=\"has-small-font-size\">\u201cDer Test zu \u201dAngstst\u00f6rungen\u201c dient nicht der Kategorisierung, sondern hilft Ihnen, die Art Ihrer Angstst\u00f6rung (z. B. generalisierte Angstst\u00f6rung, soziale Angstst\u00f6rung, spezifische Phobien usw.), ihre zugrunde liegenden Mechanismen (z. B. kognitive Verzerrungen und Vermeidungsverhalten), k\u00f6rperliche Reaktionen (z. B. erh\u00f6hter Puls und Muskelverspannungen) sowie deren emotionale Ausdrucksformen zu erkennen. Dieses Verst\u00e4ndnis erm\u00f6glicht es Ihnen, Ihre Angst strategischer zu bew\u00e4ltigen, anstatt in Panik zu geraten.<\/p>\n\n\n\n<p class=\"has-small-font-size\">Das Verst\u00e4ndnis von Struktur und Zweck des Tests im Vorfeld hilft Ihnen, die \u201cPr\u00fcfungsmentalit\u00e4t\u201d abzulegen und offener und ehrlicher zu antworten. Diese mentale Vorbereitung ist ein entscheidender Schritt zur Verbesserung der Aussagekraft des Tests. Kurz gesagt: Das Verst\u00e4ndnis der Natur von Pr\u00fcfungsangst ist die erste H\u00fcrde auf dem Weg zur Selbsterforschung und -bew\u00e4ltigung.<strong>\u3002<\/strong><\/p>\n\n\n\n<p class=\"\"><\/p>","protected":false},"excerpt":{"rendered":"<p>A.\u00a0\u4ec0\u4e48\u662f\u5fc3\u7406\u7126\u8651\u95ee\u9898\uff1f \u5728\u5fc3\u7406\u6d4b\u8bd5\u5f00\u59cb\u4e4b\u524d\uff0c\u4e86\u89e3\u201c\u4ec0\u4e48\u662f\u5fc3\u7406\u7126\u8651\u95ee\u9898\u201d\u5177\u6709\u975e\u5e38\u91cd\u8981\u7684\u610f\u4e49\u3002\u8bb8\u591a\u4eba\u5728\u9762\u5bf9\u7126\u8651 [&hellip;]<\/p>\n","protected":false},"author":1,"featured_media":0,"parent":0,"menu_order":0,"comment_status":"closed","ping_status":"closed","template":"","meta":{"nf_dc_page":"","om_disable_all_campaigns":false,"_monsterinsights_skip_tracking":false,"_monsterinsights_sitenote_active":false,"_monsterinsights_sitenote_note":"","_monsterinsights_sitenote_category":0,"footnotes":""},"class_list":["post-6853","page","type-page","status-publish","hentry"],"_links":{"self":[{"href":"https:\/\/arttao.org\/de\/wp-json\/wp\/v2\/pages\/6853","targetHints":{"allow":["GET"]}}],"collection":[{"href":"https:\/\/arttao.org\/de\/wp-json\/wp\/v2\/pages"}],"about":[{"href":"https:\/\/arttao.org\/de\/wp-json\/wp\/v2\/types\/page"}],"author":[{"embeddable":true,"href":"https:\/\/arttao.org\/de\/wp-json\/wp\/v2\/users\/1"}],"replies":[{"embeddable":true,"href":"https:\/\/arttao.org\/de\/wp-json\/wp\/v2\/comments?post=6853"}],"version-history":[{"count":10,"href":"https:\/\/arttao.org\/de\/wp-json\/wp\/v2\/pages\/6853\/revisions"}],"predecessor-version":[{"id":8184,"href":"https:\/\/arttao.org\/de\/wp-json\/wp\/v2\/pages\/6853\/revisions\/8184"}],"wp:attachment":[{"href":"https:\/\/arttao.org\/de\/wp-json\/wp\/v2\/media?parent=6853"}],"curies":[{"name":"wp","href":"https:\/\/api.w.org\/{rel}","templated":true}]}}