{"id":6864,"date":"2025-06-28T06:05:33","date_gmt":"2025-06-28T06:05:33","guid":{"rendered":"https:\/\/arttao.org\/?page_id=6864"},"modified":"2025-07-25T19:16:17","modified_gmt":"2025-07-25T19:16:17","slug":"b-sokratischer-fragen-und-antworttest-zu-depressionsbezogenen-themen","status":"publish","type":"page","link":"https:\/\/arttao.org\/de\/b-%e8%8b%8f%e6%a0%bc%e6%8b%89%e5%ba%95%e9%97%ae%e7%ad%94-%e6%8a%91%e9%83%81%e7%9b%b8%e5%85%b3%e9%97%ae%e9%a2%98%e6%b5%8b%e8%af%95\/","title":{"rendered":"B. Sokratische Fragen \u2013 Test zu Fragen im Zusammenhang mit Depressionen"},"content":{"rendered":"<p class=\"\"><\/p>\n\n\n\n<figure class=\"wp-block-image size-large is-resized\"><img loading=\"lazy\" decoding=\"async\" width=\"927\" height=\"1024\" src=\"https:\/\/arttao.org\/wp-content\/uploads\/2025\/05\/EaI\u00bcIo_601794473_\u00a8\u00b7\u00a2EUA\u00aeD\u00a4In\u00b7CAEoO\u00b5EIOA2-927x1024.jpg\" alt=\"\" class=\"wp-image-3663\" style=\"width:56px;height:auto\" srcset=\"https:\/\/arttao.org\/wp-content\/uploads\/2025\/05\/EaI\u00bcIo_601794473_\u00a8\u00b7\u00a2EUA\u00aeD\u00a4In\u00b7CAEoO\u00b5EIOA2-927x1024.jpg 927w, https:\/\/arttao.org\/wp-content\/uploads\/2025\/05\/EaI\u00bcIo_601794473_\u00a8\u00b7\u00a2EUA\u00aeD\u00a4In\u00b7CAEoO\u00b5EIOA2-272x300.jpg 272w, https:\/\/arttao.org\/wp-content\/uploads\/2025\/05\/EaI\u00bcIo_601794473_\u00a8\u00b7\u00a2EUA\u00aeD\u00a4In\u00b7CAEoO\u00b5EIOA2-768x848.jpg 768w, https:\/\/arttao.org\/wp-content\/uploads\/2025\/05\/EaI\u00bcIo_601794473_\u00a8\u00b7\u00a2EUA\u00aeD\u00a4In\u00b7CAEoO\u00b5EIOA2-1391x1536.jpg 1391w, https:\/\/arttao.org\/wp-content\/uploads\/2025\/05\/EaI\u00bcIo_601794473_\u00a8\u00b7\u00a2EUA\u00aeD\u00a4In\u00b7CAEoO\u00b5EIOA2-1855x2048.jpg 1855w\" sizes=\"auto, (max-width: 927px) 100vw, 927px\" \/><\/figure>\n\n\n\n<p class=\"\"><a href=\"https:\/\/arttao.org\/de\/b-%e4%bb%80%e4%b9%88%e6%98%af%e6%8a%91%e9%83%81%e7%9b%b8%e5%85%b3%e9%97%ae%e9%a2%98%ef%bc%9f\/\" data-type=\"page\" data-id=\"6936\">B. <strong>Welche Probleme fallen in den Bereich der Depression?<\/strong><\/a><\/p>\n\n\n\n<p class=\"has-small-font-size\">Vor einem psychologischen Test ist es entscheidend zu verstehen, was depressionsbedingte Probleme sind. Viele Menschen missverstehen Depressionen als blo\u00df vor\u00fcbergehende Traurigkeit oder gedr\u00fcckte Stimmung; depressive St\u00f6rungen sind jedoch weitaus komplexer. Sie k\u00f6nnen sich in anhaltendem Pessimismus, Interessenverlust, Antriebslosigkeit, Hoffnungslosigkeit und sogar in Schlafst\u00f6rungen, Appetitver\u00e4nderungen und Selbstabwertung \u00e4u\u00dfern. Ohne dieses Verst\u00e4ndnis \u00fcbersehen Testteilnehmer oft ihre eigenen Probleme oder schreiben sie Stress, Ersch\u00f6pfung oder Pers\u00f6nlichkeitsproblemen zu und verpassen so die Chance auf eine korrekte Diagnose und die Suche nach Hilfe.<\/p>\n\n\n\n<p class=\"has-small-font-size\">Dar\u00fcber hinaus unterscheiden sich verschiedene Depressionsformen, wie beispielsweise schwere depressive St\u00f6rungen, anhaltende Depressionen, saisonale affektive St\u00f6rungen und Wochenbettdepressionen, in ihren Auspr\u00e4gungen und Beeintr\u00e4chtigungen. Ohne ein grundlegendes Verst\u00e4ndnis dieser Formen bleiben Testergebnisse leicht oberfl\u00e4chlich und decken die wahren Ursachen nicht auf. Noch wichtiger ist jedoch, dass das Verst\u00e4ndnis, Depression sei keine Schw\u00e4che oder ein Versagen, sondern ein psychischer Zustand, der erkannt, mit dem man sich auseinandersetzen und den man behandeln kann, Betroffenen hilft, w\u00e4hrend des Testprozesses eine offenere und akzeptierendere Haltung einzunehmen.<\/p>\n\n\n\n<p class=\"has-small-font-size\">Daher verbessert eine Wissensvorbereitung vor der Pr\u00fcfung nicht nur die Genauigkeit der Beurteilung, sondern f\u00f6rdert auch das Verst\u00e4ndnis der eigenen psychologischen Ph\u00e4nomene und erm\u00f6glicht so eine bewusstere und wirkungsvollere psychologische Auseinandersetzung.<\/p>\n\n\n\n<p class=\"has-small-font-size\"><\/p>\n\n\n\n<figure class=\"wp-block-image size-large is-resized\"><img loading=\"lazy\" decoding=\"async\" width=\"927\" height=\"1024\" src=\"https:\/\/arttao.org\/wp-content\/uploads\/2025\/05\/EaI\u00bcIo_601794473_\u00a8\u00b7\u00a2EUA\u00aeD\u00a4In\u00b7CAEoO\u00b5EIOA2-927x1024.jpg\" alt=\"\" class=\"wp-image-3663\" style=\"width:55px;height:auto\" srcset=\"https:\/\/arttao.org\/wp-content\/uploads\/2025\/05\/EaI\u00bcIo_601794473_\u00a8\u00b7\u00a2EUA\u00aeD\u00a4In\u00b7CAEoO\u00b5EIOA2-927x1024.jpg 927w, https:\/\/arttao.org\/wp-content\/uploads\/2025\/05\/EaI\u00bcIo_601794473_\u00a8\u00b7\u00a2EUA\u00aeD\u00a4In\u00b7CAEoO\u00b5EIOA2-272x300.jpg 272w, https:\/\/arttao.org\/wp-content\/uploads\/2025\/05\/EaI\u00bcIo_601794473_\u00a8\u00b7\u00a2EUA\u00aeD\u00a4In\u00b7CAEoO\u00b5EIOA2-768x848.jpg 768w, https:\/\/arttao.org\/wp-content\/uploads\/2025\/05\/EaI\u00bcIo_601794473_\u00a8\u00b7\u00a2EUA\u00aeD\u00a4In\u00b7CAEoO\u00b5EIOA2-1391x1536.jpg 1391w, https:\/\/arttao.org\/wp-content\/uploads\/2025\/05\/EaI\u00bcIo_601794473_\u00a8\u00b7\u00a2EUA\u00aeD\u00a4In\u00b7CAEoO\u00b5EIOA2-1855x2048.jpg 1855w\" sizes=\"auto, (max-width: 927px) 100vw, 927px\" \/><\/figure>\n\n\n\n<p class=\"\"><a href=\"https:\/\/arttao.org\/de\/%e4%ba%8c-%e6%8a%91%e9%83%81%e7%9b%b8%e5%85%b3%e9%97%ae%e9%a2%98-2\/\" data-type=\"page\" data-id=\"1476\">B. <strong>Tests zu Fragen im Zusammenhang mit Depressionen <\/strong><\/a><\/p>\n\n\n\n<p class=\"has-small-font-size\">Depression ist eine psychische Erkrankung, die durch anhaltende Niedergeschlagenheit gekennzeichnet ist. H\u00e4ufige Symptome sind anhaltende Traurigkeit, Interessenverlust, Selbstabwertung, M\u00fcdigkeit, Konzentrationsschwierigkeiten und sogar Hoffnungslosigkeit und Suizidgedanken. Schwere F\u00e4lle k\u00f6nnen zudem mit Appetit- oder Gewichtsver\u00e4nderungen, Schlafst\u00f6rungen, emotionaler Taubheit und k\u00f6rperlichen Schmerzen einhergehen. Depression ist keine vor\u00fcbergehende Niedergeschlagenheit, sondern ein psychischer Zustand, der l\u00e4nger als zwei Wochen andauert und die Funktionsf\u00e4higkeit erheblich beeintr\u00e4chtigt. Sie kann genetische Veranlagung, traumatische Erlebnisse, soziale Isolation oder anhaltenden Stress als Ursache haben. Langfristige Depression kann au\u00dferdem zu einem R\u00fcckgang der sozialen Teilhabe, zwischenmenschlicher Entfremdung und einem Verlust des Lebenssinns f\u00fchren. Ein rechtzeitiger Umgang mit Gef\u00fchlen und professionelle Hilfe sind daher entscheidend.<\/p>\n\n\n\n<p class=\"\"><\/p>","protected":false},"excerpt":{"rendered":"<p>B. \u4ec0\u4e48\u662f\u6291\u90c1\u76f8\u5173\u95ee\u9898\uff1f \u5728\u5fc3\u7406\u6d4b\u8bd5\u524d\uff0c\u7406\u89e3\u201c\u4ec0\u4e48\u662f\u6291\u90c1\u76f8\u5173\u95ee\u9898\u201d\u5177\u6709\u5173\u952e\u610f\u4e49\u3002\u5f88\u591a\u4eba\u5c06\u6291\u90c1\u8bef\u89e3\u4e3a\u4e00\u65f6\u7684\u4e0d\u5f00 [&hellip;]<\/p>\n","protected":false},"author":1,"featured_media":0,"parent":0,"menu_order":0,"comment_status":"closed","ping_status":"closed","template":"","meta":{"nf_dc_page":"","om_disable_all_campaigns":false,"_monsterinsights_skip_tracking":false,"_monsterinsights_sitenote_active":false,"_monsterinsights_sitenote_note":"","_monsterinsights_sitenote_category":0,"footnotes":""},"class_list":["post-6864","page","type-page","status-publish","hentry"],"_links":{"self":[{"href":"https:\/\/arttao.org\/de\/wp-json\/wp\/v2\/pages\/6864","targetHints":{"allow":["GET"]}}],"collection":[{"href":"https:\/\/arttao.org\/de\/wp-json\/wp\/v2\/pages"}],"about":[{"href":"https:\/\/arttao.org\/de\/wp-json\/wp\/v2\/types\/page"}],"author":[{"embeddable":true,"href":"https:\/\/arttao.org\/de\/wp-json\/wp\/v2\/users\/1"}],"replies":[{"embeddable":true,"href":"https:\/\/arttao.org\/de\/wp-json\/wp\/v2\/comments?post=6864"}],"version-history":[{"count":6,"href":"https:\/\/arttao.org\/de\/wp-json\/wp\/v2\/pages\/6864\/revisions"}],"predecessor-version":[{"id":8185,"href":"https:\/\/arttao.org\/de\/wp-json\/wp\/v2\/pages\/6864\/revisions\/8185"}],"wp:attachment":[{"href":"https:\/\/arttao.org\/de\/wp-json\/wp\/v2\/media?parent=6864"}],"curies":[{"name":"wp","href":"https:\/\/api.w.org\/{rel}","templated":true}]}}