{"id":6866,"date":"2025-06-28T06:19:19","date_gmt":"2025-06-28T06:19:19","guid":{"rendered":"https:\/\/arttao.org\/?page_id=6866"},"modified":"2025-10-18T06:32:36","modified_gmt":"2025-10-18T06:32:36","slug":"c-sokratischer-zwang-und-impulsproblem-test","status":"publish","type":"page","link":"https:\/\/arttao.org\/de\/c-%e8%8b%8f%e6%a0%bc%e6%8b%89%e5%ba%95-%e5%bc%ba%e8%bf%ab%e4%b8%8e%e5%86%b2%e5%8a%a8%e9%97%ae%e9%a2%98%e6%b5%8b%e8%af%95\/","title":{"rendered":"C. Sokrates \u2013 Test zum Thema Zwang und Impuls"},"content":{"rendered":"<p class=\"\"><\/p>\n\n\n\n<figure class=\"wp-block-image size-large is-resized\"><img loading=\"lazy\" decoding=\"async\" width=\"927\" height=\"1024\" src=\"https:\/\/arttao.org\/wp-content\/uploads\/2025\/05\/EaI\u00bcIo_601830467_\u00b4\u00f7\u00a8\u00b5A\u00bfE\u00b0\u00ae\u00bf\u00a8I\u00a8A\u00aeo\u00a2D\u00a4In\u00b7CAEoO\u00b5EIOA2-927x1024.jpg\" alt=\"\" class=\"wp-image-3665\" style=\"width:58px;height:auto\" srcset=\"https:\/\/arttao.org\/wp-content\/uploads\/2025\/05\/EaI\u00bcIo_601830467_\u00b4\u00f7\u00a8\u00b5A\u00bfE\u00b0\u00ae\u00bf\u00a8I\u00a8A\u00aeo\u00a2D\u00a4In\u00b7CAEoO\u00b5EIOA2-927x1024.jpg 927w, https:\/\/arttao.org\/wp-content\/uploads\/2025\/05\/EaI\u00bcIo_601830467_\u00b4\u00f7\u00a8\u00b5A\u00bfE\u00b0\u00ae\u00bf\u00a8I\u00a8A\u00aeo\u00a2D\u00a4In\u00b7CAEoO\u00b5EIOA2-272x300.jpg 272w, https:\/\/arttao.org\/wp-content\/uploads\/2025\/05\/EaI\u00bcIo_601830467_\u00b4\u00f7\u00a8\u00b5A\u00bfE\u00b0\u00ae\u00bf\u00a8I\u00a8A\u00aeo\u00a2D\u00a4In\u00b7CAEoO\u00b5EIOA2-768x848.jpg 768w, https:\/\/arttao.org\/wp-content\/uploads\/2025\/05\/EaI\u00bcIo_601830467_\u00b4\u00f7\u00a8\u00b5A\u00bfE\u00b0\u00ae\u00bf\u00a8I\u00a8A\u00aeo\u00a2D\u00a4In\u00b7CAEoO\u00b5EIOA2-1391x1536.jpg 1391w, https:\/\/arttao.org\/wp-content\/uploads\/2025\/05\/EaI\u00bcIo_601830467_\u00b4\u00f7\u00a8\u00b5A\u00bfE\u00b0\u00ae\u00bf\u00a8I\u00a8A\u00aeo\u00a2D\u00a4In\u00b7CAEoO\u00b5EIOA2-1854x2048.jpg 1854w\" sizes=\"auto, (max-width: 927px) 100vw, 927px\" \/><\/figure>\n\n\n\n<p class=\"\"><a href=\"https:\/\/arttao.org\/de\/c1-%e4%bb%80%e4%b9%88%e6%98%af%e5%bc%ba%e8%bf%ab%e4%b8%8e%e5%86%b2%e5%8a%a8%e9%97%ae%e9%a2%98%ef%bc%9f\/\" data-type=\"page\" data-id=\"7274\">C.<strong> Was sind Zwangsst\u00f6rungen und Impulskontrollst\u00f6rungen?<\/strong><\/a><\/p>\n\n\n\n<p class=\"has-small-font-size\">Vor einer psychologischen Testung ist ein umfassendes Verst\u00e4ndnis von Zwangsst\u00f6rungen und Impulskontrollproblemen entscheidend f\u00fcr aussagekr\u00e4ftige und effektive Diagnoseergebnisse. Zwangsst\u00f6rungen und Impulskontrollprobleme sind nicht einfach eine Frage der Pers\u00f6nlichkeit oder mangelnder Selbstkontrolle, sondern wurzeln in einem Ungleichgewicht psychischer Mechanismen, die mit Angst, Verdr\u00e4ngung und Kontroll\u00fcberzeugung zusammenh\u00e4ngen. Zwanghafte Verhaltensweisen (wie wiederholtes H\u00e4ndewaschen oder st\u00e4ndiges Kontrollieren von T\u00fcrschl\u00f6ssern) dienen beispielsweise oft dazu, unertr\u00e4gliche Angst zu lindern, w\u00e4hrend impulsive Verhaltensweisen (wie pl\u00f6tzliche Wutausbr\u00fcche, impulsives Einkaufen oder Haare ausrei\u00dfen) eine kurzfristige Entlastung von innerer Anspannung oder Leere darstellen. Werden diese Ph\u00e4nomene nicht erkannt, missverstehen viele Menschen sie leicht als \u201cEigenheiten\u201d, \u201cFaulheit\u201d oder \u201cDisziplinlosigkeit\u201d und ignorieren so ihre psychologischen Ursachen.<\/p>\n\n\n\n<p class=\"has-small-font-size\">Werden Tests durchgef\u00fchrt, ohne die Natur dieser Probleme zu verstehen, kann dies dazu f\u00fchren, dass die Befragten das Ausma\u00df ihrer Belastung untersch\u00e4tzen oder ihr Verhalten bewusst verbergen. Dies f\u00fchrt zu verzerrten Testergebnissen und beeintr\u00e4chtigt nachfolgende Beurteilungen und Therapieans\u00e4tze. Werden die zugrunde liegenden Mechanismen dieser Probleme hingegen vor dem Test verstanden, k\u00f6nnen die Betroffenen ihre Verhaltensweisen und Gedanken offener angehen, die Fragen genauer beantworten und die Validit\u00e4t der Beurteilung verbessern.<\/p>\n\n\n\n<p class=\"has-small-font-size\">Das Verst\u00e4ndnis der Natur von \u201cZwangs- und Impulsverhalten\u201d ist eine wichtige Vorbereitung auf Tests und der erste Schritt zu psychischer Heilung und Selbsterkenntnis. Es ist ein entscheidender Schritt, um Ihnen zu helfen, \u201cunsagbare Erfahrungen\u201d in \u201cverst\u00e4ndliche Probleme\u201d zu verwandeln.<\/p>\n\n\n\n<p class=\"has-small-font-size\"><\/p>\n\n\n\n<figure class=\"wp-block-image size-large is-resized\"><img loading=\"lazy\" decoding=\"async\" width=\"927\" height=\"1024\" src=\"https:\/\/arttao.org\/wp-content\/uploads\/2025\/05\/EaI\u00bcIo_601830467_\u00b4\u00f7\u00a8\u00b5A\u00bfE\u00b0\u00ae\u00bf\u00a8I\u00a8A\u00aeo\u00a2D\u00a4In\u00b7CAEoO\u00b5EIOA2-927x1024.jpg\" alt=\"\" class=\"wp-image-3665\" style=\"width:55px;height:auto\" srcset=\"https:\/\/arttao.org\/wp-content\/uploads\/2025\/05\/EaI\u00bcIo_601830467_\u00b4\u00f7\u00a8\u00b5A\u00bfE\u00b0\u00ae\u00bf\u00a8I\u00a8A\u00aeo\u00a2D\u00a4In\u00b7CAEoO\u00b5EIOA2-927x1024.jpg 927w, https:\/\/arttao.org\/wp-content\/uploads\/2025\/05\/EaI\u00bcIo_601830467_\u00b4\u00f7\u00a8\u00b5A\u00bfE\u00b0\u00ae\u00bf\u00a8I\u00a8A\u00aeo\u00a2D\u00a4In\u00b7CAEoO\u00b5EIOA2-272x300.jpg 272w, https:\/\/arttao.org\/wp-content\/uploads\/2025\/05\/EaI\u00bcIo_601830467_\u00b4\u00f7\u00a8\u00b5A\u00bfE\u00b0\u00ae\u00bf\u00a8I\u00a8A\u00aeo\u00a2D\u00a4In\u00b7CAEoO\u00b5EIOA2-768x848.jpg 768w, https:\/\/arttao.org\/wp-content\/uploads\/2025\/05\/EaI\u00bcIo_601830467_\u00b4\u00f7\u00a8\u00b5A\u00bfE\u00b0\u00ae\u00bf\u00a8I\u00a8A\u00aeo\u00a2D\u00a4In\u00b7CAEoO\u00b5EIOA2-1391x1536.jpg 1391w, https:\/\/arttao.org\/wp-content\/uploads\/2025\/05\/EaI\u00bcIo_601830467_\u00b4\u00f7\u00a8\u00b5A\u00bfE\u00b0\u00ae\u00bf\u00a8I\u00a8A\u00aeo\u00a2D\u00a4In\u00b7CAEoO\u00b5EIOA2-1854x2048.jpg 1854w\" sizes=\"auto, (max-width: 927px) 100vw, 927px\" \/><\/figure>\n\n\n\n<p class=\"\"><a href=\"https:\/\/arttao.org\/de\/%e4%b8%89-%e5%bc%ba%e8%bf%ab%e4%b8%8e%e5%86%b2%e5%8a%a8%e9%97%ae%e9%a2%98\/\" data-type=\"page\" data-id=\"1480\">C. <strong>Test f\u00fcr Zwangs- und Impulsivit\u00e4tsprobleme <\/strong><\/a><\/p>\n\n\n\n<p class=\"has-small-font-size\">Vor einem psychologischen Test ist es wichtig zu verstehen, was Zw\u00e4nge und Impulsivit\u00e4t sind. Zw\u00e4nge und Impulsivit\u00e4t sind keine blo\u00dfen schlechten Angewohnheiten oder Pers\u00f6nlichkeitsm\u00e4ngel, sondern Ausdruck innerer Konflikte, die eng mit psychischem Stress zusammenh\u00e4ngen. Zwanghafte Probleme \u00e4u\u00dfern sich oft in wiederkehrenden, unkontrollierbaren Gedanken (wie Zweifel und Sorgen) und Verhaltensweisen (wie st\u00e4ndiges H\u00e4ndewaschen oder wiederholtes Kontrollieren), hinter denen meist tiefsitzende \u00c4ngste und Bef\u00fcrchtungen verborgen liegen. Impulsivit\u00e4t hingegen zeigt sich in unkontrollierbaren Verhaltensimpulsen wie pl\u00f6tzlichen Wutausbr\u00fcchen, exzessivem Einkaufen, Haare ausrei\u00dfen oder N\u00e4gelkauen; dies sind oft automatische Reaktionen, die kurzfristig auftreten, um emotionale Spannungen abzubauen.<\/p>\n\n\n\n<p class=\"has-small-font-size\">Ohne ein fundiertes Verst\u00e4ndnis dieser Symptome vor dem Test k\u00f6nnten Betroffene sie f\u00e4lschlicherweise als harmlose Beschwerden oder Pers\u00f6nlichkeitsprobleme einstufen und so den Schweregrad des Problems untersch\u00e4tzen. Dies kann dazu f\u00fchren, dass sie w\u00e4hrend des Tests nicht wahrheitsgem\u00e4\u00df antworten oder ihn bewusst vermeiden. Ein besseres Verst\u00e4ndnis dieser Zusammenh\u00e4nge hilft Betroffenen, ihre Erfahrungen ehrlicher und genauer auszudr\u00fccken. Dadurch werden psychologische Tests aussagekr\u00e4ftiger und bilden eine authentischere Grundlage f\u00fcr nachfolgende psychologische Interventionen und Verbesserungen. Bei psychologischen Tests geht es nicht darum, \u201cfestzustellen, ob man krank ist\u201d, sondern vielmehr darum, die eigenen inneren Konflikte und emotionalen Muster besser zu verstehen. Die Kenntnis dieser psychologischen Mechanismen im Vorfeld hilft, dem Testprozess mit einer offenen und akzeptierenden Haltung zu begegnen.<\/p>","protected":false},"excerpt":{"rendered":"<p>C. \u4ec0\u4e48\u662f\u5f3a\u8feb\u4e0e\u51b2\u52a8\u95ee\u9898\uff1f \u5728\u8fdb\u884c\u5fc3\u7406\u6d4b\u8bd5\u524d\uff0c\u6df1\u5165\u4e86\u89e3\u4ec0\u4e48\u662f\u201c\u5f3a\u8feb\u4e0e\u51b2\u52a8\u95ee\u9898\u201d\uff0c\u5bf9\u4e8e\u83b7\u5f97\u771f\u5b9e\u3001\u6709\u6548\u7684\u8bc4\u4f30\u7ed3\u679c [&hellip;]<\/p>\n","protected":false},"author":1,"featured_media":0,"parent":0,"menu_order":0,"comment_status":"closed","ping_status":"closed","template":"","meta":{"nf_dc_page":"","om_disable_all_campaigns":false,"_monsterinsights_skip_tracking":false,"_monsterinsights_sitenote_active":false,"_monsterinsights_sitenote_note":"","_monsterinsights_sitenote_category":0,"footnotes":""},"class_list":["post-6866","page","type-page","status-publish","hentry"],"_links":{"self":[{"href":"https:\/\/arttao.org\/de\/wp-json\/wp\/v2\/pages\/6866","targetHints":{"allow":["GET"]}}],"collection":[{"href":"https:\/\/arttao.org\/de\/wp-json\/wp\/v2\/pages"}],"about":[{"href":"https:\/\/arttao.org\/de\/wp-json\/wp\/v2\/types\/page"}],"author":[{"embeddable":true,"href":"https:\/\/arttao.org\/de\/wp-json\/wp\/v2\/users\/1"}],"replies":[{"embeddable":true,"href":"https:\/\/arttao.org\/de\/wp-json\/wp\/v2\/comments?post=6866"}],"version-history":[{"count":11,"href":"https:\/\/arttao.org\/de\/wp-json\/wp\/v2\/pages\/6866\/revisions"}],"predecessor-version":[{"id":11288,"href":"https:\/\/arttao.org\/de\/wp-json\/wp\/v2\/pages\/6866\/revisions\/11288"}],"wp:attachment":[{"href":"https:\/\/arttao.org\/de\/wp-json\/wp\/v2\/media?parent=6866"}],"curies":[{"name":"wp","href":"https:\/\/api.w.org\/{rel}","templated":true}]}}