{"id":7385,"date":"2025-07-01T01:25:42","date_gmt":"2025-07-01T01:25:42","guid":{"rendered":"https:\/\/arttao.org\/?page_id=7385"},"modified":"2025-10-28T20:23:12","modified_gmt":"2025-10-28T20:23:12","slug":"ag-psychologische-heilung","status":"publish","type":"page","link":"https:\/\/arttao.org\/de\/a-g-%e5%bf%83%e7%90%86%e7%96%97%e6%84%88\/","title":{"rendered":"AG. Psychologische Heilung"},"content":{"rendered":"<section class=\"arttao-healing-path is-layout-flow wp-block-group-is-layout-flow\">\n\n  \n  <div style=\"height:40px\" aria-hidden=\"true\" class=\"wp-block-spacer\"><\/div>\n  \n\n  <!-- ===== A. \u7126\u8651\u76f8\u5173\u95ee\u9898 ===== -->\n  \n  <figure class=\"wp-block-image size-large is-resized\">\n    <img loading=\"lazy\" decoding=\"async\" width=\"1024\" height=\"723\" src=\"https:\/\/arttao.org\/wp-content\/uploads\/2025\/07\/EaI\u00bcIo_601794472_AAAo\u00b5A\u00a8\u00b6aoIEUA\u00ae\u00b7CAEoO\u00b5EIOA1-1024x723.jpg\"\n         alt=\"Angstbezogene Probleme\" class=\"wp-image-7386\"\n         style=\"width:71px;height:auto\" srcset=\"https:\/\/arttao.org\/wp-content\/uploads\/2025\/07\/EaI\u00bcIo_601794472_AAAo\u00b5A\u00a8\u00b6aoIEUA\u00ae\u00b7CAEoO\u00b5EIOA1-1024x723.jpg 1024w, https:\/\/arttao.org\/wp-content\/uploads\/2025\/07\/EaI\u00bcIo_601794472_AAAo\u00b5A\u00a8\u00b6aoIEUA\u00ae\u00b7CAEoO\u00b5EIOA1-300x212.jpg 300w, https:\/\/arttao.org\/wp-content\/uploads\/2025\/07\/EaI\u00bcIo_601794472_AAAo\u00b5A\u00a8\u00b6aoIEUA\u00ae\u00b7CAEoO\u00b5EIOA1-768x542.jpg 768w, https:\/\/arttao.org\/wp-content\/uploads\/2025\/07\/EaI\u00bcIo_601794472_AAAo\u00b5A\u00a8\u00b6aoIEUA\u00ae\u00b7CAEoO\u00b5EIOA1-1536x1085.jpg 1536w, https:\/\/arttao.org\/wp-content\/uploads\/2025\/07\/EaI\u00bcIo_601794472_AAAo\u00b5A\u00a8\u00b6aoIEUA\u00ae\u00b7CAEoO\u00b5EIOA1-2048x1446.jpg 2048w\" sizes=\"auto, (max-width: 1024px) 100vw, 1024px\" \/>\n  <\/figure>\n  \n\n  \n  <p>\n    <a href=\"https:\/\/arttao.org\/de\/%e4%b8%80-%e7%84%a6%e8%99%91%e7%9b%b8%e5%85%b3%e9%97%ae%e9%a2%98%ef%bc%88anxiety-related-issues%ef%bc%89-2\/\">\n      <strong>A. Kurse zu Angstst\u00f6rungen<\/strong>\n    <\/a>\n  <\/p>\n  \n\n  \n  <p class=\"has-small-font-size\">\n    Angst ist ein h\u00e4ufiges, aber oft \u00fcbersehenes psychisches Problem, das sich in anhaltender Sorge, Selbstreflexion oder dem Gef\u00fchl, die Zukunft nicht kontrollieren zu k\u00f6nnen, \u00e4u\u00dfern kann. Dieser Kurs hilft den Teilnehmenden, typische Angstst\u00f6rungen wie generalisierte Angstst\u00f6rung, soziale Phobie, Panikattacken und spezifische Phobien zu erkennen, die psychischen und physischen Auswirkungen von Angst zu verstehen und ein Gef\u00fchl von Sicherheit und innerer Ausgeglichenheit wiederzuerlangen.\n  <\/p>\n  \n\n  <!-- ===== B. \u6291\u90c1\u76f8\u5173\u95ee\u9898 ===== -->\n  <figure class=\"wp-block-image size-large is-resized\">\n    <img decoding=\"async\" src=\"https:\/\/arttao.org\/wp-content\/uploads\/2025\/06\/EaI\u00bcIo_601793889_\u00bf\u00a8I\u00a8D\u00a1A\u00aeo\u00a2I\u00b7\u00b4\u00f7\u00a8\u00b6a\u00b7CAEoO\u00b5EIOA-1024x735.jpg\"\n         alt=\"Probleme im Zusammenhang mit Depressionen\"\n         style=\"width:71px;height:auto\"\/>\n  <\/figure>\n\n  <p>\n    <a href=\"https:\/\/arttao.org\/de\/%e4%ba%8c-%e6%8a%91%e9%83%81%e7%9b%b8%e5%85%b3%e9%97%ae%e9%a2%98\/\">\n      <strong>B. Kurse zu depressionsbezogenen Themen<\/strong>\n    <\/a>\n  <\/p>\n\n  <p class=\"has-small-font-size\">\n    Depression ist nicht nur gedr\u00fcckte Stimmung, sondern auch ein Mangel an psychischer Energie. Diese Einheit behandelt verschiedene Formen wie die schwere depressive St\u00f6rung, die anhaltende Depression und die Wochenbettdepression, analysiert die kognitiven und emotionalen Mechanismen und hilft Ihnen, fr\u00fche Warnzeichen zu erkennen, um Ihre innere Vitalit\u00e4t und Ihren Lebenssinn wiederzuerlangen.\n  <\/p>\n\n  <!-- ===== C. \u5f3a\u8feb\u4e0e\u51b2\u52a8 ===== -->\n  <figure class=\"wp-block-image size-large is-resized\">\n    <img decoding=\"async\" src=\"https:\/\/arttao.org\/wp-content\/uploads\/2025\/06\/EaI\u00bcIo_601793890_\u00bf\u00a8I\u00a8D\u00a1A\u00aeo\u00a2\u00b2a_\u00b7CAEoO\u00b5EIOA1-1024x770.jpg\"\n         alt=\"Zwang und Impuls\"\n         style=\"width:74px;height:auto\"\/>\n  <\/figure>\n\n  <p>\n    <a href=\"https:\/\/arttao.org\/de\/%e5%bc%ba%e8%bf%ab%e4%b8%8e%e5%86%b2%e5%8a%a8%e9%97%ae%e9%a2%98%ef%bc%88obsessive-compulsive-and-impulse-issues%ef%bc%89\/\">\n      <strong>C. Kurs zu Zwangsst\u00f6rungen und Impulsivit\u00e4t<\/strong>\n    <\/a>\n  <\/p>\n\n  <p class=\"has-small-font-size\">\n    Zwang und Impuls sind zwei Pole des psychischen Konflikts: der eine ist die \u201cUnf\u00e4higkeit, sich selbst zu beherrschen und etwas zu tun\u201d, der andere die \u201cUnf\u00e4higkeit, sich selbst zu beherrschen und es nicht zu tun\u201d. Dieser Kurs hilft Ihnen, die zugrunde liegenden Angstmechanismen, kognitiven Verzerrungen und das Training zur Emotionsregulation zu verstehen und zu lernen, von Unterdr\u00fcckung zu Transformation \u00fcberzugehen und so das psychische Gleichgewicht wiederherzustellen.\n  <\/p>\n\n  <!-- ===== D. \u521b\u4f24\u4e0e\u5e94\u6fc0 ===== -->\n  <figure class=\"wp-block-image size-large is-resized\">\n    <img decoding=\"async\" src=\"https:\/\/arttao.org\/wp-content\/uploads\/2025\/06\/EaI\u00bcIo_601794471_\u00b3EE\u00b1\u00b3\u00be\u00b0EI\u00b5AEUA\u00ae\u00b7CAEoO\u00b5EIOA22-1024x674.jpg\"\n         alt=\"Trauma und Stress\"\n         style=\"width:81px;height:auto\"\/>\n  <\/figure>\n\n  <p>\n    <a href=\"https:\/\/arttao.org\/de\/d-kurs-zu-trauma-und-stressproblemen\/\">\n      <strong>D. Kurs zu Trauma- und Stressproblemen<\/strong>\n    <\/a>\n  <\/p>\n\n  <p class=\"has-small-font-size\">\n    Traumata entstehen nicht nur durch \u00e4u\u00dfere Ereignisse, sondern auch durch langj\u00e4hrige Vernachl\u00e4ssigung und emotionalen Mangel. Dieser Kurs hilft Ihnen, die neuronalen Mechanismen von offenen und verdeckten Traumata, das Ph\u00e4nomen der emotionalen Erstarrung und den Wiederaufbau von Sicherheit und zwischenmenschlichem Vertrauen zu verstehen, damit Heilungsprozesse beginnen k\u00f6nnen.\n  <\/p>\n\n  <!-- ===== E. \u60c5\u7eea\u6ce2\u52a8 ===== -->\n  <figure class=\"wp-block-image size-large is-resized\">\n    <img decoding=\"async\" src=\"https:\/\/arttao.org\/wp-content\/uploads\/2025\/06\/EaI\u00bcIo_601786897_\u00b2EE\u00b7\u00a2EI\u00b5AA\u00aeo\u00a2\u00b7CAEoO\u00b5EIOA22-1024x654.jpg\"\n         alt=\"Emotionale Schwankungen\"\n         style=\"width:79px;height:auto\"\/>\n  <\/figure>\n\n  <p>\n    <a href=\"https:\/\/arttao.org\/de\/%e4%ba%94-%e6%83%85%e7%bb%aa%e6%b3%a2%e5%8a%a8%e9%97%ae%e9%a2%98%ef%bc%88mood-dysregulation-issues%ef%bc%89\/\">\n      <strong>E. Kurs \u00fcber emotionale Schwankungen<\/strong>\n    <\/a>\n  <\/p>\n\n  <p class=\"has-small-font-size\">\n    Stimmungsschwankungen k\u00f6nnen auf ein Ungleichgewicht im Regulationssystem zur\u00fcckzuf\u00fchren sein. Diese Unterrichtseinheit befasst sich mit Themen wie Stimmungsregulationsst\u00f6rungen und bipolarer St\u00f6rung und hilft Lernenden, die psychologischen Bed\u00fcrfnisse hinter Emotionen zu erkennen und Emotionen als Information statt als Belastung zu nutzen.\n  <\/p>\n\n  <!-- ===== F. \u7761\u7720\u4e0e\u8eaf\u4f53 ===== -->\n  <figure class=\"wp-block-image size-large is-resized\">\n    <img decoding=\"async\" src=\"https:\/\/arttao.org\/wp-content\/uploads\/2025\/06\/EaI\u00bcIo_601786894_\u00b3EE\u00b1\u00b3\u00be\u00b0EI\u00b5AEUA\u00ae\u00b7CAEoO\u00b5EIOA22-1024x637.jpg\"\n         alt=\"Schlaf und K\u00f6rper\"\n         style=\"width:84px;height:auto\"\/>\n  <\/figure>\n\n  <p>\n    <a href=\"https:\/\/arttao.org\/de\/%e5%85%ad-%e7%9d%a1%e7%9c%a0%e4%b8%8e%e8%ba%af%e4%bd%93%e9%97%ae%e9%a2%98%ef%bc%88sleep-and-somatic-issues%ef%bc%89\/\">\n      <strong>F. Kurs zu Schlaf- und k\u00f6rperlichen Problemen<\/strong>\n    <\/a>\n  <\/p>\n\n  <p class=\"has-small-font-size\">\n    Der K\u00f6rper ist ein Spiegel der Seele. Diese Einheit erkl\u00e4rt, wie sich psychische Probleme in k\u00f6rperlichen Symptomen wie Schlaflosigkeit, Kopfschmerzen und Verdauungsst\u00f6rungen \u00e4u\u00dfern, und vermittelt Techniken zur Harmonisierung von K\u00f6rper und Geist, um die Funktionsf\u00e4higkeit des K\u00f6rpers als sicheren Hafen wiederherzustellen.\n  <\/p>\n\n  <!-- ===== G. \u4f9d\u8d56\u4e0e\u6210\u763e ===== -->\n  <figure class=\"wp-block-image size-large is-resized\">\n    <img decoding=\"async\" src=\"https:\/\/arttao.org\/wp-content\/uploads\/2025\/06\/EaI\u00bcIo_601799129_AE\u00afAA\u00b5AA\u00ae\u00d7O\u00b7CAEoO\u00b5EIOA22-1024x696.jpg\"\n         alt=\"Abh\u00e4ngigkeit und Sucht\"\n         style=\"width:81px;height:auto\"\/>\n  <\/figure>\n\n  <p>\n    <a href=\"https:\/\/arttao.org\/de\/7-substanz-und-suchtprobleme\/\">\n      <strong>G. Kurs zu Abh\u00e4ngigkeits- und Suchtproblemen<\/strong>\n    <\/a>\n  <\/p>\n\n  <p class=\"has-small-font-size\">\n    Die Wurzel der Sucht liegt nicht im \u201cM\u00f6gen\u201d, sondern im \u201cVermeiden\u201d. Dieser Kurs untersucht die psychologische Struktur, das Belohnungssystem und die Bindungsdefizite von Substanz- und Verhaltenss\u00fcchten und hilft den Lernenden, die \u00dcberlebenslogik der Sucht zu verstehen und durch Achtsamkeit und Empathie innere Verbindungen wiederherzustellen.\n  <\/p>\n\n<\/section>","protected":false},"excerpt":{"rendered":"<p>A. \u7126\u8651\u76f8\u5173\u95ee\u9898\u8bfe\u7a0b \u7126\u8651\u662f\u4e00\u79cd\u5e38\u89c1\u4f46\u9690\u853d\u7684\u5fc3\u7406\u72b6\u6001\uff0c\u5b83\u53ef\u80fd\u8868\u73b0\u4e3a\u6301\u7eed\u62c5\u5fe7\u3001\u81ea\u6211\u5ba1\u89c6\u6216\u5bf9\u672a\u6765\u7684\u65e0\u6cd5\u638c\u63a7\u3002 \u672c [&hellip;]<\/p>\n","protected":false},"author":1,"featured_media":0,"parent":0,"menu_order":0,"comment_status":"closed","ping_status":"closed","template":"","meta":{"nf_dc_page":"","om_disable_all_campaigns":false,"_monsterinsights_skip_tracking":false,"_monsterinsights_sitenote_active":false,"_monsterinsights_sitenote_note":"","_monsterinsights_sitenote_category":0,"footnotes":""},"class_list":["post-7385","page","type-page","status-publish","hentry"],"_links":{"self":[{"href":"https:\/\/arttao.org\/de\/wp-json\/wp\/v2\/pages\/7385","targetHints":{"allow":["GET"]}}],"collection":[{"href":"https:\/\/arttao.org\/de\/wp-json\/wp\/v2\/pages"}],"about":[{"href":"https:\/\/arttao.org\/de\/wp-json\/wp\/v2\/types\/page"}],"author":[{"embeddable":true,"href":"https:\/\/arttao.org\/de\/wp-json\/wp\/v2\/users\/1"}],"replies":[{"embeddable":true,"href":"https:\/\/arttao.org\/de\/wp-json\/wp\/v2\/comments?post=7385"}],"version-history":[{"count":11,"href":"https:\/\/arttao.org\/de\/wp-json\/wp\/v2\/pages\/7385\/revisions"}],"predecessor-version":[{"id":11409,"href":"https:\/\/arttao.org\/de\/wp-json\/wp\/v2\/pages\/7385\/revisions\/11409"}],"wp:attachment":[{"href":"https:\/\/arttao.org\/de\/wp-json\/wp\/v2\/media?parent=7385"}],"curies":[{"name":"wp","href":"https:\/\/api.w.org\/{rel}","templated":true}]}}