{"id":7618,"date":"2025-07-06T22:10:23","date_gmt":"2025-07-06T22:10:23","guid":{"rendered":"https:\/\/arttao.org\/?page_id=7618"},"modified":"2025-11-23T07:19:23","modified_gmt":"2025-11-23T07:19:23","slug":"d-kurs-zu-trauma-und-stressproblemen","status":"publish","type":"page","link":"https:\/\/arttao.org\/de\/d-%e5%88%9b%e4%bc%a4%e4%b8%8e%e5%ba%94%e6%bf%80%e9%97%ae%e9%a2%98-%e8%af%be%e7%a8%8b\/","title":{"rendered":"D. Trauma- und Stressprobleme \u2013 Kurs"},"content":{"rendered":"<p class=\"\"><\/p>\n\n\n\n<p class=\"\"><\/p>\n\n\n\n<figure class=\"wp-block-image size-large is-resized\"><img loading=\"lazy\" decoding=\"async\" width=\"1011\" height=\"1024\" src=\"https:\/\/arttao.org\/wp-content\/uploads\/2025\/07\/EaI\u00bcIo_601794473_\u00a8\u00b7\u00a2EUA\u00aeD\u00a4In\u00b7CAEoO\u00b5EIOA1-1011x1024.jpg\" alt=\"\" class=\"wp-image-7624\" style=\"width:67px;height:auto\" srcset=\"https:\/\/arttao.org\/wp-content\/uploads\/2025\/07\/EaI\u00bcIo_601794473_\u00a8\u00b7\u00a2EUA\u00aeD\u00a4In\u00b7CAEoO\u00b5EIOA1-1011x1024.jpg 1011w, https:\/\/arttao.org\/wp-content\/uploads\/2025\/07\/EaI\u00bcIo_601794473_\u00a8\u00b7\u00a2EUA\u00aeD\u00a4In\u00b7CAEoO\u00b5EIOA1-296x300.jpg 296w, https:\/\/arttao.org\/wp-content\/uploads\/2025\/07\/EaI\u00bcIo_601794473_\u00a8\u00b7\u00a2EUA\u00aeD\u00a4In\u00b7CAEoO\u00b5EIOA1-768x778.jpg 768w, https:\/\/arttao.org\/wp-content\/uploads\/2025\/07\/EaI\u00bcIo_601794473_\u00a8\u00b7\u00a2EUA\u00aeD\u00a4In\u00b7CAEoO\u00b5EIOA1-1516x1536.jpg 1516w, https:\/\/arttao.org\/wp-content\/uploads\/2025\/07\/EaI\u00bcIo_601794473_\u00a8\u00b7\u00a2EUA\u00aeD\u00a4In\u00b7CAEoO\u00b5EIOA1-2021x2048.jpg 2021w\" sizes=\"auto, (max-width: 1011px) 100vw, 1011px\" \/><\/figure>\n\n\n\n<p class=\"\"><a href=\"https:\/\/arttao.org\/de\/%e7%ac%ac%e4%ba%8c%e5%8d%81%e4%ba%94%e8%af%be%ef%bc%9a%e5%88%9b%e4%bc%a4%e5%90%8e%e5%ba%94%e6%bf%80%e9%9a%9c%e7%a2%8d%ef%bc%88ptsd%ef%bc%89%ef%bc%88%e7%ac%ac881%ef%bd%9e920%e8%af%be%ef%bc%89\/\" data-type=\"page\" data-id=\"12411\">Lektion 25: Posttraumatische Belastungsst\u00f6rung (PTBS) (Lektionen 901-940)<\/a><\/p>\n\n\n\n<p class=\"has-small-font-size\">Dieser Kurs befasst sich mit der Posttraumatischen Belastungsst\u00f6rung (PTBS), einer anhaltenden psychischen Reaktion auf ein schwerwiegendes traumatisches Ereignis. Wir erl\u00e4utern systematisch die Kernsymptome der PTBS: Flashbacks, Vermeidung, negative Emotionen und Hypervigilanz. Anhand von Fallstudien helfen wir den Teilnehmenden, leicht zu \u00fcbersehende Anzeichen im Alltag zu erkennen, wie beispielsweise Albtr\u00e4ume, emotionale Taubheit und Wutausbr\u00fcche. Dar\u00fcber hinaus untersucht der Kurs die zugrunde liegenden Mechanismen, wie etwa das \u201cAngst-Erstarrung-Erinnerungskompressions\u201d-Modell, und verdeutlicht die psychologischen Abwehrmechanismen, die Menschen in extremen Stresssituationen entwickeln. Die Teilnehmenden werden verstehen, dass PTBS kein Zeichen von Schw\u00e4che ist, sondern vielmehr der Versuch des Gehirns, sich in Extremsituationen zu sch\u00fctzen. Wir stellen au\u00dferdem g\u00e4ngige psychologische Therapien und Selbstheilungsmethoden vor, wie die EMDR-Therapie (Eye Movement Desensitization and Reprocessing), die Expositionstherapie und die Achtsamkeitsmeditation. Ein interaktives KI-Modul unterst\u00fctzt die Teilnehmenden bei der ersten, sicheren psychologischen Erkundung ihrer Situation. Dieser Kurs eignet sich f\u00fcr Teilnehmer, die traumatische Ereignisse erlebt haben, sich in ihren Erinnerungen gefangen f\u00fchlen oder in helfenden Berufen arbeiten.<\/p>\n\n\n\n<figure class=\"wp-block-image size-large is-resized\"><img loading=\"lazy\" decoding=\"async\" width=\"1011\" height=\"1024\" src=\"https:\/\/arttao.org\/wp-content\/uploads\/2025\/07\/EaI\u00bcIo_601794473_\u00a8\u00b7\u00a2EUA\u00aeD\u00a4In\u00b7CAEoO\u00b5EIOA1-1011x1024.jpg\" alt=\"\" class=\"wp-image-7624\" style=\"width:69px;height:auto\" srcset=\"https:\/\/arttao.org\/wp-content\/uploads\/2025\/07\/EaI\u00bcIo_601794473_\u00a8\u00b7\u00a2EUA\u00aeD\u00a4In\u00b7CAEoO\u00b5EIOA1-1011x1024.jpg 1011w, https:\/\/arttao.org\/wp-content\/uploads\/2025\/07\/EaI\u00bcIo_601794473_\u00a8\u00b7\u00a2EUA\u00aeD\u00a4In\u00b7CAEoO\u00b5EIOA1-296x300.jpg 296w, https:\/\/arttao.org\/wp-content\/uploads\/2025\/07\/EaI\u00bcIo_601794473_\u00a8\u00b7\u00a2EUA\u00aeD\u00a4In\u00b7CAEoO\u00b5EIOA1-768x778.jpg 768w, https:\/\/arttao.org\/wp-content\/uploads\/2025\/07\/EaI\u00bcIo_601794473_\u00a8\u00b7\u00a2EUA\u00aeD\u00a4In\u00b7CAEoO\u00b5EIOA1-1516x1536.jpg 1516w, https:\/\/arttao.org\/wp-content\/uploads\/2025\/07\/EaI\u00bcIo_601794473_\u00a8\u00b7\u00a2EUA\u00aeD\u00a4In\u00b7CAEoO\u00b5EIOA1-2021x2048.jpg 2021w\" sizes=\"auto, (max-width: 1011px) 100vw, 1011px\" \/><\/figure>\n\n\n\n<p class=\"\"><a href=\"https:\/\/arttao.org\/de\/%e7%ac%ac%e4%ba%8c%e5%8d%81%e5%85%ad%e8%af%be%ef%bc%9a%e5%bf%83%e7%90%86%e6%80%a5%e6%80%a7%e5%ba%94%e6%bf%80%e9%9a%9c%e7%a2%8d%ef%bc%88%e7%ac%ac921%ef%bd%9e960%e8%af%be%ef%bc%89\/\" data-type=\"page\" data-id=\"12413\">Lektion 26: Akute Belastungsst\u00f6rung (Lektionen 941-980)<\/a><\/p>\n\n\n\n<p class=\"has-small-font-size\">Akute Belastungsst\u00f6rung (ABS) tritt typischerweise innerhalb weniger Tage nach einem schwerwiegenden traumatischen Ereignis auf und ist eine kurzfristige, intensive Reaktion auf einen pl\u00f6tzlichen psychischen Schock. Dieser Kurs hilft den Teilnehmenden, fr\u00fche Symptome einer ABS wie Verwirrung, Dissoziation, emotionale Ausbr\u00fcche oder anhaltende Wachsamkeit zu erkennen und die Gemeinsamkeiten und Unterschiede zur Posttraumatischen Belastungsst\u00f6rung (PTBS) zu verstehen. Der Kurs betont, dass ABS ein \u201cpsychologisches Notfallsignal\u201d ist und dass eine rechtzeitige Erkennung und Intervention das Risiko einer langfristigen psychischen St\u00f6rung deutlich verringern kann. Wir erkl\u00e4ren die \u201cKampf-Flucht-Erstarrungs\u201d-Reaktion des Gehirns in Krisensituationen und helfen den Teilnehmenden zu verstehen, warum sie nach einem Ereignis Desorientierung, Apathie oder Schlaflosigkeit erleben k\u00f6nnen. Dar\u00fcber hinaus vermittelt dieser Kurs Techniken der psychologischen Ersten Hilfe f\u00fcr die Anfangsphase von Stress, darunter Atem\u00fcbungen, Techniken der K\u00f6rperber\u00fchrung und \u00dcbungen zur emotionalen Lokalisierung. Die Teilnehmenden werden ermutigt, ein erstes Unterst\u00fctzungsnetzwerk aufzubauen (Familie, medizinische Versorgung und KI-gest\u00fctzte Begleitung). Dieser Kurs eignet sich f\u00fcr Lernende, die pl\u00f6tzliche Ereignisse, stressige Arbeitspl\u00e4tze oder Katastrophensituationen erlebt haben, und legt eine sichere psychologische Grundlage f\u00fcr den anschlie\u00dfenden Genesungsprozess.<\/p>\n\n\n\n<figure class=\"wp-block-image size-large is-resized\"><img loading=\"lazy\" decoding=\"async\" width=\"1011\" height=\"1024\" src=\"https:\/\/arttao.org\/wp-content\/uploads\/2025\/07\/EaI\u00bcIo_601794473_\u00a8\u00b7\u00a2EUA\u00aeD\u00a4In\u00b7CAEoO\u00b5EIOA1-1011x1024.jpg\" alt=\"\" class=\"wp-image-7624\" style=\"width:70px;height:auto\" srcset=\"https:\/\/arttao.org\/wp-content\/uploads\/2025\/07\/EaI\u00bcIo_601794473_\u00a8\u00b7\u00a2EUA\u00aeD\u00a4In\u00b7CAEoO\u00b5EIOA1-1011x1024.jpg 1011w, https:\/\/arttao.org\/wp-content\/uploads\/2025\/07\/EaI\u00bcIo_601794473_\u00a8\u00b7\u00a2EUA\u00aeD\u00a4In\u00b7CAEoO\u00b5EIOA1-296x300.jpg 296w, https:\/\/arttao.org\/wp-content\/uploads\/2025\/07\/EaI\u00bcIo_601794473_\u00a8\u00b7\u00a2EUA\u00aeD\u00a4In\u00b7CAEoO\u00b5EIOA1-768x778.jpg 768w, https:\/\/arttao.org\/wp-content\/uploads\/2025\/07\/EaI\u00bcIo_601794473_\u00a8\u00b7\u00a2EUA\u00aeD\u00a4In\u00b7CAEoO\u00b5EIOA1-1516x1536.jpg 1516w, https:\/\/arttao.org\/wp-content\/uploads\/2025\/07\/EaI\u00bcIo_601794473_\u00a8\u00b7\u00a2EUA\u00aeD\u00a4In\u00b7CAEoO\u00b5EIOA1-2021x2048.jpg 2021w\" sizes=\"auto, (max-width: 1011px) 100vw, 1011px\" \/><\/figure>\n\n\n\n<p class=\"\"><a href=\"https:\/\/arttao.org\/de\/%e7%ac%ac%e4%ba%8c%e5%8d%81%e4%b8%83%e8%af%be%ef%bc%9a%e5%bf%83%e7%90%86%e9%80%82%e5%ba%94%e9%9a%9c%e7%a2%8d%ef%bc%88%e7%ac%ac961%ef%bd%9e1000%e8%af%be%ef%bc%89\/\" data-type=\"page\" data-id=\"12422\">Lektion 27: Psychische Anpassungsst\u00f6rungen (Lektionen 981-1020)<\/a><\/p>\n\n\n\n<p class=\"has-small-font-size\">Wenn Menschen mit einschneidenden Lebensver\u00e4nderungen wie Scheidung, Arbeitslosigkeit, Migration oder einer schweren Erkrankung konfrontiert sind, k\u00f6nnen anhaltende und erhebliche emotionale Belastungen oder Funktionseinschr\u00e4nkungen innerhalb von sechs Monaten auf eine Anpassungsst\u00f6rung hindeuten. Dieser Kurs hilft den Teilnehmenden, diesen psychischen Zustand \u2013 weder Krankheit noch Normalit\u00e4t \u2013 zu verstehen und Selbstvorw\u00fcrfe wie \u201cBin ich zu zerbrechlich?\u201d zu \u00fcberwinden. Eine Anpassungsst\u00f6rung ist eine psychische Reaktion auf ein vor\u00fcbergehendes Unverm\u00f6gen, sich an Umweltver\u00e4nderungen anzupassen. Sie \u00e4u\u00dfert sich h\u00e4ufig in Angstzust\u00e4nden, Depressionen, Reizbarkeit, Konzentrationsschwierigkeiten, k\u00f6rperlichen Beschwerden oder Interessenverlust. Anhand von Fallstudien hilft dieser Kurs den Teilnehmenden, den entscheidenden Unterschied zwischen normalen Stimmungsschwankungen und einer Anpassungsst\u00f6rung zu erkennen und zeigt ihnen, wie sie ihren Lebensrhythmus und ihr psychisches Gleichgewicht wiederherstellen k\u00f6nnen. Durch strukturierte psychologische Anpassungsstrategien wie die \u201cDrei-Schritte-Methode zur Sinnfindung\u201d, \u201c\u00dcbungen zur Identifizierung neuer Rollen\u201d und \u201cSelbstreflexion\u201d unterst\u00fctzt dieser Kurs die Teilnehmenden dabei, schrittweise innere Stabilit\u00e4t wiederzuerlangen. Er eignet sich f\u00fcr Lernende, die sich in einer \u00dcbergangsphase befinden und Lebensver\u00e4nderungen erleben.<\/p>\n\n\n\n<figure class=\"wp-block-image size-large is-resized\"><img loading=\"lazy\" decoding=\"async\" width=\"1011\" height=\"1024\" src=\"https:\/\/arttao.org\/wp-content\/uploads\/2025\/07\/EaI\u00bcIo_601794473_\u00a8\u00b7\u00a2EUA\u00aeD\u00a4In\u00b7CAEoO\u00b5EIOA1-1011x1024.jpg\" alt=\"\" class=\"wp-image-7624\" style=\"width:72px;height:auto\" srcset=\"https:\/\/arttao.org\/wp-content\/uploads\/2025\/07\/EaI\u00bcIo_601794473_\u00a8\u00b7\u00a2EUA\u00aeD\u00a4In\u00b7CAEoO\u00b5EIOA1-1011x1024.jpg 1011w, https:\/\/arttao.org\/wp-content\/uploads\/2025\/07\/EaI\u00bcIo_601794473_\u00a8\u00b7\u00a2EUA\u00aeD\u00a4In\u00b7CAEoO\u00b5EIOA1-296x300.jpg 296w, https:\/\/arttao.org\/wp-content\/uploads\/2025\/07\/EaI\u00bcIo_601794473_\u00a8\u00b7\u00a2EUA\u00aeD\u00a4In\u00b7CAEoO\u00b5EIOA1-768x778.jpg 768w, https:\/\/arttao.org\/wp-content\/uploads\/2025\/07\/EaI\u00bcIo_601794473_\u00a8\u00b7\u00a2EUA\u00aeD\u00a4In\u00b7CAEoO\u00b5EIOA1-1516x1536.jpg 1516w, https:\/\/arttao.org\/wp-content\/uploads\/2025\/07\/EaI\u00bcIo_601794473_\u00a8\u00b7\u00a2EUA\u00aeD\u00a4In\u00b7CAEoO\u00b5EIOA1-2021x2048.jpg 2021w\" sizes=\"auto, (max-width: 1011px) 100vw, 1011px\" \/><\/figure>\n\n\n\n<p class=\"\"><a href=\"https:\/\/arttao.org\/de\/%e7%ac%ac%e4%ba%8c%e5%8d%81%e5%85%ab%e8%af%be%ef%bc%9a%e7%ab%a5%e5%b9%b4%e5%bf%83%e7%90%86%e5%88%9b%e4%bc%a4%ef%bc%88%e7%ac%ac1001%ef%bd%9e1040%e8%af%be%ef%bc%89\/\" data-type=\"page\" data-id=\"12415\">Lektion 28: Psychische Traumata in der Kindheit (Lektionen 1021-1060)<\/a><\/p>\n\n\n\n<p class=\"has-small-font-size\">Die Spuren von Kindheitstraumata verbergen sich oft in emotionaler Instabilit\u00e4t, zwischenmenschlichen Schwierigkeiten und Selbstverleugnung im Erwachsenenalter. Dieser Kurs begleitet die Teilnehmenden dabei, potenziell traumatische Ereignisse aus ihrer Kindheit, wie emotionale Vernachl\u00e4ssigung, verbale Herabsetzung, das Miterleben von Gewalt oder den Verlust von Bezugspersonen, behutsam neu zu betrachten. Wir helfen den Teilnehmenden, die Besonderheit von \u201cEntwicklungstrauma\u201d zu verstehen: Es handelt sich nicht zwangsl\u00e4ufig um ein einzelnes, einschneidendes Ereignis, sondern kann ein kontinuierlicher, subtiler Prozess emotionaler Deprivation oder kontrollierenden Verhaltens sein. Der Kurs f\u00fchrt in die Theorie des \u201cInneren Kindes\u201d ein und leitet die Teilnehmenden an, sich durch Meditation, Zeichnen und Dialog\u00fcbungen schrittweise mit ihrem kindlichen Selbst zu verbinden. Die Erkundung in einem gesch\u00fctzten Rahmen ist der erste Schritt zur Heilung. Wir stellen au\u00dferdem das Werkzeug der \u201cErkennung wiederkehrender Muster\u201d vor, mit dem die Teilnehmenden ihre wiederkehrenden Verhaltensmuster in intimen Beziehungen oder Stressreaktionen beobachten k\u00f6nnen. Durch Kunsttherapie, verbalen Ausdruck und symbolische Rekonstruktion ermutigt dieser Kurs die Teilnehmenden zu einer tiefgreifenden Reise der Selbstf\u00fcrsorge. Er eignet sich besonders f\u00fcr Teilnehmende, die noch immer von Kindheitserinnerungen belastet sind oder die Wurzeln ihres Verhaltens verstehen m\u00f6chten.<\/p>\n\n\n\n<figure class=\"wp-block-image size-large is-resized\"><img loading=\"lazy\" decoding=\"async\" width=\"1011\" height=\"1024\" src=\"https:\/\/arttao.org\/wp-content\/uploads\/2025\/07\/EaI\u00bcIo_601794473_\u00a8\u00b7\u00a2EUA\u00aeD\u00a4In\u00b7CAEoO\u00b5EIOA1-1011x1024.jpg\" alt=\"\" class=\"wp-image-7624\" style=\"width:70px;height:auto\" srcset=\"https:\/\/arttao.org\/wp-content\/uploads\/2025\/07\/EaI\u00bcIo_601794473_\u00a8\u00b7\u00a2EUA\u00aeD\u00a4In\u00b7CAEoO\u00b5EIOA1-1011x1024.jpg 1011w, https:\/\/arttao.org\/wp-content\/uploads\/2025\/07\/EaI\u00bcIo_601794473_\u00a8\u00b7\u00a2EUA\u00aeD\u00a4In\u00b7CAEoO\u00b5EIOA1-296x300.jpg 296w, https:\/\/arttao.org\/wp-content\/uploads\/2025\/07\/EaI\u00bcIo_601794473_\u00a8\u00b7\u00a2EUA\u00aeD\u00a4In\u00b7CAEoO\u00b5EIOA1-768x778.jpg 768w, https:\/\/arttao.org\/wp-content\/uploads\/2025\/07\/EaI\u00bcIo_601794473_\u00a8\u00b7\u00a2EUA\u00aeD\u00a4In\u00b7CAEoO\u00b5EIOA1-1516x1536.jpg 1516w, https:\/\/arttao.org\/wp-content\/uploads\/2025\/07\/EaI\u00bcIo_601794473_\u00a8\u00b7\u00a2EUA\u00aeD\u00a4In\u00b7CAEoO\u00b5EIOA1-2021x2048.jpg 2021w\" sizes=\"auto, (max-width: 1011px) 100vw, 1011px\" \/><\/figure>\n\n\n\n<p class=\"\"><a href=\"https:\/\/arttao.org\/de\/%e7%ac%ac%e4%ba%8c%e5%8d%81%e4%b9%9d%e8%af%be%ef%bc%9a%e5%bf%83%e7%90%86%e5%a4%8d%e6%9d%82%e6%80%a7%e5%88%9b%e4%bc%a4%ef%bc%88%e7%ac%ac1041%ef%bd%9e1080%e8%af%be%ef%bc%89\/\" data-type=\"page\" data-id=\"12417\">Lektion 29: Komplexe psychische Traumata (Lektionen 1061-1100)<\/a><\/p>\n\n\n\n<p class=\"has-small-font-size\">Komplexe Traumata unterscheiden sich von den psychologischen Folgen eines einzelnen Ereignisses; sie entstehen h\u00e4ufig durch langfristigen, wiederkehrenden Stress oder Belastungen, wie beispielsweise chronische h\u00e4usliche Gewalt, emotionale Manipulation, Machtmissbrauch oder extreme Isolation. Dieser Kurs hilft den Teilnehmenden zu verstehen, dass komplexe Traumata nicht nur ein emotionales Problem darstellen, sondern einen psychischen Zustand einer \u201cgesch\u00e4digten Selbststruktur\u201d sind, der sich h\u00e4ufig in Schwierigkeiten der Emotionsregulation, Beziehungspolarisation, Selbstabwertung oder Identit\u00e4tskrisen \u00e4u\u00dfert. Wir kombinieren das \u201cModell komplexer Traumata\u201d mit den \u201cneurophysiologischen Mechanismen chronischen Stresses\u201d, um dessen langfristige Auswirkungen auf die Gehirnstruktur, die kognitive Funktion und das emotionale System zu analysieren. Die im Kurs angebotenen Heilungsmethoden umfassen \u00dcbungen zur Bew\u00e4ltigung auf verschiedenen Ebenen (Emotion \u2192 Kognition \u2192 Identit\u00e4t \u2192 Beziehung), Achtsamkeitsmeditation, Rituale der Selbstliebe und Dialog\u00fcbungen zum Wiederaufbau von Vertrauen. Mithilfe KI-gest\u00fctzter, strukturierter Schreib- und Ausdrucks\u00fcbungen k\u00f6nnen die Teilnehmenden lange unterdr\u00fcckte Emotionen und Erinnerungen in einem gesch\u00fctzten Rahmen ordnen. Dieser Kurs eignet sich f\u00fcr Lernende, die seit langem Schwierigkeiten haben, ihre Emotionen zu kontrollieren, Schwierigkeiten haben, anderen zu vertrauen, oder eine verschwommene Identit\u00e4t haben.<\/p>\n\n\n\n<figure class=\"wp-block-image size-large is-resized\"><img loading=\"lazy\" decoding=\"async\" width=\"1011\" height=\"1024\" src=\"https:\/\/arttao.org\/wp-content\/uploads\/2025\/07\/EaI\u00bcIo_601794473_\u00a8\u00b7\u00a2EUA\u00aeD\u00a4In\u00b7CAEoO\u00b5EIOA1-1011x1024.jpg\" alt=\"\" class=\"wp-image-7624\" style=\"width:71px;height:auto\" srcset=\"https:\/\/arttao.org\/wp-content\/uploads\/2025\/07\/EaI\u00bcIo_601794473_\u00a8\u00b7\u00a2EUA\u00aeD\u00a4In\u00b7CAEoO\u00b5EIOA1-1011x1024.jpg 1011w, https:\/\/arttao.org\/wp-content\/uploads\/2025\/07\/EaI\u00bcIo_601794473_\u00a8\u00b7\u00a2EUA\u00aeD\u00a4In\u00b7CAEoO\u00b5EIOA1-296x300.jpg 296w, https:\/\/arttao.org\/wp-content\/uploads\/2025\/07\/EaI\u00bcIo_601794473_\u00a8\u00b7\u00a2EUA\u00aeD\u00a4In\u00b7CAEoO\u00b5EIOA1-768x778.jpg 768w, https:\/\/arttao.org\/wp-content\/uploads\/2025\/07\/EaI\u00bcIo_601794473_\u00a8\u00b7\u00a2EUA\u00aeD\u00a4In\u00b7CAEoO\u00b5EIOA1-1516x1536.jpg 1516w, https:\/\/arttao.org\/wp-content\/uploads\/2025\/07\/EaI\u00bcIo_601794473_\u00a8\u00b7\u00a2EUA\u00aeD\u00a4In\u00b7CAEoO\u00b5EIOA1-2021x2048.jpg 2021w\" sizes=\"auto, (max-width: 1011px) 100vw, 1011px\" \/><\/figure>\n\n\n\n<p class=\"\"><a href=\"https:\/\/arttao.org\/de\/%e7%ac%ac%e4%b8%89%e5%8d%81%e8%af%be%ef%bc%9a%e7%aa%81%e5%8f%91%e4%ba%8b%e4%bb%b6%e5%bf%83%e7%90%86%e5%88%9b%e4%bc%a4%ef%bc%88%e7%ac%ac1081%ef%bd%9e1120%e8%af%be%ef%bc%89\/\" data-type=\"page\" data-id=\"12419\">Lektion 30: Psychisches Trauma durch pl\u00f6tzliche Ereignisse (Lektionen 1101-1140)<\/a><\/p>\n\n\n\n<p class=\"has-small-font-size\">Angesichts pl\u00f6tzlicher Ereignisse wie Katastrophen, Unf\u00e4llen, Gewalt und Pandemien erleben Menschen oft einen tiefen psychischen Schock. Dieser Kurs konzentriert sich auf diese spezielle Art von traumatischer Erfahrung. Wir analysieren die drei Phasen eines pl\u00f6tzlichen Traumas: die unmittelbare Stressreaktion, die kurzfristige Desorientierungs- und Anpassungsphase sowie das mittel- bis langfristige Traumarisiko. Anhand von Fallbeispielen aus dem realen Leben rekonstruiert der Kurs den psychischen Verlauf nach einem Ereignis und stellt die \u201cf\u00fcnf Schritte der psychologischen Ersten Hilfe\u201d vor: Wiederherstellung des Sicherheitsgef\u00fchls, \u00d6ffnung von Ausdrucksm\u00f6glichkeiten, Kl\u00e4rung von Informationen, Emotionsregulation und Vermittlung von Hilfsangeboten. Zus\u00e4tzlich beinhaltet der Kurs eine speziell entwickelte \u201cPsychologische Kartierungs\u00fcbung f\u00fcr pl\u00f6tzliche Ereignisse\u201d, die den Teilnehmenden hilft, ihre eigenen Reaktionsmuster unter pl\u00f6tzlichem Stress zu reflektieren und wirksame, individuelle Unterst\u00fctzungswege zu erkunden. Ob Sie Betroffener, Beobachter oder Helfer sind \u2013 dieser Kurs bietet Bew\u00e4ltigungsstrategien, die psychologische Wissenschaft mit menschlicher F\u00fcrsorge verbinden. Durch Module wie Musiktherapie, Atem\u00fcbungen und Visualisierungstechniken unterst\u00fctzen wir die Teilnehmenden dabei, w\u00e4hrend des Schocks grundlegendes Vertrauen und psychische Stabilit\u00e4t wiederherzustellen.<\/p>\n\n\n\n<p class=\"has-small-font-size\"><\/p>","protected":false},"excerpt":{"rendered":"<p>\u7b2c\u4e8c\u5341\u4e94\u8bfe\uff1a\u521b\u4f24\u540e\u5e94\u6fc0\u969c\u788d\uff08PTSD\uff09\uff08\u7b2c901\uff5e940\u8bfe\uff09 \u672c\u8bfe\u805a\u7126\u521b\u4f24\u540e\u5e94\u6fc0\u969c\u788d\uff08PTSD\uff09\uff0c\u4e00\u79cd\u56e0\u91cd\u5927\u5fc3 [&hellip;]<\/p>\n","protected":false},"author":1,"featured_media":0,"parent":0,"menu_order":0,"comment_status":"closed","ping_status":"closed","template":"","meta":{"nf_dc_page":"","om_disable_all_campaigns":false,"_monsterinsights_skip_tracking":false,"_monsterinsights_sitenote_active":false,"_monsterinsights_sitenote_note":"","_monsterinsights_sitenote_category":0,"footnotes":""},"class_list":["post-7618","page","type-page","status-publish","hentry"],"_links":{"self":[{"href":"https:\/\/arttao.org\/de\/wp-json\/wp\/v2\/pages\/7618","targetHints":{"allow":["GET"]}}],"collection":[{"href":"https:\/\/arttao.org\/de\/wp-json\/wp\/v2\/pages"}],"about":[{"href":"https:\/\/arttao.org\/de\/wp-json\/wp\/v2\/types\/page"}],"author":[{"embeddable":true,"href":"https:\/\/arttao.org\/de\/wp-json\/wp\/v2\/users\/1"}],"replies":[{"embeddable":true,"href":"https:\/\/arttao.org\/de\/wp-json\/wp\/v2\/comments?post=7618"}],"version-history":[{"count":5,"href":"https:\/\/arttao.org\/de\/wp-json\/wp\/v2\/pages\/7618\/revisions"}],"predecessor-version":[{"id":14563,"href":"https:\/\/arttao.org\/de\/wp-json\/wp\/v2\/pages\/7618\/revisions\/14563"}],"wp:attachment":[{"href":"https:\/\/arttao.org\/de\/wp-json\/wp\/v2\/media?parent=7618"}],"curies":[{"name":"wp","href":"https:\/\/api.w.org\/{rel}","templated":true}]}}