{"id":8014,"date":"2025-07-18T16:35:11","date_gmt":"2025-07-18T16:35:11","guid":{"rendered":"https:\/\/arttao.org\/?page_id=8014"},"modified":"2025-10-27T05:23:11","modified_gmt":"2025-10-27T05:23:11","slug":"mitgliedschaftsprogramm-2","status":"publish","type":"page","link":"https:\/\/arttao.org\/de\/%e4%bc%9a%e5%91%98%e8%ae%a1%e5%88%92-2\/","title":{"rendered":"Mitgliedschaftsprogramm"},"content":{"rendered":"<p class=\"\"><\/p>\n\n\n\n<p class=\"\"><\/p>\n\n\n\n<figure class=\"wp-block-image aligncenter size-full is-resized\"><img loading=\"lazy\" decoding=\"async\" width=\"308\" height=\"480\" src=\"https:\/\/arttao.org\/wp-content\/uploads\/2025\/07\/Flower-Love-Sticker-by-Manon-Louart-1.gif\" alt=\"\" class=\"wp-image-8039\" style=\"width:72px;height:auto\"\/><\/figure>\n\n\n\n<p class=\"has-text-color has-link-color wp-elements-ddcdd9b15d4b71223aa9c92650911cc6\" style=\"color:#1bac94\">Arttao.org hat sich zum Ziel gesetzt, eine umfassende Plattform zu entwickeln, die psychologische Heilung, k\u00fcnstlerisches Schaffen und KI-Interaktion vereint. Dabei ist uns bewusst, dass jeder Nutzer unterschiedliche Lerntempos, Bed\u00fcrfnisse und Ressourcen hat. Um Lernende in verschiedenen Phasen optimal zu unterst\u00fctzen, bieten wir verschiedene Mitgliedschaftsprogramme an, die Ihnen ein individuelles, rhythmisches, tiefgr\u00fcndiges und respektvolles Nutzererlebnis erm\u00f6glichen.<\/p>\n\n\n\n<p class=\"has-small-font-size\">Das aktuelle Mitgliedschaftssystem ist wie folgt unterteilt:<\/p>\n\n\n\n<ul class=\"wp-block-list\">\n<li class=\"has-small-font-size\">Gast<\/li>\n\n\n\n<li class=\"has-small-font-size\">Registriertes Mitglied<\/li>\n\n\n\n<li class=\"has-small-font-size\">Premium-Mitgliedschaft: F\u00fcnf Stufen: A, B, C, D und E<\/li>\n\n\n\n<li class=\"has-small-font-size\">Nutzer des kostenlosen humanit\u00e4ren Plans<\/li>\n<\/ul>\n\n\n\n<figure class=\"wp-block-image aligncenter size-full is-resized\"><img loading=\"lazy\" decoding=\"async\" width=\"480\" height=\"480\" src=\"https:\/\/arttao.org\/wp-content\/uploads\/2025\/07\/Saturday-Night-Friday-Sticker-by-LOrbe-Spirits.gif\" alt=\"\" class=\"wp-image-7993\" style=\"width:119px;height:auto\"\/><\/figure>\n\n\n\n<p class=\"has-text-align-center has-small-font-size\"><\/p>\n\n\n<p style=\"color:red; text-align:center;\">\u26a0\ufe0f Bitte loggen Sie sich zuerst ein, um Ihre Mitgliedsinformationen einzusehen.<\/p>\n\n\n\n<p class=\"has-text-align-center has-text-color has-link-color has-small-font-size wp-elements-171b32732e7b3a179916660bec82bce1\" style=\"color:#07902e\">Dieser Abschnitt stellt die Leistungen und Vorteile der einzelnen Stufen vor, einschlie\u00dflich der GPT-Nutzungszeit, der Anzahl der psychologischen Frage- und Antwortsitzungen und der Testauswertung, um Ihnen bei der Auswahl des am besten geeigneten Unterst\u00fctzungsplans zu helfen.<\/p>\n\n\n\n<div style=\"height:63px\" aria-hidden=\"true\" class=\"wp-block-spacer\"><\/div>\n\n\n\n<figure class=\"wp-block-image aligncenter size-full is-resized\"><img loading=\"lazy\" decoding=\"async\" width=\"480\" height=\"480\" src=\"https:\/\/arttao.org\/wp-content\/uploads\/2025\/07\/Take-Care-Mood-Sticker-by-Dyanapyehchek.gif\" alt=\"\" class=\"wp-image-8015\" style=\"width:99px;height:auto\"\/><\/figure>\n\n\n\n<p class=\"has-text-align-center has-small-font-size\"><\/p>\n\n\n<p style=\"color:red;\">Bitte melden Sie sich zuerst an, um das Mitgliedschaftsprogramm einzusehen.<\/p>\n\n\n\n<p class=\"has-text-align-center has-text-color has-link-color has-small-font-size wp-elements-94edde228586bd48d5d801590f8d62ad\" style=\"color:#9c0a0a\">Wir bieten eine Vielzahl psychologischer Unterst\u00fctzungsangebote, um unterschiedlichen Bed\u00fcrfnissen gerecht zu werden und Ihnen zu helfen, sich ganzheitlich weiterzuentwickeln \u2013 sowohl k\u00f6rperlich als auch geistig.<\/p>\n\n\n\n<h3 class=\"wp-block-heading has-text-align-center\"><\/h3>\n\n\n\n<p class=\"\"><\/p>\n\n\n\n<div style=\"height:80px\" aria-hidden=\"true\" class=\"wp-block-spacer\"><\/div>\n\n\n\n<figure class=\"wp-block-image aligncenter size-full is-resized\"><img loading=\"lazy\" decoding=\"async\" width=\"480\" height=\"468\" src=\"https:\/\/arttao.org\/wp-content\/uploads\/2025\/08\/Gay-Love-Sticker-by-Lider-Chile-1.gif\" alt=\"\" class=\"wp-image-8881\" style=\"width:131px;height:auto\"\/><\/figure>\n\n\n<p style=\"color:red;\">Bitte loggen Sie sich in Ihr Konto ein, bevor Sie sich f\u00fcr das Wohlt\u00e4tigkeitsprogramm bewerben.<\/p>\n\n\n\n<p class=\"has-text-align-center has-text-color has-link-color has-small-font-size wp-elements-f2e4e0a0909a3b9156672d0951d35262\" style=\"color:#056e0c\">F\u00f6rderung psychologischer Unterst\u00fctzung, KI-gest\u00fctzter Heilung und Unterst\u00fctzung marginalisierter Bev\u00f6lkerungsgruppen weltweit.<\/p>\n\n\n\n<p class=\"\"><\/p>","protected":false},"excerpt":{"rendered":"<p>Arttao.org \u81f4\u529b\u4e8e\u6784\u5efa\u4e00\u4e2a\u878d\u5408\u5fc3\u7406\u7597\u6108\u3001\u827a\u672f\u521b\u9020\u4e0e AI \u4ea4\u4e92\u7684\u7efc\u5408\u5e73\u53f0\u3002\u5728\u8fd9\u4e2a\u8fc7\u7a0b\u4e2d\uff0c\u6211\u4eec\u660e\u767d\u6bcf\u4e00 [&hellip;]<\/p>\n","protected":false},"author":1,"featured_media":0,"parent":0,"menu_order":0,"comment_status":"closed","ping_status":"closed","template":"","meta":{"nf_dc_page":"","om_disable_all_campaigns":false,"_monsterinsights_skip_tracking":false,"_monsterinsights_sitenote_active":false,"_monsterinsights_sitenote_note":"","_monsterinsights_sitenote_category":0,"footnotes":""},"class_list":["post-8014","page","type-page","status-publish","hentry"],"_links":{"self":[{"href":"https:\/\/arttao.org\/de\/wp-json\/wp\/v2\/pages\/8014","targetHints":{"allow":["GET"]}}],"collection":[{"href":"https:\/\/arttao.org\/de\/wp-json\/wp\/v2\/pages"}],"about":[{"href":"https:\/\/arttao.org\/de\/wp-json\/wp\/v2\/types\/page"}],"author":[{"embeddable":true,"href":"https:\/\/arttao.org\/de\/wp-json\/wp\/v2\/users\/1"}],"replies":[{"embeddable":true,"href":"https:\/\/arttao.org\/de\/wp-json\/wp\/v2\/comments?post=8014"}],"version-history":[{"count":20,"href":"https:\/\/arttao.org\/de\/wp-json\/wp\/v2\/pages\/8014\/revisions"}],"predecessor-version":[{"id":11379,"href":"https:\/\/arttao.org\/de\/wp-json\/wp\/v2\/pages\/8014\/revisions\/11379"}],"wp:attachment":[{"href":"https:\/\/arttao.org\/de\/wp-json\/wp\/v2\/media?parent=8014"}],"curies":[{"name":"wp","href":"https:\/\/api.w.org\/{rel}","templated":true}]}}