{"id":12303,"date":"2025-11-07T22:10:31","date_gmt":"2025-11-07T22:10:31","guid":{"rendered":"https:\/\/arttao.org\/?page_id=12303"},"modified":"2025-11-22T23:41:40","modified_gmt":"2025-11-22T23:41:40","slug":"leccion-23-sindrome-de-descamacion-de-la-piel-lecciones-821-840","status":"publish","type":"page","link":"https:\/\/arttao.org\/es\/%e7%ac%ac%e4%ba%8c%e5%8d%81%e4%b8%89%e8%af%be%ef%bc%9a%e7%9a%ae%e8%82%a4%e5%89%a5%e7%a6%bb%e7%97%87%ef%bc%88%e7%ac%ac821%ef%bd%9e840%e8%af%be%ef%bc%89\/","title":{"rendered":"Lecci\u00f3n 23: S\u00edndrome de descamaci\u00f3n de la piel (Lecciones 831-860)"},"content":{"rendered":"<div class=\"healing-outline-wrap\" style=\"max-width:800px;margin:24px auto;font-family:-apple-system,BlinkMacSystemFont,'Segoe UI',Roboto,Helvetica,Arial,sans-serif;line-height:1.6;color:#111;font-size:15px;\"><h2 style=\"font-size:20px;color:#00695c;margin:0 0 16px;font-weight:600;border-left:4px solid #F5DEB3;padding-left:8px;\">Lecci\u00f3n 23: Curso sobre el s\u00edndrome de descamaci\u00f3n de la piel (Lecciones 831-860) \u00b7 Cat\u00e1logo de cursos<\/h2><div style=\"margin:0 0 16px;\"><div style=\"font-size:15px;color:#00695c;font-weight:600;margin-bottom:4px;\">Caracter\u00edsticas de los s\u00edntomas:<\/div><div style=\"font-size:15px;line-height:1.7;color:#333;\">El trastorno de descamaci\u00f3n cut\u00e1nea es un tipo de trastorno de conducta repetitiva centrada en el cuerpo, caracterizado por la descamaci\u00f3n, el rascado y otros comportamientos repetitivos, a menudo desencadenados por ansiedad, tensi\u00f3n o aburrimiento. Si bien este comportamiento proporciona un alivio temporal, suele ir acompa\u00f1ado de dolor, culpa y verg\u00fcenza.<\/div><\/div><div style=\"margin:0 0 24px;\"><div style=\"font-size:15px;color:#00695c;font-weight:600;margin-bottom:4px;\">Objetivos del curso:<\/div><div style=\"font-size:15px;line-height:1.7;color:#333;\">El curso utiliza &quot;conciencia-retraso-sustituci\u00f3n-correcci\u00f3n cognitiva-autoaceptaci\u00f3n&quot; como hilo conductor principal para ayudar a los alumnos a identificar los mecanismos desencadenantes, reducir el impulso de desconectarse y establecer un sistema de autocuidado suave y sostenible.<\/div><\/div><ol style=\"margin:0;padding-left:20px;font-size:15px;color:#111;\"><li style=\"margin:0 0 16px 0;list-style:decimal;\"><div style=\"margin-bottom:4px;\"><a href=\"https:\/\/arttao.org\/es\/leccion-811-comprension-de-las-caracteristicas-y-mecanismos-psicologicos-del-sindrome-de-descamacion-de-la-piel\/\" style=\"color:#00695c;text-decoration:none;border-bottom:1px solid #F5DEB3;font-weight:600;\">Comprender las caracter\u00edsticas y mecanismos psicol\u00f3gicos del s\u00edndrome de descamaci\u00f3n de la piel.<\/a><\/div><div style=\"font-size:14px;line-height:1.6;color:#333;\">Reconocer las caracter\u00edsticas principales del s\u00edndrome de descamaci\u00f3n cut\u00e1nea y comprender su relaci\u00f3n con la ansiedad y el desequilibrio de la autorregulaci\u00f3n.<\/div><\/li><li style=\"margin:0 0 16px 0;list-style:decimal;\"><div style=\"margin-bottom:4px;\"><a href=\"https:\/\/arttao.org\/es\/leccion-812-identificar-y-abordar-conceptos-erroneos-comunes-sobre-la-descamacion-de-la-piel\/\" style=\"color:#00695c;text-decoration:none;border-bottom:1px solid #F5DEB3;font-weight:600;\">Identificar y corregir malentendidos cognitivos sobre la descamaci\u00f3n de la piel<\/a><\/div><div style=\"font-size:14px;line-height:1.6;color:#333;\">Corrige creencias negativas como &quot;No puedo controlarlo&quot; y &quot;Soy raro&quot; y establece un nuevo marco de comprensi\u00f3n.<\/div><\/li><li style=\"margin:0 0 16px 0;list-style:decimal;\"><div style=\"margin-bottom:4px;\"><a href=\"https:\/\/arttao.org\/es\/leccion-813-entrenamiento-en-tecnicas-alternativas-para-reducir-la-descamacion-de-la-piel\/\" style=\"color:#00695c;text-decoration:none;border-bottom:1px solid #F5DEB3;font-weight:600;\">Capacitaci\u00f3n en t\u00e9cnicas alternativas para reducir las conductas de desprendimiento de piel<\/a><\/div><div style=\"font-size:14px;line-height:1.6;color:#333;\">Aprenda comportamientos alternativos seguros: apretar una pelota, masajear, respirar profundamente, enjuagarse con agua fr\u00eda, etc.<\/div><\/li><li style=\"margin:0 0 16px 0;list-style:decimal;\"><div style=\"margin-bottom:4px;\"><a href=\"https:\/\/arttao.org\/es\/leccion-814-mejorar-el-autocontrol-y-reducir-el-comportamiento-impulsivo\/\" style=\"color:#00695c;text-decoration:none;border-bottom:1px solid #F5DEB3;font-weight:600;\">Mejorar el autocontrol y reducir el comportamiento impulsivo.<\/a><\/div><div style=\"font-size:14px;line-height:1.6;color:#333;\">Reforzar la experiencia de control mediante el entrenamiento en sustituci\u00f3n de la conciencia y la demora.<\/div><\/li><li style=\"margin:0 0 16px 0;list-style:decimal;\"><div style=\"margin-bottom:4px;\"><a href=\"https:\/\/arttao.org\/es\/leccion-815-como-afrontar-las-emociones-negativas-y-el-estres-interpersonal-en-el-sindrome-de-descamacion-de-la-piel\/\" style=\"color:#00695c;text-decoration:none;border-bottom:1px solid #F5DEB3;font-weight:600;\">C\u00f3mo afrontar las emociones negativas y el estr\u00e9s interpersonal en el s\u00edndrome de descamaci\u00f3n de la piel<\/a><\/div><div style=\"font-size:14px;line-height:1.6;color:#333;\">Cuando te enfrentes a la verg\u00fcenza, la ansiedad y el malestar social, practica expresarte y buscar apoyo.<\/div><\/li><li style=\"margin:0 0 16px 0;list-style:decimal;\"><div style=\"margin-bottom:4px;\"><a href=\"https:\/\/arttao.org\/es\/leccion-816-establecer-un-mecanismo-de-prevencion-de-recaidas-a-largo-plazo-y-un-plan-de-equilibrio-mente-cuerpo\/\" style=\"color:#00695c;text-decoration:none;border-bottom:1px solid #F5DEB3;font-weight:600;\">Establecer mecanismos de prevenci\u00f3n de reca\u00eddas a largo plazo y un plan de equilibrio mente-cuerpo<\/a><\/div><div style=\"font-size:14px;line-height:1.6;color:#333;\">Establece un ritmo y un mecanismo de relajaci\u00f3n para consolidar una mentalidad estable y el h\u00e1bito de la reflexi\u00f3n.<\/div><\/li><li style=\"margin:0 0 16px 0;list-style:decimal;\"><div style=\"margin-bottom:4px;\"><a href=\"https:\/\/arttao.org\/es\/leccion-837-reconocer-las-senales-de-alerta-y-situaciones-desencadenantes-de-la-descamacion-de-la-piel\/\" style=\"color:#00695c;text-decoration:none;border-bottom:1px solid #F5DEB3;font-weight:600;\">Identificar las se\u00f1ales de alerta y situaciones desencadenantes de la descamaci\u00f3n de la piel<\/a><\/div><div style=\"font-size:14px;line-height:1.6;color:#333;\">Aprenda a reconocer se\u00f1ales tempranas como tensi\u00f3n f\u00edsica, desviaci\u00f3n de la atenci\u00f3n y exploraci\u00f3n con las yemas de los dedos, para poder intervenir y estabilizar el ritmo antes de que los impulsos alcancen su punto m\u00e1ximo.<\/div><\/li><li style=\"margin:0 0 16px 0;list-style:decimal;\"><div style=\"margin-bottom:4px;\"><a href=\"https:\/\/arttao.org\/es\/leccion-838-registro-y-seguimiento-de-patrones-de-comportamiento-de-descamacion-de-la-piel\/\" style=\"color:#00695c;text-decoration:none;border-bottom:1px solid #F5DEB3;font-weight:600;\">Registro y seguimiento de patrones de comportamiento de descamaci\u00f3n de la piel<\/a><\/div><div style=\"font-size:14px;line-height:1.6;color:#333;\">Crea un registro de desencadenantes para registrar el tiempo, la emoci\u00f3n, la ubicaci\u00f3n y la intensidad, lo que te ayudar\u00e1 a ver patrones ocultos y encontrar el punto m\u00e1s temprano en el que puedes intervenir.<\/div><\/li><li style=\"margin:0 0 16px 0;list-style:decimal;\"><div style=\"margin-bottom:4px;\"><a href=\"https:\/\/arttao.org\/es\/leccion-839-entrenamiento-en-movimientos-alternativos-y-modulacion-de-la-estimulacion-sensorial\/\" style=\"color:#00695c;text-decoration:none;border-bottom:1px solid #F5DEB3;font-weight:600;\">Entrenamiento de acondicionamiento mediante estimulaci\u00f3n sensorial y movimientos alternativos<\/a><\/div><div style=\"font-size:14px;line-height:1.6;color:#333;\">Utilice estrategias alternativas como pelotas de cuerda, piedras t\u00e1ctiles y bandas de resistencia para liberar de forma segura la energ\u00eda de ansiedad relacionada con las manos.<\/div><\/li><li style=\"margin:0 0 16px 0;list-style:decimal;\"><div style=\"margin-bottom:4px;\"><a href=\"https:\/\/arttao.org\/es\/leccion-840-reconstruir-desde-el-impulso-hasta-la-autoaceptacion\/\" style=\"color:#00695c;text-decoration:none;border-bottom:1px solid #F5DEB3;font-weight:600;\">Reconstruyendo desde el impulso hasta la autoaceptaci\u00f3n<\/a><\/div><div style=\"font-size:14px;line-height:1.6;color:#333;\">Pasar de \u201cFall\u00e9 otra vez\u201d a \u201cEstoy practicando la comprensi\u00f3n de los impulsos\u201d para establecer una relaci\u00f3n personal m\u00e1s amable y un camino de transici\u00f3n conductual.<\/div><\/li><li style=\"margin:0 0 16px 0;list-style:decimal;\"><div style=\"margin-bottom:4px;\"><a href=\"https:\/\/arttao.org\/es\/leccion-841-comprension-de-las-caracteristicas-y-mecanismos-psicologicos-del-sindrome-de-descamacion-de-la-piel\/\" style=\"color:#00695c;text-decoration:none;border-bottom:1px solid #F5DEB3;font-weight:600;\">Comprender las caracter\u00edsticas y mecanismos psicol\u00f3gicos del s\u00edndrome de descamaci\u00f3n de la piel.<\/a><\/div><div style=\"font-size:14px;line-height:1.6;color:#333;\">Aclarar los tres mecanismos principales del s\u00edndrome de desprendimiento de piel (cognitivo, impulsivo y emocional) establece una base psicol\u00f3gica para estrategias de adaptaci\u00f3n eficaces.<\/div><\/li><li style=\"margin:0 0 16px 0;list-style:decimal;\"><div style=\"margin-bottom:4px;\"><a href=\"https:\/\/arttao.org\/es\/leccion-842-identificar-y-abordar-conceptos-erroneos-comunes-sobre-la-descamacion-de-la-piel\/\" style=\"color:#00695c;text-decoration:none;border-bottom:1px solid #F5DEB3;font-weight:600;\">Identificar y corregir malentendidos cognitivos sobre la descamaci\u00f3n de la piel<\/a><\/div><div style=\"font-size:14px;line-height:1.6;color:#333;\">Reconstruir pensamientos err\u00f3neos como \u201cno puedo parar\u201d y \u201cme veo terrible\u201d para reducir conductas c\u00edclicas impulsadas por la ansiedad.<\/div><\/li><li style=\"margin:0 0 16px 0;list-style:decimal;\"><div style=\"margin-bottom:4px;\"><a href=\"https:\/\/arttao.org\/es\/leccion-843-entrenamiento-en-tecnicas-alternativas-para-reducir-la-descamacion-de-la-piel\/\" style=\"color:#00695c;text-decoration:none;border-bottom:1px solid #F5DEB3;font-weight:600;\">Capacitaci\u00f3n en t\u00e9cnicas alternativas para reducir las conductas de desprendimiento de piel<\/a><\/div><div style=\"font-size:14px;line-height:1.6;color:#333;\">Al entrenar los movimientos de preparaci\u00f3n de las manos, la sustituci\u00f3n t\u00e1ctil estructurada y el cambio de tareas, se reduce la velocidad a la que la inconsciencia conduce a la ejecuci\u00f3n de la acci\u00f3n.<\/div><\/li><li style=\"margin:0 0 16px 0;list-style:decimal;\"><div style=\"margin-bottom:4px;\"><a href=\"https:\/\/arttao.org\/es\/leccion-844-mejorar-el-autocontrol-y-reducir-el-comportamiento-impulsivo\/\" style=\"color:#00695c;text-decoration:none;border-bottom:1px solid #F5DEB3;font-weight:600;\">Mejorar el autocontrol y reducir el comportamiento impulsivo.<\/a><\/div><div style=\"font-size:14px;line-height:1.6;color:#333;\">A trav\u00e9s de la pr\u00e1ctica retardada a peque\u00f1a escala y la acumulaci\u00f3n de experiencias exitosas, fortalezca su sentido de control sobre los impulsos y su sistema de estabilidad interna.<\/div><\/li><li style=\"margin:0 0 16px 0;list-style:decimal;\"><div style=\"margin-bottom:4px;\"><a href=\"https:\/\/arttao.org\/es\/leccion-845-como-afrontar-las-emociones-negativas-y-el-estres-interpersonal-en-el-sindrome-de-descamacion-de-la-piel\/\" style=\"color:#00695c;text-decoration:none;border-bottom:1px solid #F5DEB3;font-weight:600;\">C\u00f3mo afrontar las emociones negativas y el estr\u00e9s interpersonal en el s\u00edndrome de descamaci\u00f3n de la piel<\/a><\/div><div style=\"font-size:14px;line-height:1.6;color:#333;\">Abordar la verg\u00fcenza, la ansiedad, la ocultaci\u00f3n y los malentendidos con los dem\u00e1s; desarrollar formas saludables de expresar emociones y estrategias de comunicaci\u00f3n seguras.<\/div><\/li><li style=\"margin:0 0 16px 0;list-style:decimal;\"><div style=\"margin-bottom:4px;\"><a href=\"https:\/\/arttao.org\/es\/leccion-846-establecer-un-mecanismo-de-prevencion-de-recaidas-a-largo-plazo-y-un-plan-de-equilibrio-mente-cuerpo\/\" style=\"color:#00695c;text-decoration:none;border-bottom:1px solid #F5DEB3;font-weight:600;\">Establecer mecanismos de prevenci\u00f3n de reca\u00eddas a largo plazo y un plan de equilibrio mente-cuerpo<\/a><\/div><div style=\"font-size:14px;line-height:1.6;color:#333;\">Establecer un sistema estable en cuatro \u00e1reas: ritmo, sue\u00f1o, manejo del estr\u00e9s y cuidado de la piel, para reducir el riesgo de rebote durante per\u00edodos de alto estr\u00e9s.<\/div><\/li><li style=\"margin:0 0 16px 0;list-style:decimal;\"><div style=\"margin-bottom:4px;\"><a href=\"https:\/\/arttao.org\/es\/leccion-847-reconocer-las-senales-de-alerta-y-situaciones-desencadenantes-de-la-descamacion-de-la-piel\/\" style=\"color:#00695c;text-decoration:none;border-bottom:1px solid #F5DEB3;font-weight:600;\">Identificar las se\u00f1ales de alerta y situaciones desencadenantes de la descamaci\u00f3n de la piel<\/a><\/div><div style=\"font-size:14px;line-height:1.6;color:#333;\">Mejorar a\u00fan m\u00e1s la sensibilidad a los eventos desencadenantes y a los signos f\u00edsicos, y practicar la concienciaci\u00f3n oportuna y la intervenci\u00f3n temprana.<\/div><\/li><li style=\"margin:0 0 16px 0;list-style:decimal;\"><div style=\"margin-bottom:4px;\"><a href=\"https:\/\/arttao.org\/es\/leccion-848-registro-y-seguimiento-de-patrones-de-comportamiento-de-descamacion-de-la-piel\/\" style=\"color:#00695c;text-decoration:none;border-bottom:1px solid #F5DEB3;font-weight:600;\">Registro y seguimiento de patrones de comportamiento de descamaci\u00f3n de la piel<\/a><\/div><div style=\"font-size:14px;line-height:1.6;color:#333;\">Estructurar registros de comportamiento, incluida la intensidad, el entorno y la distribuci\u00f3n del tiempo, para identificar con mayor precisi\u00f3n los puntos de correcci\u00f3n clave.<\/div><\/li><li style=\"margin:0 0 16px 0;list-style:decimal;\"><div style=\"margin-bottom:4px;\"><a href=\"https:\/\/arttao.org\/es\/leccion-849-entrenamiento-en-movimientos-alternativos-y-modulacion-de-la-estimulacion-sensorial\/\" style=\"color:#00695c;text-decoration:none;border-bottom:1px solid #F5DEB3;font-weight:600;\">Entrenamiento de acondicionamiento mediante estimulaci\u00f3n sensorial y movimientos alternativos<\/a><\/div><div style=\"font-size:14px;line-height:1.6;color:#333;\">Ampliar la biblioteca de acciones alternativas, como est\u00edmulos calientes y fr\u00edos, presi\u00f3n profunda y cambio de objetos t\u00e1ctiles, para fortalecer el canal inmediato del &quot;impulso a la sustituci\u00f3n&quot;.<\/div><\/li><li style=\"margin:0 0 16px 0;list-style:decimal;\"><div style=\"margin-bottom:4px;\"><a href=\"https:\/\/arttao.org\/es\/leccion-850-comprender-la-conexion-entre-la-ansiedad-la-tension-y-la-descamacion-de-la-piel\/\" style=\"color:#00695c;text-decoration:none;border-bottom:1px solid #F5DEB3;font-weight:600;\">Comprender el v\u00ednculo entre la ansiedad, la tensi\u00f3n y la descamaci\u00f3n de la piel.<\/a><\/div><div style=\"font-size:14px;line-height:1.6;color:#333;\">Comprenda los mecanismos de regulaci\u00f3n de la ansiedad detr\u00e1s del comportamiento y aprenda a distinguir entre &quot;liberaci\u00f3n emocional&quot; y &quot;acciones habituales&quot;.<\/div><\/li><li style=\"margin:0 0 16px 0;list-style:decimal;\"><div style=\"margin-bottom:4px;\"><a href=\"https:\/\/arttao.org\/es\/leccion-851-el-metodo-de-tres-pasos-para-retrasar-la-respuesta-al-impulso\/\" style=\"color:#00695c;text-decoration:none;border-bottom:1px solid #F5DEB3;font-weight:600;\">M\u00e9todo de tres pasos para retrasar la respuesta al impulso<\/a><\/div><div style=\"font-size:14px;line-height:1.6;color:#333;\">Practique la estructura de tres pasos de &quot;pausa-sustituir-reevaluar&quot; para crear un amortiguador de intervenci\u00f3n cuando los impulsos aumentan.<\/div><\/li><li style=\"margin:0 0 16px 0;list-style:decimal;\"><div style=\"margin-bottom:4px;\"><a href=\"https:\/\/arttao.org\/es\/leccion-852-metodo-de-revision-de-recaidas-no-punitivo\/\" style=\"color:#00695c;text-decoration:none;border-bottom:1px solid #F5DEB3;font-weight:600;\">M\u00e9todo de revisi\u00f3n de reca\u00eddas no punitivo<\/a><\/div><div style=\"font-size:14px;line-height:1.6;color:#333;\">Analice los puntos de reca\u00edda sin culpar a los dem\u00e1s para establecer un ciclo saludable de \u201ccomprensi\u00f3n-adaptaci\u00f3n-movimiento\u201d, en lugar de autoataque.<\/div><\/li><li style=\"margin:0 0 16px 0;list-style:decimal;\"><div style=\"margin-bottom:4px;\"><a href=\"https:\/\/arttao.org\/es\/leccion-853-mejorar-el-sueno-y-los-horarios-de-sueno-para-reducir-la-impulsividad\/\" style=\"color:#00695c;text-decoration:none;border-bottom:1px solid #F5DEB3;font-weight:600;\">Mejora el sue\u00f1o y la rutina diaria, reduce la frecuencia impulsiva.<\/a><\/div><div style=\"font-size:14px;line-height:1.6;color:#333;\">Optimice el sue\u00f1o, la luz, la dieta y los ritmos circadianos para reducir la necesidad de desconectarse debido a la fatiga y la sobrecarga del sistema nervioso.<\/div><\/li><li style=\"margin:0 0 16px 0;list-style:decimal;\"><div style=\"margin-bottom:4px;\"><a href=\"https:\/\/arttao.org\/es\/leccion-854-liberarse-del-perfeccionismo-y-la-compulsion\/\" style=\"color:#00695c;text-decoration:none;border-bottom:1px solid #F5DEB3;font-weight:600;\">Lib\u00e9rate del perfeccionismo y la compulsi\u00f3n.<\/a><\/div><div style=\"font-size:14px;line-height:1.6;color:#333;\">Comprenda el est\u00e1ndar compulsivo de que &quot;la piel debe ser impecable&quot; y aprenda a relajarse, suavizarse y ser realista acerca de sus expectativas.<\/div><\/li><li style=\"margin:0 0 16px 0;list-style:decimal;\"><div style=\"margin-bottom:4px;\"><a href=\"https:\/\/arttao.org\/es\/leccion-855-mejorar-la-conciencia-corporal-y-restaurar-la-confianza-en-uno-mismo-y-la-seguridad\/\" style=\"color:#00695c;text-decoration:none;border-bottom:1px solid #F5DEB3;font-weight:600;\">Mejorar la conciencia corporal y restaurar el sentido de s\u00ed mismo y de seguridad.<\/a><\/div><div style=\"font-size:14px;line-height:1.6;color:#333;\">A trav\u00e9s del entrenamiento respiratorio, t\u00e1ctil y de escaneo corporal, se reconstruyen la conexi\u00f3n y los l\u00edmites de seguridad con el cuerpo.<\/div><\/li><li style=\"margin:0 0 16px 0;list-style:decimal;\"><div style=\"margin-bottom:4px;\"><a href=\"https:\/\/arttao.org\/es\/leccion-856-ejercicios-de-escritura-para-sanar-el-autoperdon-y-la-verguenza\/\" style=\"color:#00695c;text-decoration:none;border-bottom:1px solid #F5DEB3;font-weight:600;\">Ejercicios de escritura curativa sobre el autoperd\u00f3n y la verg\u00fcenza<\/a><\/div><div style=\"font-size:14px;line-height:1.6;color:#333;\">Al utilizar la escritura terap\u00e9utica para abordar la verg\u00fcenza, la autoculpa y las emociones ocultas, el enfoque cambia del castigo a la recuperaci\u00f3n.<\/div><\/li><li style=\"margin:0 0 16px 0;list-style:decimal;\"><div style=\"margin-bottom:4px;\"><a href=\"https:\/\/arttao.org\/es\/leccion-857-expresando-la-experiencia-de-la-exfoliacion-de-la-piel-mediante-arteterapia\/\" style=\"color:#00695c;text-decoration:none;border-bottom:1px solid #F5DEB3;font-weight:600;\">Utilizando la arteterapia para expresar la experiencia de la descamaci\u00f3n de la piel.<\/a><\/div><div style=\"font-size:14px;line-height:1.6;color:#333;\">Utilizando color, l\u00edneas y texturas para expresar la tensi\u00f3n emocional detr\u00e1s del desprendimiento, permitiendo que la presi\u00f3n invisible encuentre una salida segura.<\/div><\/li><li style=\"margin:0 0 16px 0;list-style:decimal;\"><div style=\"margin-bottom:4px;\"><a href=\"https:\/\/arttao.org\/es\/leccion-858-creacion-de-sistemas-de-apoyo-social-y-planes-de-comunicacion\/\" style=\"color:#00695c;text-decoration:none;border-bottom:1px solid #F5DEB3;font-weight:600;\">Establecer sistemas de apoyo social y planes de comunicaci\u00f3n.<\/a><\/div><div style=\"font-size:14px;line-height:1.6;color:#333;\">Aprenda a expresar sus necesidades a personas de confianza y haga que las conexiones y el apoyo sean un recurso importante para reducir el comportamiento impulsivo.<\/div><\/li><li style=\"margin:0 0 16px 0;list-style:decimal;\"><div style=\"margin-bottom:4px;\"><a href=\"https:\/\/arttao.org\/es\/leccion-859-estrategias-diarias-para-el-mantenimiento-a-largo-plazo-y-la-prevencion-de-recaidas\/\" style=\"color:#00695c;text-decoration:none;border-bottom:1px solid #F5DEB3;font-weight:600;\">Estrategias diarias para el mantenimiento a largo plazo y la prevenci\u00f3n de reca\u00eddas<\/a><\/div><div style=\"font-size:14px;line-height:1.6;color:#333;\">Fortalecer mecanismos de sustituci\u00f3n de conductas, ritmo, cuidado y registro para hacer de la estabilidad una estructura de vida sostenible.<\/div><\/li><li style=\"margin:0 0 16px 0;list-style:decimal;\"><div style=\"margin-bottom:4px;\"><a href=\"https:\/\/arttao.org\/es\/leccion-860-integracion-y-resumen-reconstruccion-mente-cuerpo-del-control-a-la-aceptacion\/\" style=\"color:#00695c;text-decoration:none;border-bottom:1px solid #F5DEB3;font-weight:600;\">Integraci\u00f3n y resumen: del control a la aceptaci\u00f3n: una reconstrucci\u00f3n hol\u00edstica de la mente y el cuerpo<\/a><\/div><div style=\"font-size:14px;line-height:1.6;color:#333;\">Al repasar toda la terapia, \u201creducir la impulsividad\u201d y \u201cmejorar la autoaceptaci\u00f3n\u201d se combinaron en un marco mente-cuerpo estable y a largo plazo.<\/div><\/li><li style=\"margin:0 0 16px 0;list-style:decimal;\"><div style=\"margin-bottom:4px;\"><a href=\"https:\/\/arttao.org\/es\/mandala-de-colores-tradicional-curso-complementario\/\" style=\"color:#00695c;text-decoration:none;border-bottom:1px solid #F5DEB3;font-weight:600;\">Mandala de colores tradicional (curso complementario)<\/a><\/div><div style=\"font-size:14px;line-height:1.6;color:#333;\">Los cursos tradicionales de mandalas de color se centran en el impacto psicol\u00f3gico del color y la autoexpresi\u00f3n.<\/div><\/li><li style=\"margin:0 0 16px 0;list-style:decimal;\"><div style=\"margin-bottom:4px;\"><a href=\"https:\/\/arttao.org\/es\/%e7%ac%ac%e4%b8%89%e5%8d%81%e8%af%be%ef%bc%9a%e7%aa%81%e5%8f%91%e4%ba%8b%e4%bb%b6%e5%bf%83%e7%90%86%e5%88%9b%e4%bc%a4%ef%bc%88%e7%ac%ac1081%ef%bd%9e1120%e8%af%be%ef%bc%89%e8%af%be%e7%a8%8b%e8%af%84\/\" style=\"color:#00695c;text-decoration:none;border-bottom:1px solid #F5DEB3;font-weight:600;\">Lecci\u00f3n 23: S\u00edndrome de descamaci\u00f3n cut\u00e1nea (Lecciones 811-840) Evaluaci\u00f3n del curso<\/a><\/div><div style=\"font-size:14px;line-height:1.6;color:#333;\">Por favor, complete la evaluaci\u00f3n del curso para revisar su aprendizaje y ofrecer sugerencias. Esto le ayudar\u00e1 a profundizar su comprensi\u00f3n y nos ayudar\u00e1 a mejorar el curso.<\/div><\/li><\/ol><div style=\"margin-top:24px;font-size:13px;color:#666;line-height:1.5;background:#fff8dc;border:1px solid #F5DEB3;border-radius:8px;padding:12px 12px;\">Nota: Este contenido es solo para fines de autoconocimiento y pr\u00e1ctica, y no sustituye un diagn\u00f3stico m\u00e9dico profesional. Si experimenta infecciones cut\u00e1neas, autolesiones o ansiedad grave, comun\u00edquese de inmediato con un profesional o un servicio de atenci\u00f3n a crisis.<\/div><\/div>","protected":false},"excerpt":{"rendered":"","protected":false},"author":1,"featured_media":0,"parent":0,"menu_order":0,"comment_status":"closed","ping_status":"closed","template":"","meta":{"nf_dc_page":"","om_disable_all_campaigns":false,"_monsterinsights_skip_tracking":false,"_monsterinsights_sitenote_active":false,"_monsterinsights_sitenote_note":"","_monsterinsights_sitenote_category":0,"footnotes":""},"class_list":["post-12303","page","type-page","status-publish","hentry"],"_links":{"self":[{"href":"https:\/\/arttao.org\/es\/wp-json\/wp\/v2\/pages\/12303","targetHints":{"allow":["GET"]}}],"collection":[{"href":"https:\/\/arttao.org\/es\/wp-json\/wp\/v2\/pages"}],"about":[{"href":"https:\/\/arttao.org\/es\/wp-json\/wp\/v2\/types\/page"}],"author":[{"embeddable":true,"href":"https:\/\/arttao.org\/es\/wp-json\/wp\/v2\/users\/1"}],"replies":[{"embeddable":true,"href":"https:\/\/arttao.org\/es\/wp-json\/wp\/v2\/comments?post=12303"}],"version-history":[{"count":2,"href":"https:\/\/arttao.org\/es\/wp-json\/wp\/v2\/pages\/12303\/revisions"}],"predecessor-version":[{"id":14422,"href":"https:\/\/arttao.org\/es\/wp-json\/wp\/v2\/pages\/12303\/revisions\/14422"}],"wp:attachment":[{"href":"https:\/\/arttao.org\/es\/wp-json\/wp\/v2\/media?parent=12303"}],"curies":[{"name":"gracias","href":"https:\/\/api.w.org\/{rel}","templated":true}]}}