{"id":1239,"date":"2025-03-31T19:42:22","date_gmt":"2025-03-31T19:42:22","guid":{"rendered":"https:\/\/arttao.org\/?page_id=1239"},"modified":"2025-09-29T02:09:17","modified_gmt":"2025-09-29T02:09:17","slug":"problemas-relacionados-con-la-ansiedad","status":"publish","type":"page","link":"https:\/\/arttao.org\/es\/a-%e7%84%a6%e8%99%91%e7%9b%b8%e5%85%b3%e9%97%ae%e9%a2%98\/","title":{"rendered":"A. Problemas relacionados con la ansiedad"},"content":{"rendered":"<p class=\"\"><\/p>\n\n\n\n<figure class=\"wp-block-image size-large is-resized\"><img loading=\"lazy\" decoding=\"async\" width=\"1024\" height=\"665\" src=\"https:\/\/arttao.org\/wp-content\/uploads\/2025\/03\/EaI\u00bcIo_601793887_\u00b4\u00f7\u00a8\u00b9U\u00b5AA\u00aeo\u00a2\u00b7CAEoO\u00b5EIOA22-1024x665.jpg\" alt=\"\" class=\"wp-image-1235\" style=\"width:77px;height:auto\" srcset=\"https:\/\/arttao.org\/wp-content\/uploads\/2025\/03\/EaI\u00bcIo_601793887_\u00b4\u00f7\u00a8\u00b9U\u00b5AA\u00aeo\u00a2\u00b7CAEoO\u00b5EIOA22-1024x665.jpg 1024w, https:\/\/arttao.org\/wp-content\/uploads\/2025\/03\/EaI\u00bcIo_601793887_\u00b4\u00f7\u00a8\u00b9U\u00b5AA\u00aeo\u00a2\u00b7CAEoO\u00b5EIOA22-300x195.jpg 300w, https:\/\/arttao.org\/wp-content\/uploads\/2025\/03\/EaI\u00bcIo_601793887_\u00b4\u00f7\u00a8\u00b9U\u00b5AA\u00aeo\u00a2\u00b7CAEoO\u00b5EIOA22-768x499.jpg 768w, https:\/\/arttao.org\/wp-content\/uploads\/2025\/03\/EaI\u00bcIo_601793887_\u00b4\u00f7\u00a8\u00b9U\u00b5AA\u00aeo\u00a2\u00b7CAEoO\u00b5EIOA22-1536x998.jpg 1536w, https:\/\/arttao.org\/wp-content\/uploads\/2025\/03\/EaI\u00bcIo_601793887_\u00b4\u00f7\u00a8\u00b9U\u00b5AA\u00aeo\u00a2\u00b7CAEoO\u00b5EIOA22-2048x1330.jpg 2048w\" sizes=\"auto, (max-width: 1024px) 100vw, 1024px\" \/><\/figure>\n\n\n\n<p class=\"\"><a href=\"https:\/\/arttao.org\/es\/1-trastorno-de-ansiedad-generalizada-v2\/\" data-type=\"page\" data-id=\"1279\">s-1:<strong>Trastorno de ansiedad generalizada<\/strong><\/a><\/p>\n\n\n\n<p class=\"has-small-font-size\">Este curso te ayudar\u00e1 a comprender las causas de la preocupaci\u00f3n cr\u00f3nica y persistente, e identificar\u00e1 las manifestaciones de la ansiedad en tu vida. Te ense\u00f1ar\u00e1 t\u00e9cnicas de relajaci\u00f3n y ajustes mentales para reducir gradualmente la tensi\u00f3n y la ansiedad, y mejorar tu capacidad para afrontar el estr\u00e9s.<\/p>\n\n\n\n<figure class=\"wp-block-image size-large is-resized\"><img loading=\"lazy\" decoding=\"async\" width=\"1024\" height=\"665\" src=\"https:\/\/arttao.org\/wp-content\/uploads\/2025\/03\/EaI\u00bcIo_601793887_\u00b4\u00f7\u00a8\u00b9U\u00b5AA\u00aeo\u00a2\u00b7CAEoO\u00b5EIOA22-1024x665.jpg\" alt=\"\" class=\"wp-image-1235\" style=\"width:72px;height:auto\" srcset=\"https:\/\/arttao.org\/wp-content\/uploads\/2025\/03\/EaI\u00bcIo_601793887_\u00b4\u00f7\u00a8\u00b9U\u00b5AA\u00aeo\u00a2\u00b7CAEoO\u00b5EIOA22-1024x665.jpg 1024w, https:\/\/arttao.org\/wp-content\/uploads\/2025\/03\/EaI\u00bcIo_601793887_\u00b4\u00f7\u00a8\u00b9U\u00b5AA\u00aeo\u00a2\u00b7CAEoO\u00b5EIOA22-300x195.jpg 300w, https:\/\/arttao.org\/wp-content\/uploads\/2025\/03\/EaI\u00bcIo_601793887_\u00b4\u00f7\u00a8\u00b9U\u00b5AA\u00aeo\u00a2\u00b7CAEoO\u00b5EIOA22-768x499.jpg 768w, https:\/\/arttao.org\/wp-content\/uploads\/2025\/03\/EaI\u00bcIo_601793887_\u00b4\u00f7\u00a8\u00b9U\u00b5AA\u00aeo\u00a2\u00b7CAEoO\u00b5EIOA22-1536x998.jpg 1536w, https:\/\/arttao.org\/wp-content\/uploads\/2025\/03\/EaI\u00bcIo_601793887_\u00b4\u00f7\u00a8\u00b9U\u00b5AA\u00aeo\u00a2\u00b7CAEoO\u00b5EIOA22-2048x1330.jpg 2048w\" sizes=\"auto, (max-width: 1024px) 100vw, 1024px\" \/><\/figure>\n\n\n\n<p class=\"\">&nbsp;<a href=\"https:\/\/arttao.org\/es\/2-ansiedad-social\/\" data-type=\"page\" data-id=\"11001\">s-2:<strong>ansiedad social<\/strong><\/a><\/p>\n\n\n\n<p class=\"has-small-font-size\">Este curso te ayudar\u00e1 a comprender tus patrones de ansiedad y evitaci\u00f3n en situaciones sociales, y a desarrollar habilidades de autoaceptaci\u00f3n y comunicaci\u00f3n. Mediante ejercicios pr\u00e1cticos y t\u00e9cnicas de mindfulness, te ayudar\u00e1 a desarrollar gradualmente tu confianza social y a establecer relaciones aut\u00e9nticas y relajadas.<\/p>\n\n\n\n<figure class=\"wp-block-image size-large is-resized\"><img loading=\"lazy\" decoding=\"async\" width=\"1024\" height=\"665\" src=\"https:\/\/arttao.org\/wp-content\/uploads\/2025\/03\/EaI\u00bcIo_601793887_\u00b4\u00f7\u00a8\u00b9U\u00b5AA\u00aeo\u00a2\u00b7CAEoO\u00b5EIOA22-1-1024x665.jpg\" alt=\"\" class=\"wp-image-1240\" style=\"width:72px;height:auto\" srcset=\"https:\/\/arttao.org\/wp-content\/uploads\/2025\/03\/EaI\u00bcIo_601793887_\u00b4\u00f7\u00a8\u00b9U\u00b5AA\u00aeo\u00a2\u00b7CAEoO\u00b5EIOA22-1-1024x665.jpg 1024w, https:\/\/arttao.org\/wp-content\/uploads\/2025\/03\/EaI\u00bcIo_601793887_\u00b4\u00f7\u00a8\u00b9U\u00b5AA\u00aeo\u00a2\u00b7CAEoO\u00b5EIOA22-1-300x195.jpg 300w, https:\/\/arttao.org\/wp-content\/uploads\/2025\/03\/EaI\u00bcIo_601793887_\u00b4\u00f7\u00a8\u00b9U\u00b5AA\u00aeo\u00a2\u00b7CAEoO\u00b5EIOA22-1-768x499.jpg 768w, https:\/\/arttao.org\/wp-content\/uploads\/2025\/03\/EaI\u00bcIo_601793887_\u00b4\u00f7\u00a8\u00b9U\u00b5AA\u00aeo\u00a2\u00b7CAEoO\u00b5EIOA22-1-1536x998.jpg 1536w, https:\/\/arttao.org\/wp-content\/uploads\/2025\/03\/EaI\u00bcIo_601793887_\u00b4\u00f7\u00a8\u00b9U\u00b5AA\u00aeo\u00a2\u00b7CAEoO\u00b5EIOA22-1-2048x1330.jpg 2048w\" sizes=\"auto, (max-width: 1024px) 100vw, 1024px\" \/><\/figure>\n\n\n\n<p class=\"\">&nbsp;&nbsp;<a href=\"https:\/\/arttao.org\/es\/3-miedos-especificos\/\" data-type=\"page\" data-id=\"11003\">s-3:<strong>Miedos espec\u00edficos<\/strong><\/a><\/p>\n\n\n\n<p class=\"has-small-font-size\">Concentrarse en los miedos intensos que surgen de situaciones u objetos espec\u00edficos le ayudar\u00e1 a comprender sus mecanismos de formaci\u00f3n. Mediante la exposici\u00f3n gradual y el entrenamiento de relajaci\u00f3n, aprender\u00e1 a afrontar sus miedos y a recuperar gradualmente la libertad y la seguridad.<\/p>\n\n\n\n<figure class=\"wp-block-image size-large is-resized\"><img loading=\"lazy\" decoding=\"async\" width=\"1024\" height=\"665\" src=\"https:\/\/arttao.org\/wp-content\/uploads\/2025\/03\/EaI\u00bcIo_601793887_\u00b4\u00f7\u00a8\u00b9U\u00b5AA\u00aeo\u00a2\u00b7CAEoO\u00b5EIOA22-1-1024x665.jpg\" alt=\"\" class=\"wp-image-1240\" style=\"width:74px;height:auto\" srcset=\"https:\/\/arttao.org\/wp-content\/uploads\/2025\/03\/EaI\u00bcIo_601793887_\u00b4\u00f7\u00a8\u00b9U\u00b5AA\u00aeo\u00a2\u00b7CAEoO\u00b5EIOA22-1-1024x665.jpg 1024w, https:\/\/arttao.org\/wp-content\/uploads\/2025\/03\/EaI\u00bcIo_601793887_\u00b4\u00f7\u00a8\u00b9U\u00b5AA\u00aeo\u00a2\u00b7CAEoO\u00b5EIOA22-1-300x195.jpg 300w, https:\/\/arttao.org\/wp-content\/uploads\/2025\/03\/EaI\u00bcIo_601793887_\u00b4\u00f7\u00a8\u00b9U\u00b5AA\u00aeo\u00a2\u00b7CAEoO\u00b5EIOA22-1-768x499.jpg 768w, https:\/\/arttao.org\/wp-content\/uploads\/2025\/03\/EaI\u00bcIo_601793887_\u00b4\u00f7\u00a8\u00b9U\u00b5AA\u00aeo\u00a2\u00b7CAEoO\u00b5EIOA22-1-1536x998.jpg 1536w, https:\/\/arttao.org\/wp-content\/uploads\/2025\/03\/EaI\u00bcIo_601793887_\u00b4\u00f7\u00a8\u00b9U\u00b5AA\u00aeo\u00a2\u00b7CAEoO\u00b5EIOA22-1-2048x1330.jpg 2048w\" sizes=\"auto, (max-width: 1024px) 100vw, 1024px\" \/><\/figure>\n\n\n\n<p class=\"\">&nbsp;&nbsp;<a href=\"https:\/\/arttao.org\/es\/4-trastorno-de-panico\/\" data-type=\"page\" data-id=\"11005\">s-4:<strong>Trastorno de p\u00e1nico<\/strong><\/a><\/p>\n\n\n\n<p class=\"has-small-font-size\">Este curso te ayuda a comprender los s\u00edntomas y las reacciones f\u00edsicas de los ataques de p\u00e1nico repentinos, distinguiendo entre peligro y falsas alarmas. Este curso ofrece entrenamiento de respiraci\u00f3n, relajaci\u00f3n y cognitivo para ayudarte a reducir el miedo y a recuperar gradualmente el control de tu vida y tu cuerpo.<\/p>\n\n\n\n<figure class=\"wp-block-image size-large is-resized\"><img loading=\"lazy\" decoding=\"async\" width=\"1024\" height=\"665\" src=\"https:\/\/arttao.org\/wp-content\/uploads\/2025\/03\/EaI\u00bcIo_601793887_\u00b4\u00f7\u00a8\u00b9U\u00b5AA\u00aeo\u00a2\u00b7CAEoO\u00b5EIOA22-1-1024x665.jpg\" alt=\"\" class=\"wp-image-1240\" style=\"width:75px;height:auto\" srcset=\"https:\/\/arttao.org\/wp-content\/uploads\/2025\/03\/EaI\u00bcIo_601793887_\u00b4\u00f7\u00a8\u00b9U\u00b5AA\u00aeo\u00a2\u00b7CAEoO\u00b5EIOA22-1-1024x665.jpg 1024w, https:\/\/arttao.org\/wp-content\/uploads\/2025\/03\/EaI\u00bcIo_601793887_\u00b4\u00f7\u00a8\u00b9U\u00b5AA\u00aeo\u00a2\u00b7CAEoO\u00b5EIOA22-1-300x195.jpg 300w, https:\/\/arttao.org\/wp-content\/uploads\/2025\/03\/EaI\u00bcIo_601793887_\u00b4\u00f7\u00a8\u00b9U\u00b5AA\u00aeo\u00a2\u00b7CAEoO\u00b5EIOA22-1-768x499.jpg 768w, https:\/\/arttao.org\/wp-content\/uploads\/2025\/03\/EaI\u00bcIo_601793887_\u00b4\u00f7\u00a8\u00b9U\u00b5AA\u00aeo\u00a2\u00b7CAEoO\u00b5EIOA22-1-1536x998.jpg 1536w, https:\/\/arttao.org\/wp-content\/uploads\/2025\/03\/EaI\u00bcIo_601793887_\u00b4\u00f7\u00a8\u00b9U\u00b5AA\u00aeo\u00a2\u00b7CAEoO\u00b5EIOA22-1-2048x1330.jpg 2048w\" sizes=\"auto, (max-width: 1024px) 100vw, 1024px\" \/><\/figure>\n\n\n\n<p class=\"\">&nbsp;&nbsp;<a href=\"https:\/\/arttao.org\/es\/5-agorafobia\/\" data-type=\"page\" data-id=\"11007\">s-5:<strong>agorafobia<\/strong><\/a><\/p>\n\n\n\n<p class=\"has-small-font-size\">Explora las ansiedades y los miedos que surgen al estar en p\u00fablico o al escapar de situaciones dif\u00edciles. Este curso combina una exposici\u00f3n gradual con t\u00e9cnicas de autocontrol para ayudarte a ampliar gradualmente tu abanico de actividades y a recuperar la seguridad en tu entorno.<\/p>\n\n\n\n<figure class=\"wp-block-image size-large is-resized\"><img loading=\"lazy\" decoding=\"async\" width=\"1024\" height=\"665\" src=\"https:\/\/arttao.org\/wp-content\/uploads\/2025\/03\/EaI\u00bcIo_601793887_\u00b4\u00f7\u00a8\u00b9U\u00b5AA\u00aeo\u00a2\u00b7CAEoO\u00b5EIOA22-1024x665.jpg\" alt=\"\" class=\"wp-image-1235\" style=\"width:74px;height:auto\" srcset=\"https:\/\/arttao.org\/wp-content\/uploads\/2025\/03\/EaI\u00bcIo_601793887_\u00b4\u00f7\u00a8\u00b9U\u00b5AA\u00aeo\u00a2\u00b7CAEoO\u00b5EIOA22-1024x665.jpg 1024w, https:\/\/arttao.org\/wp-content\/uploads\/2025\/03\/EaI\u00bcIo_601793887_\u00b4\u00f7\u00a8\u00b9U\u00b5AA\u00aeo\u00a2\u00b7CAEoO\u00b5EIOA22-300x195.jpg 300w, https:\/\/arttao.org\/wp-content\/uploads\/2025\/03\/EaI\u00bcIo_601793887_\u00b4\u00f7\u00a8\u00b9U\u00b5AA\u00aeo\u00a2\u00b7CAEoO\u00b5EIOA22-768x499.jpg 768w, https:\/\/arttao.org\/wp-content\/uploads\/2025\/03\/EaI\u00bcIo_601793887_\u00b4\u00f7\u00a8\u00b9U\u00b5AA\u00aeo\u00a2\u00b7CAEoO\u00b5EIOA22-1536x998.jpg 1536w, https:\/\/arttao.org\/wp-content\/uploads\/2025\/03\/EaI\u00bcIo_601793887_\u00b4\u00f7\u00a8\u00b9U\u00b5AA\u00aeo\u00a2\u00b7CAEoO\u00b5EIOA22-2048x1330.jpg 2048w\" sizes=\"auto, (max-width: 1024px) 100vw, 1024px\" \/><\/figure>\n\n\n\n<p class=\"\">&nbsp;&nbsp;s-<a href=\"https:\/\/arttao.org\/es\/6-ansiedad-por-separacion\/\" data-type=\"page\" data-id=\"11009\">6:<strong>ansiedad por separaci\u00f3n<\/strong><\/a><\/p>\n\n\n\n<p class=\"has-small-font-size\">Este curso te ayuda a comprender la ansiedad y la dependencia que causa la separaci\u00f3n, as\u00ed como la importancia de la conexi\u00f3n emocional. Tambi\u00e9n proporciona m\u00e9todos para autoconsolarte y construir redes de apoyo, mejorando gradualmente la sensaci\u00f3n de independencia y un apego seguro.<br><\/p>\n\n\n\n<figure class=\"wp-block-image size-large is-resized\"><img loading=\"lazy\" decoding=\"async\" width=\"1024\" height=\"665\" src=\"https:\/\/arttao.org\/wp-content\/uploads\/2025\/03\/EaI\u00bcIo_601793887_\u00b4\u00f7\u00a8\u00b9U\u00b5AA\u00aeo\u00a2\u00b7CAEoO\u00b5EIOA22-1024x665.jpg\" alt=\"\" class=\"wp-image-1235\" style=\"width:74px;height:auto\" srcset=\"https:\/\/arttao.org\/wp-content\/uploads\/2025\/03\/EaI\u00bcIo_601793887_\u00b4\u00f7\u00a8\u00b9U\u00b5AA\u00aeo\u00a2\u00b7CAEoO\u00b5EIOA22-1024x665.jpg 1024w, https:\/\/arttao.org\/wp-content\/uploads\/2025\/03\/EaI\u00bcIo_601793887_\u00b4\u00f7\u00a8\u00b9U\u00b5AA\u00aeo\u00a2\u00b7CAEoO\u00b5EIOA22-300x195.jpg 300w, https:\/\/arttao.org\/wp-content\/uploads\/2025\/03\/EaI\u00bcIo_601793887_\u00b4\u00f7\u00a8\u00b9U\u00b5AA\u00aeo\u00a2\u00b7CAEoO\u00b5EIOA22-768x499.jpg 768w, https:\/\/arttao.org\/wp-content\/uploads\/2025\/03\/EaI\u00bcIo_601793887_\u00b4\u00f7\u00a8\u00b9U\u00b5AA\u00aeo\u00a2\u00b7CAEoO\u00b5EIOA22-1536x998.jpg 1536w, https:\/\/arttao.org\/wp-content\/uploads\/2025\/03\/EaI\u00bcIo_601793887_\u00b4\u00f7\u00a8\u00b9U\u00b5AA\u00aeo\u00a2\u00b7CAEoO\u00b5EIOA22-2048x1330.jpg 2048w\" sizes=\"auto, (max-width: 1024px) 100vw, 1024px\" \/><\/figure>\n\n\n\n<p class=\"\">\u00a0\u00a0<a href=\"http:\/\/s-7:\u9009\u62e9\u6027\u7f04\u9ed8\u75c7\" data-type=\"link\" data-id=\"s-7:\u9009\u62e9\u6027\u7f04\u9ed8\u75c7\">\u00a0<\/a><a href=\"https:\/\/arttao.org\/es\/7-mutismo-selectivo-v\/\" data-type=\"page\" data-id=\"1402\">s-7:<strong>Mutismo selectivo (ni\u00f1os)<\/strong><\/a><\/p>\n\n\n\n<p class=\"has-small-font-size\">Este curso se centra en el silencio y la dificultad para expresarse en situaciones espec\u00edficas, ayud\u00e1ndote a comprender su base psicol\u00f3gica. Tambi\u00e9n ofrece ejercicios paso a paso y estrategias de apoyo que te permitir\u00e1n empezar a comunicarte poco a poco y recuperar gradualmente tu voz y confianza.<\/p>\n\n\n\n<p class=\"\"><\/p>\n\n\n\n<figure class=\"wp-block-image size-large is-resized\"><img loading=\"lazy\" decoding=\"async\" width=\"1024\" height=\"665\" src=\"https:\/\/arttao.org\/wp-content\/uploads\/2025\/06\/EaI\u00bcIo_601793887_\u00b4\u00f7\u00a8\u00b9U\u00b5AA\u00aeo\u00a2\u00b7CAEoO\u00b5EIOA22-1024x665.jpg\" alt=\"\" class=\"wp-image-6930\" style=\"width:73px;height:auto\" srcset=\"https:\/\/arttao.org\/wp-content\/uploads\/2025\/06\/EaI\u00bcIo_601793887_\u00b4\u00f7\u00a8\u00b9U\u00b5AA\u00aeo\u00a2\u00b7CAEoO\u00b5EIOA22-1024x665.jpg 1024w, https:\/\/arttao.org\/wp-content\/uploads\/2025\/06\/EaI\u00bcIo_601793887_\u00b4\u00f7\u00a8\u00b9U\u00b5AA\u00aeo\u00a2\u00b7CAEoO\u00b5EIOA22-300x195.jpg 300w, https:\/\/arttao.org\/wp-content\/uploads\/2025\/06\/EaI\u00bcIo_601793887_\u00b4\u00f7\u00a8\u00b9U\u00b5AA\u00aeo\u00a2\u00b7CAEoO\u00b5EIOA22-768x499.jpg 768w, https:\/\/arttao.org\/wp-content\/uploads\/2025\/06\/EaI\u00bcIo_601793887_\u00b4\u00f7\u00a8\u00b9U\u00b5AA\u00aeo\u00a2\u00b7CAEoO\u00b5EIOA22-1536x998.jpg 1536w, https:\/\/arttao.org\/wp-content\/uploads\/2025\/06\/EaI\u00bcIo_601793887_\u00b4\u00f7\u00a8\u00b9U\u00b5AA\u00aeo\u00a2\u00b7CAEoO\u00b5EIOA22-2048x1330.jpg 2048w\" sizes=\"auto, (max-width: 1024px) 100vw, 1024px\" \/><\/figure>\n\n\n\n<p class=\"\"><a href=\"https:\/\/arttao.org\/es\/s-8-problemas-relacionados-con-la-ansiedad-resumen-de-la-leccion\/\" data-type=\"page\" data-id=\"11053\">s-8:<strong>Resumen de problemas relacionados con la ansiedad<\/strong><\/a><\/p>\n\n\n\n<p class=\"has-small-font-size\">Este curso repasa las caracter\u00edsticas principales y las estrategias de afrontamiento para diversos trastornos de ansiedad, ayud\u00e1ndote a integrar tu aprendizaje. Tambi\u00e9n proporciona autoevaluaci\u00f3n y orientaci\u00f3n pr\u00e1ctica para desarrollar estrategias de autoayuda a largo plazo y buscar apoyo.<\/p>","protected":false},"excerpt":{"rendered":"<p>s-1\uff1a\u5e7f\u6cdb\u6027\u7126\u8651 \u5e2e\u52a9\u4f60\u7406\u89e3\u957f\u671f\u3001\u6301\u7eed\u62c5\u5fe7\u7684\u6839\u6e90\uff0c\u8fa8\u8bc6\u7126\u8651\u5728\u751f\u6d3b\u4e2d\u7684\u8868\u73b0\u3002\u8bfe\u7a0b\u5c06\u5e26\u9886\u4f60\u5b66\u4e60\u653e\u677e\u6280\u5de7\u4e0e\u601d\u7ef4\u8c03\u6574 [&hellip;]<\/p>\n","protected":false},"author":1,"featured_media":0,"parent":0,"menu_order":0,"comment_status":"closed","ping_status":"closed","template":"","meta":{"nf_dc_page":"","om_disable_all_campaigns":false,"_monsterinsights_skip_tracking":false,"_monsterinsights_sitenote_active":false,"_monsterinsights_sitenote_note":"","_monsterinsights_sitenote_category":0,"footnotes":""},"class_list":["post-1239","page","type-page","status-publish","hentry"],"_links":{"self":[{"href":"https:\/\/arttao.org\/es\/wp-json\/wp\/v2\/pages\/1239","targetHints":{"allow":["GET"]}}],"collection":[{"href":"https:\/\/arttao.org\/es\/wp-json\/wp\/v2\/pages"}],"about":[{"href":"https:\/\/arttao.org\/es\/wp-json\/wp\/v2\/types\/page"}],"author":[{"embeddable":true,"href":"https:\/\/arttao.org\/es\/wp-json\/wp\/v2\/users\/1"}],"replies":[{"embeddable":true,"href":"https:\/\/arttao.org\/es\/wp-json\/wp\/v2\/comments?post=1239"}],"version-history":[{"count":15,"href":"https:\/\/arttao.org\/es\/wp-json\/wp\/v2\/pages\/1239\/revisions"}],"predecessor-version":[{"id":11125,"href":"https:\/\/arttao.org\/es\/wp-json\/wp\/v2\/pages\/1239\/revisions\/11125"}],"wp:attachment":[{"href":"https:\/\/arttao.org\/es\/wp-json\/wp\/v2\/media?parent=1239"}],"curies":[{"name":"gracias","href":"https:\/\/api.w.org\/{rel}","templated":true}]}}