{"id":1251,"date":"2025-03-31T20:19:15","date_gmt":"2025-03-31T20:19:15","guid":{"rendered":"https:\/\/arttao.org\/?page_id=1251"},"modified":"2025-08-16T18:30:08","modified_gmt":"2025-08-16T18:30:08","slug":"una-prueba-psicologica","status":"publish","type":"page","link":"https:\/\/arttao.org\/es\/a-%e5%bf%83%e7%90%86%e6%b5%8b%e8%af%95\/","title":{"rendered":"AG. Pruebas psicol\u00f3gicas"},"content":{"rendered":"<p class=\"\"><\/p>\n\n\n\n<p class=\"\"><\/p>\n\n\n\n<figure class=\"wp-block-image size-large is-resized\"><img loading=\"lazy\" decoding=\"async\" width=\"1024\" height=\"647\" src=\"https:\/\/arttao.org\/wp-content\/uploads\/2025\/03\/EaI\u00bcIo_601830466_\u00b2EE\u00b5A\u00bfE\u00b0\u00aeEUA\u00ae\u00b7CAEoO\u00b5EIOA22-1024x647.jpg\" alt=\"\" class=\"wp-image-1243\" style=\"width:82px;height:auto\" srcset=\"https:\/\/arttao.org\/wp-content\/uploads\/2025\/03\/EaI\u00bcIo_601830466_\u00b2EE\u00b5A\u00bfE\u00b0\u00aeEUA\u00ae\u00b7CAEoO\u00b5EIOA22-1024x647.jpg 1024w, https:\/\/arttao.org\/wp-content\/uploads\/2025\/03\/EaI\u00bcIo_601830466_\u00b2EE\u00b5A\u00bfE\u00b0\u00aeEUA\u00ae\u00b7CAEoO\u00b5EIOA22-300x189.jpg 300w, https:\/\/arttao.org\/wp-content\/uploads\/2025\/03\/EaI\u00bcIo_601830466_\u00b2EE\u00b5A\u00bfE\u00b0\u00aeEUA\u00ae\u00b7CAEoO\u00b5EIOA22-768x485.jpg 768w, https:\/\/arttao.org\/wp-content\/uploads\/2025\/03\/EaI\u00bcIo_601830466_\u00b2EE\u00b5A\u00bfE\u00b0\u00aeEUA\u00ae\u00b7CAEoO\u00b5EIOA22-1536x970.jpg 1536w, https:\/\/arttao.org\/wp-content\/uploads\/2025\/03\/EaI\u00bcIo_601830466_\u00b2EE\u00b5A\u00bfE\u00b0\u00aeEUA\u00ae\u00b7CAEoO\u00b5EIOA22-2048x1294.jpg 2048w\" sizes=\"auto, (max-width: 1024px) 100vw, 1024px\" \/><\/figure>\n\n\n\n<p class=\"\"><a href=\"https:\/\/arttao.org\/es\/prueba-de-preguntas-y-respuestas-socraticas-sobre-la-ansiedad\/\" data-type=\"page\" data-id=\"6853\">A. <strong>Preguntas y respuestas socr\u00e1ticas - Test de preguntas relacionadas con la ansiedad<\/strong><\/a><\/p>\n\n\n\n<p class=\"has-small-font-size\">Los problemas de ansiedad se manifiestan como una preocupaci\u00f3n persistente y excesiva por eventos futuros, a menudo sin una amenaza espec\u00edfica. Los trastornos de ansiedad comunes incluyen el trastorno de ansiedad generalizada, la ansiedad social, las fobias, el trastorno de p\u00e1nico y el mutismo selectivo. Los pacientes experimentan fuertes reacciones fisiol\u00f3gicas como ansiedad, tensi\u00f3n, taquicardia, sudoraci\u00f3n, dificultad para respirar y malestar estomacal. Al mismo tiempo, pueden presentar conductas de evitaci\u00f3n, como evitar eventos sociales, no poder estar solos y no atreverse a entrar en ciertos lugares. Los problemas de ansiedad afectan el funcionamiento diario, limitando la libertad de movimiento y la calidad de vida de la persona. A menudo se relaciona con la capacidad de afrontamiento y el autoconocimiento, y tambi\u00e9n puede deberse a una combinaci\u00f3n de factores como las experiencias de la infancia, el estr\u00e9s y la personalidad.<\/p>\n\n\n\n<figure class=\"wp-block-image size-large is-resized\"><img loading=\"lazy\" decoding=\"async\" width=\"1024\" height=\"647\" src=\"https:\/\/arttao.org\/wp-content\/uploads\/2025\/03\/EaI\u00bcIo_601830466_\u00b2EE\u00b5A\u00bfE\u00b0\u00aeEUA\u00ae\u00b7CAEoO\u00b5EIOA22-1024x647.jpg\" alt=\"\" class=\"wp-image-1243\" style=\"width:78px;height:auto\" srcset=\"https:\/\/arttao.org\/wp-content\/uploads\/2025\/03\/EaI\u00bcIo_601830466_\u00b2EE\u00b5A\u00bfE\u00b0\u00aeEUA\u00ae\u00b7CAEoO\u00b5EIOA22-1024x647.jpg 1024w, https:\/\/arttao.org\/wp-content\/uploads\/2025\/03\/EaI\u00bcIo_601830466_\u00b2EE\u00b5A\u00bfE\u00b0\u00aeEUA\u00ae\u00b7CAEoO\u00b5EIOA22-300x189.jpg 300w, https:\/\/arttao.org\/wp-content\/uploads\/2025\/03\/EaI\u00bcIo_601830466_\u00b2EE\u00b5A\u00bfE\u00b0\u00aeEUA\u00ae\u00b7CAEoO\u00b5EIOA22-768x485.jpg 768w, https:\/\/arttao.org\/wp-content\/uploads\/2025\/03\/EaI\u00bcIo_601830466_\u00b2EE\u00b5A\u00bfE\u00b0\u00aeEUA\u00ae\u00b7CAEoO\u00b5EIOA22-1536x970.jpg 1536w, https:\/\/arttao.org\/wp-content\/uploads\/2025\/03\/EaI\u00bcIo_601830466_\u00b2EE\u00b5A\u00bfE\u00b0\u00aeEUA\u00ae\u00b7CAEoO\u00b5EIOA22-2048x1294.jpg 2048w\" sizes=\"auto, (max-width: 1024px) 100vw, 1024px\" \/><\/figure>\n\n\n\n<p class=\"\"><a href=\"https:\/\/arttao.org\/es\/b-preguntas-y-respuestas-socraticas-prueba-de-preguntas-relacionadas-con-la-depresion\/\" data-type=\"page\" data-id=\"6864\">B. <strong>Preguntas y respuestas socr\u00e1ticas - Test de preguntas relacionadas con la depresi\u00f3n<\/strong><\/a><\/p>\n\n\n\n<h5 class=\"wp-block-heading has-small-font-size\">La depresi\u00f3n es un trastorno psicol\u00f3gico que se caracteriza por un estado de \u00e1nimo bajo. Los s\u00edntomas comunes incluyen tristeza persistente, p\u00e9rdida de inter\u00e9s en las actividades cotidianas, abnegaci\u00f3n, fatiga, disminuci\u00f3n de la concentraci\u00f3n e incluso sentimientos de desesperanza y pensamientos suicidas. Los casos graves tambi\u00e9n se acompa\u00f1an de cambios en el apetito o el peso, problemas de sue\u00f1o, entumecimiento emocional y dolor f\u00edsico. La depresi\u00f3n no es un estado de \u00e1nimo bajo temporal, sino un estado psicol\u00f3gico que dura m\u00e1s de dos semanas y afecta significativamente la funcionalidad. Puede tener causas hereditarias, traumas vitales, aislamiento social y estr\u00e9s prolongado. La depresi\u00f3n prolongada tambi\u00e9n puede provocar un deterioro de la funci\u00f3n social, aislamiento interpersonal y falta de sentido en la vida. La expresi\u00f3n emocional oportuna y la intervenci\u00f3n profesional son fundamentales.<\/h5>\n\n\n\n<figure class=\"wp-block-image size-large is-resized\"><img loading=\"lazy\" decoding=\"async\" width=\"1024\" height=\"647\" src=\"https:\/\/arttao.org\/wp-content\/uploads\/2025\/03\/EaI\u00bcIo_601830466_\u00b2EE\u00b5A\u00bfE\u00b0\u00aeEUA\u00ae\u00b7CAEoO\u00b5EIOA22-1024x647.jpg\" alt=\"\" class=\"wp-image-1243\" style=\"width:78px;height:auto\" srcset=\"https:\/\/arttao.org\/wp-content\/uploads\/2025\/03\/EaI\u00bcIo_601830466_\u00b2EE\u00b5A\u00bfE\u00b0\u00aeEUA\u00ae\u00b7CAEoO\u00b5EIOA22-1024x647.jpg 1024w, https:\/\/arttao.org\/wp-content\/uploads\/2025\/03\/EaI\u00bcIo_601830466_\u00b2EE\u00b5A\u00bfE\u00b0\u00aeEUA\u00ae\u00b7CAEoO\u00b5EIOA22-300x189.jpg 300w, https:\/\/arttao.org\/wp-content\/uploads\/2025\/03\/EaI\u00bcIo_601830466_\u00b2EE\u00b5A\u00bfE\u00b0\u00aeEUA\u00ae\u00b7CAEoO\u00b5EIOA22-768x485.jpg 768w, https:\/\/arttao.org\/wp-content\/uploads\/2025\/03\/EaI\u00bcIo_601830466_\u00b2EE\u00b5A\u00bfE\u00b0\u00aeEUA\u00ae\u00b7CAEoO\u00b5EIOA22-1536x970.jpg 1536w, https:\/\/arttao.org\/wp-content\/uploads\/2025\/03\/EaI\u00bcIo_601830466_\u00b2EE\u00b5A\u00bfE\u00b0\u00aeEUA\u00ae\u00b7CAEoO\u00b5EIOA22-2048x1294.jpg 2048w\" sizes=\"auto, (max-width: 1024px) 100vw, 1024px\" \/><\/figure>\n\n\n\n<p class=\"\"><a href=\"https:\/\/arttao.org\/es\/c-prueba-de-socrates-de-problemas-obsesivo-compulsivos-e-impulsivos\/\" data-type=\"page\" data-id=\"6866\">DO. <strong>Preguntas socr\u00e1ticas - Prueba de preguntas compulsivas e impulsivas<\/strong><\/a><\/p>\n\n\n\n<p class=\"has-small-font-size\">Estos problemas incluyen el trastorno obsesivo-compulsivo y el trastorno del control de impulsos. La caracter\u00edstica principal es que las personas tienen pensamientos y comportamientos incontrolables (obsesivos) y compulsivos (compulsivos o impulsivos) de forma recurrente, que no pueden detenerse incluso sabiendo que son irracionales. Los pacientes con trastorno obsesivo-compulsivo pueden sentirse perturbados por pensamientos como &quot;\u00bfEst\u00e1 limpio?&quot; y &quot;\u00bfEs seguro?&quot;, y alivian la ansiedad lav\u00e1ndose las manos y comprobando repetidamente. Los trastornos impulsivos se manifiestan como comportamientos impulsivos repentinos, como la ira, el robo, el juego y la sobrealimentaci\u00f3n. Las personas suelen sentirse culpables y autoculparse despu\u00e9s, pero a\u00fan les resulta dif\u00edcil resistir el impulso la pr\u00f3xima vez. Estos problemas se ven profundamente afectados por sesgos cognitivos, circuitos neuronales anormales y una capacidad de autorregulaci\u00f3n insuficiente, y a menudo interfieren con el ritmo de vida y las relaciones interpersonales.<\/p>\n\n\n\n<figure class=\"wp-block-image size-large is-resized\"><img loading=\"lazy\" decoding=\"async\" width=\"1024\" height=\"647\" src=\"https:\/\/arttao.org\/wp-content\/uploads\/2025\/03\/EaI\u00bcIo_601830466_\u00b2EE\u00b5A\u00bfE\u00b0\u00aeEUA\u00ae\u00b7CAEoO\u00b5EIOA22-1024x647.jpg\" alt=\"\" class=\"wp-image-1243\" style=\"width:79px;height:auto\" srcset=\"https:\/\/arttao.org\/wp-content\/uploads\/2025\/03\/EaI\u00bcIo_601830466_\u00b2EE\u00b5A\u00bfE\u00b0\u00aeEUA\u00ae\u00b7CAEoO\u00b5EIOA22-1024x647.jpg 1024w, https:\/\/arttao.org\/wp-content\/uploads\/2025\/03\/EaI\u00bcIo_601830466_\u00b2EE\u00b5A\u00bfE\u00b0\u00aeEUA\u00ae\u00b7CAEoO\u00b5EIOA22-300x189.jpg 300w, https:\/\/arttao.org\/wp-content\/uploads\/2025\/03\/EaI\u00bcIo_601830466_\u00b2EE\u00b5A\u00bfE\u00b0\u00aeEUA\u00ae\u00b7CAEoO\u00b5EIOA22-768x485.jpg 768w, https:\/\/arttao.org\/wp-content\/uploads\/2025\/03\/EaI\u00bcIo_601830466_\u00b2EE\u00b5A\u00bfE\u00b0\u00aeEUA\u00ae\u00b7CAEoO\u00b5EIOA22-1536x970.jpg 1536w, https:\/\/arttao.org\/wp-content\/uploads\/2025\/03\/EaI\u00bcIo_601830466_\u00b2EE\u00b5A\u00bfE\u00b0\u00aeEUA\u00ae\u00b7CAEoO\u00b5EIOA22-2048x1294.jpg 2048w\" sizes=\"auto, (max-width: 1024px) 100vw, 1024px\" \/><\/figure>\n\n\n\n<p class=\"\"><a href=\"https:\/\/arttao.org\/es\/d-prueba-de-trauma-y-estres-socratico\/\" data-type=\"page\" data-id=\"6870\">D. <strong>Preguntas socr\u00e1ticas - Test de trauma y estr\u00e9s<\/strong><\/a><\/p>\n\n\n\n<p class=\"has-small-font-size\">Estos problemas surgen cuando una persona experimenta o presencia un evento extremadamente doloroso, potencialmente mortal o que pone en peligro su seguridad, como un accidente, violencia, abuso o un cambio importante. Los trastornos comunes incluyen el trastorno de estr\u00e9s postraum\u00e1tico (TEPT), el trastorno de estr\u00e9s agudo y el trastorno de adaptaci\u00f3n. Los pacientes pueden recordar repetidamente la escena traum\u00e1tica (flashbacks), tener pesadillas, experimentar inestabilidad emocional y volverse excesivamente alertas. Tambi\u00e9n pueden evitar deliberadamente escenas, personas o temas relacionados con el trauma. El trauma puede causar aislamiento psicol\u00f3gico persistente, autodisociaci\u00f3n, p\u00e9rdida de confianza e incluso afectar la percepci\u00f3n de la realidad. Las reacciones traum\u00e1ticas a largo plazo sin tratamiento pueden transformarse en ansiedad cr\u00f3nica, depresi\u00f3n y conductas autolesivas, lo que requiere intervenci\u00f3n psicol\u00f3gica profesional y capacitaci\u00f3n en recuperaci\u00f3n psicol\u00f3gica.<\/p>\n\n\n\n<figure class=\"wp-block-image size-large is-resized\"><img loading=\"lazy\" decoding=\"async\" width=\"1024\" height=\"647\" src=\"https:\/\/arttao.org\/wp-content\/uploads\/2025\/03\/EaI\u00bcIo_601830466_\u00b2EE\u00b5A\u00bfE\u00b0\u00aeEUA\u00ae\u00b7CAEoO\u00b5EIOA22-1024x647.jpg\" alt=\"\" class=\"wp-image-1243\" style=\"width:74px;height:auto\" srcset=\"https:\/\/arttao.org\/wp-content\/uploads\/2025\/03\/EaI\u00bcIo_601830466_\u00b2EE\u00b5A\u00bfE\u00b0\u00aeEUA\u00ae\u00b7CAEoO\u00b5EIOA22-1024x647.jpg 1024w, https:\/\/arttao.org\/wp-content\/uploads\/2025\/03\/EaI\u00bcIo_601830466_\u00b2EE\u00b5A\u00bfE\u00b0\u00aeEUA\u00ae\u00b7CAEoO\u00b5EIOA22-300x189.jpg 300w, https:\/\/arttao.org\/wp-content\/uploads\/2025\/03\/EaI\u00bcIo_601830466_\u00b2EE\u00b5A\u00bfE\u00b0\u00aeEUA\u00ae\u00b7CAEoO\u00b5EIOA22-768x485.jpg 768w, https:\/\/arttao.org\/wp-content\/uploads\/2025\/03\/EaI\u00bcIo_601830466_\u00b2EE\u00b5A\u00bfE\u00b0\u00aeEUA\u00ae\u00b7CAEoO\u00b5EIOA22-1536x970.jpg 1536w, https:\/\/arttao.org\/wp-content\/uploads\/2025\/03\/EaI\u00bcIo_601830466_\u00b2EE\u00b5A\u00bfE\u00b0\u00aeEUA\u00ae\u00b7CAEoO\u00b5EIOA22-2048x1294.jpg 2048w\" sizes=\"auto, (max-width: 1024px) 100vw, 1024px\" \/><\/figure>\n\n\n\n<p class=\"\"><a href=\"https:\/\/arttao.org\/es\/preguntas-sobre-cambios-de-humor-de-socrates\/\" data-type=\"page\" data-id=\"6898\">MI. <strong>Preguntas y respuestas socr\u00e1ticas - Test de cambios de humor<\/strong><\/a><\/p>\n\n\n\n<p class=\"has-small-font-size\">Los cambios de humor se manifiestan como reacciones emocionales intensas e inestables, con fluctuaciones significativas del estado de \u00e1nimo y dificultad para autorregularse. Estos problemas pueden incluir trastornos de la regulaci\u00f3n del estado de \u00e1nimo, trastorno bipolar y trastornos de la personalidad. Las personas pueden experimentar cambios r\u00e1pidos de entusiasmo y alegr\u00eda a ira y desesperaci\u00f3n en un corto per\u00edodo de tiempo, a menudo acompa\u00f1ados de comportamiento impulsivo, relaciones tensas y cambios extremos en la autoestima. Los cambios de humor pueden interferir significativamente con el trabajo, los estudios y las relaciones interpersonales, y a menudo hacen que las personas se sientan &quot;fuera de control&quot;. Estos problemas suelen estar relacionados con factores como el apego temprano, la inestabilidad de la identidad personal y la falta de claridad en los l\u00edmites. El proceso de sanaci\u00f3n se centra en construir estabilidad interna y sistemas de autoapoyo.<\/p>\n\n\n\n<figure class=\"wp-block-image size-large is-resized\"><img loading=\"lazy\" decoding=\"async\" width=\"1024\" height=\"647\" src=\"https:\/\/arttao.org\/wp-content\/uploads\/2025\/03\/EaI\u00bcIo_601830466_\u00b2EE\u00b5A\u00bfE\u00b0\u00aeEUA\u00ae\u00b7CAEoO\u00b5EIOA22-1024x647.jpg\" alt=\"\" class=\"wp-image-1243\" style=\"width:76px;height:auto\" srcset=\"https:\/\/arttao.org\/wp-content\/uploads\/2025\/03\/EaI\u00bcIo_601830466_\u00b2EE\u00b5A\u00bfE\u00b0\u00aeEUA\u00ae\u00b7CAEoO\u00b5EIOA22-1024x647.jpg 1024w, https:\/\/arttao.org\/wp-content\/uploads\/2025\/03\/EaI\u00bcIo_601830466_\u00b2EE\u00b5A\u00bfE\u00b0\u00aeEUA\u00ae\u00b7CAEoO\u00b5EIOA22-300x189.jpg 300w, https:\/\/arttao.org\/wp-content\/uploads\/2025\/03\/EaI\u00bcIo_601830466_\u00b2EE\u00b5A\u00bfE\u00b0\u00aeEUA\u00ae\u00b7CAEoO\u00b5EIOA22-768x485.jpg 768w, https:\/\/arttao.org\/wp-content\/uploads\/2025\/03\/EaI\u00bcIo_601830466_\u00b2EE\u00b5A\u00bfE\u00b0\u00aeEUA\u00ae\u00b7CAEoO\u00b5EIOA22-1536x970.jpg 1536w, https:\/\/arttao.org\/wp-content\/uploads\/2025\/03\/EaI\u00bcIo_601830466_\u00b2EE\u00b5A\u00bfE\u00b0\u00aeEUA\u00ae\u00b7CAEoO\u00b5EIOA22-2048x1294.jpg 2048w\" sizes=\"auto, (max-width: 1024px) 100vw, 1024px\" \/><\/figure>\n\n\n\n<p class=\"\"><a href=\"https:\/\/arttao.org\/es\/f-problemas-de-sueno-y-fisicos\/\" data-type=\"page\" data-id=\"6997\">F. <strong>Preguntas socr\u00e1ticas: Prueba de sue\u00f1o y problemas f\u00edsicos<\/strong><\/a><\/p>\n\n\n\n<p class=\"has-small-font-size\">Los problemas de sue\u00f1o, como la dificultad para conciliar el sue\u00f1o, despertares tempranos, despertarse con facilidad, sue\u00f1os frecuentes y fatiga diurna, pueden indicar diversos problemas psicol\u00f3gicos. Los trastornos del sue\u00f1o a largo plazo pueden afectar la estabilidad emocional, la memoria y el sistema inmunitario. Los s\u00edntomas de somatizaci\u00f3n se manifiestan como molestias f\u00edsicas recurrentes (como dolores de cabeza, dolores de est\u00f3mago, dificultad para respirar y palpitaciones), para las cuales los ex\u00e1menes m\u00e9dicos no revelan una causa clara. Los pacientes son sensibles a los cambios corporales y su ansiedad interna a menudo se expresa a trav\u00e9s del lenguaje corporal. Estos problemas suelen estar relacionados con el estr\u00e9s, la represi\u00f3n emocional y un autocontrol excesivo. Muchos pacientes buscan inicialmente ayuda m\u00e9dica, pero en realidad requieren terapia psicol\u00f3gica. Restablecer los ritmos de sue\u00f1o y fortalecer la conexi\u00f3n entre cuerpo y mente son componentes cruciales del tratamiento.<\/p>\n\n\n\n<figure class=\"wp-block-image size-large is-resized\"><img loading=\"lazy\" decoding=\"async\" width=\"1024\" height=\"647\" src=\"https:\/\/arttao.org\/wp-content\/uploads\/2025\/03\/EaI\u00bcIo_601830466_\u00b2EE\u00b5A\u00bfE\u00b0\u00aeEUA\u00ae\u00b7CAEoO\u00b5EIOA22-1024x647.jpg\" alt=\"\" class=\"wp-image-1243\" style=\"width:78px;height:auto\" srcset=\"https:\/\/arttao.org\/wp-content\/uploads\/2025\/03\/EaI\u00bcIo_601830466_\u00b2EE\u00b5A\u00bfE\u00b0\u00aeEUA\u00ae\u00b7CAEoO\u00b5EIOA22-1024x647.jpg 1024w, https:\/\/arttao.org\/wp-content\/uploads\/2025\/03\/EaI\u00bcIo_601830466_\u00b2EE\u00b5A\u00bfE\u00b0\u00aeEUA\u00ae\u00b7CAEoO\u00b5EIOA22-300x189.jpg 300w, https:\/\/arttao.org\/wp-content\/uploads\/2025\/03\/EaI\u00bcIo_601830466_\u00b2EE\u00b5A\u00bfE\u00b0\u00aeEUA\u00ae\u00b7CAEoO\u00b5EIOA22-768x485.jpg 768w, https:\/\/arttao.org\/wp-content\/uploads\/2025\/03\/EaI\u00bcIo_601830466_\u00b2EE\u00b5A\u00bfE\u00b0\u00aeEUA\u00ae\u00b7CAEoO\u00b5EIOA22-1536x970.jpg 1536w, https:\/\/arttao.org\/wp-content\/uploads\/2025\/03\/EaI\u00bcIo_601830466_\u00b2EE\u00b5A\u00bfE\u00b0\u00aeEUA\u00ae\u00b7CAEoO\u00b5EIOA22-2048x1294.jpg 2048w\" sizes=\"auto, (max-width: 1024px) 100vw, 1024px\" \/><\/figure>\n\n\n\n<p class=\"\"><a href=\"https:\/\/arttao.org\/es\/h1-dependencia-y-adiccion\/\" data-type=\"page\" data-id=\"7032\">GRAMO.<strong>Preguntas y respuestas socr\u00e1ticas - Test de dependencia y adicci\u00f3n<\/strong><\/a><\/p>\n\n\n\n<p class=\"has-small-font-size\">La dependencia no se limita a sustancias (como el alcohol, la nicotina y las drogas), sino que tambi\u00e9n abarca adicciones conductuales, como la adicci\u00f3n a internet, el juego, la adicci\u00f3n emocional y la adicci\u00f3n al trabajo. Se caracteriza por comportamientos repetitivos e incontrolables que persisten a pesar de las consecuencias negativas. La adicci\u00f3n brinda placer a corto plazo, pero gradualmente priva a las personas de su libertad y voluntad, llegando incluso a perjudicar su salud, sus relaciones y su carrera profesional. La adicci\u00f3n a menudo surge de una profunda sensaci\u00f3n de vac\u00edo, una falta de autorregulaci\u00f3n o una tendencia a evitar el dolor psicol\u00f3gico. Un tratamiento eficaz requiere pasar del &quot;control&quot; a la &quot;comprensi\u00f3n&quot;, restaurando gradualmente la autonom\u00eda interior mediante el desarrollo de patrones de apego saludables, un sentido de valor y comportamientos alternativos.<\/p>","protected":false},"excerpt":{"rendered":"<p>A. \u82cf\u683c\u62c9\u5e95\u95ee\u7b54-\u7126\u8651\u76f8\u5173\u95ee\u9898\u6d4b\u8bd5 \u7126\u8651\u95ee\u9898\u8868\u73b0\u4e3a\u5bf9\u672a\u6765\u4e8b\u4ef6\u6301\u7eed\u4e14\u8fc7\u5ea6\u7684\u62c5\u5fe7\uff0c\u5f80\u5f80\u7f3a\u4e4f\u5177\u4f53\u7684\u5a01\u80c1\u4f9d\u636e\u3002\u5e38\u89c1\u7684 [&hellip;]<\/p>\n","protected":false},"author":1,"featured_media":0,"parent":0,"menu_order":0,"comment_status":"closed","ping_status":"closed","template":"","meta":{"nf_dc_page":"","om_disable_all_campaigns":false,"_monsterinsights_skip_tracking":false,"_monsterinsights_sitenote_active":false,"_monsterinsights_sitenote_note":"","_monsterinsights_sitenote_category":0,"footnotes":""},"class_list":["post-1251","page","type-page","status-publish","hentry"],"_links":{"self":[{"href":"https:\/\/arttao.org\/es\/wp-json\/wp\/v2\/pages\/1251","targetHints":{"allow":["GET"]}}],"collection":[{"href":"https:\/\/arttao.org\/es\/wp-json\/wp\/v2\/pages"}],"about":[{"href":"https:\/\/arttao.org\/es\/wp-json\/wp\/v2\/types\/page"}],"author":[{"embeddable":true,"href":"https:\/\/arttao.org\/es\/wp-json\/wp\/v2\/users\/1"}],"replies":[{"embeddable":true,"href":"https:\/\/arttao.org\/es\/wp-json\/wp\/v2\/comments?post=1251"}],"version-history":[{"count":20,"href":"https:\/\/arttao.org\/es\/wp-json\/wp\/v2\/pages\/1251\/revisions"}],"predecessor-version":[{"id":8874,"href":"https:\/\/arttao.org\/es\/wp-json\/wp\/v2\/pages\/1251\/revisions\/8874"}],"wp:attachment":[{"href":"https:\/\/arttao.org\/es\/wp-json\/wp\/v2\/media?parent=1251"}],"curies":[{"name":"gracias","href":"https:\/\/api.w.org\/{rel}","templated":true}]}}