{"id":12593,"date":"2025-11-11T05:01:06","date_gmt":"2025-11-11T05:01:06","guid":{"rendered":"https:\/\/arttao.org\/?page_id=12593"},"modified":"2025-11-11T05:01:06","modified_gmt":"2025-11-11T05:01:06","slug":"leccion-38-hipersomnia-lecciones-1361-1400","status":"publish","type":"page","link":"https:\/\/arttao.org\/es\/%e7%ac%ac%e4%b8%89%e5%8d%81%e5%85%ab%e8%af%be%ef%bc%9a%e5%97%9c%e7%9d%a1%e7%97%87%ef%bc%88%e7%ac%ac1361%ef%bd%9e1400%e8%af%be%ef%bc%89\/","title":{"rendered":"Lecci\u00f3n 38: Hipersomnia (Lecciones 1361-1400)"},"content":{"rendered":"<div class=\"healing-outline-wrap\" style=\"max-width:800px;margin:24px auto;font-family:-apple-system,BlinkMacSystemFont,'Segoe UI',Roboto,Helvetica,Arial,sans-serif;line-height:1.6;color:#111;font-size:15px;\"><h2 style=\"font-size:20px;color:#00695c;margin:0 0 16px;font-weight:600;border-left:4px solid #F5DEB3;padding-left:8px;\">Lecci\u00f3n 38: Hipersomnia (Somnolencia excesiva) (Lecciones 1381-1400) \u00b7 Cat\u00e1logo de cursos<\/h2><div style=\"margin:0 0 16px;\"><div style=\"font-size:15px;color:#00695c;font-weight:600;margin-bottom:4px;\">Caracter\u00edsticas de los s\u00edntomas:<\/div><div style=\"font-size:15px;line-height:1.7;color:#333;\">La hipersomnia se caracteriza por una somnolencia diurna excesiva y puede estar acompa\u00f1ada de ataques de sue\u00f1o, inercia del sue\u00f1o, disminuci\u00f3n de la atenci\u00f3n\/memoria y riesgos de seguridad; a menudo est\u00e1 entrelazada con trastornos del ritmo circadiano y factores emocionales y metab\u00f3licos.<\/div><\/div><div style=\"margin:0 0 24px;\"><div style=\"font-size:15px;color:#00695c;font-weight:600;margin-bottom:4px;\">Objetivos del curso:<\/div><div style=\"font-size:15px;line-height:1.7;color:#333;\">Bajo la premisa de la seguridad, realizar evaluaciones estandarizadas y adoptar un enfoque integral de &quot;ritmo y exposici\u00f3n a la luz - activaci\u00f3n conductual - reparaci\u00f3n de la estructura del sue\u00f1o - colaboraci\u00f3n m\u00e9dica y farmacol\u00f3gica - seguimiento a largo plazo&quot; para mejorar el estado de alerta y la funci\u00f3n diurna.<\/div><\/div><ol style=\"margin:0;padding-left:20px;font-size:15px;color:#111;\"><li style=\"margin:0 0 16px 0;list-style:decimal;\"><div style=\"margin-bottom:4px;\"><a href=\"https:\/\/arttao.org\/es\/%e7%ac%ac1361%e8%af%be%ef%bc%9a%e5%97%9c%e7%9d%a1%e7%97%87%e7%9a%84%e6%a6%82%e8%bf%b0\/\" style=\"color:#00695c;text-decoration:none;border-bottom:1px solid #F5DEB3;font-weight:600;\">Descripci\u00f3n general de la narcolepsia<\/a><\/div><div style=\"font-size:14px;line-height:1.6;color:#333;\">Comprender las caracter\u00edsticas y clasificaciones principales de la hipersomnia, y distinguir entre hipersomnia primaria y secundaria, establecer\u00e1 un marco general para la evaluaci\u00f3n e intervenci\u00f3n posteriores.<\/div><\/li><li style=\"margin:0 0 16px 0;list-style:decimal;\"><div style=\"margin-bottom:4px;\"><a href=\"https:\/\/arttao.org\/es\/leccion-1362-sintomas-y-manifestaciones-de-la-narcolepsia\/\" style=\"color:#00695c;text-decoration:none;border-bottom:1px solid #F5DEB3;font-weight:600;\">S\u00edntomas y manifestaciones de la narcolepsia<\/a><\/div><div style=\"font-size:14px;line-height:1.6;color:#333;\">Identifique s\u00edntomas como somnolencia diurna excesiva, agresividad del sue\u00f1o, inercia del sue\u00f1o y disminuci\u00f3n de la atenci\u00f3n y la memoria, y cree una lista de verificaci\u00f3n de autoobservaci\u00f3n.<\/div><\/li><li style=\"margin:0 0 16px 0;list-style:decimal;\"><div style=\"margin-bottom:4px;\"><a href=\"https:\/\/arttao.org\/es\/%e7%ac%ac1363%e8%af%be%ef%bc%9a%e5%97%9c%e7%9d%a1%e7%97%87%e7%9a%84%e6%88%90%e5%9b%a0%e4%b8%8e%e9%a3%8e%e9%99%a9%e5%9b%a0%e7%b4%a0\/\" style=\"color:#00695c;text-decoration:none;border-bottom:1px solid #F5DEB3;font-weight:600;\">Causas y factores de riesgo de la narcolepsia<\/a><\/div><div style=\"font-size:14px;line-height:1.6;color:#333;\">Comprender las ra\u00edces multifactoriales de la somnolencia excesiva desde dimensiones como la estructura del sue\u00f1o, el ritmo circadiano, el metabolismo\/medicaci\u00f3n, las emociones y el estilo de vida.<\/div><\/li><li style=\"margin:0 0 16px 0;list-style:decimal;\"><div style=\"margin-bottom:4px;\"><a href=\"https:\/\/arttao.org\/es\/%e7%ac%ac1364%e8%af%be%ef%bc%9a%e5%97%9c%e7%9d%a1%e7%97%87%e7%9a%84%e8%af%8a%e6%96%ad%e4%b8%8e%e8%af%84%e4%bc%b0\/\" style=\"color:#00695c;text-decoration:none;border-bottom:1px solid #F5DEB3;font-weight:600;\">Diagn\u00f3stico y evaluaci\u00f3n de la narcolepsia<\/a><\/div><div style=\"font-size:14px;line-height:1.6;color:#333;\">Este art\u00edculo presenta entrevistas cl\u00ednicas, diarios de sue\u00f1o, escalas y, cuando sea necesario, polisomnograf\u00eda para formar una v\u00eda de evaluaci\u00f3n estandarizada.<\/div><\/li><li style=\"margin:0 0 16px 0;list-style:decimal;\"><div style=\"margin-bottom:4px;\"><a href=\"https:\/\/arttao.org\/es\/%e7%ac%ac1365%e8%af%be%ef%bc%9a%e5%97%9c%e7%9d%a1%e7%97%87%e7%9a%84%e6%b2%bb%e7%96%97%e4%b8%8e%e7%ae%a1%e7%90%86\/\" style=\"color:#00695c;text-decoration:none;border-bottom:1px solid #F5DEB3;font-weight:600;\">Tratamiento y manejo de la narcolepsia<\/a><\/div><div style=\"font-size:14px;line-height:1.6;color:#333;\">Descripci\u00f3n general de los tratamientos basados en evidencia y atenci\u00f3n de seguimiento, incluida la terapia farmacol\u00f3gica, las intervenciones conductuales, el control del ritmo y la luz y las modificaciones del estilo de vida.<\/div><\/li><li style=\"margin:0 0 16px 0;list-style:decimal;\"><div style=\"margin-bottom:4px;\"><a href=\"https:\/\/arttao.org\/es\/leccion-1386-como-identificar-la-somnolencia-diurna-excesiva\/\" style=\"color:#00695c;text-decoration:none;border-bottom:1px solid #F5DEB3;font-weight:600;\">C\u00f3mo identificar la somnolencia diurna excesiva<\/a><\/div><div style=\"font-size:14px;line-height:1.6;color:#333;\">Distinguir entre somnolencia y fatiga, cuantificar el grado de somnolencia e identificar per\u00edodos y tareas de alto riesgo.<\/div><\/li><li style=\"margin:0 0 16px 0;list-style:decimal;\"><div style=\"margin-bottom:4px;\"><a href=\"https:\/\/arttao.org\/es\/leccion-1387-inercia-del-sueno-y-dificultad-para-despertarse-por-la-manana\/\" style=\"color:#00695c;text-decoration:none;border-bottom:1px solid #F5DEB3;font-weight:600;\">Inercia del sue\u00f1o y dificultad para despertarse por la ma\u00f1ana<\/a><\/div><div style=\"font-size:14px;line-height:1.6;color:#333;\">Analizar las causas del aturdimiento prolongado y la reacci\u00f3n lenta despu\u00e9s de despertarse, y entrenar estrategias de excitaci\u00f3n suave y activaci\u00f3n segmentada.<\/div><\/li><li style=\"margin:0 0 16px 0;list-style:decimal;\"><div style=\"margin-bottom:4px;\"><a href=\"https:\/\/arttao.org\/es\/leccion-1388-inicio-repentino-del-sueno-y-ataque-de-sueno\/\" style=\"color:#00695c;text-decoration:none;border-bottom:1px solid #F5DEB3;font-weight:600;\">Inicio repentino del sue\u00f1o y ataque de sue\u00f1o<\/a><\/div><div style=\"font-size:14px;line-height:1.6;color:#333;\">Identificar los desencadenantes y los riesgos de seguridad del inicio repentino del sue\u00f1o y desarrollar planes de protecci\u00f3n a nivel ambiental y conductual.<\/div><\/li><li style=\"margin:0 0 16px 0;list-style:decimal;\"><div style=\"margin-bottom:4px;\"><a href=\"https:\/\/arttao.org\/es\/leccion-1389-sintomas-de-somnolencia-durante-el-trabajo-y-el-estudio\/\" style=\"color:#00695c;text-decoration:none;border-bottom:1px solid #F5DEB3;font-weight:600;\">Somnolencia excesiva durante el trabajo y el estudio<\/a><\/div><div style=\"font-size:14px;line-height:1.6;color:#333;\">Identifique per\u00edodos de baja actividad y tipos de tareas, y dise\u00f1e segmentos de trabajo r\u00edtmicos, microdescansos e inserciones de iluminaci\u00f3n\/actividad.<\/div><\/li><li style=\"margin:0 0 16px 0;list-style:decimal;\"><div style=\"margin-bottom:4px;\"><a href=\"https:\/\/arttao.org\/es\/leccion-1390-la-relacion-entre-el-estado-de-animo-y-la-somnolencia-excesiva\/\" style=\"color:#00695c;text-decoration:none;border-bottom:1px solid #F5DEB3;font-weight:600;\">El v\u00ednculo entre el estado de \u00e1nimo y la somnolencia frecuente<\/a><\/div><div style=\"font-size:14px;line-height:1.6;color:#333;\">Comprender la interacci\u00f3n bidireccional entre la carga emocional, el estr\u00e9s y la somnolencia, y establecer una continuidad entre la reducci\u00f3n del estr\u00e9s diurno y la recuperaci\u00f3n nocturna.<\/div><\/li><li style=\"margin:0 0 16px 0;list-style:decimal;\"><div style=\"margin-bottom:4px;\"><a href=\"https:\/\/arttao.org\/es\/leccion-1391-la-diferencia-entre-la-mala-calidad-del-sueno-y-la-somnolencia-excesiva\/\" style=\"color:#00695c;text-decoration:none;border-bottom:1px solid #F5DEB3;font-weight:600;\">La diferencia entre una mala calidad del sue\u00f1o y una somnolencia excesiva<\/a><\/div><div style=\"font-size:14px;line-height:1.6;color:#333;\">Diferenciar entre la somnolencia causada por un sue\u00f1o nocturno inestable y la hipersomnia primaria para evitar diagn\u00f3sticos err\u00f3neos e intervenciones ineficaces.<\/div><\/li><li style=\"margin:0 0 16px 0;list-style:decimal;\"><div style=\"margin-bottom:4px;\"><a href=\"https:\/\/arttao.org\/es\/leccion-1392-eliminacion-del-sindrome-de-privacion-del-sueno\/\" style=\"color:#00695c;text-decoration:none;border-bottom:1px solid #F5DEB3;font-weight:600;\">Exclusi\u00f3n del s\u00edndrome de privaci\u00f3n del sue\u00f1o<\/a><\/div><div style=\"font-size:14px;line-height:1.6;color:#333;\">Los efectos de la privaci\u00f3n del sue\u00f1o a largo plazo se descartaron mediante una evaluaci\u00f3n de la adecuaci\u00f3n de las oportunidades de sue\u00f1o y pruebas de recuperaci\u00f3n del sue\u00f1o.<\/div><\/li><li style=\"margin:0 0 16px 0;list-style:decimal;\"><div style=\"margin-bottom:4px;\"><a href=\"https:\/\/arttao.org\/es\/leccion-1393-somnolencia-inducida-por-farmacos\/\" style=\"color:#00695c;text-decoration:none;border-bottom:1px solid #F5DEB3;font-weight:600;\">Somnolencia inducida por f\u00e1rmacos<\/a><\/div><div style=\"font-size:14px;line-height:1.6;color:#333;\">Identificar los efectos secundarios de la somnolencia causados por sedantes, antidepresivos y antihistam\u00ednicos y colaborar con los m\u00e9dicos para optimizar los planes de tratamiento.<\/div><\/li><li style=\"margin:0 0 16px 0;list-style:decimal;\"><div style=\"margin-bottom:4px;\"><a href=\"https:\/\/arttao.org\/es\/leccion-1394-enfermedades-metabolicas-y-somnolencia\/\" style=\"color:#00695c;text-decoration:none;border-bottom:1px solid #F5DEB3;font-weight:600;\">Enfermedades metab\u00f3licas y somnolencia<\/a><\/div><div style=\"font-size:14px;line-height:1.6;color:#333;\">Preste atenci\u00f3n a factores metab\u00f3licos como la funci\u00f3n tiroidea, el az\u00facar en sangre y la anemia, y aclare las indicaciones de derivaci\u00f3n y examen m\u00e9dico.<\/div><\/li><li style=\"margin:0 0 16px 0;list-style:decimal;\"><div style=\"margin-bottom:4px;\"><a href=\"https:\/\/arttao.org\/es\/leccion-1395-sueno-excesivo-relacionado-con-la-depresion\/\" style=\"color:#00695c;text-decoration:none;border-bottom:1px solid #F5DEB3;font-weight:600;\">Sue\u00f1o excesivo relacionado con la depresi\u00f3n<\/a><\/div><div style=\"font-size:14px;line-height:1.6;color:#333;\">Comprender las manifestaciones de la somnolencia excesiva en los trastornos del estado de \u00e1nimo y establecer un enfoque de intervenci\u00f3n coordinado para el estado de \u00e1nimo y el sue\u00f1o.<\/div><\/li><li style=\"margin:0 0 16px 0;list-style:decimal;\"><div style=\"margin-bottom:4px;\"><a href=\"https:\/\/arttao.org\/es\/leccion-1396-estructura-anormal-del-sueno-nocturno-y-somnolencia-excesiva\/\" style=\"color:#00695c;text-decoration:none;border-bottom:1px solid #F5DEB3;font-weight:600;\">Anormalidades en la estructura del sue\u00f1o nocturno y somnolencia excesiva<\/a><\/div><div style=\"font-size:14px;line-height:1.6;color:#333;\">El estudio explica las fuentes de la somnolencia diurna analizando la proporci\u00f3n de sue\u00f1o profundo, la distribuci\u00f3n del sue\u00f1o REM y el despertar fragmentado, y propone un enfoque estructurado para reparar la somnolencia.<\/div><\/li><li style=\"margin:0 0 16px 0;list-style:decimal;\"><div style=\"margin-bottom:4px;\"><a href=\"https:\/\/arttao.org\/es\/leccion-1397-trastornos-de-la-regulacion-del-sistema-nervioso-autonomo-y-somnolencia-excesiva\/\" style=\"color:#00695c;text-decoration:none;border-bottom:1px solid #F5DEB3;font-weight:600;\">Desregulaci\u00f3n del sistema nervioso aut\u00f3nomo y somnolencia<\/a><\/div><div style=\"font-size:14px;line-height:1.6;color:#333;\">Analizar el impacto del desequilibrio simp\u00e1tico\/parasimp\u00e1tico en la vigilia y entrenar un ritmo de doble v\u00eda de activaci\u00f3n diurna y desaceleraci\u00f3n nocturna.<\/div><\/li><li style=\"margin:0 0 16px 0;list-style:decimal;\"><div style=\"margin-bottom:4px;\"><a href=\"https:\/\/arttao.org\/es\/leccion-1398-deterioro-cognitivo-y-somnolencia\/\" style=\"color:#00695c;text-decoration:none;border-bottom:1px solid #F5DEB3;font-weight:600;\">Deterioro cognitivo y somnolencia<\/a><\/div><div style=\"font-size:14px;line-height:1.6;color:#333;\">Evaluar las consecuencias funcionales de la disminuci\u00f3n de la atenci\u00f3n, la funci\u00f3n ejecutiva y la velocidad de procesamiento, y dise\u00f1ar programas de mantenimiento cognitivo sostenibles.<\/div><\/li><li style=\"margin:0 0 16px 0;list-style:decimal;\"><div style=\"margin-bottom:4px;\"><a href=\"https:\/\/arttao.org\/es\/leccion-1399-deterioro-de-la-memoria-y-deficit-de-atencion\/\" style=\"color:#00695c;text-decoration:none;border-bottom:1px solid #F5DEB3;font-weight:600;\">Deterioro de la memoria y d\u00e9ficit de atenci\u00f3n<\/a><\/div><div style=\"font-size:14px;line-height:1.6;color:#333;\">Utilice herramientas de memoria externa y la T\u00e9cnica Pomodoro para reducir las tasas de error y estabilizar el rendimiento diario.<\/div><\/li><li style=\"margin:0 0 16px 0;list-style:decimal;\"><div style=\"margin-bottom:4px;\"><a href=\"https:\/\/arttao.org\/es\/leccion-1400-riesgos-de-la-narcolepsia-para-la-seguridad-de-la-vida\/\" style=\"color:#00695c;text-decoration:none;border-bottom:1px solid #F5DEB3;font-weight:600;\">Riesgos de seguridad de la narcolepsia<\/a><\/div><div style=\"font-size:14px;line-height:1.6;color:#333;\">Identifique escenarios de alto riesgo, como conducir, operar equipos y escalar, y configure mecanismos de alarma, escolta y alternativos.<\/div><\/li><li style=\"margin:0 0 16px 0;list-style:decimal;\"><div style=\"margin-bottom:4px;\"><a href=\"https:\/\/arttao.org\/es\/leccion-1520-mandala-con-tema-tradicional-leccion-complementaria\/\" style=\"color:#00695c;text-decoration:none;border-bottom:1px solid #F5DEB3;font-weight:600;\">Mandalas de tem\u00e1tica tradicional (curso complementario)<\/a><\/div><div style=\"font-size:14px;line-height:1.6;color:#333;\">\u201cLos &quot;mandalas con temas tradicionales&quot; son pinturas simb\u00f3licas creadas en torno a una experiencia psicol\u00f3gica, un evento o una intenci\u00f3n espec\u00edfica.<\/div><\/li><li style=\"margin:0 0 16px 0;list-style:decimal;\"><div style=\"margin-bottom:4px;\"><a href=\"https:\/\/arttao.org\/es\/%e7%ac%ac%e4%b8%89%e5%8d%81%e8%af%be%ef%bc%9a%e7%aa%81%e5%8f%91%e4%ba%8b%e4%bb%b6%e5%bf%83%e7%90%86%e5%88%9b%e4%bc%a4%ef%bc%88%e7%ac%ac1081%ef%bd%9e1120%e8%af%be%ef%bc%89%e8%af%be%e7%a8%8b%e8%af%84\/\" style=\"color:#00695c;text-decoration:none;border-bottom:1px solid #F5DEB3;font-weight:600;\">Lecci\u00f3n 38: Narcolepsia (Lecciones 1381-1400) Evaluaci\u00f3n del curso<\/a><\/div><div style=\"font-size:14px;line-height:1.6;color:#333;\">Por favor, complete la evaluaci\u00f3n del curso para revisar su aprendizaje y ofrecer sugerencias. Esto le ayudar\u00e1 a profundizar su comprensi\u00f3n y nos ayudar\u00e1 a mejorar el curso.<\/div><\/li><\/ol><div style=\"margin-top:24px;font-size:13px;color:#666;line-height:1.5;background:#fff8dc;border:1px solid #F5DEB3;border-radius:8px;padding:12px 12px;\">Nota: Este contenido es solo para fines de autoconocimiento y capacitaci\u00f3n, y no sustituye el diagn\u00f3stico m\u00e9dico profesional ni el tratamiento de emergencia. Si conduce o realiza trabajos de alto riesgo, complete primero la autoevaluaci\u00f3n de consciencia y siga los consejos profesionales fuera de l\u00ednea.<\/div><\/div>","protected":false},"excerpt":{"rendered":"","protected":false},"author":1,"featured_media":0,"parent":0,"menu_order":0,"comment_status":"closed","ping_status":"closed","template":"","meta":{"nf_dc_page":"","om_disable_all_campaigns":false,"_monsterinsights_skip_tracking":false,"_monsterinsights_sitenote_active":false,"_monsterinsights_sitenote_note":"","_monsterinsights_sitenote_category":0,"footnotes":""},"class_list":["post-12593","page","type-page","status-publish","hentry"],"_links":{"self":[{"href":"https:\/\/arttao.org\/es\/wp-json\/wp\/v2\/pages\/12593","targetHints":{"allow":["GET"]}}],"collection":[{"href":"https:\/\/arttao.org\/es\/wp-json\/wp\/v2\/pages"}],"about":[{"href":"https:\/\/arttao.org\/es\/wp-json\/wp\/v2\/types\/page"}],"author":[{"embeddable":true,"href":"https:\/\/arttao.org\/es\/wp-json\/wp\/v2\/users\/1"}],"replies":[{"embeddable":true,"href":"https:\/\/arttao.org\/es\/wp-json\/wp\/v2\/comments?post=12593"}],"version-history":[{"count":1,"href":"https:\/\/arttao.org\/es\/wp-json\/wp\/v2\/pages\/12593\/revisions"}],"predecessor-version":[{"id":12594,"href":"https:\/\/arttao.org\/es\/wp-json\/wp\/v2\/pages\/12593\/revisions\/12594"}],"wp:attachment":[{"href":"https:\/\/arttao.org\/es\/wp-json\/wp\/v2\/media?parent=12593"}],"curies":[{"name":"gracias","href":"https:\/\/api.w.org\/{rel}","templated":true}]}}