{"id":12674,"date":"2025-11-12T06:02:18","date_gmt":"2025-11-12T06:02:18","guid":{"rendered":"https:\/\/arttao.org\/?page_id=12674"},"modified":"2025-11-12T06:02:18","modified_gmt":"2025-11-12T06:02:18","slug":"leccion-42-trastornos-por-consumo-de-alcohol-lecciones-1521-1540","status":"publish","type":"page","link":"https:\/\/arttao.org\/es\/%e7%ac%ac%e5%9b%9b%e5%8d%81%e4%ba%8c%e8%af%be%ef%bc%9a%e9%85%92%e7%b2%be%e4%bd%bf%e7%94%a8%e9%9a%9c%e7%a2%8d%ef%bc%88%e7%ac%ac1521%ef%bd%9e1540%e8%af%be%ef%bc%89\/","title":{"rendered":"Lecci\u00f3n 42: Trastornos por consumo de alcohol (Lecciones 1521-1540)"},"content":{"rendered":"<div class=\"healing-outline-wrap\" style=\"max-width:800px;margin:24px auto;font-family:-apple-system,BlinkMacSystemFont,'Segoe UI',Roboto,Helvetica,Arial,sans-serif;line-height:1.6;color:#111;font-size:15px;\"><h2 style=\"font-size:20px;color:#00695c;margin:0 0 16px;font-weight:600;border-left:4px solid #F5DEB3;padding-left:8px;\">Lecci\u00f3n 42: Trastornos por consumo de alcohol: dependencia del alcohol (Lecciones 1521-1540) \u00b7 Cat\u00e1logo de cursos<\/h2><div style=\"margin:0 0 16px;\"><div style=\"font-size:15px;color:#00695c;font-weight:600;margin-bottom:4px;\">Caracter\u00edsticas de los s\u00edntomas:<\/div><div style=\"font-size:15px;line-height:1.7;color:#333;\">El trastorno por consumo de alcohol (TCA) se caracteriza por el consumo persistente de alcohol, lo que provoca alteraci\u00f3n del control, la tolerancia y el s\u00edndrome de abstinencia, antojos intensos y disminuci\u00f3n del funcionamiento en \u00e1reas como el aprendizaje, el trabajo y las relaciones. Suele ir acompa\u00f1ado de comorbilidades y riesgos para la seguridad.<\/div><\/div><div style=\"margin:0 0 24px;\"><div style=\"font-size:15px;color:#00695c;font-weight:600;margin-bottom:4px;\">Objetivos del curso:<\/div><div style=\"font-size:15px;line-height:1.7;color:#333;\">Bajo la premisa de la seguridad, se adopta un enfoque integral de &quot;detecci\u00f3n y clasificaci\u00f3n, mejora de la motivaci\u00f3n, estrategias de comportamiento, asistencia con la medicaci\u00f3n, apoyo de pares, l\u00edmites familiares, prevenci\u00f3n de reca\u00eddas y seguimiento a largo plazo&quot; para reducir los riesgos y restaurar la funci\u00f3n y la calidad de vida.<\/div><\/div><ol style=\"margin:0;padding-left:20px;font-size:15px;color:#111;\"><li style=\"margin:0 0 16px 0;list-style:decimal;\"><div style=\"margin-bottom:4px;\"><a href=\"https:\/\/arttao.org\/es\/leccion-1521-una-descripcion-general-de-los-trastornos-por-consumo-de-alcohol\/\" style=\"color:#00695c;text-decoration:none;border-bottom:1px solid #F5DEB3;font-weight:600;\">Descripci\u00f3n general del trastorno por consumo de alcohol<\/a><\/div><div style=\"font-size:14px;line-height:1.6;color:#333;\">Comprender el espectro del trastorno por consumo de alcohol: desde el consumo nocivo hasta la dependencia, centr\u00e1ndose en la funci\u00f3n y el riesgo en lugar del juicio moral.<\/div><\/li><li style=\"margin:0 0 16px 0;list-style:decimal;\"><div style=\"margin-bottom:4px;\"><a href=\"https:\/\/arttao.org\/es\/leccion-1522-sintomas-y-manifestaciones-de-la-dependencia-del-alcohol\/\" style=\"color:#00695c;text-decoration:none;border-bottom:1px solid #F5DEB3;font-weight:600;\">S\u00edntomas y manifestaciones de la dependencia del alcohol<\/a><\/div><div style=\"font-size:14px;line-height:1.6;color:#333;\">Puntos clave para identificar la tolerancia, la abstinencia, el ansia, la disminuci\u00f3n del autocontrol y el deterioro funcional.<\/div><\/li><li style=\"margin:0 0 16px 0;list-style:decimal;\"><div style=\"margin-bottom:4px;\"><a href=\"https:\/\/arttao.org\/es\/leccion-1523-causas-de-los-trastornos-por-consumo-de-alcohol\/\" style=\"color:#00695c;text-decoration:none;border-bottom:1px solid #F5DEB3;font-weight:600;\">Causas del trastorno por consumo de alcohol<\/a><\/div><div style=\"font-size:14px;line-height:1.6;color:#333;\">Un modelo de interacci\u00f3n multifactorial de susceptibilidad biol\u00f3gica, mecanismos de afrontamiento psicol\u00f3gico y entorno social.<\/div><\/li><li style=\"margin:0 0 16px 0;list-style:decimal;\"><div style=\"margin-bottom:4px;\"><a href=\"https:\/\/arttao.org\/es\/leccion-1524-tratamiento-e-intervencion-del-trastorno-por-consumo-de-alcohol\/\" style=\"color:#00695c;text-decoration:none;border-bottom:1px solid #F5DEB3;font-weight:600;\">Tratamiento e intervenci\u00f3n para el trastorno por consumo de alcohol<\/a><\/div><div style=\"font-size:14px;line-height:1.6;color:#333;\">Enfoque integral: mejora de la motivaci\u00f3n, estrategias conductuales, asistencia con medicaci\u00f3n y apoyo entre pares.<\/div><\/li><li style=\"margin:0 0 16px 0;list-style:decimal;\"><div style=\"margin-bottom:4px;\"><a href=\"https:\/\/arttao.org\/es\/%e7%ac%ac1525%e8%af%be%ef%bc%9a%e8%af%8a%e6%96%ad%e8%af%84%e4%bc%b0%e4%b8%8e%e4%b8%a5%e9%87%8d%e5%ba%a6%e5%88%86%e7%ba%a7%ef%bc%88%e5%90%abaudit-c%ef%bc%89\/\" style=\"color:#00695c;text-decoration:none;border-bottom:1px solid #F5DEB3;font-weight:600;\">Evaluaci\u00f3n diagn\u00f3stica y clasificaci\u00f3n de la gravedad (incluido AUDIT-C)<\/a><\/div><div style=\"font-size:14px;line-height:1.6;color:#333;\">Evaluaci\u00f3n estandarizada que combina umbrales de consumo riesgoso de alcohol con evaluaciones de la dimensi\u00f3n funcional.<\/div><\/li><li style=\"margin:0 0 16px 0;list-style:decimal;\"><div style=\"margin-bottom:4px;\"><a href=\"https:\/\/arttao.org\/es\/leccion-1526-sindrome-de-abstinencia-alcoholica-y-tratamiento-medico\/\" style=\"color:#00695c;text-decoration:none;border-bottom:1px solid #F5DEB3;font-weight:600;\">S\u00edndrome de abstinencia alcoh\u00f3lica y tratamiento m\u00e9dico<\/a><\/div><div style=\"font-size:14px;line-height:1.6;color:#333;\">Identifique signos de alto riesgo como temblores, ansiedad y convulsiones para determinar cu\u00e1ndo es necesaria la hospitalizaci\u00f3n o el control m\u00e9dico.<\/div><\/li><li style=\"margin:0 0 16px 0;list-style:decimal;\"><div style=\"margin-bottom:4px;\"><a href=\"https:\/\/arttao.org\/es\/%e7%ac%ac1527%e8%af%be%ef%bc%9a%e6%b8%b4%e6%b1%82%ef%bc%88craving%ef%bc%89%e7%9a%84%e8%af%86%e5%88%ab%e4%b8%8e%e5%b9%b2%e9%a2%84\/\" style=\"color:#00695c;text-decoration:none;border-bottom:1px solid #F5DEB3;font-weight:600;\">Identificaci\u00f3n e intervenci\u00f3n del craving<\/a><\/div><div style=\"font-size:14px;line-height:1.6;color:#333;\">Cadena desencadenante-deseo-respuesta; reducir los valores m\u00e1ximos mediante conductas de retraso, transferencia y sustituci\u00f3n.<\/div><\/li><li style=\"margin:0 0 16px 0;list-style:decimal;\"><div style=\"margin-bottom:4px;\"><a href=\"https:\/\/arttao.org\/es\/leccion-1528-situaciones-de-alto-riesgo-y-planes-de-respuesta\/\" style=\"color:#00695c;text-decoration:none;border-bottom:1px solid #F5DEB3;font-weight:600;\">Escenarios de alto riesgo y planes de respuesta<\/a><\/div><div style=\"font-size:14px;line-height:1.6;color:#333;\">Cree guiones de &quot;si-entonces&quot; para reuniones, trabajo extra, estr\u00e9s y cambios de humor.<\/div><\/li><li style=\"margin:0 0 16px 0;list-style:decimal;\"><div style=\"margin-bottom:4px;\"><a href=\"https:\/\/arttao.org\/es\/%e7%ac%ac1529%e8%af%be%ef%bc%9a%e5%8a%a8%e6%9c%ba%e5%a2%9e%e5%bc%ba%e8%ae%bf%e8%b0%88%ef%bc%88mi%ef%bc%89%e7%9a%84%e5%ba%94%e7%94%a8\/\" style=\"color:#00695c;text-decoration:none;border-bottom:1px solid #F5DEB3;font-weight:600;\">Aplicaci\u00f3n de la Entrevista de Mejora de la Motivaci\u00f3n (EM)<\/a><\/div><div style=\"font-size:14px;line-height:1.6;color:#333;\">La empat\u00eda y la exploraci\u00f3n de espacios fomentan el cambio interno, evitando discusiones y etiquetas.<\/div><\/li><li style=\"margin:0 0 16px 0;list-style:decimal;\"><div style=\"margin-bottom:4px;\"><a href=\"https:\/\/arttao.org\/es\/%e7%ac%ac1530%e8%af%be%ef%bc%9a%e8%ae%a4%e7%9f%a5%e8%a1%8c%e4%b8%ba%e7%ad%96%e7%95%a5%ef%bc%9a%e8%a7%a6%e5%8f%91-%e6%b8%b4%e6%b1%82-%e5%8f%8d%e5%ba%94\/\" style=\"color:#00695c;text-decoration:none;border-bottom:1px solid #F5DEB3;font-weight:600;\">Estrategias cognitivo-conductuales: Desencadenante-Demanda-Respuesta<\/a><\/div><div style=\"font-size:14px;line-height:1.6;color:#333;\">Registre el ciclo cerrado de desencadenantes, ideas de refactorizaci\u00f3n, respuestas alternativas y planes de recompensa.<\/div><\/li><li style=\"margin:0 0 16px 0;list-style:decimal;\"><div style=\"margin-bottom:4px;\"><a href=\"https:\/\/arttao.org\/es\/leccion-1531-descripcion-general-de-la-terapia-farmacologica-naltrexona-acampato-etc\/\" style=\"color:#00695c;text-decoration:none;border-bottom:1px solid #F5DEB3;font-weight:600;\">Resumen de tratamientos farmacol\u00f3gicos (naltrexona, acampato, etc.)<\/a><\/div><div style=\"font-size:14px;line-height:1.6;color:#333;\">Indicaciones, contraindicaciones y eficacia esperada; sinergia con intervenciones psicol\u00f3gicas.<\/div><\/li><li style=\"margin:0 0 16px 0;list-style:decimal;\"><div style=\"margin-bottom:4px;\"><a href=\"https:\/\/arttao.org\/es\/%e7%ac%ac1532%e8%af%be%ef%bc%9a%e5%90%8c%e4%bc%b4%e6%94%af%e6%8c%81%e4%b8%8e%e5%9b%a2%e4%bd%93%ef%bc%88aa-smart-recovery%ef%bc%89\/\" style=\"color:#00695c;text-decoration:none;border-bottom:1px solid #F5DEB3;font-weight:600;\">Apoyo entre pares y grupos (AA \/ SMART Recovery)<\/a><\/div><div style=\"font-size:14px;line-height:1.6;color:#333;\">Obtenga apoyo sostenido, reflexione sobre las lecciones aprendidas y construya conexiones sociales para reducir el aislamiento.<\/div><\/li><li style=\"margin:0 0 16px 0;list-style:decimal;\"><div style=\"margin-bottom:4px;\"><a href=\"https:\/\/arttao.org\/es\/leccion-1533-intervencion-familiar-comunicacion-y-limites\/\" style=\"color:#00695c;text-decoration:none;border-bottom:1px solid #F5DEB3;font-weight:600;\">Intervenci\u00f3n familiar, comunicaci\u00f3n y l\u00edmites<\/a><\/div><div style=\"font-size:14px;line-height:1.6;color:#333;\">Pasar de la cr\u00edtica al apoyo; aclarar los l\u00edmites con respecto al alcohol, el dinero y la convivencia.<\/div><\/li><li style=\"margin:0 0 16px 0;list-style:decimal;\"><div style=\"margin-bottom:4px;\"><a href=\"https:\/\/arttao.org\/es\/leccion-1534-guion-para-la-prevencion-de-recaidas-y-el-manejo-de-regresiones\/\" style=\"color:#00695c;text-decoration:none;border-bottom:1px solid #F5DEB3;font-weight:600;\">Gui\u00f3n para la prevenci\u00f3n y el manejo de reca\u00eddas<\/a><\/div><div style=\"font-size:14px;line-height:1.6;color:#333;\">Trate la reca\u00edda como un evento de proceso: identifique los primeros signos, busque ayuda r\u00e1pidamente y vuelva al camino correcto r\u00e1pidamente.<\/div><\/li><li style=\"margin:0 0 16px 0;list-style:decimal;\"><div style=\"margin-bottom:4px;\"><a href=\"https:\/\/arttao.org\/es\/%e7%ac%ac1535%e8%af%be%ef%bc%9a%e5%85%b1%e7%97%85%e5%a4%84%e7%90%86%ef%bc%9a%e6%8a%91%e9%83%81-%e7%84%a6%e8%99%91-%e5%8f%8c%e7%9b%b8%e4%b8%8e%e8%87%aa%e6%9d%80%e9%a3%8e%e9%99%a9\/\" style=\"color:#00695c;text-decoration:none;border-bottom:1px solid #F5DEB3;font-weight:600;\">Manejo de la comorbilidad: depresi\u00f3n\/ansiedad\/trastorno bipolar y riesgo de suicidio<\/a><\/div><div style=\"font-size:14px;line-height:1.6;color:#333;\">Las complicaciones pueden amplificar los riesgos del consumo de alcohol; es necesario establecer una red de seguridad y canales de derivaci\u00f3n.<\/div><\/li><li style=\"margin:0 0 16px 0;list-style:decimal;\"><div style=\"margin-bottom:4px;\"><a href=\"https:\/\/arttao.org\/es\/leccion-1536-conducir-en-estado-de-ebriedad-leyes-y-seguridad-laboral\/\" style=\"color:#00695c;text-decoration:none;border-bottom:1px solid #F5DEB3;font-weight:600;\">Conducir ebrio, legislaci\u00f3n y seguridad laboral<\/a><\/div><div style=\"font-size:14px;line-height:1.6;color:#333;\">Definir claramente las consecuencias legales y los riesgos laborales e implementar soluciones de \u201cno conducir ebrio\u201d y de viajes alternativos.<\/div><\/li><li style=\"margin:0 0 16px 0;list-style:decimal;\"><div style=\"margin-bottom:4px;\"><a href=\"https:\/\/arttao.org\/es\/%e7%ac%ac1537%e8%af%be%ef%bc%9a%e7%89%b9%e6%ae%8a%e4%ba%ba%e7%be%a4%ef%bc%9a%e5%ad%95%e6%9c%9f-%e5%93%ba%e4%b9%b3%e4%b8%8e%e9%9d%92%e5%b0%91%e5%b9%b4\/\" style=\"color:#00695c;text-decoration:none;border-bottom:1px solid #F5DEB3;font-weight:600;\">Poblaciones especiales: Mujeres embarazadas\/lactantes y adolescentes<\/a><\/div><div style=\"font-size:14px;line-height:1.6;color:#333;\">Principio de tolerancia cero y colaboraci\u00f3n con las familias\/escuelas; protegiendo el desarrollo y la seguridad materna e infantil.<\/div><\/li><li style=\"margin:0 0 16px 0;list-style:decimal;\"><div style=\"margin-bottom:4px;\"><a href=\"https:\/\/arttao.org\/es\/leccion-1538-monitoreo-de-la-enfermedad-hepatica-y-complicaciones-fisicas\/\" style=\"color:#00695c;text-decoration:none;border-bottom:1px solid #F5DEB3;font-weight:600;\">Seguimiento de la enfermedad hep\u00e1tica y complicaciones f\u00edsicas<\/a><\/div><div style=\"font-size:14px;line-height:1.6;color:#333;\">Monitorizar la funci\u00f3n hep\u00e1tica, la salud cardiovascular y el estado nutricional y establecer un programa de seguimiento.<\/div><\/li><li style=\"margin:0 0 16px 0;list-style:decimal;\"><div style=\"margin-bottom:4px;\"><a href=\"https:\/\/arttao.org\/es\/leccion-1539-reconstruccion-del-estilo-de-vida-y-restauracion-de-la-funcion-social\/\" style=\"color:#00695c;text-decoration:none;border-bottom:1px solid #F5DEB3;font-weight:600;\">Reconstrucci\u00f3n del estilo de vida y restauraci\u00f3n de la funci\u00f3n social<\/a><\/div><div style=\"font-size:14px;line-height:1.6;color:#333;\">Reconstruir el ejercicio, el sue\u00f1o, la dieta y las relaciones interpersonales; reemplazar las brechas con orientaci\u00f3n a valores.<\/div><\/li><li style=\"margin:0 0 16px 0;list-style:decimal;\"><div style=\"margin-bottom:4px;\"><a href=\"https:\/\/arttao.org\/es\/leccion-1540-seguimiento-a-largo-plazo-y-vias-de-autogestion\/\" style=\"color:#00695c;text-decoration:none;border-bottom:1px solid #F5DEB3;font-weight:600;\">V\u00eda de seguimiento a largo plazo y autogesti\u00f3n<\/a><\/div><div style=\"font-size:14px;line-height:1.6;color:#333;\">Objetivos de fase + revisi\u00f3n de escala + sistema de apoyo para consolidar el estado de alerta y la calidad de vida.<\/div><\/li><li style=\"margin:0 0 16px 0;list-style:decimal;\"><div style=\"margin-bottom:4px;\"><a href=\"https:\/\/arttao.org\/es\/mandala-de-la-libertad-tradicional-curso-complementario\/\" style=\"color:#00695c;text-decoration:none;border-bottom:1px solid #F5DEB3;font-weight:600;\">Mandala de la Libertad Tradicional (Curso Complementario)<\/a><\/div><div style=\"font-size:14px;line-height:1.6;color:#333;\">\u201cEl \u201dmandala libre tradicional\u201d es la forma de creaci\u00f3n m\u00e1s abierta, sin presuponer estructura, tem\u00e1tica o simbolismo, enfatizando l\u00edneas y colores que fluyen naturalmente desde el interior.<\/div><\/li><li style=\"margin:0 0 16px 0;list-style:decimal;\"><div style=\"margin-bottom:4px;\"><a href=\"https:\/\/arttao.org\/es\/%e7%ac%ac%e5%9b%9b%e5%8d%81%e4%ba%94%e8%af%be%ef%bc%9a%e7%bd%91%e7%bb%9c%e6%88%90%e7%98%be-%e5%af%b9%e7%bd%91%e7%bb%9c%e6%88%96%e6%b8%b8%e6%88%8f%e7%9a%84%e4%be%9d%e8%b5%96%e8%af%be%e7%a8%8b\/\" style=\"color:#00695c;text-decoration:none;border-bottom:1px solid #F5DEB3;font-weight:600;\">Lecci\u00f3n 42: Trastornos por consumo de alcohol (Lecciones 1521-1540) Evaluaci\u00f3n del curso<\/a><\/div><div style=\"font-size:14px;line-height:1.6;color:#333;\">Por favor, complete la evaluaci\u00f3n del curso para revisar su aprendizaje y ofrecer sugerencias. Esto le ayudar\u00e1 a profundizar su comprensi\u00f3n y nos ayudar\u00e1 a mejorar el curso.<\/div><\/li><\/ol><div style=\"margin-top:24px;font-size:13px;color:#666;line-height:1.5;background:#fff8dc;border:1px solid #F5DEB3;border-radius:8px;padding:12px 12px;\">Nota: Este contenido es solo para fines de autoconocimiento y capacitaci\u00f3n, y no sustituye el diagn\u00f3stico m\u00e9dico profesional ni el tratamiento de emergencia. Si presenta s\u00edntomas de alerta o un deterioro funcional significativo, busque atenci\u00f3n m\u00e9dica en persona de inmediato y siga las recomendaciones profesionales.<\/div><\/div>","protected":false},"excerpt":{"rendered":"","protected":false},"author":1,"featured_media":0,"parent":0,"menu_order":0,"comment_status":"closed","ping_status":"closed","template":"","meta":{"nf_dc_page":"","om_disable_all_campaigns":false,"_monsterinsights_skip_tracking":false,"_monsterinsights_sitenote_active":false,"_monsterinsights_sitenote_note":"","_monsterinsights_sitenote_category":0,"footnotes":""},"class_list":["post-12674","page","type-page","status-publish","hentry"],"_links":{"self":[{"href":"https:\/\/arttao.org\/es\/wp-json\/wp\/v2\/pages\/12674","targetHints":{"allow":["GET"]}}],"collection":[{"href":"https:\/\/arttao.org\/es\/wp-json\/wp\/v2\/pages"}],"about":[{"href":"https:\/\/arttao.org\/es\/wp-json\/wp\/v2\/types\/page"}],"author":[{"embeddable":true,"href":"https:\/\/arttao.org\/es\/wp-json\/wp\/v2\/users\/1"}],"replies":[{"embeddable":true,"href":"https:\/\/arttao.org\/es\/wp-json\/wp\/v2\/comments?post=12674"}],"version-history":[{"count":1,"href":"https:\/\/arttao.org\/es\/wp-json\/wp\/v2\/pages\/12674\/revisions"}],"predecessor-version":[{"id":12675,"href":"https:\/\/arttao.org\/es\/wp-json\/wp\/v2\/pages\/12674\/revisions\/12675"}],"wp:attachment":[{"href":"https:\/\/arttao.org\/es\/wp-json\/wp\/v2\/media?parent=12674"}],"curies":[{"name":"gracias","href":"https:\/\/api.w.org\/{rel}","templated":true}]}}