{"id":12678,"date":"2025-11-12T06:26:50","date_gmt":"2025-11-12T06:26:50","guid":{"rendered":"https:\/\/arttao.org\/?page_id=12678"},"modified":"2025-11-12T06:26:50","modified_gmt":"2025-11-12T06:26:50","slug":"leccion-44-el-obstaculo-del-juego-lecciones-1561-1580","status":"publish","type":"page","link":"https:\/\/arttao.org\/es\/%e7%ac%ac%e5%9b%9b%e5%8d%81%e5%9b%9b%e8%af%be%ef%bc%9a%e8%b5%8c%e5%8d%9a%e9%9a%9c%e7%a2%8d%ef%bc%88%e7%ac%ac1561%ef%bd%9e1580%e8%af%be%ef%bc%89\/","title":{"rendered":"Lecci\u00f3n 44: El obst\u00e1culo del juego (Lecciones 1561-1580)"},"content":{"rendered":"<div class=\"healing-outline-wrap\" style=\"max-width:800px;margin:24px auto;font-family:-apple-system,BlinkMacSystemFont,'Segoe UI',Roboto,Helvetica,Arial,sans-serif;line-height:1.6;color:#111;font-size:15px;\"><h2 style=\"font-size:20px;color:#00695c;margin:0 0 16px;font-weight:600;border-left:4px solid #F5DEB3;padding-left:8px;\">Lecci\u00f3n 44: Trastorno del juego: adicci\u00f3n conductual (Lecciones 1561-1580) \u00b7 Cat\u00e1logo de cursos<\/h2><div style=\"margin:0 0 16px;\"><div style=\"font-size:15px;color:#00695c;font-weight:600;margin-bottom:4px;\">Caracter\u00edsticas de los s\u00edntomas:<\/div><div style=\"font-size:15px;line-height:1.7;color:#333;\">El trastorno del juego se caracteriza por antojos intensos, inversi\u00f3n descontrolada y deterioro persistente del funcionamiento econ\u00f3mico, relacional y laboral. Suele ir acompa\u00f1ado de ansiedad, depresi\u00f3n y problemas de control de impulsos, y presenta un patr\u00f3n de reca\u00edda-remisi\u00f3n-reca\u00edda.<\/div><\/div><div style=\"margin:0 0 24px;\"><div style=\"font-size:15px;color:#00695c;font-weight:600;margin-bottom:4px;\">Objetivos del curso:<\/div><div style=\"font-size:15px;line-height:1.7;color:#333;\">Bajo la premisa de la seguridad, se adopta un enfoque integral de &quot;mejora de la motivaci\u00f3n, reestructuraci\u00f3n cognitiva, sustituci\u00f3n del comportamiento, gesti\u00f3n financiera y de riesgos, apoyo familiar y de pares, prevenci\u00f3n de reca\u00eddas y seguimiento a largo plazo&quot; para reducir el da\u00f1o y reconstruir la funci\u00f3n vital.<\/div><\/div><ol style=\"margin:0;padding-left:20px;font-size:15px;color:#111;\"><li style=\"margin:0 0 16px 0;list-style:decimal;\"><div style=\"margin-bottom:4px;\"><a href=\"https:\/\/arttao.org\/es\/%e7%ac%ac1561%e8%af%be%ef%bc%9a%e8%b5%8c%e5%8d%9a%e9%9a%9c%e7%a2%8d%e7%9a%84%e6%a6%82%e8%bf%b0\/\" style=\"color:#00695c;text-decoration:none;border-bottom:1px solid #F5DEB3;font-weight:600;\">Descripci\u00f3n general del trastorno del juego<\/a><\/div><div style=\"font-size:14px;line-height:1.6;color:#333;\">Un tipo de adicci\u00f3n conductual que se caracteriza por una participaci\u00f3n incontrolada, antojos persistentes y deterioro funcional.<\/div><\/li><li style=\"margin:0 0 16px 0;list-style:decimal;\"><div style=\"margin-bottom:4px;\"><a href=\"https:\/\/arttao.org\/es\/%e7%ac%ac1562%e8%af%be%ef%bc%9a%e8%b5%8c%e5%8d%9a%e9%9a%9c%e7%a2%8d%e7%9a%84%e6%88%90%e5%9b%a0\/\" style=\"color:#00695c;text-decoration:none;border-bottom:1px solid #F5DEB3;font-weight:600;\">Causas del trastorno del juego<\/a><\/div><div style=\"font-size:14px;line-height:1.6;color:#333;\">El sistema de recompensa biol\u00f3gica, los sesgos cognitivos y el contexto social trabajan juntos.<\/div><\/li><li style=\"margin:0 0 16px 0;list-style:decimal;\"><div style=\"margin-bottom:4px;\"><a href=\"https:\/\/arttao.org\/es\/%e7%ac%ac1563%e8%af%be%ef%bc%9a%e8%b5%8c%e5%8d%9a%e9%9a%9c%e7%a2%8d%e7%9a%84%e6%b2%bb%e7%96%97%e4%b8%8e%e7%ae%a1%e7%90%86\/\" style=\"color:#00695c;text-decoration:none;border-bottom:1px solid #F5DEB3;font-weight:600;\">Tratamiento y manejo del trastorno del juego<\/a><\/div><div style=\"font-size:14px;line-height:1.6;color:#333;\">Una evaluaci\u00f3n integral basada en la frecuencia, la sensaci\u00f3n de control, las consecuencias negativas y el comportamiento de riesgo.<\/div><\/li><li style=\"margin:0 0 16px 0;list-style:decimal;\"><div style=\"margin-bottom:4px;\"><a href=\"https:\/\/arttao.org\/es\/%e7%ac%ac1564%e8%af%be%ef%bc%9a%e8%b5%8c%e5%8d%9a%e8%a1%8c%e4%b8%ba%e7%9a%84%e5%bf%83%e7%90%86%e6%9c%ba%e5%88%b6%e4%b8%8e%e5%bc%ba%e5%8c%96%e5%be%aa%e7%8e%af\/\" style=\"color:#00695c;text-decoration:none;border-bottom:1px solid #F5DEB3;font-weight:600;\">Mecanismos psicol\u00f3gicos y ciclos de refuerzo de la conducta de juego<\/a><\/div><div style=\"font-size:14px;line-height:1.6;color:#333;\">\u201cMantener un ciclo cerrado de \u201dexpectativas ganadoras \u2013 ilusi\u00f3n de proximidad \u2013 ciclo de recuperaci\u00f3n de p\u00e9rdidas\u201d.<\/div><\/li><li style=\"margin:0 0 16px 0;list-style:decimal;\"><div style=\"margin-bottom:4px;\"><a href=\"https:\/\/arttao.org\/es\/%e7%ac%ac1565%e8%af%be%ef%bc%9a%e5%a5%96%e8%b5%8f%e7%b3%bb%e7%bb%9f%e4%b8%8e%e5%a4%9a%e5%b7%b4%e8%83%ba%e6%9c%ba%e5%88%b6%e5%9c%a8%e8%b5%8c%e5%8d%9a%e4%b8%ad%e7%9a%84%e4%bd%9c%e7%94%a8\/\" style=\"color:#00695c;text-decoration:none;border-bottom:1px solid #F5DEB3;font-weight:600;\">El papel de los sistemas de recompensa y los mecanismos de la dopamina en el juego<\/a><\/div><div style=\"font-size:14px;line-height:1.6;color:#333;\">El refuerzo intermitente hace que el cerebro sobreestime la recompensa, lo que dificulta detenerlo.<\/div><\/li><li style=\"margin:0 0 16px 0;list-style:decimal;\"><div style=\"margin-bottom:4px;\"><a href=\"https:\/\/arttao.org\/es\/%e7%ac%ac1566%e8%af%be%ef%bc%9a%e5%86%b2%e5%8a%a8%e6%8e%a7%e5%88%b6%e4%b8%8e%e9%a3%8e%e9%99%a9%e5%88%a4%e6%96%ad%e5%a4%b1%e8%a1%a1\/\" style=\"color:#00695c;text-decoration:none;border-bottom:1px solid #F5DEB3;font-weight:600;\">Desequilibrio entre el control de los impulsos y la evaluaci\u00f3n de riesgos<\/a><\/div><div style=\"font-size:14px;line-height:1.6;color:#333;\">Existe una coexistencia entre la preferencia por la recompensa inmediata y la subestimaci\u00f3n de las consecuencias a largo plazo.<\/div><\/li><li style=\"margin:0 0 16px 0;list-style:decimal;\"><div style=\"margin-bottom:4px;\"><a href=\"https:\/\/arttao.org\/es\/%e7%ac%ac1567%e8%af%be%ef%bc%9a%e8%b5%8c%e5%8d%9a%e5%b8%a6%e6%9d%a5%e7%9a%84%e7%bb%8f%e6%b5%8e%e4%b8%8e%e4%ba%ba%e9%99%85%e6%8d%9f%e5%ae%b3\/\" style=\"color:#00695c;text-decoration:none;border-bottom:1px solid #F5DEB3;font-weight:600;\">Da\u00f1os econ\u00f3micos e interpersonales causados por el juego<\/a><\/div><div style=\"font-size:14px;line-height:1.6;color:#333;\">La deuda, la ocultaci\u00f3n y la ruptura de la confianza requieren una intervenci\u00f3n temprana.<\/div><\/li><li style=\"margin:0 0 16px 0;list-style:decimal;\"><div style=\"margin-bottom:4px;\"><a href=\"https:\/\/arttao.org\/es\/%e7%ac%ac1568%e8%af%be%ef%bc%9a%e8%b5%8c%e5%8d%9a%e9%9a%9c%e7%a2%8d%e4%b8%8e%e7%84%a6%e8%99%91%e3%80%81%e6%8a%91%e9%83%81%e7%9a%84%e5%85%b1%e7%97%85%e5%85%b3%e7%b3%bb\/\" style=\"color:#00695c;text-decoration:none;border-bottom:1px solid #F5DEB3;font-weight:600;\">La comorbilidad del trastorno del juego con la ansiedad y la depresi\u00f3n<\/a><\/div><div style=\"font-size:14px;line-height:1.6;color:#333;\">Los problemas emocionales pueden ser tanto un desencadenante como una consecuencia y requieren un manejo coordinado.<\/div><\/li><li style=\"margin:0 0 16px 0;list-style:decimal;\"><div style=\"margin-bottom:4px;\"><a href=\"https:\/\/arttao.org\/es\/%e7%ac%ac1569%e8%af%be%ef%bc%9a%e8%b5%8c%e5%8d%9a%e8%a1%8c%e4%b8%ba%e4%b8%8e%e9%80%83%e9%81%bf%e5%9e%8b%e6%83%85%e7%bb%aa%e5%ba%94%e5%af%b9%e6%a8%a1%e5%bc%8f\/\" style=\"color:#00695c;text-decoration:none;border-bottom:1px solid #F5DEB3;font-weight:600;\">Comportamiento de juego y patrones de afrontamiento de evitaci\u00f3n<\/a><\/div><div style=\"font-size:14px;line-height:1.6;color:#333;\">Recurrir al juego para adormecer el dolor s\u00f3lo agrava el problema.<\/div><\/li><li style=\"margin:0 0 16px 0;list-style:decimal;\"><div style=\"margin-bottom:4px;\"><a href=\"https:\/\/arttao.org\/es\/%e7%ac%ac1570%e8%af%be%ef%bc%9a%e5%ae%b6%e5%ba%ad%e7%b3%bb%e7%bb%9f%e4%b8%8e%e6%96%87%e5%8c%96%e5%9b%a0%e7%b4%a0%e5%af%b9%e8%b5%8c%e5%8d%9a%e7%9a%84%e5%bd%b1%e5%93%8d\/\" style=\"color:#00695c;text-decoration:none;border-bottom:1px solid #F5DEB3;font-weight:600;\">La influencia de los sistemas familiares y los factores culturales en el juego<\/a><\/div><div style=\"font-size:14px;line-height:1.6;color:#333;\">La comunicaci\u00f3n familiar y los guiones culturales influyen en el riesgo y la disposici\u00f3n a buscar ayuda.<\/div><\/li><li style=\"margin:0 0 16px 0;list-style:decimal;\"><div style=\"margin-bottom:4px;\"><a href=\"https:\/\/arttao.org\/es\/%e7%ac%ac1571%e8%af%be%ef%bc%9a%e8%b5%8c%e5%8d%9a%e9%9a%9c%e7%a2%8d%e7%9a%84%e6%b2%bb%e7%96%97%e6%a6%82%e8%bf%b0%ef%bc%88%e8%ae%a4%e7%9f%a5%e8%a1%8c%e4%b8%ba%e6%b2%bb%e7%96%97cbt%ef%bc%89\/\" style=\"color:#00695c;text-decoration:none;border-bottom:1px solid #F5DEB3;font-weight:600;\">Una descripci\u00f3n general del tratamiento para el trastorno del juego (terapia cognitivo-conductual, TCC)<\/a><\/div><div style=\"font-size:14px;line-height:1.6;color:#333;\">Identificar sesgos, reconstruir creencias y coordinar con estrategias conductuales.<\/div><\/li><li style=\"margin:0 0 16px 0;list-style:decimal;\"><div style=\"margin-bottom:4px;\"><a href=\"https:\/\/arttao.org\/es\/%e7%ac%ac1572%e8%af%be%ef%bc%9a%e5%8a%a8%e6%9c%ba%e5%a2%9e%e5%bc%ba%e4%b8%8e%e9%98%b6%e6%ae%b5%e6%80%a7%e7%9b%ae%e6%a0%87%e8%ae%be%e5%ae%9a\/\" style=\"color:#00695c;text-decoration:none;border-bottom:1px solid #F5DEB3;font-weight:600;\">Mejora de la motivaci\u00f3n y establecimiento de objetivos por fases<\/a><\/div><div style=\"font-size:14px;line-height:1.6;color:#333;\">Utilice la exploraci\u00f3n de brechas para mejorar la motivaci\u00f3n intr\u00ednseca y establecer objetivos alcanzables.<\/div><\/li><li style=\"margin:0 0 16px 0;list-style:decimal;\"><div style=\"margin-bottom:4px;\"><a href=\"https:\/\/arttao.org\/es\/%e7%ac%ac1573%e8%af%be%ef%bc%9a%e8%a1%8c%e4%b8%ba%e7%9f%ab%e6%ad%a3%ef%bc%9a%e8%ae%b0%e5%bd%95%e8%af%b1%e5%9b%a0%e4%b8%8e%e8%87%aa%e6%88%91%e6%8e%a7%e5%88%b6%e7%bb%83%e4%b9%a0\/\" style=\"color:#00695c;text-decoration:none;border-bottom:1px solid #F5DEB3;font-weight:600;\">Modificaci\u00f3n de conducta: registro de desencadenantes y ejercicios de autocontrol<\/a><\/div><div style=\"font-size:14px;line-height:1.6;color:#333;\">Registros de activaci\u00f3n, t\u00e9cnicas de retardo y una lista de actividades alternativas.<\/div><\/li><li style=\"margin:0 0 16px 0;list-style:decimal;\"><div style=\"margin-bottom:4px;\"><a href=\"https:\/\/arttao.org\/es\/%e7%ac%ac1574%e8%af%be%ef%bc%9a%e8%b4%a2%e5%8a%a1%e7%ae%a1%e7%90%86%e4%b8%8e%e9%a3%8e%e9%99%a9%e6%8e%a7%e5%88%b6%e7%ad%96%e7%95%a5\/\" style=\"color:#00695c;text-decoration:none;border-bottom:1px solid #F5DEB3;font-weight:600;\">Estrategias de gesti\u00f3n financiera y control de riesgos<\/a><\/div><div style=\"font-size:14px;line-height:1.6;color:#333;\">L\u00edmites presupuestarios, dep\u00f3sito de terceros y restricciones en las rutas de pago.<\/div><\/li><li style=\"margin:0 0 16px 0;list-style:decimal;\"><div style=\"margin-bottom:4px;\"><a href=\"https:\/\/arttao.org\/es\/%e7%ac%ac1575%e8%af%be%ef%bc%9a%e5%ae%b6%e5%ba%ad%e6%b2%9f%e9%80%9a%e4%b8%8e%e6%94%af%e6%8c%81%e9%87%8d%e5%bb%ba\/\" style=\"color:#00695c;text-decoration:none;border-bottom:1px solid #F5DEB3;font-weight:600;\">Reconstrucci\u00f3n de la comunicaci\u00f3n y el apoyo familiar<\/a><\/div><div style=\"font-size:14px;line-height:1.6;color:#333;\">El foco ha pasado de la confrontaci\u00f3n y las acusaciones al apoyo a las fronteras y a las estrategias compartidas.<\/div><\/li><li style=\"margin:0 0 16px 0;list-style:decimal;\"><div style=\"margin-bottom:4px;\"><a href=\"https:\/\/arttao.org\/es\/%e7%ac%ac1576%e8%af%be%ef%bc%9a%e7%a4%be%e4%bc%9a%e6%94%af%e6%8c%81%e4%b8%8e%e5%90%8c%e4%bc%b4%e4%ba%92%e5%8a%a9%e7%bd%91%e7%bb%9c%e7%9a%84%e5%bb%ba%e7%ab%8b\/\" style=\"color:#00695c;text-decoration:none;border-bottom:1px solid #F5DEB3;font-weight:600;\">Establecimiento de redes de apoyo social y de apoyo entre pares<\/a><\/div><div style=\"font-size:14px;line-height:1.6;color:#333;\">Los grupos de ayuda mutua, las l\u00edneas directas y las referencias profesionales brindan apoyo externo.<\/div><\/li><li style=\"margin:0 0 16px 0;list-style:decimal;\"><div style=\"margin-bottom:4px;\"><a href=\"https:\/\/arttao.org\/es\/%e7%ac%ac1577%e8%af%be%ef%bc%9a%e9%a2%84%e9%98%b2%e5%a4%8d%e5%8f%91%e7%9a%84%e6%97%a5%e5%b8%b8%e7%bb%83%e4%b9%a0%e4%b8%8e%e8%87%aa%e6%88%91%e7%9b%91%e6%b5%8b\/\" style=\"color:#00695c;text-decoration:none;border-bottom:1px solid #F5DEB3;font-weight:600;\">Ejercicios diarios y autocontrol para prevenir reca\u00eddas<\/a><\/div><div style=\"font-size:14px;line-height:1.6;color:#333;\">Planificaci\u00f3n de situaciones de alto riesgo y seguimiento de emociones, impulsos y comportamientos.<\/div><\/li><li style=\"margin:0 0 16px 0;list-style:decimal;\"><div style=\"margin-bottom:4px;\"><a href=\"https:\/\/arttao.org\/es\/%e7%ac%ac1578%e8%af%be%ef%bc%9a%e6%83%85%e7%bb%aa%e8%b0%83%e8%8a%82%e4%b8%8e%e5%8e%8b%e5%8a%9b%e7%ae%a1%e7%90%86%e7%bb%83%e4%b9%a0\/\" style=\"color:#00695c;text-decoration:none;border-bottom:1px solid #F5DEB3;font-weight:600;\">Ejercicios de regulaci\u00f3n emocional y manejo del estr\u00e9s<\/a><\/div><div style=\"font-size:14px;line-height:1.6;color:#333;\">La relajaci\u00f3n respiratoria, la atenci\u00f3n plena y el ejercicio pueden reducir el estr\u00e9s y disminuir el umbral de impulso.<\/div><\/li><li style=\"margin:0 0 16px 0;list-style:decimal;\"><div style=\"margin-bottom:4px;\"><a href=\"https:\/\/arttao.org\/es\/%e7%ac%ac1579%e8%af%be%ef%bc%9a%e5%a4%8d%e5%8f%91%e9%a2%84%e8%ad%a6%e4%bf%a1%e5%8f%b7%e4%b8%8e%e5%b9%b2%e9%a2%84%e5%ba%94%e5%af%b9\/\" style=\"color:#00695c;text-decoration:none;border-bottom:1px solid #F5DEB3;font-weight:600;\">Se\u00f1ales de advertencia de reca\u00edda y respuesta de intervenci\u00f3n<\/a><\/div><div style=\"font-size:14px;line-height:1.6;color:#333;\">Identifique los primeros puntos finales del ciclo &quot;idea-deseo-acci\u00f3n&quot; e interr\u00fampalos r\u00e1pidamente.<\/div><\/li><li style=\"margin:0 0 16px 0;list-style:decimal;\"><div style=\"margin-bottom:4px;\"><a href=\"https:\/\/arttao.org\/es\/%e7%ac%ac1580%e8%af%be%ef%bc%9a%e8%b5%8c%e5%8d%9a%e9%9a%9c%e7%a2%8d%e7%9a%84%e9%a2%84%e9%98%b2%e4%b8%8e%e9%87%8d%e5%bb%ba%e6%94%af%e6%8c%81%e7%b3%bb%e7%bb%9f\/\" style=\"color:#00695c;text-decoration:none;border-bottom:1px solid #F5DEB3;font-weight:600;\">Sistema de apoyo para la prevenci\u00f3n y recuperaci\u00f3n de los trastornos del juego<\/a><\/div><div style=\"font-size:14px;line-height:1.6;color:#333;\">Integrando apoyo financiero, familiar, de pares y profesional para una recuperaci\u00f3n estable a largo plazo.<\/div><\/li><li style=\"margin:0 0 16px 0;list-style:decimal;\"><div style=\"margin-bottom:4px;\"><a href=\"https:\/\/arttao.org\/es\/%e4%bc%a0%e7%bb%9f%e8%87%aa%e7%94%b1%e6%9b%bc%e9%99%80%e7%bd%97%ef%bc%88%e8%a1%a5%e5%85%85%e8%af%be%e7%a8%8b%ef%bc%89\/\" style=\"color:#00695c;text-decoration:none;border-bottom:1px solid #F5DEB3;font-weight:600;\">Mandala de la Libertad Tradicional (Curso Complementario)<\/a><\/div><div style=\"font-size:14px;line-height:1.6;color:#333;\">\u201cEl \u201dmandala libre tradicional\u201d es la forma de creaci\u00f3n m\u00e1s abierta, sin presuponer estructura, tem\u00e1tica o simbolismo, enfatizando l\u00edneas y colores que fluyen naturalmente desde el interior.<\/div><\/li><li style=\"margin:0 0 16px 0;list-style:decimal;\"><div style=\"margin-bottom:4px;\"><a href=\"https:\/\/arttao.org\/es\/%e7%ac%ac%e5%9b%9b%e5%8d%81%e4%ba%94%e8%af%be%ef%bc%9a%e7%bd%91%e7%bb%9c%e6%88%90%e7%98%be-%e5%af%b9%e7%bd%91%e7%bb%9c%e6%88%96%e6%b8%b8%e6%88%8f%e7%9a%84%e4%be%9d%e8%b5%96%e8%af%be%e7%a8%8b\/\" style=\"color:#00695c;text-decoration:none;border-bottom:1px solid #F5DEB3;font-weight:600;\">Lecci\u00f3n 44: Obst\u00e1culos del juego (Lecciones 1561-1580) Evaluaci\u00f3n del curso<\/a><\/div><div style=\"font-size:14px;line-height:1.6;color:#333;\">Por favor, complete la evaluaci\u00f3n del curso para revisar su aprendizaje y ofrecer sugerencias. Esto le ayudar\u00e1 a profundizar su comprensi\u00f3n y nos ayudar\u00e1 a mejorar el curso.<\/div><\/li><\/ol><div style=\"margin-top:24px;font-size:13px;color:#666;line-height:1.5;background:#fff8dc;border:1px solid #F5DEB3;border-radius:8px;padding:12px 12px;\">Nota: Este contenido es solo para fines de autoconocimiento y capacitaci\u00f3n, y no sustituye el diagn\u00f3stico m\u00e9dico profesional ni el tratamiento de emergencia. Si experimenta conductas de alto riesgo, crisis de deudas o un deterioro funcional significativo, busque ayuda fuera de l\u00ednea lo antes posible y siga los consejos profesionales.<\/div><\/div>","protected":false},"excerpt":{"rendered":"","protected":false},"author":1,"featured_media":0,"parent":0,"menu_order":0,"comment_status":"closed","ping_status":"closed","template":"","meta":{"nf_dc_page":"","om_disable_all_campaigns":false,"_monsterinsights_skip_tracking":false,"_monsterinsights_sitenote_active":false,"_monsterinsights_sitenote_note":"","_monsterinsights_sitenote_category":0,"footnotes":""},"class_list":["post-12678","page","type-page","status-publish","hentry"],"_links":{"self":[{"href":"https:\/\/arttao.org\/es\/wp-json\/wp\/v2\/pages\/12678","targetHints":{"allow":["GET"]}}],"collection":[{"href":"https:\/\/arttao.org\/es\/wp-json\/wp\/v2\/pages"}],"about":[{"href":"https:\/\/arttao.org\/es\/wp-json\/wp\/v2\/types\/page"}],"author":[{"embeddable":true,"href":"https:\/\/arttao.org\/es\/wp-json\/wp\/v2\/users\/1"}],"replies":[{"embeddable":true,"href":"https:\/\/arttao.org\/es\/wp-json\/wp\/v2\/comments?post=12678"}],"version-history":[{"count":1,"href":"https:\/\/arttao.org\/es\/wp-json\/wp\/v2\/pages\/12678\/revisions"}],"predecessor-version":[{"id":12679,"href":"https:\/\/arttao.org\/es\/wp-json\/wp\/v2\/pages\/12678\/revisions\/12679"}],"wp:attachment":[{"href":"https:\/\/arttao.org\/es\/wp-json\/wp\/v2\/media?parent=12678"}],"curies":[{"name":"gracias","href":"https:\/\/api.w.org\/{rel}","templated":true}]}}