{"id":12680,"date":"2025-11-12T06:37:19","date_gmt":"2025-11-12T06:37:19","guid":{"rendered":"https:\/\/arttao.org\/?page_id=12680"},"modified":"2025-11-12T06:47:38","modified_gmt":"2025-11-12T06:47:38","slug":"%e7%ac%ac%e5%9b%9b%e5%8d%81%e4%ba%94%e8%af%be%ef%bc%9a%e7%bd%91%e7%bb%9c%e6%88%90%e7%98%be%ef%bc%88%e7%ac%ac1581%ef%bd%9e1600%e8%af%be%ef%bc%89","status":"publish","type":"page","link":"https:\/\/arttao.org\/es\/%e7%ac%ac%e5%9b%9b%e5%8d%81%e4%ba%94%e8%af%be%ef%bc%9a%e7%bd%91%e7%bb%9c%e6%88%90%e7%98%be%ef%bc%88%e7%ac%ac1581%ef%bd%9e1600%e8%af%be%ef%bc%89\/","title":{"rendered":"Lecci\u00f3n 45: Adicci\u00f3n a Internet: Dependencia de Internet o de los videojuegos (Lecciones 1581-1600)"},"content":{"rendered":"<div class=\"healing-outline-wrap\" style=\"max-width:800px;margin:24px auto;font-family:-apple-system,BlinkMacSystemFont,'Segoe UI',Roboto,Helvetica,Arial,sans-serif;line-height:1.6;color:#111;font-size:15px;\"><h2 style=\"font-size:20px;color:#00695c;margin:0 0 16px;font-weight:600;border-left:4px solid #F5DEB3;padding-left:8px;\">Lecci\u00f3n 45: Adicci\u00f3n a Internet: Dependencia de Internet o de los videojuegos (Lecciones 1581-1610) \u00b7 Cat\u00e1logo de cursos<\/h2><div style=\"margin:0 0 16px;\"><div style=\"font-size:15px;color:#00695c;font-weight:600;margin-bottom:4px;\">Caracter\u00edsticas de los s\u00edntomas:<\/div><div style=\"font-size:15px;line-height:1.7;color:#333;\">La adicci\u00f3n a Internet se caracteriza por un uso descontrolado, antojos intensos y un funcionamiento deteriorado, a menudo acompa\u00f1ados de d\u00e9ficit de atenci\u00f3n y problemas emocionales; est\u00e1 asociada con los mecanismos de recompensa instant\u00e1nea de las redes sociales\/juegos.<\/div><\/div><div style=\"margin:0 0 24px;\"><div style=\"font-size:15px;color:#00695c;font-weight:600;margin-bottom:4px;\">Objetivos del curso:<\/div><div style=\"font-size:15px;line-height:1.7;color:#333;\">Bajo la premisa de seguridad y respeto, se adopta un enfoque integral de &quot;establecimiento de l\u00edmites, sustituci\u00f3n de conductas, regulaci\u00f3n de emociones, colaboraci\u00f3n familiar y escolar, prevenci\u00f3n de reca\u00eddas y seguimiento a largo plazo&quot; para reducir el da\u00f1o y restaurar las funciones de aprendizaje\/trabajo e interpersonales.<\/div><\/div><ol style=\"margin:0;padding-left:20px;font-size:15px;color:#111;\"><li style=\"margin:0 0 16px 0;list-style:decimal;\"><div style=\"margin-bottom:4px;\"><a href=\"https:\/\/arttao.org\/es\/leccion-1581-una-vision-general-de-la-adiccion-a-internet\/\" style=\"color:#00695c;text-decoration:none;border-bottom:1px solid #F5DEB3;font-weight:600;\">Panorama general de la adicci\u00f3n a Internet<\/a><\/div><div style=\"font-size:14px;line-height:1.6;color:#333;\">Las caracter\u00edsticas comunes de las adicciones conductuales incluyen el uso descontrolado, los antojos intensos y el deterioro del funcionamiento.<\/div><\/li><li style=\"margin:0 0 16px 0;list-style:decimal;\"><div style=\"margin-bottom:4px;\"><a href=\"https:\/\/arttao.org\/es\/leccion-1582-mecanismos-psicologicos-y-sintomas-de-la-adiccion-a-internet\/\" style=\"color:#00695c;text-decoration:none;border-bottom:1px solid #F5DEB3;font-weight:600;\">Mecanismos psicol\u00f3gicos y s\u00edntomas de la adicci\u00f3n a Internet<\/a><\/div><div style=\"font-size:14px;line-height:1.6;color:#333;\">Recompensas instant\u00e1neas, miedo a perderse algo y secuestro de la atenci\u00f3n; impacto en los estudios, el trabajo y las relaciones.<\/div><\/li><li style=\"margin:0 0 16px 0;list-style:decimal;\"><div style=\"margin-bottom:4px;\"><a href=\"https:\/\/arttao.org\/es\/leccion-1583-correccion-del-comportamiento-y-metodos-de-entrenamiento-diario-para-la-adiccion-a-internet\/\" style=\"color:#00695c;text-decoration:none;border-bottom:1px solid #F5DEB3;font-weight:600;\">M\u00e9todos de correcci\u00f3n de conducta y entrenamiento diario para la adicci\u00f3n a Internet<\/a><\/div><div style=\"font-size:14px;line-height:1.6;color:#333;\">Se utilizan microobjetivos, bloques de tiempo y listas de actividades alternativas para reducir gradualmente el tiempo en l\u00ednea.<\/div><\/li><li style=\"margin:0 0 16px 0;list-style:decimal;\"><div style=\"margin-bottom:4px;\"><a href=\"https:\/\/arttao.org\/es\/leccion-1584-mecanismos-de-autogestion-y-apoyo-familiar-para-la-adiccion-a-internet\/\" style=\"color:#00695c;text-decoration:none;border-bottom:1px solid #F5DEB3;font-weight:600;\">Mecanismos de autogesti\u00f3n y apoyo familiar para la adicci\u00f3n a Internet<\/a><\/div><div style=\"font-size:14px;line-height:1.6;color:#333;\">Gui\u00f3n sobre l\u00edmites y apoyo familiar: negociaci\u00f3n, no confrontaci\u00f3n; supervisi\u00f3n conjunta, no castigo.<\/div><\/li><li style=\"margin:0 0 16px 0;list-style:decimal;\"><div style=\"margin-bottom:4px;\"><a href=\"https:\/\/arttao.org\/es\/leccion-1585-riesgos-y-proteccion-del-uso-de-internet-entre-adolescentes\/\" style=\"color:#00695c;text-decoration:none;border-bottom:1px solid #F5DEB3;font-weight:600;\">Riesgos y protecci\u00f3n del uso de Internet entre adolescentes<\/a><\/div><div style=\"font-size:14px;line-height:1.6;color:#333;\">Triple protecci\u00f3n durante el per\u00edodo sensible del crecimiento: rutina estable, intereses fuera de l\u00ednea y apoyo de pares.<\/div><\/li><li style=\"margin:0 0 16px 0;list-style:decimal;\"><div style=\"margin-bottom:4px;\"><a href=\"https:\/\/arttao.org\/es\/leccion-1586-el-impacto-psicologico-de-las-redes-sociales-y-la-retroalimentacion-instantanea\/\" style=\"color:#00695c;text-decoration:none;border-bottom:1px solid #F5DEB3;font-weight:600;\">El impacto psicol\u00f3gico de las redes sociales y la retroalimentaci\u00f3n instant\u00e1nea<\/a><\/div><div style=\"font-size:14px;line-height:1.6;color:#333;\">Me gusta y ansiedad por comparaci\u00f3n; visualizaci\u00f3n por lotes y desactivaci\u00f3n de notificaciones innecesarias.<\/div><\/li><li style=\"margin:0 0 16px 0;list-style:decimal;\"><div style=\"margin-bottom:4px;\"><a href=\"https:\/\/arttao.org\/es\/leccion-1587-los-mecanismos-de-recompensa-y-las-trampas-psicologicas-de-la-adiccion-al-juego\/\" style=\"color:#00695c;text-decoration:none;border-bottom:1px solid #F5DEB3;font-weight:600;\">Mecanismos de recompensa y trampas psicol\u00f3gicas en la adicci\u00f3n al juego<\/a><\/div><div style=\"font-size:14px;line-height:1.6;color:#333;\">Refuerzo intermitente, cadenas de tareas e incentivos pagados; establecimiento de puntos de salida ejecutables.<\/div><\/li><li style=\"margin:0 0 16px 0;list-style:decimal;\"><div style=\"margin-bottom:4px;\"><a href=\"https:\/\/arttao.org\/es\/leccion-1588-inmersion-y-escape-las-motivaciones-psicologicas-de-la-adiccion-a-internet\/\" style=\"color:#00695c;text-decoration:none;border-bottom:1px solid #F5DEB3;font-weight:600;\">Inmersi\u00f3n y escape: motivaciones psicol\u00f3gicas para la adicci\u00f3n a Internet<\/a><\/div><div style=\"font-size:14px;line-height:1.6;color:#333;\">El uso de Internet para adormecer el estr\u00e9s y la soledad en realidad debilita la capacidad de lidiar con los problemas del mundo real.<\/div><\/li><li style=\"margin:0 0 16px 0;list-style:decimal;\"><div style=\"margin-bottom:4px;\"><a href=\"https:\/\/arttao.org\/es\/leccion-1589-los-peligros-de-la-atencion-distraida-y-el-desapego-de-la-realidad\/\" style=\"color:#00695c;text-decoration:none;border-bottom:1px solid #F5DEB3;font-weight:600;\">Los peligros de la distracci\u00f3n y la desconexi\u00f3n de la realidad<\/a><\/div><div style=\"font-size:14px;line-height:1.6;color:#333;\">La multitarea y los cambios frecuentes afectan la concentraci\u00f3n y la eficiencia del aprendizaje.<\/div><\/li><li style=\"margin:0 0 16px 0;list-style:decimal;\"><div style=\"margin-bottom:4px;\"><a href=\"https:\/\/arttao.org\/es\/leccion-1590-la-relacion-comorbida-entre-la-adiccion-a-internet-y-la-ansiedad-depresion\/\" style=\"color:#00695c;text-decoration:none;border-bottom:1px solid #F5DEB3;font-weight:600;\">La relaci\u00f3n com\u00f3rbida entre la adicci\u00f3n a Internet y la ansiedad y la depresi\u00f3n<\/a><\/div><div style=\"font-size:14px;line-height:1.6;color:#333;\">Impacto bidireccional: abordar los problemas emocionales en paralelo para reducir el riesgo de reca\u00edda.<\/div><\/li><li style=\"margin:0 0 16px 0;list-style:decimal;\"><div style=\"margin-bottom:4px;\"><a href=\"https:\/\/arttao.org\/es\/leccion-1591-reacciones-de-retirada-y-entrenamiento-en-regulacion-emocional\/\" style=\"color:#00695c;text-decoration:none;border-bottom:1px solid #F5DEB3;font-weight:600;\">Entrenamiento en la reacci\u00f3n de retirada y regulaci\u00f3n de las emociones<\/a><\/div><div style=\"font-size:14px;line-height:1.6;color:#333;\">Reconozca la ansiedad y la irritabilidad; utilice la respiraci\u00f3n, la atenci\u00f3n plena y el movimiento para superar los per\u00edodos pico.<\/div><\/li><li style=\"margin:0 0 16px 0;list-style:decimal;\"><div style=\"margin-bottom:4px;\"><a href=\"https:\/\/arttao.org\/es\/leccion-1592-establecer-limites-saludables-para-el-uso-de-internet\/\" style=\"color:#00695c;text-decoration:none;border-bottom:1px solid #F5DEB3;font-weight:600;\">Establecer l\u00edmites saludables para el uso de la red<\/a><\/div><div style=\"font-size:14px;line-height:1.6;color:#333;\">Triple l\u00edmite de tiempo, lugar y dispositivo: no usar pantalla en el dormitorio, desconectarse de internet una hora antes de acostarse.<\/div><\/li><li style=\"margin:0 0 16px 0;list-style:decimal;\"><div style=\"margin-bottom:4px;\"><a href=\"https:\/\/arttao.org\/es\/leccion-1593-desintoxicacion-digital-de-la-desconexion-temporal-al-autocontrol\/\" style=\"color:#00695c;text-decoration:none;border-bottom:1px solid #F5DEB3;font-weight:600;\">Desintoxicaci\u00f3n digital: de la desconexi\u00f3n temporal al autocontrol<\/a><\/div><div style=\"font-size:14px;line-height:1.6;color:#333;\">Mini experimentos de 24 horas (desconexi\u00f3n ligera de Internet los fines de semana), vacaciones largas regulares, progresando en etapas.<\/div><\/li><li style=\"margin:0 0 16px 0;list-style:decimal;\"><div style=\"margin-bottom:4px;\"><a href=\"https:\/\/arttao.org\/es\/leccion-1594-estrategias-de-gestion-del-uso-de-la-red-para-la-colaboracion-familiar\/\" style=\"color:#00695c;text-decoration:none;border-bottom:1px solid #F5DEB3;font-weight:600;\">Estrategia de gesti\u00f3n del uso de la red de colaboraci\u00f3n familiar<\/a><\/div><div style=\"font-size:14px;line-height:1.6;color:#333;\">Acuerdo sobre el tiempo de pantalla familiar y sistema de recompensa\/castigo: mantenimiento de registros transparentes y aplicaci\u00f3n conjunta.<\/div><\/li><li style=\"margin:0 0 16px 0;list-style:decimal;\"><div style=\"margin-bottom:4px;\"><a href=\"https:\/\/arttao.org\/es\/leccion-1595-reconstruyendo-la-comunicacion-y-los-acuerdos-entre-padres-e-hijos\/\" style=\"color:#00695c;text-decoration:none;border-bottom:1px solid #F5DEB3;font-weight:600;\">Reconstruyendo la comunicaci\u00f3n y los acuerdos entre padres e hijos<\/a><\/div><div style=\"font-size:14px;line-height:1.6;color:#333;\">Desde el comando hasta la negociaci\u00f3n, reconstruir la confianza, la coherencia y los l\u00edmites exigibles.<\/div><\/li><li style=\"margin:0 0 16px 0;list-style:decimal;\"><div style=\"margin-bottom:4px;\"><a href=\"https:\/\/arttao.org\/es\/leccion-1596-el-papel-moderador-del-apoyo-escolar-y-la-influencia-de-los-pares\/\" style=\"color:#00695c;text-decoration:none;border-bottom:1px solid #F5DEB3;font-weight:600;\">El papel moderador del apoyo escolar y la influencia de los pares<\/a><\/div><div style=\"font-size:14px;line-height:1.6;color:#333;\">Colaborar con profesores\/consejeros de clase; participar en contratos entre pares y actividades de clubes fuera de l\u00ednea.<\/div><\/li><li style=\"margin:0 0 16px 0;list-style:decimal;\"><div style=\"margin-bottom:4px;\"><a href=\"https:\/\/arttao.org\/es\/leccion-1597-autoeficacia-y-la-restauracion-de-metas-realistas\/\" style=\"color:#00695c;text-decoration:none;border-bottom:1px solid #F5DEB3;font-weight:600;\">Restauraci\u00f3n de la autoeficacia y metas realistas<\/a><\/div><div style=\"font-size:14px;line-height:1.6;color:#333;\">Recupere una sensaci\u00f3n de control y logro con tareas alcanzables y retroalimentaci\u00f3n instant\u00e1nea.<\/div><\/li><li style=\"margin:0 0 16px 0;list-style:decimal;\"><div style=\"margin-bottom:4px;\"><a href=\"https:\/\/arttao.org\/es\/leccion-1598-tecnicas-para-mantener-relaciones-de-red-saludables-a-largo-plazo\/\" style=\"color:#00695c;text-decoration:none;border-bottom:1px solid #F5DEB3;font-weight:600;\">T\u00e9cnicas para mantener relaciones online saludables a largo plazo<\/a><\/div><div style=\"font-size:14px;line-height:1.6;color:#333;\">Las revisiones peri\u00f3dicas, los recordatorios de umbrales y las actividades alternativas deben consolidarse como h\u00e1bitos.<\/div><\/li><li style=\"margin:0 0 16px 0;list-style:decimal;\"><div style=\"margin-bottom:4px;\"><a href=\"https:\/\/arttao.org\/es\/leccion-1599-prevencion-de-recaidas-y-entrenamiento-diario-de-autoconciencia\/\" style=\"color:#00695c;text-decoration:none;border-bottom:1px solid #F5DEB3;font-weight:600;\">Prevenci\u00f3n de reca\u00eddas y entrenamiento diario de autoconciencia<\/a><\/div><div style=\"font-size:14px;line-height:1.6;color:#333;\">Identifique los puntos finales iniciales del proceso &quot;idea desencadenante-acci\u00f3n&quot;, interr\u00fampalos r\u00e1pidamente y busque ayuda.<\/div><\/li><li style=\"margin:0 0 16px 0;list-style:decimal;\"><div style=\"margin-bottom:4px;\"><a href=\"https:\/\/arttao.org\/es\/leccion-1600-el-riesgo-de-desajuste-entre-la-identidad-virtual-y-la-autoestima\/\" style=\"color:#00695c;text-decoration:none;border-bottom:1px solid #F5DEB3;font-weight:600;\">El riesgo de desajuste entre la identidad virtual y la autoestima<\/a><\/div><div style=\"font-size:14px;line-height:1.6;color:#333;\">Comprenda la &quot;sensaci\u00f3n de ser visto&quot; que conlleva una identidad virtual y sea consciente de los riesgos de confiar excesivamente en las evaluaciones en l\u00ednea para la autoestima.<\/div><\/li><li style=\"margin:0 0 16px 0;list-style:decimal;\"><div style=\"margin-bottom:4px;\"><a href=\"https:\/\/arttao.org\/es\/leccion-1601-el-conflicto-entre-la-gratificacion-instantanea-en-linea-y-la-gratificacion-retrasada-en-el-mundo-real\/\" style=\"color:#00695c;text-decoration:none;border-bottom:1px solid #F5DEB3;font-weight:600;\">El conflicto entre la gratificaci\u00f3n instant\u00e1nea en l\u00ednea y la capacidad de retrasar la gratificaci\u00f3n en la realidad.<\/a><\/div><div style=\"font-size:14px;line-height:1.6;color:#333;\">Compare la emoci\u00f3n del &quot;gusto instant\u00e1neo&quot; con la importancia de la gratificaci\u00f3n retrasada en la vida real y practique soportar la espera y la frustraci\u00f3n.<\/div><\/li><li style=\"margin:0 0 16px 0;list-style:decimal;\"><div style=\"margin-bottom:4px;\"><a href=\"https:\/\/arttao.org\/es\/leccion-1602-el-impacto-de-la-inmersion-prolongada-en-internet-en-el-aprendizaje-y-las-funciones-ejecutivas\/\" style=\"color:#00695c;text-decoration:none;border-bottom:1px solid #F5DEB3;font-weight:600;\">El impacto de la inmersi\u00f3n prolongada en Internet en el aprendizaje y las funciones ejecutivas<\/a><\/div><div style=\"font-size:14px;line-height:1.6;color:#333;\">Analiza el impacto del uso prolongado de Internet en la concentraci\u00f3n, la capacidad de planificaci\u00f3n y la ejecuci\u00f3n de tareas, y aprende a reconstruir tu ritmo de aprendizaje y trabajo.<\/div><\/li><li style=\"margin:0 0 16px 0;list-style:decimal;\"><div style=\"margin-bottom:4px;\"><a href=\"https:\/\/arttao.org\/es\/leccion-1603-el-efecto-de-comparacion-en-las-redes-sociales-y-el-mecanismo-de-disminucion-de-la-autoestima\/\" style=\"color:#00695c;text-decoration:none;border-bottom:1px solid #F5DEB3;font-weight:600;\">Efecto de comparaci\u00f3n de las redes sociales y mecanismo de disminuci\u00f3n de la autoestima<\/a><\/div><div style=\"font-size:14px;line-height:1.6;color:#333;\">Deconstruye las trampas de comparaci\u00f3n en las redes sociales, reconoce la ilusi\u00f3n de que \u201cotros brillan mientras t\u00fa est\u00e1s en tu punto m\u00e1s bajo\u201d y protege tu autoestima.<\/div><\/li><li style=\"margin:0 0 16px 0;list-style:decimal;\"><div style=\"margin-bottom:4px;\"><a href=\"https:\/\/arttao.org\/es\/%e7%ac%ac1604%e8%af%be%ef%bc%9a%e7%bd%91%e7%bb%9c%e4%b8%96%e7%95%8c%e7%9a%84%e5%9b%9e%e9%81%bf%e5%8a%9f%e8%83%bd%ef%bc%9a%e4%bb%8e%e9%ba%bb%e9%86%89%e6%83%85%e7%bb%aa%e5%88%b0%e4%be%9d%e8%b5%96\/\" style=\"color:#00695c;text-decoration:none;border-bottom:1px solid #F5DEB3;font-weight:600;\">La funci\u00f3n de evitaci\u00f3n en el mundo online: del entumecimiento emocional al ciclo de dependencia<\/a><\/div><div style=\"font-size:14px;line-height:1.6;color:#333;\">Vea la funci\u00f3n del mundo en l\u00ednea en la anestesia emocional y comprenda el ciclo psicol\u00f3gico que va del escapismo temporal a la dependencia a largo plazo.<\/div><\/li><li style=\"margin:0 0 16px 0;list-style:decimal;\"><div style=\"margin-bottom:4px;\"><a href=\"https:\/\/arttao.org\/es\/%e7%ac%ac1605%e8%af%be%ef%bc%9a%e6%b8%b8%e6%88%8f%e5%8c%96%e7%ad%96%e7%95%a5%e4%b8%8e%e8%a1%8c%e4%b8%ba%e5%bc%ba%e5%8c%96%ef%bc%9a%e4%bd%a0%e5%a6%82%e4%bd%95%e8%a2%ab%e5%b9%b3%e5%8f%b0%e8%ae%ad\/\" style=\"color:#00695c;text-decoration:none;border-bottom:1px solid #F5DEB3;font-weight:600;\">Estrategias de gamificaci\u00f3n y refuerzo conductual: \u00bfC\u00f3mo te entrena la plataforma?<\/a><\/div><div style=\"font-size:14px;line-height:1.6;color:#333;\">Analice el dise\u00f1o de &quot;recompensa-nivel-subida-tarea&quot; utilizado por los juegos y plataformas para comprender c\u00f3mo los algoritmos y mecanismos lo controlan.<\/div><\/li><li style=\"margin:0 0 16px 0;list-style:decimal;\"><div style=\"margin-bottom:4px;\"><a href=\"https:\/\/arttao.org\/es\/%e7%ac%ac1606%e8%af%be%ef%bc%9a%e4%bb%8e%e6%97%a0%e8%81%8a%e3%80%81%e5%ad%a4%e7%8b%ac%e3%80%81%e5%8e%8b%e5%8a%9b%e5%88%b0%e6%b2%89%e8%bf%b7%ef%bc%9a%e8%a7%a6%e5%8f%91%e6%9c%ba\/\" style=\"color:#00695c;text-decoration:none;border-bottom:1px solid #F5DEB3;font-weight:600;\">Del aburrimiento, la soledad y el estr\u00e9s a la adicci\u00f3n: un an\u00e1lisis completo de los mecanismos desencadenantes<\/a><\/div><div style=\"font-size:14px;line-height:1.6;color:#333;\">Empezando por el aburrimiento, la soledad y el estr\u00e9s, encuentra los verdaderos desencadenantes psicol\u00f3gicos que te llevan a navegar repetidamente por tu tel\u00e9fono y jugar juegos.<\/div><\/li><li style=\"margin:0 0 16px 0;list-style:decimal;\"><div style=\"margin-bottom:4px;\"><a href=\"https:\/\/arttao.org\/es\/%e7%ac%ac1607%e8%af%be%ef%bc%9a%e7%bd%91%e7%bb%9c%e6%88%90%e7%98%be%e5%af%b9%e4%ba%b2%e5%af%86%e5%85%b3%e7%b3%bb%e3%80%81%e6%b2%9f%e9%80%9a%e6%a8%a1%e5%bc%8f%e4%b8%8e%e5%86%b2%e7%aa%81%e7%9a%84\/\" style=\"color:#00695c;text-decoration:none;border-bottom:1px solid #F5DEB3;font-weight:600;\">El impacto de la adicci\u00f3n a Internet en las relaciones \u00edntimas y los patrones de comunicaci\u00f3n<\/a><\/div><div style=\"font-size:14px;line-height:1.6;color:#333;\">Observe el impacto de la adicci\u00f3n a Internet en las relaciones \u00edntimas y los patrones de comunicaci\u00f3n, y aprenda a reparar malentendidos y construir conexiones reales.<\/div><\/li><li style=\"margin:0 0 16px 0;list-style:decimal;\"><div style=\"margin-bottom:4px;\"><a href=\"https:\/\/arttao.org\/es\/%e7%ac%ac1608%e8%af%be%ef%bc%9a%e7%9d%a1%e7%9c%a0%e8%8a%82%e5%be%8b%e7%a0%b4%e5%9d%8f%ef%bc%9a%e6%b7%b1%e5%a4%9c%e5%88%b7%e5%b1%8f%e7%9a%84%e6%81%b6%e6%80%a7%e5%be%aa%e7%8e%af%e4%b8%8e%e8%ba%ab\/\" style=\"color:#00695c;text-decoration:none;border-bottom:1px solid #F5DEB3;font-weight:600;\">Alteraci\u00f3n de los ritmos del sue\u00f1o: el c\u00edrculo vicioso del desplazamiento nocturno frente a la pantalla y sus consecuencias f\u00edsicas y mentales<\/a><\/div><div style=\"font-size:14px;line-height:1.6;color:#333;\">Comprenda c\u00f3mo el tiempo frente a una pantalla a altas horas de la noche altera los ritmos del sue\u00f1o, la estabilidad emocional y la recuperaci\u00f3n del cerebro, y dise\u00f1e rituales suaves para cerrar la noche.<\/div><\/li><li style=\"margin:0 0 16px 0;list-style:decimal;\"><div style=\"margin-bottom:4px;\"><a href=\"https:\/\/arttao.org\/es\/%e7%ac%ac1609%e8%af%be%ef%bc%9a%e7%8e%b0%e5%ae%9e%e7%94%9f%e6%b4%bb%e4%b8%ad%e7%9a%84%e5%a5%96%e5%8a%b1%e8%b4%ab%e4%b9%8f%e4%b8%8e%e7%bd%91%e7%bb%9c%e9%ab%98%e5%88%ba%e6%bf%80\/\" style=\"color:#00695c;text-decoration:none;border-bottom:1px solid #F5DEB3;font-weight:600;\">La falta de recompensas en la vida real y la competencia altamente estimulante en l\u00ednea<\/a><\/div><div style=\"font-size:14px;line-height:1.6;color:#333;\">Al comparar la \u201cpobreza de recompensa\u201d en la vida diaria con el entorno de alta estimulaci\u00f3n de Internet, exploramos formas de reconstruir la satisfacci\u00f3n en la realidad.<\/div><\/li><li style=\"margin:0 0 16px 0;list-style:decimal;\"><div style=\"margin-bottom:4px;\"><a href=\"https:\/\/arttao.org\/es\/%e7%ac%ac1610%e8%af%be%ef%bc%9a%e4%bb%8e%e4%be%9d%e8%b5%96%e5%88%b0%e8%87%aa%e4%b8%bb%ef%bc%9a%e6%9e%84%e5%bb%ba%e9%95%bf%e6%9c%9f%e5%8f%af%e6%8c%81%e7%bb%ad%e7%9a%84%e6%95%b0%e5%ad%97%e7%94%9f\/\" style=\"color:#00695c;text-decoration:none;border-bottom:1px solid #F5DEB3;font-weight:600;\">De la dependencia a la autonom\u00eda: construyendo un plan de vida digital sostenible a largo plazo<\/a><\/div><div style=\"font-size:14px;line-height:1.6;color:#333;\">Desde la retirada hasta la planificaci\u00f3n a largo plazo, le ayudamos a dise\u00f1ar un estilo de vida digital sostenible y personalizado y l\u00edmites de uso.<\/div><\/li><li style=\"margin:0 0 16px 0;list-style:decimal;\"><div style=\"margin-bottom:4px;\"><a href=\"https:\/\/arttao.org\/es\/mandala-de-la-libertad-tradicional-curso-complementario\/\" style=\"color:#00695c;text-decoration:none;border-bottom:1px solid #F5DEB3;font-weight:600;\">Mandala tradicional gratuito (Lecciones complementarias 1581-1600)<\/a><\/div><div style=\"font-size:14px;line-height:1.6;color:#333;\">\u201cEl \u201dmandala libre tradicional\u201d es la forma de creaci\u00f3n m\u00e1s abierta, sin presuponer estructura, tem\u00e1tica o simbolismo, enfatizando l\u00edneas y colores que fluyen naturalmente desde el interior.<\/div><\/li><li style=\"margin:0 0 16px 0;list-style:decimal;\"><div style=\"margin-bottom:4px;\"><a href=\"https:\/\/arttao.org\/es\/%e7%ac%ac%e5%9b%9b%e5%8d%81%e4%ba%94%e8%af%be%ef%bc%9a%e7%bd%91%e7%bb%9c%e6%88%90%e7%98%be-%e5%af%b9%e7%bd%91%e7%bb%9c%e6%88%96%e6%b8%b8%e6%88%8f%e7%9a%84%e4%be%9d%e8%b5%96%e8%af%be%e7%a8%8b\/\" style=\"color:#00695c;text-decoration:none;border-bottom:1px solid #F5DEB3;font-weight:600;\">Lecci\u00f3n 45: Adicci\u00f3n a Internet (Lecciones 1581-1610) Evaluaci\u00f3n del curso<\/a><\/div><div style=\"font-size:14px;line-height:1.6;color:#333;\">Por favor, complete la evaluaci\u00f3n del curso para revisar su aprendizaje y ofrecer sugerencias. Esto le ayudar\u00e1 a profundizar su comprensi\u00f3n y nos ayudar\u00e1 a mejorar el curso.<\/div><\/li><\/ol><div style=\"margin-top:24px;font-size:13px;color:#666;line-height:1.5;background:#fff8dc;border:1px solid #F5DEB3;border-radius:8px;padding:12px 12px;\">Nota: Este contenido es solo para fines de autoconocimiento y capacitaci\u00f3n, y no sustituye el diagn\u00f3stico m\u00e9dico profesional ni el tratamiento de emergencia. Si se produce un deterioro funcional significativo o riesgos de seguridad, busque asistencia fuera de l\u00ednea de inmediato.<\/div><\/div>","protected":false},"excerpt":{"rendered":"","protected":false},"author":1,"featured_media":0,"parent":0,"menu_order":0,"comment_status":"closed","ping_status":"closed","template":"","meta":{"nf_dc_page":"","om_disable_all_campaigns":false,"_monsterinsights_skip_tracking":false,"_monsterinsights_sitenote_active":false,"_monsterinsights_sitenote_note":"","_monsterinsights_sitenote_category":0,"footnotes":""},"class_list":["post-12680","page","type-page","status-publish","hentry"],"_links":{"self":[{"href":"https:\/\/arttao.org\/es\/wp-json\/wp\/v2\/pages\/12680","targetHints":{"allow":["GET"]}}],"collection":[{"href":"https:\/\/arttao.org\/es\/wp-json\/wp\/v2\/pages"}],"about":[{"href":"https:\/\/arttao.org\/es\/wp-json\/wp\/v2\/types\/page"}],"author":[{"embeddable":true,"href":"https:\/\/arttao.org\/es\/wp-json\/wp\/v2\/users\/1"}],"replies":[{"embeddable":true,"href":"https:\/\/arttao.org\/es\/wp-json\/wp\/v2\/comments?post=12680"}],"version-history":[{"count":2,"href":"https:\/\/arttao.org\/es\/wp-json\/wp\/v2\/pages\/12680\/revisions"}],"predecessor-version":[{"id":12685,"href":"https:\/\/arttao.org\/es\/wp-json\/wp\/v2\/pages\/12680\/revisions\/12685"}],"wp:attachment":[{"href":"https:\/\/arttao.org\/es\/wp-json\/wp\/v2\/media?parent=12680"}],"curies":[{"name":"gracias","href":"https:\/\/api.w.org\/{rel}","templated":true}]}}