{"id":12803,"date":"2025-11-13T04:52:30","date_gmt":"2025-11-13T04:52:30","guid":{"rendered":"https:\/\/arttao.org\/?page_id=12803"},"modified":"2025-12-03T06:47:37","modified_gmt":"2025-12-03T06:47:37","slug":"%e7%ac%ac%e4%b8%89%e5%8d%81%e8%af%be%ef%bc%9a%e7%aa%81%e5%8f%91%e4%ba%8b%e4%bb%b6%e5%bf%83%e7%90%86%e5%88%9b%e4%bc%a4%ef%bc%88%e7%ac%ac1081%ef%bd%9e1120%e8%af%be%ef%bc%89%e8%af%be%e7%a8%8b%e8%af%84","status":"publish","type":"page","link":"https:\/\/arttao.org\/es\/%e7%ac%ac%e4%b8%89%e5%8d%81%e8%af%be%ef%bc%9a%e7%aa%81%e5%8f%91%e4%ba%8b%e4%bb%b6%e5%bf%83%e7%90%86%e5%88%9b%e4%bc%a4%ef%bc%88%e7%ac%ac1081%ef%bd%9e1120%e8%af%be%ef%bc%89%e8%af%be%e7%a8%8b%e8%af%84\/","title":{"rendered":"Lecci\u00f3n 30: Trauma psicol\u00f3gico por eventos repentinos (Lecciones 1441-1480) Evaluaci\u00f3n del curso"},"content":{"rendered":"    <style>\n  \/* \u5bb9\u5668\uff1a\u80cc\u666f\u4ece\u7c89\u8272(#fef5f8)\u6539\u4e3a\u767d\u8272 *\/\n  #eval-d55932ee-9431-4b60-81bb-73b40aa7b091 .wrap{\n    max-width:860px;\n    margin:20px auto;\n    font-family:\"Microsoft YaHei\",sans-serif;\n    background:#fff;                \/* \u2190 \u5df2\u6539\u4e3a\u767d\u8272 *\/\n    border:1px solid white;\n    border-radius:12px;\n    padding:16px;\n  }\n\n  #eval-d55932ee-9431-4b60-81bb-73b40aa7b091 h3{margin:6px 0 10px;}\n  #eval-d55932ee-9431-4b60-81bb-73b40aa7b091 table{width:100%;border-collapse:collapse;background:#fff;border-radius:10px;overflow:hidden;}\n  #eval-d55932ee-9431-4b60-81bb-73b40aa7b091 th,#eval-d55932ee-9431-4b60-81bb-73b40aa7b091 td{border-bottom:1px solid #eee;padding:8px;text-align:center;}\n  #eval-d55932ee-9431-4b60-81bb-73b40aa7b091 th:first-child,#eval-d55932ee-9431-4b60-81bb-73b40aa7b091 td:first-child{text-align:left;}\n\n  \/* \u6309\u94ae\u4fdd\u6301\u539f\u6837*\/\n  #eval-d55932ee-9431-4b60-81bb-73b40aa7b091 .btn{\n    background:#FFF8DC;\n    border:1px solid #ccc;\n    padding:10px 18px;\n    border-radius:30px;\n    cursor:pointer;\n    font-size:14px;\n  }\n\n  #eval-d55932ee-9431-4b60-81bb-73b40aa7b091 .muted{color:#666;font-size:12px;}\n  #eval-d55932ee-9431-4b60-81bb-73b40aa7b091 .ok{color:#0a7;}\n  #eval-d55932ee-9431-4b60-81bb-73b40aa7b091 .err{color:#b00;}\n  #eval-d55932ee-9431-4b60-81bb-73b40aa7b091 .row{margin:10px 0;}\n\n  \/* \u2461 \u56db\u4e2a\u8f93\u5165\u6846\u5c3a\u5bf8\uff08\u4e0d\u6539\u6587\u6848\/\u7ed3\u6784\uff09 *\/\n  #eval-d55932ee-9431-4b60-81bb-73b40aa7b091 .panel textarea{\n    width:100% !important;\n    max-width:100% !important;\n    min-height:140px;              \/* \u2190 \u9ad8\u5ea6\u53ef\u6309\u9700\u6539 120\/160 *\/\n    padding:12px;\n    border-radius:10px;            \/* \u2190 \u5706\u89d2\u7a0d\u5927\u4e00\u70b9 *\/\n    border:1px solid #ccc;\n    resize:vertical;               \/* \u4ec5\u5141\u8bb8\u7eb5\u5411\u62c9\u4f38 *\/\n    box-sizing:border-box;         \/* \u9632\u6b62\u53f3\u4fa7\u6ea2\u51fa *\/\n    line-height:1.6;\n  }\n<\/style>\n\n    <div id=\"eval-d55932ee-9431-4b60-81bb-73b40aa7b091\">\n      <div class=\"wrap\">\n        <div style=\"text-align:center;\">\n          <button type=\"button\" class=\"btn toggle\">\u8bfe\u7a0b\u7ed3\u675f\u8bc4\u4f30<\/button>\n        <\/div>\n\n        <div class=\"panel\" style=\"display:none;margin-top:12px;\">\n          <div class=\"muted\">\n            \u8bfe\u7a0b\uff1a\u7b2c\u4e09\u5341\u4e03\u8bfe\uff1a\u7a81\u53d1\u4e8b\u4ef6\u5fc3\u7406\u521b\u4f24\uff08\u7b2c1441\uff5e1480\u8bfe\uff09\u8bfe\u7a0b\u8bc4\u4f30&lt;br \/&gt;                      <\/div>\n\n                    <h3>\u4e00\u3001\u680f\u76ee\u7406\u89e3\/\u611f\u53d7\uff081=\u975e\u5e38\u4e0d\u540c\u610f ~ 5=\u975e\u5e38\u540c\u610f\uff09<\/h3>\n          <table>\n            <thead><tr><th>\u9898\u76ee<\/th><th>1<\/th><th>2<\/th><th>3<\/th><th>4<\/th><th>5<\/th><\/tr><\/thead>\n            <tbody>\n                          <tr>\n                <td>\u6211\u80fd\u603b\u7ed3\u7a33\u5b9a\u5316\/\u66b4\u9732\u5242\u91cf\/\u6574\u5408\u4e09\u6b65<\/td>\n                                  <td><input type=\"radio\" name=\"likert_clarity_sum\" value=\"1\"><\/td>\n                                  <td><input type=\"radio\" name=\"likert_clarity_sum\" value=\"2\"><\/td>\n                                  <td><input type=\"radio\" name=\"likert_clarity_sum\" value=\"3\"><\/td>\n                                  <td><input type=\"radio\" name=\"likert_clarity_sum\" value=\"4\"><\/td>\n                                  <td><input type=\"radio\" name=\"likert_clarity_sum\" value=\"5\"><\/td>\n                              <\/tr>\n                          <tr>\n                <td>AI\u4e92\u52a8\u5e2e\u52a9\u6211\u5f62\u6210\u4e2a\u4eba\u5316\u201c\u521b\u4f24\u540e\u6210\u957f\u201d\u5c0f\u8ba1\u5212<\/td>\n                                  <td><input type=\"radio\" name=\"likert_ai_plan\" value=\"1\"><\/td>\n                                  <td><input type=\"radio\" name=\"likert_ai_plan\" value=\"2\"><\/td>\n                                  <td><input type=\"radio\" name=\"likert_ai_plan\" value=\"3\"><\/td>\n                                  <td><input type=\"radio\" name=\"likert_ai_plan\" value=\"4\"><\/td>\n                                  <td><input type=\"radio\" name=\"likert_ai_plan\" value=\"5\"><\/td>\n                              <\/tr>\n                          <tr>\n                <td>\u81ea\u6211\u7167\u62a4\/\u8fde\u63a5\/\u8282\u5f8b\u7ec4\u5408\u66f4\u6e05\u6670<\/td>\n                                  <td><input type=\"radio\" name=\"likert_care_stack\" value=\"1\"><\/td>\n                                  <td><input type=\"radio\" name=\"likert_care_stack\" value=\"2\"><\/td>\n                                  <td><input type=\"radio\" name=\"likert_care_stack\" value=\"3\"><\/td>\n                                  <td><input type=\"radio\" name=\"likert_care_stack\" value=\"4\"><\/td>\n                                  <td><input type=\"radio\" name=\"likert_care_stack\" value=\"5\"><\/td>\n                              <\/tr>\n                          <tr>\n                <td>\u7ed8\u5236\u201c\u590d\u539f\u6307\u5317\u201d\u8ba9\u6211\u770b\u89c1\u8def\u5f84<\/td>\n                                  <td><input type=\"radio\" name=\"likert_art_compass\" value=\"1\"><\/td>\n                                  <td><input type=\"radio\" name=\"likert_art_compass\" value=\"2\"><\/td>\n                                  <td><input type=\"radio\" name=\"likert_art_compass\" value=\"3\"><\/td>\n                                  <td><input type=\"radio\" name=\"likert_art_compass\" value=\"4\"><\/td>\n                                  <td><input type=\"radio\" name=\"likert_art_compass\" value=\"5\"><\/td>\n                              <\/tr>\n                          <tr>\n                <td>\u672c\u8bfe\u589e\u5f3a\u4e86\u6211\u957f\u671f\u575a\u6301\u7684\u4fe1\u5fc3<\/td>\n                                  <td><input type=\"radio\" name=\"likert_continue\" value=\"1\"><\/td>\n                                  <td><input type=\"radio\" name=\"likert_continue\" value=\"2\"><\/td>\n                                  <td><input type=\"radio\" name=\"likert_continue\" value=\"3\"><\/td>\n                                  <td><input type=\"radio\" name=\"likert_continue\" value=\"4\"><\/td>\n                                  <td><input type=\"radio\" name=\"likert_continue\" value=\"5\"><\/td>\n                              <\/tr>\n                        <\/tbody>\n          <\/table>\n          \n          <h3>\u4e8c\u3001\u8bfe\u7a0b\u7ed3\u675f\u540e\u7684\u4f53\u4f1a\u4e0e\u6536\u83b7\uff084\u9879\uff09<\/h3>\n          <div class=\"row\"><div class=\"muted\">1\uff09\u4f60\u51c6\u5907\u5c1d\u8bd5\u7684 1% \u5b89\u5fc3\u884c\u52a8\uff1a<\/div><textarea name=\"action\"><\/textarea><\/div>\n          <div class=\"row\"><div class=\"muted\">2\uff09\u4eca\u5929\u4f60\u6700\u9700\u8981\u5173\u6ce8\u76841\u4ef6\u4e8b\uff1a<\/div><textarea name=\"focus\"><\/textarea><\/div>\n          <div class=\"row\"><div class=\"muted\">3\uff09\u80fd\u7acb\u523b\u63d0\u5347\u5b89\u5168\u611f\u76841\u4e2a\u951a\u70b9\uff1a<\/div><textarea name=\"anchor\"><\/textarea><\/div>\n          <div class=\"row\"><div class=\"muted\">4\uff09\u4f60\u51c6\u5907\u6682\u65f6\u653e\u4e0b\u76841\u4ef6\u4e8b\uff1a<\/div><textarea name=\"letgo\"><\/textarea><\/div>\n\n          <div class=\"row\" style=\"text-align:center;\">\n            <button type=\"button\" class=\"btn submit\">\u63d0\u4ea4\u8bc4\u4f30\u5e76\u83b7\u53d6AI\u6307\u5bfc<\/button>\n            <div class=\"muted status\" style=\"margin-top:6px;\"><\/div>\n            <div class=\"muted\" style=\"margin-top:10px;color:#555;\">\n              \u63d0\u4ea4\u8bc4\u4f30\u540e\u53bb\u5230\u201c\u7597\u6108\u901a\u9053 \u2013 \u8bfe\u7a0b\u6587\u6863\u7ba1\u7406-\u8bfe\u7a0b\u8bc4\u4f30\u62a5\u544a\u5217\u8868\u201d\u4e2d\u67e5\u770b\n            <\/div>\n          <\/div>\n\n          <!-- \u6ce8\u610f\uff1a\u8fd9\u91cc\u5df2\u53bb\u6389 <div class=\"ai\"><\/div> -->\n        <\/div>\n      <\/div>\n    <\/div>\n\n    <script>\n    (function(){\n      const root   = document.getElementById('eval-d55932ee-9431-4b60-81bb-73b40aa7b091');\n      const panel  = root.querySelector('.panel');\n      const toggle = root.querySelector('.toggle');\n      const submit = root.querySelector('.submit');\n      const status = root.querySelector('.status');\n      const ajaxURL= 'https:\/\/arttao.org\/wp-admin\/admin-ajax.php';\n\n      toggle.addEventListener('click', ()=>{\n        panel.style.display = (panel.style.display==='none'||!panel.style.display)?'block':'none';\n      });\n\n      submit.addEventListener('click', async function(){\n        status.textContent=''; status.className='muted status';\n\n        const fd=new FormData();\n        fd.append('action','arttao_submit_course_eval_focus');\n        fd.append('_wpnonce','a16f682a79');\n\n        fd.append('course_id','31');\n        fd.append('course_title','\u7b2c\u4e09\u5341\u4e03\u8bfe\uff1a\u7a81\u53d1\u4e8b\u4ef6\u5fc3\u7406\u521b\u4f24\uff08\u7b2c1441\uff5e1480\u8bfe\uff09\u8bfe\u7a0b\u8bc4\u4f30&lt;br \/&gt;');\n        fd.append('term','');\n\n                  (function(){\n            const v=root.querySelector('input[name=\"likert_clarity_sum\"]:checked');\n            if(v) fd.append('likert[clarity_sum]', v.value);\n          })();\n                  (function(){\n            const v=root.querySelector('input[name=\"likert_ai_plan\"]:checked');\n            if(v) fd.append('likert[ai_plan]', v.value);\n          })();\n                  (function(){\n            const v=root.querySelector('input[name=\"likert_care_stack\"]:checked');\n            if(v) fd.append('likert[care_stack]', v.value);\n          })();\n                  (function(){\n            const v=root.querySelector('input[name=\"likert_art_compass\"]:checked');\n            if(v) fd.append('likert[art_compass]', v.value);\n          })();\n                  (function(){\n            const v=root.querySelector('input[name=\"likert_continue\"]:checked');\n            if(v) fd.append('likert[continue]', v.value);\n          })();\n        \n        fd.append('action_txt',(root.querySelector('textarea[name=\"action\"]')||{}).value||'');\n        fd.append('focus_txt', (root.querySelector('textarea[name=\"focus\"]')||{}).value ||'');\n        fd.append('anchor_txt',(root.querySelector('textarea[name=\"anchor\"]')||{}).value||'');\n        fd.append('letgo_txt', (root.querySelector('textarea[name=\"letgo\"]')||{}).value ||'');\n\n        submit.disabled=true; submit.textContent='\u63d0\u4ea4\u4e2d\u2026';\n        try{\n          const r=await fetch(ajaxURL,{method:'POST',body:fd,credentials:'same-origin'});\n          const t=await r.text(); let data=null; try{data=JSON.parse(t);}catch(e){}\n   \n\t\t\t if (data && data.success) { \n    if (data && data.success) { \/\/ \u2705 \u53ea\u63d0\u793a\u5e76\u7ed9\u94fe\u63a5\uff0c\u4e0d\u5728\u5e95\u90e8\u6e32\u67d3\u62a5\u544a const viewURL = 'https:\/\/arttao.org\/es\/' + '?arttao_eval=' + encodeURIComponent(data.data.id); status.innerHTML = '\u2705 \u5df2\u751f\u6210\u62a5\u544a\uff1a<a href=\"' + viewURL + '\" target=\"_blank\" rel=\"noopener\">\u62a5\u544a\u6d4f\u89c8<\/a>'; status.className = 'ok status'; submit.style.display = 'none'; \/\/ \u9690\u85cf\u6309\u94ae\uff0c\u907f\u514d\u91cd\u590d\u63d0\u4ea4\n}\n          } else {\n            status.textContent = (data && data.data && data.data.error) ? data.data.error : '\u63d0\u4ea4\u5931\u8d25';\n            status.className = 'err status';\n          }\n        }catch(e){\n          status.textContent='\u7f51\u7edc\u6216\u670d\u52a1\u5668\u9519\u8bef';\n          status.className='err status';\n        }finally{\n          submit.disabled=false;\n          submit.textContent='\u63d0\u4ea4\u8bc4\u4f30\u5e76\u83b7\u53d6AI\u6307\u5bfc';\n        }\n      });\n    })();\n    <\/script>\n    \n<p class=\"has-small-font-size\">\u8bf7\u586b\u5199\u8bfe\u7a0b\u8bc4\u4f30\uff0c\u56de\u987e\u5b66\u4e60\u6536\u83b7\u5e76\u63d0\u51fa\u5efa\u8bae\uff0c\u8fd9\u5c06\u5e2e\u52a9\u4f60\u6df1\u5316\u7406\u89e3\uff0c\u4e5f\u52a9\u6211\u4eec\u6539\u8fdb\u8bfe\u7a0b\u3002<\/p>\n","protected":false},"excerpt":{"rendered":"<p>Por favor, complete la evaluaci\u00f3n del curso para revisar su aprendizaje y ofrecer sugerencias. Esto le ayudar\u00e1 a profundizar su comprensi\u00f3n y nos ayudar\u00e1 a mejorar el curso.<\/p>","protected":false},"author":1,"featured_media":0,"parent":0,"menu_order":0,"comment_status":"closed","ping_status":"closed","template":"","meta":{"nf_dc_page":"","om_disable_all_campaigns":false,"_monsterinsights_skip_tracking":false,"_monsterinsights_sitenote_active":false,"_monsterinsights_sitenote_note":"","_monsterinsights_sitenote_category":0,"footnotes":""},"class_list":["post-12803","page","type-page","status-publish","hentry"],"_links":{"self":[{"href":"https:\/\/arttao.org\/es\/wp-json\/wp\/v2\/pages\/12803","targetHints":{"allow":["GET"]}}],"collection":[{"href":"https:\/\/arttao.org\/es\/wp-json\/wp\/v2\/pages"}],"about":[{"href":"https:\/\/arttao.org\/es\/wp-json\/wp\/v2\/types\/page"}],"author":[{"embeddable":true,"href":"https:\/\/arttao.org\/es\/wp-json\/wp\/v2\/users\/1"}],"replies":[{"embeddable":true,"href":"https:\/\/arttao.org\/es\/wp-json\/wp\/v2\/comments?post=12803"}],"version-history":[{"count":4,"href":"https:\/\/arttao.org\/es\/wp-json\/wp\/v2\/pages\/12803\/revisions"}],"predecessor-version":[{"id":15805,"href":"https:\/\/arttao.org\/es\/wp-json\/wp\/v2\/pages\/12803\/revisions\/15805"}],"wp:attachment":[{"href":"https:\/\/arttao.org\/es\/wp-json\/wp\/v2\/media?parent=12803"}],"curies":[{"name":"gracias","href":"https:\/\/api.w.org\/{rel}","templated":true}]}}