{"id":14566,"date":"2025-11-23T18:05:46","date_gmt":"2025-11-23T18:05:46","guid":{"rendered":"https:\/\/arttao.org\/?page_id=14566"},"modified":"2025-11-23T18:05:46","modified_gmt":"2025-11-23T18:05:46","slug":"leccion-908-la-relacion-entre-el-trauma-y-los-trastornos-del-sueno","status":"publish","type":"page","link":"https:\/\/arttao.org\/es\/%e7%ac%ac908%e8%af%be%ef%bc%9a%e5%88%9b%e4%bc%a4%e4%b8%8e%e7%9d%a1%e7%9c%a0%e9%9a%9c%e7%a2%8d%e7%9a%84%e5%85%b3%e7%b3%bb\/","title":{"rendered":"Lecci\u00f3n 908: La relaci\u00f3n entre el trauma y los trastornos del sue\u00f1o"},"content":{"rendered":"<div style=\"max-width:800px; margin:auto; font-family:'Georgia', serif; line-height:1.8; color:#333;\">\n<h3 style=\"text-align:center; margin-bottom:20px;\">\u7b2c908\u8bfe\uff1a\u521b\u4f24\u4e0e\u7761\u7720\u969c\u788d\u7684\u5173\u7cfb<\/h3>\n<p><strong>\u65f6\u957f\uff1a<\/strong>80\u5206\u949f<\/p>\n<p> <!-- ==================== \u7b2c1\u90e8\u5206 \u00b7 \u6982\u8ff0\uff08200\u2013250\u5b57\uff09 ==================== --> <\/p>\n<p><strong>\u4e3b\u9898\u7b80\u4ecb\uff08\u6982\u8ff0\uff09\uff1a<\/strong><\/p>\n<p> \u5728\u521b\u4f24\u540e\u5e94\u6fc0\u969c\u788d\uff08PTSD\uff09\u4e2d\uff0c\u7761\u7720\u5f80\u5f80\u662f\u53d7\u5f71\u54cd\u6700\u6df1\u7684\u4e00\u5757\uff1a\u8bb8\u591a\u4eba\u4f1a\u7ecf\u5386\u5165\u7761\u56f0\u96be\u3001\u9891\u7e41\u60ca\u9192\u3001\u6fd2\u6b7b\u5f0f\u5fc3\u8df3\u3001\u68a6\u9b47\u3001\u6d45\u7761\u7720\u3001\u591c\u95f4\u9ad8\u5ea6\u8b66\u89c9\uff0c\u751a\u81f3\u5728\u95ed\u4e0a\u773c\u65f6\u5c31\u611f\u5230\u6050\u60e7\u3002\u4f60\u53ef\u80fd\u4ee5\u4e3a\u201c\u662f\u6211\u7761\u4e0d\u597d\u201d\uff0c\u4f46\u80cc\u540e\u771f\u6b63\u7684\u673a\u5236\u662f\uff1a\u795e\u7ecf\u7cfb\u7edf\u4f9d\u7136\u5904\u5728\u6218\u6597\u2014\u9003\u8dd1\uff08fight-or-flight\uff09\u7684\u9632\u5fa1\u6a21\u5f0f\uff0c\u800c\u7761\u7720\uff0c\u662f\u9700\u8981\u5b8c\u5168\u64a4\u9664\u9632\u5fa1\u624d\u80fd\u8fdb\u5165\u7684\u72b6\u6001\u3002\u56e0\u6b64\uff0c\u8d8a\u60f3\u7761\uff0c\u8d8a\u7761\u4e0d\u7740\uff1b\u8d8a\u7d2f\uff0c\u8d8a\u8b66\u89c9\uff1b\u8d8a\u60f3\u653e\u677e\uff0c\u5374\u8d8a\u5bb3\u6015\u5931\u53bb\u63a7\u5236\u3002 <\/p>\n<p> \u672c\u8bfe\u5c06\u5e26\u4f60\u7406\u89e3\u521b\u4f24\u4e0e\u7761\u7720\u969c\u788d\u4e4b\u95f4\u7684\u795e\u7ecf\u5173\u8054\uff1a\u674f\u4ec1\u6838\u8fc7\u5ea6\u6fc0\u6d3b\u3001\u538b\u529b\u8377\u5c14\u8499\u9ad8\u4f01\u3001\u8eaf\u4f53\u8bb0\u5fc6\u5728\u591c\u95f4\u91cd\u64ad\u3001\u4ee5\u53ca\u201c\u5b89\u5168\u611f\u7f3a\u4e4f\u201d\u5982\u4f55\u7834\u574f\u5165\u7761\u673a\u5236\u3002\u4f60\u4f1a\u5b66\u4e60\u5982\u4f55\u4ece\u8eab\u4f53\u3001\u547c\u5438\u3001\u73af\u5883\u914d\u7f6e\u4e09\u6761\u7ebf\u91cd\u65b0\u5efa\u7acb\u201c\u591c\u95f4\u5b89\u5168\u4fe1\u53f7\u201d\uff0c\u8ba9\u7761\u7720\u9010\u6b65\u4ece\u521b\u4f24\u7684\u56da\u7b3c\u6062\u590d\u4e3a\u4fee\u590d\u7684\u7a7a\u95f4\u3002\u66fc\u9640\u7f57\u4e0d\u662f\u753b\u4ec0\u4e48\uff0c\u800c\u662f\u89c2\u770b\u2014\u2014\u4eca\u665a\uff0c\u4f60\u4e5f\u4f1a\u7ec3\u4e60\u7528\u201c\u89c2\u770b\u201d\u7684\u65b9\u5f0f\u9762\u5bf9\u591c\u95f4\u7684\u4e0d\u5b89\uff0c\u800c\u4e0d\u662f\u88ab\u5b83\u541e\u6ca1\u3002 <\/p>\n<p>[arttao_Healing_Course_tts_group907_910]<\/p>\n<p><!-- ==================== AI\u4e92\u52a8 ==================== --> <\/p>\n<h3 style=\"margin-top:28px; margin-bottom:8px;\">\u25b2 AI\u4e92\u52a8\uff1a\u7ed8\u5236\u4f60\u7684\u201c\u7761\u7720\u2014\u89e6\u53d1\u94fe\u201d<\/h3>\n<p> \u8bf7\u5411 AI \u63cf\u8ff0\uff1a<br \/> \u2460 \u5165\u7761\u6700\u56f0\u96be\u7684\u90a3\u4e2a\u65f6\u95f4\u70b9\uff0c\u4f60\u8eab\u4f53\u7684\u7b2c\u4e00\u4e2a\u53cd\u5e94\u662f\u4ec0\u4e48\uff1b<br \/> \u2461 \u4f60\u6700\u9891\u7e41\u51fa\u73b0\u7684\u68a6\u9b47\u7c7b\u578b\uff08\u8ffd\u9010\u3001\u7a92\u606f\u3001\u5931\u63a7\u3001\u91cd\u6f14\u8fc7\u53bb\u3001\u65e0\u8fb9\u6050\u60e7\u7b49\uff09\uff1b<br \/> \u2462 \u4e00\u6b21\u4f60\u88ab\u201c\u7a81\u7136\u60ca\u9192\u201d\u7684\u7ecf\u5386\u4e0e\u8eab\u4f53\u611f\u53d7\u3002<\/p>\n<p> AI \u5c06\u534f\u52a9\u4f60\uff1a<br \/> \u2460 \u627e\u5230\u4f60\u4e2a\u4eba\u7684\u201c\u591c\u95f4\u89e6\u53d1\u94fe\u201d\uff08\u4ece\u8eab\u4f53 \u2192 \u601d\u7ef4 \u2192 \u68a6\u5883\u7684\u8fde\u9501\u5173\u7cfb\uff09\uff1b<br \/> \u2461 \u89e3\u6790\u4f60\u68a6\u9b47\u80cc\u540e\u7684\u795e\u7ecf\u673a\u5236\uff08\u5982\u672a\u6574\u5408\u7684\u8bb0\u5fc6\u3001\u8eab\u4f53\u8bb0\u5fc6\u56de\u653e\uff09\uff1b<br \/> \u2462 \u5217\u51fa 3 \u4e2a\u201c\u591c\u95f4\u5b89\u5168\u951a\u70b9\u201d\u4f9b\u4f60\u4eca\u665a\u5f00\u59cb\u7ec3\u4e60\u3002 <\/p>\n    <div id=\"psych-ai-chat-container\">\n        <button id=\"toggle-chatbox\" style=\"font-size:1rem; background:#F0F8FF; padding:8px 20px; border: 1px solid #F5DEB3; border-radius:18px;\">\u5fc3\u7406\u7b54\u7591<\/button>\n\n    <!-- \u5bf9\u8bdd\u6846\u533a\u57df\uff1a\u9ed8\u8ba4\u9690\u85cf -->\n   \n   <div id=\"psych-ai-chat-container\" style=\"margin: 40px 0;\">\n   \n    <div id=\"psych-ai-chat\" style=\"\n        display: none;\n        margin-top: 20px;\n        border: 1px solid #F5DEB3;\n        padding: 8px;\n        background: white;\n        max-width: 750px;\n        border-radius: 30px;\n        box-shadow: 0 2px 10px rgba(0,0,0,0.05);\n    \">\n        <div id=\"chat-window\" style=\"\n            height: 300px;\n            overflow-y: auto;\n            background: #ffffff;\n            padding: 8px;\n            border: 1px solid #ddd;\n            white-space: pre-wrap;\n            font-size: 16px;\n            border-radius: 30px;\n        \"><\/div>\n\n        <div style=\"margin-top: 10px;\">\n            <textarea id=\"chat-input\" placeholder=\"\u270d \u8f93\u5165\u4f60\u7684\u95ee\u9898\u2026\" style=\"\n                width: 95%;\n                height: 60px;\n                border-radius: 20px;\n                padding: 8px;\n                font-size: 15px;\n                border: 1px solid #F5DEB3;\n            \"><\/textarea>\n            <button id=\"chat-submit\" style=\"\n                margin-top: 3px;\n                padding: 8px 16px;\n                background-color: #F0F8FF;\n                color: #2C003E;\n                border: none;\n                border-radius: 20px;\n                font-size: 14px;\n                cursor: pointer;\n            \">\u53d1\u9001<\/button>\n            \n            <!-- \u2705 \u65b0\u589e\uff1a\u4fdd\u5b58\u8bb0\u5f55\u6309\u94ae -->\n<button id=\"chat-save\" style=\"\n    margin-top: 8px;\n    padding: 8px 16px;\n    background-color: #e1ffe1;\n    color: #333;\n    border: none;\n    border-radius: 20px;\n    font-size: 14px;\n    cursor: pointer;\n\">\ud83d\udcbe \u4fdd\u5b58\u8bb0\u5f55<\/button>\n\n<!-- \u2705 \u4fdd\u5b58\u63d0\u793a\u6587\u5b57 -->\n<p id=\"save-notice\" style=\"display:none; color:green; margin-top:10px; font-weight:bold;\">\ud83d\udcbe \u6b63\u5728\u4fdd\u5b58\uff0c\u8bf7\u7a0d\u5019\u2026<\/p>\n\n\n        <\/div>\n    <\/div>\n<\/div>\n\n\n\n<script>\n\n\/\/ \u4fdd\u5b58\u8bb0\u5f55\u6309\u94ae\u903b\u8f91\nconst saveBtn = document.getElementById(\"chat-save\");\nconst saveNotice = document.getElementById(\"save-notice\");\n\nsaveBtn.addEventListener(\"click\", function () {\n    const content = document.getElementById(\"chat-window\").innerText.trim();\n    if (!content) {\n        alert(\"\u5f53\u524d\u6ca1\u6709\u5bf9\u8bdd\u5185\u5bb9\u53ef\u4fdd\u5b58\u3002\");\n        return;\n    }\n\n    saveNotice.style.display = \"block\";\n\n    const data = new URLSearchParams();\n    data.append(\"action\", \"psych_save_manual_report\");\n    data.append(\"content\", content);\n    data.append(\"nonce\", \"562706eff9\");\n\n    fetch(\"https:\/\/arttao.org\/wp-admin\/admin-ajax.php\", {\n        method: \"POST\",\n        headers: { \"Content-Type\": \"application\/x-www-form-urlencoded\" },\n        body: data.toString()\n    })\n    .then(res => res.text())\n    .then(txt => {\n        alert(txt);\n        saveNotice.style.display = \"none\";\n    })\n    .catch(() => {\n        alert(\"\u274c \u4fdd\u5b58\u5931\u8d25\uff0c\u8bf7\u7a0d\u540e\u518d\u8bd5\u3002\");\n        saveNotice.style.display = \"none\";\n    });\n});\n\n\n    document.addEventListener(\"DOMContentLoaded\", function () {\n        const toggle = document.getElementById(\"toggle-chatbox\");\n        const box = document.getElementById(\"psych-ai-chat\");\n        const win = document.getElementById(\"chat-window\");\n        const input = document.getElementById(\"chat-input\");\n        const submit = document.getElementById(\"chat-submit\");\n\n        toggle.onclick = () => {\n            box.style.display = box.style.display === \"none\" ? \"block\" : \"none\";\n        };\n\n        function append(role, text) {\n            const div = document.createElement(\"div\");\n            div.textContent = (role === 'user' ? '\ud83e\uddd1 ' : '\ud83e\udd16 ') + text;\n            div.style.margin = \"8px 0\";\n            win.appendChild(div);\n            win.scrollTop = win.scrollHeight;\n        }\n\n        submit.addEventListener(\"click\", function () {\n            const text = input.value.trim();\n            if (!text) return;\n            append('user', text);\n            input.value = \"\";\n\n            const data = new URLSearchParams();\n            data.append(\"action\", \"psych_ai_chat_ajax\");\n            data.append(\"query\", text);\n            data.append(\"nonce\", \"562706eff9\");\n\n            fetch(\"https:\/\/arttao.org\/wp-admin\/admin-ajax.php\", {\n                method: \"POST\",\n                headers: { \"Content-Type\": \"application\/x-www-form-urlencoded\" },\n                body: data.toString()\n            })\n            .then(res => res.text())\n            .then(txt => append('ai', txt))\n            .catch(() => append('ai', '\u274c \u7f51\u7edc\u9519\u8bef\uff0c\u8bf7\u7a0d\u540e\u518d\u8bd5\u3002'));\n        });\n    });\n    <\/script>\n    \n<p><!-- ==================== \u97f3\u4e50\u5bfc\u5f15 ==================== --> <\/p>\n<h3 style=\"margin-top:30px;\">\u25cb \u591c\u95f4\u5b89\u5b9a \u00b7 \u97f3\u4e50\u5bfc\u5f15<\/h3>\n<p> \u9009\u62e9\u4e00\u6bb5\u4f4e\u9891\u3001\u7f13\u6162\u6269\u6563\u3001\u65e0\u65cb\u5f8b\u8df3\u8dc3\u7684\u7eaf\u97f3\u4e50\u3002 \u8eba\u4e0b\u524d\uff0c\u8bf7\u5148\u8ba9\u97f3\u4e50\u5728\u623f\u95f4\u91cc\u64ad\u653e 1\u20132 \u5206\u949f\uff0c\u8ba9\u58f0\u97f3\u201c\u5148\u5230\u8fbe\u7a7a\u95f4\u201d\uff0c\u518d\u8ba9\u4f60\u8fdb\u5165\u7a7a\u95f4\u3002 <\/p>\n<p> \u63a5\u7740\uff0c\u8fdb\u884c **6 \u6b21\u5faa\u73af\u7684\u201c\u591c\u95f4\u547c\u5438\u201d\u7ec3\u4e60**\uff1a \u5438\u6c14 4 \u62cd\u3001\u547c\u6c14 7 \u62cd\u2014\u2014\u8ba9\u547c\u6c14\u6545\u610f\u66f4\u957f\u3002 \u6bcf\u4e00\u6b21\u547c\u6c14\uff0c\u90fd\u5bf9\u8eab\u4f53\u8bf4\uff1a <strong>\u201c\u6b64\u523b\u6ca1\u6709\u5371\u9669\u3002\u201d<\/strong> \u97f3\u4e50\u5c06\u4f5c\u4e3a\u80cc\u666f\uff0c\u8ba9\u4f60\u7684\u6ce8\u610f\u529b\u4e0d\u518d\u8ffd\u9010\u201c\u5982\u679c\u518d\u505a\u6076\u68a6\u600e\u4e48\u529e\u201d\u7684\u6050\u60e7\uff0c\u800c\u662f\u9010\u6e10\u56de\u5230\u53ef\u88ab\u770b\u89c1\u3001\u53ef\u88ab\u89e6\u78b0\u7684\u5f53\u4e0b\u3002 <\/p>\n<div style='clear: both; height: 30px;'><\/div><div style=\"text-align: left; max-width: 800px; margin: 0 auto 20px auto; font-family: Georgia, serif; padding-left: 10px;\"><div style=\"font-size: 22px; margin-bottom: 5px;\">\ud83c\udfb5 \u7b2c 908 \u8bfe\uff1a\u97f3\u9891\u64ad\u653e&nbsp;&nbsp;<\/div><div style=\"font-size: 15px; color: #444; line-height: 1.6; margin-top: 5px;\">\u97f3\u4e50\u7597\u6108\uff1a\u8bf7\u7528\u8033\u6735\u6e29\u67d4\u5730\u7167\u62a4\u5185\u5fc3\u3002<\/div><\/div><div style=\"max-width: 850px; margin: 20px auto 15px auto; padding: 20px; background-color: #ffffff; border: 1px solid #aaa; border-radius: 30px; text-align: center; box-sizing: border-box;\"><audio id=\"audio_waveform_69e9495207bda_audio\" controls loop style=\"width: 100%; max-width: 800px; height: 30px; border-radius: 30px; display: block; margin: 0 auto; border: none;\"><source src=\"https:\/\/arttao.org\/wp-content\/uploads\/audio\/ES908.mp3\" type=\"audio\/mpeg\">\u60a8\u7684\u6d4f\u89c8\u5668\u4e0d\u652f\u6301\u97f3\u9891\u64ad\u653e\u3002<\/audio><\/div><div style=\"max-width: 850px; margin: 0 auto 30px auto;\"><canvas id=\"audio_waveform_69e9495207bda_canvas\" height=\"100\" style=\"width: 100%; background-color: white; border-radius: 8px; display: none;\"><\/canvas><\/div><script>\n    document.addEventListener('DOMContentLoaded', function () {\n        const isMobile = \/iPhone|iPad|iPod|Android\/i.test(navigator.userAgent);\n        const audio = document.getElementById('audio_waveform_69e9495207bda_audio');\n        const canvas = document.getElementById('audio_waveform_69e9495207bda_canvas');\n\n        if (isMobile) return;\n\n        canvas.style.display = 'block';\n        canvas.width = canvas.offsetWidth;\n        const ctx = canvas.getContext('2d');\n        let audioContext = null;\n        let analyser = null;\n        let source = null;\n        let dataArray = null;\n        let bufferLength = 0;\n        let contextInitialized = false;\n\n        function initContextAndVisualizer() {\n            if (contextInitialized) return;\n            contextInitialized = true;\n            audioContext = new (window.AudioContext || window.webkitAudioContext)();\n            analyser = audioContext.createAnalyser();\n            source = audioContext.createMediaElementSource(audio);\n            source.connect(analyser);\n            analyser.connect(audioContext.destination);\n            analyser.fftSize = 2048;\n            bufferLength = analyser.fftSize;\n            dataArray = new Uint8Array(bufferLength);\n            draw();\n        }\n\n        function draw() {\n            if (!analyser || !ctx) return;\n            requestAnimationFrame(draw);\n            analyser.getByteTimeDomainData(dataArray);\n            ctx.clearRect(0, 0, canvas.width, canvas.height);\n            ctx.lineWidth = 0.2;\n            ctx.strokeStyle = '#003344';\n            ctx.beginPath();\n            const sliceWidth = canvas.width \/ bufferLength;\n            let x = 0;\n            for (let i = 0; i < bufferLength; i++) {\n                const v = dataArray[i] \/ 128.0;\n                const y = v * canvas.height \/ 2;\n                i === 0 ? ctx.moveTo(x, y) : ctx.lineTo(x, y);\n                x += sliceWidth;\n            }\n            ctx.lineTo(canvas.width, canvas.height \/ 2);\n            ctx.stroke();\n        }\n\n        ['play', 'click', 'touchstart'].forEach(evt => {\n            audio.addEventListener(evt, () => {\n                if (!audioContext) {\n                    initContextAndVisualizer();\n                } else if (audioContext.state === 'suspended') {\n                    audioContext.resume().then(initContextAndVisualizer);\n                }\n            }, { passive: true });\n        });\n\n        audio.addEventListener('playing', () => {\n            if (!contextInitialized) initContextAndVisualizer();\n        });\n    });\n    <\/script>\n<p><!-- ==================== \u82b1\u8349\u8336\u7597\u6108\u996e\u54c1 ==================== --> <\/p>\n<h3 style=\"margin-top:28px;\">\u25cb \u82b1\u8349\u8336\u7597\u6108\u996e\u54c1 \u00b7 \u85b0\u8863\u8349\u871c\u9999\u5b89\u7720\u8336<\/h3>\n<p> <strong>\u63a8\u8350\u7406\u7531\uff1a<\/strong>\u85b0\u8863\u8349\u53ef\u964d\u4f4e\u4ea4\u611f\u795e\u7ecf\u6d3b\u6027\u3001\u51cf\u8f7b\u591c\u95f4\u8b66\u89c9\uff1b\u871c\u9999\u7ea2\u8336\u6216\u8702\u871c\u7684\u5fae\u751c\uff0c\u80fd\u7ed9\u8eab\u4f53\u4f20\u9012\u201c\u53ef\u4ee5\u653e\u677e\u201d\u7684\u4fe1\u53f7\uff0c\u975e\u5e38\u9002\u5408\u6709\u591c\u95f4\u60ca\u9192\u6216\u7761\u7720\u6050\u60e7\u7684\u4eba\u3002 <\/p>\n<p> <strong>\u57fa\u7840\u505a\u6cd5\uff1a<\/strong>\u5c06\u85b0\u8863\u8349 1 \u514b\u3001\u6d0b\u7518\u83ca 2 \u514b\u4ee5 85\u201390\u00b0C \u70ed\u6c34\u6d78\u6ce1 5\u20137 \u5206\u949f\uff0c\u53ef\u52a0\u5165\u5c11\u91cf\u8702\u871c\u3002\u559d\u7684\u65f6\u5019\u8bf7\u6162\u4e00\u70b9\uff0c\u8ba9\u9999\u6c14\u8fdb\u5165\u9f3b\u8154\uff0c\u6e29\u5ea6\u8fdb\u5165\u80f8\u53e3\uff0c\u5e2e\u52a9\u795e\u7ecf\u7cfb\u7edf\u4ece\u9632\u5fa1\u72b6\u6001\u7f13\u6162\u4e0b\u964d\u3002 <\/p>\n<p> <!-- ==================== \u4e2d\u56fd\u98df\u7597 \u00b7 \u7fb9\u54c1 ==================== --> <\/p>\n<article class=\"medit-card\">\n<h3 class=\"medit-h\">\u25cb \u4e2d\u56fd\u98df\u7597 \u00b7 \u83b2\u5b50\u767e\u5408\u5b89\u7761\u7fb9<\/h3>\n<div class=\"medit-hr\"><\/div>\n<p> \u8bb8\u591a\u521b\u4f24\u8005\u4f1a\u5728\u508d\u665a\u51fa\u73b0\u60c5\u7eea\u6ce2\u52a8\u3001\u80f8\u53e3\u7d27\u7f29\u3001\u80c3\u90e8\u4e0d\u9002\uff0c\u8fdb\u4e00\u6b65\u5f71\u54cd\u7761\u7720\u3002\u83b2\u5b50\u517b\u5fc3\u5b89\u795e\uff0c\u767e\u5408\u6da6\u80ba\u89e3\u90c1\uff0c\u4e0e\u6e29\u6da6\u7684\u7fb9\u54c1\u8d28\u5730\u4e00\u8d77\uff0c\u4e3a\u591c\u95f4\u63d0\u4f9b\u67d4\u8f6f\u7684\u5b89\u5b9a\u611f\u3002 <\/p>\n<p> <strong>\u505a\u6cd5\uff1a<\/strong>\u767e\u5408 20 \u514b\u3001\u83b2\u5b50 30 \u514b\uff08\u53bb\u82af\uff09\u3001\u5c11\u91cf\u94f6\u8033\u6216\u7cef\u7c73\uff0c\u52a0\u6c34\u5c0f\u706b\u6162\u7096\u81f3\u8f6f\u7cef\u5fae\u7a20\u3002\u53ef\u5fae\u52a0\u51b0\u7cd6\u63d0\u5473\u3002\u5728\u7761\u524d 1 \u5c0f\u65f6\u98df\u7528\u6700\u9002\u5408\uff0c\u8ba9\u8eab\u4f53\u5148\u88ab\u201c\u5b89\u629a\u201d\uff0c\u518d\u6162\u6162\u8fdb\u5165\u591c\u665a\u3002 <\/p>\n<\/article>\n<p> <!-- ==================== \u4e2d\u4e16\u7eaa\u54e5\u7279\u4f53\u4e66\u6cd5 Gothic Script ==================== --> <\/p>\n<h3>\u25cb \u4e2d\u4e16\u7eaa\u54e5\u7279\u4f53\u4e66\u6cd5 \u00b7 \u53e5\u5199\uff1a\u201cNight can be gentle again.\u201d<\/h3>\n<p><strong>\u7ec3\u4e60\u8bed\u53e5\uff1a<\/strong><\/p>\n<p style=\"font-style:italic; color:#444; font-size:17px;\"> Night can be gentle again. <\/p>\n<p><strong>\u4e66\u5199\u91cd\u70b9\uff08Gothic Script\uff09\uff1a<\/strong><\/p>\n<ul style=\"padding-left:18px; line-height:1.8; font-size:15px;\">\n<li>\u9996\u5b57\u6bcd N \u5b9c\u7565\u5927\uff0c\u50cf\u591c\u665a\u7684\u5165\u53e3\uff0c\u63d0\u9192\u4f60\uff1a\u8fdb\u5165\u7761\u7720\u4e0d\u7b49\u4e8e\u8fdb\u5165\u5371\u9669\u3002<\/li>\n<li>\u54e5\u7279\u4f53\u7684\u7ad6\u7b14\u8981\u7a33\uff0c\u50cf\u7a33\u4f4f\u4f60\u591c\u95f4\u7684\u9aa8\u67b6\u3002<\/li>\n<li>\u201cgentle\u201d \u53ef\u5199\u5f97\u7565\u5706\uff0c\u8c61\u5f81\u591c\u665a\u91cd\u65b0\u5177\u6709\u67d4\u8f6f\u53ef\u80fd\u3002<\/li>\n<li>\u5199\u5b8c\u4e00\u53e5\u540e\uff0c\u8bf7\u6df1\u547c\u5438\u4e00\u6b21\uff0c\u8ba9\u4e66\u5199\u6210\u4e3a\u4e00\u4e2a\u201c\u6211\u5141\u8bb8\u591c\u665a\u91cd\u65b0\u53d8\u5f97\u6e29\u67d4\u201d\u7684\u4eea\u5f0f\u3002<\/li>\n<\/ul>\n\n    <div style=\"text-align: center; margin-top: 20px;\">\n        <button id=\"toggleBtn908\" onclick=\"toggleCalligraphy908()\" style=\"\n            font-size: 15px;\n            color: #333;\n            margin-bottom: 10px;\n            padding: 12px 20px;\n            border: 1px solid #CCFFFF;\n            display: inline-block;\n            border-radius: 30px;\n            background:#FFF9FF;\n            cursor: pointer;\n        \">\u5b57\u4f53\u793a\u8303<\/button>\n        <div id=\"calligraphyImage908\" style=\"display: none; margin-top: 15px;\">\n            \n            <img decoding=\"async\" src=\"https:\/\/arttao.org\/wp-content\/uploads\/calligraphy-images\/class908.png\" alt=\"\u4e66\u6cd5\u793a\u8303\" style=\"max-width: 800px; width: 100%; border: 1px solid #ccc; border-radius: 8px;\">\n            \n        <\/div>\n        <script>\n            function toggleCalligraphy908() {\n                var img = document.getElementById(\"calligraphyImage908\");\n                var btn = document.getElementById(\"toggleBtn908\");\n                if (img.style.display === \"none\") {\n                    img.style.display = \"block\";\n                    btn.innerText = \"\u8fd4\u56de\";\n                } else {\n                    img.style.display = \"none\";\n                    btn.innerText = \"\u5b57\u4f53\u793a\u8303\";\n                }\n            }\n        <\/script>\n    <\/div>\n<p><!-- ==================== \u7cbe\u795e\u66fc\u9640\u7f57\u7597\u6108 \u00b7 \u5e42\u60f3\u6587 ==================== --> <\/p>\n<div class=\"mandala-verse\" style=\"margin:20px 0;\">\n<h3>\u7cbe\u795e\u7597\u6108\uff1a\u7cbe\u795e\u66fc\u9640\u7f57\u5e42\u60f3\u6587 46<\/h3>\n<p> \u8bf7\u89c2\u770b\u4e00\u5e45\u7531\u6df1\u8272\u5411\u6d45\u8272\u8fc7\u6e21\u7684\u66fc\u9640\u7f57\u3002\u5916\u5708\u7684\u6df1\u8272\u8c61\u5f81\u591c\u95f4\u7684\u672a\u77e5\u4e0e\u4e0d\u5b89\uff0c\u5185\u5708\u7684\u4eae\u8272\u8c61\u5f81\u4f60\u5c1a\u672a\u5931\u53bb\u7684\u5b89\u5168\u4e4b\u5149\u3002 \u4f60\u4e0d\u9700\u8981\u6539\u53d8\u66fc\u9640\u7f57\uff0c\u53ea\u9700\u8981\u89c2\u770b\u2014\u2014 \u89c2\u770b\u4f60\u7684\u5fc3\u5982\u4f55\u5728\u6df1\u8272\u4e0e\u5149\u4eae\u4e4b\u95f4\uff0c\u6162\u6162\u627e\u5230\u4e00\u6761\u8fc7\u6e21\u7684\u8def\u5f84\u3002 <\/p>\n<p> \u9ed8\u5ff5\uff1a <strong>\u201c\u591c\u665a\u6b63\u5728\u5b66\u4e60\u5bf9\u6211\u6e29\u67d4\u3002\u201d<\/strong> \u8ba9\u8fd9\u53e5\u8bdd\u50cf\u5149\u4e00\u6837\uff0c\u5728\u4f60\u5fc3\u91cc\u6162\u6162\u4eae\u8d77\u6765\u3002 <\/p>\n<\/p><\/div>\n<p>[mandala_course lesson=&#8221;908&#8243;]<\/p>\n<p><!-- ==================== \u7ed8\u753b\u5f15\u5bfc ==================== --> <\/p>\n<div class=\"art-guidance\" style=\"margin:24px 0; line-height:1.8; font-size:15px;\">\n<h3 style=\"color:#00695C;\">\u7b2c908\u8bfe\uff1a\u591c\u95f4\u6050\u60e7\u7684\u201c\u5149\u70b9\u8def\u5f84\u56fe\u201d\u7ed8\u753b\u7ec3\u4e60<\/h3>\n<p><strong>\u76ee\u7684\uff1a<\/strong>\u5e2e\u52a9\u4f60\u628a\u591c\u95f4\u7684\u6050\u60e7\u5177\u8c61\u5316\uff0c\u5e76\u4e3a\u5b83\u4eec\u753b\u51fa\u201c\u56de\u5230\u5149\u91cc\u7684\u8def\u5f84\u201d\u3002<\/p>\n<p><strong>\u6b65\u9aa4\uff1a<\/strong><br \/> \u2460 \u5728\u7eb8\u4e0a\u753b\u4e00\u4e2a\u6df1\u8272\u7684\u5916\u5708\uff0c\u8c61\u5f81\u591c\u665a\u7684\u538b\u8feb\u611f\uff1b<\/p>\n<p> \u2461 \u5728\u4e2d\u5fc3\u753b\u4e00\u4e2a\u5c0f\u5c0f\u7684\u4eae\u70b9\uff0c\u8c61\u5f81\u4f60\u4ecd\u7136\u62e5\u6709\u7684\u5b89\u5168\u611f\uff1b<\/p>\n<p> \u2462 \u5728\u6df1\u8272\u4e0e\u4eae\u70b9\u4e4b\u95f4\u753b\u4e09\u6761\u6e10\u4eae\u7684\u8def\u5f84\uff0c\u5206\u522b\u5199\u4e0a\uff1a \u201c\u547c\u5438\u201d\u3001\u201c\u89e6\u89c9\u951a\u70b9\u201d\u3001\u201c\u73af\u5883\u786e\u8ba4\u201d\uff1b<\/p>\n<p> \u2463 \u4e3a\u6bcf\u4e00\u6761\u8def\u5f84\u4e0a\u8272\uff0c\u8ba9\u5b83\u4eec\u4ece\u6697\u5230\u4eae\u9010\u6e10\u8fc7\u6e21\uff1b<\/p>\n<p> \u2464 \u5728\u5e95\u90e8\u5199\u4e0b\u4e00\u53e5\uff1a <strong>\u201c\u6211\u53ef\u4ee5\u4ece\u9ed1\u6697\u8d70\u5411\u5149\u3002\u201d<\/strong> <\/p>\n<\/p><\/div>\n<p style=\"color:#a00;\">\u8bf7\u5148\u767b\u5f55\u518d\u63d0\u4ea4\u7ed8\u753b\u4e0e\u611f\u53d7\u3002<\/p>\n<p><!-- ==================== \u65e5\u5fd7\u5f15\u5bfc ==================== --> <\/p>\n<div class=\"pd-item\" data-lesson=\"908\">\n<h3>\u25cb 908. \u65e5\u5fd7\u5f15\u5bfc<\/h3>\n<p>\u2460 \u5199\u4e0b\u4f60\u6700\u8fd1\u4e00\u6b21\u6700\u96be\u5165\u7761\u7684\u591c\u665a\uff0c\u5f53\u65f6\u4f60\u7684\u8eab\u4f53\u548c\u60c5\u7eea\u53d1\u751f\u4e86\u4ec0\u4e48\uff1f<\/p>\n<p>\u2461 \u8bd5\u7740\u627e\u51fa\u90a3\u4e2a\u591c\u665a\u6700\u65e9\u51fa\u73b0\u7684\u201c\u591c\u95f4\u89e6\u53d1\u4fe1\u53f7\u201d\u3002<\/p>\n<p>\u2462 \u5199\u4e0b\u4f60\u51c6\u5907\u52a0\u5165\u4eca\u665a\u7761\u524d\u7684\u4e00\u4e2a\u201c\u5b89\u5168\u951a\u70b9\u201d\u3002<\/p>\n<p>\u2463 \u7528\u4e00\u53e5\u8bdd\u603b\u7ed3\u4eca\u5929\u7684\u7406\u89e3\uff1a <strong>\u201c\u7761\u4e0d\u7740\u4e0d\u662f\u6211\u7684\u9519\uff0c\u662f\u6211\u7684\u8eab\u4f53\u5728\u8bd5\u56fe\u4fdd\u62a4\u6211\uff0c\u6211\u6b63\u5728\u91cd\u65b0\u6559\u5b83\u5b89\u5168\u3002\u201d<\/strong><\/p>\n<\/p><\/div>\n<p style=\"text-align:center;color:#a00;\">\u8bf7\u767b\u5f55\u540e\u4f7f\u7528\u3002<\/p>\n<p><!-- ==================== \u7ed3\u675f\u8bed ==================== --> <\/p>\n<p style=\"text-align:center; font-size:16px; color:#555; margin-top:30px; margin-bottom:30px;\"> \u5f53\u4f60\u7406\u89e3\u7761\u7720\u969c\u788d\u80cc\u540e\u7684\u521b\u4f24\u673a\u5236\uff0c\u4f60\u5c31\u4ece\u201c\u88ab\u591c\u665a\u541e\u6ca1\u201d\u8d70\u5411\u201c\u80fd\u591f\u91cd\u65b0\u8fce\u63a5\u591c\u665a\u201d\u3002 \u591c\u665a\u4e0d\u5fc5\u6c38\u8fdc\u662f\u75db\u82e6\uff0c\u5b83\u4e5f\u53ef\u4ee5\u6162\u6162\u91cd\u65b0\u53d8\u5f97\u6e29\u67d4\u3002 <\/p>\n<\/p><\/div>\n","protected":false},"excerpt":{"rendered":"<p>\u7b2c908\u8bfe\uff1a\u521b\u4f24\u4e0e\u7761\u7720\u969c\u788d\u7684\u5173\u7cfb \u65f6\u957f\uff1a80\u5206\u949f \u4e3b\u9898\u7b80\u4ecb\uff08\u6982\u8ff0\uff09\uff1a \u5728\u521b\u4f24\u540e\u5e94\u6fc0\u969c\u788d\uff08PTSD\uff09\u4e2d\uff0c\u7761\u7720\u5f80\u5f80 [&hellip;]<\/p>\n","protected":false},"author":1,"featured_media":0,"parent":0,"menu_order":0,"comment_status":"closed","ping_status":"closed","template":"","meta":{"nf_dc_page":"","om_disable_all_campaigns":false,"_monsterinsights_skip_tracking":false,"_monsterinsights_sitenote_active":false,"_monsterinsights_sitenote_note":"","_monsterinsights_sitenote_category":0,"footnotes":""},"class_list":["post-14566","page","type-page","status-publish","hentry"],"_links":{"self":[{"href":"https:\/\/arttao.org\/es\/wp-json\/wp\/v2\/pages\/14566","targetHints":{"allow":["GET"]}}],"collection":[{"href":"https:\/\/arttao.org\/es\/wp-json\/wp\/v2\/pages"}],"about":[{"href":"https:\/\/arttao.org\/es\/wp-json\/wp\/v2\/types\/page"}],"author":[{"embeddable":true,"href":"https:\/\/arttao.org\/es\/wp-json\/wp\/v2\/users\/1"}],"replies":[{"embeddable":true,"href":"https:\/\/arttao.org\/es\/wp-json\/wp\/v2\/comments?post=14566"}],"version-history":[{"count":1,"href":"https:\/\/arttao.org\/es\/wp-json\/wp\/v2\/pages\/14566\/revisions"}],"predecessor-version":[{"id":14567,"href":"https:\/\/arttao.org\/es\/wp-json\/wp\/v2\/pages\/14566\/revisions\/14567"}],"wp:attachment":[{"href":"https:\/\/arttao.org\/es\/wp-json\/wp\/v2\/media?parent=14566"}],"curies":[{"name":"gracias","href":"https:\/\/api.w.org\/{rel}","templated":true}]}}