{"id":1476,"date":"2025-04-08T15:38:47","date_gmt":"2025-04-08T15:38:47","guid":{"rendered":"https:\/\/arttao.org\/?page_id=1476"},"modified":"2025-12-22T05:16:40","modified_gmt":"2025-12-22T05:16:40","slug":"2-problemas-relacionados-con-la-depresion-2","status":"publish","type":"page","link":"https:\/\/arttao.org\/es\/%e4%ba%8c-%e6%8a%91%e9%83%81%e7%9b%b8%e5%85%b3%e9%97%ae%e9%a2%98-2\/","title":{"rendered":"B. Problemas relacionados con la depresi\u00f3n"},"content":{"rendered":"<p class=\"\"><\/p>\n\n\n\n<p class=\"\"><\/p>\n\n\n\n<figure class=\"wp-block-image size-large is-resized\"><img loading=\"lazy\" decoding=\"async\" width=\"1024\" height=\"734\" src=\"https:\/\/arttao.org\/wp-content\/uploads\/2025\/04\/EaI\u00bcIo_601103595_AIA\u00a8oAi\u00b5AA\u00aeo\u00a2\u00b7CAEoO\u00b5EIOA-1-1024x734.jpg?wsr\" alt=\"\" class=\"wp-image-1477\" style=\"width:70px;height:auto\" srcset=\"https:\/\/arttao.org\/wp-content\/uploads\/2025\/04\/EaI\u00bcIo_601103595_AIA\u00a8oAi\u00b5AA\u00aeo\u00a2\u00b7CAEoO\u00b5EIOA-1-1024x734.jpg 1024w, https:\/\/arttao.org\/wp-content\/uploads\/2025\/04\/EaI\u00bcIo_601103595_AIA\u00a8oAi\u00b5AA\u00aeo\u00a2\u00b7CAEoO\u00b5EIOA-1-300x215.jpg 300w, https:\/\/arttao.org\/wp-content\/uploads\/2025\/04\/EaI\u00bcIo_601103595_AIA\u00a8oAi\u00b5AA\u00aeo\u00a2\u00b7CAEoO\u00b5EIOA-1-768x551.jpg 768w, https:\/\/arttao.org\/wp-content\/uploads\/2025\/04\/EaI\u00bcIo_601103595_AIA\u00a8oAi\u00b5AA\u00aeo\u00a2\u00b7CAEoO\u00b5EIOA-1-1536x1101.jpg 1536w, https:\/\/arttao.org\/wp-content\/uploads\/2025\/04\/EaI\u00bcIo_601103595_AIA\u00a8oAi\u00b5AA\u00aeo\u00a2\u00b7CAEoO\u00b5EIOA-1-2048x1469.jpg 2048w\" sizes=\"auto, (max-width: 1024px) 100vw, 1024px\" \/><\/figure>\n\n\n\n<p class=\"has-medium-font-size\"><a href=\"https:\/\/arttao.org\/es\/episodio-depresivo-mayor-s-9\/\" data-type=\"page\" data-id=\"11059\">s-9:<strong>Episodio depresivo mayor<\/strong><\/a><\/p>\n\n\n\n<p class=\"has-small-font-size\"><br>Adquiera un conocimiento m\u00e1s profundo de los s\u00edntomas principales del trastorno depresivo mayor, como el estado de \u00e1nimo persistentemente bajo, la p\u00e9rdida de inter\u00e9s y el deterioro del funcionamiento. Este curso le ayudar\u00e1 a identificar las se\u00f1ales de alerta, aprender t\u00e9cnicas de autoactivaci\u00f3n y regulaci\u00f3n del sue\u00f1o, e indicarle cu\u00e1ndo buscar ayuda profesional, sentando as\u00ed una base s\u00f3lida para la recuperaci\u00f3n.<\/p>\n\n\n\n<figure class=\"wp-block-image size-large is-resized\"><img loading=\"lazy\" decoding=\"async\" width=\"1024\" height=\"734\" src=\"https:\/\/arttao.org\/wp-content\/uploads\/2025\/04\/EaI\u00bcIo_601103595_AIA\u00a8oAi\u00b5AA\u00aeo\u00a2\u00b7CAEoO\u00b5EIOA-1-1024x734.jpg\" alt=\"\" class=\"wp-image-1477\" style=\"width:67px;height:auto\" srcset=\"https:\/\/arttao.org\/wp-content\/uploads\/2025\/04\/EaI\u00bcIo_601103595_AIA\u00a8oAi\u00b5AA\u00aeo\u00a2\u00b7CAEoO\u00b5EIOA-1-1024x734.jpg 1024w, https:\/\/arttao.org\/wp-content\/uploads\/2025\/04\/EaI\u00bcIo_601103595_AIA\u00a8oAi\u00b5AA\u00aeo\u00a2\u00b7CAEoO\u00b5EIOA-1-300x215.jpg 300w, https:\/\/arttao.org\/wp-content\/uploads\/2025\/04\/EaI\u00bcIo_601103595_AIA\u00a8oAi\u00b5AA\u00aeo\u00a2\u00b7CAEoO\u00b5EIOA-1-768x551.jpg 768w, https:\/\/arttao.org\/wp-content\/uploads\/2025\/04\/EaI\u00bcIo_601103595_AIA\u00a8oAi\u00b5AA\u00aeo\u00a2\u00b7CAEoO\u00b5EIOA-1-1536x1101.jpg 1536w, https:\/\/arttao.org\/wp-content\/uploads\/2025\/04\/EaI\u00bcIo_601103595_AIA\u00a8oAi\u00b5AA\u00aeo\u00a2\u00b7CAEoO\u00b5EIOA-1-2048x1469.jpg 2048w\" sizes=\"auto, (max-width: 1024px) 100vw, 1024px\" \/><\/figure>\n\n\n\n<p class=\"has-medium-font-size\"><a href=\"https:\/\/arttao.org\/es\/2-trastorno-depresivo-persistente-v\/\" data-type=\"page\" data-id=\"1350\">s-10. <strong>trastorno depresivo persistente<\/strong><\/a><br><\/p>\n\n\n\n<p class=\"has-small-font-size\">Este curso se centra en los sentimientos depresivos persistentes, de baja intensidad pero a largo plazo, ayud\u00e1ndote a comprender su naturaleza oculta y su impacto en tu vida. Proporciona m\u00e9todos para la reestructuraci\u00f3n cognitiva y el ajuste del ritmo diario, permiti\u00e9ndote aumentar gradualmente tus niveles de energ\u00eda y aprender a encontrar la fuerza de la recuperaci\u00f3n a trav\u00e9s de la perseverancia.<\/p>\n\n\n\n<figure class=\"wp-block-image size-large is-resized\"><img loading=\"lazy\" decoding=\"async\" width=\"1024\" height=\"734\" src=\"https:\/\/arttao.org\/wp-content\/uploads\/2025\/04\/EaI\u00bcIo_601103595_AIA\u00a8oAi\u00b5AA\u00aeo\u00a2\u00b7CAEoO\u00b5EIOA-1-1024x734.jpg\" alt=\"\" class=\"wp-image-1477\" style=\"width:68px;height:auto\" srcset=\"https:\/\/arttao.org\/wp-content\/uploads\/2025\/04\/EaI\u00bcIo_601103595_AIA\u00a8oAi\u00b5AA\u00aeo\u00a2\u00b7CAEoO\u00b5EIOA-1-1024x734.jpg 1024w, https:\/\/arttao.org\/wp-content\/uploads\/2025\/04\/EaI\u00bcIo_601103595_AIA\u00a8oAi\u00b5AA\u00aeo\u00a2\u00b7CAEoO\u00b5EIOA-1-300x215.jpg 300w, https:\/\/arttao.org\/wp-content\/uploads\/2025\/04\/EaI\u00bcIo_601103595_AIA\u00a8oAi\u00b5AA\u00aeo\u00a2\u00b7CAEoO\u00b5EIOA-1-768x551.jpg 768w, https:\/\/arttao.org\/wp-content\/uploads\/2025\/04\/EaI\u00bcIo_601103595_AIA\u00a8oAi\u00b5AA\u00aeo\u00a2\u00b7CAEoO\u00b5EIOA-1-1536x1101.jpg 1536w, https:\/\/arttao.org\/wp-content\/uploads\/2025\/04\/EaI\u00bcIo_601103595_AIA\u00a8oAi\u00b5AA\u00aeo\u00a2\u00b7CAEoO\u00b5EIOA-1-2048x1469.jpg 2048w\" sizes=\"auto, (max-width: 1024px) 100vw, 1024px\" \/><\/figure>\n\n\n\n<p class=\"\"><a href=\"https:\/\/arttao.org\/es\/s-11-caracteristicas-depresivas-relacionadas-con-el-trastorno-bipolar\/\" data-type=\"page\" data-id=\"11065\">s-11:<strong>Caracter\u00edsticas de la depresi\u00f3n relacionada con el trastorno bipolar<\/strong><\/a><\/p>\n\n\n\n<p class=\"has-small-font-size\">Este curso te ayudar\u00e1 a comprender las diferencias entre la depresi\u00f3n bipolar y la unipolar, as\u00ed como los patrones de las fluctuaciones del estado de \u00e1nimo. Aprender\u00e1s a monitorear tus ritmos an\u00edmicos, m\u00e9todos para equilibrar tu sue\u00f1o y autorregulaci\u00f3n, y herramientas de apoyo para el tratamiento y la estabilizaci\u00f3n a largo plazo.<\/p>\n\n\n\n<figure class=\"wp-block-image size-large is-resized\"><img loading=\"lazy\" decoding=\"async\" width=\"1024\" height=\"734\" src=\"https:\/\/arttao.org\/wp-content\/uploads\/2025\/04\/EaI\u00bcIo_601103595_AIA\u00a8oAi\u00b5AA\u00aeo\u00a2\u00b7CAEoO\u00b5EIOA-1-1024x734.jpg\" alt=\"\" class=\"wp-image-1477\" style=\"width:64px;height:auto\" srcset=\"https:\/\/arttao.org\/wp-content\/uploads\/2025\/04\/EaI\u00bcIo_601103595_AIA\u00a8oAi\u00b5AA\u00aeo\u00a2\u00b7CAEoO\u00b5EIOA-1-1024x734.jpg 1024w, https:\/\/arttao.org\/wp-content\/uploads\/2025\/04\/EaI\u00bcIo_601103595_AIA\u00a8oAi\u00b5AA\u00aeo\u00a2\u00b7CAEoO\u00b5EIOA-1-300x215.jpg 300w, https:\/\/arttao.org\/wp-content\/uploads\/2025\/04\/EaI\u00bcIo_601103595_AIA\u00a8oAi\u00b5AA\u00aeo\u00a2\u00b7CAEoO\u00b5EIOA-1-768x551.jpg 768w, https:\/\/arttao.org\/wp-content\/uploads\/2025\/04\/EaI\u00bcIo_601103595_AIA\u00a8oAi\u00b5AA\u00aeo\u00a2\u00b7CAEoO\u00b5EIOA-1-1536x1101.jpg 1536w, https:\/\/arttao.org\/wp-content\/uploads\/2025\/04\/EaI\u00bcIo_601103595_AIA\u00a8oAi\u00b5AA\u00aeo\u00a2\u00b7CAEoO\u00b5EIOA-1-2048x1469.jpg 2048w\" sizes=\"auto, (max-width: 1024px) 100vw, 1024px\" \/><\/figure>\n\n\n\n<p class=\"has-medium-font-size\"><a href=\"https:\/\/arttao.org\/es\/11trastorno-afectivo-estacional\/\" data-type=\"page\" data-id=\"10932\">s-12:<strong>Trastorno afectivo estacional<\/strong><\/a><\/p>\n\n\n\n<p class=\"has-small-font-size\">Este curso te ayuda a comprender las caracter\u00edsticas del bajo estado de \u00e1nimo, la disminuci\u00f3n de energ\u00eda y la p\u00e9rdida de inter\u00e9s durante los cambios de estaci\u00f3n. Proporciona estrategias para mejorar la regulaci\u00f3n de la luz, el ejercicio y los h\u00e1bitos de vida, apoy\u00e1ndote para aliviar los s\u00edntomas y mejorar la resiliencia psicol\u00f3gica mediante la autoayuda y la adaptaci\u00f3n del entorno.<\/p>\n\n\n\n<figure class=\"wp-block-image size-large is-resized\"><img loading=\"lazy\" decoding=\"async\" width=\"1024\" height=\"734\" src=\"https:\/\/arttao.org\/wp-content\/uploads\/2025\/04\/EaI\u00bcIo_601103595_AIA\u00a8oAi\u00b5AA\u00aeo\u00a2\u00b7CAEoO\u00b5EIOA-1-1024x734.jpg\" alt=\"\" class=\"wp-image-1477\" style=\"width:64px;height:auto\" srcset=\"https:\/\/arttao.org\/wp-content\/uploads\/2025\/04\/EaI\u00bcIo_601103595_AIA\u00a8oAi\u00b5AA\u00aeo\u00a2\u00b7CAEoO\u00b5EIOA-1-1024x734.jpg 1024w, https:\/\/arttao.org\/wp-content\/uploads\/2025\/04\/EaI\u00bcIo_601103595_AIA\u00a8oAi\u00b5AA\u00aeo\u00a2\u00b7CAEoO\u00b5EIOA-1-300x215.jpg 300w, https:\/\/arttao.org\/wp-content\/uploads\/2025\/04\/EaI\u00bcIo_601103595_AIA\u00a8oAi\u00b5AA\u00aeo\u00a2\u00b7CAEoO\u00b5EIOA-1-768x551.jpg 768w, https:\/\/arttao.org\/wp-content\/uploads\/2025\/04\/EaI\u00bcIo_601103595_AIA\u00a8oAi\u00b5AA\u00aeo\u00a2\u00b7CAEoO\u00b5EIOA-1-1536x1101.jpg 1536w, https:\/\/arttao.org\/wp-content\/uploads\/2025\/04\/EaI\u00bcIo_601103595_AIA\u00a8oAi\u00b5AA\u00aeo\u00a2\u00b7CAEoO\u00b5EIOA-1-2048x1469.jpg 2048w\" sizes=\"auto, (max-width: 1024px) 100vw, 1024px\" \/><\/figure>\n\n\n\n<p class=\"has-medium-font-size\"><a href=\"https:\/\/arttao.org\/es\/s-13%e6%83%85%e7%bb%aa%e5%a4%b1%e8%b0%83%e9%9a%9c%e7%a2%8d%e8%af%be%e7%a8%8b\/\" data-type=\"page\" data-id=\"16318\">s-13: Trastorno de desregulaci\u00f3n del estado de \u00e1nimo<\/a><\/p>\n\n\n\n<p class=\"has-small-font-size\"><br>Este curso se centra en los patrones de dificultad para regular las emociones y los frecuentes arrebatos, y en comprender su impacto en las relaciones interpersonales y la autoimagen. Te guiar\u00e1 a trav\u00e9s de t\u00e9cnicas de respiraci\u00f3n, atenci\u00f3n plena y expresi\u00f3n emocional, cultivando gradualmente la estabilidad y reconstruyendo la conexi\u00f3n y la confianza con los dem\u00e1s.<\/p>\n\n\n\n<figure class=\"wp-block-image size-large is-resized\"><img loading=\"lazy\" decoding=\"async\" width=\"1024\" height=\"734\" src=\"https:\/\/arttao.org\/wp-content\/uploads\/2025\/04\/EaI\u00bcIo_601103595_AIA\u00a8oAi\u00b5AA\u00aeo\u00a2\u00b7CAEoO\u00b5EIOA-1-1024x734.jpg\" alt=\"\" class=\"wp-image-1477\" style=\"width:66px;height:auto\" srcset=\"https:\/\/arttao.org\/wp-content\/uploads\/2025\/04\/EaI\u00bcIo_601103595_AIA\u00a8oAi\u00b5AA\u00aeo\u00a2\u00b7CAEoO\u00b5EIOA-1-1024x734.jpg 1024w, https:\/\/arttao.org\/wp-content\/uploads\/2025\/04\/EaI\u00bcIo_601103595_AIA\u00a8oAi\u00b5AA\u00aeo\u00a2\u00b7CAEoO\u00b5EIOA-1-300x215.jpg 300w, https:\/\/arttao.org\/wp-content\/uploads\/2025\/04\/EaI\u00bcIo_601103595_AIA\u00a8oAi\u00b5AA\u00aeo\u00a2\u00b7CAEoO\u00b5EIOA-1-768x551.jpg 768w, https:\/\/arttao.org\/wp-content\/uploads\/2025\/04\/EaI\u00bcIo_601103595_AIA\u00a8oAi\u00b5AA\u00aeo\u00a2\u00b7CAEoO\u00b5EIOA-1-1536x1101.jpg 1536w, https:\/\/arttao.org\/wp-content\/uploads\/2025\/04\/EaI\u00bcIo_601103595_AIA\u00a8oAi\u00b5AA\u00aeo\u00a2\u00b7CAEoO\u00b5EIOA-1-2048x1469.jpg 2048w\" sizes=\"auto, (max-width: 1024px) 100vw, 1024px\" \/><\/figure>\n\n\n\n<p class=\"\"><a href=\"https:\/\/arttao.org\/es\/s-14%e6%8a%91%e9%83%81%e7%97%87%e5%90%8c%e6%97%b6%e6%80%a7%e7%84%a6%e8%99%91\/\" data-type=\"page\" data-id=\"16323\">S-14: Trastorno de ansiedad sincr\u00f3nica en la depresi\u00f3n<\/a><\/p>\n\n\n\n<p class=\"has-small-font-size\">Este curso te ayuda a identificar las complejas emociones que surgen cuando la depresi\u00f3n y la ansiedad se entrelazan, como el insomnio, la preocupaci\u00f3n y la fatiga. Ofrece un enfoque integral que abarca ejercicios de relajaci\u00f3n y respiraci\u00f3n, as\u00ed como regulaci\u00f3n cognitiva y cambios en el estilo de vida, ayud\u00e1ndote a mejorar tu condici\u00f3n de manera completa.<\/p>\n\n\n\n<figure class=\"wp-block-image size-large is-resized\"><img loading=\"lazy\" decoding=\"async\" width=\"1024\" height=\"734\" src=\"https:\/\/arttao.org\/wp-content\/uploads\/2025\/04\/EaI\u00bcIo_601103595_AIA\u00a8oAi\u00b5AA\u00aeo\u00a2\u00b7CAEoO\u00b5EIOA-1-1024x734.jpg\" alt=\"\" class=\"wp-image-1477\" style=\"width:71px;height:auto\" srcset=\"https:\/\/arttao.org\/wp-content\/uploads\/2025\/04\/EaI\u00bcIo_601103595_AIA\u00a8oAi\u00b5AA\u00aeo\u00a2\u00b7CAEoO\u00b5EIOA-1-1024x734.jpg 1024w, https:\/\/arttao.org\/wp-content\/uploads\/2025\/04\/EaI\u00bcIo_601103595_AIA\u00a8oAi\u00b5AA\u00aeo\u00a2\u00b7CAEoO\u00b5EIOA-1-300x215.jpg 300w, https:\/\/arttao.org\/wp-content\/uploads\/2025\/04\/EaI\u00bcIo_601103595_AIA\u00a8oAi\u00b5AA\u00aeo\u00a2\u00b7CAEoO\u00b5EIOA-1-768x551.jpg 768w, https:\/\/arttao.org\/wp-content\/uploads\/2025\/04\/EaI\u00bcIo_601103595_AIA\u00a8oAi\u00b5AA\u00aeo\u00a2\u00b7CAEoO\u00b5EIOA-1-1536x1101.jpg 1536w, https:\/\/arttao.org\/wp-content\/uploads\/2025\/04\/EaI\u00bcIo_601103595_AIA\u00a8oAi\u00b5AA\u00aeo\u00a2\u00b7CAEoO\u00b5EIOA-1-2048x1469.jpg 2048w\" sizes=\"auto, (max-width: 1024px) 100vw, 1024px\" \/><\/figure>\n\n\n\n<p class=\"\"><a href=\"https:\/\/arttao.org\/es\/s-15%e6%83%85%e7%bb%aa%e5%8f%8d%e5%ba%94%e6%80%a7%e6%8a%91%e9%83%81\/\" data-type=\"page\" data-id=\"16325\">S-15: Depresi\u00f3n reactiva al estado de \u00e1nimo<\/a><\/p>\n\n\n\n<p class=\"has-small-font-size\">Este curso se centra en los sentimientos de tristeza y p\u00e9rdida provocados por acontecimientos externos, ayud\u00e1ndote a comprender la sensibilidad y los patrones de afrontamiento. Proporciona ejercicios de registro de emociones, autocompasi\u00f3n y pensamiento positivo para desarrollar gradualmente la adaptabilidad y la resiliencia ante el cambio.<\/p>\n\n\n\n<figure class=\"wp-block-image size-large is-resized\"><img loading=\"lazy\" decoding=\"async\" width=\"1024\" height=\"734\" src=\"https:\/\/arttao.org\/wp-content\/uploads\/2025\/04\/EaI\u00bcIo_601103595_AIA\u00a8oAi\u00b5AA\u00aeo\u00a2\u00b7CAEoO\u00b5EIOA-1-1024x734.jpg\" alt=\"\" class=\"wp-image-1477\" style=\"width:72px;height:auto\" srcset=\"https:\/\/arttao.org\/wp-content\/uploads\/2025\/04\/EaI\u00bcIo_601103595_AIA\u00a8oAi\u00b5AA\u00aeo\u00a2\u00b7CAEoO\u00b5EIOA-1-1024x734.jpg 1024w, https:\/\/arttao.org\/wp-content\/uploads\/2025\/04\/EaI\u00bcIo_601103595_AIA\u00a8oAi\u00b5AA\u00aeo\u00a2\u00b7CAEoO\u00b5EIOA-1-300x215.jpg 300w, https:\/\/arttao.org\/wp-content\/uploads\/2025\/04\/EaI\u00bcIo_601103595_AIA\u00a8oAi\u00b5AA\u00aeo\u00a2\u00b7CAEoO\u00b5EIOA-1-768x551.jpg 768w, https:\/\/arttao.org\/wp-content\/uploads\/2025\/04\/EaI\u00bcIo_601103595_AIA\u00a8oAi\u00b5AA\u00aeo\u00a2\u00b7CAEoO\u00b5EIOA-1-1536x1101.jpg 1536w, https:\/\/arttao.org\/wp-content\/uploads\/2025\/04\/EaI\u00bcIo_601103595_AIA\u00a8oAi\u00b5AA\u00aeo\u00a2\u00b7CAEoO\u00b5EIOA-1-2048x1469.jpg 2048w\" sizes=\"auto, (max-width: 1024px) 100vw, 1024px\" \/><\/figure>\n\n\n\n<p class=\"\"><a href=\"https:\/\/arttao.org\/es\/s-6%ef%bc%9a%e6%83%85%e7%bb%aa%e5%9b%a0%e5%ba%94%e9%9a%9c%e7%a2%8d\/\" data-type=\"page\" data-id=\"16329\">S-16: Trastorno de afrontamiento emocional<\/a><\/p>\n\n\n\n<p class=\"has-small-font-size\">Explora las experiencias depresivas derivadas de mecanismos de afrontamiento inadecuados ante los acontecimientos vitales y el estr\u00e9s, lo que te ayudar\u00e1 a identificar estados de \u00e1nimo vulnerables. El curso te guiar\u00e1 a trav\u00e9s de estrategias de afrontamiento, m\u00e9todos de resoluci\u00f3n de problemas y el uso del apoyo social para recuperar la fortaleza interior al enfrentar desaf\u00edos.<\/p>\n\n\n\n<figure class=\"wp-block-image size-large is-resized\"><img loading=\"lazy\" decoding=\"async\" width=\"1024\" height=\"734\" src=\"https:\/\/arttao.org\/wp-content\/uploads\/2025\/04\/EaI\u00bcIo_601103595_AIA\u00a8oAi\u00b5AA\u00aeo\u00a2\u00b7CAEoO\u00b5EIOA-1-1024x734.jpg\" alt=\"\" class=\"wp-image-1477\" style=\"width:74px;height:auto\" srcset=\"https:\/\/arttao.org\/wp-content\/uploads\/2025\/04\/EaI\u00bcIo_601103595_AIA\u00a8oAi\u00b5AA\u00aeo\u00a2\u00b7CAEoO\u00b5EIOA-1-1024x734.jpg 1024w, https:\/\/arttao.org\/wp-content\/uploads\/2025\/04\/EaI\u00bcIo_601103595_AIA\u00a8oAi\u00b5AA\u00aeo\u00a2\u00b7CAEoO\u00b5EIOA-1-300x215.jpg 300w, https:\/\/arttao.org\/wp-content\/uploads\/2025\/04\/EaI\u00bcIo_601103595_AIA\u00a8oAi\u00b5AA\u00aeo\u00a2\u00b7CAEoO\u00b5EIOA-1-768x551.jpg 768w, https:\/\/arttao.org\/wp-content\/uploads\/2025\/04\/EaI\u00bcIo_601103595_AIA\u00a8oAi\u00b5AA\u00aeo\u00a2\u00b7CAEoO\u00b5EIOA-1-1536x1101.jpg 1536w, https:\/\/arttao.org\/wp-content\/uploads\/2025\/04\/EaI\u00bcIo_601103595_AIA\u00a8oAi\u00b5AA\u00aeo\u00a2\u00b7CAEoO\u00b5EIOA-1-2048x1469.jpg 2048w\" sizes=\"auto, (max-width: 1024px) 100vw, 1024px\" \/><\/figure>\n\n\n\n<p class=\"\"><a href=\"https:\/\/arttao.org\/es\/s-17%e8%8d%af%e7%89%a9%e6%88%96%e7%89%a9%e8%b4%a8%e5%bc%95%e5%8f%91%e7%9a%84%e6%8a%91%e9%83%81%e7%97%87-2\/\" data-type=\"page\" data-id=\"16336\">S-17: Depresi\u00f3n inducida por medicamentos o sustancias<\/a><\/p>\n\n\n\n<p class=\"has-small-font-size\">Este curso te ayuda a comprender los efectos de las drogas, el alcohol u otras sustancias en tu estado de \u00e1nimo, y a identificar s\u00edntomas y relaciones causales. Fomenta el desarrollo de estilos de vida saludables, proporciona t\u00e9cnicas de relajaci\u00f3n alternativas y sugiere buscar apoyo m\u00e9dico y psicol\u00f3gico cuando sea necesario.<\/p>\n\n\n\n<figure class=\"wp-block-image size-large is-resized\"><img loading=\"lazy\" decoding=\"async\" width=\"1024\" height=\"734\" src=\"https:\/\/arttao.org\/wp-content\/uploads\/2025\/04\/EaI\u00bcIo_601103595_AIA\u00a8oAi\u00b5AA\u00aeo\u00a2\u00b7CAEoO\u00b5EIOA-1-1024x734.jpg\" alt=\"\" class=\"wp-image-1477\" style=\"width:75px;height:auto\" srcset=\"https:\/\/arttao.org\/wp-content\/uploads\/2025\/04\/EaI\u00bcIo_601103595_AIA\u00a8oAi\u00b5AA\u00aeo\u00a2\u00b7CAEoO\u00b5EIOA-1-1024x734.jpg 1024w, https:\/\/arttao.org\/wp-content\/uploads\/2025\/04\/EaI\u00bcIo_601103595_AIA\u00a8oAi\u00b5AA\u00aeo\u00a2\u00b7CAEoO\u00b5EIOA-1-300x215.jpg 300w, https:\/\/arttao.org\/wp-content\/uploads\/2025\/04\/EaI\u00bcIo_601103595_AIA\u00a8oAi\u00b5AA\u00aeo\u00a2\u00b7CAEoO\u00b5EIOA-1-768x551.jpg 768w, https:\/\/arttao.org\/wp-content\/uploads\/2025\/04\/EaI\u00bcIo_601103595_AIA\u00a8oAi\u00b5AA\u00aeo\u00a2\u00b7CAEoO\u00b5EIOA-1-1536x1101.jpg 1536w, https:\/\/arttao.org\/wp-content\/uploads\/2025\/04\/EaI\u00bcIo_601103595_AIA\u00a8oAi\u00b5AA\u00aeo\u00a2\u00b7CAEoO\u00b5EIOA-1-2048x1469.jpg 2048w\" sizes=\"auto, (max-width: 1024px) 100vw, 1024px\" \/><\/figure>\n\n\n\n<p class=\"\"><a href=\"https:\/\/arttao.org\/es\/s-18%e8%80%81%e5%b9%b4%e6%9c%9f%e6%8a%91%e9%83%81-%e8%ae%a4%e7%9f%a5%e8%a1%b0%e9%80%80%e5%9e%8b%e6%8a%91%e9%83%81\/\" data-type=\"page\" data-id=\"16338\">S-18: Depresi\u00f3n en la vejez \/ Depresi\u00f3n por deterioro cognitivo<\/a><\/p>\n\n\n\n<p class=\"has-small-font-size\">Este curso se centra en la depresi\u00f3n y el deterioro cognitivo en adultos mayores, ayudando a comprender la interacci\u00f3n entre la soledad, la p\u00e9rdida y la enfermedad f\u00edsica. Ofrece consejos sobre apoyo emocional, planificaci\u00f3n de actividades diarias y apoyo familiar para mejorar la calidad de vida, y orienta a los participantes para que accedan a ayuda profesional oportuna.<\/p>","protected":false},"excerpt":{"rendered":"<p>s-9:\u91cd\u5ea6\u6291\u90c1\u53d1\u4f5c \u6df1\u5165\u7406\u89e3\u91cd\u6027\u6291\u90c1\u7684\u6838\u5fc3\u75c7\u72b6\uff0c\u5305\u62ec\u6301\u7eed\u4f4e\u843d\u3001\u5174\u8da3\u4e27\u5931\u4e0e\u529f\u80fd\u53d7\u635f\u3002\u8bfe\u7a0b\u5e2e\u52a9\u4f60\u8bc6\u522b\u5371\u9669\u4fe1\u53f7\uff0c\u5b66 [&hellip;]<\/p>\n","protected":false},"author":1,"featured_media":0,"parent":0,"menu_order":0,"comment_status":"closed","ping_status":"closed","template":"","meta":{"nf_dc_page":"","om_disable_all_campaigns":false,"_monsterinsights_skip_tracking":false,"_monsterinsights_sitenote_active":false,"_monsterinsights_sitenote_note":"","_monsterinsights_sitenote_category":0,"footnotes":""},"class_list":["post-1476","page","type-page","status-publish","hentry"],"_links":{"self":[{"href":"https:\/\/arttao.org\/es\/wp-json\/wp\/v2\/pages\/1476","targetHints":{"allow":["GET"]}}],"collection":[{"href":"https:\/\/arttao.org\/es\/wp-json\/wp\/v2\/pages"}],"about":[{"href":"https:\/\/arttao.org\/es\/wp-json\/wp\/v2\/types\/page"}],"author":[{"embeddable":true,"href":"https:\/\/arttao.org\/es\/wp-json\/wp\/v2\/users\/1"}],"replies":[{"embeddable":true,"href":"https:\/\/arttao.org\/es\/wp-json\/wp\/v2\/comments?post=1476"}],"version-history":[{"count":16,"href":"https:\/\/arttao.org\/es\/wp-json\/wp\/v2\/pages\/1476\/revisions"}],"predecessor-version":[{"id":16340,"href":"https:\/\/arttao.org\/es\/wp-json\/wp\/v2\/pages\/1476\/revisions\/16340"}],"wp:attachment":[{"href":"https:\/\/arttao.org\/es\/wp-json\/wp\/v2\/media?parent=1476"}],"curies":[{"name":"gracias","href":"https:\/\/api.w.org\/{rel}","templated":true}]}}