{"id":1480,"date":"2025-04-08T15:57:44","date_gmt":"2025-04-08T15:57:44","guid":{"rendered":"https:\/\/arttao.org\/?page_id=1480"},"modified":"2025-09-29T01:19:30","modified_gmt":"2025-09-29T01:19:30","slug":"3-problemas-de-compulsion-e-impulsividad","status":"publish","type":"page","link":"https:\/\/arttao.org\/es\/%e4%b8%89-%e5%bc%ba%e8%bf%ab%e4%b8%8e%e5%86%b2%e5%8a%a8%e9%97%ae%e9%a2%98\/","title":{"rendered":"C. Problemas obsesivo-compulsivos y compulsivos"},"content":{"rendered":"<p class=\"\"><\/p>\n\n\n\n<figure class=\"wp-block-image size-large is-resized\"><img loading=\"lazy\" decoding=\"async\" width=\"1024\" height=\"723\" src=\"https:\/\/arttao.org\/wp-content\/uploads\/2025\/04\/EaI\u00bcIo_601104963_N\u00a4Ao\u00a8oOD\u00b5A\u00a8IE\u00d7O\u00b7CAEoO\u00b5EIOA22-1024x723.jpg?wsr\" alt=\"\" class=\"wp-image-1482\" style=\"width:65px;height:auto\" srcset=\"https:\/\/arttao.org\/wp-content\/uploads\/2025\/04\/EaI\u00bcIo_601104963_N\u00a4Ao\u00a8oOD\u00b5A\u00a8IE\u00d7O\u00b7CAEoO\u00b5EIOA22-1024x723.jpg 1024w, https:\/\/arttao.org\/wp-content\/uploads\/2025\/04\/EaI\u00bcIo_601104963_N\u00a4Ao\u00a8oOD\u00b5A\u00a8IE\u00d7O\u00b7CAEoO\u00b5EIOA22-300x212.jpg 300w, https:\/\/arttao.org\/wp-content\/uploads\/2025\/04\/EaI\u00bcIo_601104963_N\u00a4Ao\u00a8oOD\u00b5A\u00a8IE\u00d7O\u00b7CAEoO\u00b5EIOA22-768x542.jpg 768w, https:\/\/arttao.org\/wp-content\/uploads\/2025\/04\/EaI\u00bcIo_601104963_N\u00a4Ao\u00a8oOD\u00b5A\u00a8IE\u00d7O\u00b7CAEoO\u00b5EIOA22-1536x1084.jpg 1536w, https:\/\/arttao.org\/wp-content\/uploads\/2025\/04\/EaI\u00bcIo_601104963_N\u00a4Ao\u00a8oOD\u00b5A\u00a8IE\u00d7O\u00b7CAEoO\u00b5EIOA22-2048x1445.jpg 2048w\" sizes=\"auto, (max-width: 1024px) 100vw, 1024px\" \/><\/figure>\n\n\n\n<p class=\"has-medium-font-size\"><a href=\"https:\/\/arttao.org\/es\/18-tendencias-obsesivo-compulsivas-e-impulsivas\/\" data-type=\"page\" data-id=\"10949\">s-19:<strong>Tendencias compulsivas e impulsivas<\/strong><\/a> <\/p>\n\n\n\n<p class=\"has-small-font-size\"><br>Este programa se centra en la angustia causada por pensamientos obsesivos y comportamientos repetitivos, as\u00ed como por patrones compulsivos dif\u00edciles de controlar. Aprender\u00e1 a identificar s\u00edntomas y desencadenantes, y a comprender los mecanismos subyacentes de la ansiedad. Mediante la exposici\u00f3n y la prevenci\u00f3n de respuestas, la regulaci\u00f3n emocional y ejercicios cognitivos, reducir\u00e1 gradualmente las restricciones de las compulsiones e impulsos, mejorando su flexibilidad y sensaci\u00f3n de control.<\/p>\n\n\n\n<figure class=\"wp-block-image size-large is-resized\"><img loading=\"lazy\" decoding=\"async\" width=\"1024\" height=\"723\" src=\"https:\/\/arttao.org\/wp-content\/uploads\/2025\/04\/EaI\u00bcIo_601104963_N\u00a4Ao\u00a8oOD\u00b5A\u00a8IE\u00d7O\u00b7CAEoO\u00b5EIOA22-1024x723.jpg\" alt=\"\" class=\"wp-image-1482\" style=\"width:62px;height:auto\" srcset=\"https:\/\/arttao.org\/wp-content\/uploads\/2025\/04\/EaI\u00bcIo_601104963_N\u00a4Ao\u00a8oOD\u00b5A\u00a8IE\u00d7O\u00b7CAEoO\u00b5EIOA22-1024x723.jpg 1024w, https:\/\/arttao.org\/wp-content\/uploads\/2025\/04\/EaI\u00bcIo_601104963_N\u00a4Ao\u00a8oOD\u00b5A\u00a8IE\u00d7O\u00b7CAEoO\u00b5EIOA22-300x212.jpg 300w, https:\/\/arttao.org\/wp-content\/uploads\/2025\/04\/EaI\u00bcIo_601104963_N\u00a4Ao\u00a8oOD\u00b5A\u00a8IE\u00d7O\u00b7CAEoO\u00b5EIOA22-768x542.jpg 768w, https:\/\/arttao.org\/wp-content\/uploads\/2025\/04\/EaI\u00bcIo_601104963_N\u00a4Ao\u00a8oOD\u00b5A\u00a8IE\u00d7O\u00b7CAEoO\u00b5EIOA22-1536x1084.jpg 1536w, https:\/\/arttao.org\/wp-content\/uploads\/2025\/04\/EaI\u00bcIo_601104963_N\u00a4Ao\u00a8oOD\u00b5A\u00a8IE\u00d7O\u00b7CAEoO\u00b5EIOA22-2048x1445.jpg 2048w\" sizes=\"auto, (max-width: 1024px) 100vw, 1024px\" \/><\/figure>\n\n\n\n<p class=\"has-medium-font-size\"><a href=\"https:\/\/arttao.org\/es\/19-preocupaciones-dismorficas-corporales-preocupaciones-por-la-apariencia\/\" data-type=\"page\" data-id=\"10929\"><strong>s-20: Preocupaci\u00f3n por deformaci\u00f3n corporal<\/strong><\/a><\/p>\n\n\n\n<p class=\"has-small-font-size\"><br>Esta evaluaci\u00f3n te ayuda a comprender las ra\u00edces psicol\u00f3gicas del enfoque excesivo y la insatisfacci\u00f3n con tu apariencia, y a reconocer su conexi\u00f3n con la ansiedad y la autoestima. Mediante ejercicios de reestructuraci\u00f3n cognitiva y atenci\u00f3n plena, aprender\u00e1s a reducir gradualmente la comparaci\u00f3n con el espejo y las comparaciones negativas, a cultivar la aceptaci\u00f3n y la autocompasi\u00f3n, a aliviar la verg\u00fcenza y el aislamiento, y a reconstruir gradualmente tu autoestima y confianza en la vida.<\/p>\n\n\n\n<figure class=\"wp-block-image size-large is-resized\"><img loading=\"lazy\" decoding=\"async\" width=\"1024\" height=\"723\" src=\"https:\/\/arttao.org\/wp-content\/uploads\/2025\/04\/EaI\u00bcIo_601104963_N\u00a4Ao\u00a8oOD\u00b5A\u00a8IE\u00d7O\u00b7CAEoO\u00b5EIOA22-1024x723.jpg\" alt=\"\" class=\"wp-image-1482\" style=\"width:64px;height:auto\" srcset=\"https:\/\/arttao.org\/wp-content\/uploads\/2025\/04\/EaI\u00bcIo_601104963_N\u00a4Ao\u00a8oOD\u00b5A\u00a8IE\u00d7O\u00b7CAEoO\u00b5EIOA22-1024x723.jpg 1024w, https:\/\/arttao.org\/wp-content\/uploads\/2025\/04\/EaI\u00bcIo_601104963_N\u00a4Ao\u00a8oOD\u00b5A\u00a8IE\u00d7O\u00b7CAEoO\u00b5EIOA22-300x212.jpg 300w, https:\/\/arttao.org\/wp-content\/uploads\/2025\/04\/EaI\u00bcIo_601104963_N\u00a4Ao\u00a8oOD\u00b5A\u00a8IE\u00d7O\u00b7CAEoO\u00b5EIOA22-768x542.jpg 768w, https:\/\/arttao.org\/wp-content\/uploads\/2025\/04\/EaI\u00bcIo_601104963_N\u00a4Ao\u00a8oOD\u00b5A\u00a8IE\u00d7O\u00b7CAEoO\u00b5EIOA22-1536x1084.jpg 1536w, https:\/\/arttao.org\/wp-content\/uploads\/2025\/04\/EaI\u00bcIo_601104963_N\u00a4Ao\u00a8oOD\u00b5A\u00a8IE\u00d7O\u00b7CAEoO\u00b5EIOA22-2048x1445.jpg 2048w\" sizes=\"auto, (max-width: 1024px) 100vw, 1024px\" \/><\/figure>\n\n\n\n<p class=\"has-medium-font-size\"><a href=\"https:\/\/arttao.org\/es\/20-trastorno-de-acumulacion\/\" data-type=\"page\" data-id=\"10951\">s-21:<strong>Trastorno de acumulaci\u00f3n<\/strong><\/a><\/p>\n\n\n\n<p class=\"has-small-font-size\"><br>El trastorno de acumulaci\u00f3n no se trata solo de la acumulaci\u00f3n de objetos; tambi\u00e9n refleja apego emocional y dificultad para desprenderse. Este curso te ayudar\u00e1 a comprender los mecanismos psicol\u00f3gicos del acaparamiento y te ense\u00f1ar\u00e1 t\u00e9cnicas paso a paso para organizarte y soltar por niveles. A trav\u00e9s del bienestar emocional y la automotivaci\u00f3n, puedes reducir gradualmente el estr\u00e9s causado por el desorden, restaurar el orden en tu espacio y mejorar tu sensaci\u00f3n de control y tranquilidad en tu vida.<\/p>\n\n\n\n<figure class=\"wp-block-image size-large is-resized\"><img loading=\"lazy\" decoding=\"async\" width=\"1024\" height=\"723\" src=\"https:\/\/arttao.org\/wp-content\/uploads\/2025\/04\/EaI\u00bcIo_601104963_N\u00a4Ao\u00a8oOD\u00b5A\u00a8IE\u00d7O\u00b7CAEoO\u00b5EIOA22-1024x723.jpg\" alt=\"\" class=\"wp-image-1482\" style=\"width:62px;height:auto\" srcset=\"https:\/\/arttao.org\/wp-content\/uploads\/2025\/04\/EaI\u00bcIo_601104963_N\u00a4Ao\u00a8oOD\u00b5A\u00a8IE\u00d7O\u00b7CAEoO\u00b5EIOA22-1024x723.jpg 1024w, https:\/\/arttao.org\/wp-content\/uploads\/2025\/04\/EaI\u00bcIo_601104963_N\u00a4Ao\u00a8oOD\u00b5A\u00a8IE\u00d7O\u00b7CAEoO\u00b5EIOA22-300x212.jpg 300w, https:\/\/arttao.org\/wp-content\/uploads\/2025\/04\/EaI\u00bcIo_601104963_N\u00a4Ao\u00a8oOD\u00b5A\u00a8IE\u00d7O\u00b7CAEoO\u00b5EIOA22-768x542.jpg 768w, https:\/\/arttao.org\/wp-content\/uploads\/2025\/04\/EaI\u00bcIo_601104963_N\u00a4Ao\u00a8oOD\u00b5A\u00a8IE\u00d7O\u00b7CAEoO\u00b5EIOA22-1536x1084.jpg 1536w, https:\/\/arttao.org\/wp-content\/uploads\/2025\/04\/EaI\u00bcIo_601104963_N\u00a4Ao\u00a8oOD\u00b5A\u00a8IE\u00d7O\u00b7CAEoO\u00b5EIOA22-2048x1445.jpg 2048w\" sizes=\"auto, (max-width: 1024px) 100vw, 1024px\" \/><\/figure>\n\n\n\n<p class=\"has-medium-font-size\"> <a href=\"https:\/\/arttao.org\/es\/21-tricotilomania\/\" data-type=\"page\" data-id=\"10953\">s-22:<strong>Tricotiloman\u00eda<\/strong><\/a><\/p>\n\n\n\n<p class=\"has-small-font-size\"><br>La tricotiloman\u00eda suele presentarse en momentos de estr\u00e9s o aburrimiento, lo que genera verg\u00fcenza y angustia. Este curso te ayuda a comprender los mecanismos que regulan el estr\u00e9s tras este comportamiento, ofreciendo t\u00e9cnicas alternativas de relajaci\u00f3n y entrenamiento para revertir h\u00e1bitos. Desarrollar\u00e1s gradualmente nuevas maneras de afrontar el impulso, reduciendo el trauma y la culpa, y cultivando la paciencia y la autoaceptaci\u00f3n.<\/p>\n\n\n\n<figure class=\"wp-block-image size-large is-resized\"><img loading=\"lazy\" decoding=\"async\" width=\"1024\" height=\"723\" src=\"https:\/\/arttao.org\/wp-content\/uploads\/2025\/04\/EaI\u00bcIo_601104963_N\u00a4Ao\u00a8oOD\u00b5A\u00a8IE\u00d7O\u00b7CAEoO\u00b5EIOA22-1024x723.jpg\" alt=\"\" class=\"wp-image-1482\" style=\"width:65px;height:auto\" srcset=\"https:\/\/arttao.org\/wp-content\/uploads\/2025\/04\/EaI\u00bcIo_601104963_N\u00a4Ao\u00a8oOD\u00b5A\u00a8IE\u00d7O\u00b7CAEoO\u00b5EIOA22-1024x723.jpg 1024w, https:\/\/arttao.org\/wp-content\/uploads\/2025\/04\/EaI\u00bcIo_601104963_N\u00a4Ao\u00a8oOD\u00b5A\u00a8IE\u00d7O\u00b7CAEoO\u00b5EIOA22-300x212.jpg 300w, https:\/\/arttao.org\/wp-content\/uploads\/2025\/04\/EaI\u00bcIo_601104963_N\u00a4Ao\u00a8oOD\u00b5A\u00a8IE\u00d7O\u00b7CAEoO\u00b5EIOA22-768x542.jpg 768w, https:\/\/arttao.org\/wp-content\/uploads\/2025\/04\/EaI\u00bcIo_601104963_N\u00a4Ao\u00a8oOD\u00b5A\u00a8IE\u00d7O\u00b7CAEoO\u00b5EIOA22-1536x1084.jpg 1536w, https:\/\/arttao.org\/wp-content\/uploads\/2025\/04\/EaI\u00bcIo_601104963_N\u00a4Ao\u00a8oOD\u00b5A\u00a8IE\u00d7O\u00b7CAEoO\u00b5EIOA22-2048x1445.jpg 2048w\" sizes=\"auto, (max-width: 1024px) 100vw, 1024px\" \/><\/figure>\n\n\n\n<p class=\"has-medium-font-size\"><a href=\"https:\/\/arttao.org\/es\/22-tendencia-a-rascarse-la-piel\/\" data-type=\"page\" data-id=\"10955\">s-23:<strong>Arrancarse la piel\/tendencia a arrancarse la piel<\/strong><\/a><\/p>\n\n\n\n<p class=\"has-small-font-size\"><br>El s\u00edndrome de descamaci\u00f3n cut\u00e1nea se manifiesta como pellizcos y rascados compulsivos, a menudo acompa\u00f1ados de ansiedad o tensi\u00f3n. Este curso te ayuda a comprender la conexi\u00f3n emocional detr\u00e1s de tu comportamiento, aprender t\u00e9cnicas de relajaci\u00f3n y atenci\u00f3n plena, y desarrollar estrategias de reemplazo conductual. Mediante la pr\u00e1ctica y un diario, puedes reducir gradualmente el da\u00f1o a la piel, aliviar la culpa y la soledad, y recuperar tu salud y confianza.<\/p>\n\n\n\n<figure class=\"wp-block-image size-large is-resized\"><img loading=\"lazy\" decoding=\"async\" width=\"1024\" height=\"723\" src=\"https:\/\/arttao.org\/wp-content\/uploads\/2025\/04\/EaI\u00bcIo_601104963_N\u00a4Ao\u00a8oOD\u00b5A\u00a8IE\u00d7O\u00b7CAEoO\u00b5EIOA22-1024x723.jpg\" alt=\"\" class=\"wp-image-1482\" style=\"width:65px;height:auto\" srcset=\"https:\/\/arttao.org\/wp-content\/uploads\/2025\/04\/EaI\u00bcIo_601104963_N\u00a4Ao\u00a8oOD\u00b5A\u00a8IE\u00d7O\u00b7CAEoO\u00b5EIOA22-1024x723.jpg 1024w, https:\/\/arttao.org\/wp-content\/uploads\/2025\/04\/EaI\u00bcIo_601104963_N\u00a4Ao\u00a8oOD\u00b5A\u00a8IE\u00d7O\u00b7CAEoO\u00b5EIOA22-300x212.jpg 300w, https:\/\/arttao.org\/wp-content\/uploads\/2025\/04\/EaI\u00bcIo_601104963_N\u00a4Ao\u00a8oOD\u00b5A\u00a8IE\u00d7O\u00b7CAEoO\u00b5EIOA22-768x542.jpg 768w, https:\/\/arttao.org\/wp-content\/uploads\/2025\/04\/EaI\u00bcIo_601104963_N\u00a4Ao\u00a8oOD\u00b5A\u00a8IE\u00d7O\u00b7CAEoO\u00b5EIOA22-1536x1084.jpg 1536w, https:\/\/arttao.org\/wp-content\/uploads\/2025\/04\/EaI\u00bcIo_601104963_N\u00a4Ao\u00a8oOD\u00b5A\u00a8IE\u00d7O\u00b7CAEoO\u00b5EIOA22-2048x1445.jpg 2048w\" sizes=\"auto, (max-width: 1024px) 100vw, 1024px\" \/><\/figure>\n\n\n\n<p class=\"has-medium-font-size\"><a href=\"https:\/\/arttao.org\/es\/23-trastornos-del-control-de-impulsos\/\" data-type=\"page\" data-id=\"10957\">s-24:<strong>trastornos del control de impulsos<\/strong><\/a><\/p>\n\n\n\n<p class=\"has-small-font-size\"><br>Los trastornos del control de impulsos implican comportamientos impulsivos irresistibles, como la agresi\u00f3n, la destrucci\u00f3n o los intentos de cometer actos peligrosos. Este curso te ayuda a reconocer las se\u00f1ales que preceden a un comportamiento impulsivo y a aprender a regular tus emociones, retrasar tus respuestas y desarrollar comportamientos alternativos. Al aplicar la atenci\u00f3n plena y un sistema de apoyo, aumentar\u00e1s gradualmente el control sobre tus acciones, reducir\u00e1s el arrepentimiento y el dolor, y recuperar\u00e1s la autodisciplina y la estabilidad.<\/p>\n\n\n\n<p class=\"\"><\/p>","protected":false},"excerpt":{"rendered":"<p>s-19:\u5f3a\u8feb\u4e0e\u51b2\u52a8\u503e\u5411 \u672c\u6d4b\u8bd5\u7a0b\u805a\u7126\u5f3a\u8feb\u601d\u7ef4\u4e0e\u91cd\u590d\u884c\u4e3a\u5e26\u6765\u7684\u56f0\u6270\uff0c\u4ee5\u53ca\u96be\u4ee5\u6291\u5236\u7684\u51b2\u52a8\u6a21\u5f0f\u3002\u4f60\u5c06\u5b66\u4e60\u8bc6\u522b\u75c7\u72b6\u4e0e [&hellip;]<\/p>\n","protected":false},"author":1,"featured_media":0,"parent":0,"menu_order":0,"comment_status":"closed","ping_status":"closed","template":"","meta":{"nf_dc_page":"","om_disable_all_campaigns":false,"_monsterinsights_skip_tracking":false,"_monsterinsights_sitenote_active":false,"_monsterinsights_sitenote_note":"","_monsterinsights_sitenote_category":0,"footnotes":""},"class_list":["post-1480","page","type-page","status-publish","hentry"],"_links":{"self":[{"href":"https:\/\/arttao.org\/es\/wp-json\/wp\/v2\/pages\/1480","targetHints":{"allow":["GET"]}}],"collection":[{"href":"https:\/\/arttao.org\/es\/wp-json\/wp\/v2\/pages"}],"about":[{"href":"https:\/\/arttao.org\/es\/wp-json\/wp\/v2\/types\/page"}],"author":[{"embeddable":true,"href":"https:\/\/arttao.org\/es\/wp-json\/wp\/v2\/users\/1"}],"replies":[{"embeddable":true,"href":"https:\/\/arttao.org\/es\/wp-json\/wp\/v2\/comments?post=1480"}],"version-history":[{"count":11,"href":"https:\/\/arttao.org\/es\/wp-json\/wp\/v2\/pages\/1480\/revisions"}],"predecessor-version":[{"id":11122,"href":"https:\/\/arttao.org\/es\/wp-json\/wp\/v2\/pages\/1480\/revisions\/11122"}],"wp:attachment":[{"href":"https:\/\/arttao.org\/es\/wp-json\/wp\/v2\/media?parent=1480"}],"curies":[{"name":"gracias","href":"https:\/\/api.w.org\/{rel}","templated":true}]}}