{"id":16363,"date":"2025-12-23T03:16:15","date_gmt":"2025-12-23T03:16:15","guid":{"rendered":"https:\/\/arttao.org\/?page_id=16363"},"modified":"2025-12-23T03:16:15","modified_gmt":"2025-12-23T03:16:15","slug":"%e5%85%b3%e4%ba%8e%e6%88%91%e4%bb%ac%ef%bd%9cabout-arttao","status":"publish","type":"page","link":"https:\/\/arttao.org\/es\/%e5%85%b3%e4%ba%8e%e6%88%91%e4%bb%ac%ef%bd%9cabout-arttao\/","title":{"rendered":"Sobre nosotros | Sobre Arttao"},"content":{"rendered":"<div style=\"max-width: 900px; margin: 0 auto; font-family: Georgia, 'Times New Roman', serif; line-height: 1.9; color: #333; padding: 10px 16px;\">\n<h2 style=\"text-align:center; margin: 8px 0 18px; font-size: 30px; letter-spacing: 0.5px;\"><\/h2>\n<p style=\"margin: 0 0 16px;\">\n    <strong>Arttao.org<\/strong> Es un <strong>Salud mental, arteterapia y apoyo asistido por IA<\/strong> Una plataforma integral centrada en [el n\u00facleo].<br \/>\n    Nos centramos en aquellos que son f\u00e1cilmente pasados por alto, malinterpretados o carecen de apoyo sostenido en la realidad, y estamos comprometidos a brindar contenido estructurado y un enfoque amable y sostenible.<br \/>\n    Ayuda a las personas a comprender su propio estado psicol\u00f3gico, restablecer el orden interior y establecer gradualmente un ritmo de vida m\u00e1s estable.\n  <\/p>\n<h3 style=\"margin: 22px 0 10px; font-size: 20px;\">\n    \u00bfQu\u00e9 estamos haciendo?<br \/>\n  <\/h3>\n<p style=\"margin: 0 0 12px;\">\n    Arttao no es un simple &quot;sitio web de pruebas psicol\u00f3gicas&quot;, ni una plataforma \u00fanica de cursos en l\u00ednea. Hemos creado un sistema multinivel de apoyo psicol\u00f3gico y arteterapia, que incluye, entre otros:\n  <\/p>\n<ul style=\"margin: 0 0 16px 20px; padding: 0;\">\n<li style=\"margin: 6px 0;\">Herramientas sistem\u00e1ticas de autocomprensi\u00f3n y evaluaci\u00f3n del estado psicol\u00f3gico<\/li>\n<li style=\"margin: 6px 0;\">Cursos de curaci\u00f3n a largo plazo que cubren \u00e1reas como la ansiedad, la depresi\u00f3n, el trauma, el sue\u00f1o y la adicci\u00f3n.<\/li>\n<li style=\"margin: 6px 0;\">Contenido de terapia art\u00edstica intercultural que combina el consumo de t\u00e9, la terapia alimentaria, la caligraf\u00eda, la pintura, la m\u00fasica y la observaci\u00f3n de mandalas.<\/li>\n<li style=\"margin: 6px 0;\">Di\u00e1logo y orientaci\u00f3n de estilo acompa\u00f1ante impulsados por IA, en lugar de una &quot;herramienta de diagn\u00f3stico&quot; que reemplaza la atenci\u00f3n m\u00e9dica profesional.\u201c<\/li>\n<\/ul>\n<p style=\"margin: 0 0 16px;\">\n    Estamos m\u00e1s preocupados<strong>proceso<\/strong>En lugar de &quot;mejora inmediata&quot;, c\u00e9ntrese en<strong>Comprensi\u00f3n y ajuste<\/strong>En lugar de etiquetar conclusiones.\n  <\/p>\n<h3 style=\"margin: 22px 0 10px; font-size: 20px;\">\n    \u00bfC\u00f3mo vemos el apoyo psicol\u00f3gico?<br \/>\n  <\/h3>\n<p style=\"margin: 0 0 16px;\">\n    Creemos que la angustia psicol\u00f3gica no es lo mismo que ser \u201canormal\u201d; a menudo es el resultado de los efectos combinados del estr\u00e9s a largo plazo, factores ambientales, patrones de relaci\u00f3n y condici\u00f3n f\u00edsica.<br \/>\n    Por tanto, el contenido proporcionado por Arttao sigue estos principios:\n  <\/p>\n<ul style=\"margin: 0 0 16px 20px; padding: 0;\">\n<li style=\"margin: 6px 0;\">No crear p\u00e1nico, no exagerar los s\u00edntomas.<\/li>\n<li style=\"margin: 6px 0;\">No reduzcas las experiencias complejas a una sola conclusi\u00f3n<\/li>\n<li style=\"margin: 6px 0;\">No utilices un lenguaje emocional para generar dependencia<\/li>\n<li style=\"margin: 6px 0;\">Respete los ritmos individuales y permita la repetici\u00f3n y las pausas.<\/li>\n<\/ul>\n<p style=\"margin: 0 0 16px;\">\n    Aqu\u00ed el apoyo psicol\u00f3gico es un elemento clave.<strong>Un camino que se puede recorrer lentamente<\/strong>.\n  <\/p>\n<h3 style=\"margin: 22px 0 10px; font-size: 20px;\">\n    La importancia de la arteterapia<br \/>\n  <\/h3>\n<p style=\"margin: 0 0 12px;\">\n    El arte no se trata de &quot;lo bien expresado&quot;, sino de...<strong>Restaurando la percepci\u00f3n y la conexi\u00f3n<\/strong>En Arttao, la arteterapia no es un programa de desarrollo de habilidades, sino una pr\u00e1ctica diaria y accesible. Por ejemplo:\n  <\/p>\n<ul style=\"margin: 0 0 16px 20px; padding: 0;\">\n<li style=\"margin: 6px 0;\">El objetivo del mandala no es \u201cdibujar algo\u201d, sino observarlo y detenerse en ello.<\/li>\n<li style=\"margin: 6px 0;\">La caligraf\u00eda no se trata de perseguir el estilo, sino del ritmo y la respiraci\u00f3n.<\/li>\n<li style=\"margin: 6px 0;\">Beber t\u00e9 y la terapia diet\u00e9tica no son recetas misteriosas, sino m\u00e1s bien el punto de partida para la regulaci\u00f3n del cuerpo.<\/li>\n<\/ul>\n<p style=\"margin: 0 0 16px;\">\n    El arte aqu\u00ed es un lenguaje de ajuste psicol\u00f3gico.\n  <\/p>\n<h3 style=\"margin: 22px 0 10px; font-size: 20px;\">\n    El papel de la IA<br \/>\n  <\/h3>\n<p style=\"margin: 0 0 16px;\">\n    Arttao utiliza inteligencia artificial como...<strong>Herramientas de soporte<\/strong>La IA, m\u00e1s que los jueces autorizados, desempe\u00f1a un papel crucial en:\n  <\/p>\n<ul style=\"margin: 0 0 16px 20px; padding: 0;\">\n<li style=\"margin: 6px 0;\">Ayuda a organizar pensamientos y se\u00f1ales emocionales.<\/li>\n<li style=\"margin: 6px 0;\">Proporcionar reflexi\u00f3n estructurada y orientaci\u00f3n basada en problemas.<\/li>\n<li style=\"margin: 6px 0;\">Reducir las barreras de acceso al apoyo psicol\u00f3gico<\/li>\n<\/ul>\n<p style=\"margin: 0 0 16px;\">\n    El contenido no pretende ser un diagn\u00f3stico m\u00e9dico ni sustituir un tratamiento profesional. Le recomendamos que busque ayuda m\u00e9dica o profesional de la salud mental si es necesario.\n  <\/p>\n<h3 style=\"margin: 22px 0 10px; font-size: 20px;\">\n    Nuestra visi\u00f3n<br \/>\n  <\/h3>\n<p style=\"margin: 0 0 16px;\">\n    Arttao espera convertirse en<strong>Existencia a largo plazo, estable y sin estimulaci\u00f3n excesiva.<\/strong>Un espacio de apoyo psicol\u00f3gico y art\u00edstico, un lugar al que puedes volver una y otra vez, sin tener que actuar ni &quot;informar de tus progresos&quot;.\n  <\/p>\n<p style=\"margin: 0 0 6px;\">\n    Si est\u00e1s buscando una plataforma que no se apresure a definirte ni a arreglarte,\n  <\/p>\n<p style=\"margin: 0 0 6px;\">\n    As\u00ed que tal vez este sea un lugar donde puedas quedarte por un rato.\n  <\/p>\n<hr style=\"border: none; border-top: 1px solid #e6e6e6; margin: 22px 0;\" \/>\n<p style=\"margin: 0; font-size: 13px; color: #666;\">\n    Aviso legal: El contenido proporcionado por Arttao.org es solo para fines de educaci\u00f3n psicol\u00f3gica y autoayuda, y no constituye asesoramiento ni diagn\u00f3stico m\u00e9dico. Si se encuentra en una emergencia o corre riesgo de autolesionarse, comun\u00edquese de inmediato con los servicios de emergencia locales o con una organizaci\u00f3n profesional.\n  <\/p>\n<\/div>","protected":false},"excerpt":{"rendered":"<p>Arttao.org \u662f\u4e00\u4e2a\u4ee5 \u5fc3\u7406\u5065\u5eb7\u3001\u827a\u672f\u7597\u6108\u4e0e\u4eba\u5de5\u667a\u80fd\u8f85\u52a9\u652f\u6301 \u4e3a\u6838\u5fc3\u7684\u7efc\u5408\u6027\u5e73\u53f0\u3002 \u6211\u4eec\u5173\u6ce8\u90a3\u4e9b\u5728\u73b0\u5b9e [&hellip;]<\/p>\n","protected":false},"author":1,"featured_media":0,"parent":0,"menu_order":0,"comment_status":"closed","ping_status":"closed","template":"","meta":{"nf_dc_page":"","om_disable_all_campaigns":false,"_monsterinsights_skip_tracking":false,"_monsterinsights_sitenote_active":false,"_monsterinsights_sitenote_note":"","_monsterinsights_sitenote_category":0,"footnotes":""},"class_list":["post-16363","page","type-page","status-publish","hentry"],"_links":{"self":[{"href":"https:\/\/arttao.org\/es\/wp-json\/wp\/v2\/pages\/16363","targetHints":{"allow":["GET"]}}],"collection":[{"href":"https:\/\/arttao.org\/es\/wp-json\/wp\/v2\/pages"}],"about":[{"href":"https:\/\/arttao.org\/es\/wp-json\/wp\/v2\/types\/page"}],"author":[{"embeddable":true,"href":"https:\/\/arttao.org\/es\/wp-json\/wp\/v2\/users\/1"}],"replies":[{"embeddable":true,"href":"https:\/\/arttao.org\/es\/wp-json\/wp\/v2\/comments?post=16363"}],"version-history":[{"count":1,"href":"https:\/\/arttao.org\/es\/wp-json\/wp\/v2\/pages\/16363\/revisions"}],"predecessor-version":[{"id":16364,"href":"https:\/\/arttao.org\/es\/wp-json\/wp\/v2\/pages\/16363\/revisions\/16364"}],"wp:attachment":[{"href":"https:\/\/arttao.org\/es\/wp-json\/wp\/v2\/media?parent=16363"}],"curies":[{"name":"gracias","href":"https:\/\/api.w.org\/{rel}","templated":true}]}}