{"id":2940,"date":"2025-05-08T04:35:18","date_gmt":"2025-05-08T04:35:18","guid":{"rendered":"https:\/\/arttao.org\/?page_id=2940"},"modified":"2025-09-28T23:36:23","modified_gmt":"2025-09-28T23:36:23","slug":"e-cambios-de-humor","status":"publish","type":"page","link":"https:\/\/arttao.org\/es\/e-%e6%83%85%e7%bb%aa%e6%b3%a2%e5%8a%a8%e9%97%ae%e9%a2%98s\/","title":{"rendered":"E. Cambios de humor"},"content":{"rendered":"<p class=\"\"><\/p>\n\n\n\n<figure class=\"wp-block-image size-large is-resized\"><img loading=\"lazy\" decoding=\"async\" width=\"1024\" height=\"818\" src=\"https:\/\/arttao.org\/wp-content\/uploads\/2025\/05\/EaI\u00bcIo_402498516_AIAE\u00b2EA\u00aeo\u00a2CaDAAEAth\u00bf\u00a8I\u00a8\u00b2a_\u00b7CAEoO\u00b5EIOA22-1024x818.jpg\" alt=\"\" class=\"wp-image-2694\" style=\"width:69px;height:auto\" srcset=\"https:\/\/arttao.org\/wp-content\/uploads\/2025\/05\/EaI\u00bcIo_402498516_AIAE\u00b2EA\u00aeo\u00a2CaDAAEAth\u00bf\u00a8I\u00a8\u00b2a_\u00b7CAEoO\u00b5EIOA22-1024x818.jpg 1024w, https:\/\/arttao.org\/wp-content\/uploads\/2025\/05\/EaI\u00bcIo_402498516_AIAE\u00b2EA\u00aeo\u00a2CaDAAEAth\u00bf\u00a8I\u00a8\u00b2a_\u00b7CAEoO\u00b5EIOA22-300x240.jpg 300w, https:\/\/arttao.org\/wp-content\/uploads\/2025\/05\/EaI\u00bcIo_402498516_AIAE\u00b2EA\u00aeo\u00a2CaDAAEAth\u00bf\u00a8I\u00a8\u00b2a_\u00b7CAEoO\u00b5EIOA22-768x613.jpg 768w, https:\/\/arttao.org\/wp-content\/uploads\/2025\/05\/EaI\u00bcIo_402498516_AIAE\u00b2EA\u00aeo\u00a2CaDAAEAth\u00bf\u00a8I\u00a8\u00b2a_\u00b7CAEoO\u00b5EIOA22-1536x1227.jpg 1536w, https:\/\/arttao.org\/wp-content\/uploads\/2025\/05\/EaI\u00bcIo_402498516_AIAE\u00b2EA\u00aeo\u00a2CaDAAEAth\u00bf\u00a8I\u00a8\u00b2a_\u00b7CAEoO\u00b5EIOA22.jpg 1718w\" sizes=\"auto, (max-width: 1024px) 100vw, 1024px\" \/><\/figure>\n\n\n\n<p class=\"has-medium-font-size\"><a href=\"https:\/\/arttao.org\/es\/30-trastorno-bipolar-i-%c2%b7-caracteristicas-maniacas\/\" data-type=\"page\" data-id=\"10971\">s-32:<strong>S\u00edndrome bipolar I: Caracter\u00edsticas de la fase man\u00edaca<\/strong><\/a><\/p>\n\n\n\n<p class=\"has-small-font-size\"><br>Esta prueba examina si los cambios bruscos de humor (como la alternancia de periodos de man\u00eda y depresi\u00f3n) han afectado significativamente su vida diaria y su funcionamiento social. Le ayuda a identificar si los episodios man\u00edacos presentan caracter\u00edsticas como una confianza exagerada, locuacidad excesiva, estallidos de energ\u00eda o conductas de riesgo, y eval\u00faa si estos episodios se acompa\u00f1an de periodos de depresi\u00f3n grave. Con base en sus respuestas, la IA determinar\u00e1 si cumple con las caracter\u00edsticas del trastorno bipolar I y le proporcionar\u00e1 recomendaciones preliminares de identificaci\u00f3n e intervenci\u00f3n.<\/p>\n\n\n\n<figure class=\"wp-block-image size-large is-resized\"><img loading=\"lazy\" decoding=\"async\" width=\"1024\" height=\"818\" src=\"https:\/\/arttao.org\/wp-content\/uploads\/2025\/05\/EaI\u00bcIo_402498516_AIAE\u00b2EA\u00aeo\u00a2CaDAAEAth\u00bf\u00a8I\u00a8\u00b2a_\u00b7CAEoO\u00b5EIOA22-1024x818.jpg\" alt=\"\" class=\"wp-image-2694\" style=\"width:68px;height:auto\" srcset=\"https:\/\/arttao.org\/wp-content\/uploads\/2025\/05\/EaI\u00bcIo_402498516_AIAE\u00b2EA\u00aeo\u00a2CaDAAEAth\u00bf\u00a8I\u00a8\u00b2a_\u00b7CAEoO\u00b5EIOA22-1024x818.jpg 1024w, https:\/\/arttao.org\/wp-content\/uploads\/2025\/05\/EaI\u00bcIo_402498516_AIAE\u00b2EA\u00aeo\u00a2CaDAAEAth\u00bf\u00a8I\u00a8\u00b2a_\u00b7CAEoO\u00b5EIOA22-300x240.jpg 300w, https:\/\/arttao.org\/wp-content\/uploads\/2025\/05\/EaI\u00bcIo_402498516_AIAE\u00b2EA\u00aeo\u00a2CaDAAEAth\u00bf\u00a8I\u00a8\u00b2a_\u00b7CAEoO\u00b5EIOA22-768x613.jpg 768w, https:\/\/arttao.org\/wp-content\/uploads\/2025\/05\/EaI\u00bcIo_402498516_AIAE\u00b2EA\u00aeo\u00a2CaDAAEAth\u00bf\u00a8I\u00a8\u00b2a_\u00b7CAEoO\u00b5EIOA22-1536x1227.jpg 1536w, https:\/\/arttao.org\/wp-content\/uploads\/2025\/05\/EaI\u00bcIo_402498516_AIAE\u00b2EA\u00aeo\u00a2CaDAAEAth\u00bf\u00a8I\u00a8\u00b2a_\u00b7CAEoO\u00b5EIOA22.jpg 1718w\" sizes=\"auto, (max-width: 1024px) 100vw, 1024px\" \/><\/figure>\n\n\n\n<p class=\"has-medium-font-size\"><a href=\"https:\/\/arttao.org\/es\/31-trastorno-bipolar-ii-%c2%b7-caracteristicas-hipomaniacas\/\" data-type=\"page\" data-id=\"10973\">s-33:<strong>Trastorno bipolar II: caracter\u00edsticas hipoman\u00edacas<\/strong><\/a><\/p>\n\n\n\n<p class=\"has-small-font-size\"><br>Esta prueba se centra en identificar las caracter\u00edsticas emocionales que alternan entre per\u00edodos de hipoman\u00eda y depresi\u00f3n. El sistema le ayudar\u00e1 a distinguir si los episodios de euforia son breves y no han provocado una p\u00e9rdida grave de control. Tambi\u00e9n evaluar\u00e1 si cae con frecuencia en depresiones profundas, experimenta p\u00e9rdida de inter\u00e9s y se siente culpable. El an\u00e1lisis de IA le ayudar\u00e1 a comprender la naturaleza oculta y c\u00edclica de los cambios de humor hipoman\u00edaco-depresivos, proporcion\u00e1ndole informaci\u00f3n, autoobservaci\u00f3n y estrategias de apoyo.<\/p>\n\n\n\n<figure class=\"wp-block-image size-large is-resized\"><img loading=\"lazy\" decoding=\"async\" width=\"1024\" height=\"818\" src=\"https:\/\/arttao.org\/wp-content\/uploads\/2025\/05\/EaI\u00bcIo_402498516_AIAE\u00b2EA\u00aeo\u00a2CaDAAEAth\u00bf\u00a8I\u00a8\u00b2a_\u00b7CAEoO\u00b5EIOA22-1024x818.jpg\" alt=\"\" class=\"wp-image-2694\" style=\"width:65px;height:auto\" srcset=\"https:\/\/arttao.org\/wp-content\/uploads\/2025\/05\/EaI\u00bcIo_402498516_AIAE\u00b2EA\u00aeo\u00a2CaDAAEAth\u00bf\u00a8I\u00a8\u00b2a_\u00b7CAEoO\u00b5EIOA22-1024x818.jpg 1024w, https:\/\/arttao.org\/wp-content\/uploads\/2025\/05\/EaI\u00bcIo_402498516_AIAE\u00b2EA\u00aeo\u00a2CaDAAEAth\u00bf\u00a8I\u00a8\u00b2a_\u00b7CAEoO\u00b5EIOA22-300x240.jpg 300w, https:\/\/arttao.org\/wp-content\/uploads\/2025\/05\/EaI\u00bcIo_402498516_AIAE\u00b2EA\u00aeo\u00a2CaDAAEAth\u00bf\u00a8I\u00a8\u00b2a_\u00b7CAEoO\u00b5EIOA22-768x613.jpg 768w, https:\/\/arttao.org\/wp-content\/uploads\/2025\/05\/EaI\u00bcIo_402498516_AIAE\u00b2EA\u00aeo\u00a2CaDAAEAth\u00bf\u00a8I\u00a8\u00b2a_\u00b7CAEoO\u00b5EIOA22-1536x1227.jpg 1536w, https:\/\/arttao.org\/wp-content\/uploads\/2025\/05\/EaI\u00bcIo_402498516_AIAE\u00b2EA\u00aeo\u00a2CaDAAEAth\u00bf\u00a8I\u00a8\u00b2a_\u00b7CAEoO\u00b5EIOA22.jpg 1718w\" sizes=\"auto, (max-width: 1024px) 100vw, 1024px\" \/><\/figure>\n\n\n\n<p class=\"has-medium-font-size\"><a href=\"https:\/\/arttao.org\/es\/32-trastorno-ciclotimico\/\" data-type=\"page\" data-id=\"10975\">s-34:<strong>Trastorno ciclot\u00edmico<\/strong><\/a><\/p>\n\n\n\n<p class=\"has-small-font-size\"><br>Esta prueba se centra en la ira persistente, la irritabilidad y los arrebatos en adolescentes. Mediante seis preguntas, el sistema explora si estos arrebatos son frecuentes, dif\u00edciles de calmar y perturbadores de la vida familiar y social. Es especialmente \u00fatil para padres, profesores o personas que eval\u00faan si la incapacidad para regular las emociones constituye un problema. La IA analiza los posibles mecanismos subyacentes de las dificultades de regulaci\u00f3n emocional y ofrece orientaci\u00f3n.<\/p>\n\n\n\n<figure class=\"wp-block-image size-large is-resized\"><img loading=\"lazy\" decoding=\"async\" width=\"1024\" height=\"818\" src=\"https:\/\/arttao.org\/wp-content\/uploads\/2025\/05\/EaI\u00bcIo_402498516_AIAE\u00b2EA\u00aeo\u00a2CaDAAEAth\u00bf\u00a8I\u00a8\u00b2a_\u00b7CAEoO\u00b5EIOA22-1024x818.jpg\" alt=\"\" class=\"wp-image-2694\" style=\"width:67px;height:auto\" srcset=\"https:\/\/arttao.org\/wp-content\/uploads\/2025\/05\/EaI\u00bcIo_402498516_AIAE\u00b2EA\u00aeo\u00a2CaDAAEAth\u00bf\u00a8I\u00a8\u00b2a_\u00b7CAEoO\u00b5EIOA22-1024x818.jpg 1024w, https:\/\/arttao.org\/wp-content\/uploads\/2025\/05\/EaI\u00bcIo_402498516_AIAE\u00b2EA\u00aeo\u00a2CaDAAEAth\u00bf\u00a8I\u00a8\u00b2a_\u00b7CAEoO\u00b5EIOA22-300x240.jpg 300w, https:\/\/arttao.org\/wp-content\/uploads\/2025\/05\/EaI\u00bcIo_402498516_AIAE\u00b2EA\u00aeo\u00a2CaDAAEAth\u00bf\u00a8I\u00a8\u00b2a_\u00b7CAEoO\u00b5EIOA22-768x613.jpg 768w, https:\/\/arttao.org\/wp-content\/uploads\/2025\/05\/EaI\u00bcIo_402498516_AIAE\u00b2EA\u00aeo\u00a2CaDAAEAth\u00bf\u00a8I\u00a8\u00b2a_\u00b7CAEoO\u00b5EIOA22-1536x1227.jpg 1536w, https:\/\/arttao.org\/wp-content\/uploads\/2025\/05\/EaI\u00bcIo_402498516_AIAE\u00b2EA\u00aeo\u00a2CaDAAEAth\u00bf\u00a8I\u00a8\u00b2a_\u00b7CAEoO\u00b5EIOA22.jpg 1718w\" sizes=\"auto, (max-width: 1024px) 100vw, 1024px\" \/><\/figure>\n\n\n\n<p class=\"has-medium-font-size\"><a href=\"https:\/\/arttao.org\/es\/33-rasgos-de-personalidad-emocionalmente-inestables\/\" data-type=\"page\" data-id=\"10977\">s-35:<strong>Rasgos de personalidad emocionalmente inestables<\/strong><\/a><\/p>\n\n\n\n<p class=\"has-small-font-size\"><br><br>Este test te ayuda a identificar si experimentas cambios bruscos de humor, intensos sentimientos de vac\u00edo, polarizaci\u00f3n en las relaciones (alternando entre idealizaci\u00f3n y devaluaci\u00f3n), una percepci\u00f3n distorsionada de ti mismo o comportamiento impulsivo. Mediante preguntas de estilo socr\u00e1tico, te gu\u00eda gradualmente a reflexionar sobre tus reacciones interpersonales, intensidad emocional y estabilidad interna. Este test es adecuado para personas altamente sensibles, propensas a arrebatos emocionales o que han sufrido rupturas repetidas en sus relaciones. Es un punto de partida para comprender tus propias emociones y establecer l\u00edmites.<\/p>\n\n\n\n<figure class=\"wp-block-image size-large is-resized\"><img loading=\"lazy\" decoding=\"async\" width=\"1024\" height=\"818\" src=\"https:\/\/arttao.org\/wp-content\/uploads\/2025\/05\/EaI\u00bcIo_402498516_AIAE\u00b2EA\u00aeo\u00a2CaDAAEAth\u00bf\u00a8I\u00a8\u00b2a_\u00b7CAEoO\u00b5EIOA22-1024x818.jpg\" alt=\"\" class=\"wp-image-2694\" style=\"width:69px;height:auto\" srcset=\"https:\/\/arttao.org\/wp-content\/uploads\/2025\/05\/EaI\u00bcIo_402498516_AIAE\u00b2EA\u00aeo\u00a2CaDAAEAth\u00bf\u00a8I\u00a8\u00b2a_\u00b7CAEoO\u00b5EIOA22-1024x818.jpg 1024w, https:\/\/arttao.org\/wp-content\/uploads\/2025\/05\/EaI\u00bcIo_402498516_AIAE\u00b2EA\u00aeo\u00a2CaDAAEAth\u00bf\u00a8I\u00a8\u00b2a_\u00b7CAEoO\u00b5EIOA22-300x240.jpg 300w, https:\/\/arttao.org\/wp-content\/uploads\/2025\/05\/EaI\u00bcIo_402498516_AIAE\u00b2EA\u00aeo\u00a2CaDAAEAth\u00bf\u00a8I\u00a8\u00b2a_\u00b7CAEoO\u00b5EIOA22-768x613.jpg 768w, https:\/\/arttao.org\/wp-content\/uploads\/2025\/05\/EaI\u00bcIo_402498516_AIAE\u00b2EA\u00aeo\u00a2CaDAAEAth\u00bf\u00a8I\u00a8\u00b2a_\u00b7CAEoO\u00b5EIOA22-1536x1227.jpg 1536w, https:\/\/arttao.org\/wp-content\/uploads\/2025\/05\/EaI\u00bcIo_402498516_AIAE\u00b2EA\u00aeo\u00a2CaDAAEAth\u00bf\u00a8I\u00a8\u00b2a_\u00b7CAEoO\u00b5EIOA22.jpg 1718w\" sizes=\"auto, (max-width: 1024px) 100vw, 1024px\" \/><\/figure>\n\n\n\n<p class=\"has-medium-font-size\"><a href=\"https:\/\/arttao.org\/es\/s-36-trastornos-del-estado-de-animo-disruptivo\/\" data-type=\"page\" data-id=\"11094\">s-36:<strong>Trastornos del estado de \u00e1nimo disruptivo<\/strong><\/a><br><\/p>\n\n\n\n<p class=\"has-small-font-size\"><br>Esta prueba se centra en identificar a ni\u00f1os o adolescentes con arrebatos de ira cr\u00f3nicos, explosiones emocionales y comportamientos dif\u00edciles de controlar. Mediante seis preguntas de estilo socr\u00e1tico, el sistema gu\u00eda a los padres o cuidadores a reflexionar profundamente sobre si los cambios de humor de su hijo\/a superan su edad y si afectan su vida diaria, sus relaciones y su comunicaci\u00f3n. La IA analiza las respuestas para identificar posibles trastornos de la regulaci\u00f3n emocional (como el trastorno disruptivo del estado de \u00e1nimo o TDDEA) y ofrece recomendaciones y apoyo de entrenamiento emocional adaptados a la edad. Esta prueba es ideal para familias y educadores que buscan comprensi\u00f3n, estrategias educativas y soluciones para la estabilidad emocional de sus hijos\/as.<\/p>\n\n\n\n<p class=\"\"><\/p>","protected":false},"excerpt":{"rendered":"<p>s-32:\u53cc\u76f8\u2160\u578b \u00b7 \u8e81\u72c2\u671f\u7279\u5f81 \u672c\u6d4b\u8bd5\u901a\u8fc7\u63a2\u8ba8\u6781\u7aef\u60c5\u7eea\u6ce2\u52a8\uff08\u5982\u8e81\u72c2\u4e0e\u6291\u90c1\u4ea4\u66ff\uff09\u662f\u5426\u5df2\u4e25\u91cd\u5f71\u54cd\u4f60\u7684\u751f\u6d3b\u8282\u5f8b\u4e0e [&hellip;]<\/p>\n","protected":false},"author":1,"featured_media":0,"parent":0,"menu_order":0,"comment_status":"closed","ping_status":"closed","template":"","meta":{"nf_dc_page":"","om_disable_all_campaigns":false,"_monsterinsights_skip_tracking":false,"_monsterinsights_sitenote_active":false,"_monsterinsights_sitenote_note":"","_monsterinsights_sitenote_category":0,"footnotes":""},"class_list":["post-2940","page","type-page","status-publish","hentry"],"_links":{"self":[{"href":"https:\/\/arttao.org\/es\/wp-json\/wp\/v2\/pages\/2940","targetHints":{"allow":["GET"]}}],"collection":[{"href":"https:\/\/arttao.org\/es\/wp-json\/wp\/v2\/pages"}],"about":[{"href":"https:\/\/arttao.org\/es\/wp-json\/wp\/v2\/types\/page"}],"author":[{"embeddable":true,"href":"https:\/\/arttao.org\/es\/wp-json\/wp\/v2\/users\/1"}],"replies":[{"embeddable":true,"href":"https:\/\/arttao.org\/es\/wp-json\/wp\/v2\/comments?post=2940"}],"version-history":[{"count":4,"href":"https:\/\/arttao.org\/es\/wp-json\/wp\/v2\/pages\/2940\/revisions"}],"predecessor-version":[{"id":11116,"href":"https:\/\/arttao.org\/es\/wp-json\/wp\/v2\/pages\/2940\/revisions\/11116"}],"wp:attachment":[{"href":"https:\/\/arttao.org\/es\/wp-json\/wp\/v2\/media?parent=2940"}],"curies":[{"name":"gracias","href":"https:\/\/api.w.org\/{rel}","templated":true}]}}