{"id":2946,"date":"2025-05-08T04:48:35","date_gmt":"2025-05-08T04:48:35","guid":{"rendered":"https:\/\/arttao.org\/?page_id=2946"},"modified":"2025-09-28T23:50:16","modified_gmt":"2025-09-28T23:50:16","slug":"f-problemas-de-sueno-y-fisicos-2","status":"publish","type":"page","link":"https:\/\/arttao.org\/es\/f-%e7%9d%a1%e7%9c%a0%e4%b8%8e%e8%ba%af%e4%bd%93%e9%97%ae%e9%a2%98s\/","title":{"rendered":"F. Pruebas de sue\u00f1o y problemas f\u00edsicos"},"content":{"rendered":"<p class=\"\"><\/p>\n\n\n\n<p class=\"\"><\/p>\n\n\n\n<figure class=\"wp-block-image size-large is-resized\"><img loading=\"lazy\" decoding=\"async\" width=\"1024\" height=\"762\" src=\"https:\/\/arttao.org\/wp-content\/uploads\/2025\/05\/EaI\u00bcIo_402498529_IAEO\u00b6a\u00b0I\u00b0\u00b7I\u00a8AA\u00a8\u00b6aA\u00aeo\u00a2\u00bf\u00a8I\u00a8\u00b6th\u00b4IOa\u00b7CAEoO\u00b5EIOA22-1024x762.jpg\" alt=\"\" class=\"wp-image-2697\" style=\"width:69px;height:auto\" srcset=\"https:\/\/arttao.org\/wp-content\/uploads\/2025\/05\/EaI\u00bcIo_402498529_IAEO\u00b6a\u00b0I\u00b0\u00b7I\u00a8AA\u00a8\u00b6aA\u00aeo\u00a2\u00bf\u00a8I\u00a8\u00b6th\u00b4IOa\u00b7CAEoO\u00b5EIOA22-1024x762.jpg 1024w, https:\/\/arttao.org\/wp-content\/uploads\/2025\/05\/EaI\u00bcIo_402498529_IAEO\u00b6a\u00b0I\u00b0\u00b7I\u00a8AA\u00a8\u00b6aA\u00aeo\u00a2\u00bf\u00a8I\u00a8\u00b6th\u00b4IOa\u00b7CAEoO\u00b5EIOA22-300x223.jpg 300w, https:\/\/arttao.org\/wp-content\/uploads\/2025\/05\/EaI\u00bcIo_402498529_IAEO\u00b6a\u00b0I\u00b0\u00b7I\u00a8AA\u00a8\u00b6aA\u00aeo\u00a2\u00bf\u00a8I\u00a8\u00b6th\u00b4IOa\u00b7CAEoO\u00b5EIOA22-768x572.jpg 768w, https:\/\/arttao.org\/wp-content\/uploads\/2025\/05\/EaI\u00bcIo_402498529_IAEO\u00b6a\u00b0I\u00b0\u00b7I\u00a8AA\u00a8\u00b6aA\u00aeo\u00a2\u00bf\u00a8I\u00a8\u00b6th\u00b4IOa\u00b7CAEoO\u00b5EIOA22-1536x1143.jpg 1536w, https:\/\/arttao.org\/wp-content\/uploads\/2025\/05\/EaI\u00bcIo_402498529_IAEO\u00b6a\u00b0I\u00b0\u00b7I\u00a8AA\u00a8\u00b6aA\u00aeo\u00a2\u00bf\u00a8I\u00a8\u00b6th\u00b4IOa\u00b7CAEoO\u00b5EIOA22.jpg 1940w\" sizes=\"auto, (max-width: 1024px) 100vw, 1024px\" \/><\/figure>\n\n\n\n<p class=\"\"><\/p>\n\n\n\n<p class=\"has-medium-font-size\"><a href=\"https:\/\/arttao.org\/es\/34-problemas-de-insomnio\/\" data-type=\"page\" data-id=\"10979\">s-37:<strong>Insomnio<\/strong><\/a><\/p>\n\n\n\n<p class=\"has-small-font-size\"><br>Esta prueba est\u00e1 dise\u00f1ada para ayudarle a identificar si presenta s\u00edntomas de insomnio cr\u00f3nico, como dificultad para conciliar el sue\u00f1o, despertares nocturnos frecuentes o despertares tempranos con dificultad para conciliar el sue\u00f1o. Mediante seis preguntas guiadas, el sistema explorar\u00e1 sus problemas con el tiempo, la calidad y la frecuencia del sue\u00f1o, y si estos han afectado su estado de \u00e1nimo diurno, su atenci\u00f3n, su eficiencia laboral o su salud. Con base en sus respuestas, la IA determinar\u00e1 si su insomnio cumple con los criterios de intervenci\u00f3n cl\u00ednica y le ofrecer\u00e1 sugerencias para adaptarse a su vida, como estrategias cognitivo-conductuales, la optimizaci\u00f3n del entorno de sue\u00f1o o el apoyo de intervenci\u00f3n emocional. Esta prueba es adecuada para usuarios que han sufrido durante mucho tiempo problemas de &quot;dormir mal&quot; y &quot;m\u00e1s cansado cuanto m\u00e1s duermen&quot;, y es un primer paso importante hacia la recuperaci\u00f3n sistem\u00e1tica y la mejora de la calidad del sue\u00f1o.<\/p>\n\n\n\n<figure class=\"wp-block-image size-large is-resized\"><img loading=\"lazy\" decoding=\"async\" width=\"1024\" height=\"762\" src=\"https:\/\/arttao.org\/wp-content\/uploads\/2025\/05\/EaI\u00bcIo_402498529_IAEO\u00b6a\u00b0I\u00b0\u00b7I\u00a8AA\u00a8\u00b6aA\u00aeo\u00a2\u00bf\u00a8I\u00a8\u00b6th\u00b4IOa\u00b7CAEoO\u00b5EIOA22-1024x762.jpg\" alt=\"\" class=\"wp-image-2697\" style=\"width:67px;height:auto\" srcset=\"https:\/\/arttao.org\/wp-content\/uploads\/2025\/05\/EaI\u00bcIo_402498529_IAEO\u00b6a\u00b0I\u00b0\u00b7I\u00a8AA\u00a8\u00b6aA\u00aeo\u00a2\u00bf\u00a8I\u00a8\u00b6th\u00b4IOa\u00b7CAEoO\u00b5EIOA22-1024x762.jpg 1024w, https:\/\/arttao.org\/wp-content\/uploads\/2025\/05\/EaI\u00bcIo_402498529_IAEO\u00b6a\u00b0I\u00b0\u00b7I\u00a8AA\u00a8\u00b6aA\u00aeo\u00a2\u00bf\u00a8I\u00a8\u00b6th\u00b4IOa\u00b7CAEoO\u00b5EIOA22-300x223.jpg 300w, https:\/\/arttao.org\/wp-content\/uploads\/2025\/05\/EaI\u00bcIo_402498529_IAEO\u00b6a\u00b0I\u00b0\u00b7I\u00a8AA\u00a8\u00b6aA\u00aeo\u00a2\u00bf\u00a8I\u00a8\u00b6th\u00b4IOa\u00b7CAEoO\u00b5EIOA22-768x572.jpg 768w, https:\/\/arttao.org\/wp-content\/uploads\/2025\/05\/EaI\u00bcIo_402498529_IAEO\u00b6a\u00b0I\u00b0\u00b7I\u00a8AA\u00a8\u00b6aA\u00aeo\u00a2\u00bf\u00a8I\u00a8\u00b6th\u00b4IOa\u00b7CAEoO\u00b5EIOA22-1536x1143.jpg 1536w, https:\/\/arttao.org\/wp-content\/uploads\/2025\/05\/EaI\u00bcIo_402498529_IAEO\u00b6a\u00b0I\u00b0\u00b7I\u00a8AA\u00a8\u00b6aA\u00aeo\u00a2\u00bf\u00a8I\u00a8\u00b6th\u00b4IOa\u00b7CAEoO\u00b5EIOA22.jpg 1940w\" sizes=\"auto, (max-width: 1024px) 100vw, 1024px\" \/><\/figure>\n\n\n\n<p class=\"has-medium-font-size\"><a href=\"https:\/\/arttao.org\/es\/35%e6%97%a5%e9%97%b4%e5%97%9c%e7%9d%a1-%e8%bf%87%e5%ba%a6%e7%9d%a1%e7%9c%a0-s\/\" data-type=\"page\" data-id=\"10981\">s-38:<strong>Somnolencia diurna\/somnolencia excesiva<\/strong><\/a><\/p>\n\n\n\n<p class=\"has-small-font-size\"><br><br>Esta prueba se centra en evaluar si experimenta somnolencia diurna persistente, dificultad para despertarse, siestas repetidas o incluso fatiga a pesar de dormir durante per\u00edodos prolongados. Mediante preguntas de estilo socr\u00e1tico, la prueba le gu\u00eda para evaluar si duerme lo suficiente por la noche, si se queda dormido repetidamente durante el d\u00eda y si estos problemas interfieren con su trabajo, estudios y vida social. La IA analizar\u00e1 sus posibles s\u00edntomas de hipersomnia y le ayudar\u00e1 a identificar posibles causas (como alteraciones en la estructura del sue\u00f1o, depresi\u00f3n o problemas metab\u00f3licos), ofreciendo sugerencias pr\u00e1cticas para mejorar. Esta prueba es ideal para usuarios que experimentan somnolencia persistente y buscan ayuda profesional y un camino hacia la recuperaci\u00f3n.<\/p>\n\n\n\n<figure class=\"wp-block-image size-large is-resized\"><img loading=\"lazy\" decoding=\"async\" width=\"1024\" height=\"762\" src=\"https:\/\/arttao.org\/wp-content\/uploads\/2025\/05\/EaI\u00bcIo_402498529_IAEO\u00b6a\u00b0I\u00b0\u00b7I\u00a8AA\u00a8\u00b6aA\u00aeo\u00a2\u00bf\u00a8I\u00a8\u00b6th\u00b4IOa\u00b7CAEoO\u00b5EIOA22-1024x762.jpg\" alt=\"\" class=\"wp-image-2697\" style=\"width:69px;height:auto\" srcset=\"https:\/\/arttao.org\/wp-content\/uploads\/2025\/05\/EaI\u00bcIo_402498529_IAEO\u00b6a\u00b0I\u00b0\u00b7I\u00a8AA\u00a8\u00b6aA\u00aeo\u00a2\u00bf\u00a8I\u00a8\u00b6th\u00b4IOa\u00b7CAEoO\u00b5EIOA22-1024x762.jpg 1024w, https:\/\/arttao.org\/wp-content\/uploads\/2025\/05\/EaI\u00bcIo_402498529_IAEO\u00b6a\u00b0I\u00b0\u00b7I\u00a8AA\u00a8\u00b6aA\u00aeo\u00a2\u00bf\u00a8I\u00a8\u00b6th\u00b4IOa\u00b7CAEoO\u00b5EIOA22-300x223.jpg 300w, https:\/\/arttao.org\/wp-content\/uploads\/2025\/05\/EaI\u00bcIo_402498529_IAEO\u00b6a\u00b0I\u00b0\u00b7I\u00a8AA\u00a8\u00b6aA\u00aeo\u00a2\u00bf\u00a8I\u00a8\u00b6th\u00b4IOa\u00b7CAEoO\u00b5EIOA22-768x572.jpg 768w, https:\/\/arttao.org\/wp-content\/uploads\/2025\/05\/EaI\u00bcIo_402498529_IAEO\u00b6a\u00b0I\u00b0\u00b7I\u00a8AA\u00a8\u00b6aA\u00aeo\u00a2\u00bf\u00a8I\u00a8\u00b6th\u00b4IOa\u00b7CAEoO\u00b5EIOA22-1536x1143.jpg 1536w, https:\/\/arttao.org\/wp-content\/uploads\/2025\/05\/EaI\u00bcIo_402498529_IAEO\u00b6a\u00b0I\u00b0\u00b7I\u00a8AA\u00a8\u00b6aA\u00aeo\u00a2\u00bf\u00a8I\u00a8\u00b6th\u00b4IOa\u00b7CAEoO\u00b5EIOA22.jpg 1940w\" sizes=\"auto, (max-width: 1024px) 100vw, 1024px\" \/><\/figure>\n\n\n\n<p class=\"has-medium-font-size\"><a href=\"https:\/\/arttao.org\/es\/36-sintomas-fisicos\/\" data-type=\"page\" data-id=\"10983\">s-39:<strong>Centrarse en los s\u00edntomas f\u00edsicos<\/strong><\/a><\/p>\n\n\n\n<p class=\"has-small-font-size\"><br><br>Esta prueba est\u00e1 dise\u00f1ada para ayudarle a comprender si sufre con frecuencia de diversas molestias f\u00edsicas (como dolor, mareos y fatiga) y si estos s\u00edntomas le han llevado a repetidas visitas m\u00e9dicas, preocupaci\u00f3n excesiva o impactos a largo plazo en su calidad de vida. Mediante seis preguntas de orientaci\u00f3n psicol\u00f3gica, el sistema explorar\u00e1 su tendencia a traducir el estr\u00e9s emocional en s\u00edntomas f\u00edsicos y si su ansiedad por estos s\u00edntomas supera cualquier explicaci\u00f3n m\u00e9dica. La IA generar\u00e1 un informe de an\u00e1lisis basado en sus respuestas, indicando si podr\u00eda estar experimentando una concentraci\u00f3n excesiva en el cuerpo o un desequilibrio emocional-f\u00edsico, y le ofrecer\u00e1 recomendaciones integrales para gestionar su mente y cuerpo. Esta prueba es adecuada para quienes experimentan malestar persistente a pesar de no padecer ninguna afecci\u00f3n m\u00e9dica conocida.<\/p>\n\n\n\n<figure class=\"wp-block-image size-large is-resized\"><img loading=\"lazy\" decoding=\"async\" width=\"1024\" height=\"762\" src=\"https:\/\/arttao.org\/wp-content\/uploads\/2025\/05\/EaI\u00bcIo_402498529_IAEO\u00b6a\u00b0I\u00b0\u00b7I\u00a8AA\u00a8\u00b6aA\u00aeo\u00a2\u00bf\u00a8I\u00a8\u00b6th\u00b4IOa\u00b7CAEoO\u00b5EIOA22-1024x762.jpg\" alt=\"\" class=\"wp-image-2697\" style=\"width:69px;height:auto\" srcset=\"https:\/\/arttao.org\/wp-content\/uploads\/2025\/05\/EaI\u00bcIo_402498529_IAEO\u00b6a\u00b0I\u00b0\u00b7I\u00a8AA\u00a8\u00b6aA\u00aeo\u00a2\u00bf\u00a8I\u00a8\u00b6th\u00b4IOa\u00b7CAEoO\u00b5EIOA22-1024x762.jpg 1024w, https:\/\/arttao.org\/wp-content\/uploads\/2025\/05\/EaI\u00bcIo_402498529_IAEO\u00b6a\u00b0I\u00b0\u00b7I\u00a8AA\u00a8\u00b6aA\u00aeo\u00a2\u00bf\u00a8I\u00a8\u00b6th\u00b4IOa\u00b7CAEoO\u00b5EIOA22-300x223.jpg 300w, https:\/\/arttao.org\/wp-content\/uploads\/2025\/05\/EaI\u00bcIo_402498529_IAEO\u00b6a\u00b0I\u00b0\u00b7I\u00a8AA\u00a8\u00b6aA\u00aeo\u00a2\u00bf\u00a8I\u00a8\u00b6th\u00b4IOa\u00b7CAEoO\u00b5EIOA22-768x572.jpg 768w, https:\/\/arttao.org\/wp-content\/uploads\/2025\/05\/EaI\u00bcIo_402498529_IAEO\u00b6a\u00b0I\u00b0\u00b7I\u00a8AA\u00a8\u00b6aA\u00aeo\u00a2\u00bf\u00a8I\u00a8\u00b6th\u00b4IOa\u00b7CAEoO\u00b5EIOA22-1536x1143.jpg 1536w, https:\/\/arttao.org\/wp-content\/uploads\/2025\/05\/EaI\u00bcIo_402498529_IAEO\u00b6a\u00b0I\u00b0\u00b7I\u00a8AA\u00a8\u00b6aA\u00aeo\u00a2\u00bf\u00a8I\u00a8\u00b6th\u00b4IOa\u00b7CAEoO\u00b5EIOA22.jpg 1940w\" sizes=\"auto, (max-width: 1024px) 100vw, 1024px\" \/><\/figure>\n\n\n\n<p class=\"has-medium-font-size\"><a href=\"https:\/\/arttao.org\/es\/37-ansiedad-por-la-enfermedad\/\" data-type=\"page\" data-id=\"10985\">s-40:<strong>Ansiedad por enfermedad<\/strong><\/a><\/p>\n\n\n\n<p class=\"has-small-font-size\"><br>Esta prueba examina si experimenta preocupaci\u00f3n persistente por una enfermedad grave (como c\u00e1ncer o derrame cerebral), incluso si las pruebas m\u00e9dicas no han revelado nada inusual. Mediante preguntas guiadas, el sistema eval\u00faa si busca s\u00edntomas en l\u00ednea con frecuencia, se autodiagnostica, busca atenci\u00f3n m\u00e9dica con frecuencia o sobreinterpreta las se\u00f1ales corporales. La IA analizar\u00e1 si tiene una mentalidad de &quot;sobreenfocada en la salud&quot; y le brindar\u00e1 consejos pr\u00e1cticos sobre c\u00f3mo reconstruir una cognici\u00f3n saludable, reducir el p\u00e1nico y transformar la ansiedad. Esta prueba es adecuada para usuarios que se preocupan frecuentemente por la enfermedad y sienten que &quot;algo anda mal&quot;. Es el punto de partida del entrenamiento psicol\u00f3gico para liberar su atenci\u00f3n del miedo.<\/p>\n\n\n\n<figure class=\"wp-block-image size-large is-resized\"><img loading=\"lazy\" decoding=\"async\" width=\"1024\" height=\"762\" src=\"https:\/\/arttao.org\/wp-content\/uploads\/2025\/05\/EaI\u00bcIo_402498529_IAEO\u00b6a\u00b0I\u00b0\u00b7I\u00a8AA\u00a8\u00b6aA\u00aeo\u00a2\u00bf\u00a8I\u00a8\u00b6th\u00b4IOa\u00b7CAEoO\u00b5EIOA22-1024x762.jpg\" alt=\"\" class=\"wp-image-2697\" style=\"width:70px;height:auto\" srcset=\"https:\/\/arttao.org\/wp-content\/uploads\/2025\/05\/EaI\u00bcIo_402498529_IAEO\u00b6a\u00b0I\u00b0\u00b7I\u00a8AA\u00a8\u00b6aA\u00aeo\u00a2\u00bf\u00a8I\u00a8\u00b6th\u00b4IOa\u00b7CAEoO\u00b5EIOA22-1024x762.jpg 1024w, https:\/\/arttao.org\/wp-content\/uploads\/2025\/05\/EaI\u00bcIo_402498529_IAEO\u00b6a\u00b0I\u00b0\u00b7I\u00a8AA\u00a8\u00b6aA\u00aeo\u00a2\u00bf\u00a8I\u00a8\u00b6th\u00b4IOa\u00b7CAEoO\u00b5EIOA22-300x223.jpg 300w, https:\/\/arttao.org\/wp-content\/uploads\/2025\/05\/EaI\u00bcIo_402498529_IAEO\u00b6a\u00b0I\u00b0\u00b7I\u00a8AA\u00a8\u00b6aA\u00aeo\u00a2\u00bf\u00a8I\u00a8\u00b6th\u00b4IOa\u00b7CAEoO\u00b5EIOA22-768x572.jpg 768w, https:\/\/arttao.org\/wp-content\/uploads\/2025\/05\/EaI\u00bcIo_402498529_IAEO\u00b6a\u00b0I\u00b0\u00b7I\u00a8AA\u00a8\u00b6aA\u00aeo\u00a2\u00bf\u00a8I\u00a8\u00b6th\u00b4IOa\u00b7CAEoO\u00b5EIOA22-1536x1143.jpg 1536w, https:\/\/arttao.org\/wp-content\/uploads\/2025\/05\/EaI\u00bcIo_402498529_IAEO\u00b6a\u00b0I\u00b0\u00b7I\u00a8AA\u00a8\u00b6aA\u00aeo\u00a2\u00bf\u00a8I\u00a8\u00b6th\u00b4IOa\u00b7CAEoO\u00b5EIOA22.jpg 1940w\" sizes=\"auto, (max-width: 1024px) 100vw, 1024px\" \/><\/figure>\n\n\n\n<p class=\"has-medium-font-size\"><a href=\"https:\/\/arttao.org\/es\/42-pruebas-personalizadas\/\" data-type=\"page\" data-id=\"10996\">s-41:<strong>Trastorno de conversi\u00f3n<\/strong><\/a><\/p>\n\n\n\n<p class=\"has-small-font-size\"><br><br>Esta prueba identifica discapacidades f\u00edsicas repentinas (como afasia, par\u00e1lisis, convulsiones y ceguera) que ocurren tras un estr\u00e9s psicol\u00f3gico significativo o un conflicto emocional, pero para las que no existen explicaciones m\u00e9dicas. Mediante seis preguntas de estilo socr\u00e1tico, el sistema le guiar\u00e1 a trav\u00e9s de sus experiencias de eventos psicol\u00f3gicos significativos, si alguna vez ha expresado emociones reprimidas mediante reacciones f\u00edsicas y si estas discapacidades le han proporcionado beneficios secundarios (como evitar tareas y recibir atenci\u00f3n). La IA le ayudar\u00e1 a comprender c\u00f3mo se manifiesta f\u00edsicamente el estr\u00e9s, desde la perspectiva de que &quot;los s\u00edntomas no son falsos&quot;, y le proporcionar\u00e1 apoyo psicol\u00f3gico, canales de expresi\u00f3n y estrategias de adaptaci\u00f3n. Esta prueba es adecuada para quienes han experimentado discapacidades funcionales inexplicables y buscan herramientas de autoconciencia que integren la mente y el cuerpo.<\/p>\n\n\n\n<p class=\"\"><\/p>","protected":false},"excerpt":{"rendered":"<p>s-37:\u5931\u7720\u95ee\u9898 \u672c\u6d4b\u8bd5\u65e8\u5728\u5e2e\u52a9\u4f60\u8bc6\u522b\u662f\u5426\u5b58\u5728\u957f\u671f\u7684\u5165\u7761\u56f0\u96be\u3001\u9891\u7e41\u591c\u9192\u6216\u65e9\u9192\u96be\u518d\u5165\u7761\u7b49\u5931\u7720\u75c7\u72b6\u3002\u901a\u8fc76\u4e2a\u5f15\u5bfc [&hellip;]<\/p>\n","protected":false},"author":1,"featured_media":0,"parent":0,"menu_order":0,"comment_status":"closed","ping_status":"closed","template":"","meta":{"nf_dc_page":"","om_disable_all_campaigns":false,"_monsterinsights_skip_tracking":false,"_monsterinsights_sitenote_active":false,"_monsterinsights_sitenote_note":"","_monsterinsights_sitenote_category":0,"footnotes":""},"class_list":["post-2946","page","type-page","status-publish","hentry"],"_links":{"self":[{"href":"https:\/\/arttao.org\/es\/wp-json\/wp\/v2\/pages\/2946","targetHints":{"allow":["GET"]}}],"collection":[{"href":"https:\/\/arttao.org\/es\/wp-json\/wp\/v2\/pages"}],"about":[{"href":"https:\/\/arttao.org\/es\/wp-json\/wp\/v2\/types\/page"}],"author":[{"embeddable":true,"href":"https:\/\/arttao.org\/es\/wp-json\/wp\/v2\/users\/1"}],"replies":[{"embeddable":true,"href":"https:\/\/arttao.org\/es\/wp-json\/wp\/v2\/comments?post=2946"}],"version-history":[{"count":8,"href":"https:\/\/arttao.org\/es\/wp-json\/wp\/v2\/pages\/2946\/revisions"}],"predecessor-version":[{"id":11118,"href":"https:\/\/arttao.org\/es\/wp-json\/wp\/v2\/pages\/2946\/revisions\/11118"}],"wp:attachment":[{"href":"https:\/\/arttao.org\/es\/wp-json\/wp\/v2\/media?parent=2946"}],"curies":[{"name":"gracias","href":"https:\/\/api.w.org\/{rel}","templated":true}]}}