{"id":2954,"date":"2025-05-08T05:03:49","date_gmt":"2025-05-08T05:03:49","guid":{"rendered":"https:\/\/arttao.org\/?page_id=2954"},"modified":"2025-10-01T18:46:27","modified_gmt":"2025-10-01T18:46:27","slug":"h-problemas-de-dependencia-y-adiccion","status":"publish","type":"page","link":"https:\/\/arttao.org\/es\/h-%e4%be%9d%e8%b5%96%e4%b8%8e%e6%88%90%e7%98%be%e9%97%ae%e9%a2%98s\/","title":{"rendered":"H. Problemas de dependencia y adicci\u00f3n"},"content":{"rendered":"<p class=\"\"><\/p>\n\n\n\n<p class=\"\"><\/p>\n\n\n\n<figure class=\"wp-block-image size-large is-resized\"><img loading=\"lazy\" decoding=\"async\" width=\"1024\" height=\"724\" src=\"https:\/\/arttao.org\/wp-content\/uploads\/2025\/05\/EaI\u00bcIo_402498515_AIAE\u00b2EA\u00aeo\u00a2CaDAAEAth\u00bf\u00a8I\u00a8\u00b2a_\u00b7CAEoO\u00b5EIOA22-1024x724.jpg\" alt=\"\" class=\"wp-image-2693\" style=\"width:68px;height:auto\" srcset=\"https:\/\/arttao.org\/wp-content\/uploads\/2025\/05\/EaI\u00bcIo_402498515_AIAE\u00b2EA\u00aeo\u00a2CaDAAEAth\u00bf\u00a8I\u00a8\u00b2a_\u00b7CAEoO\u00b5EIOA22-1024x724.jpg 1024w, https:\/\/arttao.org\/wp-content\/uploads\/2025\/05\/EaI\u00bcIo_402498515_AIAE\u00b2EA\u00aeo\u00a2CaDAAEAth\u00bf\u00a8I\u00a8\u00b2a_\u00b7CAEoO\u00b5EIOA22-300x212.jpg 300w, https:\/\/arttao.org\/wp-content\/uploads\/2025\/05\/EaI\u00bcIo_402498515_AIAE\u00b2EA\u00aeo\u00a2CaDAAEAth\u00bf\u00a8I\u00a8\u00b2a_\u00b7CAEoO\u00b5EIOA22-768x543.jpg 768w, https:\/\/arttao.org\/wp-content\/uploads\/2025\/05\/EaI\u00bcIo_402498515_AIAE\u00b2EA\u00aeo\u00a2CaDAAEAth\u00bf\u00a8I\u00a8\u00b2a_\u00b7CAEoO\u00b5EIOA22-1536x1086.jpg 1536w, https:\/\/arttao.org\/wp-content\/uploads\/2025\/05\/EaI\u00bcIo_402498515_AIAE\u00b2EA\u00aeo\u00a2CaDAAEAth\u00bf\u00a8I\u00a8\u00b2a_\u00b7CAEoO\u00b5EIOA22.jpg 1750w\" sizes=\"auto, (max-width: 1024px) 100vw, 1024px\" \/><\/figure>\n\n\n\n<p class=\"has-medium-font-size\"><a href=\"https:\/\/arttao.org\/es\/38-problemas-relacionados-con-el-consumo-de-alcohol\/\" data-type=\"page\" data-id=\"10987\">s-42:<strong>Problemas relacionados con el consumo de alcohol<\/strong><\/a><\/p>\n\n\n\n<p class=\"has-small-font-size\"><br><br>Esta prueba se centra en evaluar si ha perdido el control sobre su consumo de alcohol, ha aumentado su dependencia o ha experimentado efectos negativos m\u00e1s profundos. Mediante seis preguntas de estilo socr\u00e1tico, el sistema le guiar\u00e1 para identificar dimensiones clave como la frecuencia con la que bebe, la p\u00e9rdida de control sobre su consumo, si ha afectado a su trabajo o sus relaciones, y si ha intentado dejarlo sin \u00e9xito. La IA integrar\u00e1 sus respuestas para analizar si cumple los criterios de &quot;trastorno por consumo de alcohol&quot; y, seg\u00fan sus deseos y su situaci\u00f3n actual, le ofrecer\u00e1 sugerencias adecuadas de regulaci\u00f3n cognitiva, gesti\u00f3n situacional o intervenci\u00f3n de apoyo. Esta prueba es adecuada para quienes beben en exceso conscientemente, tienen dificultades para dejar de beber o han sido persuadidos por otros a beber en exceso, ayud\u00e1ndoles a reconstruir su camino hacia la moderaci\u00f3n y el control.<\/p>\n\n\n\n<figure class=\"wp-block-image size-large is-resized\"><img loading=\"lazy\" decoding=\"async\" width=\"1024\" height=\"724\" src=\"https:\/\/arttao.org\/wp-content\/uploads\/2025\/05\/EaI\u00bcIo_402498515_AIAE\u00b2EA\u00aeo\u00a2CaDAAEAth\u00bf\u00a8I\u00a8\u00b2a_\u00b7CAEoO\u00b5EIOA22-1024x724.jpg\" alt=\"\" class=\"wp-image-2693\" style=\"width:68px;height:auto\" srcset=\"https:\/\/arttao.org\/wp-content\/uploads\/2025\/05\/EaI\u00bcIo_402498515_AIAE\u00b2EA\u00aeo\u00a2CaDAAEAth\u00bf\u00a8I\u00a8\u00b2a_\u00b7CAEoO\u00b5EIOA22-1024x724.jpg 1024w, https:\/\/arttao.org\/wp-content\/uploads\/2025\/05\/EaI\u00bcIo_402498515_AIAE\u00b2EA\u00aeo\u00a2CaDAAEAth\u00bf\u00a8I\u00a8\u00b2a_\u00b7CAEoO\u00b5EIOA22-300x212.jpg 300w, https:\/\/arttao.org\/wp-content\/uploads\/2025\/05\/EaI\u00bcIo_402498515_AIAE\u00b2EA\u00aeo\u00a2CaDAAEAth\u00bf\u00a8I\u00a8\u00b2a_\u00b7CAEoO\u00b5EIOA22-768x543.jpg 768w, https:\/\/arttao.org\/wp-content\/uploads\/2025\/05\/EaI\u00bcIo_402498515_AIAE\u00b2EA\u00aeo\u00a2CaDAAEAth\u00bf\u00a8I\u00a8\u00b2a_\u00b7CAEoO\u00b5EIOA22-1536x1086.jpg 1536w, https:\/\/arttao.org\/wp-content\/uploads\/2025\/05\/EaI\u00bcIo_402498515_AIAE\u00b2EA\u00aeo\u00a2CaDAAEAth\u00bf\u00a8I\u00a8\u00b2a_\u00b7CAEoO\u00b5EIOA22.jpg 1750w\" sizes=\"auto, (max-width: 1024px) 100vw, 1024px\" \/><\/figure>\n\n\n\n<p class=\"has-medium-font-size\"><a href=\"https:\/\/arttao.org\/es\/39-problemas-relacionados-con-el-consumo-de-sustancias\/\" data-type=\"page\" data-id=\"10989\">s-43:<strong>Problemas relacionados con el consumo de sustancias<\/strong><\/a><\/p>\n\n\n\n<p class=\"has-small-font-size\"><br><br>Esta prueba est\u00e1 dise\u00f1ada para identificar si eres adicto o abusas de ciertas sustancias (como sedantes, estimulantes, marihuana y otras drogas). Seis preguntas progresivas te ayudar\u00e1n a revisar tu frecuencia de consumo, si afecta tus estudios o trabajo, si te plantea problemas legales o de salud, y si has experimentado antojos intensos que no puedes detener. Con base en tus comentarios, la IA analizar\u00e1 si tu consumo se ha convertido en un trastorno y recomendar\u00e1 un camino personalizado para cambiar, incluyendo estrategias de autocontrol, la creaci\u00f3n de un sistema de apoyo y recomendaciones de tratamiento profesional. Esta prueba es ideal para quienes han intentado dejar las drogas por su cuenta sin \u00e9xito en repetidas ocasiones, o para quienes desean identificar una posible adicci\u00f3n de forma temprana.<\/p>\n\n\n\n<figure class=\"wp-block-image size-large is-resized\"><img loading=\"lazy\" decoding=\"async\" width=\"1024\" height=\"724\" src=\"https:\/\/arttao.org\/wp-content\/uploads\/2025\/05\/EaI\u00bcIo_402498515_AIAE\u00b2EA\u00aeo\u00a2CaDAAEAth\u00bf\u00a8I\u00a8\u00b2a_\u00b7CAEoO\u00b5EIOA22-1024x724.jpg\" alt=\"\" class=\"wp-image-2693\" style=\"width:68px;height:auto\" srcset=\"https:\/\/arttao.org\/wp-content\/uploads\/2025\/05\/EaI\u00bcIo_402498515_AIAE\u00b2EA\u00aeo\u00a2CaDAAEAth\u00bf\u00a8I\u00a8\u00b2a_\u00b7CAEoO\u00b5EIOA22-1024x724.jpg 1024w, https:\/\/arttao.org\/wp-content\/uploads\/2025\/05\/EaI\u00bcIo_402498515_AIAE\u00b2EA\u00aeo\u00a2CaDAAEAth\u00bf\u00a8I\u00a8\u00b2a_\u00b7CAEoO\u00b5EIOA22-300x212.jpg 300w, https:\/\/arttao.org\/wp-content\/uploads\/2025\/05\/EaI\u00bcIo_402498515_AIAE\u00b2EA\u00aeo\u00a2CaDAAEAth\u00bf\u00a8I\u00a8\u00b2a_\u00b7CAEoO\u00b5EIOA22-768x543.jpg 768w, https:\/\/arttao.org\/wp-content\/uploads\/2025\/05\/EaI\u00bcIo_402498515_AIAE\u00b2EA\u00aeo\u00a2CaDAAEAth\u00bf\u00a8I\u00a8\u00b2a_\u00b7CAEoO\u00b5EIOA22-1536x1086.jpg 1536w, https:\/\/arttao.org\/wp-content\/uploads\/2025\/05\/EaI\u00bcIo_402498515_AIAE\u00b2EA\u00aeo\u00a2CaDAAEAth\u00bf\u00a8I\u00a8\u00b2a_\u00b7CAEoO\u00b5EIOA22.jpg 1750w\" sizes=\"auto, (max-width: 1024px) 100vw, 1024px\" \/><\/figure>\n\n\n\n<p class=\"has-medium-font-size\"><a href=\"https:\/\/arttao.org\/es\/40-problemas-relacionados-con-el-juego\/\" data-type=\"page\" data-id=\"10991\">s-44:<strong>Problemas relacionados con el juego<\/strong><\/a><\/p>\n\n\n\n<p class=\"has-small-font-size\"><br><br>Este test te ayuda a evaluar si sufres de ludopat\u00eda frecuente, un comportamiento descontrolado y la consiguiente angustia financiera, familiar o emocional. Mediante preguntas socr\u00e1ticas, examinar\u00e1s si el juego te ayuda a aliviar el estr\u00e9s, si has pedido dinero prestado para jugar, si has intentado dejarlo repetidamente sin \u00e9xito, y el impacto tangible que tiene en tu vida. La IA integrar\u00e1 tus respuestas para determinar si podr\u00edas estar desarrollando una adicci\u00f3n conductual y te ofrecer\u00e1 consejos pr\u00e1cticos sobre intervenciones cognitivo-conductuales, regulaci\u00f3n emocional y gesti\u00f3n de riesgos. Este test es ideal para usuarios que tienen dificultades para controlar su adicci\u00f3n al juego y desean romper el ciclo, pero no tienen una estrategia clara.<\/p>\n\n\n\n<figure class=\"wp-block-image size-large is-resized\"><img loading=\"lazy\" decoding=\"async\" width=\"1024\" height=\"724\" src=\"https:\/\/arttao.org\/wp-content\/uploads\/2025\/05\/EaI\u00bcIo_402498515_AIAE\u00b2EA\u00aeo\u00a2CaDAAEAth\u00bf\u00a8I\u00a8\u00b2a_\u00b7CAEoO\u00b5EIOA22-1024x724.jpg\" alt=\"\" class=\"wp-image-2693\" style=\"width:69px;height:auto\" srcset=\"https:\/\/arttao.org\/wp-content\/uploads\/2025\/05\/EaI\u00bcIo_402498515_AIAE\u00b2EA\u00aeo\u00a2CaDAAEAth\u00bf\u00a8I\u00a8\u00b2a_\u00b7CAEoO\u00b5EIOA22-1024x724.jpg 1024w, https:\/\/arttao.org\/wp-content\/uploads\/2025\/05\/EaI\u00bcIo_402498515_AIAE\u00b2EA\u00aeo\u00a2CaDAAEAth\u00bf\u00a8I\u00a8\u00b2a_\u00b7CAEoO\u00b5EIOA22-300x212.jpg 300w, https:\/\/arttao.org\/wp-content\/uploads\/2025\/05\/EaI\u00bcIo_402498515_AIAE\u00b2EA\u00aeo\u00a2CaDAAEAth\u00bf\u00a8I\u00a8\u00b2a_\u00b7CAEoO\u00b5EIOA22-768x543.jpg 768w, https:\/\/arttao.org\/wp-content\/uploads\/2025\/05\/EaI\u00bcIo_402498515_AIAE\u00b2EA\u00aeo\u00a2CaDAAEAth\u00bf\u00a8I\u00a8\u00b2a_\u00b7CAEoO\u00b5EIOA22-1536x1086.jpg 1536w, https:\/\/arttao.org\/wp-content\/uploads\/2025\/05\/EaI\u00bcIo_402498515_AIAE\u00b2EA\u00aeo\u00a2CaDAAEAth\u00bf\u00a8I\u00a8\u00b2a_\u00b7CAEoO\u00b5EIOA22.jpg 1750w\" sizes=\"auto, (max-width: 1024px) 100vw, 1024px\" \/><\/figure>\n\n\n\n<p class=\"has-medium-font-size\"><a href=\"https:\/\/arttao.org\/es\/s-45-tendencia-a-la-adiccion-a-los-juegos-en-linea\/\" data-type=\"page\" data-id=\"11104\">s-45:<strong>Tendencias de adicci\u00f3n a Internet y a los juegos<\/strong><\/a><\/p>\n\n\n\n<p class=\"has-small-font-size\"><br><br>Esta prueba se centra en identificar si has desarrollado una fuerte dependencia a internet o a los videojuegos, manifestada en una adicci\u00f3n excesiva, un deterioro en el funcionamiento en la vida real o una manipulaci\u00f3n en l\u00ednea de tu estado emocional. Mediante seis preguntas guiadas, el sistema te ayuda a evaluar si el uso excesivo de internet est\u00e1 afectando tu sue\u00f1o, tus relaciones, tus estudios o tu trabajo; si has intentado reducir tu tiempo en l\u00ednea sin \u00e9xito; y si sientes que solo puedes relajarte o sentirte presente en los juegos. La IA genera un an\u00e1lisis exhaustivo basado en tus respuestas y ofrece sugerencias para establecer l\u00edmites, buscar alternativas de gratificaci\u00f3n y recuperar el funcionamiento en la vida real. Esta prueba es ideal para usuarios que pasan mucho tiempo en l\u00ednea y comienzan a preguntarse si est\u00e1n perdiendo el equilibrio.<\/p>","protected":false},"excerpt":{"rendered":"<p>s-42:\u9152\u7cbe\u4f7f\u7528\u76f8\u5173\u95ee\u9898 \u672c\u6d4b\u8bd5\u805a\u7126\u4e8e\u8bc4\u4f30\u4f60\u5728\u996e\u9152\u65b9\u9762\u662f\u5426\u5b58\u5728\u63a7\u5236\u529b\u51cf\u5f31\u3001\u4f9d\u8d56\u6027\u589e\u5f3a\u6216\u8d1f\u9762\u5f71\u54cd\u6269\u5927\u7684\u73b0\u8c61\u3002\u901a [&hellip;]<\/p>\n","protected":false},"author":1,"featured_media":0,"parent":0,"menu_order":0,"comment_status":"closed","ping_status":"closed","template":"","meta":{"nf_dc_page":"","om_disable_all_campaigns":false,"_monsterinsights_skip_tracking":false,"_monsterinsights_sitenote_active":false,"_monsterinsights_sitenote_note":"","_monsterinsights_sitenote_category":0,"footnotes":""},"class_list":["post-2954","page","type-page","status-publish","hentry"],"_links":{"self":[{"href":"https:\/\/arttao.org\/es\/wp-json\/wp\/v2\/pages\/2954","targetHints":{"allow":["GET"]}}],"collection":[{"href":"https:\/\/arttao.org\/es\/wp-json\/wp\/v2\/pages"}],"about":[{"href":"https:\/\/arttao.org\/es\/wp-json\/wp\/v2\/types\/page"}],"author":[{"embeddable":true,"href":"https:\/\/arttao.org\/es\/wp-json\/wp\/v2\/users\/1"}],"replies":[{"embeddable":true,"href":"https:\/\/arttao.org\/es\/wp-json\/wp\/v2\/comments?post=2954"}],"version-history":[{"count":7,"href":"https:\/\/arttao.org\/es\/wp-json\/wp\/v2\/pages\/2954\/revisions"}],"predecessor-version":[{"id":11140,"href":"https:\/\/arttao.org\/es\/wp-json\/wp\/v2\/pages\/2954\/revisions\/11140"}],"wp:attachment":[{"href":"https:\/\/arttao.org\/es\/wp-json\/wp\/v2\/media?parent=2954"}],"curies":[{"name":"gracias","href":"https:\/\/api.w.org\/{rel}","templated":true}]}}