{"id":472,"date":"2025-03-24T18:46:59","date_gmt":"2025-03-24T18:46:59","guid":{"rendered":"https:\/\/arttao.org\/?page_id=472"},"modified":"2025-11-12T23:52:34","modified_gmt":"2025-11-12T23:52:34","slug":"1-problemas-relacionados-con-la-ansiedad-2","status":"publish","type":"page","link":"https:\/\/arttao.org\/es\/%e4%b8%80-%e7%84%a6%e8%99%91%e7%9b%b8%e5%85%b3%e9%97%ae%e9%a2%98%ef%bc%88anxiety-related-issues%ef%bc%89-2\/","title":{"rendered":"A. Curso de Problemas Relacionados con la Ansiedad"},"content":{"rendered":"<p class=\"\">&nbsp;<\/p>\n\n\n\n<p class=\"\">A. <strong>Problemas relacionados con la ansiedad<\/strong><\/p>\n\n\n\n<p class=\"\"><\/p>\n\n\n\n<figure class=\"wp-block-image size-large is-resized\"><img loading=\"lazy\" decoding=\"async\" width=\"1024\" height=\"716\" src=\"https:\/\/arttao.org\/wp-content\/uploads\/2025\/05\/EaI\u00bcIo_402504429_\u00b7UE\u00b3\u00a4\u00b7\u00a2\u00bf \u00a8I\u00a8A\u00aeo\u00a2I\u00b7\u00b4\u00f7\u00a8\u00b6a\u00b7CAEoO\u00b5EIOA22-1024x716.jpg\" alt=\"\" class=\"wp-image-2963\" style=\"width:71px;height:auto\" srcset=\"\" sizes=\"auto, (max-width: 1024px) 100vw, 1024px\" data-srcset=\"\" \/><\/figure>\n\n\n\n<p class=\"\"><a href=\"https:\/\/arttao.org\/es\/a-%e7%84%a6%e8%99%91%e7%9b%b8%e5%85%b3%e9%97%ae%e9%a2%98-2\/\" data-type=\"page\" data-id=\"11507\">Lecci\u00f3n 1:<strong>Curso sobre ansiedad generalizada<\/strong>(Lecciones 1-40)<\/a><\/p>\n\n\n\n<p class=\"has-small-font-size\">El trastorno de ansiedad generalizada (TAG) se manifiesta como una preocupaci\u00f3n cr\u00f3nica y excesiva por diversos acontecimientos cotidianos. Las personas tienen dificultades para controlar la ansiedad, que a menudo se acompa\u00f1a de reacciones f\u00edsicas y mentales como tensi\u00f3n, fatiga y falta de sue\u00f1o. A diferencia de las fobias espec\u00edficas, que tienen un foco claro, el TAG es un estado de preocupaci\u00f3n persistente y global que afecta profundamente la calidad de vida y requiere tanto regulaci\u00f3n cognitiva como entrenamiento de relajaci\u00f3n.&nbsp;&nbsp;<\/p>\n\n\n\n<figure class=\"wp-block-image size-large is-resized\"><img loading=\"lazy\" decoding=\"async\" width=\"1024\" height=\"716\" src=\"https:\/\/arttao.org\/wp-content\/uploads\/2025\/05\/EaI\u00bcIo_402504429_\u00b7UE\u00b3\u00a4\u00b7\u00a2\u00bf \u00a8I\u00a8A\u00aeo\u00a2I\u00b7\u00b4\u00f7\u00a8\u00b6a\u00b7CAEoO\u00b5EIOA22-1024x716.jpg\" alt=\"\" class=\"wp-image-2963\" style=\"width:67px;height:auto\" srcset=\"\" sizes=\"auto, (max-width: 1024px) 100vw, 1024px\" data-srcset=\"\" \/><\/figure>\n\n\n\n<p class=\"\"><a href=\"https:\/\/arttao.org\/es\/%e7%ac%ac%e4%ba%8c%e8%af%be%ef%bc%9a%e7%a4%be%e4%ba%a4%e7%84%a6%e8%99%91%e9%9a%9c%e7%a2%8d%e8%af%be%e7%a8%8b%ef%bc%88%e5%85%b130%e8%af%be%ef%bc%89\/\" data-type=\"page\" data-id=\"11584\">Lecci\u00f3n dos:<strong>Curso sobre el trastorno de ansiedad social<\/strong>(Total 41-80 lecciones)<\/a>)<\/p>\n\n\n\n<p class=\"has-small-font-size\">El trastorno de ansiedad social es un miedo intenso a ser observado, juzgado o desaprobado por los dem\u00e1s, lo que a menudo provoca ansiedad, evasi\u00f3n o incluso p\u00e1nico en p\u00fablico, en reuniones y al interactuar con desconocidos. Las personas suelen reconocer que este miedo es excesivo, pero les cuesta superar la verg\u00fcenza y la ansiedad. En casos graves, esto puede afectar los estudios, el trabajo y las relaciones interpersonales, convirti\u00e9ndose en un obst\u00e1culo com\u00fan para desarrollar la autoconfianza. &nbsp;<\/p>\n\n\n\n<figure class=\"wp-block-image size-large is-resized\"><img loading=\"lazy\" decoding=\"async\" width=\"1024\" height=\"716\" src=\"https:\/\/arttao.org\/wp-content\/uploads\/2025\/05\/EaI\u00bcIo_402504429_\u00b7UE\u00b3\u00a4\u00b7\u00a2\u00bf \u00a8I\u00a8A\u00aeo\u00a2I\u00b7\u00b4\u00f7\u00a8\u00b6a\u00b7CAEoO\u00b5EIOA22-1024x716.jpg\" alt=\"\" class=\"wp-image-2963\" style=\"width:69px;height:auto\" srcset=\"\" sizes=\"auto, (max-width: 1024px) 100vw, 1024px\" data-srcset=\"\" \/><\/figure>\n\n\n\n<p class=\"\"><a href=\"https:\/\/arttao.org\/es\/%e7%ac%ac%e4%b8%89%e8%af%be%ef%bc%9a%e7%89%b9%e5%ae%9a%e6%81%90%e6%83%a7%e7%97%87%e8%af%be%e7%a8%8b%ef%bc%88%e5%85%b140%e8%af%be%ef%bc%89\/\" data-type=\"page\" data-id=\"11775\">Lecci\u00f3n 3:<strong>Curso espec\u00edfico para fobias<\/strong>(Total 81-120 lecciones)<\/a><strong> <\/strong><\/p>\n\n\n\n<p class=\"has-small-font-size\">&nbsp;La fobia espec\u00edfica es un trastorno psicol\u00f3gico que se caracteriza por un miedo irracional e intenso a objetos o situaciones espec\u00edficos, como animales, alturas, inyecciones y espacios reducidos. Ante un est\u00edmulo, las personas experimentan taquicardia, sudoraci\u00f3n y evitaci\u00f3n, incluso sabiendo que el est\u00edmulo no es peligroso. Esta reacci\u00f3n suele ir acompa\u00f1ada de conductas de evitaci\u00f3n, lo que interfiere con el funcionamiento diario.<\/p>\n\n\n\n<figure class=\"wp-block-image size-large is-resized\"><img loading=\"lazy\" decoding=\"async\" width=\"1024\" height=\"716\" src=\"https:\/\/arttao.org\/wp-content\/uploads\/2025\/05\/EaI\u00bcIo_402504429_\u00b7UE\u00b3\u00a4\u00b7\u00a2\u00bf \u00a8I\u00a8A\u00aeo\u00a2I\u00b7\u00b4\u00f7\u00a8\u00b6a\u00b7CAEoO\u00b5EIOA22-1024x716.jpg\" alt=\"\" class=\"wp-image-2963\" style=\"width:67px;height:auto\" srcset=\"\" sizes=\"auto, (max-width: 1024px) 100vw, 1024px\" data-srcset=\"\" \/><\/figure>\n\n\n\n<p class=\"\"><a href=\"https:\/\/arttao.org\/es\/%e7%ac%ac%e5%9b%9b%e8%af%be%ef%bc%9a%e6%83%8a%e6%81%90%e9%9a%9c%e7%a2%8d%e8%af%be%e7%a8%8b%e7%9b%ae%e5%bd%95%ef%bc%88%e7%ac%ac121%ef%bd%9e160%e8%af%be%ef%bc%89\/\" data-type=\"page\" data-id=\"11917\">Lecci\u00f3n 4:<strong>Curso sobre el trastorno de p\u00e1nico (<\/strong>Lecciones 121-160<\/a><strong> &nbsp;<\/strong><\/p>\n\n\n\n<p class=\"has-small-font-size\">El trastorno de p\u00e1nico se produce cuando las personas experimentan ataques de p\u00e1nico repentinos, caracterizados por palpitaciones intensas, dificultad para respirar, sudoraci\u00f3n, mareos e incluso una sensaci\u00f3n de fatalidad inminente. Estos ataques suelen ocurrir sin desencadenantes aparentes, y las personas suelen experimentar un miedo constante a futuros ataques. Dado que los s\u00edntomas son similares a los de otras afecciones m\u00e9dicas, como las cardiopat\u00edas, estas afecciones suelen requerir atenci\u00f3n m\u00e9dica excesiva y restricciones de actividades, lo que requiere intervenciones como la reestructuraci\u00f3n cognitiva y el entrenamiento de exposici\u00f3n.<\/p>\n\n\n\n<figure class=\"wp-block-image size-large is-resized\"><img loading=\"lazy\" decoding=\"async\" width=\"1024\" height=\"716\" src=\"https:\/\/arttao.org\/wp-content\/uploads\/2025\/05\/EaI\u00bcIo_402504429_\u00b7UE\u00b3\u00a4\u00b7\u00a2\u00bf \u00a8I\u00a8A\u00aeo\u00a2I\u00b7\u00b4\u00f7\u00a8\u00b6a\u00b7CAEoO\u00b5EIOA22-1024x716.jpg\" alt=\"\" class=\"wp-image-2963\" style=\"width:69px;height:auto\" srcset=\"\" sizes=\"auto, (max-width: 1024px) 100vw, 1024px\" data-srcset=\"\" \/><\/figure>\n\n\n\n<p class=\"\"><a href=\"https:\/\/arttao.org\/es\/%e7%ac%ac%e4%ba%94%e8%af%be%ef%bc%9a%e7%a9%ba%e9%97%b4%e6%81%90%e6%83%a7%e7%97%87%e8%af%be%e7%a8%8b%ef%bc%88%e5%85%b1161-200%e8%af%be%ef%bc%89\/\" data-type=\"page\" data-id=\"12043\">Lecci\u00f3n 5:<strong>Curso sobre fobia espacial<\/strong>(Total 161-200 lecciones)<\/a><strong> <\/strong><\/p>\n\n\n\n<p class=\"has-small-font-size\">&nbsp;La agorafobia no es simplemente el miedo a los espacios abiertos, sino el miedo a estar en lugares donde no se puede escapar ni recibir ayuda, como el metro, los ascensores y las multitudes. Las personas temen no poder responder r\u00e1pidamente a un ataque de p\u00e1nico, por lo que a menudo evitan salir y, en casos graves, se quedan confinadas en sus casas. Este trastorno suele acompa\u00f1ar al trastorno de p\u00e1nico, y el tratamiento se centra en ejercicios de exposici\u00f3n y en recuperar la sensaci\u00f3n de seguridad.<\/p>\n\n\n\n<figure class=\"wp-block-image size-large is-resized\"><img loading=\"lazy\" decoding=\"async\" width=\"1024\" height=\"716\" src=\"https:\/\/arttao.org\/wp-content\/uploads\/2025\/05\/EaI\u00bcIo_402504429_\u00b7UE\u00b3\u00a4\u00b7\u00a2\u00bf \u00a8I\u00a8A\u00aeo\u00a2I\u00b7\u00b4\u00f7\u00a8\u00b6a\u00b7CAEoO\u00b5EIOA22-1024x716.jpg\" alt=\"\" class=\"wp-image-2963\" style=\"width:66px;height:auto\" srcset=\"\" sizes=\"auto, (max-width: 1024px) 100vw, 1024px\" data-srcset=\"\" \/><\/figure>\n\n\n\n<p class=\"\"><a href=\"https:\/\/arttao.org\/es\/%e7%ac%ac%e5%85%ad%e8%af%be%ef%bc%9a%e5%88%86%e7%a6%bb%e7%84%a6%e8%99%91%e9%9a%9c%e7%a2%8d%e8%af%be%e7%a8%8b%ef%bc%88201-240%e8%af%be%ef%bc%89\/\" data-type=\"page\" data-id=\"12047\">Lecci\u00f3n seis:<strong>Curso sobre el trastorno de ansiedad por separaci\u00f3n<\/strong>(Lecciones 201-240)<\/a><strong> &nbsp;<\/strong><\/p>\n\n\n\n<p class=\"has-small-font-size\">El trastorno de ansiedad por separaci\u00f3n (TAS) se refiere a la ansiedad, el miedo e incluso el p\u00e1nico extremos que experimenta una persona al separarse de una figura de apego significativa (como sus padres o su pareja). Aunque es m\u00e1s com\u00fan en ni\u00f1os, tambi\u00e9n puede persistir en adultos, manifest\u00e1ndose como apego excesivo, dificultad para estar solo y catastrofismo ante la separaci\u00f3n. Su manejo requiere una combinaci\u00f3n de reconstrucci\u00f3n del apego, desarrollo de la autonom\u00eda y entrenamiento para la estabilidad emocional.<\/p>\n\n\n\n<figure class=\"wp-block-image size-large is-resized\"><img loading=\"lazy\" decoding=\"async\" width=\"1024\" height=\"716\" src=\"https:\/\/arttao.org\/wp-content\/uploads\/2025\/05\/EaI\u00bcIo_402504429_\u00b7UE\u00b3\u00a4\u00b7\u00a2\u00bf \u00a8I\u00a8A\u00aeo\u00a2I\u00b7\u00b4\u00f7\u00a8\u00b6a\u00b7CAEoO\u00b5EIOA22-1024x716.jpg\" alt=\"\" class=\"wp-image-2963\" style=\"width:69px;height:auto\" srcset=\"\" sizes=\"auto, (max-width: 1024px) 100vw, 1024px\" data-srcset=\"\" \/><\/figure>\n\n\n\n<p class=\"\"><a href=\"https:\/\/arttao.org\/es\/%e7%ac%ac%e4%b8%83%e8%af%be%ef%bc%9a%e9%80%89%e6%8b%a9%e6%80%a7%e7%bc%84%e9%bb%98%e7%97%87%e8%af%be%e7%a8%8b%ef%bc%88%e7%ac%ac241-280%e8%af%be%ef%bc%89\/\" data-type=\"page\" data-id=\"12051\">Lecci\u00f3n 7:<strong>Curso sobre mutismo selectivo<\/strong>(Lecciones 241-280)<\/a><\/p>\n\n\n\n<p class=\"has-small-font-size\">El mutismo selectivo es un trastorno en el que los ni\u00f1os presentan una incapacidad persistente para hablar en ciertos entornos sociales, como la escuela, pero pueden comunicarse con normalidad en entornos familiares como el hogar. No se trata de una p\u00e9rdida de habilidades verbales, sino que se deriva de una alta ansiedad social, una necesidad de control o experiencias traum\u00e1ticas. A menudo confundido con timidez o rebeld\u00eda, la detecci\u00f3n temprana y la intervenci\u00f3n de apoyo pueden ayudar a recuperar la confianza en la expresi\u00f3n verbal.<\/p>\n\n\n\n<p class=\"has-small-font-size\"><\/p>","protected":false},"excerpt":{"rendered":"<p>&nbsp; A. \u7126\u8651\u76f8\u5173\u95ee\u9898 \u7b2c\u4e00\u8bfe\uff1a\u5e7f\u6cdb\u6027\u7126\u8651\u8bfe\u7a0b\uff081-40\u8bfe\uff09 \u5e7f\u6cdb\u6027\u7126\u8651\u969c\u788d\u8868\u73b0\u4e3a\u5bf9\u591a\u79cd\u65e5\u5e38\u4e8b\u52a1\u957f\u671f [&hellip;]<\/p>\n","protected":false},"author":1,"featured_media":0,"parent":0,"menu_order":0,"comment_status":"closed","ping_status":"closed","template":"","meta":{"nf_dc_page":"","om_disable_all_campaigns":false,"_monsterinsights_skip_tracking":false,"_monsterinsights_sitenote_active":false,"_monsterinsights_sitenote_note":"","_monsterinsights_sitenote_category":0,"footnotes":""},"class_list":["post-472","page","type-page","status-publish","hentry"],"_links":{"self":[{"href":"https:\/\/arttao.org\/es\/wp-json\/wp\/v2\/pages\/472","targetHints":{"allow":["GET"]}}],"collection":[{"href":"https:\/\/arttao.org\/es\/wp-json\/wp\/v2\/pages"}],"about":[{"href":"https:\/\/arttao.org\/es\/wp-json\/wp\/v2\/types\/page"}],"author":[{"embeddable":true,"href":"https:\/\/arttao.org\/es\/wp-json\/wp\/v2\/users\/1"}],"replies":[{"embeddable":true,"href":"https:\/\/arttao.org\/es\/wp-json\/wp\/v2\/comments?post=472"}],"version-history":[{"count":20,"href":"https:\/\/arttao.org\/es\/wp-json\/wp\/v2\/pages\/472\/revisions"}],"predecessor-version":[{"id":12750,"href":"https:\/\/arttao.org\/es\/wp-json\/wp\/v2\/pages\/472\/revisions\/12750"}],"wp:attachment":[{"href":"https:\/\/arttao.org\/es\/wp-json\/wp\/v2\/media?parent=472"}],"curies":[{"name":"gracias","href":"https:\/\/api.w.org\/{rel}","templated":true}]}}