{"id":476,"date":"2025-03-24T18:55:25","date_gmt":"2025-03-24T18:55:25","guid":{"rendered":"https:\/\/arttao.org\/?page_id=476"},"modified":"2025-11-06T06:15:35","modified_gmt":"2025-11-06T06:15:35","slug":"problemas-relacionados-con-la-depresion","status":"publish","type":"page","link":"https:\/\/arttao.org\/es\/%e4%ba%8c-%e6%8a%91%e9%83%81%e7%9b%b8%e5%85%b3%e9%97%ae%e9%a2%98\/","title":{"rendered":"B. Curso de Problemas Relacionados con la Depresi\u00f3n"},"content":{"rendered":"<p class=\"\">&nbsp;&nbsp;<\/p>\n\n\n\n<p class=\"\">B<strong>Curso sobre problemas relacionados con la depresi\u00f3n<\/strong><\/p>\n\n\n\n<figure class=\"wp-block-image size-large is-resized\"><img loading=\"lazy\" decoding=\"async\" width=\"1024\" height=\"790\" src=\"https:\/\/arttao.org\/wp-content\/uploads\/2025\/05\/EaI\u00bcIo_601335131_AAAo\u00b5A\u00b7UEI\u00b7\u00b7\u00a2EUA\u00ae\u00b7CAEoO\u00b5EIOA22-1024x790.jpg\" alt=\"\" class=\"wp-image-2967\" style=\"width:61px;height:auto\" srcset=\"https:\/\/arttao.org\/wp-content\/uploads\/2025\/05\/EaI\u00bcIo_601335131_AAAo\u00b5A\u00b7UEI\u00b7\u00b7\u00a2EUA\u00ae\u00b7CAEoO\u00b5EIOA22-1024x790.jpg 1024w, https:\/\/arttao.org\/wp-content\/uploads\/2025\/05\/EaI\u00bcIo_601335131_AAAo\u00b5A\u00b7UEI\u00b7\u00b7\u00a2EUA\u00ae\u00b7CAEoO\u00b5EIOA22-300x231.jpg 300w, https:\/\/arttao.org\/wp-content\/uploads\/2025\/05\/EaI\u00bcIo_601335131_AAAo\u00b5A\u00b7UEI\u00b7\u00b7\u00a2EUA\u00ae\u00b7CAEoO\u00b5EIOA22-768x593.jpg 768w, https:\/\/arttao.org\/wp-content\/uploads\/2025\/05\/EaI\u00bcIo_601335131_AAAo\u00b5A\u00b7UEI\u00b7\u00b7\u00a2EUA\u00ae\u00b7CAEoO\u00b5EIOA22-1536x1185.jpg 1536w, https:\/\/arttao.org\/wp-content\/uploads\/2025\/05\/EaI\u00bcIo_601335131_AAAo\u00b5A\u00b7UEI\u00b7\u00b7\u00a2EUA\u00ae\u00b7CAEoO\u00b5EIOA22-2048x1580.jpg 2048w\" sizes=\"auto, (max-width: 1024px) 100vw, 1024px\" \/><\/figure>\n\n\n\n<p class=\"\"><a href=\"https:\/\/arttao.org\/es\/%e7%ac%ac%e4%b9%9d%e8%af%be%ef%bc%9a%e9%87%8d%e6%80%a7%e6%8a%91%e9%83%81%e9%9a%9c%e7%a2%8d%e8%af%be%e7%a8%8b%ef%bc%88%e7%ac%ac281%ef%bd%9e320%e8%af%be%ef%bc%89\/\" data-type=\"page\" data-id=\"12119\">Lecci\u00f3n nueve:<strong>Curso sobre Trastorno Depresivo Mayor<\/strong>(Lecciones 281-320)<\/a>)<\/p>\n\n\n\n<p class=\"has-small-font-size\">Este curso ayuda a identificar los s\u00edntomas t\u00edpicos de la depresi\u00f3n mayor, como el des\u00e1nimo persistente, la p\u00e9rdida de inter\u00e9s y la sensaci\u00f3n de inutilidad, y analiza sus mecanismos fisiol\u00f3gicos y psicol\u00f3gicos. Mediante la reestructuraci\u00f3n cognitiva, la activaci\u00f3n conductual y el entrenamiento para la adaptaci\u00f3n diaria, ayuda a las personas a reconstruir gradualmente sus ritmos diarios, superar la depresi\u00f3n emocional y recuperar la motivaci\u00f3n y la esperanza. &nbsp;<\/p>\n\n\n\n<figure class=\"wp-block-image size-large is-resized\"><img loading=\"lazy\" decoding=\"async\" width=\"1024\" height=\"790\" src=\"https:\/\/arttao.org\/wp-content\/uploads\/2025\/05\/EaI\u00bcIo_601335131_AAAo\u00b5A\u00b7UEI\u00b7\u00b7\u00a2EUA\u00ae\u00b7CAEoO\u00b5EIOA22-1024x790.jpg\" alt=\"\" class=\"wp-image-2967\" style=\"width:63px;height:auto\" srcset=\"https:\/\/arttao.org\/wp-content\/uploads\/2025\/05\/EaI\u00bcIo_601335131_AAAo\u00b5A\u00b7UEI\u00b7\u00b7\u00a2EUA\u00ae\u00b7CAEoO\u00b5EIOA22-1024x790.jpg 1024w, https:\/\/arttao.org\/wp-content\/uploads\/2025\/05\/EaI\u00bcIo_601335131_AAAo\u00b5A\u00b7UEI\u00b7\u00b7\u00a2EUA\u00ae\u00b7CAEoO\u00b5EIOA22-300x231.jpg 300w, https:\/\/arttao.org\/wp-content\/uploads\/2025\/05\/EaI\u00bcIo_601335131_AAAo\u00b5A\u00b7UEI\u00b7\u00b7\u00a2EUA\u00ae\u00b7CAEoO\u00b5EIOA22-768x593.jpg 768w, https:\/\/arttao.org\/wp-content\/uploads\/2025\/05\/EaI\u00bcIo_601335131_AAAo\u00b5A\u00b7UEI\u00b7\u00b7\u00a2EUA\u00ae\u00b7CAEoO\u00b5EIOA22-1536x1185.jpg 1536w, https:\/\/arttao.org\/wp-content\/uploads\/2025\/05\/EaI\u00bcIo_601335131_AAAo\u00b5A\u00b7UEI\u00b7\u00b7\u00a2EUA\u00ae\u00b7CAEoO\u00b5EIOA22-2048x1580.jpg 2048w\" sizes=\"auto, (max-width: 1024px) 100vw, 1024px\" \/><\/figure>\n\n\n\n<p class=\"\"><a href=\"https:\/\/arttao.org\/es\/%e7%ac%ac%e5%8d%81%e8%af%be%ef%bc%9a%e6%8c%81%e7%bb%ad%e6%80%a7%e6%8a%91%e9%83%81%e9%9a%9c%e7%a2%8d%e8%af%be%e7%a8%8b%ef%bc%88%e7%ac%ac321%ef%bd%9e360%e8%af%be%ef%bc%89\/\" data-type=\"page\" data-id=\"12122\">Lecci\u00f3n 10:<strong>Curso de Trastorno Depresivo Persistente<\/strong>(Lecciones 321-360)<\/a><\/p>\n\n\n\n<p class=\"has-small-font-size\"><strong>&nbsp;<\/strong>En respuesta a la depresi\u00f3n a largo plazo, la fatiga cr\u00f3nica y la ineficiencia funcional de la depresi\u00f3n persistente (distimia), este curso enfatiza la reparaci\u00f3n del ritmo, el autocuidado y las estrategias de suavizaci\u00f3n cognitiva para ayudar a las personas a identificar la angustia emocional cr\u00f3nica en un &quot;dolor aparentemente tranquilo&quot; y establecer caminos de regulaci\u00f3n diaria y apoyo emocional.<\/p>\n\n\n\n<figure class=\"wp-block-image size-large is-resized\"><img loading=\"lazy\" decoding=\"async\" width=\"1024\" height=\"790\" src=\"https:\/\/arttao.org\/wp-content\/uploads\/2025\/05\/EaI\u00bcIo_601335131_AAAo\u00b5A\u00b7UEI\u00b7\u00b7\u00a2EUA\u00ae\u00b7CAEoO\u00b5EIOA22-1024x790.jpg\" alt=\"\" class=\"wp-image-2967\" style=\"width:63px;height:auto\" srcset=\"https:\/\/arttao.org\/wp-content\/uploads\/2025\/05\/EaI\u00bcIo_601335131_AAAo\u00b5A\u00b7UEI\u00b7\u00b7\u00a2EUA\u00ae\u00b7CAEoO\u00b5EIOA22-1024x790.jpg 1024w, https:\/\/arttao.org\/wp-content\/uploads\/2025\/05\/EaI\u00bcIo_601335131_AAAo\u00b5A\u00b7UEI\u00b7\u00b7\u00a2EUA\u00ae\u00b7CAEoO\u00b5EIOA22-300x231.jpg 300w, https:\/\/arttao.org\/wp-content\/uploads\/2025\/05\/EaI\u00bcIo_601335131_AAAo\u00b5A\u00b7UEI\u00b7\u00b7\u00a2EUA\u00ae\u00b7CAEoO\u00b5EIOA22-768x593.jpg 768w, https:\/\/arttao.org\/wp-content\/uploads\/2025\/05\/EaI\u00bcIo_601335131_AAAo\u00b5A\u00b7UEI\u00b7\u00b7\u00a2EUA\u00ae\u00b7CAEoO\u00b5EIOA22-1536x1185.jpg 1536w, https:\/\/arttao.org\/wp-content\/uploads\/2025\/05\/EaI\u00bcIo_601335131_AAAo\u00b5A\u00b7UEI\u00b7\u00b7\u00a2EUA\u00ae\u00b7CAEoO\u00b5EIOA22-2048x1580.jpg 2048w\" sizes=\"auto, (max-width: 1024px) 100vw, 1024px\" \/><\/figure>\n\n\n\n<p class=\"\"><a href=\"https:\/\/arttao.org\/es\/%e7%ac%ac%e5%8d%81%e4%b8%80%e8%af%be%ef%bc%9a%e5%8f%8c%e7%9b%b8%e9%9a%9c%e7%a2%8d%e4%b8%ad%e7%9a%84%e6%8a%91%e9%83%81%e6%9c%9f%e8%af%be%e7%a8%8b%ef%bc%88%e7%ac%ac361%ef%bd%9e400%e8%af%be%ef%bc%89\/\" data-type=\"page\" data-id=\"12125\">Lecci\u00f3n 11:<strong>Curso sobre la fase depresiva del trastorno bipolar<\/strong>(Lecciones 361-400)<\/a><\/p>\n\n\n\n<p class=\"has-small-font-size\">Este curso se centra en la fase del episodio depresivo del trastorno bipolar, explicando sus diferencias con la depresi\u00f3n simple, los patrones de cambios de humor y las caracter\u00edsticas de la respuesta a la medicaci\u00f3n. Gu\u00eda a los participantes en la identificaci\u00f3n de caracter\u00edsticas mixtas, el establecimiento de un registro de autoobservaci\u00f3n y proporciona estrategias integrales de tratamiento para estabilizar el estado de \u00e1nimo, prevenir diagn\u00f3sticos err\u00f3neos y estandarizar la atenci\u00f3n.<\/p>\n\n\n\n<figure class=\"wp-block-image size-large is-resized\"><img loading=\"lazy\" decoding=\"async\" width=\"1024\" height=\"790\" src=\"https:\/\/arttao.org\/wp-content\/uploads\/2025\/05\/EaI\u00bcIo_601335131_AAAo\u00b5A\u00b7UEI\u00b7\u00b7\u00a2EUA\u00ae\u00b7CAEoO\u00b5EIOA22-1024x790.jpg\" alt=\"\" class=\"wp-image-2967\" style=\"width:65px;height:auto\" srcset=\"https:\/\/arttao.org\/wp-content\/uploads\/2025\/05\/EaI\u00bcIo_601335131_AAAo\u00b5A\u00b7UEI\u00b7\u00b7\u00a2EUA\u00ae\u00b7CAEoO\u00b5EIOA22-1024x790.jpg 1024w, https:\/\/arttao.org\/wp-content\/uploads\/2025\/05\/EaI\u00bcIo_601335131_AAAo\u00b5A\u00b7UEI\u00b7\u00b7\u00a2EUA\u00ae\u00b7CAEoO\u00b5EIOA22-300x231.jpg 300w, https:\/\/arttao.org\/wp-content\/uploads\/2025\/05\/EaI\u00bcIo_601335131_AAAo\u00b5A\u00b7UEI\u00b7\u00b7\u00a2EUA\u00ae\u00b7CAEoO\u00b5EIOA22-768x593.jpg 768w, https:\/\/arttao.org\/wp-content\/uploads\/2025\/05\/EaI\u00bcIo_601335131_AAAo\u00b5A\u00b7UEI\u00b7\u00b7\u00a2EUA\u00ae\u00b7CAEoO\u00b5EIOA22-1536x1185.jpg 1536w, https:\/\/arttao.org\/wp-content\/uploads\/2025\/05\/EaI\u00bcIo_601335131_AAAo\u00b5A\u00b7UEI\u00b7\u00b7\u00a2EUA\u00ae\u00b7CAEoO\u00b5EIOA22-2048x1580.jpg 2048w\" sizes=\"auto, (max-width: 1024px) 100vw, 1024px\" \/><\/figure>\n\n\n\n<p class=\"\"><a href=\"https:\/\/arttao.org\/es\/%e7%ac%ac%e5%8d%81%e4%ba%8c%e8%af%be%ef%bc%9a%e5%ad%a3%e8%8a%82%e6%80%a7%e6%83%85%e6%84%9f%e9%9a%9c%e7%a2%8d%e8%af%be%e7%a8%8b%ef%bc%88%e7%ac%ac401%ef%bd%9e440%e8%af%be%ef%bc%89\/\" data-type=\"page\" data-id=\"12128\">Lecci\u00f3n 12:<strong>Cursos sobre el trastorno afectivo estacional<\/strong>(Lecciones 401-440)<\/a><\/p>\n\n\n\n<p class=\"has-small-font-size\">El Trastorno Afectivo Estacional (TAE) suele presentarse en oto\u00f1o e invierno, manifest\u00e1ndose con bajo estado de \u00e1nimo, letargo y cambios en el apetito. Este curso explorar\u00e1 la relaci\u00f3n entre los biorritmos, la falta de luz solar y el estado de \u00e1nimo, combinando fototerapia, ajustes nutricionales y ejercicios de activaci\u00f3n emocional para ayudar a recuperar la resiliencia psicol\u00f3gica y la vitalidad interior durante estas estaciones.<\/p>\n\n\n\n<figure class=\"wp-block-image size-large is-resized\"><img loading=\"lazy\" decoding=\"async\" width=\"1024\" height=\"790\" src=\"https:\/\/arttao.org\/wp-content\/uploads\/2025\/05\/EaI\u00bcIo_601335131_AAAo\u00b5A\u00b7UEI\u00b7\u00b7\u00a2EUA\u00ae\u00b7CAEoO\u00b5EIOA22-1024x790.jpg\" alt=\"\" class=\"wp-image-2967\" style=\"width:64px;height:auto\" srcset=\"https:\/\/arttao.org\/wp-content\/uploads\/2025\/05\/EaI\u00bcIo_601335131_AAAo\u00b5A\u00b7UEI\u00b7\u00b7\u00a2EUA\u00ae\u00b7CAEoO\u00b5EIOA22-1024x790.jpg 1024w, https:\/\/arttao.org\/wp-content\/uploads\/2025\/05\/EaI\u00bcIo_601335131_AAAo\u00b5A\u00b7UEI\u00b7\u00b7\u00a2EUA\u00ae\u00b7CAEoO\u00b5EIOA22-300x231.jpg 300w, https:\/\/arttao.org\/wp-content\/uploads\/2025\/05\/EaI\u00bcIo_601335131_AAAo\u00b5A\u00b7UEI\u00b7\u00b7\u00a2EUA\u00ae\u00b7CAEoO\u00b5EIOA22-768x593.jpg 768w, https:\/\/arttao.org\/wp-content\/uploads\/2025\/05\/EaI\u00bcIo_601335131_AAAo\u00b5A\u00b7UEI\u00b7\u00b7\u00a2EUA\u00ae\u00b7CAEoO\u00b5EIOA22-1536x1185.jpg 1536w, https:\/\/arttao.org\/wp-content\/uploads\/2025\/05\/EaI\u00bcIo_601335131_AAAo\u00b5A\u00b7UEI\u00b7\u00b7\u00a2EUA\u00ae\u00b7CAEoO\u00b5EIOA22-2048x1580.jpg 2048w\" sizes=\"auto, (max-width: 1024px) 100vw, 1024px\" \/><\/figure>\n\n\n\n<p class=\"\"><a href=\"https:\/\/arttao.org\/es\/%e7%ac%ac%e5%8d%81%e4%b8%89%e8%af%be%ef%bc%9a%e6%83%85%e7%bb%aa%e5%a4%b1%e8%b0%83%e9%9a%9c%e7%a2%8d%e8%af%be%e7%a8%8b%ef%bc%88%e7%ac%ac441%ef%bd%9e480%e8%af%be%ef%bc%89\/\" data-type=\"page\" data-id=\"12130\">Lecci\u00f3n trece:<strong>Curso sobre trastornos del estado de \u00e1nimo<\/strong>(Lecciones 441-480)<\/a><\/p>\n\n\n\n<p class=\"has-small-font-size\">Los trastornos del estado de \u00e1nimo son comunes entre los adolescentes y se manifiestan como arrebatos de ira recurrentes, irritabilidad persistente y reacciones emocionales descontroladas. Este curso ayudar\u00e1 a identificar las se\u00f1ales de un arrebato emocional, capacitar\u00e1 a los estudiantes para crear una zona de calma, desarrollar\u00e1 gr\u00e1ficos de radar emocional y les brindar\u00e1 habilidades de comunicaci\u00f3n parental, fomentando una expresi\u00f3n emocional m\u00e1s segura y controlada en los adolescentes.<\/p>\n\n\n\n<figure class=\"wp-block-image size-large is-resized\"><img loading=\"lazy\" decoding=\"async\" width=\"1024\" height=\"790\" src=\"https:\/\/arttao.org\/wp-content\/uploads\/2025\/05\/EaI\u00bcIo_601335131_AAAo\u00b5A\u00b7UEI\u00b7\u00b7\u00a2EUA\u00ae\u00b7CAEoO\u00b5EIOA22-1024x790.jpg\" alt=\"\" class=\"wp-image-2967\" style=\"width:67px;height:auto\" srcset=\"https:\/\/arttao.org\/wp-content\/uploads\/2025\/05\/EaI\u00bcIo_601335131_AAAo\u00b5A\u00b7UEI\u00b7\u00b7\u00a2EUA\u00ae\u00b7CAEoO\u00b5EIOA22-1024x790.jpg 1024w, https:\/\/arttao.org\/wp-content\/uploads\/2025\/05\/EaI\u00bcIo_601335131_AAAo\u00b5A\u00b7UEI\u00b7\u00b7\u00a2EUA\u00ae\u00b7CAEoO\u00b5EIOA22-300x231.jpg 300w, https:\/\/arttao.org\/wp-content\/uploads\/2025\/05\/EaI\u00bcIo_601335131_AAAo\u00b5A\u00b7UEI\u00b7\u00b7\u00a2EUA\u00ae\u00b7CAEoO\u00b5EIOA22-768x593.jpg 768w, https:\/\/arttao.org\/wp-content\/uploads\/2025\/05\/EaI\u00bcIo_601335131_AAAo\u00b5A\u00b7UEI\u00b7\u00b7\u00a2EUA\u00ae\u00b7CAEoO\u00b5EIOA22-1536x1185.jpg 1536w, https:\/\/arttao.org\/wp-content\/uploads\/2025\/05\/EaI\u00bcIo_601335131_AAAo\u00b5A\u00b7UEI\u00b7\u00b7\u00a2EUA\u00ae\u00b7CAEoO\u00b5EIOA22-2048x1580.jpg 2048w\" sizes=\"auto, (max-width: 1024px) 100vw, 1024px\" \/><\/figure>\n\n\n\n<p class=\"\"><a href=\"https:\/\/arttao.org\/es\/%e7%ac%ac%e5%8d%81%e5%9b%9b%e8%af%be%ef%bc%9a%e6%8a%91%e9%83%81%e7%97%87%e5%90%8c%e6%97%b6%e6%80%a7%e7%84%a6%e8%99%91%e8%af%be%e7%a8%8b%ef%bc%88%e7%ac%ac481%ef%bd%9e520%e8%af%be%ef%bc%89\/\" data-type=\"page\" data-id=\"12132\">Lecci\u00f3n catorce:<strong>Curso sobre ansiedad y depresi\u00f3n simult\u00e1neas<\/strong>(Lecciones 481-520)<\/a><\/p>\n\n\n\n<p class=\"has-small-font-size\">La ansiedad y la depresi\u00f3n son trastornos com\u00f3rbidos comunes, pero que suelen pasar desapercibidos. Este curso ayuda a identificar el dilema psicol\u00f3gico de tensi\u00f3n y fatiga, ansiedad e impotencia, y ofrece capacitaci\u00f3n en separaci\u00f3n de pensamientos, gesti\u00f3n del ritmo y herramientas de ajuste bidireccional para que las personas puedan encontrar el equilibrio y la autoadaptaci\u00f3n en emociones complejas.<\/p>\n\n\n\n<figure class=\"wp-block-image size-large is-resized\"><img loading=\"lazy\" decoding=\"async\" width=\"1024\" height=\"790\" src=\"https:\/\/arttao.org\/wp-content\/uploads\/2025\/05\/EaI\u00bcIo_601335131_AAAo\u00b5A\u00b7UEI\u00b7\u00b7\u00a2EUA\u00ae\u00b7CAEoO\u00b5EIOA22-1024x790.jpg\" alt=\"\" class=\"wp-image-2967\" style=\"width:66px;height:auto\" srcset=\"https:\/\/arttao.org\/wp-content\/uploads\/2025\/05\/EaI\u00bcIo_601335131_AAAo\u00b5A\u00b7UEI\u00b7\u00b7\u00a2EUA\u00ae\u00b7CAEoO\u00b5EIOA22-1024x790.jpg 1024w, https:\/\/arttao.org\/wp-content\/uploads\/2025\/05\/EaI\u00bcIo_601335131_AAAo\u00b5A\u00b7UEI\u00b7\u00b7\u00a2EUA\u00ae\u00b7CAEoO\u00b5EIOA22-300x231.jpg 300w, https:\/\/arttao.org\/wp-content\/uploads\/2025\/05\/EaI\u00bcIo_601335131_AAAo\u00b5A\u00b7UEI\u00b7\u00b7\u00a2EUA\u00ae\u00b7CAEoO\u00b5EIOA22-768x593.jpg 768w, https:\/\/arttao.org\/wp-content\/uploads\/2025\/05\/EaI\u00bcIo_601335131_AAAo\u00b5A\u00b7UEI\u00b7\u00b7\u00a2EUA\u00ae\u00b7CAEoO\u00b5EIOA22-1536x1185.jpg 1536w, https:\/\/arttao.org\/wp-content\/uploads\/2025\/05\/EaI\u00bcIo_601335131_AAAo\u00b5A\u00b7UEI\u00b7\u00b7\u00a2EUA\u00ae\u00b7CAEoO\u00b5EIOA22-2048x1580.jpg 2048w\" sizes=\"auto, (max-width: 1024px) 100vw, 1024px\" \/><\/figure>\n\n\n\n<p class=\"\"><a href=\"https:\/\/arttao.org\/es\/%e7%ac%ac%e5%8d%81%e4%ba%94%e8%af%be%ef%bc%9a%e6%83%85%e7%bb%aa%e5%8f%8d%e5%ba%94%e6%80%a7%e6%8a%91%e9%83%81%e8%af%be%e7%a8%8b%ef%bc%88%e7%ac%ac521%ef%bd%9e560%e8%af%be%ef%bc%89\/\" data-type=\"page\" data-id=\"12134\">Lecci\u00f3n 15:<strong>Curso sobre depresi\u00f3n reactiva al estado de \u00e1nimo<\/strong>(Lecciones 521-560)<\/a>)<\/p>\n\n\n\n<p class=\"has-small-font-size\">Cuando incluso el m\u00e1s m\u00ednimo acontecimiento vital provoca un baj\u00f3n brusco de \u00e1nimo, es posible que est\u00e9s experimentando depresi\u00f3n reactiva. Este curso te ayuda a identificar los mecanismos que amplifican tus emociones, aclarando la cadena &quot;acontecimiento-creencia-emoci\u00f3n&quot;. Tambi\u00e9n te capacita para retrasar las reacciones, calmar tus emociones y desarrollar t\u00e9cnicas de autocontrol para crear una barrera psicol\u00f3gica.<\/p>\n\n\n\n<figure class=\"wp-block-image size-large is-resized\"><img loading=\"lazy\" decoding=\"async\" width=\"1024\" height=\"790\" src=\"https:\/\/arttao.org\/wp-content\/uploads\/2025\/05\/EaI\u00bcIo_601335131_AAAo\u00b5A\u00b7UEI\u00b7\u00b7\u00a2EUA\u00ae\u00b7CAEoO\u00b5EIOA22-1024x790.jpg\" alt=\"\" class=\"wp-image-2967\" style=\"width:68px;height:auto\" srcset=\"https:\/\/arttao.org\/wp-content\/uploads\/2025\/05\/EaI\u00bcIo_601335131_AAAo\u00b5A\u00b7UEI\u00b7\u00b7\u00a2EUA\u00ae\u00b7CAEoO\u00b5EIOA22-1024x790.jpg 1024w, https:\/\/arttao.org\/wp-content\/uploads\/2025\/05\/EaI\u00bcIo_601335131_AAAo\u00b5A\u00b7UEI\u00b7\u00b7\u00a2EUA\u00ae\u00b7CAEoO\u00b5EIOA22-300x231.jpg 300w, https:\/\/arttao.org\/wp-content\/uploads\/2025\/05\/EaI\u00bcIo_601335131_AAAo\u00b5A\u00b7UEI\u00b7\u00b7\u00a2EUA\u00ae\u00b7CAEoO\u00b5EIOA22-768x593.jpg 768w, https:\/\/arttao.org\/wp-content\/uploads\/2025\/05\/EaI\u00bcIo_601335131_AAAo\u00b5A\u00b7UEI\u00b7\u00b7\u00a2EUA\u00ae\u00b7CAEoO\u00b5EIOA22-1536x1185.jpg 1536w, https:\/\/arttao.org\/wp-content\/uploads\/2025\/05\/EaI\u00bcIo_601335131_AAAo\u00b5A\u00b7UEI\u00b7\u00b7\u00a2EUA\u00ae\u00b7CAEoO\u00b5EIOA22-2048x1580.jpg 2048w\" sizes=\"auto, (max-width: 1024px) 100vw, 1024px\" \/><\/figure>\n\n\n\n<p class=\"\"><a href=\"https:\/\/arttao.org\/es\/%e7%ac%ac%e5%8d%81%e5%85%ad%e8%af%be%ef%bc%9a%e6%83%85%e7%bb%aa%e5%9b%a0%e5%ba%94%e9%9a%9c%e7%a2%8d%e8%af%be%e7%a8%8b%ef%bc%88%e7%ac%ac561%ef%bd%9e600%e8%af%be%ef%bc%89\/\" data-type=\"page\" data-id=\"12137\">Lecci\u00f3n diecis\u00e9is:<strong>Curso sobre el trastorno de afrontamiento emocional<\/strong>(Lecciones 561-600)<\/a><\/p>\n\n\n\n<p class=\"has-small-font-size\">Sentirse abrumado, deprimido persistentemente e incapaz de recuperarse al adaptarse a los cambios de la vida puede indicar un trastorno de afrontamiento emocional. Este curso gu\u00eda a las personas a identificar la conexi\u00f3n entre las reacciones emocionales y los eventos de la vida real, brind\u00e1ndoles expresi\u00f3n segura, integraci\u00f3n de significados y planes de recuperaci\u00f3n para ayudarles a reconstruir su estabilidad interior y resiliencia tras el impacto del evento.<\/p>\n\n\n\n<figure class=\"wp-block-image size-large is-resized\"><img loading=\"lazy\" decoding=\"async\" width=\"1024\" height=\"790\" src=\"https:\/\/arttao.org\/wp-content\/uploads\/2025\/05\/EaI\u00bcIo_601335131_AAAo\u00b5A\u00b7UEI\u00b7\u00b7\u00a2EUA\u00ae\u00b7CAEoO\u00b5EIOA22-1024x790.jpg\" alt=\"\" class=\"wp-image-2967\" style=\"width:67px;height:auto\" srcset=\"https:\/\/arttao.org\/wp-content\/uploads\/2025\/05\/EaI\u00bcIo_601335131_AAAo\u00b5A\u00b7UEI\u00b7\u00b7\u00a2EUA\u00ae\u00b7CAEoO\u00b5EIOA22-1024x790.jpg 1024w, https:\/\/arttao.org\/wp-content\/uploads\/2025\/05\/EaI\u00bcIo_601335131_AAAo\u00b5A\u00b7UEI\u00b7\u00b7\u00a2EUA\u00ae\u00b7CAEoO\u00b5EIOA22-300x231.jpg 300w, https:\/\/arttao.org\/wp-content\/uploads\/2025\/05\/EaI\u00bcIo_601335131_AAAo\u00b5A\u00b7UEI\u00b7\u00b7\u00a2EUA\u00ae\u00b7CAEoO\u00b5EIOA22-768x593.jpg 768w, https:\/\/arttao.org\/wp-content\/uploads\/2025\/05\/EaI\u00bcIo_601335131_AAAo\u00b5A\u00b7UEI\u00b7\u00b7\u00a2EUA\u00ae\u00b7CAEoO\u00b5EIOA22-1536x1185.jpg 1536w, https:\/\/arttao.org\/wp-content\/uploads\/2025\/05\/EaI\u00bcIo_601335131_AAAo\u00b5A\u00b7UEI\u00b7\u00b7\u00a2EUA\u00ae\u00b7CAEoO\u00b5EIOA22-2048x1580.jpg 2048w\" sizes=\"auto, (max-width: 1024px) 100vw, 1024px\" \/><\/figure>\n\n\n\n<p class=\"\"><a href=\"https:\/\/arttao.org\/es\/%e7%ac%ac%e5%8d%81%e4%b8%83%e8%af%be%ef%bc%9a%e8%8d%af%e7%89%a9%e6%88%96%e7%89%a9%e8%b4%a8%e5%bc%95%e5%8f%91%e7%9a%84%e6%8a%91%e9%83%81%e7%97%87%e8%af%be%e7%a8%8b%ef%bc%88%e7%ac%ac601%ef%bd%9e640\/\" data-type=\"page\" data-id=\"12139\">Lecci\u00f3n diecisiete:<strong>Curso sobre la depresi\u00f3n inducida por drogas o sustancias<\/strong>(Lecciones 601-640)<\/a><\/p>\n\n\n\n<p class=\"has-small-font-size\">Los efectos secundarios de los medicamentos, el consumo de sustancias o la abstinencia pueden desencadenar s\u00edntomas depresivos. Este curso ayuda a identificar la depresi\u00f3n inducida por f\u00e1rmacos y el ciclo de la adicci\u00f3n, analiza las v\u00edas neurol\u00f3gicas afectadas y proporciona un plan de recuperaci\u00f3n mente-cuerpo, t\u00e9cnicas de apoyo emocional y m\u00e9todos de ajuste psicol\u00f3gico para la abstinencia que ayudan a restablecer el equilibrio emocional.<\/p>\n\n\n\n<figure class=\"wp-block-image size-large is-resized\"><img loading=\"lazy\" decoding=\"async\" width=\"1024\" height=\"790\" src=\"https:\/\/arttao.org\/wp-content\/uploads\/2025\/05\/EaI\u00bcIo_601335131_AAAo\u00b5A\u00b7UEI\u00b7\u00b7\u00a2EUA\u00ae\u00b7CAEoO\u00b5EIOA22-1024x790.jpg\" alt=\"\" class=\"wp-image-2967\" style=\"width:68px;height:auto\" srcset=\"https:\/\/arttao.org\/wp-content\/uploads\/2025\/05\/EaI\u00bcIo_601335131_AAAo\u00b5A\u00b7UEI\u00b7\u00b7\u00a2EUA\u00ae\u00b7CAEoO\u00b5EIOA22-1024x790.jpg 1024w, https:\/\/arttao.org\/wp-content\/uploads\/2025\/05\/EaI\u00bcIo_601335131_AAAo\u00b5A\u00b7UEI\u00b7\u00b7\u00a2EUA\u00ae\u00b7CAEoO\u00b5EIOA22-300x231.jpg 300w, https:\/\/arttao.org\/wp-content\/uploads\/2025\/05\/EaI\u00bcIo_601335131_AAAo\u00b5A\u00b7UEI\u00b7\u00b7\u00a2EUA\u00ae\u00b7CAEoO\u00b5EIOA22-768x593.jpg 768w, https:\/\/arttao.org\/wp-content\/uploads\/2025\/05\/EaI\u00bcIo_601335131_AAAo\u00b5A\u00b7UEI\u00b7\u00b7\u00a2EUA\u00ae\u00b7CAEoO\u00b5EIOA22-1536x1185.jpg 1536w, https:\/\/arttao.org\/wp-content\/uploads\/2025\/05\/EaI\u00bcIo_601335131_AAAo\u00b5A\u00b7UEI\u00b7\u00b7\u00a2EUA\u00ae\u00b7CAEoO\u00b5EIOA22-2048x1580.jpg 2048w\" sizes=\"auto, (max-width: 1024px) 100vw, 1024px\" \/><\/figure>\n\n\n\n<p class=\"\"><a href=\"https:\/\/arttao.org\/es\/%e7%ac%ac%e5%8d%81%e5%85%ab%e8%af%be%ef%bc%9a%e8%80%81%e5%b9%b4%e6%9c%9f%e6%8a%91%e9%83%81-%e8%ae%a4%e7%9f%a5%e8%a1%b0%e9%80%80%e5%9e%8b%e6%8a%91%e9%83%81%e8%af%be%e7%a8%8b%ef%bc%88%e7%ac%ac641\/\" data-type=\"page\" data-id=\"12141\">Lecci\u00f3n 18:<strong>Curso sobre la depresi\u00f3n en la vejez\/deterioro cognitivo<\/strong>(Lecciones 641-680)<\/a><\/p>\n\n\n\n<p class=\"has-small-font-size\">Este curso se centra en las manifestaciones \u00fanicas de la depresi\u00f3n y el deterioro cognitivo en adultos mayores, que a menudo se manifiestan como silencio, p\u00e9rdida de inter\u00e9s y lentitud en las respuestas. Orientar\u00e1 a familiares y personas a identificar los s\u00edntomas, establecer anclajes r\u00edtmicos y realizar ejercicios de despertar cognitivo. Tambi\u00e9n proporcionar\u00e1 conexi\u00f3n interpersonal y m\u00e9todos de reparaci\u00f3n emocional para apoyar la recuperaci\u00f3n f\u00edsica y mental.<\/p>","protected":false},"excerpt":{"rendered":"<p>&nbsp;&nbsp; B. \u6291\u90c1\u76f8\u5173\u95ee\u9898 \u8bfe\u7a0b \u7b2c\u4e5d\u8bfe\uff1a\u91cd\u6027\u6291\u90c1\u969c\u788d\u8bfe\u7a0b\uff08\u7b2c281\uff5e320\u8bfe\uff09\uff09 \u672c\u8bfe\u7a0b\u5e2e [&hellip;]<\/p>\n","protected":false},"author":1,"featured_media":0,"parent":0,"menu_order":0,"comment_status":"closed","ping_status":"closed","template":"","meta":{"nf_dc_page":"","om_disable_all_campaigns":false,"_monsterinsights_skip_tracking":false,"_monsterinsights_sitenote_active":false,"_monsterinsights_sitenote_note":"","_monsterinsights_sitenote_category":0,"footnotes":""},"class_list":["post-476","page","type-page","status-publish","hentry"],"_links":{"self":[{"href":"https:\/\/arttao.org\/es\/wp-json\/wp\/v2\/pages\/476","targetHints":{"allow":["GET"]}}],"collection":[{"href":"https:\/\/arttao.org\/es\/wp-json\/wp\/v2\/pages"}],"about":[{"href":"https:\/\/arttao.org\/es\/wp-json\/wp\/v2\/types\/page"}],"author":[{"embeddable":true,"href":"https:\/\/arttao.org\/es\/wp-json\/wp\/v2\/users\/1"}],"replies":[{"embeddable":true,"href":"https:\/\/arttao.org\/es\/wp-json\/wp\/v2\/comments?post=476"}],"version-history":[{"count":20,"href":"https:\/\/arttao.org\/es\/wp-json\/wp\/v2\/pages\/476\/revisions"}],"predecessor-version":[{"id":12143,"href":"https:\/\/arttao.org\/es\/wp-json\/wp\/v2\/pages\/476\/revisions\/12143"}],"wp:attachment":[{"href":"https:\/\/arttao.org\/es\/wp-json\/wp\/v2\/media?parent=476"}],"curies":[{"name":"gracias","href":"https:\/\/api.w.org\/{rel}","templated":true}]}}