{"id":481,"date":"2025-03-24T19:01:04","date_gmt":"2025-03-24T19:01:04","guid":{"rendered":"https:\/\/arttao.org\/?page_id=481"},"modified":"2025-11-22T21:46:43","modified_gmt":"2025-11-22T21:46:43","slug":"problemas-obsesivo-compulsivos-e-impulsivos","status":"publish","type":"page","link":"https:\/\/arttao.org\/es\/%e5%bc%ba%e8%bf%ab%e4%b8%8e%e5%86%b2%e5%8a%a8%e9%97%ae%e9%a2%98%ef%bc%88obsessive-compulsive-and-impulse-issues%ef%bc%89\/","title":{"rendered":"C. Problemas compulsivos e impulsivos - Curso"},"content":{"rendered":"<p class=\"\"><\/p>\n\n\n\n<p class=\"\"><strong>C. Problemas compulsivos e impulsivos<\/strong><\/p>\n\n\n\n<figure class=\"wp-block-image size-large is-resized\"><img loading=\"lazy\" decoding=\"async\" width=\"1024\" height=\"760\" src=\"https:\/\/arttao.org\/wp-content\/uploads\/2025\/05\/EaI\u00bcIo_402502795_\u00beOAA\u00b3AO\u00b7UEI\u00b7\u00b7\u00a2\u00b5A\u00bf\u00a8I\u00a8A\u00aeo\u00a2\u00b7CAEoO\u00b5EIOA22-1024x760.jpg\" alt=\"\" class=\"wp-image-2966\" style=\"width:62px;height:auto\" srcset=\"https:\/\/arttao.org\/wp-content\/uploads\/2025\/05\/EaI\u00bcIo_402502795_\u00beOAA\u00b3AO\u00b7UEI\u00b7\u00b7\u00a2\u00b5A\u00bf\u00a8I\u00a8A\u00aeo\u00a2\u00b7CAEoO\u00b5EIOA22-1024x760.jpg 1024w, https:\/\/arttao.org\/wp-content\/uploads\/2025\/05\/EaI\u00bcIo_402502795_\u00beOAA\u00b3AO\u00b7UEI\u00b7\u00b7\u00a2\u00b5A\u00bf\u00a8I\u00a8A\u00aeo\u00a2\u00b7CAEoO\u00b5EIOA22-300x223.jpg 300w, https:\/\/arttao.org\/wp-content\/uploads\/2025\/05\/EaI\u00bcIo_402502795_\u00beOAA\u00b3AO\u00b7UEI\u00b7\u00b7\u00a2\u00b5A\u00bf\u00a8I\u00a8A\u00aeo\u00a2\u00b7CAEoO\u00b5EIOA22-768x570.jpg 768w, https:\/\/arttao.org\/wp-content\/uploads\/2025\/05\/EaI\u00bcIo_402502795_\u00beOAA\u00b3AO\u00b7UEI\u00b7\u00b7\u00a2\u00b5A\u00bf\u00a8I\u00a8A\u00aeo\u00a2\u00b7CAEoO\u00b5EIOA22-1536x1140.jpg 1536w, https:\/\/arttao.org\/wp-content\/uploads\/2025\/05\/EaI\u00bcIo_402502795_\u00beOAA\u00b3AO\u00b7UEI\u00b7\u00b7\u00a2\u00b5A\u00bf\u00a8I\u00a8A\u00aeo\u00a2\u00b7CAEoO\u00b5EIOA22-2048x1520.jpg 2048w\" sizes=\"auto, (max-width: 1024px) 100vw, 1024px\" \/><\/figure>\n\n\n\n<p class=\"\"><a href=\"https:\/\/arttao.org\/es\/leccion-19-trastorno-obsesivo-compulsivo-e-impulsividad-lecciones-681-720\/\" data-type=\"page\" data-id=\"12292\">Lecci\u00f3n 19: Trastorno obsesivo-compulsivo e impulsividad (Lecciones 681-720)<\/a><\/p>\n\n\n\n<p class=\"has-small-font-size\">El trastorno obsesivo-compulsivo (TOC) es un trastorno mental caracterizado por cogniciones y conductas obsesivo-compulsivas recurrentes. Los pacientes suelen reconocer que estos pensamientos o conductas son irracionales, pero les cuesta controlarlos. Esto provoca un empeoramiento de la ansiedad, la percepci\u00f3n del tiempo y el desarrollo funcional, lo que requiere intervenci\u00f3n conductual y terapia cognitiva.<\/p>\n\n\n\n<figure class=\"wp-block-image size-large is-resized\"><img loading=\"lazy\" decoding=\"async\" width=\"1024\" height=\"760\" src=\"https:\/\/arttao.org\/wp-content\/uploads\/2025\/05\/EaI\u00bcIo_402502795_\u00beOAA\u00b3AO\u00b7UEI\u00b7\u00b7\u00a2\u00b5A\u00bf\u00a8I\u00a8A\u00aeo\u00a2\u00b7CAEoO\u00b5EIOA22-1024x760.jpg\" alt=\"\" class=\"wp-image-2966\" style=\"width:64px;height:auto\" srcset=\"https:\/\/arttao.org\/wp-content\/uploads\/2025\/05\/EaI\u00bcIo_402502795_\u00beOAA\u00b3AO\u00b7UEI\u00b7\u00b7\u00a2\u00b5A\u00bf\u00a8I\u00a8A\u00aeo\u00a2\u00b7CAEoO\u00b5EIOA22-1024x760.jpg 1024w, https:\/\/arttao.org\/wp-content\/uploads\/2025\/05\/EaI\u00bcIo_402502795_\u00beOAA\u00b3AO\u00b7UEI\u00b7\u00b7\u00a2\u00b5A\u00bf\u00a8I\u00a8A\u00aeo\u00a2\u00b7CAEoO\u00b5EIOA22-300x223.jpg 300w, https:\/\/arttao.org\/wp-content\/uploads\/2025\/05\/EaI\u00bcIo_402502795_\u00beOAA\u00b3AO\u00b7UEI\u00b7\u00b7\u00a2\u00b5A\u00bf\u00a8I\u00a8A\u00aeo\u00a2\u00b7CAEoO\u00b5EIOA22-768x570.jpg 768w, https:\/\/arttao.org\/wp-content\/uploads\/2025\/05\/EaI\u00bcIo_402502795_\u00beOAA\u00b3AO\u00b7UEI\u00b7\u00b7\u00a2\u00b5A\u00bf\u00a8I\u00a8A\u00aeo\u00a2\u00b7CAEoO\u00b5EIOA22-1536x1140.jpg 1536w, https:\/\/arttao.org\/wp-content\/uploads\/2025\/05\/EaI\u00bcIo_402502795_\u00beOAA\u00b3AO\u00b7UEI\u00b7\u00b7\u00a2\u00b5A\u00bf\u00a8I\u00a8A\u00aeo\u00a2\u00b7CAEoO\u00b5EIOA22-2048x1520.jpg 2048w\" sizes=\"auto, (max-width: 1024px) 100vw, 1024px\" \/><\/figure>\n\n\n\n<p class=\"\"><a href=\"https:\/\/arttao.org\/es\/leccion-20-trastornos-de-excentricidad-corporal-lecciones-701-740\/\" data-type=\"page\" data-id=\"12295\">Lecci\u00f3n 20: Trastornos de la morfolog\u00eda corporal (Lecciones 721-760)<\/a><strong> <\/strong><\/p>\n\n\n\n<p class=\"has-small-font-size\"><strong>&nbsp;<\/strong>La dismorfia corporal se caracteriza por la preocupaci\u00f3n y negaci\u00f3n excesivas de una persona sobre su propia apariencia, pudiendo incluso creerse &quot;fea&quot; aunque se considere normal. Suelen reflexionar sobre s\u00ed mismas, revisarse constantemente, ocultarse, evitar socializar y otros comportamientos que afectan gravemente su autoestima y a sus parejas.<\/p>\n\n\n\n<figure class=\"wp-block-image size-large is-resized\"><img loading=\"lazy\" decoding=\"async\" width=\"1024\" height=\"760\" src=\"https:\/\/arttao.org\/wp-content\/uploads\/2025\/05\/EaI\u00bcIo_402502795_\u00beOAA\u00b3AO\u00b7UEI\u00b7\u00b7\u00a2\u00b5A\u00bf\u00a8I\u00a8A\u00aeo\u00a2\u00b7CAEoO\u00b5EIOA22-1024x760.jpg\" alt=\"\" class=\"wp-image-2966\" style=\"width:62px;height:auto\" srcset=\"https:\/\/arttao.org\/wp-content\/uploads\/2025\/05\/EaI\u00bcIo_402502795_\u00beOAA\u00b3AO\u00b7UEI\u00b7\u00b7\u00a2\u00b5A\u00bf\u00a8I\u00a8A\u00aeo\u00a2\u00b7CAEoO\u00b5EIOA22-1024x760.jpg 1024w, https:\/\/arttao.org\/wp-content\/uploads\/2025\/05\/EaI\u00bcIo_402502795_\u00beOAA\u00b3AO\u00b7UEI\u00b7\u00b7\u00a2\u00b5A\u00bf\u00a8I\u00a8A\u00aeo\u00a2\u00b7CAEoO\u00b5EIOA22-300x223.jpg 300w, https:\/\/arttao.org\/wp-content\/uploads\/2025\/05\/EaI\u00bcIo_402502795_\u00beOAA\u00b3AO\u00b7UEI\u00b7\u00b7\u00a2\u00b5A\u00bf\u00a8I\u00a8A\u00aeo\u00a2\u00b7CAEoO\u00b5EIOA22-768x570.jpg 768w, https:\/\/arttao.org\/wp-content\/uploads\/2025\/05\/EaI\u00bcIo_402502795_\u00beOAA\u00b3AO\u00b7UEI\u00b7\u00b7\u00a2\u00b5A\u00bf\u00a8I\u00a8A\u00aeo\u00a2\u00b7CAEoO\u00b5EIOA22-1536x1140.jpg 1536w, https:\/\/arttao.org\/wp-content\/uploads\/2025\/05\/EaI\u00bcIo_402502795_\u00beOAA\u00b3AO\u00b7UEI\u00b7\u00b7\u00a2\u00b5A\u00bf\u00a8I\u00a8A\u00aeo\u00a2\u00b7CAEoO\u00b5EIOA22-2048x1520.jpg 2048w\" sizes=\"auto, (max-width: 1024px) 100vw, 1024px\" \/><\/figure>\n\n\n\n<p class=\"\"><a href=\"https:\/\/arttao.org\/es\/leccion-21-obstaculos-para-el-acaparamiento-lecciones-741-780\/\" data-type=\"page\" data-id=\"12298\">Lecci\u00f3n 21: Obst\u00e1culos del acaparamiento (Lecciones 761-800)<\/a><strong>&nbsp;<\/strong><\/p>\n\n\n\n<p class=\"has-small-font-size\">El acaparamiento es un trastorno psicol\u00f3gico y conductual com\u00fan que se caracteriza por la acumulaci\u00f3n de objetos, la dificultad para desecharlos y una sensaci\u00f3n de seguridad en un espacio ca\u00f3tico. Los pacientes suelen otorgar un significado emocional especial a los objetos y se preocupan por las consecuencias de perderlos. El acaparamiento suele causar conflictos familiares y perturbar la vida cotidiana.<\/p>\n\n\n\n<figure class=\"wp-block-image size-large is-resized\"><img loading=\"lazy\" decoding=\"async\" width=\"1024\" height=\"760\" src=\"https:\/\/arttao.org\/wp-content\/uploads\/2025\/05\/EaI\u00bcIo_402502795_\u00beOAA\u00b3AO\u00b7UEI\u00b7\u00b7\u00a2\u00b5A\u00bf\u00a8I\u00a8A\u00aeo\u00a2\u00b7CAEoO\u00b5EIOA22-1024x760.jpg\" alt=\"\" class=\"wp-image-2966\" style=\"width:64px;height:auto\" srcset=\"https:\/\/arttao.org\/wp-content\/uploads\/2025\/05\/EaI\u00bcIo_402502795_\u00beOAA\u00b3AO\u00b7UEI\u00b7\u00b7\u00a2\u00b5A\u00bf\u00a8I\u00a8A\u00aeo\u00a2\u00b7CAEoO\u00b5EIOA22-1024x760.jpg 1024w, https:\/\/arttao.org\/wp-content\/uploads\/2025\/05\/EaI\u00bcIo_402502795_\u00beOAA\u00b3AO\u00b7UEI\u00b7\u00b7\u00a2\u00b5A\u00bf\u00a8I\u00a8A\u00aeo\u00a2\u00b7CAEoO\u00b5EIOA22-300x223.jpg 300w, https:\/\/arttao.org\/wp-content\/uploads\/2025\/05\/EaI\u00bcIo_402502795_\u00beOAA\u00b3AO\u00b7UEI\u00b7\u00b7\u00a2\u00b5A\u00bf\u00a8I\u00a8A\u00aeo\u00a2\u00b7CAEoO\u00b5EIOA22-768x570.jpg 768w, https:\/\/arttao.org\/wp-content\/uploads\/2025\/05\/EaI\u00bcIo_402502795_\u00beOAA\u00b3AO\u00b7UEI\u00b7\u00b7\u00a2\u00b5A\u00bf\u00a8I\u00a8A\u00aeo\u00a2\u00b7CAEoO\u00b5EIOA22-1536x1140.jpg 1536w, https:\/\/arttao.org\/wp-content\/uploads\/2025\/05\/EaI\u00bcIo_402502795_\u00beOAA\u00b3AO\u00b7UEI\u00b7\u00b7\u00a2\u00b5A\u00bf\u00a8I\u00a8A\u00aeo\u00a2\u00b7CAEoO\u00b5EIOA22-2048x1520.jpg 2048w\" sizes=\"auto, (max-width: 1024px) 100vw, 1024px\" \/><\/figure>\n\n\n\n<p class=\"\"><a href=\"https:\/\/arttao.org\/es\/leccion-22-tricotilomania-lecciones-781-820\/\" data-type=\"page\" data-id=\"12300\">Lecci\u00f3n 22: Tricotiloman\u00eda (Lecciones 801-830)<\/a><strong>\u00a0<\/strong><\/p>\n\n\n\n<p class=\"has-small-font-size\">Este es un trastorno com\u00fan en el que los pacientes se arrancan repetidamente el cabello, las cejas o la cabeza para aliviar la tensi\u00f3n, pero tambi\u00e9n puede estar acompa\u00f1ado de verg\u00fcenza o culpa. Los s\u00edntomas suelen estar relacionados con el estr\u00e9s y requieren una combinaci\u00f3n de entrenamiento conductual y terapia emocional.<\/p>\n\n\n\n<figure class=\"wp-block-image size-large is-resized\"><img loading=\"lazy\" decoding=\"async\" width=\"1024\" height=\"760\" src=\"https:\/\/arttao.org\/wp-content\/uploads\/2025\/05\/EaI\u00bcIo_402502795_\u00beOAA\u00b3AO\u00b7UEI\u00b7\u00b7\u00a2\u00b5A\u00bf\u00a8I\u00a8A\u00aeo\u00a2\u00b7CAEoO\u00b5EIOA22-1024x760.jpg\" alt=\"\" class=\"wp-image-2966\" style=\"width:63px;height:auto\" srcset=\"https:\/\/arttao.org\/wp-content\/uploads\/2025\/05\/EaI\u00bcIo_402502795_\u00beOAA\u00b3AO\u00b7UEI\u00b7\u00b7\u00a2\u00b5A\u00bf\u00a8I\u00a8A\u00aeo\u00a2\u00b7CAEoO\u00b5EIOA22-1024x760.jpg 1024w, https:\/\/arttao.org\/wp-content\/uploads\/2025\/05\/EaI\u00bcIo_402502795_\u00beOAA\u00b3AO\u00b7UEI\u00b7\u00b7\u00a2\u00b5A\u00bf\u00a8I\u00a8A\u00aeo\u00a2\u00b7CAEoO\u00b5EIOA22-300x223.jpg 300w, https:\/\/arttao.org\/wp-content\/uploads\/2025\/05\/EaI\u00bcIo_402502795_\u00beOAA\u00b3AO\u00b7UEI\u00b7\u00b7\u00a2\u00b5A\u00bf\u00a8I\u00a8A\u00aeo\u00a2\u00b7CAEoO\u00b5EIOA22-768x570.jpg 768w, https:\/\/arttao.org\/wp-content\/uploads\/2025\/05\/EaI\u00bcIo_402502795_\u00beOAA\u00b3AO\u00b7UEI\u00b7\u00b7\u00a2\u00b5A\u00bf\u00a8I\u00a8A\u00aeo\u00a2\u00b7CAEoO\u00b5EIOA22-1536x1140.jpg 1536w, https:\/\/arttao.org\/wp-content\/uploads\/2025\/05\/EaI\u00bcIo_402502795_\u00beOAA\u00b3AO\u00b7UEI\u00b7\u00b7\u00a2\u00b5A\u00bf\u00a8I\u00a8A\u00aeo\u00a2\u00b7CAEoO\u00b5EIOA22-2048x1520.jpg 2048w\" sizes=\"auto, (max-width: 1024px) 100vw, 1024px\" \/><\/figure>\n\n\n\n<p class=\"\"><a href=\"https:\/\/arttao.org\/es\/leccion-23-sindrome-de-descamacion-de-la-piel-lecciones-821-840\/\" data-type=\"page\" data-id=\"12303\">Lecci\u00f3n 23: S\u00edndrome de descamaci\u00f3n de la piel (Lecciones 831-860)<\/a><\/p>\n\n\n\n<p class=\"has-small-font-size\">La dermatosquisis es un trastorno del comportamiento en el que los pacientes se rascan o pellizcan la piel repetidamente, a menudo para aliviar la ansiedad o experimentar una breve sensaci\u00f3n de placer. Este comportamiento puede provocar cicatrices ocultas y suele estar asociado a trastornos subyacentes de la regulaci\u00f3n emocional y el autocontrol.<\/p>\n\n\n\n<figure class=\"wp-block-image size-large is-resized\"><img loading=\"lazy\" decoding=\"async\" width=\"1024\" height=\"760\" src=\"https:\/\/arttao.org\/wp-content\/uploads\/2025\/05\/EaI\u00bcIo_402502795_\u00beOAA\u00b3AO\u00b7UEI\u00b7\u00b7\u00a2\u00b5A\u00bf\u00a8I\u00a8A\u00aeo\u00a2\u00b7CAEoO\u00b5EIOA22-1024x760.jpg\" alt=\"\" class=\"wp-image-2966\" style=\"width:63px;height:auto\" srcset=\"https:\/\/arttao.org\/wp-content\/uploads\/2025\/05\/EaI\u00bcIo_402502795_\u00beOAA\u00b3AO\u00b7UEI\u00b7\u00b7\u00a2\u00b5A\u00bf\u00a8I\u00a8A\u00aeo\u00a2\u00b7CAEoO\u00b5EIOA22-1024x760.jpg 1024w, https:\/\/arttao.org\/wp-content\/uploads\/2025\/05\/EaI\u00bcIo_402502795_\u00beOAA\u00b3AO\u00b7UEI\u00b7\u00b7\u00a2\u00b5A\u00bf\u00a8I\u00a8A\u00aeo\u00a2\u00b7CAEoO\u00b5EIOA22-300x223.jpg 300w, https:\/\/arttao.org\/wp-content\/uploads\/2025\/05\/EaI\u00bcIo_402502795_\u00beOAA\u00b3AO\u00b7UEI\u00b7\u00b7\u00a2\u00b5A\u00bf\u00a8I\u00a8A\u00aeo\u00a2\u00b7CAEoO\u00b5EIOA22-768x570.jpg 768w, https:\/\/arttao.org\/wp-content\/uploads\/2025\/05\/EaI\u00bcIo_402502795_\u00beOAA\u00b3AO\u00b7UEI\u00b7\u00b7\u00a2\u00b5A\u00bf\u00a8I\u00a8A\u00aeo\u00a2\u00b7CAEoO\u00b5EIOA22-1536x1140.jpg 1536w, https:\/\/arttao.org\/wp-content\/uploads\/2025\/05\/EaI\u00bcIo_402502795_\u00beOAA\u00b3AO\u00b7UEI\u00b7\u00b7\u00a2\u00b5A\u00bf\u00a8I\u00a8A\u00aeo\u00a2\u00b7CAEoO\u00b5EIOA22-2048x1520.jpg 2048w\" sizes=\"auto, (max-width: 1024px) 100vw, 1024px\" \/><\/figure>\n\n\n\n<p class=\"\"><a href=\"https:\/\/arttao.org\/es\/leccion-24-trastornos-del-control-de-los-impulsos-lecciones-841-880\/\" data-type=\"page\" data-id=\"12305\">Lecci\u00f3n 24: Trastornos del control de impulsos (Lecciones 861-900)<\/a><\/p>\n\n\n\n<p class=\"has-small-font-size\">El discontrol es un tipo de trastorno del comportamiento que puede incluir la incapacidad de resistir impactos, acciones intensas y recordatorios subsiguientes. Esto puede manifestarse como arrebatos de ira, comportamientos destructivos o exceso de comida, a menudo impulsados por desequilibrios emocionales y cognitivos.<\/p>","protected":false},"excerpt":{"rendered":"<p>C. \u5f3a\u8feb\u4e0e\u51b2\u52a8\u95ee\u9898 \u7b2c\u5341\u4e5d\u8bfe\uff1a\u5f3a\u8feb\u75c7\u4e0e\u51b2\u52a8\u95ee\u9898\uff08\u7b2c681\uff5e720\u8bfe\uff09 \u5f3a\u8feb\u75c7\u662f\u4e00\u79cd\u4ee5\u53cd\u590d\u51fa\u73b0\u7684\u5f3a\u8feb\u8ba4\u77e5\u548c\u5f3a\u8feb [&hellip;]<\/p>\n","protected":false},"author":1,"featured_media":0,"parent":0,"menu_order":0,"comment_status":"closed","ping_status":"closed","template":"","meta":{"nf_dc_page":"","om_disable_all_campaigns":false,"_monsterinsights_skip_tracking":false,"_monsterinsights_sitenote_active":false,"_monsterinsights_sitenote_note":"","_monsterinsights_sitenote_category":0,"footnotes":""},"class_list":["post-481","page","type-page","status-publish","hentry"],"_links":{"self":[{"href":"https:\/\/arttao.org\/es\/wp-json\/wp\/v2\/pages\/481","targetHints":{"allow":["GET"]}}],"collection":[{"href":"https:\/\/arttao.org\/es\/wp-json\/wp\/v2\/pages"}],"about":[{"href":"https:\/\/arttao.org\/es\/wp-json\/wp\/v2\/types\/page"}],"author":[{"embeddable":true,"href":"https:\/\/arttao.org\/es\/wp-json\/wp\/v2\/users\/1"}],"replies":[{"embeddable":true,"href":"https:\/\/arttao.org\/es\/wp-json\/wp\/v2\/comments?post=481"}],"version-history":[{"count":20,"href":"https:\/\/arttao.org\/es\/wp-json\/wp\/v2\/pages\/481\/revisions"}],"predecessor-version":[{"id":14374,"href":"https:\/\/arttao.org\/es\/wp-json\/wp\/v2\/pages\/481\/revisions\/14374"}],"wp:attachment":[{"href":"https:\/\/arttao.org\/es\/wp-json\/wp\/v2\/media?parent=481"}],"curies":[{"name":"gracias","href":"https:\/\/api.w.org\/{rel}","templated":true}]}}