{"id":487,"date":"2025-03-24T19:05:55","date_gmt":"2025-03-24T19:05:55","guid":{"rendered":"https:\/\/arttao.org\/?page_id=487"},"modified":"2025-11-27T08:00:48","modified_gmt":"2025-11-27T08:00:48","slug":"5-problemas-de-desregulacion-del-estado-de-animo","status":"publish","type":"page","link":"https:\/\/arttao.org\/es\/%e4%ba%94-%e6%83%85%e7%bb%aa%e6%b3%a2%e5%8a%a8%e9%97%ae%e9%a2%98%ef%bc%88mood-dysregulation-issues%ef%bc%89\/","title":{"rendered":"E. Curso sobre problemas de cambios de humor"},"content":{"rendered":"<p class=\"\"><\/p>\n\n\n\n<p class=\"\"><strong>E. Cambios de humor &nbsp;<\/strong><\/p>\n\n\n\n<figure class=\"wp-block-image size-large is-resized\"><img loading=\"lazy\" decoding=\"async\" width=\"990\" height=\"1024\" src=\"https:\/\/arttao.org\/wp-content\/uploads\/2025\/05\/EaI\u00bcIo_402534020_I\u00b7EIODoU\u00b6aAE\u00afAAD\u00a1\u00a8\u00b5A\u00bf\u00a8I\u00a8A\u00aeo\u00a2\u00b7CAEoO\u00b5EIOA22-990x1024.jpg\" alt=\"\" class=\"wp-image-2992\" style=\"width:55px;height:auto\" srcset=\"https:\/\/arttao.org\/wp-content\/uploads\/2025\/05\/EaI\u00bcIo_402534020_I\u00b7EIODoU\u00b6aAE\u00afAAD\u00a1\u00a8\u00b5A\u00bf\u00a8I\u00a8A\u00aeo\u00a2\u00b7CAEoO\u00b5EIOA22-990x1024.jpg 990w, https:\/\/arttao.org\/wp-content\/uploads\/2025\/05\/EaI\u00bcIo_402534020_I\u00b7EIODoU\u00b6aAE\u00afAAD\u00a1\u00a8\u00b5A\u00bf\u00a8I\u00a8A\u00aeo\u00a2\u00b7CAEoO\u00b5EIOA22-290x300.jpg 290w, https:\/\/arttao.org\/wp-content\/uploads\/2025\/05\/EaI\u00bcIo_402534020_I\u00b7EIODoU\u00b6aAE\u00afAAD\u00a1\u00a8\u00b5A\u00bf\u00a8I\u00a8A\u00aeo\u00a2\u00b7CAEoO\u00b5EIOA22-768x794.jpg 768w, https:\/\/arttao.org\/wp-content\/uploads\/2025\/05\/EaI\u00bcIo_402534020_I\u00b7EIODoU\u00b6aAE\u00afAAD\u00a1\u00a8\u00b5A\u00bf\u00a8I\u00a8A\u00aeo\u00a2\u00b7CAEoO\u00b5EIOA22-1485x1536.jpg 1485w, https:\/\/arttao.org\/wp-content\/uploads\/2025\/05\/EaI\u00bcIo_402534020_I\u00b7EIODoU\u00b6aAE\u00afAAD\u00a1\u00a8\u00b5A\u00bf\u00a8I\u00a8A\u00aeo\u00a2\u00b7CAEoO\u00b5EIOA22-1980x2048.jpg 1980w\" sizes=\"auto, (max-width: 990px) 100vw, 990px\" \/><\/figure>\n\n\n\n<p class=\"\"><a href=\"https:\/\/arttao.org\/es\/%e7%ac%ac%e4%b8%89%e5%8d%81%e4%ba%8c%e8%af%be%ef%bc%9a%e5%8f%8c%e7%9b%b8i%e5%9e%8b%e9%9a%9c%e7%a2%8d%ef%bc%88%e7%ac%ac1121%ef%bd%9e1160%e8%af%be%ef%bc%89\/\" data-type=\"page\" data-id=\"12504\">Lecci\u00f3n 32:<strong>Trastorno bipolar I<\/strong>(Lecciones 1141-1180)<\/a><\/p>\n\n\n\n<p class=\"has-small-font-size\">Este curso explica las caracter\u00edsticas del trastorno bipolar I: periodos alternados de episodios man\u00edacos y depresi\u00f3n severa. Los episodios man\u00edacos pueden caracterizarse por comportamiento impulsivo, autoestima exagerada, privaci\u00f3n del sue\u00f1o e incluso s\u00edntomas psic\u00f3ticos; los episodios depresivos pueden caracterizarse por bajones emocionales extremos. Este curso le ayudar\u00e1 a identificar estos cambios de humor y le proporcionar\u00e1 estrategias clave y apoyo para mantener la estabilidad emocional.&nbsp;<\/p>\n\n\n\n<figure class=\"wp-block-image size-large is-resized\"><img loading=\"lazy\" decoding=\"async\" width=\"990\" height=\"1024\" src=\"https:\/\/arttao.org\/wp-content\/uploads\/2025\/05\/EaI\u00bcIo_402534020_I\u00b7EIODoU\u00b6aAE\u00afAAD\u00a1\u00a8\u00b5A\u00bf\u00a8I\u00a8A\u00aeo\u00a2\u00b7CAEoO\u00b5EIOA22-990x1024.jpg\" alt=\"\" class=\"wp-image-2992\" style=\"width:56px;height:auto\" srcset=\"https:\/\/arttao.org\/wp-content\/uploads\/2025\/05\/EaI\u00bcIo_402534020_I\u00b7EIODoU\u00b6aAE\u00afAAD\u00a1\u00a8\u00b5A\u00bf\u00a8I\u00a8A\u00aeo\u00a2\u00b7CAEoO\u00b5EIOA22-990x1024.jpg 990w, https:\/\/arttao.org\/wp-content\/uploads\/2025\/05\/EaI\u00bcIo_402534020_I\u00b7EIODoU\u00b6aAE\u00afAAD\u00a1\u00a8\u00b5A\u00bf\u00a8I\u00a8A\u00aeo\u00a2\u00b7CAEoO\u00b5EIOA22-290x300.jpg 290w, https:\/\/arttao.org\/wp-content\/uploads\/2025\/05\/EaI\u00bcIo_402534020_I\u00b7EIODoU\u00b6aAE\u00afAAD\u00a1\u00a8\u00b5A\u00bf\u00a8I\u00a8A\u00aeo\u00a2\u00b7CAEoO\u00b5EIOA22-768x794.jpg 768w, https:\/\/arttao.org\/wp-content\/uploads\/2025\/05\/EaI\u00bcIo_402534020_I\u00b7EIODoU\u00b6aAE\u00afAAD\u00a1\u00a8\u00b5A\u00bf\u00a8I\u00a8A\u00aeo\u00a2\u00b7CAEoO\u00b5EIOA22-1485x1536.jpg 1485w, https:\/\/arttao.org\/wp-content\/uploads\/2025\/05\/EaI\u00bcIo_402534020_I\u00b7EIODoU\u00b6aAE\u00afAAD\u00a1\u00a8\u00b5A\u00bf\u00a8I\u00a8A\u00aeo\u00a2\u00b7CAEoO\u00b5EIOA22-1980x2048.jpg 1980w\" sizes=\"auto, (max-width: 990px) 100vw, 990px\" \/><\/figure>\n\n\n\n<p class=\"\"><a href=\"https:\/\/arttao.org\/es\/%e7%ac%ac%e4%b8%89%e5%8d%81%e4%b8%89%e8%af%be%ef%bc%9a%e5%8f%8c%e7%9b%b8ii%e5%9e%8b%e9%9a%9c%e7%a2%8d%ef%bc%88%e7%ac%ac1161%ef%bd%9e1200%e8%af%be%ef%bc%89\/\" data-type=\"page\" data-id=\"12506\">Lecci\u00f3n 33:<strong>Trastorno bipolar II<\/strong>(Lecciones 1181-1220)<\/a><\/p>\n\n\n\n<p class=\"has-small-font-size\">El trastorno bipolar II, caracterizado por episodios alternantes de hipoman\u00eda (excitaci\u00f3n leve e hiperactividad) y depresi\u00f3n, a menudo se confunde con cambios bruscos de humor y pasa desapercibido. Este curso profundizar\u00e1 en los criterios clave de identificaci\u00f3n, los impactos vitales y la regulaci\u00f3n emocional, ayudando a las personas a comprender las dificultades emocionales m\u00e1s profundas que se esconden tras situaciones aparentemente normales.<\/p>\n\n\n\n<figure class=\"wp-block-image size-large is-resized\"><img loading=\"lazy\" decoding=\"async\" width=\"990\" height=\"1024\" src=\"https:\/\/arttao.org\/wp-content\/uploads\/2025\/05\/EaI\u00bcIo_402534020_I\u00b7EIODoU\u00b6aAE\u00afAAD\u00a1\u00a8\u00b5A\u00bf\u00a8I\u00a8A\u00aeo\u00a2\u00b7CAEoO\u00b5EIOA22-990x1024.jpg\" alt=\"\" class=\"wp-image-2992\" style=\"width:53px;height:auto\" srcset=\"https:\/\/arttao.org\/wp-content\/uploads\/2025\/05\/EaI\u00bcIo_402534020_I\u00b7EIODoU\u00b6aAE\u00afAAD\u00a1\u00a8\u00b5A\u00bf\u00a8I\u00a8A\u00aeo\u00a2\u00b7CAEoO\u00b5EIOA22-990x1024.jpg 990w, https:\/\/arttao.org\/wp-content\/uploads\/2025\/05\/EaI\u00bcIo_402534020_I\u00b7EIODoU\u00b6aAE\u00afAAD\u00a1\u00a8\u00b5A\u00bf\u00a8I\u00a8A\u00aeo\u00a2\u00b7CAEoO\u00b5EIOA22-290x300.jpg 290w, https:\/\/arttao.org\/wp-content\/uploads\/2025\/05\/EaI\u00bcIo_402534020_I\u00b7EIODoU\u00b6aAE\u00afAAD\u00a1\u00a8\u00b5A\u00bf\u00a8I\u00a8A\u00aeo\u00a2\u00b7CAEoO\u00b5EIOA22-768x794.jpg 768w, https:\/\/arttao.org\/wp-content\/uploads\/2025\/05\/EaI\u00bcIo_402534020_I\u00b7EIODoU\u00b6aAE\u00afAAD\u00a1\u00a8\u00b5A\u00bf\u00a8I\u00a8A\u00aeo\u00a2\u00b7CAEoO\u00b5EIOA22-1485x1536.jpg 1485w, https:\/\/arttao.org\/wp-content\/uploads\/2025\/05\/EaI\u00bcIo_402534020_I\u00b7EIODoU\u00b6aAE\u00afAAD\u00a1\u00a8\u00b5A\u00bf\u00a8I\u00a8A\u00aeo\u00a2\u00b7CAEoO\u00b5EIOA22-1980x2048.jpg 1980w\" sizes=\"auto, (max-width: 990px) 100vw, 990px\" \/><\/figure>\n\n\n\n<p class=\"\"><a href=\"https:\/\/arttao.org\/es\/%e7%ac%ac%e4%b8%89%e5%8d%81%e5%9b%9b%e8%af%be%ef%bc%9a%e7%8e%af%e6%80%a7%e5%bf%83%e5%a2%83%e9%9a%9c%e7%a2%8d%ef%bc%88%e7%ac%ac1201%ef%bd%9e1240%e8%af%be%ef%bc%89\/\" data-type=\"page\" data-id=\"12508\">Lecci\u00f3n 34:<strong>ciclotirosis<\/strong>(Lecciones 1221-1260)<\/a><\/p>\n\n\n\n<p class=\"has-small-font-size\">El trastorno ciclot\u00edmico es un trastorno cr\u00f3nico y persistente que se caracteriza por periodos alternados de hipoman\u00eda y depresi\u00f3n leve. Si bien estos cambios de humor no se asemejan al trastorno bipolar, pueden alterar la estabilidad de tu vida. Este curso te ayudar\u00e1 a comprender las causas de estos cambios de humor, te ense\u00f1ar\u00e1 a controlar tu ritmo y a desarrollar mecanismos reguladores para mitigar la fricci\u00f3n interna causada por estas fluctuaciones.<\/p>\n\n\n\n<figure class=\"wp-block-image size-large is-resized\"><img loading=\"lazy\" decoding=\"async\" width=\"990\" height=\"1024\" src=\"https:\/\/arttao.org\/wp-content\/uploads\/2025\/05\/EaI\u00bcIo_402534020_I\u00b7EIODoU\u00b6aAE\u00afAAD\u00a1\u00a8\u00b5A\u00bf\u00a8I\u00a8A\u00aeo\u00a2\u00b7CAEoO\u00b5EIOA22-990x1024.jpg\" alt=\"\" class=\"wp-image-2992\" style=\"width:56px;height:auto\" srcset=\"https:\/\/arttao.org\/wp-content\/uploads\/2025\/05\/EaI\u00bcIo_402534020_I\u00b7EIODoU\u00b6aAE\u00afAAD\u00a1\u00a8\u00b5A\u00bf\u00a8I\u00a8A\u00aeo\u00a2\u00b7CAEoO\u00b5EIOA22-990x1024.jpg 990w, https:\/\/arttao.org\/wp-content\/uploads\/2025\/05\/EaI\u00bcIo_402534020_I\u00b7EIODoU\u00b6aAE\u00afAAD\u00a1\u00a8\u00b5A\u00bf\u00a8I\u00a8A\u00aeo\u00a2\u00b7CAEoO\u00b5EIOA22-290x300.jpg 290w, https:\/\/arttao.org\/wp-content\/uploads\/2025\/05\/EaI\u00bcIo_402534020_I\u00b7EIODoU\u00b6aAE\u00afAAD\u00a1\u00a8\u00b5A\u00bf\u00a8I\u00a8A\u00aeo\u00a2\u00b7CAEoO\u00b5EIOA22-768x794.jpg 768w, https:\/\/arttao.org\/wp-content\/uploads\/2025\/05\/EaI\u00bcIo_402534020_I\u00b7EIODoU\u00b6aAE\u00afAAD\u00a1\u00a8\u00b5A\u00bf\u00a8I\u00a8A\u00aeo\u00a2\u00b7CAEoO\u00b5EIOA22-1485x1536.jpg 1485w, https:\/\/arttao.org\/wp-content\/uploads\/2025\/05\/EaI\u00bcIo_402534020_I\u00b7EIODoU\u00b6aAE\u00afAAD\u00a1\u00a8\u00b5A\u00bf\u00a8I\u00a8A\u00aeo\u00a2\u00b7CAEoO\u00b5EIOA22-1980x2048.jpg 1980w\" sizes=\"auto, (max-width: 990px) 100vw, 990px\" \/><\/figure>\n\n\n\n<p class=\"\"><a href=\"https:\/\/arttao.org\/es\/%e7%ac%ac%e4%b8%89%e5%8d%81%e4%ba%94%e8%af%be%ef%bc%9a%e8%be%b9%e7%bc%98%e5%9e%8b%e4%ba%ba%e6%a0%bc%e9%9a%9c%e7%a2%8d%ef%bc%88%e7%ac%ac1241%ef%bd%9e1280%e8%af%be%ef%bc%89\/\" data-type=\"page\" data-id=\"12513\">Lecci\u00f3n treinta y cinco:<strong>Trastorno l\u00edmite de la personalidad<\/strong>(Lecciones 1261-1300)<\/a><\/p>\n\n\n\n<p class=\"has-small-font-size\">El trastorno l\u00edmite de la personalidad se caracteriza por cambios bruscos de humor, relaciones interpersonales inestables, una percepci\u00f3n turbia de la propia identidad y comportamiento impulsivo. El miedo al abandono suele provocar reacciones extremas. Este curso te ayudar\u00e1 a comprender la naturaleza de las emociones lim\u00edtrofes, identificar la l\u00f3gica subyacente de la impulsividad y el vac\u00edo, y aprender a regular las emociones y a establecer l\u00edmites interpersonales.<\/p>\n\n\n\n<figure class=\"wp-block-image size-large is-resized\"><img loading=\"lazy\" decoding=\"async\" width=\"990\" height=\"1024\" src=\"https:\/\/arttao.org\/wp-content\/uploads\/2025\/05\/EaI\u00bcIo_402534020_I\u00b7EIODoU\u00b6aAE\u00afAAD\u00a1\u00a8\u00b5A\u00bf\u00a8I\u00a8A\u00aeo\u00a2\u00b7CAEoO\u00b5EIOA22-990x1024.jpg\" alt=\"\" class=\"wp-image-2992\" style=\"width:57px;height:auto\" srcset=\"https:\/\/arttao.org\/wp-content\/uploads\/2025\/05\/EaI\u00bcIo_402534020_I\u00b7EIODoU\u00b6aAE\u00afAAD\u00a1\u00a8\u00b5A\u00bf\u00a8I\u00a8A\u00aeo\u00a2\u00b7CAEoO\u00b5EIOA22-990x1024.jpg 990w, https:\/\/arttao.org\/wp-content\/uploads\/2025\/05\/EaI\u00bcIo_402534020_I\u00b7EIODoU\u00b6aAE\u00afAAD\u00a1\u00a8\u00b5A\u00bf\u00a8I\u00a8A\u00aeo\u00a2\u00b7CAEoO\u00b5EIOA22-290x300.jpg 290w, https:\/\/arttao.org\/wp-content\/uploads\/2025\/05\/EaI\u00bcIo_402534020_I\u00b7EIODoU\u00b6aAE\u00afAAD\u00a1\u00a8\u00b5A\u00bf\u00a8I\u00a8A\u00aeo\u00a2\u00b7CAEoO\u00b5EIOA22-768x794.jpg 768w, https:\/\/arttao.org\/wp-content\/uploads\/2025\/05\/EaI\u00bcIo_402534020_I\u00b7EIODoU\u00b6aAE\u00afAAD\u00a1\u00a8\u00b5A\u00bf\u00a8I\u00a8A\u00aeo\u00a2\u00b7CAEoO\u00b5EIOA22-1485x1536.jpg 1485w, https:\/\/arttao.org\/wp-content\/uploads\/2025\/05\/EaI\u00bcIo_402534020_I\u00b7EIODoU\u00b6aAE\u00afAAD\u00a1\u00a8\u00b5A\u00bf\u00a8I\u00a8A\u00aeo\u00a2\u00b7CAEoO\u00b5EIOA22-1980x2048.jpg 1980w\" sizes=\"auto, (max-width: 990px) 100vw, 990px\" \/><\/figure>\n\n\n\n<p class=\"\">\u00a0<a href=\"https:\/\/arttao.org\/es\/%e7%ac%ac%e4%b8%89%e5%8d%81%e5%85%ad%e8%af%be%ef%bc%9a%e7%a0%b4%e5%9d%8f%e6%80%a7%e5%bf%83%e5%a2%83%e5%a4%b1%e8%b0%83%e9%9a%9c%e7%a2%8d%ef%bc%88%e7%ac%ac1281%ef%bd%9e1320%e8%af%be%ef%bc%89\/\" data-type=\"page\" data-id=\"12515\">Lecci\u00f3n treinta y seis:<strong>Trastornos del estado de \u00e1nimo disruptivo<\/strong>(Lecciones 1301-1340)<\/a><strong>\u00a0<\/strong><\/p>\n\n\n\n<p class=\"has-small-font-size\">Este curso se centra en los arrebatos emocionales graves y la irritabilidad cr\u00f3nica en ni\u00f1os y adolescentes de 6 a 18 a\u00f1os. Los trastornos del estado de \u00e1nimo disruptivos suelen manifestarse como rabietas frecuentes y reacciones intensas a problemas cotidianos, lo que afecta gravemente las relaciones escolares y familiares. El curso proporcionar\u00e1 orientaci\u00f3n para identificar estas se\u00f1ales, desarrollar habilidades de comunicaci\u00f3n entre padres e hijos y estrategias de calma para ayudar a los ni\u00f1os a desarrollar resiliencia emocional.<\/p>","protected":false},"excerpt":{"rendered":"<p>E. \u60c5\u7eea\u6ce2\u52a8\u95ee\u9898 &nbsp; \u7b2c\u4e09\u5341\u4e8c\u8bfe\uff1a\u53cc\u76f8I\u578b\u969c\u788d\uff08\u7b2c1141\uff5e1180\u8bfe\uff09 \u672c\u8bfe\u89e3\u6790\u53cc\u76f8I\u578b\u969c\u788d\u7684\u5178 [&hellip;]<\/p>\n","protected":false},"author":1,"featured_media":0,"parent":0,"menu_order":0,"comment_status":"closed","ping_status":"closed","template":"","meta":{"nf_dc_page":"","om_disable_all_campaigns":false,"_monsterinsights_skip_tracking":false,"_monsterinsights_sitenote_active":false,"_monsterinsights_sitenote_note":"","_monsterinsights_sitenote_category":0,"footnotes":""},"class_list":["post-487","page","type-page","status-publish","hentry"],"_links":{"self":[{"href":"https:\/\/arttao.org\/es\/wp-json\/wp\/v2\/pages\/487","targetHints":{"allow":["GET"]}}],"collection":[{"href":"https:\/\/arttao.org\/es\/wp-json\/wp\/v2\/pages"}],"about":[{"href":"https:\/\/arttao.org\/es\/wp-json\/wp\/v2\/types\/page"}],"author":[{"embeddable":true,"href":"https:\/\/arttao.org\/es\/wp-json\/wp\/v2\/users\/1"}],"replies":[{"embeddable":true,"href":"https:\/\/arttao.org\/es\/wp-json\/wp\/v2\/comments?post=487"}],"version-history":[{"count":18,"href":"https:\/\/arttao.org\/es\/wp-json\/wp\/v2\/pages\/487\/revisions"}],"predecessor-version":[{"id":15069,"href":"https:\/\/arttao.org\/es\/wp-json\/wp\/v2\/pages\/487\/revisions\/15069"}],"wp:attachment":[{"href":"https:\/\/arttao.org\/es\/wp-json\/wp\/v2\/media?parent=487"}],"curies":[{"name":"gracias","href":"https:\/\/api.w.org\/{rel}","templated":true}]}}