{"id":489,"date":"2025-03-24T19:07:20","date_gmt":"2025-03-24T19:07:20","guid":{"rendered":"https:\/\/arttao.org\/?page_id=489"},"modified":"2025-12-01T20:24:18","modified_gmt":"2025-12-01T20:24:18","slug":"6-sueno-y-problemas-somaticos","status":"publish","type":"page","link":"https:\/\/arttao.org\/es\/%e5%85%ad-%e7%9d%a1%e7%9c%a0%e4%b8%8e%e8%ba%af%e4%bd%93%e9%97%ae%e9%a2%98%ef%bc%88sleep-and-somatic-issues%ef%bc%89\/","title":{"rendered":"F. Curso de Sue\u00f1o y Problemas F\u00edsicos"},"content":{"rendered":"<p class=\"\">&nbsp;&nbsp;<\/p>\n\n\n\n<p class=\"\">&nbsp;&nbsp;<\/p>\n\n\n\n<p class=\"\"><strong>F. Curso de Sue\u00f1o y Problemas F\u00edsicos<\/strong><\/p>\n\n\n\n<figure class=\"wp-block-image size-large is-resized\"><img loading=\"lazy\" decoding=\"async\" width=\"1024\" height=\"824\" src=\"https:\/\/arttao.org\/wp-content\/uploads\/2025\/05\/EaI\u00bcIo_601553802_Aae\u00a8IEA\u00aeae_\u00b7CAEoO\u00b5EIOA22-1024x824.jpg\" alt=\"\" class=\"wp-image-2965\" style=\"width:68px;height:auto\" srcset=\"https:\/\/arttao.org\/wp-content\/uploads\/2025\/05\/EaI\u00bcIo_601553802_Aae\u00a8IEA\u00aeae_\u00b7CAEoO\u00b5EIOA22-1024x824.jpg 1024w, https:\/\/arttao.org\/wp-content\/uploads\/2025\/05\/EaI\u00bcIo_601553802_Aae\u00a8IEA\u00aeae_\u00b7CAEoO\u00b5EIOA22-300x241.jpg 300w, https:\/\/arttao.org\/wp-content\/uploads\/2025\/05\/EaI\u00bcIo_601553802_Aae\u00a8IEA\u00aeae_\u00b7CAEoO\u00b5EIOA22-768x618.jpg 768w, https:\/\/arttao.org\/wp-content\/uploads\/2025\/05\/EaI\u00bcIo_601553802_Aae\u00a8IEA\u00aeae_\u00b7CAEoO\u00b5EIOA22-1536x1236.jpg 1536w, https:\/\/arttao.org\/wp-content\/uploads\/2025\/05\/EaI\u00bcIo_601553802_Aae\u00a8IEA\u00aeae_\u00b7CAEoO\u00b5EIOA22-2048x1648.jpg 2048w\" sizes=\"auto, (max-width: 1024px) 100vw, 1024px\" \/><\/figure>\n\n\n\n<p class=\"\"><a href=\"https:\/\/arttao.org\/es\/%e7%ac%ac%e4%b8%89%e5%8d%81%e4%b8%83%e8%af%be%ef%bc%9a%e5%a4%b1%e7%9c%a0%e9%9a%9c%e7%a2%8d%ef%bc%88%e7%ac%ac1321%ef%bd%9e1360%e8%af%be%ef%bc%89\/\" data-type=\"page\" data-id=\"12591\">Lecci\u00f3n 37:<strong>Insomnio<\/strong>(Lecciones 1341-1380)<\/a><\/p>\n\n\n\n<p class=\"has-small-font-size\">Este curso se centra en problemas como la dificultad para conciliar el sue\u00f1o, los despertares nocturnos frecuentes y los despertares prematuros, analizando los mecanismos subyacentes a la ansiedad, el estr\u00e9s y las alteraciones del ritmo circadiano. Los trastornos del sue\u00f1o no solo afectan la recuperaci\u00f3n f\u00edsica, sino que tambi\u00e9n pueden agravar el malestar emocional. El curso presentar\u00e1 la terapia cognitivo-conductual (TCC-I), el entrenamiento de relajaci\u00f3n y el establecimiento de un ritual para la hora de acostarse que ayude a recuperar un sue\u00f1o reparador.&nbsp;<\/p>\n\n\n\n<figure class=\"wp-block-image size-large is-resized\"><img loading=\"lazy\" decoding=\"async\" width=\"1024\" height=\"824\" src=\"https:\/\/arttao.org\/wp-content\/uploads\/2025\/05\/EaI\u00bcIo_601553802_Aae\u00a8IEA\u00aeae_\u00b7CAEoO\u00b5EIOA22-1024x824.jpg\" alt=\"\" class=\"wp-image-2965\" style=\"width:67px;height:auto\" srcset=\"https:\/\/arttao.org\/wp-content\/uploads\/2025\/05\/EaI\u00bcIo_601553802_Aae\u00a8IEA\u00aeae_\u00b7CAEoO\u00b5EIOA22-1024x824.jpg 1024w, https:\/\/arttao.org\/wp-content\/uploads\/2025\/05\/EaI\u00bcIo_601553802_Aae\u00a8IEA\u00aeae_\u00b7CAEoO\u00b5EIOA22-300x241.jpg 300w, https:\/\/arttao.org\/wp-content\/uploads\/2025\/05\/EaI\u00bcIo_601553802_Aae\u00a8IEA\u00aeae_\u00b7CAEoO\u00b5EIOA22-768x618.jpg 768w, https:\/\/arttao.org\/wp-content\/uploads\/2025\/05\/EaI\u00bcIo_601553802_Aae\u00a8IEA\u00aeae_\u00b7CAEoO\u00b5EIOA22-1536x1236.jpg 1536w, https:\/\/arttao.org\/wp-content\/uploads\/2025\/05\/EaI\u00bcIo_601553802_Aae\u00a8IEA\u00aeae_\u00b7CAEoO\u00b5EIOA22-2048x1648.jpg 2048w\" sizes=\"auto, (max-width: 1024px) 100vw, 1024px\" \/><\/figure>\n\n\n\n<p class=\"\"><a href=\"https:\/\/arttao.org\/es\/%e7%ac%ac%e4%b8%89%e5%8d%81%e5%85%ab%e8%af%be%ef%bc%9a%e5%97%9c%e7%9d%a1%e7%97%87%ef%bc%88%e7%ac%ac1361%ef%bd%9e1400%e8%af%be%ef%bc%89\/\" data-type=\"page\" data-id=\"12593\">Lecci\u00f3n 38:<strong>narcolepsia<\/strong>(Lecciones 1381-1400)<\/a><\/p>\n\n\n\n<p class=\"has-small-font-size\">La hipersomnia se caracteriza por somnolencia diurna extrema y dificultad para mantenerse despierto, posiblemente acompa\u00f1ada de s\u00edntomas como cataplej\u00eda y par\u00e1lisis del sue\u00f1o. Este curso le ayudar\u00e1 a distinguir entre la &quot;fatiga por h\u00e1bitos&quot; y la &quot;hipersomnia neurog\u00e9nica&quot;, explorar\u00e1 los mecanismos neuronales, los ritmos diarios y los procedimientos de diagn\u00f3stico, y le proporcionar\u00e1 m\u00e9todos de adaptaci\u00f3n y sugerencias para el estilo de vida y el bienestar diurno.<\/p>\n\n\n\n<figure class=\"wp-block-image size-large is-resized\"><img loading=\"lazy\" decoding=\"async\" width=\"1024\" height=\"824\" src=\"https:\/\/arttao.org\/wp-content\/uploads\/2025\/05\/EaI\u00bcIo_601553802_Aae\u00a8IEA\u00aeae_\u00b7CAEoO\u00b5EIOA22-1024x824.jpg\" alt=\"\" class=\"wp-image-2965\" style=\"width:62px;height:auto\" srcset=\"https:\/\/arttao.org\/wp-content\/uploads\/2025\/05\/EaI\u00bcIo_601553802_Aae\u00a8IEA\u00aeae_\u00b7CAEoO\u00b5EIOA22-1024x824.jpg 1024w, https:\/\/arttao.org\/wp-content\/uploads\/2025\/05\/EaI\u00bcIo_601553802_Aae\u00a8IEA\u00aeae_\u00b7CAEoO\u00b5EIOA22-300x241.jpg 300w, https:\/\/arttao.org\/wp-content\/uploads\/2025\/05\/EaI\u00bcIo_601553802_Aae\u00a8IEA\u00aeae_\u00b7CAEoO\u00b5EIOA22-768x618.jpg 768w, https:\/\/arttao.org\/wp-content\/uploads\/2025\/05\/EaI\u00bcIo_601553802_Aae\u00a8IEA\u00aeae_\u00b7CAEoO\u00b5EIOA22-1536x1236.jpg 1536w, https:\/\/arttao.org\/wp-content\/uploads\/2025\/05\/EaI\u00bcIo_601553802_Aae\u00a8IEA\u00aeae_\u00b7CAEoO\u00b5EIOA22-2048x1648.jpg 2048w\" sizes=\"auto, (max-width: 1024px) 100vw, 1024px\" \/><\/figure>\n\n\n\n<p class=\"\"><a href=\"https:\/\/arttao.org\/es\/%e7%ac%ac%e4%b8%89%e5%8d%81%e4%b9%9d%e8%af%be%ef%bc%9a%e8%ba%af%e4%bd%93%e7%97%87%e7%8a%b6%e9%9a%9c%e7%a2%8d%ef%bc%88%e7%ac%ac1401%ef%bd%9e1440%e8%af%be%ef%bc%89\/\" data-type=\"page\" data-id=\"12595\">Lecci\u00f3n 39:<strong>Trastorno de s\u00edntomas som\u00e1ticos<\/strong>(Lecciones 1401-1440)<\/a><\/p>\n\n\n\n<p class=\"has-small-font-size\">Este curso aborda las preocupaciones persistentes e intensas relacionadas con el dolor, la fatiga, los s\u00edntomas gastrointestinales y otros s\u00edntomas, que a menudo resultan en frecuentes visitas m\u00e9dicas y limitaciones funcionales, a pesar de los ex\u00e1menes m\u00e9dicos normales. El enfoque se centra en identificar los mecanismos por los cuales las emociones se traducen en lenguaje corporal, proporcionando entrenamiento en cognici\u00f3n emocional y estrategias de coordinaci\u00f3n mente-cuerpo para aliviar la carga sobre ambos.<\/p>\n\n\n\n<figure class=\"wp-block-image size-large is-resized\"><img loading=\"lazy\" decoding=\"async\" width=\"1024\" height=\"824\" src=\"https:\/\/arttao.org\/wp-content\/uploads\/2025\/05\/EaI\u00bcIo_601553802_Aae\u00a8IEA\u00aeae_\u00b7CAEoO\u00b5EIOA22-1024x824.jpg\" alt=\"\" class=\"wp-image-2965\" style=\"width:67px;height:auto\" srcset=\"https:\/\/arttao.org\/wp-content\/uploads\/2025\/05\/EaI\u00bcIo_601553802_Aae\u00a8IEA\u00aeae_\u00b7CAEoO\u00b5EIOA22-1024x824.jpg 1024w, https:\/\/arttao.org\/wp-content\/uploads\/2025\/05\/EaI\u00bcIo_601553802_Aae\u00a8IEA\u00aeae_\u00b7CAEoO\u00b5EIOA22-300x241.jpg 300w, https:\/\/arttao.org\/wp-content\/uploads\/2025\/05\/EaI\u00bcIo_601553802_Aae\u00a8IEA\u00aeae_\u00b7CAEoO\u00b5EIOA22-768x618.jpg 768w, https:\/\/arttao.org\/wp-content\/uploads\/2025\/05\/EaI\u00bcIo_601553802_Aae\u00a8IEA\u00aeae_\u00b7CAEoO\u00b5EIOA22-1536x1236.jpg 1536w, https:\/\/arttao.org\/wp-content\/uploads\/2025\/05\/EaI\u00bcIo_601553802_Aae\u00a8IEA\u00aeae_\u00b7CAEoO\u00b5EIOA22-2048x1648.jpg 2048w\" sizes=\"auto, (max-width: 1024px) 100vw, 1024px\" \/><\/figure>\n\n\n\n<p class=\"\"><a href=\"https:\/\/arttao.org\/es\/%e7%ac%ac%e5%9b%9b%e5%8d%81%e8%af%be%ef%bc%9a%e7%96%be%e7%97%85%e7%84%a6%e8%99%91%e9%9a%9c%e7%a2%8d%ef%bc%88%e7%ac%ac1441%ef%bd%9e1480%e8%af%be%ef%bc%89\/\" data-type=\"page\" data-id=\"12597\">Lecci\u00f3n 40:<strong>trastorno de ansiedad por enfermedad<\/strong>(Lecciones 1441-1480)<\/a><\/p>\n\n\n\n<p class=\"has-small-font-size\">El trastorno de ansiedad por enfermedad se manifiesta como un miedo persistente a enfermarse, una fuente constante de ansiedad a pesar de la ausencia de evidencia m\u00e9dica real. Las personas a menudo recurren a ex\u00e1menes f\u00edsicos repetidos, se autodiagnostican en l\u00ednea y se centran excesivamente en las sensaciones corporales. Este curso ayudar\u00e1 a identificar el &quot;pensamiento catastr\u00f3fico&quot; y las &quot;compulsiones por la salud&quot;, y mediante la reestructuraci\u00f3n cognitiva y el entrenamiento de exposici\u00f3n, a aliviar gradualmente el miedo a enfermar.<\/p>\n\n\n\n<figure class=\"wp-block-image size-large is-resized\"><img loading=\"lazy\" decoding=\"async\" width=\"1024\" height=\"824\" src=\"https:\/\/arttao.org\/wp-content\/uploads\/2025\/05\/EaI\u00bcIo_601553802_Aae\u00a8IEA\u00aeae_\u00b7CAEoO\u00b5EIOA22-1024x824.jpg\" alt=\"\" class=\"wp-image-2965\" style=\"width:67px;height:auto\" srcset=\"https:\/\/arttao.org\/wp-content\/uploads\/2025\/05\/EaI\u00bcIo_601553802_Aae\u00a8IEA\u00aeae_\u00b7CAEoO\u00b5EIOA22-1024x824.jpg 1024w, https:\/\/arttao.org\/wp-content\/uploads\/2025\/05\/EaI\u00bcIo_601553802_Aae\u00a8IEA\u00aeae_\u00b7CAEoO\u00b5EIOA22-300x241.jpg 300w, https:\/\/arttao.org\/wp-content\/uploads\/2025\/05\/EaI\u00bcIo_601553802_Aae\u00a8IEA\u00aeae_\u00b7CAEoO\u00b5EIOA22-768x618.jpg 768w, https:\/\/arttao.org\/wp-content\/uploads\/2025\/05\/EaI\u00bcIo_601553802_Aae\u00a8IEA\u00aeae_\u00b7CAEoO\u00b5EIOA22-1536x1236.jpg 1536w, https:\/\/arttao.org\/wp-content\/uploads\/2025\/05\/EaI\u00bcIo_601553802_Aae\u00a8IEA\u00aeae_\u00b7CAEoO\u00b5EIOA22-2048x1648.jpg 2048w\" sizes=\"auto, (max-width: 1024px) 100vw, 1024px\" \/><\/figure>\n\n\n\n<p class=\"\"><a href=\"https:\/\/arttao.org\/es\/%e7%ac%ac%e5%9b%9b%e5%8d%81%e4%b8%80%e8%af%be%ef%bc%9a%e8%bd%ac%e6%8d%a2%e9%9a%9c%e7%a2%8d%ef%bc%88%e7%ac%ac1481%ef%bd%9e1520%e8%af%be%ef%bc%89\/\" data-type=\"page\" data-id=\"12599\">Lecci\u00f3n 41:<strong>Trastorno de conversi\u00f3n<\/strong>(Lecciones 1481-1520)<\/a><\/p>\n\n\n\n<p class=\"has-small-font-size\">El trastorno de conversi\u00f3n es una reacci\u00f3n en la que los conflictos psicol\u00f3gicos se transforman en s\u00edntomas f\u00edsicos, manifest\u00e1ndose como afasia, par\u00e1lisis, convulsiones y ceguera, aunque los ex\u00e1menes m\u00e9dicos no muestren ninguna patolog\u00eda subyacente. A menudo se asocia con traumas y emociones reprimidas. Este curso guiar\u00e1 la comprensi\u00f3n del mecanismo de expresi\u00f3n alternativa del subconsciente y proporcionar\u00e1 v\u00edas para la terapia emocional y la intervenci\u00f3n mente-cuerpo simult\u00e1nea.<\/p>","protected":false},"excerpt":{"rendered":"<p>&nbsp;&nbsp; &nbsp;&nbsp; F. \u7761\u7720\u4e0e\u8eaf\u4f53\u95ee\u9898 \u8bfe\u7a0b \u7b2c\u4e09\u5341\u4e03\u8bfe\uff1a\u5931\u7720\u969c\u788d\uff08\u7b2c134 [&hellip;]<\/p>\n","protected":false},"author":1,"featured_media":0,"parent":0,"menu_order":0,"comment_status":"closed","ping_status":"closed","template":"","meta":{"nf_dc_page":"","om_disable_all_campaigns":false,"_monsterinsights_skip_tracking":false,"_monsterinsights_sitenote_active":false,"_monsterinsights_sitenote_note":"","_monsterinsights_sitenote_category":0,"footnotes":""},"class_list":["post-489","page","type-page","status-publish","hentry"],"_links":{"self":[{"href":"https:\/\/arttao.org\/es\/wp-json\/wp\/v2\/pages\/489","targetHints":{"allow":["GET"]}}],"collection":[{"href":"https:\/\/arttao.org\/es\/wp-json\/wp\/v2\/pages"}],"about":[{"href":"https:\/\/arttao.org\/es\/wp-json\/wp\/v2\/types\/page"}],"author":[{"embeddable":true,"href":"https:\/\/arttao.org\/es\/wp-json\/wp\/v2\/users\/1"}],"replies":[{"embeddable":true,"href":"https:\/\/arttao.org\/es\/wp-json\/wp\/v2\/comments?post=489"}],"version-history":[{"count":14,"href":"https:\/\/arttao.org\/es\/wp-json\/wp\/v2\/pages\/489\/revisions"}],"predecessor-version":[{"id":15575,"href":"https:\/\/arttao.org\/es\/wp-json\/wp\/v2\/pages\/489\/revisions\/15575"}],"wp:attachment":[{"href":"https:\/\/arttao.org\/es\/wp-json\/wp\/v2\/media?parent=489"}],"curies":[{"name":"gracias","href":"https:\/\/api.w.org\/{rel}","templated":true}]}}