{"id":650,"date":"2025-03-26T04:31:15","date_gmt":"2025-03-26T04:31:15","guid":{"rendered":"https:\/\/arttao.org\/?page_id=650"},"modified":"2025-09-29T01:20:40","modified_gmt":"2025-09-29T01:20:40","slug":"4-problemas-relacionados-con-el-trauma-y-el-estres-2","status":"publish","type":"page","link":"https:\/\/arttao.org\/es\/%e5%9b%9b-%e5%88%9b%e4%bc%a4%e4%b8%8e%e5%ba%94%e6%bf%80%e9%97%ae%e9%a2%98%ef%bc%88trauma-and-stress-related-issues%ef%bc%89-2\/","title":{"rendered":"D. Problemas de trauma y estr\u00e9s"},"content":{"rendered":"<p class=\"\"><\/p>\n\n\n\n<p class=\"\"><\/p>\n\n\n\n<p class=\"\"><\/p>\n\n\n\n<figure class=\"wp-block-image size-large is-resized\"><img loading=\"lazy\" decoding=\"async\" width=\"1024\" height=\"725\" src=\"https:\/\/arttao.org\/wp-content\/uploads\/2025\/05\/EaI\u00bcIo_402498526_AEAthI\u00a8AAAIAE\u00b2EA\u00aeo\u00a2\u00b7CAEoO\u00b5EIOA22-1024x725.jpg\" alt=\"\" class=\"wp-image-2696\" style=\"width:71px;height:auto\" srcset=\"https:\/\/arttao.org\/wp-content\/uploads\/2025\/05\/EaI\u00bcIo_402498526_AEAthI\u00a8AAAIAE\u00b2EA\u00aeo\u00a2\u00b7CAEoO\u00b5EIOA22-1024x725.jpg 1024w, https:\/\/arttao.org\/wp-content\/uploads\/2025\/05\/EaI\u00bcIo_402498526_AEAthI\u00a8AAAIAE\u00b2EA\u00aeo\u00a2\u00b7CAEoO\u00b5EIOA22-300x212.jpg 300w, https:\/\/arttao.org\/wp-content\/uploads\/2025\/05\/EaI\u00bcIo_402498526_AEAthI\u00a8AAAIAE\u00b2EA\u00aeo\u00a2\u00b7CAEoO\u00b5EIOA22-768x544.jpg 768w, https:\/\/arttao.org\/wp-content\/uploads\/2025\/05\/EaI\u00bcIo_402498526_AEAthI\u00a8AAAIAE\u00b2EA\u00aeo\u00a2\u00b7CAEoO\u00b5EIOA22-1536x1088.jpg 1536w, https:\/\/arttao.org\/wp-content\/uploads\/2025\/05\/EaI\u00bcIo_402498526_AEAthI\u00a8AAAIAE\u00b2EA\u00aeo\u00a2\u00b7CAEoO\u00b5EIOA22.jpg 1796w\" sizes=\"auto, (max-width: 1024px) 100vw, 1024px\" \/><\/figure>\n\n\n\n<p class=\"\"><a href=\"https:\/\/arttao.org\/es\/24-trastorno-de-estres-postraumatico\/\" data-type=\"page\" data-id=\"10959\">s-25:<strong>Trastorno de estr\u00e9s postraum\u00e1tico<\/strong><\/a><\/p>\n\n\n\n<p class=\"has-small-font-size\"><strong> <\/strong>Esta evaluaci\u00f3n profundiza en los mecanismos psicol\u00f3gicos del trastorno de estr\u00e9s postraum\u00e1tico (TEPT), ayudando a los participantes a comprender c\u00f3mo un patr\u00f3n cr\u00f3nico de hiperactivaci\u00f3n, insensibilidad y flashbacks impacta sus emociones y vidas. Mediante el an\u00e1lisis de casos y la autoevaluaci\u00f3n, los participantes identificar\u00e1n la angustia persistente relacionada con el evento traum\u00e1tico y aprender\u00e1n estrategias de sanaci\u00f3n gradual, incluyendo t\u00e9cnicas de respiraci\u00f3n, anclaje de atenci\u00f3n plena y ejercicios de expresi\u00f3n emocional. El curso enfatiza la recuperaci\u00f3n de la sensaci\u00f3n de seguridad y la integraci\u00f3n de la memoria, guiando a los participantes hacia el crecimiento y la recuperaci\u00f3n postraum\u00e1ticos.<\/p>\n\n\n\n<figure class=\"wp-block-image size-large is-resized\"><img loading=\"lazy\" decoding=\"async\" width=\"1024\" height=\"725\" src=\"https:\/\/arttao.org\/wp-content\/uploads\/2025\/05\/EaI\u00bcIo_402498526_AEAthI\u00a8AAAIAE\u00b2EA\u00aeo\u00a2\u00b7CAEoO\u00b5EIOA22-1024x725.jpg\" alt=\"\" class=\"wp-image-2696\" style=\"width:72px;height:auto\" srcset=\"https:\/\/arttao.org\/wp-content\/uploads\/2025\/05\/EaI\u00bcIo_402498526_AEAthI\u00a8AAAIAE\u00b2EA\u00aeo\u00a2\u00b7CAEoO\u00b5EIOA22-1024x725.jpg 1024w, https:\/\/arttao.org\/wp-content\/uploads\/2025\/05\/EaI\u00bcIo_402498526_AEAthI\u00a8AAAIAE\u00b2EA\u00aeo\u00a2\u00b7CAEoO\u00b5EIOA22-300x212.jpg 300w, https:\/\/arttao.org\/wp-content\/uploads\/2025\/05\/EaI\u00bcIo_402498526_AEAthI\u00a8AAAIAE\u00b2EA\u00aeo\u00a2\u00b7CAEoO\u00b5EIOA22-768x544.jpg 768w, https:\/\/arttao.org\/wp-content\/uploads\/2025\/05\/EaI\u00bcIo_402498526_AEAthI\u00a8AAAIAE\u00b2EA\u00aeo\u00a2\u00b7CAEoO\u00b5EIOA22-1536x1088.jpg 1536w, https:\/\/arttao.org\/wp-content\/uploads\/2025\/05\/EaI\u00bcIo_402498526_AEAthI\u00a8AAAIAE\u00b2EA\u00aeo\u00a2\u00b7CAEoO\u00b5EIOA22.jpg 1796w\" sizes=\"auto, (max-width: 1024px) 100vw, 1024px\" \/><\/figure>\n\n\n\n<p class=\"\"><a href=\"https:\/\/arttao.org\/es\/25-respuestas-de-estres-agudo-tea-s\/\" data-type=\"page\" data-id=\"10961\">s-26:<strong>Trastorno de estr\u00e9s agudo (TEA)<\/strong><\/a><strong> <\/strong><\/p>\n\n\n\n<p class=\"has-small-font-size\">En los d\u00edas y semanas posteriores a una emergencia grave, las personas pueden experimentar graves trastornos emocionales y cognitivos. Este curso ayuda a los estudiantes a distinguir entre el Trastorno de Estr\u00e9s Agudo (TEA) y las reacciones normales al estr\u00e9s, y comprende manifestaciones cl\u00ednicas como los sue\u00f1os, la disociaci\u00f3n, el p\u00e1nico y la evitaci\u00f3n. El curso proporcionar\u00e1 t\u00e9cnicas de primeros auxilios psicol\u00f3gicos, ejercicios de autoestabilizaci\u00f3n y recomendaciones para ritmos de recuperaci\u00f3n postestr\u00e9s, ideales para personas en estado de shock que est\u00e9n aprendiendo a apoyar sus sistemas psicol\u00f3gicos.<\/p>\n\n\n\n<figure class=\"wp-block-image size-large is-resized\"><img loading=\"lazy\" decoding=\"async\" width=\"1024\" height=\"725\" src=\"https:\/\/arttao.org\/wp-content\/uploads\/2025\/05\/EaI\u00bcIo_402498526_AEAthI\u00a8AAAIAE\u00b2EA\u00aeo\u00a2\u00b7CAEoO\u00b5EIOA22-1024x725.jpg\" alt=\"\" class=\"wp-image-2696\" style=\"width:73px;height:auto\" srcset=\"https:\/\/arttao.org\/wp-content\/uploads\/2025\/05\/EaI\u00bcIo_402498526_AEAthI\u00a8AAAIAE\u00b2EA\u00aeo\u00a2\u00b7CAEoO\u00b5EIOA22-1024x725.jpg 1024w, https:\/\/arttao.org\/wp-content\/uploads\/2025\/05\/EaI\u00bcIo_402498526_AEAthI\u00a8AAAIAE\u00b2EA\u00aeo\u00a2\u00b7CAEoO\u00b5EIOA22-300x212.jpg 300w, https:\/\/arttao.org\/wp-content\/uploads\/2025\/05\/EaI\u00bcIo_402498526_AEAthI\u00a8AAAIAE\u00b2EA\u00aeo\u00a2\u00b7CAEoO\u00b5EIOA22-768x544.jpg 768w, https:\/\/arttao.org\/wp-content\/uploads\/2025\/05\/EaI\u00bcIo_402498526_AEAthI\u00a8AAAIAE\u00b2EA\u00aeo\u00a2\u00b7CAEoO\u00b5EIOA22-1536x1088.jpg 1536w, https:\/\/arttao.org\/wp-content\/uploads\/2025\/05\/EaI\u00bcIo_402498526_AEAthI\u00a8AAAIAE\u00b2EA\u00aeo\u00a2\u00b7CAEoO\u00b5EIOA22.jpg 1796w\" sizes=\"auto, (max-width: 1024px) 100vw, 1024px\" \/><\/figure>\n\n\n\n<p class=\"\"><a href=\"https:\/\/arttao.org\/es\/26-trastornos-de-adaptacion\/\" data-type=\"page\" data-id=\"10963\">s-27:<\/a><strong><a href=\"https:\/\/arttao.org\/es\/26-trastornos-de-adaptacion\/\" data-type=\"page\" data-id=\"10963\">Trastorno de adaptaci\u00f3n<\/a> <\/strong><\/p>\n\n\n\n<p class=\"has-small-font-size\">Esta evaluaci\u00f3n se centra en las dificultades de adaptaci\u00f3n y el colapso emocional que pueden surgir tras acontecimientos vitales (como una mudanza, la p\u00e9rdida del empleo o una ruptura amorosa). Al identificar se\u00f1ales de reacci\u00f3n exagerada y una inadaptaci\u00f3n persistente, los participantes pueden aprender a responder al estr\u00e9s de la vida real de forma m\u00e1s saludable. El curso incorpora reestructuraci\u00f3n cognitiva, escritura expresiva y ejercicios de desarrollo de apoyo social para ayudar a los participantes a replantear su comprensi\u00f3n del acontecimiento y evitar desarrollar ansiedad o depresi\u00f3n m\u00e1s graves.<\/p>\n\n\n\n<figure class=\"wp-block-image size-large is-resized\"><img loading=\"lazy\" decoding=\"async\" width=\"1024\" height=\"725\" src=\"https:\/\/arttao.org\/wp-content\/uploads\/2025\/05\/EaI\u00bcIo_402498526_AEAthI\u00a8AAAIAE\u00b2EA\u00aeo\u00a2\u00b7CAEoO\u00b5EIOA22-1024x725.jpg\" alt=\"\" class=\"wp-image-2696\" style=\"width:78px;height:auto\" srcset=\"https:\/\/arttao.org\/wp-content\/uploads\/2025\/05\/EaI\u00bcIo_402498526_AEAthI\u00a8AAAIAE\u00b2EA\u00aeo\u00a2\u00b7CAEoO\u00b5EIOA22-1024x725.jpg 1024w, https:\/\/arttao.org\/wp-content\/uploads\/2025\/05\/EaI\u00bcIo_402498526_AEAthI\u00a8AAAIAE\u00b2EA\u00aeo\u00a2\u00b7CAEoO\u00b5EIOA22-300x212.jpg 300w, https:\/\/arttao.org\/wp-content\/uploads\/2025\/05\/EaI\u00bcIo_402498526_AEAthI\u00a8AAAIAE\u00b2EA\u00aeo\u00a2\u00b7CAEoO\u00b5EIOA22-768x544.jpg 768w, https:\/\/arttao.org\/wp-content\/uploads\/2025\/05\/EaI\u00bcIo_402498526_AEAthI\u00a8AAAIAE\u00b2EA\u00aeo\u00a2\u00b7CAEoO\u00b5EIOA22-1536x1088.jpg 1536w, https:\/\/arttao.org\/wp-content\/uploads\/2025\/05\/EaI\u00bcIo_402498526_AEAthI\u00a8AAAIAE\u00b2EA\u00aeo\u00a2\u00b7CAEoO\u00b5EIOA22.jpg 1796w\" sizes=\"auto, (max-width: 1024px) 100vw, 1024px\" \/><\/figure>\n\n\n\n<p class=\"has-medium-font-size\"><a href=\"https:\/\/arttao.org\/es\/27-trastorno-del-estado-de-animo-disruptivo-ninos\/\" data-type=\"page\" data-id=\"10965\">s-28: roto<strong>Trastorno depresivo (ni\u00f1os)<\/strong><\/a><\/p>\n\n\n\n<p class=\"has-small-font-size\">Las huellas del trauma infantil a menudo se esconden en la angustia emocional, las dificultades interpersonales y la abnegaci\u00f3n en la edad adulta. Esta clase guiar\u00e1 con delicadeza a los participantes a trav\u00e9s del trauma psicol\u00f3gico que pudieron haber experimentado en la infancia, como la negligencia emocional, los comentarios verbales despectivos, la presencia de violencia y la p\u00e9rdida de un cuidador.<\/p>\n\n\n\n<figure class=\"wp-block-image size-large is-resized\"><img loading=\"lazy\" decoding=\"async\" width=\"1024\" height=\"725\" src=\"https:\/\/arttao.org\/wp-content\/uploads\/2025\/05\/EaI\u00bcIo_402498526_AEAthI\u00a8AAAIAE\u00b2EA\u00aeo\u00a2\u00b7CAEoO\u00b5EIOA22-1024x725.jpg\" alt=\"\" class=\"wp-image-2696\" style=\"width:85px;height:auto\" srcset=\"https:\/\/arttao.org\/wp-content\/uploads\/2025\/05\/EaI\u00bcIo_402498526_AEAthI\u00a8AAAIAE\u00b2EA\u00aeo\u00a2\u00b7CAEoO\u00b5EIOA22-1024x725.jpg 1024w, https:\/\/arttao.org\/wp-content\/uploads\/2025\/05\/EaI\u00bcIo_402498526_AEAthI\u00a8AAAIAE\u00b2EA\u00aeo\u00a2\u00b7CAEoO\u00b5EIOA22-300x212.jpg 300w, https:\/\/arttao.org\/wp-content\/uploads\/2025\/05\/EaI\u00bcIo_402498526_AEAthI\u00a8AAAIAE\u00b2EA\u00aeo\u00a2\u00b7CAEoO\u00b5EIOA22-768x544.jpg 768w, https:\/\/arttao.org\/wp-content\/uploads\/2025\/05\/EaI\u00bcIo_402498526_AEAthI\u00a8AAAIAE\u00b2EA\u00aeo\u00a2\u00b7CAEoO\u00b5EIOA22-1536x1088.jpg 1536w, https:\/\/arttao.org\/wp-content\/uploads\/2025\/05\/EaI\u00bcIo_402498526_AEAthI\u00a8AAAIAE\u00b2EA\u00aeo\u00a2\u00b7CAEoO\u00b5EIOA22.jpg 1796w\" sizes=\"auto, (max-width: 1024px) 100vw, 1024px\" \/><\/figure>\n\n\n\n<p class=\"\"><a href=\"https:\/\/arttao.org\/es\/28-trastornos-de-trauma-complejo-tept-c\/\" data-type=\"page\" data-id=\"10967\">s-29:<strong>Trauma complejo (TEPT-C)<\/strong><\/a><\/p>\n\n\n\n<p class=\"has-small-font-size\">El trauma complejo difiere del impacto psicol\u00f3gico de un solo evento; a menudo se deriva de estr\u00e9s o da\u00f1o prolongado y repetido, como la violencia dom\u00e9stica cr\u00f3nica, la manipulaci\u00f3n emocional, las situaciones de dominaci\u00f3n o el aislamiento extremo. Este curso ayudar\u00e1 a los participantes a comprender que el trauma complejo no es simplemente un problema emocional, sino un estado psicol\u00f3gico caracterizado por una &quot;autoestructura da\u00f1ada&quot;, que a menudo se manifiesta por dificultad para regular las emociones, relaciones extremas, autodesprecio o confusi\u00f3n de identidad.<\/p>\n\n\n\n<figure class=\"wp-block-image size-large is-resized\"><img loading=\"lazy\" decoding=\"async\" width=\"1024\" height=\"725\" src=\"https:\/\/arttao.org\/wp-content\/uploads\/2025\/05\/EaI\u00bcIo_402498526_AEAthI\u00a8AAAIAE\u00b2EA\u00aeo\u00a2\u00b7CAEoO\u00b5EIOA22-1024x725.jpg\" alt=\"\" class=\"wp-image-2696\" style=\"width:82px;height:auto\" srcset=\"https:\/\/arttao.org\/wp-content\/uploads\/2025\/05\/EaI\u00bcIo_402498526_AEAthI\u00a8AAAIAE\u00b2EA\u00aeo\u00a2\u00b7CAEoO\u00b5EIOA22-1024x725.jpg 1024w, https:\/\/arttao.org\/wp-content\/uploads\/2025\/05\/EaI\u00bcIo_402498526_AEAthI\u00a8AAAIAE\u00b2EA\u00aeo\u00a2\u00b7CAEoO\u00b5EIOA22-300x212.jpg 300w, https:\/\/arttao.org\/wp-content\/uploads\/2025\/05\/EaI\u00bcIo_402498526_AEAthI\u00a8AAAIAE\u00b2EA\u00aeo\u00a2\u00b7CAEoO\u00b5EIOA22-768x544.jpg 768w, https:\/\/arttao.org\/wp-content\/uploads\/2025\/05\/EaI\u00bcIo_402498526_AEAthI\u00a8AAAIAE\u00b2EA\u00aeo\u00a2\u00b7CAEoO\u00b5EIOA22-1536x1088.jpg 1536w, https:\/\/arttao.org\/wp-content\/uploads\/2025\/05\/EaI\u00bcIo_402498526_AEAthI\u00a8AAAIAE\u00b2EA\u00aeo\u00a2\u00b7CAEoO\u00b5EIOA22.jpg 1796w\" sizes=\"auto, (max-width: 1024px) 100vw, 1024px\" \/><\/figure>\n\n\n\n<p class=\"\"><a href=\"https:\/\/arttao.org\/es\/29-respuestas-para-afrontar-el-trauma-generico\/\" data-type=\"page\" data-id=\"10969\">s-30:<strong>Respuesta de afrontamiento del trauma (gen\u00e9rica)<\/strong><\/a><\/p>\n\n\n\n<p class=\"has-small-font-size\">Durante eventos repentinos como desastres, accidentes, violencia y epidemias, las personas suelen experimentar un intenso shock psicol\u00f3gico. Este curso se centra en este tipo particular de experiencia traum\u00e1tica. Analizaremos las tres etapas del trauma repentino: la respuesta inmediata al estr\u00e9s, el per\u00edodo de adaptaci\u00f3n ca\u00f3tica a corto plazo y el riesgo de traumatizaci\u00f3n a mediano y largo plazo.<\/p>\n\n\n\n<figure class=\"wp-block-image size-large is-resized\"><img loading=\"lazy\" decoding=\"async\" width=\"1024\" height=\"725\" src=\"https:\/\/arttao.org\/wp-content\/uploads\/2025\/05\/EaI\u00bcIo_402498526_AEAthI\u00a8AAAIAE\u00b2EA\u00aeo\u00a2\u00b7CAEoO\u00b5EIOA22-1024x725.jpg\" alt=\"\" class=\"wp-image-2696\" style=\"width:80px;height:auto\" srcset=\"https:\/\/arttao.org\/wp-content\/uploads\/2025\/05\/EaI\u00bcIo_402498526_AEAthI\u00a8AAAIAE\u00b2EA\u00aeo\u00a2\u00b7CAEoO\u00b5EIOA22-1024x725.jpg 1024w, https:\/\/arttao.org\/wp-content\/uploads\/2025\/05\/EaI\u00bcIo_402498526_AEAthI\u00a8AAAIAE\u00b2EA\u00aeo\u00a2\u00b7CAEoO\u00b5EIOA22-300x212.jpg 300w, https:\/\/arttao.org\/wp-content\/uploads\/2025\/05\/EaI\u00bcIo_402498526_AEAthI\u00a8AAAIAE\u00b2EA\u00aeo\u00a2\u00b7CAEoO\u00b5EIOA22-768x544.jpg 768w, https:\/\/arttao.org\/wp-content\/uploads\/2025\/05\/EaI\u00bcIo_402498526_AEAthI\u00a8AAAIAE\u00b2EA\u00aeo\u00a2\u00b7CAEoO\u00b5EIOA22-1536x1088.jpg 1536w, https:\/\/arttao.org\/wp-content\/uploads\/2025\/05\/EaI\u00bcIo_402498526_AEAthI\u00a8AAAIAE\u00b2EA\u00aeo\u00a2\u00b7CAEoO\u00b5EIOA22.jpg 1796w\" sizes=\"auto, (max-width: 1024px) 100vw, 1024px\" \/><\/figure>\n\n\n\n<p class=\"\"><a href=\"https:\/\/arttao.org\/es\/resumen-del-curso-s-31-trauma-y-estres\/\" data-type=\"page\" data-id=\"11088\">S-31<strong>Resumen del curso sobre trauma y estr\u00e9s<\/strong><\/a><\/p>\n\n\n\n<p class=\"has-small-font-size\">El trauma y el estr\u00e9s dejan profundas cicatrices en el cuerpo y la mente, pero tambi\u00e9n brindan oportunidades de sanaci\u00f3n y crecimiento. Este repaso del curso te ayudar\u00e1 a repasar las caracter\u00edsticas de las reacciones traum\u00e1ticas y el proceso de recuperaci\u00f3n, a aprender estabilidad emocional y t\u00e9cnicas de relajaci\u00f3n, y a utilizar m\u00e9todos de apoyo social y autocuidado. Al integrar experiencias y restablecer tu ritmo, fortalecer\u00e1s gradualmente tu resiliencia, encontrar\u00e1s seguridad y direcci\u00f3n en tu vida, y lograr\u00e1s un reajuste y crecimiento interior.<\/p>\n\n\n\n<p class=\"\"><\/p>","protected":false},"excerpt":{"rendered":"<p>s-25:\u521b\u4f24\u540e\u5e94\u6fc0\u969c\u788d \u672c\u6d4b\u8bd5\u6df1\u5165\u63a2\u8ba8\u521b\u4f24\u540e\u5e94\u6fc0\u969c\u788d\uff08PTSD\uff09\u7684\u5fc3\u7406\u673a\u5236\uff0c\u5e2e\u52a9\u5b66\u5458\u7406\u89e3\u957f\u671f\u5904\u4e8e\u201c\u8fc7\u5ea6\u8b66\u89c9\u2014 [&hellip;]<\/p>\n","protected":false},"author":1,"featured_media":0,"parent":0,"menu_order":0,"comment_status":"closed","ping_status":"closed","template":"","meta":{"nf_dc_page":"","om_disable_all_campaigns":false,"_monsterinsights_skip_tracking":false,"_monsterinsights_sitenote_active":false,"_monsterinsights_sitenote_note":"","_monsterinsights_sitenote_category":0,"footnotes":""},"class_list":["post-650","page","type-page","status-publish","hentry"],"_links":{"self":[{"href":"https:\/\/arttao.org\/es\/wp-json\/wp\/v2\/pages\/650","targetHints":{"allow":["GET"]}}],"collection":[{"href":"https:\/\/arttao.org\/es\/wp-json\/wp\/v2\/pages"}],"about":[{"href":"https:\/\/arttao.org\/es\/wp-json\/wp\/v2\/types\/page"}],"author":[{"embeddable":true,"href":"https:\/\/arttao.org\/es\/wp-json\/wp\/v2\/users\/1"}],"replies":[{"embeddable":true,"href":"https:\/\/arttao.org\/es\/wp-json\/wp\/v2\/comments?post=650"}],"version-history":[{"count":20,"href":"https:\/\/arttao.org\/es\/wp-json\/wp\/v2\/pages\/650\/revisions"}],"predecessor-version":[{"id":11123,"href":"https:\/\/arttao.org\/es\/wp-json\/wp\/v2\/pages\/650\/revisions\/11123"}],"wp:attachment":[{"href":"https:\/\/arttao.org\/es\/wp-json\/wp\/v2\/media?parent=650"}],"curies":[{"name":"gracias","href":"https:\/\/api.w.org\/{rel}","templated":true}]}}