{"id":6853,"date":"2025-06-28T05:27:50","date_gmt":"2025-06-28T05:27:50","guid":{"rendered":"https:\/\/arttao.org\/?page_id=6853"},"modified":"2025-07-25T19:15:08","modified_gmt":"2025-07-25T19:15:08","slug":"prueba-de-preguntas-y-respuestas-socraticas-sobre-la-ansiedad","status":"publish","type":"page","link":"https:\/\/arttao.org\/es\/a-%e8%8b%8f%e6%a0%bc%e6%8b%89%e5%ba%95%e9%97%ae%e7%ad%94-%e7%84%a6%e8%99%91%e7%9b%b8%e5%85%b3%e9%97%ae%e9%a2%98%e6%b5%8b%e8%af%95\/","title":{"rendered":"A. Preguntas y respuestas socr\u00e1ticas - Prueba de preguntas relacionadas con la ansiedad"},"content":{"rendered":"<p class=\"\"><\/p>\n\n\n\n<figure class=\"wp-block-image size-large is-resized\"><img loading=\"lazy\" decoding=\"async\" width=\"1024\" height=\"735\" src=\"https:\/\/arttao.org\/wp-content\/uploads\/2025\/06\/EaI\u00bcIo_601793889_\u00bf \u00a8I\u00a8D\u00a1 A\u00aeo\u00a2I\u00b7\u00b4\u00f7\u00a8\u00b6a\u00b7CAEoO\u00b5EIOA-1024x735.jpg\" alt=\"\" class=\"wp-image-7104\" style=\"width:69px;height:auto\" srcset=\"\" sizes=\"auto, (max-width: 1024px) 100vw, 1024px\" data-srcset=\"\" \/><\/figure>\n\n\n\n<p class=\"\">A<a href=\"https:\/\/arttao.org\/es\/a2-que-es-la-ansiedad-psicologica\/\">.\u00a0<strong>\u00bfQu\u00e9 son los problemas de ansiedad psicol\u00f3gica?<\/strong><\/a><\/p>\n\n\n\n<p class=\"has-small-font-size\">Antes de comenzar cualquier prueba psicol\u00f3gica, es fundamental comprender qu\u00e9 es la ansiedad. Muchas personas abordan las pruebas de ansiedad con conceptos vagos o incluso malinterpretados, creyendo que la ansiedad es sin\u00f3nimo de vulnerabilidad o enfermedad. Esto puede generar respuestas defensivas y una supresi\u00f3n excesiva de los verdaderos sentimientos, lo que compromete la validez de la prueba y la posterior recuperaci\u00f3n.<\/p>\n\n\n\n<p class=\"has-small-font-size\">Comprender la verdadera naturaleza de la ansiedad puede ayudar a las personas a superar el miedo a las etiquetas. La ansiedad no es un defecto, sino una respuesta com\u00fan al estr\u00e9s. Si bien la ansiedad moderada puede ser protectora, cuando se vuelve excesiva, frecuente y persistente, interfiriendo con la vida diaria, puede convertirse en un problema psicol\u00f3gico. Por lo tanto, aclarar la diferencia entre &quot;ansiedad normal&quot; y &quot;ansiedad patol\u00f3gica&quot; antes de la prueba puede ayudar a mejorar la autoconciencia y permitir una evaluaci\u00f3n objetiva de la propia condici\u00f3n, en lugar de sucumbir a la verg\u00fcenza o la negaci\u00f3n.<\/p>\n\n\n\n<p class=\"has-small-font-size\">M\u00e1s importante a\u00fan, solo comprendiendo los mecanismos subyacentes a la ansiedad (como las distorsiones cognitivas, la hipervigilancia y las conductas de evitaci\u00f3n) podremos identificar los s\u00edntomas con mayor precisi\u00f3n durante las pruebas y sentar las bases para el an\u00e1lisis y el tratamiento posteriores. En resumen, comprender el verdadero significado de la ansiedad es el punto de partida para una evaluaci\u00f3n psicol\u00f3gica y un autocuidado eficaces.<\/p>\n\n\n\n<p class=\"has-small-font-size\"><\/p>\n\n\n\n<figure class=\"wp-block-image size-large is-resized\"><img loading=\"lazy\" decoding=\"async\" width=\"1024\" height=\"735\" src=\"https:\/\/arttao.org\/wp-content\/uploads\/2025\/06\/EaI\u00bcIo_601793889_\u00bf \u00a8I\u00a8D\u00a1 A\u00aeo\u00a2I\u00b7\u00b4\u00f7\u00a8\u00b6a\u00b7CAEoO\u00b5EIOA-1024x735.jpg\" alt=\"\" class=\"wp-image-7104\" style=\"width:68px;height:auto\" srcset=\"\" sizes=\"auto, (max-width: 1024px) 100vw, 1024px\" data-srcset=\"\" \/><\/figure>\n\n\n\n<p class=\"has-medium-font-size\">A.<a style=\"font-weight: bold;\" href=\"https:\/\/arttao.org\/es\/problemas-relacionados-con-la-ansiedad\/\"><strong>Pruebas de problemas relacionados con la ansiedad<\/strong><\/a><\/p>\n\n\n\n<p class=\"has-small-font-size\">Antes de realizar una prueba psicol\u00f3gica, es fundamental comprender qu\u00e9 constituye la &quot;ansiedad ante los ex\u00e1menes&quot;. Esto no solo afecta la precisi\u00f3n de los resultados, sino que tambi\u00e9n determina si realmente puede beneficiarse de ella. Muchas personas, al ver la palabra &quot;ansiedad&quot;, tienden a asociarla con preguntas como &quot;\u00bfTengo una enfermedad mental?&quot; o &quot;\u00bfTengo un problema?&quot;. Esto puede generar una actitud defensiva y afectar la autenticidad de sus respuestas. En realidad, la ansiedad es una respuesta emocional com\u00fan, considerada un trastorno psicol\u00f3gico solo cuando se vuelve frecuente, excesiva o perturba la vida diaria.<\/p>\n\n\n\n<p class=\"has-small-font-size\">La prueba de &quot;Preguntas Relacionadas con la Ansiedad&quot; no est\u00e1 dise\u00f1ada para etiquetar a las personas, sino para ayudarte a identificar el tipo de ansiedad (p. ej., ansiedad generalizada, ansiedad social, miedos espec\u00edficos), los mecanismos subyacentes (p. ej., distorsiones cognitivas, conductas de evitaci\u00f3n), las reacciones f\u00edsicas (p. ej., aumento de la frecuencia card\u00edaca, tensi\u00f3n muscular) y la expresi\u00f3n emocional. Esta comprensi\u00f3n puede ayudarte a gestionar la ansiedad de forma m\u00e1s estrat\u00e9gica en lugar de dejarte llevar por el p\u00e1nico.<\/p>\n\n\n\n<p class=\"has-small-font-size\">Comprender la estructura y el prop\u00f3sito del examen con antelaci\u00f3n tambi\u00e9n te ayudar\u00e1 a superar la mentalidad de examen y a responder con una actitud m\u00e1s abierta y honesta. Este tipo de preparaci\u00f3n psicol\u00f3gica es clave para mejorar la validez del examen. Comprender la naturaleza de la ansiedad ante los ex\u00e1menes es el primer paso hacia la autoexploraci\u00f3n y la sanaci\u00f3n.<strong>.<\/strong><\/p>\n\n\n\n<p class=\"\"><\/p>","protected":false},"excerpt":{"rendered":"<p>A.\u00a0\u4ec0\u4e48\u662f\u5fc3\u7406\u7126\u8651\u95ee\u9898\uff1f \u5728\u5fc3\u7406\u6d4b\u8bd5\u5f00\u59cb\u4e4b\u524d\uff0c\u4e86\u89e3\u201c\u4ec0\u4e48\u662f\u5fc3\u7406\u7126\u8651\u95ee\u9898\u201d\u5177\u6709\u975e\u5e38\u91cd\u8981\u7684\u610f\u4e49\u3002\u8bb8\u591a\u4eba\u5728\u9762\u5bf9\u7126\u8651 [&hellip;]<\/p>\n","protected":false},"author":1,"featured_media":0,"parent":0,"menu_order":0,"comment_status":"closed","ping_status":"closed","template":"","meta":{"nf_dc_page":"","om_disable_all_campaigns":false,"_monsterinsights_skip_tracking":false,"_monsterinsights_sitenote_active":false,"_monsterinsights_sitenote_note":"","_monsterinsights_sitenote_category":0,"footnotes":""},"class_list":["post-6853","page","type-page","status-publish","hentry"],"_links":{"self":[{"href":"https:\/\/arttao.org\/es\/wp-json\/wp\/v2\/pages\/6853","targetHints":{"allow":["GET"]}}],"collection":[{"href":"https:\/\/arttao.org\/es\/wp-json\/wp\/v2\/pages"}],"about":[{"href":"https:\/\/arttao.org\/es\/wp-json\/wp\/v2\/types\/page"}],"author":[{"embeddable":true,"href":"https:\/\/arttao.org\/es\/wp-json\/wp\/v2\/users\/1"}],"replies":[{"embeddable":true,"href":"https:\/\/arttao.org\/es\/wp-json\/wp\/v2\/comments?post=6853"}],"version-history":[{"count":10,"href":"https:\/\/arttao.org\/es\/wp-json\/wp\/v2\/pages\/6853\/revisions"}],"predecessor-version":[{"id":8184,"href":"https:\/\/arttao.org\/es\/wp-json\/wp\/v2\/pages\/6853\/revisions\/8184"}],"wp:attachment":[{"href":"https:\/\/arttao.org\/es\/wp-json\/wp\/v2\/media?parent=6853"}],"curies":[{"name":"gracias","href":"https:\/\/api.w.org\/{rel}","templated":true}]}}