{"id":6864,"date":"2025-06-28T06:05:33","date_gmt":"2025-06-28T06:05:33","guid":{"rendered":"https:\/\/arttao.org\/?page_id=6864"},"modified":"2025-07-25T19:16:17","modified_gmt":"2025-07-25T19:16:17","slug":"b-preguntas-y-respuestas-socraticas-prueba-de-preguntas-relacionadas-con-la-depresion","status":"publish","type":"page","link":"https:\/\/arttao.org\/es\/b-%e8%8b%8f%e6%a0%bc%e6%8b%89%e5%ba%95%e9%97%ae%e7%ad%94-%e6%8a%91%e9%83%81%e7%9b%b8%e5%85%b3%e9%97%ae%e9%a2%98%e6%b5%8b%e8%af%95\/","title":{"rendered":"B. Preguntas y respuestas socr\u00e1ticas - Prueba de preguntas relacionadas con la depresi\u00f3n"},"content":{"rendered":"<p class=\"\"><\/p>\n\n\n\n<figure class=\"wp-block-image size-large is-resized\"><img loading=\"lazy\" decoding=\"async\" width=\"927\" height=\"1024\" src=\"https:\/\/arttao.org\/wp-content\/uploads\/2025\/05\/EaI\u00bcIo_601794473_\u00a8\u00b7\u00a2EUA\u00aeD\u00a4In\u00b7CAEoO\u00b5EIOA2-927x1024.jpg\" alt=\"\" class=\"wp-image-3663\" style=\"width:56px;height:auto\" srcset=\"https:\/\/arttao.org\/wp-content\/uploads\/2025\/05\/EaI\u00bcIo_601794473_\u00a8\u00b7\u00a2EUA\u00aeD\u00a4In\u00b7CAEoO\u00b5EIOA2-927x1024.jpg 927w, https:\/\/arttao.org\/wp-content\/uploads\/2025\/05\/EaI\u00bcIo_601794473_\u00a8\u00b7\u00a2EUA\u00aeD\u00a4In\u00b7CAEoO\u00b5EIOA2-272x300.jpg 272w, https:\/\/arttao.org\/wp-content\/uploads\/2025\/05\/EaI\u00bcIo_601794473_\u00a8\u00b7\u00a2EUA\u00aeD\u00a4In\u00b7CAEoO\u00b5EIOA2-768x848.jpg 768w, https:\/\/arttao.org\/wp-content\/uploads\/2025\/05\/EaI\u00bcIo_601794473_\u00a8\u00b7\u00a2EUA\u00aeD\u00a4In\u00b7CAEoO\u00b5EIOA2-1391x1536.jpg 1391w, https:\/\/arttao.org\/wp-content\/uploads\/2025\/05\/EaI\u00bcIo_601794473_\u00a8\u00b7\u00a2EUA\u00aeD\u00a4In\u00b7CAEoO\u00b5EIOA2-1855x2048.jpg 1855w\" sizes=\"auto, (max-width: 927px) 100vw, 927px\" \/><\/figure>\n\n\n\n<p class=\"\"><a href=\"https:\/\/arttao.org\/es\/b-cuales-son-los-problemas-relacionados-con-la-depresion\/\" data-type=\"page\" data-id=\"6936\">B. <strong>\u00bfCu\u00e1les son los problemas relacionados con la depresi\u00f3n?<\/strong><\/a><\/p>\n\n\n\n<p class=\"has-small-font-size\">Antes de realizar una prueba psicol\u00f3gica, es fundamental comprender qu\u00e9 son los problemas relacionados con la depresi\u00f3n. Muchas personas malinterpretan la depresi\u00f3n como una sensaci\u00f3n temporal de infelicidad o bajo estado de \u00e1nimo, pero el trastorno depresivo es mucho m\u00e1s que eso. Puede manifestarse como pesimismo persistente, p\u00e9rdida de inter\u00e9s, disminuci\u00f3n de la energ\u00eda y una sensaci\u00f3n de desesperanza, incluso acompa\u00f1ada de s\u00edntomas como trastornos del sue\u00f1o, cambios en el apetito y abnegaci\u00f3n. Sin comprender estas caracter\u00edsticas fundamentales, las personas a menudo pasan por alto los problemas existentes durante las pruebas o los atribuyen al estr\u00e9s, la fatiga o problemas de personalidad, perdiendo as\u00ed oportunidades para una evaluaci\u00f3n adecuada y buscar ayuda.<\/p>\n\n\n\n<p class=\"has-small-font-size\">Adem\u00e1s, los diferentes tipos de depresi\u00f3n, como la depresi\u00f3n mayor, la depresi\u00f3n persistente, la depresi\u00f3n estacional y la depresi\u00f3n posparto, var\u00edan en sus manifestaciones y niveles de angustia. Sin una comprensi\u00f3n b\u00e1sica de estos tipos, los resultados de las pruebas pueden parecer superficiales y no revelar los verdaderos problemas subyacentes. M\u00e1s importante a\u00fan, comprender que la depresi\u00f3n no es una debilidad ni un fracaso, sino un estado psicol\u00f3gico que se puede identificar, apoyar y sanar, puede ayudar a las personas a mantener una mentalidad m\u00e1s abierta y receptiva durante el proceso de evaluaci\u00f3n.<\/p>\n\n\n\n<p class=\"has-small-font-size\">Por lo tanto, la preparaci\u00f3n del conocimiento antes del examen no solo mejora la precisi\u00f3n de la evaluaci\u00f3n, sino que tambi\u00e9n mejora la comprensi\u00f3n de los fen\u00f3menos psicol\u00f3gicos propios, haciendo que la exploraci\u00f3n psicol\u00f3gica sea m\u00e1s consciente y poderosa.<\/p>\n\n\n\n<p class=\"has-small-font-size\"><\/p>\n\n\n\n<figure class=\"wp-block-image size-large is-resized\"><img loading=\"lazy\" decoding=\"async\" width=\"927\" height=\"1024\" src=\"https:\/\/arttao.org\/wp-content\/uploads\/2025\/05\/EaI\u00bcIo_601794473_\u00a8\u00b7\u00a2EUA\u00aeD\u00a4In\u00b7CAEoO\u00b5EIOA2-927x1024.jpg\" alt=\"\" class=\"wp-image-3663\" style=\"width:55px;height:auto\" srcset=\"https:\/\/arttao.org\/wp-content\/uploads\/2025\/05\/EaI\u00bcIo_601794473_\u00a8\u00b7\u00a2EUA\u00aeD\u00a4In\u00b7CAEoO\u00b5EIOA2-927x1024.jpg 927w, https:\/\/arttao.org\/wp-content\/uploads\/2025\/05\/EaI\u00bcIo_601794473_\u00a8\u00b7\u00a2EUA\u00aeD\u00a4In\u00b7CAEoO\u00b5EIOA2-272x300.jpg 272w, https:\/\/arttao.org\/wp-content\/uploads\/2025\/05\/EaI\u00bcIo_601794473_\u00a8\u00b7\u00a2EUA\u00aeD\u00a4In\u00b7CAEoO\u00b5EIOA2-768x848.jpg 768w, https:\/\/arttao.org\/wp-content\/uploads\/2025\/05\/EaI\u00bcIo_601794473_\u00a8\u00b7\u00a2EUA\u00aeD\u00a4In\u00b7CAEoO\u00b5EIOA2-1391x1536.jpg 1391w, https:\/\/arttao.org\/wp-content\/uploads\/2025\/05\/EaI\u00bcIo_601794473_\u00a8\u00b7\u00a2EUA\u00aeD\u00a4In\u00b7CAEoO\u00b5EIOA2-1855x2048.jpg 1855w\" sizes=\"auto, (max-width: 927px) 100vw, 927px\" \/><\/figure>\n\n\n\n<p class=\"\"><a href=\"https:\/\/arttao.org\/es\/2-problemas-relacionados-con-la-depresion-2\/\" data-type=\"page\" data-id=\"1476\">B. <strong>Prueba de preguntas relacionadas con la depresi\u00f3n <\/strong><\/a><\/p>\n\n\n\n<p class=\"has-small-font-size\">La depresi\u00f3n es un trastorno psicol\u00f3gico que se caracteriza por un estado de \u00e1nimo bajo. Los s\u00edntomas comunes incluyen tristeza persistente, p\u00e9rdida de inter\u00e9s en las actividades cotidianas, abnegaci\u00f3n, fatiga, disminuci\u00f3n de la concentraci\u00f3n e incluso sentimientos de desesperanza y pensamientos suicidas. Los casos graves tambi\u00e9n se acompa\u00f1an de cambios en el apetito o el peso, problemas de sue\u00f1o, entumecimiento emocional y dolor f\u00edsico. La depresi\u00f3n no es un estado de \u00e1nimo bajo temporal, sino un estado psicol\u00f3gico que dura m\u00e1s de dos semanas y afecta significativamente la funcionalidad. Puede tener causas hereditarias, traumas vitales, aislamiento social y estr\u00e9s prolongado. La depresi\u00f3n prolongada tambi\u00e9n puede provocar un deterioro de la funci\u00f3n social, aislamiento interpersonal y falta de sentido en la vida. La expresi\u00f3n emocional oportuna y la intervenci\u00f3n profesional son fundamentales.<\/p>\n\n\n\n<p class=\"\"><\/p>","protected":false},"excerpt":{"rendered":"<p>B. \u4ec0\u4e48\u662f\u6291\u90c1\u76f8\u5173\u95ee\u9898\uff1f \u5728\u5fc3\u7406\u6d4b\u8bd5\u524d\uff0c\u7406\u89e3\u201c\u4ec0\u4e48\u662f\u6291\u90c1\u76f8\u5173\u95ee\u9898\u201d\u5177\u6709\u5173\u952e\u610f\u4e49\u3002\u5f88\u591a\u4eba\u5c06\u6291\u90c1\u8bef\u89e3\u4e3a\u4e00\u65f6\u7684\u4e0d\u5f00 [&hellip;]<\/p>\n","protected":false},"author":1,"featured_media":0,"parent":0,"menu_order":0,"comment_status":"closed","ping_status":"closed","template":"","meta":{"nf_dc_page":"","om_disable_all_campaigns":false,"_monsterinsights_skip_tracking":false,"_monsterinsights_sitenote_active":false,"_monsterinsights_sitenote_note":"","_monsterinsights_sitenote_category":0,"footnotes":""},"class_list":["post-6864","page","type-page","status-publish","hentry"],"_links":{"self":[{"href":"https:\/\/arttao.org\/es\/wp-json\/wp\/v2\/pages\/6864","targetHints":{"allow":["GET"]}}],"collection":[{"href":"https:\/\/arttao.org\/es\/wp-json\/wp\/v2\/pages"}],"about":[{"href":"https:\/\/arttao.org\/es\/wp-json\/wp\/v2\/types\/page"}],"author":[{"embeddable":true,"href":"https:\/\/arttao.org\/es\/wp-json\/wp\/v2\/users\/1"}],"replies":[{"embeddable":true,"href":"https:\/\/arttao.org\/es\/wp-json\/wp\/v2\/comments?post=6864"}],"version-history":[{"count":6,"href":"https:\/\/arttao.org\/es\/wp-json\/wp\/v2\/pages\/6864\/revisions"}],"predecessor-version":[{"id":8185,"href":"https:\/\/arttao.org\/es\/wp-json\/wp\/v2\/pages\/6864\/revisions\/8185"}],"wp:attachment":[{"href":"https:\/\/arttao.org\/es\/wp-json\/wp\/v2\/media?parent=6864"}],"curies":[{"name":"gracias","href":"https:\/\/api.w.org\/{rel}","templated":true}]}}