{"id":6866,"date":"2025-06-28T06:19:19","date_gmt":"2025-06-28T06:19:19","guid":{"rendered":"https:\/\/arttao.org\/?page_id=6866"},"modified":"2025-10-18T06:32:36","modified_gmt":"2025-10-18T06:32:36","slug":"c-prueba-de-socrates-de-problemas-obsesivo-compulsivos-e-impulsivos","status":"publish","type":"page","link":"https:\/\/arttao.org\/es\/c-%e8%8b%8f%e6%a0%bc%e6%8b%89%e5%ba%95-%e5%bc%ba%e8%bf%ab%e4%b8%8e%e5%86%b2%e5%8a%a8%e9%97%ae%e9%a2%98%e6%b5%8b%e8%af%95\/","title":{"rendered":"C. Prueba de problemas compulsivos e impulsivos de S\u00f3crates"},"content":{"rendered":"<p class=\"\"><\/p>\n\n\n\n<figure class=\"wp-block-image size-large is-resized\"><img loading=\"lazy\" decoding=\"async\" width=\"927\" height=\"1024\" src=\"https:\/\/arttao.org\/wp-content\/uploads\/2025\/05\/EaI\u00bcIo_601830467_\u00b4\u00f7\u00a8\u00b5A\u00bfE\u00b0\u00ae\u00bf\u00a8I\u00a8A\u00aeo\u00a2D\u00a4In\u00b7CAEoO\u00b5EIOA2-927x1024.jpg\" alt=\"\" class=\"wp-image-3665\" style=\"width:58px;height:auto\" srcset=\"https:\/\/arttao.org\/wp-content\/uploads\/2025\/05\/EaI\u00bcIo_601830467_\u00b4\u00f7\u00a8\u00b5A\u00bfE\u00b0\u00ae\u00bf\u00a8I\u00a8A\u00aeo\u00a2D\u00a4In\u00b7CAEoO\u00b5EIOA2-927x1024.jpg 927w, https:\/\/arttao.org\/wp-content\/uploads\/2025\/05\/EaI\u00bcIo_601830467_\u00b4\u00f7\u00a8\u00b5A\u00bfE\u00b0\u00ae\u00bf\u00a8I\u00a8A\u00aeo\u00a2D\u00a4In\u00b7CAEoO\u00b5EIOA2-272x300.jpg 272w, https:\/\/arttao.org\/wp-content\/uploads\/2025\/05\/EaI\u00bcIo_601830467_\u00b4\u00f7\u00a8\u00b5A\u00bfE\u00b0\u00ae\u00bf\u00a8I\u00a8A\u00aeo\u00a2D\u00a4In\u00b7CAEoO\u00b5EIOA2-768x848.jpg 768w, https:\/\/arttao.org\/wp-content\/uploads\/2025\/05\/EaI\u00bcIo_601830467_\u00b4\u00f7\u00a8\u00b5A\u00bfE\u00b0\u00ae\u00bf\u00a8I\u00a8A\u00aeo\u00a2D\u00a4In\u00b7CAEoO\u00b5EIOA2-1391x1536.jpg 1391w, https:\/\/arttao.org\/wp-content\/uploads\/2025\/05\/EaI\u00bcIo_601830467_\u00b4\u00f7\u00a8\u00b5A\u00bfE\u00b0\u00ae\u00bf\u00a8I\u00a8A\u00aeo\u00a2D\u00a4In\u00b7CAEoO\u00b5EIOA2-1854x2048.jpg 1854w\" sizes=\"auto, (max-width: 927px) 100vw, 927px\" \/><\/figure>\n\n\n\n<p class=\"\"><a href=\"https:\/\/arttao.org\/es\/c1-que-son-los-problemas-compulsivos-e-impulsivos\/\" data-type=\"page\" data-id=\"7274\">DO.<strong> \u00bfQu\u00e9 son los problemas compulsivos e impulsivos?<\/strong><\/a><\/p>\n\n\n\n<p class=\"has-small-font-size\">Antes de realizar una prueba psicol\u00f3gica, es fundamental comprender a fondo qu\u00e9 son los trastornos compulsivos e impulsivos para obtener resultados de evaluaci\u00f3n aut\u00e9nticos y v\u00e1lidos. Estos trastornos no son simplemente una cuesti\u00f3n de personalidad o falta de autocontrol; m\u00e1s bien, se derivan de un desequilibrio entre la ansiedad, la represi\u00f3n y el control dentro del sistema psicol\u00f3gico. Por ejemplo, las conductas compulsivas (como lavarse las manos repetidamente y revisar constantemente las cerraduras) suelen servir para aliviar una ansiedad abrumadora, mientras que las conductas impulsivas (como los ataques repentinos de ira, las compras impulsivas y la depilaci\u00f3n) son una liberaci\u00f3n moment\u00e1nea de tensi\u00f3n o vac\u00edo interno. Sin comprender estos fen\u00f3menos, muchas personas los malinterpretan f\u00e1cilmente como &quot;man\u00edas&quot;, &quot;pereza&quot; o &quot;comportamiento rebelde&quot;, pasando por alto sus ra\u00edces psicol\u00f3gicas subyacentes.<\/p>\n\n\n\n<p class=\"has-small-font-size\">Sin comprender la naturaleza de estos problemas, los participantes pueden subestimar el alcance de su angustia u ocultar deliberadamente su comportamiento, lo que da lugar a resultados sesgados en las pruebas y altera el juicio posterior y la direcci\u00f3n del tratamiento. Por el contrario, si se comprenden los mecanismos subyacentes de estos problemas antes de la prueba, las personas pueden afrontar con mayor facilidad sus propios comportamientos y pensamientos, respondiendo a las preguntas con mayor precisi\u00f3n y mejorando la validez de la evaluaci\u00f3n.<\/p>\n\n\n\n<p class=\"has-small-font-size\">Comprender la verdadera naturaleza de la compulsi\u00f3n y el impulso es una preparaci\u00f3n crucial antes de realizar el examen y el primer paso hacia la sanaci\u00f3n psicol\u00f3gica y la autoconciencia. Es un paso crucial para transformar experiencias indescriptibles en problemas comprensibles.<\/p>\n\n\n\n<p class=\"has-small-font-size\"><\/p>\n\n\n\n<figure class=\"wp-block-image size-large is-resized\"><img loading=\"lazy\" decoding=\"async\" width=\"927\" height=\"1024\" src=\"https:\/\/arttao.org\/wp-content\/uploads\/2025\/05\/EaI\u00bcIo_601830467_\u00b4\u00f7\u00a8\u00b5A\u00bfE\u00b0\u00ae\u00bf\u00a8I\u00a8A\u00aeo\u00a2D\u00a4In\u00b7CAEoO\u00b5EIOA2-927x1024.jpg\" alt=\"\" class=\"wp-image-3665\" style=\"width:55px;height:auto\" srcset=\"https:\/\/arttao.org\/wp-content\/uploads\/2025\/05\/EaI\u00bcIo_601830467_\u00b4\u00f7\u00a8\u00b5A\u00bfE\u00b0\u00ae\u00bf\u00a8I\u00a8A\u00aeo\u00a2D\u00a4In\u00b7CAEoO\u00b5EIOA2-927x1024.jpg 927w, https:\/\/arttao.org\/wp-content\/uploads\/2025\/05\/EaI\u00bcIo_601830467_\u00b4\u00f7\u00a8\u00b5A\u00bfE\u00b0\u00ae\u00bf\u00a8I\u00a8A\u00aeo\u00a2D\u00a4In\u00b7CAEoO\u00b5EIOA2-272x300.jpg 272w, https:\/\/arttao.org\/wp-content\/uploads\/2025\/05\/EaI\u00bcIo_601830467_\u00b4\u00f7\u00a8\u00b5A\u00bfE\u00b0\u00ae\u00bf\u00a8I\u00a8A\u00aeo\u00a2D\u00a4In\u00b7CAEoO\u00b5EIOA2-768x848.jpg 768w, https:\/\/arttao.org\/wp-content\/uploads\/2025\/05\/EaI\u00bcIo_601830467_\u00b4\u00f7\u00a8\u00b5A\u00bfE\u00b0\u00ae\u00bf\u00a8I\u00a8A\u00aeo\u00a2D\u00a4In\u00b7CAEoO\u00b5EIOA2-1391x1536.jpg 1391w, https:\/\/arttao.org\/wp-content\/uploads\/2025\/05\/EaI\u00bcIo_601830467_\u00b4\u00f7\u00a8\u00b5A\u00bfE\u00b0\u00ae\u00bf\u00a8I\u00a8A\u00aeo\u00a2D\u00a4In\u00b7CAEoO\u00b5EIOA2-1854x2048.jpg 1854w\" sizes=\"auto, (max-width: 927px) 100vw, 927px\" \/><\/figure>\n\n\n\n<p class=\"\"><a href=\"https:\/\/arttao.org\/es\/3-problemas-de-compulsion-e-impulsividad\/\" data-type=\"page\" data-id=\"1480\">DO. <strong>Prueba de problemas obsesivo-compulsivos e impulsivos <\/strong><\/a><\/p>\n\n\n\n<p class=\"has-small-font-size\">Antes de realizar una prueba psicol\u00f3gica, es importante comprender qu\u00e9 son las compulsiones y la impulsividad. Estas no son simplemente malos h\u00e1bitos o defectos de personalidad; representan un conflicto interno estrechamente vinculado al estr\u00e9s psicol\u00f3gico. Las compulsiones suelen manifestarse como pensamientos y comportamientos repetitivos e incontrolados (como la duda y la preocupaci\u00f3n) y comportamientos (como lavarse las manos constantemente y revisar constantemente), que a menudo ocultan ansiedad y miedo subyacentes. Las conductas impulsivas, por otro lado, se manifiestan como compulsiones incontrolables, como arrebatos repentinos de ira, compras excesivas, arrancarse el pelo y morderse las u\u00f1as. Estas suelen ser reacciones autom\u00e1ticas que ocurren en un corto per\u00edodo de tiempo para aliviar la tensi\u00f3n emocional.<\/p>\n\n\n\n<p class=\"has-small-font-size\">Sin una comprensi\u00f3n adecuada de estos s\u00edntomas antes de la prueba, las personas pueden desestimarlos err\u00f3neamente como &quot;problemas menores&quot; o &quot;problemas de personalidad&quot;, minimizando su gravedad y provocando renuencia a responder con sinceridad o preguntas evasivas durante la prueba. Comprender estos problemas puede ayudar a las personas a expresar sus experiencias con mayor honestidad y precisi\u00f3n, lo que hace que las pruebas psicol\u00f3gicas sean m\u00e1s valiosas y proporciona una base m\u00e1s aut\u00e9ntica para la intervenci\u00f3n y la mejora psicol\u00f3gica posterior. Las pruebas psicol\u00f3gicas no se tratan de &quot;diagnosticar si tienes una enfermedad&quot;, sino de comprender mejor los conflictos internos y los patrones emocionales que experimentas. Comprender estos mecanismos psicol\u00f3gicos de antemano te ayuda a abordar el proceso de prueba con una actitud abierta y receptiva.<\/p>","protected":false},"excerpt":{"rendered":"<p>C. \u4ec0\u4e48\u662f\u5f3a\u8feb\u4e0e\u51b2\u52a8\u95ee\u9898\uff1f \u5728\u8fdb\u884c\u5fc3\u7406\u6d4b\u8bd5\u524d\uff0c\u6df1\u5165\u4e86\u89e3\u4ec0\u4e48\u662f\u201c\u5f3a\u8feb\u4e0e\u51b2\u52a8\u95ee\u9898\u201d\uff0c\u5bf9\u4e8e\u83b7\u5f97\u771f\u5b9e\u3001\u6709\u6548\u7684\u8bc4\u4f30\u7ed3\u679c [&hellip;]<\/p>\n","protected":false},"author":1,"featured_media":0,"parent":0,"menu_order":0,"comment_status":"closed","ping_status":"closed","template":"","meta":{"nf_dc_page":"","om_disable_all_campaigns":false,"_monsterinsights_skip_tracking":false,"_monsterinsights_sitenote_active":false,"_monsterinsights_sitenote_note":"","_monsterinsights_sitenote_category":0,"footnotes":""},"class_list":["post-6866","page","type-page","status-publish","hentry"],"_links":{"self":[{"href":"https:\/\/arttao.org\/es\/wp-json\/wp\/v2\/pages\/6866","targetHints":{"allow":["GET"]}}],"collection":[{"href":"https:\/\/arttao.org\/es\/wp-json\/wp\/v2\/pages"}],"about":[{"href":"https:\/\/arttao.org\/es\/wp-json\/wp\/v2\/types\/page"}],"author":[{"embeddable":true,"href":"https:\/\/arttao.org\/es\/wp-json\/wp\/v2\/users\/1"}],"replies":[{"embeddable":true,"href":"https:\/\/arttao.org\/es\/wp-json\/wp\/v2\/comments?post=6866"}],"version-history":[{"count":11,"href":"https:\/\/arttao.org\/es\/wp-json\/wp\/v2\/pages\/6866\/revisions"}],"predecessor-version":[{"id":11288,"href":"https:\/\/arttao.org\/es\/wp-json\/wp\/v2\/pages\/6866\/revisions\/11288"}],"wp:attachment":[{"href":"https:\/\/arttao.org\/es\/wp-json\/wp\/v2\/media?parent=6866"}],"curies":[{"name":"gracias","href":"https:\/\/api.w.org\/{rel}","templated":true}]}}