{"id":6870,"date":"2025-06-28T17:05:32","date_gmt":"2025-06-28T17:05:32","guid":{"rendered":"https:\/\/arttao.org\/?page_id=6870"},"modified":"2025-07-25T19:18:06","modified_gmt":"2025-07-25T19:18:06","slug":"d-prueba-de-trauma-y-estres-socratico","status":"publish","type":"page","link":"https:\/\/arttao.org\/es\/d-%e8%8b%8f%e6%a0%bc%e6%8b%89%e5%ba%95-%e5%88%9b%e4%bc%a4%e4%b8%8e%e5%ba%94%e6%bf%80%e9%97%ae%e9%a2%98%e6%b5%8b%e8%af%95\/","title":{"rendered":"D. S\u00f3crates - Prueba de trauma y estr\u00e9s"},"content":{"rendered":"<p class=\"\"><\/p>\n\n\n\n<figure class=\"wp-block-image size-large is-resized\"><img loading=\"lazy\" decoding=\"async\" width=\"1024\" height=\"696\" src=\"https:\/\/arttao.org\/wp-content\/uploads\/2025\/06\/EaI\u00bcIo_601799129_AE\u00afAA\u00b5AA\u00ae\u00d7O\u00b7CAEoO\u00b5EIOA22-1024x696.jpg\" alt=\"\" class=\"wp-image-6917\" style=\"width:77px;height:auto\" srcset=\"\" sizes=\"auto, (max-width: 1024px) 100vw, 1024px\" data-srcset=\"\" \/><\/figure>\n\n\n\n<p class=\"\"><a href=\"https:\/\/arttao.org\/es\/d-1-que-son-los-problemas-de-trauma-y-estres\/\" data-type=\"page\" data-id=\"6965\">D. <strong>\u00bfQu\u00e9 son los problemas de trauma y estr\u00e9s?<\/strong><\/a><\/p>\n\n\n\n<p class=\"has-small-font-size\">Antes de realizar un test psicol\u00f3gico, es fundamental comprender qu\u00e9 son los trastornos compulsivos e impulsivos. Esto no solo te ayudar\u00e1 a comprender con mayor precisi\u00f3n las preguntas del test, sino que tambi\u00e9n te ayudar\u00e1 a afrontar tus emociones y comportamientos de forma m\u00e1s realista. Los trastornos compulsivos se manifiestan principalmente como pensamientos recurrentes e incontrolables (como la preocupaci\u00f3n por los g\u00e9rmenes o el miedo a da\u00f1ar a los dem\u00e1s) y los comportamientos repetitivos resultantes (como lavarse las manos y revisar las cerraduras de las puertas). Si bien estos comportamientos pueden aliviar la ansiedad temporalmente, a menudo ocupan una cantidad significativa de tiempo e interrumpen la vida normal. Los trastornos impulsivos, por otro lado, se refieren a comportamientos incontrolables y repentinos, como la ira repentina, comer en exceso, la adicci\u00f3n a las compras e incluso la autolesi\u00f3n. Estos comportamientos suelen tener como objetivo aliviar r\u00e1pidamente el malestar interno, pero pueden provocar un arrepentimiento y un dolor m\u00e1s profundos.<\/p>\n\n\n\n<p class=\"has-small-font-size\">Comprender estos dos conceptos puede ayudarle a distinguir entre &quot;pensamientos ocasionales&quot; y &quot;s\u00edntomas persistentes, intensos y disruptivos&quot; durante la evaluaci\u00f3n. Tambi\u00e9n le recuerda que estos problemas no son defectos de personalidad, sino desequilibrios temporales en su sistema psicol\u00f3gico. Iniciar la evaluaci\u00f3n con esta comprensi\u00f3n le facilitar\u00e1 superar la verg\u00fcenza y la autocr\u00edtica, expresar su estado con precisi\u00f3n y obtener resultados significativos. Este es un paso importante para comenzar la adaptaci\u00f3n y la sanaci\u00f3n.<\/p>\n\n\n\n<p class=\"has-small-font-size\"><\/p>\n\n\n\n<figure class=\"wp-block-image size-large is-resized\"><img loading=\"lazy\" decoding=\"async\" width=\"1024\" height=\"696\" src=\"https:\/\/arttao.org\/wp-content\/uploads\/2025\/06\/EaI\u00bcIo_601799129_AE\u00afAA\u00b5AA\u00ae\u00d7O\u00b7CAEoO\u00b5EIOA22-1024x696.jpg\" alt=\"\" class=\"wp-image-6917\" style=\"width:83px;height:auto\" srcset=\"\" sizes=\"auto, (max-width: 1024px) 100vw, 1024px\" data-srcset=\"\" \/><\/figure>\n\n\n\n<p class=\"\"><a href=\"https:\/\/arttao.org\/es\/4-problemas-relacionados-con-el-trauma-y-el-estres-2\/\" data-type=\"page\" data-id=\"650\">D. <strong>Pruebas de trauma y estr\u00e9s<\/strong><\/a><\/p>\n\n\n\n<p class=\"has-small-font-size\">Antes de realizar una prueba psicol\u00f3gica, realizar una prueba para detectar trastornos obsesivo-compulsivos no pretende etiquetar al paciente, sino ayudarle a comprender sus mecanismos psicol\u00f3gicos subyacentes. Los trastornos obsesivo-compulsivos suelen manifestarse como pensamientos repetitivos e incontrolables (como la preocupaci\u00f3n excesiva por la contaminaci\u00f3n) o comportamientos repetitivos (como lavarse las manos o revisar), mientras que los trastornos impulsivos se manifiestan como impulsos repentinos e incontrolables de actuar (como arrebatos de ira, atracones y compras impulsivas). Esta prueba puede ayudarle a identificar si estos comportamientos interfieren con su funcionamiento y si podr\u00edan estar ocultando una inseguridad m\u00e1s profunda o emociones no procesadas.<\/p>\n\n\n\n<p class=\"has-small-font-size\">Antes de realizar la prueba, debe dejar de lado la ansiedad sobre si est\u00e1 enfermo y, en cambio, abordar las preguntas con la actitud de &quot;Quiero comprenderme a m\u00ed mismo&quot;. Las preguntas pueden abarcar detalles como la frecuencia de los comportamientos, la intensidad de las emociones y la sensaci\u00f3n de p\u00e9rdida de control. Base sus respuestas en sus experiencias reales de las \u00faltimas semanas. No endulce ni oculte sus sentimientos, ya que la prueba en s\u00ed no juzga lo correcto o lo incorrecto; simplemente revela una tendencia.<\/p>\n\n\n\n<p class=\"has-small-font-size\">Tras completar la prueba, no se apresure a sacar conclusiones. En cambio, utilice los resultados como referencia para ayudarle a afrontar su estado mental de forma m\u00e1s consciente. Si es necesario, tambi\u00e9n puede consultar los resultados con un psic\u00f3logo para obtener una comprensi\u00f3n m\u00e1s profunda y apoyo.<\/p>","protected":false},"excerpt":{"rendered":"<p>D. \u4ec0\u4e48\u662f\u521b\u4f24\u4e0e\u5e94\u6fc0\u95ee\u9898\uff1f \u5728\u5fc3\u7406\u6d4b\u8bd5\u524d\uff0c\u4e86\u89e3\u4ec0\u4e48\u662f\u5f3a\u8feb\u4e0e\u51b2\u52a8\u95ee\u9898\u975e\u5e38\u91cd\u8981\u3002\u8fd9\u4e0d\u4ec5\u6709\u52a9\u4e8e\u4f60\u66f4\u51c6\u786e\u5730\u7406\u89e3\u6d4b\u8bd5\u9898 [&hellip;]<\/p>\n","protected":false},"author":1,"featured_media":0,"parent":0,"menu_order":0,"comment_status":"closed","ping_status":"closed","template":"","meta":{"nf_dc_page":"","om_disable_all_campaigns":false,"_monsterinsights_skip_tracking":false,"_monsterinsights_sitenote_active":false,"_monsterinsights_sitenote_note":"","_monsterinsights_sitenote_category":0,"footnotes":""},"class_list":["post-6870","page","type-page","status-publish","hentry"],"_links":{"self":[{"href":"https:\/\/arttao.org\/es\/wp-json\/wp\/v2\/pages\/6870","targetHints":{"allow":["GET"]}}],"collection":[{"href":"https:\/\/arttao.org\/es\/wp-json\/wp\/v2\/pages"}],"about":[{"href":"https:\/\/arttao.org\/es\/wp-json\/wp\/v2\/types\/page"}],"author":[{"embeddable":true,"href":"https:\/\/arttao.org\/es\/wp-json\/wp\/v2\/users\/1"}],"replies":[{"embeddable":true,"href":"https:\/\/arttao.org\/es\/wp-json\/wp\/v2\/comments?post=6870"}],"version-history":[{"count":12,"href":"https:\/\/arttao.org\/es\/wp-json\/wp\/v2\/pages\/6870\/revisions"}],"predecessor-version":[{"id":8187,"href":"https:\/\/arttao.org\/es\/wp-json\/wp\/v2\/pages\/6870\/revisions\/8187"}],"wp:attachment":[{"href":"https:\/\/arttao.org\/es\/wp-json\/wp\/v2\/media?parent=6870"}],"curies":[{"name":"gracias","href":"https:\/\/api.w.org\/{rel}","templated":true}]}}