{"id":6898,"date":"2025-06-28T18:40:30","date_gmt":"2025-06-28T18:40:30","guid":{"rendered":"https:\/\/arttao.org\/?page_id=6898"},"modified":"2025-07-25T19:19:47","modified_gmt":"2025-07-25T19:19:47","slug":"preguntas-sobre-cambios-de-humor-de-socrates","status":"publish","type":"page","link":"https:\/\/arttao.org\/es\/e-%e8%8b%8f%e6%a0%bc%e6%8b%89%e5%ba%95-%e6%83%85%e7%bb%aa%e6%b3%a2%e5%8a%a8%e9%97%ae%e9%a2%98%e6%b5%8b%e8%af%95\/","title":{"rendered":"E. S\u00f3crates - Prueba de preguntas sobre el balance emocional"},"content":{"rendered":"<p class=\"\"><\/p>\n\n\n\n<figure class=\"wp-block-image size-large is-resized\"><img loading=\"lazy\" decoding=\"async\" width=\"1024\" height=\"637\" src=\"https:\/\/arttao.org\/wp-content\/uploads\/2025\/06\/EaI\u00bcIo_601786894_\u00b3EE\u00b1\u00b3\u00be\u00b0EI\u00b5AEUA\u00ae\u00b7CAEoO\u00b5EIOA22-1024x637.jpg\" alt=\"\" class=\"wp-image-6921\" style=\"width:80px;height:auto\" srcset=\"\" sizes=\"auto, (max-width: 1024px) 100vw, 1024px\" data-srcset=\"\" \/><\/figure>\n\n\n\n<p class=\"\"><a href=\"https:\/\/arttao.org\/es\/e1-que-son-los-problemas-de-cambios-de-humor\/\" data-type=\"page\" data-id=\"6901\">MI. <strong>\u00bfQu\u00e9 son los problemas de cambios de humor?<\/strong><\/a><\/p>\n\n\n\n<p class=\"has-small-font-size\">Los cambios de humor se refieren a cambios frecuentes y dr\u00e1sticos en el estado de \u00e1nimo de una persona que van m\u00e1s all\u00e1 de las fluctuaciones normales y afectan su vida, sus relaciones y su autopercepci\u00f3n general. Normalmente, las personas experimentan emociones como alegr\u00eda, ira, tristeza y felicidad en respuesta a eventos externos, pero suelen recuperar el equilibrio en poco tiempo. Sin embargo, los cambios de humor a menudo se manifiestan como cambios incontrolables, como cambios repentinos de excitaci\u00f3n extrema a depresi\u00f3n, estallidos repentinos de calma a ira o per\u00edodos prolongados de irritabilidad y vac\u00edo. Estas fluctuaciones a menudo carecen de una causa clara y pueden desencadenar reacciones intensas incluso ante incidentes menores.<\/p>\n\n\n\n<p class=\"has-small-font-size\">Los cambios de humor no son simplemente &quot;emocionales&quot; o &quot;sensibles&quot;, sino m\u00e1s bien la inestabilidad del mecanismo regulador interno, que puede involucrar m\u00faltiples factores como el sistema nervioso, factores fisiol\u00f3gicos, experiencias infantiles y rasgos de personalidad. En la pr\u00e1ctica cl\u00ednica, es com\u00fan en<strong>Trastorno bipolar, trastorno l\u00edmite de la personalidad, trastorno de la regulaci\u00f3n del estado de \u00e1nimo, trastorno de desregulaci\u00f3n disruptiva del estado de \u00e1nimo (DMDD), etc.<\/strong>Durante una enfermedad, los cambios de humor no s\u00f3lo agotan a las personas, sino que tambi\u00e9n pueden conducir f\u00e1cilmente a relaciones rotas, autoestima da\u00f1ada e incluso comportamiento impulsivo.<\/p>\n\n\n\n<p class=\"has-small-font-size\">Comprender el problema de las fluctuaciones emocionales es una preparaci\u00f3n importante antes de realizar una evaluaci\u00f3n psicol\u00f3gica. Nos ayuda a identificar si nos encontramos en un estado de desequilibrio emocional y sienta las bases para el apoyo psicol\u00f3gico y la autorregulaci\u00f3n posteriores.<\/p>\n\n\n\n<p class=\"has-small-font-size\"><\/p>\n\n\n\n<figure class=\"wp-block-image size-large is-resized\"><img loading=\"lazy\" decoding=\"async\" width=\"1024\" height=\"637\" src=\"https:\/\/arttao.org\/wp-content\/uploads\/2025\/06\/EaI\u00bcIo_601786894_\u00b3EE\u00b1\u00b3\u00be\u00b0EI\u00b5AEUA\u00ae\u00b7CAEoO\u00b5EIOA22-1024x637.jpg\" alt=\"\" class=\"wp-image-6921\" style=\"width:84px;height:auto\" srcset=\"\" sizes=\"auto, (max-width: 1024px) 100vw, 1024px\" data-srcset=\"\" \/><\/figure>\n\n\n\n<p class=\"\">MI. <strong><a href=\"https:\/\/arttao.org\/es\/e-cambios-de-humor\/\">Pruebas de problemas de cambios de humor<\/a><\/strong><\/p>\n\n\n\n<p class=\"has-small-font-size\">Evaluar los cambios de humor mediante pruebas psicol\u00f3gicas es crucial, ya que estos problemas suelen ocultarse en los cambios de humor cotidianos y pueden malinterpretarse f\u00e1cilmente como &quot;mala personalidad&quot; o &quot;mal car\u00e1cter&quot;. Sin embargo, los verdaderos trastornos del estado de \u00e1nimo (como el trastorno bipolar, el trastorno de la regulaci\u00f3n del estado de \u00e1nimo y el trastorno l\u00edmite de la personalidad) suelen implicar dificultades m\u00e1s profundas en la regulaci\u00f3n emocional, una identidad propia inestable y relaciones interpersonales tensas. Mediante pruebas psicol\u00f3gicas sistem\u00e1ticas, podemos ayudar a las personas a identificar la periodicidad, la intensidad y la duraci\u00f3n de los altibajos, as\u00ed como si van acompa\u00f1ados de comportamiento impulsivo, distinguiendo as\u00ed las fluctuaciones normales de los estados patol\u00f3gicos.<\/p>\n\n\n\n<p class=\"has-small-font-size\">Las pruebas tambi\u00e9n son importantes porque proporcionan una base s\u00f3lida para el juicio cl\u00ednico, la autoayuda personal y la intervenci\u00f3n posterior. Muchas personas experimentan angustia emocional durante a\u00f1os sin poder identificar ni comprender lo que experimentan, lo que lleva a un retraso en el tratamiento o a estrategias de afrontamiento inadecuadas. La evaluaci\u00f3n cient\u00edfica puede ayudar a las personas a desarrollar conciencia de sus propios patrones emocionales y a mejorar su gesti\u00f3n emocional proactiva. Tambi\u00e9n puede informar a los profesionales sobre las opciones de intervenci\u00f3n, como la necesidad de medicaci\u00f3n, entrenamiento para la estabilidad emocional o terapia interpersonal. Por lo tanto, las pruebas para detectar cambios de humor son un paso crucial hacia la salud mental.<\/p>","protected":false},"excerpt":{"rendered":"<p>E. \u4ec0\u4e48\u662f\u60c5\u7eea\u6ce2\u52a8\u95ee\u9898\uff1f \u60c5\u7eea\u6ce2\u52a8\u95ee\u9898\u662f\u6307\u4e00\u4e2a\u4eba\u60c5\u7eea\u72b6\u6001\u9891\u7e41\u3001\u5267\u70c8\u5730\u53d1\u751f\u53d8\u5316\uff0c\u4e14\u8fd9\u4e9b\u53d8\u5316\u8d85\u51fa\u65e5\u5e38\u6ce2\u52a8\u7684\u8303\u56f4\uff0c [&hellip;]<\/p>\n","protected":false},"author":1,"featured_media":0,"parent":0,"menu_order":0,"comment_status":"closed","ping_status":"closed","template":"","meta":{"nf_dc_page":"","om_disable_all_campaigns":false,"_monsterinsights_skip_tracking":false,"_monsterinsights_sitenote_active":false,"_monsterinsights_sitenote_note":"","_monsterinsights_sitenote_category":0,"footnotes":""},"class_list":["post-6898","page","type-page","status-publish","hentry"],"_links":{"self":[{"href":"https:\/\/arttao.org\/es\/wp-json\/wp\/v2\/pages\/6898","targetHints":{"allow":["GET"]}}],"collection":[{"href":"https:\/\/arttao.org\/es\/wp-json\/wp\/v2\/pages"}],"about":[{"href":"https:\/\/arttao.org\/es\/wp-json\/wp\/v2\/types\/page"}],"author":[{"embeddable":true,"href":"https:\/\/arttao.org\/es\/wp-json\/wp\/v2\/users\/1"}],"replies":[{"embeddable":true,"href":"https:\/\/arttao.org\/es\/wp-json\/wp\/v2\/comments?post=6898"}],"version-history":[{"count":7,"href":"https:\/\/arttao.org\/es\/wp-json\/wp\/v2\/pages\/6898\/revisions"}],"predecessor-version":[{"id":8188,"href":"https:\/\/arttao.org\/es\/wp-json\/wp\/v2\/pages\/6898\/revisions\/8188"}],"wp:attachment":[{"href":"https:\/\/arttao.org\/es\/wp-json\/wp\/v2\/media?parent=6898"}],"curies":[{"name":"gracias","href":"https:\/\/api.w.org\/{rel}","templated":true}]}}