{"id":6997,"date":"2025-06-29T17:59:35","date_gmt":"2025-06-29T17:59:35","guid":{"rendered":"https:\/\/arttao.org\/?page_id=6997"},"modified":"2025-07-25T19:20:39","modified_gmt":"2025-07-25T19:20:39","slug":"f-problemas-de-sueno-y-fisicos","status":"publish","type":"page","link":"https:\/\/arttao.org\/es\/f-%e7%9d%a1%e7%9c%a0%e4%b8%8e%e8%ba%af%e4%bd%93%e9%97%ae%e9%a2%98\/","title":{"rendered":"F. Problemas f\u00edsicos y del sue\u00f1o"},"content":{"rendered":"<p class=\"\"><\/p>\n\n\n\n<figure class=\"wp-block-image size-large is-resized\"><img loading=\"lazy\" decoding=\"async\" width=\"1024\" height=\"734\" src=\"https:\/\/arttao.org\/wp-content\/uploads\/2025\/06\/EaI\u00bcIo_601794472_AAAo\u00b5A\u00a8\u00b6aoIEUA\u00ae\u00b7CAEoO\u00b5EIOA-1024x734.jpg\" alt=\"\" class=\"wp-image-7007\" style=\"width:66px;height:auto\" srcset=\"https:\/\/arttao.org\/wp-content\/uploads\/2025\/06\/EaI\u00bcIo_601794472_AAAo\u00b5A\u00a8\u00b6aoIEUA\u00ae\u00b7CAEoO\u00b5EIOA-1024x734.jpg 1024w, https:\/\/arttao.org\/wp-content\/uploads\/2025\/06\/EaI\u00bcIo_601794472_AAAo\u00b5A\u00a8\u00b6aoIEUA\u00ae\u00b7CAEoO\u00b5EIOA-300x215.jpg 300w, https:\/\/arttao.org\/wp-content\/uploads\/2025\/06\/EaI\u00bcIo_601794472_AAAo\u00b5A\u00a8\u00b6aoIEUA\u00ae\u00b7CAEoO\u00b5EIOA-768x551.jpg 768w, https:\/\/arttao.org\/wp-content\/uploads\/2025\/06\/EaI\u00bcIo_601794472_AAAo\u00b5A\u00a8\u00b6aoIEUA\u00ae\u00b7CAEoO\u00b5EIOA-1536x1101.jpg 1536w, https:\/\/arttao.org\/wp-content\/uploads\/2025\/06\/EaI\u00bcIo_601794472_AAAo\u00b5A\u00a8\u00b6aoIEUA\u00ae\u00b7CAEoO\u00b5EIOA-2048x1468.jpg 2048w\" sizes=\"auto, (max-width: 1024px) 100vw, 1024px\" \/><\/figure>\n\n\n\n<p class=\"\"><a href=\"https:\/\/arttao.org\/es\/f1-%e4%bb%80%e4%b9%88%e6%98%af%e7%9d%a1%e7%9c%a0%e4%b8%8e%e8%ba%af%e4%bd%93%e9%97%ae%e9%a2%98%ef%bc%9f\/\" data-type=\"page\" data-id=\"7001\">F. <strong>\u00bfQu\u00e9 son los problemas del sue\u00f1o y del cuerpo?<\/strong><\/a><\/p>\n\n\n\n<p class=\"has-small-font-size\">El sue\u00f1o y las molestias f\u00edsicas suelen ser las primeras se\u00f1ales de problemas psicol\u00f3gicos. Este curso le proporcionar\u00e1 una comprensi\u00f3n m\u00e1s profunda de lo que constituyen los &quot;problemas del sue\u00f1o y del cuerpo&quot;. Estos s\u00edntomas van m\u00e1s all\u00e1 de s\u00edntomas superficiales como el insomnio, despertares prematuros, dolor de est\u00f3mago, opresi\u00f3n en el pecho y fatiga. Representan la manifestaci\u00f3n f\u00edsica del estr\u00e9s interno, las emociones reprimidas y los conflictos psicol\u00f3gicos no expresados. Cuando las personas tienen dificultades para expresar sus emociones verbalmente, el cuerpo habla por ellas, lo que provoca s\u00edntomas que desaf\u00edan la explicaci\u00f3n m\u00e9dica convencional. Este curso examinar\u00e1 las manifestaciones comunes de estos problemas, los mecanismos psicol\u00f3gicos subyacentes y su relaci\u00f3n con la ansiedad, la depresi\u00f3n y el trauma. Esto le ayudar\u00e1 a distinguir inicialmente entre una &quot;enfermedad f\u00edsica real&quot; y una &quot;enfermedad psicosom\u00e1tica&quot;. Comprender\u00e1 por qu\u00e9 los problemas f\u00edsicos, a menudo aparentemente incurables, requieren intervenci\u00f3n psicol\u00f3gica. El curso enfatiza la integraci\u00f3n del sistema mente-cuerpo, proporcionando una perspectiva fundamental para la evaluaci\u00f3n y el tratamiento posteriores. Aprender a escuchar a su cuerpo es el primer paso hacia la recuperaci\u00f3n.<\/p>\n\n\n\n<p class=\"has-small-font-size\"><\/p>\n\n\n\n<figure class=\"wp-block-image size-large is-resized\"><img loading=\"lazy\" decoding=\"async\" width=\"1024\" height=\"734\" src=\"https:\/\/arttao.org\/wp-content\/uploads\/2025\/06\/EaI\u00bcIo_601794472_AAAo\u00b5A\u00a8\u00b6aoIEUA\u00ae\u00b7CAEoO\u00b5EIOA-1024x734.jpg\" alt=\"\" class=\"wp-image-7007\" style=\"width:70px;height:auto\" srcset=\"https:\/\/arttao.org\/wp-content\/uploads\/2025\/06\/EaI\u00bcIo_601794472_AAAo\u00b5A\u00a8\u00b6aoIEUA\u00ae\u00b7CAEoO\u00b5EIOA-1024x734.jpg 1024w, https:\/\/arttao.org\/wp-content\/uploads\/2025\/06\/EaI\u00bcIo_601794472_AAAo\u00b5A\u00a8\u00b6aoIEUA\u00ae\u00b7CAEoO\u00b5EIOA-300x215.jpg 300w, https:\/\/arttao.org\/wp-content\/uploads\/2025\/06\/EaI\u00bcIo_601794472_AAAo\u00b5A\u00a8\u00b6aoIEUA\u00ae\u00b7CAEoO\u00b5EIOA-768x551.jpg 768w, https:\/\/arttao.org\/wp-content\/uploads\/2025\/06\/EaI\u00bcIo_601794472_AAAo\u00b5A\u00a8\u00b6aoIEUA\u00ae\u00b7CAEoO\u00b5EIOA-1536x1101.jpg 1536w, https:\/\/arttao.org\/wp-content\/uploads\/2025\/06\/EaI\u00bcIo_601794472_AAAo\u00b5A\u00a8\u00b6aoIEUA\u00ae\u00b7CAEoO\u00b5EIOA-2048x1468.jpg 2048w\" sizes=\"auto, (max-width: 1024px) 100vw, 1024px\" \/><\/figure>\n\n\n\n<p class=\"\"><a href=\"https:\/\/arttao.org\/es\/f-problemas-de-sueno-y-fisicos-2\/\">F.<strong>Pruebas de sue\u00f1o y problemas f\u00edsicos<\/strong><\/a><\/p>\n\n\n\n<p class=\"has-small-font-size\">El sue\u00f1o y las molestias f\u00edsicas a menudo se confunden con dolencias puramente fisiol\u00f3gicas, pero en realidad pueden ser el resultado de estr\u00e9s psicol\u00f3gico cr\u00f3nico. Este curso te guiar\u00e1 a trav\u00e9s de una evaluaci\u00f3n psicol\u00f3gica centrada en &quot;Problemas del sue\u00f1o y som\u00e1ticos&quot;. Mediante preguntas estructuradas, evaluar\u00e1s si presentas los siguientes s\u00edntomas: dificultad para conciliar el sue\u00f1o, despertares tempranos, sue\u00f1os frecuentes, despertares sobresaltados, fatiga persistente, dolores corporales, trastornos gastrointestinales y dificultad para respirar. Si bien estos s\u00edntomas pueden parecer f\u00edsicos, suelen estar estrechamente relacionados con la ansiedad, la depresi\u00f3n y experiencias traum\u00e1ticas. Esta evaluaci\u00f3n no es una herramienta de diagn\u00f3stico, sino una herramienta para ayudarte a comprender la conexi\u00f3n entre tu cuerpo y tu mente. El curso tambi\u00e9n explicar\u00e1 el significado de cada indicador, gui\u00e1ndote a trav\u00e9s del autoconocimiento y el desarrollo de un marco para comprender la integraci\u00f3n de la mente y el cuerpo. Despu\u00e9s de completar la evaluaci\u00f3n, comprender\u00e1s mejor qu\u00e9 se\u00f1ales requieren mayor atenci\u00f3n, cu\u00e1ndo buscar ayuda profesional y c\u00f3mo gestionar y prevenir estos problemas en tu vida diaria. Esto es m\u00e1s que un simple ejercicio de autoevaluaci\u00f3n; Es una oportunidad para escuchar profundamente el di\u00e1logo entre tu cuerpo y tu mente.<\/p>\n\n\n\n<p class=\"\"><\/p>","protected":false},"excerpt":{"rendered":"<p>F. \u4ec0\u4e48\u662f\u7761\u7720\u4e0e\u8eaf\u4f53\u95ee\u9898\uff1f \u7761\u7720\u4e0e\u8eab\u4f53\u7684\u4e0d\u9002\uff0c\u5e38\u5e38\u662f\u5fc3\u7406\u95ee\u9898\u6700\u65e9\u53d1\u51fa\u7684\u4fe1\u53f7\u3002\u672c\u8bfe\u5c06\u5e26\u4f60\u6df1\u5165\u4e86\u89e3\uff1a\u4ec0\u4e48\u662f\u201c\u7761\u7720 [&hellip;]<\/p>\n","protected":false},"author":1,"featured_media":0,"parent":0,"menu_order":0,"comment_status":"closed","ping_status":"closed","template":"","meta":{"nf_dc_page":"","om_disable_all_campaigns":false,"_monsterinsights_skip_tracking":false,"_monsterinsights_sitenote_active":false,"_monsterinsights_sitenote_note":"","_monsterinsights_sitenote_category":0,"footnotes":""},"class_list":["post-6997","page","type-page","status-publish","hentry"],"_links":{"self":[{"href":"https:\/\/arttao.org\/es\/wp-json\/wp\/v2\/pages\/6997","targetHints":{"allow":["GET"]}}],"collection":[{"href":"https:\/\/arttao.org\/es\/wp-json\/wp\/v2\/pages"}],"about":[{"href":"https:\/\/arttao.org\/es\/wp-json\/wp\/v2\/types\/page"}],"author":[{"embeddable":true,"href":"https:\/\/arttao.org\/es\/wp-json\/wp\/v2\/users\/1"}],"replies":[{"embeddable":true,"href":"https:\/\/arttao.org\/es\/wp-json\/wp\/v2\/comments?post=6997"}],"version-history":[{"count":6,"href":"https:\/\/arttao.org\/es\/wp-json\/wp\/v2\/pages\/6997\/revisions"}],"predecessor-version":[{"id":8189,"href":"https:\/\/arttao.org\/es\/wp-json\/wp\/v2\/pages\/6997\/revisions\/8189"}],"wp:attachment":[{"href":"https:\/\/arttao.org\/es\/wp-json\/wp\/v2\/media?parent=6997"}],"curies":[{"name":"gracias","href":"https:\/\/api.w.org\/{rel}","templated":true}]}}