{"id":7032,"date":"2025-06-29T20:28:02","date_gmt":"2025-06-29T20:28:02","guid":{"rendered":"https:\/\/arttao.org\/?page_id=7032"},"modified":"2025-07-25T19:21:22","modified_gmt":"2025-07-25T19:21:22","slug":"h1-dependencia-y-adiccion","status":"publish","type":"page","link":"https:\/\/arttao.org\/es\/h1-%e4%be%9d%e8%b5%96%e4%b8%8e%e6%88%90%e7%98%be%e9%97%ae%e9%a2%98\/","title":{"rendered":"G. Preguntas y respuestas socr\u00e1ticas: Dependencia y adicci\u00f3n"},"content":{"rendered":"<p class=\"\"><\/p>\n\n\n\n<p class=\"\"><\/p>\n\n\n\n<figure class=\"wp-block-image size-large is-resized\"><img loading=\"lazy\" decoding=\"async\" width=\"1024\" height=\"770\" src=\"https:\/\/arttao.org\/wp-content\/uploads\/2025\/06\/EaI\u00bcIo_601793890_\u00bf \u00a8I\u00a8D\u00a1 A\u00aeo\u00a2\u00b2a_\u00b7CAEoO\u00b5EIOA1-1024x770.jpg\" alt=\"\" class=\"wp-image-7140\" style=\"width:65px;height:auto\" srcset=\"\" sizes=\"auto, (max-width: 1024px) 100vw, 1024px\" data-srcset=\"\" \/><\/figure>\n\n\n\n<p class=\"\"><a href=\"https:\/\/arttao.org\/es\/h-1-que-son-los-problemas-de-dependencia-y-adiccion\/\" data-type=\"page\" data-id=\"7042\">GRAMO. <strong>\u00bfQu\u00e9 son los problemas de dependencia y adicci\u00f3n?<\/strong><\/a><\/p>\n\n\n\n<p class=\"has-small-font-size\">En el \u00e1mbito de la salud mental, la &quot;dependencia y la adicci\u00f3n&quot; no solo se refieren a la dependencia de sustancias (como el alcohol, las drogas y la nicotina), sino que tambi\u00e9n incluyen la obsesi\u00f3n excesiva y el control desequilibrado sobre ciertas conductas (como internet, los juegos de azar y las relaciones afectivas). Sus caracter\u00edsticas principales son:<strong>Saber que es perjudicial para el cuerpo y la mente, pero a\u00fan as\u00ed encontrar dif\u00edcil detenerse o romper con ello.<\/strong>, y se acompa\u00f1an de cambios de humor, antojos intensos, culpa e incluso autodesprecio.<\/p>\n\n\n\n<p class=\"has-small-font-size\">La dependencia suele comenzar con una dificultad para autorregularse. Ante el estr\u00e9s, el dolor emocional o la sensaci\u00f3n de vac\u00edo, las personas buscan consuelo temporal en medios externos (sustancias o comportamientos). Al principio, estos comportamientos pueden parecer inofensivos, como quedarse dormido con el tel\u00e9fono o relajarse con una bebida, pero gradualmente aumentan en frecuencia y se descontrolan, convirti\u00e9ndose finalmente en una adicci\u00f3n. Las conductas adictivas pueden desplazar otros aspectos importantes de la vida, provocando p\u00e9rdida de prop\u00f3sito, da\u00f1o en las relaciones, descuido de la salud e incluso angustia psicol\u00f3gica.<\/p>\n\n\n\n<p class=\"has-small-font-size\">Este curso te ayudar\u00e1 a identificar las diferentes formas de dependencia y adicci\u00f3n, a comprender los mecanismos psicol\u00f3gicos que las sustentan (como la evitaci\u00f3n, la autonegaci\u00f3n y la dificultad para regular las emociones) y a recuperar la libertad interior mediante el autoconocimiento, el restablecimiento de tu ritmo, el desarrollo de estrategias alternativas y el apoyo psicol\u00f3gico. La dependencia no es un signo de debilidad, sino el clamor de emociones no resueltas. Solo a trav\u00e9s de la comprensi\u00f3n podemos sanar.<\/p>\n\n\n\n<figure class=\"wp-block-image size-large is-resized\"><img loading=\"lazy\" decoding=\"async\" width=\"1024\" height=\"770\" src=\"https:\/\/arttao.org\/wp-content\/uploads\/2025\/06\/EaI\u00bcIo_601793890_\u00bf \u00a8I\u00a8D\u00a1 A\u00aeo\u00a2\u00b2a_\u00b7CAEoO\u00b5EIOA1-1024x770.jpg\" alt=\"\" class=\"wp-image-7140\" style=\"width:67px;height:auto\" srcset=\"\" sizes=\"auto, (max-width: 1024px) 100vw, 1024px\" data-srcset=\"\" \/><\/figure>\n\n\n\n<p class=\"\"><a href=\"https:\/\/arttao.org\/es\/h-problemas-de-dependencia-y-adiccion\/\" data-type=\"page\" data-id=\"2954\">GRAMO. <strong>Pruebas de dependencia y adicci\u00f3n<\/strong><\/a><\/p>\n\n\n\n<p class=\"has-small-font-size\">Pasaremos<strong>Cuestionamiento socr\u00e1tico<\/strong>Para explorar a fondo los mecanismos psicol\u00f3gicos y los patrones de comportamiento de la dependencia y la adicci\u00f3n. Esta prueba no es un cuestionario de puntuaci\u00f3n tradicional, sino un di\u00e1logo guiado.<strong>Ayudarle a ver claramente si est\u00e1 utilizando ciertos comportamientos para llenar el vac\u00edo interior, perder el control de sus emociones o evitar dificultades reales.<\/strong>.<\/p>\n\n\n\n<p class=\"has-small-font-size\">La adicci\u00f3n no s\u00f3lo significa drogas o alcohol;<strong>Celulares, juegos, redes sociales, comer en exceso, compras, trabajo e incluso el apego en las relaciones.<\/strong>Las pruebas se centrar\u00e1n en las siguientes \u00e1reas clave:<\/p>\n\n\n\n<ul class=\"wp-block-list\">\n<li class=\"has-small-font-size\"><strong>Mecanismo de disparo<\/strong>\u00bfEn qu\u00e9 situaciones es m\u00e1s probable que inicies una conducta dependiente?<\/li>\n\n\n\n<li class=\"has-small-font-size\"><strong>Regulaci\u00f3n emocional<\/strong>\u00bfSon estos comportamientos algo que usted hace para lidiar con el dolor, la ansiedad o la soledad?<\/li>\n\n\n\n<li class=\"has-small-font-size\"><strong>Experiencia de autocontrol<\/strong>\u00bfAlguna vez has intentado reducir o parar, pero siempre has fracasado y has ca\u00eddo en la autoculpa?<\/li>\n\n\n\n<li class=\"has-small-font-size\"><strong>Impacto en la vida<\/strong>\u00bfHa afectado sus relaciones, su sue\u00f1o, sus finanzas o su sentido de autoestima?<\/li>\n<\/ul>\n\n\n\n<p class=\"has-small-font-size\">A trav\u00e9s de estas preguntas exploratorias, el sistema te ayudar\u00e1 a crear tu propio &quot;mapa de dependencia psicol\u00f3gica&quot;, estableciendo una direcci\u00f3n m\u00e1s clara para la sanaci\u00f3n posterior, los ajustes de comportamiento y las estrategias de vida. En esta prueba no hay nada correcto o incorrecto, solo comprensi\u00f3n y consciencia. Este es un paso para que seas honesto y comprensivo contigo mismo.<\/p>\n\n\n\n<p class=\"\"><\/p>","protected":false},"excerpt":{"rendered":"<p>G. \u4ec0\u4e48\u662f\u4f9d\u8d56\u4e0e\u6210\u763e\u95ee\u9898\uff1f \u5728\u5fc3\u7406\u5065\u5eb7\u9886\u57df\uff0c\u201c\u4f9d\u8d56\u4e0e\u6210\u763e\u201d\u4e0d\u4ec5\u4ec5\u6307\u5bf9\u7269\u8d28\uff08\u5982\u9152\u7cbe\u3001\u836f\u7269\u3001\u5c3c\u53e4\u4e01\uff09\u7684\u4f9d\u8d56\uff0c\u66f4\u5305 [&hellip;]<\/p>\n","protected":false},"author":1,"featured_media":0,"parent":0,"menu_order":0,"comment_status":"closed","ping_status":"closed","template":"","meta":{"nf_dc_page":"","om_disable_all_campaigns":false,"_monsterinsights_skip_tracking":false,"_monsterinsights_sitenote_active":false,"_monsterinsights_sitenote_note":"","_monsterinsights_sitenote_category":0,"footnotes":""},"class_list":["post-7032","page","type-page","status-publish","hentry"],"_links":{"self":[{"href":"https:\/\/arttao.org\/es\/wp-json\/wp\/v2\/pages\/7032","targetHints":{"allow":["GET"]}}],"collection":[{"href":"https:\/\/arttao.org\/es\/wp-json\/wp\/v2\/pages"}],"about":[{"href":"https:\/\/arttao.org\/es\/wp-json\/wp\/v2\/types\/page"}],"author":[{"embeddable":true,"href":"https:\/\/arttao.org\/es\/wp-json\/wp\/v2\/users\/1"}],"replies":[{"embeddable":true,"href":"https:\/\/arttao.org\/es\/wp-json\/wp\/v2\/comments?post=7032"}],"version-history":[{"count":9,"href":"https:\/\/arttao.org\/es\/wp-json\/wp\/v2\/pages\/7032\/revisions"}],"predecessor-version":[{"id":8190,"href":"https:\/\/arttao.org\/es\/wp-json\/wp\/v2\/pages\/7032\/revisions\/8190"}],"wp:attachment":[{"href":"https:\/\/arttao.org\/es\/wp-json\/wp\/v2\/media?parent=7032"}],"curies":[{"name":"gracias","href":"https:\/\/api.w.org\/{rel}","templated":true}]}}