{"id":7385,"date":"2025-07-01T01:25:42","date_gmt":"2025-07-01T01:25:42","guid":{"rendered":"https:\/\/arttao.org\/?page_id=7385"},"modified":"2025-10-28T20:23:12","modified_gmt":"2025-10-28T20:23:12","slug":"a-g-%e5%bf%83%e7%90%86%e7%96%97%e6%84%88","status":"publish","type":"page","link":"https:\/\/arttao.org\/es\/a-g-%e5%bf%83%e7%90%86%e7%96%97%e6%84%88\/","title":{"rendered":"AG. Sanaci\u00f3n psicol\u00f3gica"},"content":{"rendered":"<section class=\"arttao-healing-path is-layout-flow wp-block-group-is-layout-flow\">\n\n  \n  <div style=\"height:40px\" aria-hidden=\"true\" class=\"wp-block-spacer\"><\/div>\n  \n\n  <!-- ===== A. \u7126\u8651\u76f8\u5173\u95ee\u9898 ===== -->\n  \n  <figure class=\"wp-block-image size-large is-resized\">\n    <img loading=\"lazy\" decoding=\"async\" width=\"1024\" height=\"723\" src=\"https:\/\/arttao.org\/wp-content\/uploads\/2025\/07\/EaI\u00bcIo_601794472_AAAo\u00b5A\u00a8\u00b6aoIEUA\u00ae\u00b7CAEoO\u00b5EIOA1-1024x723.jpg\"\n         alt=\"Problemas relacionados con la ansiedad\" class=\"wp-image-7386\"\n         style=\"width:71px;height:auto\" srcset=\"\" sizes=\"auto, (max-width: 1024px) 100vw, 1024px\" data-srcset=\"\" \/>\n  <\/figure>\n  \n\n  \n  <p>\n    <a href=\"https:\/\/arttao.org\/es\/1-problemas-relacionados-con-la-ansiedad-2\/\">\n      <strong>A. Cursos sobre temas relacionados con la ansiedad<\/strong>\n    <\/a>\n  <\/p>\n  \n\n  \n  <p class=\"has-small-font-size\">\n    La ansiedad es un estado psicol\u00f3gico com\u00fan, pero a menudo subestimado, que puede manifestarse como preocupaci\u00f3n persistente, introspecci\u00f3n excesiva o una sensaci\u00f3n de incapacidad para controlar el futuro. Este curso ayuda a los participantes a identificar tipos comunes como la ansiedad generalizada, la ansiedad social, los ataques de p\u00e1nico y las fobias espec\u00edficas, a comprender las manifestaciones psicol\u00f3gicas y f\u00edsicas de la ansiedad y a recuperar una sensaci\u00f3n de seguridad y equilibrio.\n  <\/p>\n  \n\n  <!-- ===== B. \u6291\u90c1\u76f8\u5173\u95ee\u9898 ===== -->\n  <figure class=\"wp-block-image size-large is-resized\">\n    <img decoding=\"async\" src=\"https:\/\/arttao.org\/wp-content\/uploads\/2025\/06\/EaI\u00bcIo_601793889_\u00bf \u00a8I\u00a8D\u00a1 A\u00aeo\u00a2I\u00b7\u00b4\u00f7\u00a8\u00b6a\u00b7CAEoO\u00b5EIOA-1024x735.jpg\"\n         alt=\"\u6291\u90c1\u76f8\u5173\u95ee\u9898\"\n         style=\"width:71px;height:auto\"\/>\n  <\/figure>\n\n  <p>\n    <a href=\"https:\/\/arttao.org\/es\/problemas-relacionados-con-la-depresion\/\">\n      <strong>B. Cursos sobre temas relacionados con la depresi\u00f3n<\/strong>\n    <\/a>\n  <\/p>\n\n  <p class=\"has-small-font-size\">\n    La depresi\u00f3n no es solo un estado de \u00e1nimo bajo, sino tambi\u00e9n un agotamiento de la energ\u00eda psicol\u00f3gica. Esta unidad explora tipos como el trastorno depresivo mayor, la depresi\u00f3n persistente y la depresi\u00f3n posparto, analiza los mecanismos del ciclo cognitivo y emocional, y te ayuda a reconocer las se\u00f1ales de alerta temprana para recuperar tu vitalidad interior y tu sentido de la vida.\n  <\/p>\n\n  <!-- ===== C. \u5f3a\u8feb\u4e0e\u51b2\u52a8 ===== -->\n  <figure class=\"wp-block-image size-large is-resized\">\n    <img decoding=\"async\" src=\"https:\/\/arttao.org\/wp-content\/uploads\/2025\/06\/EaI\u00bcIo_601793890_\u00bf \u00a8I\u00a8D\u00a1 A\u00aeo\u00a2\u00b2a_\u00b7CAEoO\u00b5EIOA1-1024x770.jpg\"\n         alt=\"\u5f3a\u8feb\u4e0e\u51b2\u52a8\"\n         style=\"width:74px;height:auto\"\/>\n  <\/figure>\n\n  <p>\n    <a href=\"https:\/\/arttao.org\/es\/problemas-obsesivo-compulsivos-e-impulsivos\/\">\n      <strong>C. Curso sobre Problemas Compulsivos e Impulsivos<\/strong>\n    <\/a>\n  <\/p>\n\n  <p class=\"has-small-font-size\">\n    La compulsi\u00f3n y el impulso son dos polos del conflicto psicol\u00f3gico: uno es la incapacidad de controlarse para hacerlo, y el otro, la incapacidad de controlarse para no hacerlo. Este curso te ayuda a comprender los mecanismos de ansiedad, los sesgos cognitivos y el entrenamiento en regulaci\u00f3n emocional que los sustentan, ense\u00f1\u00e1ndote a pasar de la represi\u00f3n a la transformaci\u00f3n y a restablecer el equilibrio psicol\u00f3gico.\n  <\/p>\n\n  <!-- ===== D. \u521b\u4f24\u4e0e\u5e94\u6fc0 ===== -->\n  <figure class=\"wp-block-image size-large is-resized\">\n    <img decoding=\"async\" src=\"https:\/\/arttao.org\/wp-content\/uploads\/2025\/06\/EaI\u00bcIo_601794471_\u00b3EE\u00b1\u00b3\u00be\u00b0EI\u00b5AEUA\u00ae\u00b7CAEoO\u00b5EIOA22-1024x674.jpg\"\n         alt=\"\u521b\u4f24\u4e0e\u5e94\u6fc0\"\n         style=\"width:81px;height:auto\"\/>\n  <\/figure>\n\n  <p>\n    <a href=\"https:\/\/arttao.org\/es\/d-curso-sobre-problemas-de-trauma-y-estres\/\">\n      <strong>D. Curso sobre trauma y estr\u00e9s<\/strong>\n    <\/a>\n  <\/p>\n\n  <p class=\"has-small-font-size\">\n    El trauma no solo se origina en eventos externos, sino que tambi\u00e9n puede surgir del abandono prolongado y la privaci\u00f3n emocional. Este curso te ayuda a comprender los mecanismos neuronales del trauma manifiesto y latente, el fen\u00f3meno de la congelaci\u00f3n emocional y c\u00f3mo reconstruir la sensaci\u00f3n de seguridad y la confianza interpersonal, permitiendo as\u00ed que la sanaci\u00f3n comience de verdad.\n  <\/p>\n\n  <!-- ===== E. \u60c5\u7eea\u6ce2\u52a8 ===== -->\n  <figure class=\"wp-block-image size-large is-resized\">\n    <img decoding=\"async\" src=\"https:\/\/arttao.org\/wp-content\/uploads\/2025\/06\/EaI\u00bcIo_601786897_\u00b2EE\u00b7\u00a2EI\u00b5AA\u00aeo\u00a2\u00b7CAEoO\u00b5EIOA22-1024x654.jpg\"\n         alt=\"cambios de humor\"\n         style=\"width:79px;height:auto\"\/>\n  <\/figure>\n\n  <p>\n    <a href=\"https:\/\/arttao.org\/es\/5-problemas-de-desregulacion-del-estado-de-animo\/\">\n      <strong>E. Curso sobre fluctuaciones emocionales<\/strong>\n    <\/a>\n  <\/p>\n\n  <p class=\"has-small-font-size\">\n    Los cambios de humor pueden deberse a desequilibrios en el sistema regulador. Esta unidad se centra en temas como los trastornos de la regulaci\u00f3n del estado de \u00e1nimo y el trastorno bipolar, ayudando a los estudiantes a identificar las necesidades psicol\u00f3gicas que subyacen a las emociones y a transformarlas en informaci\u00f3n \u00fatil en lugar de una carga.\n  <\/p>\n\n  <!-- ===== F. \u7761\u7720\u4e0e\u8eaf\u4f53 ===== -->\n  <figure class=\"wp-block-image size-large is-resized\">\n    <img decoding=\"async\" src=\"https:\/\/arttao.org\/wp-content\/uploads\/2025\/06\/EaI\u00bcIo_601786894_\u00b3EE\u00b1\u00b3\u00be\u00b0EI\u00b5AEUA\u00ae\u00b7CAEoO\u00b5EIOA22-1024x637.jpg\"\n         alt=\"\u7761\u7720\u4e0e\u8eaf\u4f53\"\n         style=\"width:84px;height:auto\"\/>\n  <\/figure>\n\n  <p>\n    <a href=\"https:\/\/arttao.org\/es\/6-sueno-y-problemas-somaticos\/\">\n      <strong>F. Curso sobre el sue\u00f1o y los problemas f\u00edsicos<\/strong>\n    <\/a>\n  <\/p>\n\n  <p class=\"has-small-font-size\">\n    El cuerpo es un reflejo de la mente. Esta unidad explica c\u00f3mo los problemas psicol\u00f3gicos se manifiestan como s\u00edntomas f\u00edsicos, tales como insomnio, dolores de cabeza y trastornos digestivos, y ense\u00f1a t\u00e9cnicas de regulaci\u00f3n mente-cuerpo para ayudar a restaurar la capacidad del cuerpo de funcionar como un refugio seguro.\n  <\/p>\n\n  <!-- ===== G. \u4f9d\u8d56\u4e0e\u6210\u763e ===== -->\n  <figure class=\"wp-block-image size-large is-resized\">\n    <img decoding=\"async\" src=\"https:\/\/arttao.org\/wp-content\/uploads\/2025\/06\/EaI\u00bcIo_601799129_AE\u00afAA\u00b5AA\u00ae\u00d7O\u00b7CAEoO\u00b5EIOA22-1024x696.jpg\"\n         alt=\"\u4f9d\u8d56\u4e0e\u6210\u763e\"\n         style=\"width:81px;height:auto\"\/>\n  <\/figure>\n\n  <p>\n    <a href=\"https:\/\/arttao.org\/es\/7-problemas-de-sustancias-y-adicciones\/\">\n      <strong>G. Curso sobre Problemas de Dependencia y Adicci\u00f3n<\/strong>\n    <\/a>\n  <\/p>\n\n  <p class=\"has-small-font-size\">\n    La ra\u00edz de la adicci\u00f3n no reside en el &quot;gusto&quot;, sino en la &quot;evitaci\u00f3n&quot;. Este curso explora la estructura psicol\u00f3gica, el sistema de recompensa y los d\u00e9ficits de apego de las adicciones a sustancias y comportamientos, ayudando a los estudiantes a comprender la l\u00f3gica de supervivencia de la adicci\u00f3n y a reconstruir las conexiones internas a trav\u00e9s de la conciencia y la empat\u00eda.\n  <\/p>\n\n<\/section>","protected":false},"excerpt":{"rendered":"<p>A. \u7126\u8651\u76f8\u5173\u95ee\u9898\u8bfe\u7a0b \u7126\u8651\u662f\u4e00\u79cd\u5e38\u89c1\u4f46\u9690\u853d\u7684\u5fc3\u7406\u72b6\u6001\uff0c\u5b83\u53ef\u80fd\u8868\u73b0\u4e3a\u6301\u7eed\u62c5\u5fe7\u3001\u81ea\u6211\u5ba1\u89c6\u6216\u5bf9\u672a\u6765\u7684\u65e0\u6cd5\u638c\u63a7\u3002 \u672c [&hellip;]<\/p>\n","protected":false},"author":1,"featured_media":0,"parent":0,"menu_order":0,"comment_status":"closed","ping_status":"closed","template":"","meta":{"nf_dc_page":"","om_disable_all_campaigns":false,"_monsterinsights_skip_tracking":false,"_monsterinsights_sitenote_active":false,"_monsterinsights_sitenote_note":"","_monsterinsights_sitenote_category":0,"footnotes":""},"class_list":["post-7385","page","type-page","status-publish","hentry"],"_links":{"self":[{"href":"https:\/\/arttao.org\/es\/wp-json\/wp\/v2\/pages\/7385","targetHints":{"allow":["GET"]}}],"collection":[{"href":"https:\/\/arttao.org\/es\/wp-json\/wp\/v2\/pages"}],"about":[{"href":"https:\/\/arttao.org\/es\/wp-json\/wp\/v2\/types\/page"}],"author":[{"embeddable":true,"href":"https:\/\/arttao.org\/es\/wp-json\/wp\/v2\/users\/1"}],"replies":[{"embeddable":true,"href":"https:\/\/arttao.org\/es\/wp-json\/wp\/v2\/comments?post=7385"}],"version-history":[{"count":11,"href":"https:\/\/arttao.org\/es\/wp-json\/wp\/v2\/pages\/7385\/revisions"}],"predecessor-version":[{"id":11409,"href":"https:\/\/arttao.org\/es\/wp-json\/wp\/v2\/pages\/7385\/revisions\/11409"}],"wp:attachment":[{"href":"https:\/\/arttao.org\/es\/wp-json\/wp\/v2\/media?parent=7385"}],"curies":[{"name":"gracias","href":"https:\/\/api.w.org\/{rel}","templated":true}]}}