{"id":7618,"date":"2025-07-06T22:10:23","date_gmt":"2025-07-06T22:10:23","guid":{"rendered":"https:\/\/arttao.org\/?page_id=7618"},"modified":"2025-11-23T07:19:23","modified_gmt":"2025-11-23T07:19:23","slug":"d-curso-sobre-problemas-de-trauma-y-estres","status":"publish","type":"page","link":"https:\/\/arttao.org\/es\/d-%e5%88%9b%e4%bc%a4%e4%b8%8e%e5%ba%94%e6%bf%80%e9%97%ae%e9%a2%98-%e8%af%be%e7%a8%8b\/","title":{"rendered":"D. Problemas de trauma y estr\u00e9s - Curso"},"content":{"rendered":"<p class=\"\"><\/p>\n\n\n\n<p class=\"\"><\/p>\n\n\n\n<figure class=\"wp-block-image size-large is-resized\"><img loading=\"lazy\" decoding=\"async\" width=\"1011\" height=\"1024\" src=\"https:\/\/arttao.org\/wp-content\/uploads\/2025\/07\/EaI\u00bcIo_601794473_\u00a8\u00b7\u00a2EUA\u00aeD\u00a4In\u00b7CAEoO\u00b5EIOA1-1011x1024.jpg\" alt=\"\" class=\"wp-image-7624\" style=\"width:67px;height:auto\" srcset=\"https:\/\/arttao.org\/wp-content\/uploads\/2025\/07\/EaI\u00bcIo_601794473_\u00a8\u00b7\u00a2EUA\u00aeD\u00a4In\u00b7CAEoO\u00b5EIOA1-1011x1024.jpg 1011w, https:\/\/arttao.org\/wp-content\/uploads\/2025\/07\/EaI\u00bcIo_601794473_\u00a8\u00b7\u00a2EUA\u00aeD\u00a4In\u00b7CAEoO\u00b5EIOA1-296x300.jpg 296w, https:\/\/arttao.org\/wp-content\/uploads\/2025\/07\/EaI\u00bcIo_601794473_\u00a8\u00b7\u00a2EUA\u00aeD\u00a4In\u00b7CAEoO\u00b5EIOA1-768x778.jpg 768w, https:\/\/arttao.org\/wp-content\/uploads\/2025\/07\/EaI\u00bcIo_601794473_\u00a8\u00b7\u00a2EUA\u00aeD\u00a4In\u00b7CAEoO\u00b5EIOA1-1516x1536.jpg 1516w, https:\/\/arttao.org\/wp-content\/uploads\/2025\/07\/EaI\u00bcIo_601794473_\u00a8\u00b7\u00a2EUA\u00aeD\u00a4In\u00b7CAEoO\u00b5EIOA1-2021x2048.jpg 2021w\" sizes=\"auto, (max-width: 1011px) 100vw, 1011px\" \/><\/figure>\n\n\n\n<p class=\"\"><a href=\"https:\/\/arttao.org\/es\/%e7%ac%ac%e4%ba%8c%e5%8d%81%e4%ba%94%e8%af%be%ef%bc%9a%e5%88%9b%e4%bc%a4%e5%90%8e%e5%ba%94%e6%bf%80%e9%9a%9c%e7%a2%8d%ef%bc%88ptsd%ef%bc%89%ef%bc%88%e7%ac%ac881%ef%bd%9e920%e8%af%be%ef%bc%89\/\" data-type=\"page\" data-id=\"12411\">Lecci\u00f3n 25: Trastorno de estr\u00e9s postraum\u00e1tico (TEPT) (Lecciones 901-940)<\/a><\/p>\n\n\n\n<p class=\"has-small-font-size\">Este curso se centra en el trastorno de estr\u00e9s postraum\u00e1tico (TEPT), una reacci\u00f3n psicol\u00f3gica persistente desencadenada por un evento traum\u00e1tico importante. Explicaremos sistem\u00e1ticamente los s\u00edntomas principales del TEPT: flashbacks, evitaci\u00f3n, emociones negativas e hiperactivaci\u00f3n. Mediante estudios de caso, ayudaremos a los estudiantes a identificar manifestaciones de la vida diaria que a menudo se pasan por alto, como pesadillas, entumecimiento emocional y arrebatos de ira. Adem\u00e1s, el curso explora sus mecanismos, como el modelo de &quot;sobresalto-congelaci\u00f3n-compresi\u00f3n de memoria&quot;, que explica las defensas psicol\u00f3gicas que las personas desarrollan ante el estr\u00e9s extremo. A trav\u00e9s de este curso, los estudiantes comprender\u00e1n que el TEPT no es un signo de debilidad, sino un intento del cerebro por protegerse en situaciones extremas. Tambi\u00e9n presentaremos psicoterapias y enfoques de autocuraci\u00f3n de uso com\u00fan, como la desensibilizaci\u00f3n por movimientos oculares (EMDR), la terapia de exposici\u00f3n y la meditaci\u00f3n de atenci\u00f3n plena. Mediante m\u00f3dulos interactivos basados en IA, ayudaremos a los estudiantes a iniciar una exploraci\u00f3n psicol\u00f3gica segura. Este curso es adecuado para estudiantes que han experimentado eventos traum\u00e1ticos, tienen problemas de memoria o trabajan en entornos de apoyo.<\/p>\n\n\n\n<figure class=\"wp-block-image size-large is-resized\"><img loading=\"lazy\" decoding=\"async\" width=\"1011\" height=\"1024\" src=\"https:\/\/arttao.org\/wp-content\/uploads\/2025\/07\/EaI\u00bcIo_601794473_\u00a8\u00b7\u00a2EUA\u00aeD\u00a4In\u00b7CAEoO\u00b5EIOA1-1011x1024.jpg\" alt=\"\" class=\"wp-image-7624\" style=\"width:69px;height:auto\" srcset=\"https:\/\/arttao.org\/wp-content\/uploads\/2025\/07\/EaI\u00bcIo_601794473_\u00a8\u00b7\u00a2EUA\u00aeD\u00a4In\u00b7CAEoO\u00b5EIOA1-1011x1024.jpg 1011w, https:\/\/arttao.org\/wp-content\/uploads\/2025\/07\/EaI\u00bcIo_601794473_\u00a8\u00b7\u00a2EUA\u00aeD\u00a4In\u00b7CAEoO\u00b5EIOA1-296x300.jpg 296w, https:\/\/arttao.org\/wp-content\/uploads\/2025\/07\/EaI\u00bcIo_601794473_\u00a8\u00b7\u00a2EUA\u00aeD\u00a4In\u00b7CAEoO\u00b5EIOA1-768x778.jpg 768w, https:\/\/arttao.org\/wp-content\/uploads\/2025\/07\/EaI\u00bcIo_601794473_\u00a8\u00b7\u00a2EUA\u00aeD\u00a4In\u00b7CAEoO\u00b5EIOA1-1516x1536.jpg 1516w, https:\/\/arttao.org\/wp-content\/uploads\/2025\/07\/EaI\u00bcIo_601794473_\u00a8\u00b7\u00a2EUA\u00aeD\u00a4In\u00b7CAEoO\u00b5EIOA1-2021x2048.jpg 2021w\" sizes=\"auto, (max-width: 1011px) 100vw, 1011px\" \/><\/figure>\n\n\n\n<p class=\"\"><a href=\"https:\/\/arttao.org\/es\/%e7%ac%ac%e4%ba%8c%e5%8d%81%e5%85%ad%e8%af%be%ef%bc%9a%e5%bf%83%e7%90%86%e6%80%a5%e6%80%a7%e5%ba%94%e6%bf%80%e9%9a%9c%e7%a2%8d%ef%bc%88%e7%ac%ac921%ef%bd%9e960%e8%af%be%ef%bc%89\/\" data-type=\"page\" data-id=\"12413\">Lecci\u00f3n 26: Trastorno de estr\u00e9s agudo (Lecciones 941-980)<\/a><\/p>\n\n\n\n<p class=\"has-small-font-size\">El trastorno de estr\u00e9s agudo (TEA) suele desarrollarse a los pocos d\u00edas de un evento traum\u00e1tico importante y es una reacci\u00f3n intensa y breve a un shock emocional repentino. Este curso ayudar\u00e1 a los participantes a identificar los primeros s\u00edntomas del TEA, como confusi\u00f3n, disociaci\u00f3n, arrebatos emocionales o alerta persistente, y a explorar las similitudes y diferencias entre el TEA y el TEPT. El curso enfatiza que el TEA es una &quot;se\u00f1al psicol\u00f3gica de emergencia&quot; y que la identificaci\u00f3n e intervenci\u00f3n oportunas pueden reducir significativamente el riesgo de que se convierta en un trastorno psicol\u00f3gico a largo plazo. Explicaremos la respuesta cerebral de &quot;lucha-huida-par\u00e1lisis&quot; en momentos de crisis, ayudando a los participantes a comprender por qu\u00e9 pueden experimentar p\u00e9rdida de tiempo, apat\u00eda o insomnio despu\u00e9s de un evento. Adem\u00e1s, este curso proporciona t\u00e9cnicas de primeros auxilios psicol\u00f3gicos para las etapas iniciales del estr\u00e9s, incluyendo t\u00e9cnicas de respiraci\u00f3n, contacto f\u00edsico y ejercicios de mapeo emocional. Tambi\u00e9n se anima a los participantes a establecer un sistema de apoyo inicial (familia, profesionales de la salud y m\u00f3dulos complementarios de IA). Este curso es adecuado para quienes experimentan emergencias, altas presiones laborales o situaciones de desastre, sentando una base psicol\u00f3gica para la recuperaci\u00f3n.<\/p>\n\n\n\n<figure class=\"wp-block-image size-large is-resized\"><img loading=\"lazy\" decoding=\"async\" width=\"1011\" height=\"1024\" src=\"https:\/\/arttao.org\/wp-content\/uploads\/2025\/07\/EaI\u00bcIo_601794473_\u00a8\u00b7\u00a2EUA\u00aeD\u00a4In\u00b7CAEoO\u00b5EIOA1-1011x1024.jpg\" alt=\"\" class=\"wp-image-7624\" style=\"width:70px;height:auto\" srcset=\"https:\/\/arttao.org\/wp-content\/uploads\/2025\/07\/EaI\u00bcIo_601794473_\u00a8\u00b7\u00a2EUA\u00aeD\u00a4In\u00b7CAEoO\u00b5EIOA1-1011x1024.jpg 1011w, https:\/\/arttao.org\/wp-content\/uploads\/2025\/07\/EaI\u00bcIo_601794473_\u00a8\u00b7\u00a2EUA\u00aeD\u00a4In\u00b7CAEoO\u00b5EIOA1-296x300.jpg 296w, https:\/\/arttao.org\/wp-content\/uploads\/2025\/07\/EaI\u00bcIo_601794473_\u00a8\u00b7\u00a2EUA\u00aeD\u00a4In\u00b7CAEoO\u00b5EIOA1-768x778.jpg 768w, https:\/\/arttao.org\/wp-content\/uploads\/2025\/07\/EaI\u00bcIo_601794473_\u00a8\u00b7\u00a2EUA\u00aeD\u00a4In\u00b7CAEoO\u00b5EIOA1-1516x1536.jpg 1516w, https:\/\/arttao.org\/wp-content\/uploads\/2025\/07\/EaI\u00bcIo_601794473_\u00a8\u00b7\u00a2EUA\u00aeD\u00a4In\u00b7CAEoO\u00b5EIOA1-2021x2048.jpg 2021w\" sizes=\"auto, (max-width: 1011px) 100vw, 1011px\" \/><\/figure>\n\n\n\n<p class=\"\"><a href=\"https:\/\/arttao.org\/es\/%e7%ac%ac%e4%ba%8c%e5%8d%81%e4%b8%83%e8%af%be%ef%bc%9a%e5%bf%83%e7%90%86%e9%80%82%e5%ba%94%e9%9a%9c%e7%a2%8d%ef%bc%88%e7%ac%ac961%ef%bd%9e1000%e8%af%be%ef%bc%89\/\" data-type=\"page\" data-id=\"12422\">Lecci\u00f3n 27: Trastornos de adaptaci\u00f3n psicol\u00f3gica (Lecciones 981-1020)<\/a><\/p>\n\n\n\n<p class=\"has-small-font-size\">Cuando las personas experimentan angustia emocional significativa o deterioro funcional durante seis meses despu\u00e9s de un cambio importante en su vida, como un divorcio, la p\u00e9rdida del empleo, una mudanza o una enfermedad f\u00edsica grave, podr\u00edan estar experimentando un trastorno de adaptaci\u00f3n. Este curso ayudar\u00e1 a los estudiantes a comprender este estado psicol\u00f3gico, que no es una enfermedad ni es normal, y a superar la autoculpa de &quot;\u00bfsoy demasiado fr\u00e1gil?&quot;. El trastorno de adaptaci\u00f3n es una reacci\u00f3n psicol\u00f3gica a una incapacidad temporal para adaptarse a un entorno cambiante. Las manifestaciones comunes incluyen ansiedad, depresi\u00f3n, irritabilidad, disminuci\u00f3n de la concentraci\u00f3n, malestar f\u00edsico o p\u00e9rdida de inter\u00e9s por la vida. Este curso utilizar\u00e1 estudios de caso para ayudar a los estudiantes a distinguir el punto cr\u00edtico entre los cambios de humor normales y el trastorno de adaptaci\u00f3n, centr\u00e1ndose en c\u00f3mo reconstruir un ritmo y un orden psicol\u00f3gico. Mediante estrategias estructuradas de adaptaci\u00f3n psicol\u00f3gica, como el proceso de tres pasos para la reconstrucci\u00f3n del significado, los ejercicios de identidad de nuevos roles y el restablecimiento de los l\u00edmites personales, este curso ayuda a los estudiantes a recuperar gradualmente una sensaci\u00f3n de estabilidad interior. Este curso es adecuado para estudiantes que experimentan cambios y transiciones vitales.<\/p>\n\n\n\n<figure class=\"wp-block-image size-large is-resized\"><img loading=\"lazy\" decoding=\"async\" width=\"1011\" height=\"1024\" src=\"https:\/\/arttao.org\/wp-content\/uploads\/2025\/07\/EaI\u00bcIo_601794473_\u00a8\u00b7\u00a2EUA\u00aeD\u00a4In\u00b7CAEoO\u00b5EIOA1-1011x1024.jpg\" alt=\"\" class=\"wp-image-7624\" style=\"width:72px;height:auto\" srcset=\"https:\/\/arttao.org\/wp-content\/uploads\/2025\/07\/EaI\u00bcIo_601794473_\u00a8\u00b7\u00a2EUA\u00aeD\u00a4In\u00b7CAEoO\u00b5EIOA1-1011x1024.jpg 1011w, https:\/\/arttao.org\/wp-content\/uploads\/2025\/07\/EaI\u00bcIo_601794473_\u00a8\u00b7\u00a2EUA\u00aeD\u00a4In\u00b7CAEoO\u00b5EIOA1-296x300.jpg 296w, https:\/\/arttao.org\/wp-content\/uploads\/2025\/07\/EaI\u00bcIo_601794473_\u00a8\u00b7\u00a2EUA\u00aeD\u00a4In\u00b7CAEoO\u00b5EIOA1-768x778.jpg 768w, https:\/\/arttao.org\/wp-content\/uploads\/2025\/07\/EaI\u00bcIo_601794473_\u00a8\u00b7\u00a2EUA\u00aeD\u00a4In\u00b7CAEoO\u00b5EIOA1-1516x1536.jpg 1516w, https:\/\/arttao.org\/wp-content\/uploads\/2025\/07\/EaI\u00bcIo_601794473_\u00a8\u00b7\u00a2EUA\u00aeD\u00a4In\u00b7CAEoO\u00b5EIOA1-2021x2048.jpg 2021w\" sizes=\"auto, (max-width: 1011px) 100vw, 1011px\" \/><\/figure>\n\n\n\n<p class=\"\"><a href=\"https:\/\/arttao.org\/es\/%e7%ac%ac%e4%ba%8c%e5%8d%81%e5%85%ab%e8%af%be%ef%bc%9a%e7%ab%a5%e5%b9%b4%e5%bf%83%e7%90%86%e5%88%9b%e4%bc%a4%ef%bc%88%e7%ac%ac1001%ef%bd%9e1040%e8%af%be%ef%bc%89\/\" data-type=\"page\" data-id=\"12415\">Lecci\u00f3n 28: Trauma psicol\u00f3gico infantil (Lecciones 1021-1060)<\/a><\/p>\n\n\n\n<p class=\"has-small-font-size\">Las huellas del trauma infantil a menudo se esconden en la angustia emocional, las dificultades interpersonales y la abnegaci\u00f3n propias de la adultez. Esta clase guiar\u00e1 con delicadeza a los participantes a trav\u00e9s de una revisi\u00f3n de posibles experiencias traum\u00e1ticas de la infancia, como la negligencia emocional, el lenguaje degradante, la presencia de violencia y la p\u00e9rdida de un cuidador. Ayudaremos a los participantes a comprender la naturaleza \u00fanica del trauma del desarrollo: no se trata necesariamente de un evento \u00fanico y significativo, sino de un patr\u00f3n continuo y sutil de privaci\u00f3n o manipulaci\u00f3n emocional. La clase presentar\u00e1 la teor\u00eda del &quot;ni\u00f1o interior&quot;, guiando a los participantes a trav\u00e9s de ejercicios de meditaci\u00f3n, dibujo y di\u00e1logo con IA para conectar gradualmente con su yo infantil. Explorar esto en un marco seguro es el primer paso hacia la recuperaci\u00f3n. Tambi\u00e9n presentaremos la herramienta &quot;Reconocimiento de Patrones Recurrentes&quot; para ayudar a los participantes a observar guiones repetitivos en sus relaciones y respuestas al estr\u00e9s. A trav\u00e9s de la arteterapia, la expresi\u00f3n verbal y la reconstrucci\u00f3n simb\u00f3lica, esta clase anima a los participantes a embarcarse en un profundo viaje de autocuidado. Esta clase es especialmente adecuada para participantes que luchan con recuerdos de la infancia o que buscan comprender las causas profundas de su propio comportamiento.<\/p>\n\n\n\n<figure class=\"wp-block-image size-large is-resized\"><img loading=\"lazy\" decoding=\"async\" width=\"1011\" height=\"1024\" src=\"https:\/\/arttao.org\/wp-content\/uploads\/2025\/07\/EaI\u00bcIo_601794473_\u00a8\u00b7\u00a2EUA\u00aeD\u00a4In\u00b7CAEoO\u00b5EIOA1-1011x1024.jpg\" alt=\"\" class=\"wp-image-7624\" style=\"width:70px;height:auto\" srcset=\"https:\/\/arttao.org\/wp-content\/uploads\/2025\/07\/EaI\u00bcIo_601794473_\u00a8\u00b7\u00a2EUA\u00aeD\u00a4In\u00b7CAEoO\u00b5EIOA1-1011x1024.jpg 1011w, https:\/\/arttao.org\/wp-content\/uploads\/2025\/07\/EaI\u00bcIo_601794473_\u00a8\u00b7\u00a2EUA\u00aeD\u00a4In\u00b7CAEoO\u00b5EIOA1-296x300.jpg 296w, https:\/\/arttao.org\/wp-content\/uploads\/2025\/07\/EaI\u00bcIo_601794473_\u00a8\u00b7\u00a2EUA\u00aeD\u00a4In\u00b7CAEoO\u00b5EIOA1-768x778.jpg 768w, https:\/\/arttao.org\/wp-content\/uploads\/2025\/07\/EaI\u00bcIo_601794473_\u00a8\u00b7\u00a2EUA\u00aeD\u00a4In\u00b7CAEoO\u00b5EIOA1-1516x1536.jpg 1516w, https:\/\/arttao.org\/wp-content\/uploads\/2025\/07\/EaI\u00bcIo_601794473_\u00a8\u00b7\u00a2EUA\u00aeD\u00a4In\u00b7CAEoO\u00b5EIOA1-2021x2048.jpg 2021w\" sizes=\"auto, (max-width: 1011px) 100vw, 1011px\" \/><\/figure>\n\n\n\n<p class=\"\"><a href=\"https:\/\/arttao.org\/es\/%e7%ac%ac%e4%ba%8c%e5%8d%81%e4%b9%9d%e8%af%be%ef%bc%9a%e5%bf%83%e7%90%86%e5%a4%8d%e6%9d%82%e6%80%a7%e5%88%9b%e4%bc%a4%ef%bc%88%e7%ac%ac1041%ef%bd%9e1080%e8%af%be%ef%bc%89\/\" data-type=\"page\" data-id=\"12417\">Lecci\u00f3n 29: Trauma psicol\u00f3gico complejo (Lecciones 1061-1100)<\/a><\/p>\n\n\n\n<p class=\"has-small-font-size\">El trauma complejo difiere del impacto psicol\u00f3gico de un solo evento; a menudo se deriva de estr\u00e9s o da\u00f1o recurrente y prolongado, como la violencia dom\u00e9stica cr\u00f3nica, la manipulaci\u00f3n emocional, las situaciones de dominaci\u00f3n o el aislamiento extremo. Este curso ayudar\u00e1 a los participantes a comprender que el trauma complejo no es simplemente un problema emocional, sino un estado psicol\u00f3gico caracterizado por una autoestructura da\u00f1ada, que a menudo se manifiesta por dificultades para regular las emociones, relaciones extremas, autodesprecio o confusi\u00f3n de identidad. Combinaremos el &quot;Modelo de Trauma Complejo&quot; con los &quot;Mecanismos Neurofisiol\u00f3gicos del Estr\u00e9s Cr\u00f3nico&quot; para analizar su impacto a largo plazo en la estructura cerebral, la funci\u00f3n cognitiva y el sistema emocional. El curso ofrece m\u00e9todos de sanaci\u00f3n, incluyendo ejercicios de reparaci\u00f3n multidimensionales (emoci\u00f3n \u2192 cognici\u00f3n \u2192 identidad \u2192 relaciones), meditaci\u00f3n de atenci\u00f3n plena, rituales de autocuidado y ejercicios de di\u00e1logo para fomentar la confianza. Mediante ejercicios de escritura y expresi\u00f3n estructurada guiados por IA, los participantes pueden procesar emociones y recuerdos reprimidos durante mucho tiempo en un marco seguro. Este curso es adecuado para una participaci\u00f3n en profundidad de estudiantes que han experimentado durante mucho tiempo dificultades para gestionar sus emociones, dificultades para confiar en los dem\u00e1s o un sentido de identidad confuso.<\/p>\n\n\n\n<figure class=\"wp-block-image size-large is-resized\"><img loading=\"lazy\" decoding=\"async\" width=\"1011\" height=\"1024\" src=\"https:\/\/arttao.org\/wp-content\/uploads\/2025\/07\/EaI\u00bcIo_601794473_\u00a8\u00b7\u00a2EUA\u00aeD\u00a4In\u00b7CAEoO\u00b5EIOA1-1011x1024.jpg\" alt=\"\" class=\"wp-image-7624\" style=\"width:71px;height:auto\" srcset=\"https:\/\/arttao.org\/wp-content\/uploads\/2025\/07\/EaI\u00bcIo_601794473_\u00a8\u00b7\u00a2EUA\u00aeD\u00a4In\u00b7CAEoO\u00b5EIOA1-1011x1024.jpg 1011w, https:\/\/arttao.org\/wp-content\/uploads\/2025\/07\/EaI\u00bcIo_601794473_\u00a8\u00b7\u00a2EUA\u00aeD\u00a4In\u00b7CAEoO\u00b5EIOA1-296x300.jpg 296w, https:\/\/arttao.org\/wp-content\/uploads\/2025\/07\/EaI\u00bcIo_601794473_\u00a8\u00b7\u00a2EUA\u00aeD\u00a4In\u00b7CAEoO\u00b5EIOA1-768x778.jpg 768w, https:\/\/arttao.org\/wp-content\/uploads\/2025\/07\/EaI\u00bcIo_601794473_\u00a8\u00b7\u00a2EUA\u00aeD\u00a4In\u00b7CAEoO\u00b5EIOA1-1516x1536.jpg 1516w, https:\/\/arttao.org\/wp-content\/uploads\/2025\/07\/EaI\u00bcIo_601794473_\u00a8\u00b7\u00a2EUA\u00aeD\u00a4In\u00b7CAEoO\u00b5EIOA1-2021x2048.jpg 2021w\" sizes=\"auto, (max-width: 1011px) 100vw, 1011px\" \/><\/figure>\n\n\n\n<p class=\"\"><a href=\"https:\/\/arttao.org\/es\/%e7%ac%ac%e4%b8%89%e5%8d%81%e8%af%be%ef%bc%9a%e7%aa%81%e5%8f%91%e4%ba%8b%e4%bb%b6%e5%bf%83%e7%90%86%e5%88%9b%e4%bc%a4%ef%bc%88%e7%ac%ac1081%ef%bd%9e1120%e8%af%be%ef%bc%89\/\" data-type=\"page\" data-id=\"12419\">Lecci\u00f3n 30: Trauma psicol\u00f3gico causado por eventos repentinos (Lecciones 1101-1140)<\/a><\/p>\n\n\n\n<p class=\"has-small-font-size\">Eventos repentinos como desastres, accidentes, violencia y epidemias suelen causar un intenso shock psicol\u00f3gico. Este curso se centra en este tipo particular de experiencia traum\u00e1tica. Analizaremos las tres etapas del trauma repentino: la respuesta inmediata al estr\u00e9s, el per\u00edodo de adaptaci\u00f3n ca\u00f3tica a corto plazo y el riesgo de traumatizaci\u00f3n a mediano y largo plazo. Utilizando ejemplos reales, el curso reconstruir\u00e1 la trayectoria psicol\u00f3gica tras un incidente y presentar\u00e1 los &quot;Cinco Pasos de Primeros Auxilios Psicol\u00f3gicos&quot;, que incluyen restablecer la sensaci\u00f3n de seguridad, abrir canales de comunicaci\u00f3n, aclarar la informaci\u00f3n, gestionar las emociones y dirigir los recursos. Adem\u00e1s, un &quot;Ejercicio de Mapeo Psicol\u00f3gico&quot; ayudar\u00e1 a los participantes a revisar sus propias respuestas al estr\u00e9s repentino y a explorar v\u00edas de apoyo personalizadas y eficaces. Ya sea que lo hayan experimentado directamente, como testigos presenciales o como profesionales, este curso ofrece estrategias de afrontamiento que combinan la ciencia psicol\u00f3gica con la atenci\u00f3n human\u00edstica. A trav\u00e9s de m\u00f3dulos como musicoterapia, t\u00e9cnicas de estabilizaci\u00f3n respiratoria y creaci\u00f3n de im\u00e1genes, se ayudar\u00e1 a los participantes a recuperar la confianza y la estabilidad psicol\u00f3gica durante este per\u00edodo de shock.<\/p>\n\n\n\n<p class=\"has-small-font-size\"><\/p>","protected":false},"excerpt":{"rendered":"<p>\u7b2c\u4e8c\u5341\u4e94\u8bfe\uff1a\u521b\u4f24\u540e\u5e94\u6fc0\u969c\u788d\uff08PTSD\uff09\uff08\u7b2c901\uff5e940\u8bfe\uff09 \u672c\u8bfe\u805a\u7126\u521b\u4f24\u540e\u5e94\u6fc0\u969c\u788d\uff08PTSD\uff09\uff0c\u4e00\u79cd\u56e0\u91cd\u5927\u5fc3 [&hellip;]<\/p>\n","protected":false},"author":1,"featured_media":0,"parent":0,"menu_order":0,"comment_status":"closed","ping_status":"closed","template":"","meta":{"nf_dc_page":"","om_disable_all_campaigns":false,"_monsterinsights_skip_tracking":false,"_monsterinsights_sitenote_active":false,"_monsterinsights_sitenote_note":"","_monsterinsights_sitenote_category":0,"footnotes":""},"class_list":["post-7618","page","type-page","status-publish","hentry"],"_links":{"self":[{"href":"https:\/\/arttao.org\/es\/wp-json\/wp\/v2\/pages\/7618","targetHints":{"allow":["GET"]}}],"collection":[{"href":"https:\/\/arttao.org\/es\/wp-json\/wp\/v2\/pages"}],"about":[{"href":"https:\/\/arttao.org\/es\/wp-json\/wp\/v2\/types\/page"}],"author":[{"embeddable":true,"href":"https:\/\/arttao.org\/es\/wp-json\/wp\/v2\/users\/1"}],"replies":[{"embeddable":true,"href":"https:\/\/arttao.org\/es\/wp-json\/wp\/v2\/comments?post=7618"}],"version-history":[{"count":5,"href":"https:\/\/arttao.org\/es\/wp-json\/wp\/v2\/pages\/7618\/revisions"}],"predecessor-version":[{"id":14563,"href":"https:\/\/arttao.org\/es\/wp-json\/wp\/v2\/pages\/7618\/revisions\/14563"}],"wp:attachment":[{"href":"https:\/\/arttao.org\/es\/wp-json\/wp\/v2\/media?parent=7618"}],"curies":[{"name":"gracias","href":"https:\/\/api.w.org\/{rel}","templated":true}]}}