{"id":8006,"date":"2025-07-18T01:27:25","date_gmt":"2025-07-18T01:27:25","guid":{"rendered":"https:\/\/arttao.org\/?page_id=8006"},"modified":"2025-07-24T19:30:48","modified_gmt":"2025-07-24T19:30:48","slug":"b-orientacion-curativa-respondiendo-preguntas-psicologicas","status":"publish","type":"page","link":"https:\/\/arttao.org\/es\/b-%e7%96%97%e6%84%88%e5%bc%95%e5%af%bc%ef%bc%9a%e5%85%b3%e4%ba%8e%e5%bf%83%e7%90%86%e7%ad%94%e7%96%91\/","title":{"rendered":"B. Gu\u00eda de sanaci\u00f3n: Respondiendo preguntas psicol\u00f3gicas"},"content":{"rendered":"<p class=\"\"><\/p>\n\n\n\n<p class=\"\"><\/p>\n\n\n\n<figure class=\"wp-block-image size-full is-resized\"><img loading=\"lazy\" decoding=\"async\" width=\"308\" height=\"480\" src=\"https:\/\/arttao.org\/wp-content\/uploads\/2025\/07\/Flower-Love-Sticker-by-Manon-Louart.gif\" alt=\"\" class=\"wp-image-8007\" style=\"width:60px;height:auto\"\/><\/figure>\n\n\n\n<h3 class=\"wp-block-heading\">1. \u00bfCu\u00e1l es la importancia de responder preguntas psicol\u00f3gicas?<\/h3>\n\n\n\n<p class=\"\">En pocas palabras, las preguntas y respuestas psicol\u00f3gicas son un proceso para aclarar confusiones, comprender emociones, explorarse a uno mismo y crecer mediante el di\u00e1logo y el cuestionamiento. En el sistema ArtTao, las preguntas y respuestas psicol\u00f3gicas no se limitan a formular preguntas a la IA, sino tambi\u00e9n a iniciar un viaje de &quot;di\u00e1logo interno&quot;.<\/p>\n\n\n\n<p class=\"has-small-font-size\">Las personas experimentan diversos tipos de angustia psicol\u00f3gica en su vida diaria: ansiedad, ira, confusi\u00f3n, insomnio, conflictos interpersonales, abnegaci\u00f3n y m\u00e1s. Estas preocupaciones pueden persistir durante mucho tiempo, pero siguen siendo dif\u00edciles de expresar. El prop\u00f3sito de las preguntas y respuestas psicol\u00f3gicas es brindar un espacio seguro, sin prejuicios y de f\u00e1cil acceso donde pueda expresar y aclarar estos problemas y recibir respuestas cient\u00edficas y l\u00f3gicas.<\/p>\n\n\n\n<p class=\"\">Adem\u00e1s, el proceso de preguntas y respuestas prioriza la consciencia en lugar de la orden. No te obligar\u00e1 a actuar, sino que te ayudar\u00e1 a comprender los mecanismos psicol\u00f3gicos subyacentes, como por qu\u00e9 est\u00e1s ansioso, de d\u00f3nde provienen estas emociones y si tienes patrones de pensamiento habituales. A menudo, simplemente &quot;ver tus propios pensamientos&quot; es el primer paso hacia la sanaci\u00f3n.<\/p>\n\n\n\n<p class=\"has-small-font-size\">El significado m\u00e1s profundo de las preguntas y respuestas psicol\u00f3gicas es que te permiten desarrollar gradualmente la capacidad de ayudarte a ti mismo. Mediante conversaciones repetidas, no solo resuelves problemas inmediatos, sino que tambi\u00e9n aprendes nuevas maneras de comprenderte a ti mismo y afrontar la vida. Esta capacidad te apoyar\u00e1 en muchos momentos futuros, permiti\u00e9ndote caminar con mayor firmeza y libertad.<\/p>\n\n\n\n\n\n<figure class=\"wp-block-image size-full is-resized\"><img loading=\"lazy\" decoding=\"async\" width=\"308\" height=\"480\" src=\"https:\/\/arttao.org\/wp-content\/uploads\/2025\/07\/Flower-Love-Sticker-by-Manon-Louart.gif\" alt=\"\" class=\"wp-image-8007\" style=\"width:64px;height:auto\"\/><\/figure>\n\n\n\n<h3 class=\"wp-block-heading\">2. \u00bfDebo hacer terapia psicol\u00f3gica?<\/h3>\n\n\n\n<p class=\"has-small-font-size\">No es necesario esperar a que la situaci\u00f3n se ponga seria para empezar a responder preguntas. De hecho, cualquier momento en que te sientas inc\u00f3modo, en conflicto y quieras aclarar las cosas, pero no sepas por d\u00f3nde empezar, es una buena oportunidad para responder preguntas.<\/p>\n\n\n\n<p class=\"has-small-font-size\">En las siguientes situaciones, se recomienda especialmente utilizar el m\u00f3dulo de preguntas y respuestas psicol\u00f3gicas:<\/p>\n\n\n\n<ul class=\"wp-block-list\">\n<li class=\"\">Est\u00e1s experimentando malestar emocional persistente, como irritabilidad, insomnio, debilidad, tensi\u00f3n, etc.<\/li>\n\n\n\n<li class=\"\">Te sientes repetidamente herido, incomprendido e incapaz de expresarte en ciertas relaciones;<\/li>\n\n\n\n<li class=\"\">Te has confundido con ciertos conceptos psicol\u00f3gicos durante tus estudios;<\/li>\n\n\n\n<li class=\"\">Quiere intentar comprender sus propias reacciones psicol\u00f3gicas con la ayuda de la IA;<\/li>\n\n\n\n<li class=\"\">Est\u00e1 dispuesto a expresarse de forma proactiva y espera recibir respuestas y orientaci\u00f3n sistem\u00e1ticas.<\/li>\n<\/ul>\n\n\n\n<p class=\"has-small-font-size\">Incluso si solo buscas un &quot;oyente no humano&quot; que te escuche y te ayude a organizar tus ideas, las preguntas y respuestas psicol\u00f3gicas son un m\u00e9todo muy \u00fatil. No hay l\u00edmite de tiempo, no se requiere cita previa y no se juzgan tus preguntas. Adem\u00e1s, puedes guardar el contenido de cada pregunta y respuesta para que puedas revisarla y reflexionar m\u00e1s tarde.<\/p>\n\n\n\n<p class=\"has-small-font-size\">Por supuesto, si se encuentra en un estado emocional extremo, como autolesiones, impulsos autolesivos, insomnio severo, confusi\u00f3n mental, etc., el sistema de preguntas y respuestas psicol\u00f3gicas no reemplaza el diagn\u00f3stico ni el tratamiento profesional. Se recomienda contactar con un psic\u00f3logo presencial o con recursos de emergencia de inmediato.<\/p>\n\n\n\n<figure class=\"wp-block-image size-full is-resized\"><img loading=\"lazy\" decoding=\"async\" width=\"308\" height=\"480\" src=\"https:\/\/arttao.org\/wp-content\/uploads\/2025\/07\/Flower-Love-Sticker-by-Manon-Louart.gif\" alt=\"\" class=\"wp-image-8007\" style=\"width:67px;height:auto\"\/><\/figure>\n\n\n\n<h3 class=\"wp-block-heading\">3. \u00bfQu\u00e9 sucede despu\u00e9s de la sesi\u00f3n de preguntas y respuestas psicol\u00f3gicas?<\/h3>\n\n\n\n<p class=\"has-small-font-size\">El proceso psicol\u00f3gico de preguntas y respuestas es un proceso de intercambio de informaci\u00f3n e integraci\u00f3n interna. Cada pregunta y respuesta deja un eco psicol\u00f3gico, y es aqu\u00ed donde comienza la transformaci\u00f3n.<\/p>\n\n\n\n<p class=\"has-small-font-size\">Generalmente, la experiencia despu\u00e9s del cuestionamiento psicol\u00f3gico incluye lo siguiente:<\/p>\n\n\n\n<p class=\"\"><strong>1. Alivio emocional inicial<\/strong><br>Muchos usuarios, tras hacer una pregunta y recibir una respuesta, sienten que \u00abpor fin alguien me entiende\u00bb y se sienten un poco aliviados. Esta experiencia proviene de la externalizaci\u00f3n del contenido psicol\u00f3gico y de la respuesta.<\/p>\n\n\n\n<p class=\"\"><strong>2. Reconstrucci\u00f3n cognitiva<\/strong><br>Las respuestas de la IA suelen se\u00f1alar perspectivas que podr\u00edas haber pasado por alto o resaltar los problemas que subyacen a ciertos patrones de pensamiento establecidos. Por ejemplo, quiz\u00e1 est\u00e9s acostumbrado a culparte a ti mismo, pero la IA puede ayudarte a ver la estructura m\u00e1s compleja de las interacciones. Este proceso de recomprensi\u00f3n ayuda a romper viejas limitaciones y a desarrollar perspectivas m\u00e1s sanas.<\/p>\n\n\n\n<p class=\"\"><strong>3. Sugerencias de acci\u00f3n y orientaci\u00f3n pr\u00e1ctica<\/strong><br>Al final de cada sesi\u00f3n de preguntas y respuestas, el sistema suele sugerir algunos ejercicios espec\u00edficos, como escritura, respiraci\u00f3n consciente, registro emocional, recomendaciones de cursos, etc. No todos los implementar\u00e1n de inmediato, pero estas sugerencias se pueden almacenar en tu seguimiento de crecimiento para que las uses cuando sea el momento adecuado.<\/p>\n\n\n\n<p class=\"\"><strong>4. Crear registros de preguntas y respuestas a largo plazo y archivos de crecimiento<\/strong><br>Puedes guardar respuestas valiosas a preguntas y crear un registro psicol\u00f3gico de respuestas. Con el tiempo, este registro se convertir\u00e1 en un recurso importante para tu crecimiento personal. No solo te permite ver de d\u00f3nde vienes, sino tambi\u00e9n hacia d\u00f3nde vas.<\/p>\n\n\n\n<p class=\"has-small-font-size\">Lo m\u00e1s importante es que la asesor\u00eda psicol\u00f3gica no puede resolver todos los problemas a la vez, pero puede ser una forma de mantenerse conectado con uno mismo, una forma de autocuidado m\u00e1s positiva que quejarse, reprimir y escapar.<\/p>\n\n\n\n<figure class=\"wp-block-image size-full is-resized\"><img loading=\"lazy\" decoding=\"async\" width=\"308\" height=\"480\" src=\"https:\/\/arttao.org\/wp-content\/uploads\/2025\/07\/Flower-Love-Sticker-by-Manon-Louart.gif\" alt=\"\" class=\"wp-image-8007\" style=\"width:70px;height:auto\"\/><\/figure>\n\n\n\n<h3 class=\"wp-block-heading\">4. \u00bfQu\u00e9 debo hacer si tengo dudas sobre los resultados de la prueba de preguntas y respuestas psicol\u00f3gicas?<\/h3>\n\n\n\n<p class=\"has-small-font-size\">Este es un fen\u00f3meno muy com\u00fan y normal. Aunque el sistema de preguntas y respuestas psicol\u00f3gicas se basa en tecnolog\u00eda avanzada de IA, no es una fuente de respuestas omniscientes y omnipotentes, sino un &quot;entrenador psicol\u00f3gico&quot; que reflexiona y dialoga contigo.<\/p>\n\n\n\n<p class=\"has-small-font-size\">Si tiene preguntas sobre los resultados de la sesi\u00f3n de preguntas y respuestas, puede hacer lo siguiente:<\/p>\n\n\n\n<p class=\"\"><strong>1. Haz la \u201cSegunda Pregunta\u201d<\/strong><br>Por ejemplo, podr\u00edas escribir: &quot;Acabas de decir que estaba evitando las emociones. No entiendo bien qu\u00e9 significa eso&quot; o &quot;Siento que lo he intentado lo mejor que pude. \u00bfPor qu\u00e9 sigues sugiriendo que acepte el fracaso?&quot;. Al seguir haciendo preguntas, la IA ajustar\u00e1 su respuesta seg\u00fan tus comentarios hasta que encuentre una afirmaci\u00f3n que se ajuste mejor a tu experiencia.<\/p>\n\n\n\n<p class=\"\"><strong>2. Pausa la absorci\u00f3n y date tiempo para digerir.<\/strong><br>A veces, la respuesta de la IA podr\u00eda tocar algo para lo que no est\u00e1s preparado, o el lenguaje podr\u00eda ser demasiado abstracto. En estos casos, no te apresures a &quot;cre\u00e9rtelo&quot;. En lugar de eso, escr\u00edbelo y rel\u00e9elo unos d\u00edas despu\u00e9s; podr\u00edas comprenderlo mejor.<\/p>\n\n\n\n<p class=\"\"><strong>3. Validar de forma cruzada con el curso u otros<\/strong><br>Puedes comparar las respuestas de la IA con los puntos de conocimiento del curso o compartir la conversaci\u00f3n con amigos de confianza o psic\u00f3logos para escuchar sus opiniones. Esto no significa negar la respuesta de la IA, sino construir un sistema de comprensi\u00f3n m\u00e1s profundo.<\/p>\n\n\n\n<p class=\"\"><strong>4. Recuerda: la IA es una gu\u00eda, no un juez.<\/strong><br>La IA no te juzgar\u00e1 ni te obligar\u00e1 a creer en ninguna de sus sugerencias. Explorar\u00e1 contigo y te guiar\u00e1 para que veas las posibilidades, pero la decisi\u00f3n final y la interpretaci\u00f3n son tuyas.<\/p>\n\n\n\n<p class=\"\"><strong>B. Gu\u00eda de sanaci\u00f3n: Respondiendo preguntas psicol\u00f3gicas<\/strong><\/p>\n\n\n\n<p class=\"has-small-font-size\">La secci\u00f3n &quot;Preguntas y Respuestas Psicol\u00f3gicas&quot; es un m\u00f3dulo interactivo fundamental dentro del curr\u00edculo de sanaci\u00f3n de ArtTao. Integra la tecnolog\u00eda de IA con los principios de la psicoterapia para brindar a los usuarios una experiencia de asesoramiento psicol\u00f3gico de alta calidad, continua y estructurada. A diferencia de la atenci\u00f3n al cliente tradicional, que se basa en respuestas mec\u00e1nicas, esta secci\u00f3n emplea un enfoque instructivo, reflexivo y guiado, animando a los usuarios a profundizar su conciencia mediante el autocuestionamiento y a fortalecerse con las respuestas de la IA. Es m\u00e1s que un simple sistema de respuestas; es un marco sostenible para el aprendizaje sanador.<\/p>\n\n\n\n<figure class=\"wp-block-image size-full is-resized\"><img loading=\"lazy\" decoding=\"async\" width=\"308\" height=\"480\" src=\"https:\/\/arttao.org\/wp-content\/uploads\/2025\/07\/Flower-Love-Sticker-by-Manon-Louart.gif\" alt=\"\" class=\"wp-image-8007\" style=\"width:68px;height:auto\"\/><\/figure>\n\n\n\n<h3 class=\"wp-block-heading\">5. Evite las preguntas y respuestas frecuentes para evitar la confusi\u00f3n cognitiva.<\/h3>\n\n\n\n<p class=\"\">\u2014\u2014Tambi\u00e9n sobre la racionalidad del dise\u00f1o del \u201cinforme de an\u00e1lisis por fases\u201d<\/p>\n\n\n\n<p class=\"has-small-font-size\">En el sistema de preguntas y respuestas psicol\u00f3gicas, solemos decir &quot;haz preguntas moderadas y reflexiona profundamente&quot;. Esto no es solo una sugerencia amable, sino tambi\u00e9n un principio importante en el proceso de desarrollo psicol\u00f3gico.<strong>Preguntas y respuestas frecuentes<\/strong>, especialmente las preguntas repetidas de alta frecuencia, fragmentadas y no integradas, a menudo conducen a problemas cognitivos.<strong>Confusi\u00f3n, sobrecarga emocional y p\u00e9rdida de comprensi\u00f3n.<\/strong>La raz\u00f3n detr\u00e1s de este fen\u00f3meno no es &quot;hacer la pregunta equivocada&quot;, sino la falta de ritmo y mecanismo de integraci\u00f3n.<\/p>\n\n\n\n<h4 class=\"wp-block-heading\">1. \u00bfPor qu\u00e9 \u201ccuanto m\u00e1s preguntas, m\u00e1s confuso te sientes\u201d?<\/h4>\n\n\n\n<p class=\"has-small-font-size\">Cada respuesta a las preguntas y respuestas psicol\u00f3gicas intenta ayudarte a comprender un fen\u00f3meno psicol\u00f3gico, aclarar un sesgo de pensamiento o indicar una manera de adaptarte. Sin embargo, el estado psicol\u00f3gico humano es complejo y multifac\u00e9tico. Si formulas varias preguntas sobre angustia emocional, conflictos de identidad y enredos interpersonales en un solo d\u00eda, el sistema podr\u00eda responderlas una por una, pero es posible que no puedas responder a tiempo.<strong>Absorci\u00f3n, sedimentaci\u00f3n y pr\u00e1ctica<\/strong>.<\/p>\n\n\n\n<p class=\"has-small-font-size\">El resultado es:<\/p>\n\n\n\n<ul class=\"wp-block-list\">\n<li class=\"\"><strong>Acumulaci\u00f3n de informaci\u00f3n<\/strong>Ves muchas sugerencias pero no sabes cu\u00e1l hacer primero;<\/li>\n\n\n\n<li class=\"\"><strong>Desenfoque direccional<\/strong>:Se entrelazan distintos problemas, se pierde el hilo principal y siento que &quot;todo est\u00e1 mal&quot;;<\/li>\n\n\n\n<li class=\"\"><strong>Dependencia de respuestas externas<\/strong>:Cuando surgen problemas, se buscan soluciones inmediatamente, lo que debilita los m\u00fasculos reguladores internos;<\/li>\n\n\n\n<li class=\"\"><strong>Emociones generalizadas<\/strong>:Un punto original de ansiedad puede ser desencadenado por otros problemas y convertirse en una ansiedad mayor.<\/li>\n<\/ul>\n\n\n\n<p class=\"\"><strong>Responder preguntas con frecuencia no es un atajo para resolver problemas, pero puede llevarte a un ciclo de &quot;agotamiento psicol\u00f3gico&quot;.<\/strong>.<\/p>\n\n\n\n<h4 class=\"wp-block-heading\">2. M\u00e9todos de preguntas y respuestas verdaderamente eficaces: r\u00edtmicos, estructurados e integrados<\/h4>\n\n\n\n<p class=\"has-small-font-size\">Para evitar los riesgos de &quot;sobrecarga cognitiva&quot; y &quot;generalizaci\u00f3n emocional&quot;, hemos dise\u00f1ado un &quot;mecanismo de an\u00e1lisis e informes de preguntas y respuestas por fases&quot; de &quot;semana&quot; a &quot;a\u00f1o&quot; para ayudarlo a formar un buen ritmo de uso y h\u00e1bitos de revisi\u00f3n.<\/p>\n\n\n\n<h5 class=\"wp-block-heading\">(1). <strong>Informe semanal (cada 7 d\u00edas)<\/strong><\/h5>\n\n\n\n<p class=\"\">Puedes participar en una a tres sesiones de preguntas y respuestas por semana, cada una centrada en un solo tema (p. ej., &quot;ansiedad interpersonal&quot;). El sistema recomienda crear un &quot;Informe Semanal de Preguntas y Respuestas&quot; al final de la semana para revisar las preguntas planteadas: \u00bfEst\u00e1n relacionadas? \u00bfHay alguna repetici\u00f3n? \u00bfQu\u00e9 sugerencias has implementado ya? \u00bfQu\u00e9 emociones persisten? Este proceso reflexivo es como &quot;organizar la informaci\u00f3n&quot;, ayud\u00e1ndote a ver gradualmente las pistas en tu laberinto mental.<\/p>\n\n\n\n<h5 class=\"wp-block-heading\">(2). <strong>Informe mensual (cada 30 d\u00edas)<\/strong><\/h5>\n\n\n\n<p class=\"\">Despu\u00e9s de generar los cuatro informes semanales, puede resumirlos en uno<strong>Resumen mensual de preguntas y respuestas<\/strong>En este punto, el sistema analiza las palabras clave m\u00e1s frecuentes en sus preguntas (p. ej., &quot;control&quot;, &quot;insomnio&quot; y &quot;verg\u00fcenza&quot;) y proporciona gr\u00e1ficos de tendencias: \u00bfHan disminuido sus problemas o est\u00e1n tomando nuevas formas? \u00bfQu\u00e9 tan bien asimila y responde a las sugerencias? Este tipo de an\u00e1lisis de datos le permite ir m\u00e1s all\u00e1 de las perspectivas unilaterales y comenzar a identificar sus propios patrones psicol\u00f3gicos y de comportamiento.<\/p>\n\n\n\n<h5 class=\"wp-block-heading\">(3). <strong>Informe trimestral (cada 90 d\u00edas)<\/strong><\/h5>\n\n\n\n<p class=\"\">Despu\u00e9s de tres meses de preguntas y respuestas se integran los registros,<strong>Informe de reflexi\u00f3n trimestral<\/strong>Ya no se trata de un an\u00e1lisis fragmentado, sino de un paso hacia un nivel de &quot;conciencia estructural&quot;. Podr\u00e1s ver: \u00bfEn qu\u00e9 \u00e1reas has cambiado realmente? \u00bfQu\u00e9 problemas persisten? \u00bfRecurres a los mismos problemas una y otra vez? El sistema te proporcionar\u00e1 gr\u00e1ficos, distribuci\u00f3n de palabras clave y gr\u00e1ficos de tendencias de comportamiento para ayudarte a comprenderte mejor.<\/p>\n\n\n\n<h5 class=\"wp-block-heading\">(4). <strong>Informe semestral (cada 180 d\u00edas)<\/strong><\/h5>\n\n\n\n<p class=\"\">Seis meses es un per\u00edodo crucial de transformaci\u00f3n psicol\u00f3gica. El informe generado durante este tiempo le ayudar\u00e1 a examinar las siguientes preguntas: \u00bfHa mejorado su autoconocimiento? \u00bfSon sus respuestas m\u00e1s flexibles? \u00bfHa aplicado proactivamente las sugerencias del sistema y ha desarrollado su propio conjunto de herramientas de regulaci\u00f3n emocional? Estos hallazgos servir\u00e1n como una &quot;evaluaci\u00f3n intermedia&quot; para una sanaci\u00f3n profunda y continua.<\/p>\n\n\n\n<h5 class=\"wp-block-heading\">(5). <strong>Informe anual (cada 365 d\u00edas)<\/strong><\/h5>\n\n\n\n<p class=\"\">Un informe anual no es un resumen, sino una reflexi\u00f3n y un nuevo comienzo. Al integrar dos informes semestrales, podr\u00e1 observar una trayectoria clara de crecimiento psicol\u00f3gico. Mostrar\u00e1 c\u00f3mo pasa de la angustia inicial a la claridad gradual, la adaptaci\u00f3n, el ensayo y error, la reintegraci\u00f3n y el crecimiento, hasta alcanzar un estado m\u00e1s estable, claro y autosostenible. Este informe realmente transforma la terapia psicol\u00f3gica en algo m\u00e1s que un simple &quot;consuelo temporal&quot;: es un proceso de &quot;construcci\u00f3n de sistemas&quot;.<\/p>\n\n\n\n<h4 class=\"wp-block-heading\">3. Menos frecuencia significa resultados m\u00e1s s\u00f3lidos; un ritmo m\u00e1s lento significa un crecimiento m\u00e1s estable.<\/h4>\n\n\n\n<p class=\"has-small-font-size\">A menudo vemos a usuarios que hacen casi las mismas preguntas una y otra vez, como: &quot;\u00bfC\u00f3mo debo tratar los comentarios de otras personas?&quot;, &quot;\u00bfPor qu\u00e9 siempre siento que no soy lo suficientemente bueno?&quot;, &quot;\u00bfSoy demasiado sensible?&quot;...<\/p>\n\n\n\n<p class=\"has-small-font-size\">Estas preguntas no son sorprendentes e incluso se podr\u00eda decir que son experiencias comunes para muchas personas. Sin embargo, si se las plantea repetidamente a diario sin revisar las respuestas y sugerencias del sistema, podr\u00eda:<\/p>\n\n\n\n<ul class=\"wp-block-list\">\n<li class=\"\">Ignorando que ya he obtenido algunas respuestas;<\/li>\n\n\n\n<li class=\"\">Saltarse la parte pr\u00e1ctica, limit\u00e1ndose a \u201cpreguntar\u201d en lugar de \u201chacer\u201d;<\/li>\n\n\n\n<li class=\"\">Si no permites que la cognici\u00f3n y las emociones se &quot;asienten&quot;, naturalmente no sentir\u00e1s la transformaci\u00f3n.<\/li>\n<\/ul>\n\n\n\n<figure class=\"wp-block-image size-full is-resized\"><img loading=\"lazy\" decoding=\"async\" width=\"308\" height=\"480\" src=\"https:\/\/arttao.org\/wp-content\/uploads\/2025\/07\/Flower-Love-Sticker-by-Manon-Louart.gif\" alt=\"\" class=\"wp-image-8007\" style=\"width:74px;height:auto\"\/><\/figure>\n\n\n\n<h4 class=\"wp-block-heading\">4. Conclusi\u00f3n: Que las preguntas y respuestas se conviertan en una verdadera \u201cpuerta de entrada al crecimiento\u201d<\/h4>\n\n\n\n<p class=\"\">Las preguntas y respuestas psicol\u00f3gicas son una forma de autoexploraci\u00f3n, no una herramienta de &quot;dependencia emocional&quot;. Al reducir conscientemente la frecuencia, organizar el contenido y generar informes, descubrir\u00e1 que...<strong>No s\u00f3lo est\u00e1s adquiriendo informaci\u00f3n, sino tambi\u00e9n construyendo tu propio sistema de navegaci\u00f3n psicol\u00f3gica.<\/strong>.<\/p>\n\n\n\n<p class=\"has-small-font-size\">Que cada pregunta se convierta en una toma de conciencia y cada informe en una integraci\u00f3n. De esta manera, el cuestionamiento psicol\u00f3gico no ser\u00e1 un &quot;bot\u00f3n de p\u00e1nico&quot;, sino el punto de partida para tu progreso gradual hacia la claridad, la estabilidad y la madurez.<\/p>\n\n\n\n<p class=\"\">Por favor, ten en cuenta que est\u00e1 bien ir a paso lento. Si vas en la direcci\u00f3n correcta, sin duda llegar\u00e1s adonde quieres. La importancia de las preguntas y respuestas psicol\u00f3gicas no reside en hacer demasiadas preguntas, sino en si est\u00e1s dispuesto a tener una conversaci\u00f3n tranquila y pausada contigo mismo.<\/p>","protected":false},"excerpt":{"rendered":"<p>\u4e00\u3001\u5fc3\u7406\u7b54\u7591\u7684\u610f\u4e49\u662f\u4ec0\u4e48\uff1f \u5fc3\u7406\u7b54\u7591\uff0c\u7b80\u5355\u6765\u8bf4\uff0c\u662f\u4e00\u79cd\u901a\u8fc7\u5bf9\u8bdd\u548c\u63d0\u95ee\u6765\u6f84\u6e05\u56f0\u60d1\u3001\u7406\u89e3\u60c5\u7eea\u3001\u63a2\u7d22\u81ea\u6211\u4e0e\u83b7\u5f97\u6210\u957f\u7684 [&hellip;]<\/p>\n","protected":false},"author":1,"featured_media":0,"parent":0,"menu_order":0,"comment_status":"closed","ping_status":"closed","template":"","meta":{"nf_dc_page":"","om_disable_all_campaigns":false,"_monsterinsights_skip_tracking":false,"_monsterinsights_sitenote_active":false,"_monsterinsights_sitenote_note":"","_monsterinsights_sitenote_category":0,"footnotes":""},"class_list":["post-8006","page","type-page","status-publish","hentry"],"_links":{"self":[{"href":"https:\/\/arttao.org\/es\/wp-json\/wp\/v2\/pages\/8006","targetHints":{"allow":["GET"]}}],"collection":[{"href":"https:\/\/arttao.org\/es\/wp-json\/wp\/v2\/pages"}],"about":[{"href":"https:\/\/arttao.org\/es\/wp-json\/wp\/v2\/types\/page"}],"author":[{"embeddable":true,"href":"https:\/\/arttao.org\/es\/wp-json\/wp\/v2\/users\/1"}],"replies":[{"embeddable":true,"href":"https:\/\/arttao.org\/es\/wp-json\/wp\/v2\/comments?post=8006"}],"version-history":[{"count":5,"href":"https:\/\/arttao.org\/es\/wp-json\/wp\/v2\/pages\/8006\/revisions"}],"predecessor-version":[{"id":8100,"href":"https:\/\/arttao.org\/es\/wp-json\/wp\/v2\/pages\/8006\/revisions\/8100"}],"wp:attachment":[{"href":"https:\/\/arttao.org\/es\/wp-json\/wp\/v2\/media?parent=8006"}],"curies":[{"name":"gracias","href":"https:\/\/api.w.org\/{rel}","templated":true}]}}