{"id":8014,"date":"2025-07-18T16:35:11","date_gmt":"2025-07-18T16:35:11","guid":{"rendered":"https:\/\/arttao.org\/?page_id=8014"},"modified":"2025-10-27T05:23:11","modified_gmt":"2025-10-27T05:23:11","slug":"plan-de-membresia-2","status":"publish","type":"page","link":"https:\/\/arttao.org\/es\/%e4%bc%9a%e5%91%98%e8%ae%a1%e5%88%92-2\/","title":{"rendered":"Programa de Membres\u00eda"},"content":{"rendered":"<p class=\"\"><\/p>\n\n\n\n<p class=\"\"><\/p>\n\n\n\n<figure class=\"wp-block-image aligncenter size-full is-resized\"><img loading=\"lazy\" decoding=\"async\" width=\"308\" height=\"480\" src=\"https:\/\/arttao.org\/wp-content\/uploads\/2025\/07\/Flower-Love-Sticker-by-Manon-Louart-1.gif\" alt=\"\" class=\"wp-image-8039\" style=\"width:72px;height:auto\"\/><\/figure>\n\n\n\n<p class=\"has-text-color has-link-color wp-elements-ddcdd9b15d4b71223aa9c92650911cc6\" style=\"color:#1bac94\">Arttao.org se compromete a construir una plataforma integral que integre la sanaci\u00f3n psicol\u00f3gica, la creaci\u00f3n art\u00edstica y la interacci\u00f3n con IA. En este proceso, comprendemos que el ritmo, las necesidades y los recursos de cada usuario son \u00fanicos. Para brindar un mejor apoyo a los estudiantes en diferentes etapas, hemos establecido varios niveles de [Planes de Membres\u00eda] para brindarte una experiencia personalizada, r\u00edtmica, profunda y respetuosa.<\/p>\n\n\n\n<p class=\"has-small-font-size\">El actual sistema de membres\u00eda se divide en:<\/p>\n\n\n\n<ul class=\"wp-block-list\">\n<li class=\"has-small-font-size\">Invitado<\/li>\n\n\n\n<li class=\"has-small-font-size\">Registrado<\/li>\n\n\n\n<li class=\"has-small-font-size\">Membres\u00eda Senior: Cinco niveles: A \/ B \/ C \/ D \/ E<\/li>\n\n\n\n<li class=\"has-small-font-size\">Usuarios del Plan Humanitario Gratuito<\/li>\n<\/ul>\n\n\n\n<figure class=\"wp-block-image aligncenter size-full is-resized\"><img loading=\"lazy\" decoding=\"async\" width=\"480\" height=\"480\" src=\"https:\/\/arttao.org\/wp-content\/uploads\/2025\/07\/Saturday-Night-Friday-Sticker-by-LOrbe-Spirits.gif\" alt=\"\" class=\"wp-image-7993\" style=\"width:119px;height:auto\"\/><\/figure>\n\n\n\n<p class=\"has-text-align-center has-small-font-size\"><\/p>\n\n\n<p style=\"color:red; text-align:center;\">\u26a0\ufe0f Inicie sesi\u00f3n primero para ver la informaci\u00f3n del miembro.<\/p>\n\n\n\n<p class=\"has-text-align-center has-text-color has-link-color has-small-font-size wp-elements-171b32732e7b3a179916660bec82bce1\" style=\"color:#07902e\">En esta secci\u00f3n se describe el contenido del servicio y los beneficios de cada nivel, incluido el tiempo de uso de GPT, la cantidad de preguntas psicol\u00f3gicas respondidas y el an\u00e1lisis de las pruebas, para ayudarlo a elegir el plan de soporte m\u00e1s adecuado.<\/p>\n\n\n\n<div style=\"height:63px\" aria-hidden=\"true\" class=\"wp-block-spacer\"><\/div>\n\n\n\n<figure class=\"wp-block-image aligncenter size-full is-resized\"><img loading=\"lazy\" decoding=\"async\" width=\"480\" height=\"480\" src=\"https:\/\/arttao.org\/wp-content\/uploads\/2025\/07\/Take-Care-Mood-Sticker-by-Dyanapyehchek.gif\" alt=\"\" class=\"wp-image-8015\" style=\"width:99px;height:auto\"\/><\/figure>\n\n\n\n<p class=\"has-text-align-center has-small-font-size\"><\/p>\n\n\n<p style=\"color:red;\">Inicie sesi\u00f3n primero para ver y unirse al plan de membres\u00eda.<\/p>\n\n\n\n<p class=\"has-text-align-center has-text-color has-link-color has-small-font-size wp-elements-94edde228586bd48d5d801590f8d62ad\" style=\"color:#9c0a0a\">Ofrecemos una variedad de programas de apoyo psicol\u00f3gico para satisfacer diferentes niveles de necesidades y ayudarle a crecer integralmente tanto f\u00edsica como mentalmente.<\/p>\n\n\n\n<h3 class=\"wp-block-heading has-text-align-center\"><\/h3>\n\n\n\n<p class=\"\"><\/p>\n\n\n\n<div style=\"height:80px\" aria-hidden=\"true\" class=\"wp-block-spacer\"><\/div>\n\n\n\n<figure class=\"wp-block-image aligncenter size-full is-resized\"><img loading=\"lazy\" decoding=\"async\" width=\"480\" height=\"468\" src=\"https:\/\/arttao.org\/wp-content\/uploads\/2025\/08\/Gay-Love-Sticker-by-Lider-Chile-1.gif\" alt=\"\" class=\"wp-image-8881\" style=\"width:131px;height:auto\"\/><\/figure>\n\n\n<p style=\"color:red;\">Inicie sesi\u00f3n en su cuenta antes de solicitar el programa de caridad.<\/p>\n\n\n\n<p class=\"has-text-align-center has-text-color has-link-color has-small-font-size wp-elements-f2e4e0a0909a3b9156672d0951d35262\" style=\"color:#056e0c\">Promover el apoyo psicol\u00f3gico, la curaci\u00f3n asistida por IA y llegar a las personas marginadas en todo el mundo.<\/p>\n\n\n\n<p class=\"\"><\/p>","protected":false},"excerpt":{"rendered":"<p>Arttao.org \u81f4\u529b\u4e8e\u6784\u5efa\u4e00\u4e2a\u878d\u5408\u5fc3\u7406\u7597\u6108\u3001\u827a\u672f\u521b\u9020\u4e0e AI \u4ea4\u4e92\u7684\u7efc\u5408\u5e73\u53f0\u3002\u5728\u8fd9\u4e2a\u8fc7\u7a0b\u4e2d\uff0c\u6211\u4eec\u660e\u767d\u6bcf\u4e00 [&hellip;]<\/p>\n","protected":false},"author":1,"featured_media":0,"parent":0,"menu_order":0,"comment_status":"closed","ping_status":"closed","template":"","meta":{"nf_dc_page":"","om_disable_all_campaigns":false,"_monsterinsights_skip_tracking":false,"_monsterinsights_sitenote_active":false,"_monsterinsights_sitenote_note":"","_monsterinsights_sitenote_category":0,"footnotes":""},"class_list":["post-8014","page","type-page","status-publish","hentry"],"_links":{"self":[{"href":"https:\/\/arttao.org\/es\/wp-json\/wp\/v2\/pages\/8014","targetHints":{"allow":["GET"]}}],"collection":[{"href":"https:\/\/arttao.org\/es\/wp-json\/wp\/v2\/pages"}],"about":[{"href":"https:\/\/arttao.org\/es\/wp-json\/wp\/v2\/types\/page"}],"author":[{"embeddable":true,"href":"https:\/\/arttao.org\/es\/wp-json\/wp\/v2\/users\/1"}],"replies":[{"embeddable":true,"href":"https:\/\/arttao.org\/es\/wp-json\/wp\/v2\/comments?post=8014"}],"version-history":[{"count":20,"href":"https:\/\/arttao.org\/es\/wp-json\/wp\/v2\/pages\/8014\/revisions"}],"predecessor-version":[{"id":11379,"href":"https:\/\/arttao.org\/es\/wp-json\/wp\/v2\/pages\/8014\/revisions\/11379"}],"wp:attachment":[{"href":"https:\/\/arttao.org\/es\/wp-json\/wp\/v2\/media?parent=8014"}],"curies":[{"name":"gracias","href":"https:\/\/api.w.org\/{rel}","templated":true}]}}