{"id":12128,"date":"2025-11-06T05:33:49","date_gmt":"2025-11-06T05:33:49","guid":{"rendered":"https:\/\/arttao.org\/?page_id=12128"},"modified":"2025-11-06T05:33:49","modified_gmt":"2025-11-06T05:33:49","slug":"lecon-12-cours-sur-le-trouble-affectif-saisonnier-lecons-401-440","status":"publish","type":"page","link":"https:\/\/arttao.org\/fr\/%e7%ac%ac%e5%8d%81%e4%ba%8c%e8%af%be%ef%bc%9a%e5%ad%a3%e8%8a%82%e6%80%a7%e6%83%85%e6%84%9f%e9%9a%9c%e7%a2%8d%e8%af%be%e7%a8%8b%ef%bc%88%e7%ac%ac401%ef%bd%9e440%e8%af%be%ef%bc%89\/","title":{"rendered":"Le\u00e7on 12 : Cours sur le trouble affectif saisonnier (Le\u00e7ons 401-440)"},"content":{"rendered":"<div class=\"healing-outline-wrap\" style=\"max-width:800px;margin:24px auto;font-family:-apple-system,BlinkMacSystemFont,'Segoe UI',Roboto,Helvetica,Arial,sans-serif;line-height:1.6;color:#111;font-size:15px;\"><h2 style=\"font-size:20px;color:#00695c;margin:0 0 16px;font-weight:600;border-left:4px solid #F5DEB3;padding-left:8px;\">Le\u00e7on 12\u00a0: Cours sur le trouble affectif saisonnier (Le\u00e7ons 401 \u00e0 440) \u00b7 Catalogue des cours<\/h2><div style=\"margin:0 0 16px;\"><div style=\"font-size:15px;color:#00695c;font-weight:600;margin-bottom:4px;\">Caract\u00e9ristiques des sympt\u00f4mes :<\/div><div style=\"font-size:15px;line-height:1.7;color:#333;\">Le trouble affectif saisonnier (TAS) r\u00e9appara\u00eet souvent au fil des saisons\u00a0: la somnolence diurne, les difficult\u00e9s \u00e0 se r\u00e9veiller le matin, les envies de glucides, la diminution des interactions sociales et la m\u00e9lancolie sont principalement associ\u00e9es \u00e0 une r\u00e9duction de l\u2019exposition \u00e0 la lumi\u00e8re et \u00e0 la perturbation des rythmes circadiens. La forme estivale peut \u00e9galement inclure de l\u2019anxi\u00e9t\u00e9, une diminution du sommeil et une perte d\u2019app\u00e9tit.<\/div><\/div><div style=\"margin:0 0 24px;\"><div style=\"font-size:15px;color:#00695c;font-weight:600;margin-bottom:4px;\">Objectifs du cours :<\/div><div style=\"font-size:15px;line-height:1.7;color:#333;\">Ce programme s&#039;articule autour du th\u00e8me \u201c Rythme-Lumi\u00e8re-Micro-Actions \u201d, combinant th\u00e9rapie cognitivo-comportementale pour la d\u00e9pression saisonni\u00e8re, gestion du sommeil et de la nutrition, et reconstruction environnementale et sociale. L&#039;objectif est de stabiliser l&#039;horloge biologique dans une fourchette acceptable, d&#039;am\u00e9liorer la vigilance diurne, de restaurer progressivement la motivation et l&#039;int\u00e9r\u00eat, et de mettre en place un syst\u00e8me de soins saisonniers r\u00e9utilisable.<\/div><\/div><ol style=\"margin:0;padding-left:20px;font-size:15px;color:#111;\"><li style=\"margin:0 0 16px 0;list-style:decimal;\"><div style=\"margin-bottom:4px;\"><a href=\"https:\/\/arttao.org\/fr\/lecon-401-comprendre-le-lien-entre-les-changements-saisonniers-et-les-troubles-de-lhumeur\/\" style=\"color:#00695c;text-decoration:none;border-bottom:1px solid #F5DEB3;font-weight:600;\">Comprendre le lien entre les changements saisonniers et les troubles de l&#039;humeur<\/a><\/div><div style=\"font-size:14px;line-height:1.6;color:#333;\">Pour comprendre les effets de la lumi\u00e8re du soleil, de la temp\u00e9rature et de l&#039;horloge biologique sur l&#039;humeur et l&#039;\u00e9nergie, nous devons \u00e9tablir une \u201c perspective rythmique \u201d.<\/div><\/li><li style=\"margin:0 0 16px 0;list-style:decimal;\"><div style=\"margin-bottom:4px;\"><a href=\"https:\/\/arttao.org\/fr\/lecon-402-comment-attenuer-la-lethargie-hivernale-et-le-manque-de-motivation\/\" style=\"color:#00695c;text-decoration:none;border-bottom:1px solid #F5DEB3;font-weight:600;\">Soulager la morosit\u00e9 hivernale et le manque de motivation<\/a><\/div><div style=\"font-size:14px;line-height:1.6;color:#333;\">De la somnolence excessive aux envies de glucides, en passant par le manque de motivation et le repli sur soi, il a pr\u00e9cis\u00e9 qu&#039;il ne s&#039;agissait \u201c pas de paresse \u201d.<\/div><\/li><li style=\"margin:0 0 16px 0;list-style:decimal;\"><div style=\"margin-bottom:4px;\"><a href=\"https:\/\/arttao.org\/fr\/lecon-403-ameliorer-la-gestion-du-sommeil-excessif-et-des-difficultes-matinales\/\" style=\"color:#00695c;text-decoration:none;border-bottom:1px solid #F5DEB3;font-weight:600;\">Am\u00e9liorer le sommeil excessif et la difficult\u00e9 \u00e0 se r\u00e9veiller le matin<\/a><\/div><div style=\"font-size:14px;line-height:1.6;color:#333;\">En fonction des diff\u00e9rences dans le spectre des sympt\u00f4mes et les facteurs d\u00e9clenchants, des strat\u00e9gies cibl\u00e9es telles que l&#039;exposition \u00e0 la lumi\u00e8re ou le refroidissement peuvent \u00eatre s\u00e9lectionn\u00e9es.<\/div><\/li><li style=\"margin:0 0 16px 0;list-style:decimal;\"><div style=\"margin-bottom:4px;\"><a href=\"https:\/\/arttao.org\/fr\/lecon-404-reconstruire-la-volonte-sociale-et-les-liens-interpersonnels\/\" style=\"color:#00695c;text-decoration:none;border-bottom:1px solid #F5DEB3;font-weight:600;\">Reconstruire la volont\u00e9 sociale et les liens interpersonnels<\/a><\/div><div style=\"font-size:14px;line-height:1.6;color:#333;\">Une explication simple de la m\u00e9latonine et des rythmes circadiens pour mieux comprendre les difficult\u00e9s \u00e0 se r\u00e9veiller le matin.<\/div><\/li><li style=\"margin:0 0 16px 0;list-style:decimal;\"><div style=\"margin-bottom:4px;\"><a href=\"https:\/\/arttao.org\/fr\/%e7%ac%ac405%e8%af%be%ef%bc%9a%e5%bb%ba%e7%ab%8b%e4%b8%aa%e4%ba%ba%e5%ad%a3%e8%8a%82%e6%83%85%e7%bb%aa%e7%85%a7%e6%8a%a4%e7%b3%bb%e7%bb%9f\/\" style=\"color:#00695c;text-decoration:none;border-bottom:1px solid #F5DEB3;font-weight:600;\">\u00c9tablir un \u00ab syst\u00e8me personnel de soins \u00e9motionnels saisonniers \u00bb<\/a><\/div><div style=\"font-size:14px;line-height:1.6;color:#333;\">Param\u00e8tres de l&#039;\u00e9quipement, distance et dur\u00e9e, et comment l&#039;utiliser en toute s\u00e9curit\u00e9 et progressivement.<\/div><\/li><li style=\"margin:0 0 16px 0;list-style:decimal;\"><div style=\"margin-bottom:4px;\"><a href=\"https:\/\/arttao.org\/fr\/lecon-406-principes-scientifiques-et-recommandations-dutilisation-de-la-luminotherapie\/\" style=\"color:#00695c;text-decoration:none;border-bottom:1px solid #F5DEB3;font-weight:600;\">La p\u00e9riode d&#039;ensoleillement du matin<\/a><\/div><div style=\"font-size:14px;line-height:1.6;color:#333;\">Choisissez une fen\u00eatre de 30 \u00e0 60 minutes apr\u00e8s le r\u00e9veil pour \u00e9viter de perturber le sommeil nocturne.<\/div><\/li><li style=\"margin:0 0 16px 0;list-style:decimal;\"><div style=\"margin-bottom:4px;\"><a href=\"https:\/\/arttao.org\/fr\/%e7%ac%ac407%e8%af%be%ef%bc%9a%e7%bb%b4%e7%94%9f%e7%b4%a0d%e4%b8%8e%e8%a4%aa%e9%bb%91%e7%b4%a0%e7%9a%84%e5%b9%b3%e8%a1%a1%e4%bd%9c%e7%94%a8\/\" style=\"color:#00695c;text-decoration:none;border-bottom:1px solid #F5DEB3;font-weight:600;\">Simulateur d&#039;aube et \u00e9veil naturel<\/a><\/div><div style=\"font-size:14px;line-height:1.6;color:#333;\">Le dispositif d&#039;\u00e9claircissement progressif r\u00e9gule en douceur l&#039;horloge biologique, att\u00e9nuant la sensation que \u201c se lever est un v\u00e9ritable combat \u201d.<\/div><\/li><li style=\"margin:0 0 16px 0;list-style:decimal;\"><div style=\"margin-bottom:4px;\"><a href=\"https:\/\/arttao.org\/fr\/lecon-408-comment-enregistrer-et-analyser-les-variations-saisonnieres-de-lhumeur\/\" style=\"color:#00695c;text-decoration:none;border-bottom:1px solid #F5DEB3;font-weight:600;\">Vitamine D et soutien nutritionnel<\/a><\/div><div style=\"font-size:14px;line-height:1.6;color:#333;\">Le principe de base des tests et de la suppl\u00e9mentation est d&#039;associer des prot\u00e9ines et des graisses saines pour stabiliser l&#039;\u00e9nergie.<\/div><\/li><li style=\"margin:0 0 16px 0;list-style:decimal;\"><div style=\"margin-bottom:4px;\"><a href=\"https:\/\/arttao.org\/fr\/lecon-409-strategies-de-gestion-de-lalimentation-et-de-lenergie-en-automne-et-en-hiver\/\" style=\"color:#00695c;text-decoration:none;border-bottom:1px solid #F5DEB3;font-weight:600;\">R\u00e9gulation des exc\u00e8s de sommeil et des difficult\u00e9s \u00e0 se r\u00e9veiller le matin<\/a><\/div><div style=\"font-size:14px;line-height:1.6;color:#333;\">Une approche en trois \u00e9tapes\u00a0: \u00e9tablir une heure de r\u00e9veil fixe, faire de courtes siestes et r\u00e9duire le temps pass\u00e9 \u00e9veill\u00e9 au lit.<\/div><\/li><li style=\"margin:0 0 16px 0;list-style:decimal;\"><div style=\"margin-bottom:4px;\"><a href=\"https:\/\/arttao.org\/fr\/lecon-410-le-role-de-lexercice-physique-dans-la-stabilite-emotionnelle\/\" style=\"color:#00695c;text-decoration:none;border-bottom:1px solid #F5DEB3;font-weight:600;\">Envies de glucides et gestion du poids<\/a><\/div><div style=\"font-size:14px;line-height:1.6;color:#333;\">Remplacez le r\u00e9gime \u201c prot\u00e9ines d&#039;abord, glucides ensuite \u201d par des aliments riches en fibres pour stabiliser les fluctuations de la glyc\u00e9mie.<\/div><\/li><li style=\"margin:0 0 16px 0;list-style:decimal;\"><div style=\"margin-bottom:4px;\"><a href=\"https:\/\/arttao.org\/fr\/lecon-411-methodes-pratiques-de-regulation-de-lhorloge-biologique\/\" style=\"color:#00695c;text-decoration:none;border-bottom:1px solid #F5DEB3;font-weight:600;\">M\u00e9thodes pratiques de r\u00e9gulation de l&#039;horloge biologique<\/a><\/div><div style=\"font-size:14px;line-height:1.6;color:#333;\">Identifiez les \u00e9nonc\u00e9s catastrophiques et d\u00e9sesp\u00e9r\u00e9s li\u00e9s aux saisons et pr\u00e9parez des expressions alternatives.<\/div><\/li><li style=\"margin:0 0 16px 0;list-style:decimal;\"><div style=\"margin-bottom:4px;\"><a href=\"https:\/\/arttao.org\/fr\/lecon-412-prevenir-le-retrait-social-et-lisolement-emotionnel\/\" style=\"color:#00695c;text-decoration:none;border-bottom:1px solid #F5DEB3;font-weight:600;\">Pr\u00e9venir le repli sur soi et l&#039;isolement affectif<\/a><\/div><div style=\"font-size:14px;line-height:1.6;color:#333;\">Con\u00e7u pour r\u00e9sister aux activit\u00e9s diurnes, en privil\u00e9giant l&#039;exposition \u00e0 l&#039;ext\u00e9rieur et au soleil.<\/div><\/li><li style=\"margin:0 0 16px 0;list-style:decimal;\"><div style=\"margin-bottom:4px;\"><a href=\"https:\/\/arttao.org\/fr\/%e7%ac%ac413%e8%af%be%ef%bc%9a%e5%a6%82%e4%bd%95%e5%ba%94%e5%af%b9%e5%81%87%e6%80%a7%e6%87%92%e6%83%b0%e4%b8%8e%e8%87%aa%e8%b4%a3\/\" style=\"color:#00695c;text-decoration:none;border-bottom:1px solid #F5DEB3;font-weight:600;\">Comment g\u00e9rer la \u201c pseudo-paresse \u201d et l&#039;auto-culpabilisation<\/a><\/div><div style=\"font-size:14px;line-height:1.6;color:#333;\">R\u00e9duisez l&#039;auto-accusation et la honte, et remplacez le d\u00e9ni par la pratique du \u201c choix de l&#039;argent de poche \u201d.<\/div><\/li><li style=\"margin:0 0 16px 0;list-style:decimal;\"><div style=\"margin-bottom:4px;\"><a href=\"https:\/\/arttao.org\/fr\/lecon-414-exercices-structures-pour-retrouver-un-rythme-quotidien\/\" style=\"color:#00695c;text-decoration:none;border-bottom:1px solid #F5DEB3;font-weight:600;\">Des exercices structur\u00e9s pour r\u00e9tablir le rythme de la vie<\/a><\/div><div style=\"font-size:14px;line-height:1.6;color:#333;\">Utilisez des exercices auditifs, olfactifs et tactiles pour combattre l&#039;engourdissement et la l\u00e9thargie internes.<\/div><\/li><li style=\"margin:0 0 16px 0;list-style:decimal;\"><div style=\"margin-bottom:4px;\"><a href=\"https:\/\/arttao.org\/fr\/%e7%ac%ac415%e8%af%be%ef%bc%9a%e4%bb%8e%e6%8a%97%e5%86%ac%e5%a4%a9%e5%88%b0%e4%b8%8e%e5%86%ac%e5%a4%a9%e5%85%b1%e5%a4%84\/\" style=\"color:#00695c;text-decoration:none;border-bottom:1px solid #F5DEB3;font-weight:600;\">De \u201c combattre l&#039;hiver \u201d \u00e0 \u201c coexister avec l&#039;hiver \u201d<\/a><\/div><div style=\"font-size:14px;line-height:1.6;color:#333;\">Le lien entre la r\u00e9gulation de la temp\u00e9rature et la tension musculaire peut \u00eatre explor\u00e9 par le biais de l&#039;\u00e9chauffement et des boissons chaudes.<\/div><\/li><li style=\"margin:0 0 16px 0;list-style:decimal;\"><div style=\"margin-bottom:4px;\"><a href=\"https:\/\/arttao.org\/fr\/lecon-416-identifier-lagitation-printaniere-et-lanxiete-accrue\/\" style=\"color:#00695c;text-decoration:none;border-bottom:1px solid #F5DEB3;font-weight:600;\">Identifier l&#039;agitation printani\u00e8re et l&#039;anxi\u00e9t\u00e9 accrue<\/a><\/div><div style=\"font-size:14px;line-height:1.6;color:#333;\">Orient\u00e9e vers la fen\u00eatre, la surface r\u00e9fl\u00e9chissante, combin\u00e9e \u00e0 la temp\u00e9rature de couleur de la lumi\u00e8re blanche, am\u00e9liore la luminosit\u00e9 diurne.<\/div><\/li><li style=\"margin:0 0 16px 0;list-style:decimal;\"><div style=\"margin-bottom:4px;\"><a href=\"https:\/\/arttao.org\/fr\/lecon-417-comment-utiliser-les-rythmes-naturels-pour-ameliorer-sa-concentration\/\" style=\"color:#00695c;text-decoration:none;border-bottom:1px solid #F5DEB3;font-weight:600;\">Comment utiliser les rythmes naturels pour am\u00e9liorer sa concentration<\/a><\/div><div style=\"font-size:14px;line-height:1.6;color:#333;\">D\u00e9composer le processus de \u201c sortir \u201d en trois \u00e9tapes \u2014 s&#039;habiller, ouvrir la porte et descendre les escaliers \u2014 r\u00e9duit la r\u00e9sistance.<\/div><\/li><li style=\"margin:0 0 16px 0;list-style:decimal;\"><div style=\"margin-bottom:4px;\"><a href=\"https:\/\/arttao.org\/fr\/lecon-418-developper-le-soutien-familial-et-du-partenaire\/\" style=\"color:#00695c;text-decoration:none;border-bottom:1px solid #F5DEB3;font-weight:600;\">Mettre en place un soutien familial et de partenaire<\/a><\/div><div style=\"font-size:14px;line-height:1.6;color:#333;\">Interactions de courte dur\u00e9e, de faible densit\u00e9 et pr\u00e9visibles, la priorit\u00e9 \u00e9tant donn\u00e9e au soutien de la stratosph\u00e8re.<\/div><\/li><li style=\"margin:0 0 16px 0;list-style:decimal;\"><div style=\"margin-bottom:4px;\"><a href=\"https:\/\/arttao.org\/fr\/lecon-419-formation-en-education-psychologique-pour-les-emotions-saisonnieres\/\" style=\"color:#00695c;text-decoration:none;border-bottom:1px solid #F5DEB3;font-weight:600;\">Formation psychologique pour le trouble affectif saisonnier<\/a><\/div><div style=\"font-size:14px;line-height:1.6;color:#333;\">La marche matinale et les exercices de balancement rythmiques peuvent am\u00e9liorer la courbe de temp\u00e9rature corporelle et la vigilance.<\/div><\/li><li style=\"margin:0 0 16px 0;list-style:decimal;\"><div style=\"margin-bottom:4px;\"><a href=\"https:\/\/arttao.org\/fr\/lecon-420-ajuster-les-plans-de-traitement-en-collaboration-avec-un-psychologue\/\" style=\"color:#00695c;text-decoration:none;border-bottom:1px solid #F5DEB3;font-weight:600;\">Ajustement du plan de traitement en collaboration avec un psychologue<\/a><\/div><div style=\"font-size:14px;line-height:1.6;color:#333;\">Enregistrez l&#039;ensoleillement, le sommeil, l&#039;\u00e9nergie et l&#039;humeur ; prenez des d\u00e9cisions bas\u00e9es sur des donn\u00e9es, et non sur des sentiments.<\/div><\/li><li style=\"margin:0 0 16px 0;list-style:decimal;\"><div style=\"margin-bottom:4px;font-weight:600;color:#00695c;\">Adaptations hivernales au travail et aux \u00e9tudes (pas encore en ligne)<\/div><div style=\"font-size:14px;line-height:1.6;color:#333;\">R\u00e9duisez la granularit\u00e9 des t\u00e2ches, pr\u00e9voyez une marge de s\u00e9curit\u00e9 et utilisez la technique Pomodoro pour maintenir le rythme.<\/div><\/li><li style=\"margin:0 0 16px 0;list-style:decimal;\"><div style=\"margin-bottom:4px;font-weight:600;color:#00695c;\">Compr\u00e9hension et collaboration au sein de la famille et des relations (non disponible en ligne pour le moment)<\/div><div style=\"font-size:14px;line-height:1.6;color:#333;\">Communiquez sur \u201c l\u2019\u00e9volution de la maladie, les besoins, les limites \u201d et r\u00e9partissez le travail plut\u00f4t que de vous disputer.<\/div><\/li><li style=\"margin:0 0 16px 0;list-style:decimal;\"><div style=\"margin-bottom:4px;font-weight:600;color:#00695c;\">Contre-indications et pr\u00e9cautions relatives \u00e0 la luminoth\u00e9rapie (non disponibles en ligne pour le moment)<\/div><div style=\"font-size:14px;line-height:1.6;color:#333;\">En cas de risques associ\u00e9s aux troubles bipolaires, aux probl\u00e8mes r\u00e9tiniens et \u00e0 la photosensibilit\u00e9 m\u00e9dicamenteuse, il est n\u00e9cessaire de consulter un professionnel au pr\u00e9alable.<\/div><\/li><li style=\"margin:0 0 16px 0;list-style:decimal;\"><div style=\"margin-bottom:4px;font-weight:600;color:#00695c;\">Un ensemble trois pi\u00e8ces pour un matin paisible (pas encore disponible)<\/div><div style=\"font-size:14px;line-height:1.6;color:#333;\">\u00c9clairage \u2013 hydratation \u2013 action : privil\u00e9gier le moindre geste possible.<\/div><\/li><li style=\"margin:0 0 16px 0;list-style:decimal;\"><div style=\"margin-bottom:4px;font-weight:600;color:#00695c;\">Comment g\u00e9rer le coup de barre de l&#039;apr\u00e8s-midi (pas encore en ligne)<\/div><div style=\"font-size:14px;line-height:1.6;color:#333;\">De courtes p\u00e9riodes d&#039;exposition \u00e0 une lumi\u00e8re vive, une activit\u00e9 physique l\u00e9g\u00e8re et un faible apport en prot\u00e9ines, en \u00e9vitant une compensation glyc\u00e9mique \u00e9lev\u00e9e.<\/div><\/li><li style=\"margin:0 0 16px 0;list-style:decimal;\"><div style=\"margin-bottom:4px;font-weight:600;color:#00695c;\">Mode nuit et gestion de la lumi\u00e8re bleue (pas encore disponible)<\/div><div style=\"font-size:14px;line-height:1.6;color:#333;\">Deux heures d&#039;hygi\u00e8ne de l&#039;\u00e9cran et une source de lumi\u00e8re chaude prot\u00e8gent la s\u00e9cr\u00e9tion de m\u00e9latonine.<\/div><\/li><li style=\"margin:0 0 16px 0;list-style:decimal;\"><div style=\"margin-bottom:4px;font-weight:600;color:#00695c;\">Combinaison de baisse de moral et d&#039;anxi\u00e9t\u00e9 (pas encore en ligne)<\/div><div style=\"font-size:14px;line-height:1.6;color:#333;\">Pour distinguer les sch\u00e9mas li\u00e9s \u00e0 l&#039;anxi\u00e9t\u00e9 de ceux li\u00e9s \u00e0 la d\u00e9pression, il faut d&#039;abord stabiliser le rythme circadien avant de s&#039;engager dans des processus cognitifs.<\/div><\/li><li style=\"margin:0 0 16px 0;list-style:decimal;\"><div style=\"margin-bottom:4px;font-weight:600;color:#00695c;\">Applications de la pleine conscience et de l&#039;ancrage en hiver (pas encore en ligne)<\/div><div style=\"font-size:14px;line-height:1.6;color:#333;\">Utilisez des rep\u00e8res somatosensoriels et des rythmes respiratoires pour r\u00e9duire la rumination et la l\u00e9thargie.<\/div><\/li><li style=\"margin:0 0 16px 0;list-style:decimal;\"><div style=\"margin-bottom:4px;font-weight:600;color:#00695c;\">Configuration environnementale\u00a0: temp\u00e9rature, odeur et son (pas encore en ligne)<\/div><div style=\"font-size:14px;line-height:1.6;color:#333;\">Des couvertures chaudes, des parfums et des bruits blancs cr\u00e9ent un \u201c lieu de s\u00e9jour \u201d pour le corps et l&#039;esprit.<\/div><\/li><li style=\"margin:0 0 16px 0;list-style:decimal;\"><div style=\"margin-bottom:4px;font-weight:600;color:#00695c;\">Le r\u00f4le des traitements m\u00e9dicamenteux dans le trouble affectif saisonnier (pas encore en ligne)<\/div><div style=\"font-size:14px;line-height:1.6;color:#333;\">Discutez avec votre m\u00e9decin des indications, du d\u00e9roulement du traitement et du plan de traitement complet, y compris la luminoth\u00e9rapie\/TCC.<\/div><\/li><li style=\"margin:0 0 16px 0;list-style:decimal;\"><div style=\"margin-bottom:4px;font-weight:600;color:#00695c;\">Voyages et d\u00e9calage horaire\u00a0: comment \u00e9viter les interruptions (Pas encore en ligne)<\/div><div style=\"font-size:14px;line-height:1.6;color:#333;\">L&#039;exposition au soleil segment\u00e9e et les heures de r\u00e9veil fixes raccourcissent la p\u00e9riode d&#039;adaptation.<\/div><\/li><li style=\"margin:0 0 16px 0;list-style:decimal;\"><div style=\"margin-bottom:4px;font-weight:600;color:#00695c;\">Vacances et sentiment de vide (pas encore en ligne)<\/div><div style=\"font-size:14px;line-height:1.6;color:#333;\">Pr\u00e9voyez des \u201c projets sans grandes attentes \u201d pour les f\u00eates et compensez la d\u00e9ception par des rituels simples.<\/div><\/li><li style=\"margin:0 0 16px 0;list-style:decimal;\"><div style=\"margin-bottom:4px;font-weight:600;color:#00695c;\">Solutions alternatives en cas de plusieurs jours nuageux cons\u00e9cutifs (pas encore en ligne)<\/div><div style=\"font-size:14px;line-height:1.6;color:#333;\">Un \u00e9clairage int\u00e9rieur \u00e0 haute intensit\u00e9 et un \u00e9clairage multipoints sur plusieurs jours r\u00e9duisent l&#039;impact des journ\u00e9es nuageuses cons\u00e9cutives.<\/div><\/li><li style=\"margin:0 0 16px 0;list-style:decimal;\"><div style=\"margin-bottom:4px;font-weight:600;color:#00695c;\">D\u00e9construire l&#039;autocritique et la honte (Pas encore publi\u00e9)<\/div><div style=\"font-size:14px;line-height:1.6;color:#333;\">Externaliser les effets des saisons \u00e0 des m\u00e9canismes rythmiques et r\u00e9duire les accusations personnalis\u00e9es.<\/div><\/li><li style=\"margin:0 0 16px 0;list-style:decimal;\"><div style=\"margin-bottom:4px;font-weight:600;color:#00695c;\">Signaux d&#039;alerte de rechute et fiches d&#039;action (pas encore en ligne)<\/div><div style=\"font-size:14px;line-height:1.6;color:#333;\">Affichez la liste de vos voyants jaunes et les actions correspondantes accessibles en un clic, puis r\u00e9initialisez-les rapidement.<\/div><\/li><li style=\"margin:0 0 16px 0;list-style:decimal;\"><div style=\"margin-bottom:4px;font-weight:600;color:#00695c;\">Script de communication avec l&#039;\u00e9cole\/l&#039;organisation (pas encore en ligne)<\/div><div style=\"font-size:14px;line-height:1.6;color:#333;\">Les quatre \u00e9tapes \u2013 fait, impact, demande et solution \u2013 sont clairement expliqu\u00e9es sans qu&#039;il soit n\u00e9cessaire de demander pardon.<\/div><\/li><li style=\"margin:0 0 16px 0;list-style:decimal;\"><div style=\"margin-bottom:4px;font-weight:600;color:#00695c;\">G\u00e9rer le rebond printanier et l&#039;excitation excessive (Non disponible pour le moment)<\/div><div style=\"font-size:14px;line-height:1.6;color:#333;\">Pour \u00e9viter un passage brutal d&#039;une humeur maussade \u00e0 une excitation excessive, maintenez un \u00e9tat stable.<\/div><\/li><li style=\"margin:0 0 16px 0;list-style:decimal;\"><div style=\"margin-bottom:4px;font-weight:600;color:#00695c;\">Strat\u00e9gie \u00e0 long terme : se pr\u00e9parer un mois \u00e0 l&#039;avance (avant le lancement).<\/div><div style=\"font-size:14px;line-height:1.6;color:#333;\">Commencez \u00e0 adapter votre \u00e9clairage et vos horaires de sommeil avant le changement de saison pour en tirer profit.<\/div><\/li><li style=\"margin:0 0 16px 0;list-style:decimal;\"><div style=\"margin-bottom:4px;font-weight:600;color:#00695c;\">\u00c9tude de cas\u00a0: Ma carte saisonni\u00e8re (pas encore lanc\u00e9e)<\/div><div style=\"font-size:14px;line-height:1.6;color:#333;\">Compilez les donn\u00e9es personnelles dans une \u201ccarte d&#039;humeur annuelle\u201d afin de faciliter les ajustements pour le trimestre suivant.<\/div><\/li><li style=\"margin:0 0 16px 0;list-style:decimal;\"><div style=\"margin-bottom:4px;font-weight:600;color:#00695c;\">Bilan g\u00e9n\u00e9ral : Mise en place d&#039;un \u201c syst\u00e8me de soutien \u00e9motionnel saisonnier \u201d personnel (pas encore lanc\u00e9)<\/div><div style=\"font-size:14px;line-height:1.6;color:#333;\">Int\u00e9grez la lumi\u00e8re, le rythme, la nutrition, l&#039;exercice et l&#039;interaction sociale dans un programme stable.<\/div><\/li><li style=\"margin:0 0 16px 0;list-style:decimal;\"><div style=\"margin-bottom:4px;\"><a href=\"https:\/\/arttao.org\/fr\/mandala-spirituel-traditionnel-cours-complementaire\/\" style=\"color:#00695c;text-decoration:none;border-bottom:1px solid #F5DEB3;font-weight:600;\">Mandala spirituel traditionnel (cours compl\u00e9mentaire)<\/a><\/div><div style=\"font-size:14px;line-height:1.6;color:#333;\">\u201cLe \u201d mandala spirituel traditionnel \u00bb trouve son origine dans l&#039;expression symbolique des interrogations sur l&#039;ordre de l&#039;univers, le sens de la vie et la spiritualit\u00e9.<\/div><\/li><li style=\"margin:0 0 16px 0;list-style:decimal;\"><div style=\"margin-bottom:4px;\"><a href=\"https:\/\/arttao.org\/fr\/%e7%ac%ac%e4%b8%89%e5%8d%81%e8%af%be%ef%bc%9a%e7%aa%81%e5%8f%91%e4%ba%8b%e4%bb%b6%e5%bf%83%e7%90%86%e5%88%9b%e4%bc%a4%ef%bc%88%e7%ac%ac1081%ef%bd%9e1120%e8%af%be%ef%bc%89%e8%af%be%e7%a8%8b%e8%af%84\/\" style=\"color:#00695c;text-decoration:none;border-bottom:1px solid #F5DEB3;font-weight:600;\">Le\u00e7on 12\u00a0: Trouble affectif saisonnier (Le\u00e7ons 401 \u00e0 440) \u2013 \u00c9valuation du cours<\/a><\/div><div style=\"font-size:14px;line-height:1.6;color:#333;\">Veuillez compl\u00e9ter l&#039;\u00e9valuation du cours pour \u00e9valuer vos apprentissages et formuler des suggestions. Cela vous permettra d&#039;approfondir votre compr\u00e9hension et nous aidera \u00e0 am\u00e9liorer le cours.<\/div><\/li><\/ol><div style=\"margin-top:24px;font-size:13px;color:#666;line-height:1.5;background:#fff8dc;border:1px solid #F5DEB3;border-radius:8px;padding:12px 12px;\">Remarque\u00a0: Ce contenu est destin\u00e9 \u00e0 des fins d\u2019auto-compr\u00e9hension et de formation uniquement et ne remplace pas un diagnostic m\u00e9dical professionnel ni un traitement d\u2019urgence. Si vous souffrez de d\u00e9pression persistante ou qui s\u2019aggrave, de sentiments de d\u00e9sespoir ou de pens\u00e9es suicidaires ou d\u2019automutilation, veuillez contacter imm\u00e9diatement des professionnels et des services de crise.<\/div><\/div>","protected":false},"excerpt":{"rendered":"","protected":false},"author":1,"featured_media":0,"parent":0,"menu_order":0,"comment_status":"closed","ping_status":"closed","template":"","meta":{"nf_dc_page":"","om_disable_all_campaigns":false,"_monsterinsights_skip_tracking":false,"_monsterinsights_sitenote_active":false,"_monsterinsights_sitenote_note":"","_monsterinsights_sitenote_category":0,"footnotes":""},"class_list":["post-12128","page","type-page","status-publish","hentry"],"_links":{"self":[{"href":"https:\/\/arttao.org\/fr\/wp-json\/wp\/v2\/pages\/12128","targetHints":{"allow":["GET"]}}],"collection":[{"href":"https:\/\/arttao.org\/fr\/wp-json\/wp\/v2\/pages"}],"about":[{"href":"https:\/\/arttao.org\/fr\/wp-json\/wp\/v2\/types\/page"}],"author":[{"embeddable":true,"href":"https:\/\/arttao.org\/fr\/wp-json\/wp\/v2\/users\/1"}],"replies":[{"embeddable":true,"href":"https:\/\/arttao.org\/fr\/wp-json\/wp\/v2\/comments?post=12128"}],"version-history":[{"count":1,"href":"https:\/\/arttao.org\/fr\/wp-json\/wp\/v2\/pages\/12128\/revisions"}],"predecessor-version":[{"id":12129,"href":"https:\/\/arttao.org\/fr\/wp-json\/wp\/v2\/pages\/12128\/revisions\/12129"}],"wp:attachment":[{"href":"https:\/\/arttao.org\/fr\/wp-json\/wp\/v2\/media?parent=12128"}],"curies":[{"name":"wp","href":"https:\/\/api.w.org\/{rel}","templated":true}]}}