{"id":12303,"date":"2025-11-07T22:10:31","date_gmt":"2025-11-07T22:10:31","guid":{"rendered":"https:\/\/arttao.org\/?page_id=12303"},"modified":"2025-11-22T23:41:40","modified_gmt":"2025-11-22T23:41:40","slug":"lecon-23-syndrome-de-desquamation-cutanee-lecons-821-840","status":"publish","type":"page","link":"https:\/\/arttao.org\/fr\/%e7%ac%ac%e4%ba%8c%e5%8d%81%e4%b8%89%e8%af%be%ef%bc%9a%e7%9a%ae%e8%82%a4%e5%89%a5%e7%a6%bb%e7%97%87%ef%bc%88%e7%ac%ac821%ef%bd%9e840%e8%af%be%ef%bc%89\/","title":{"rendered":"Le\u00e7on 23\u00a0: Syndrome de desquamation cutan\u00e9e (Le\u00e7ons 831-860)"},"content":{"rendered":"<div class=\"healing-outline-wrap\" style=\"max-width:800px;margin:24px auto;font-family:-apple-system,BlinkMacSystemFont,'Segoe UI',Roboto,Helvetica,Arial,sans-serif;line-height:1.6;color:#111;font-size:15px;\"><h2 style=\"font-size:20px;color:#00695c;margin:0 0 16px;font-weight:600;border-left:4px solid #F5DEB3;padding-left:8px;\">Le\u00e7on 23\u00a0: Cours sur le syndrome d\u2019exfoliation cutan\u00e9e (Le\u00e7ons 831 \u00e0 860) \u00b7 Catalogue des cours<\/h2><div style=\"margin:0 0 16px;\"><div style=\"font-size:15px;color:#00695c;font-weight:600;margin-bottom:4px;\">Caract\u00e9ristiques des sympt\u00f4mes :<\/div><div style=\"font-size:15px;line-height:1.7;color:#333;\">Le trouble de desquamation cutan\u00e9e est un type de trouble du comportement r\u00e9p\u00e9titif centr\u00e9 sur le corps, caract\u00e9ris\u00e9 par des mouvements r\u00e9p\u00e9titifs de desquamation, de grattage et d&#039;autres comportements, souvent d\u00e9clench\u00e9s par l&#039;anxi\u00e9t\u00e9, la tension ou l&#039;ennui. Bien que ce comportement procure un soulagement temporaire, il s&#039;accompagne fr\u00e9quemment de douleur, de culpabilit\u00e9 et de honte.<\/div><\/div><div style=\"margin:0 0 24px;\"><div style=\"font-size:15px;color:#00695c;font-weight:600;margin-bottom:4px;\">Objectifs du cours :<\/div><div style=\"font-size:15px;line-height:1.7;color:#333;\">Le cours utilise le principe \u201c prise de conscience \u2013 d\u00e9lai \u2013 substitution \u2013 correction cognitive \u2013 acceptation de soi \u201d comme fil conducteur principal pour aider les apprenants \u00e0 identifier les m\u00e9canismes d\u00e9clencheurs, \u00e0 r\u00e9duire l\u2019envie de se d\u00e9tacher et \u00e0 \u00e9tablir un syst\u00e8me d\u2019autosoins doux et durable.<\/div><\/div><ol style=\"margin:0;padding-left:20px;font-size:15px;color:#111;\"><li style=\"margin:0 0 16px 0;list-style:decimal;\"><div style=\"margin-bottom:4px;\"><a href=\"https:\/\/arttao.org\/fr\/lecon-811-comprendre-les-caracteristiques-et-les-mecanismes-psychologiques-du-syndrome-de-desquamation-cutanee\/\" style=\"color:#00695c;text-decoration:none;border-bottom:1px solid #F5DEB3;font-weight:600;\">Comprendre les caract\u00e9ristiques et les m\u00e9canismes psychologiques du syndrome de desquamation cutan\u00e9e<\/a><\/div><div style=\"font-size:14px;line-height:1.6;color:#333;\">Identifier les caract\u00e9ristiques principales du syndrome de desquamation cutan\u00e9e et comprendre son lien avec l&#039;anxi\u00e9t\u00e9 et le d\u00e9s\u00e9quilibre de l&#039;autor\u00e9gulation.<\/div><\/li><li style=\"margin:0 0 16px 0;list-style:decimal;\"><div style=\"margin-bottom:4px;\"><a href=\"https:\/\/arttao.org\/fr\/lecon-812-identifier-et-corriger-les-idees-fausses-courantes-sur-le-peeling-cutane\/\" style=\"color:#00695c;text-decoration:none;border-bottom:1px solid #F5DEB3;font-weight:600;\">Identifier et corriger les malentendus cognitifs sur la desquamation de la peau<\/a><\/div><div style=\"font-size:14px;line-height:1.6;color:#333;\">Corriger les croyances n\u00e9gatives telles que \u201c Je ne peux pas le contr\u00f4ler \u201d et \u201c Je suis bizarre \u201d et \u00e9tablir un nouveau cadre de compr\u00e9hension.<\/div><\/li><li style=\"margin:0 0 16px 0;list-style:decimal;\"><div style=\"margin-bottom:4px;\"><a href=\"https:\/\/arttao.org\/fr\/lecon-813-formation-aux-techniques-alternatives-pour-reduire-la-desquamation-cutanee\/\" style=\"color:#00695c;text-decoration:none;border-bottom:1px solid #F5DEB3;font-weight:600;\">Formation aux techniques alternatives pour r\u00e9duire les comportements d&#039;arrachement de la peau<\/a><\/div><div style=\"font-size:14px;line-height:1.6;color:#333;\">Apprenez des comportements alternatifs sans danger\u00a0: serrer une balle, masser, respirer profond\u00e9ment, se rincer \u00e0 l\u2019eau froide, etc.<\/div><\/li><li style=\"margin:0 0 16px 0;list-style:decimal;\"><div style=\"margin-bottom:4px;\"><a href=\"https:\/\/arttao.org\/fr\/lecon-814-ameliorer-la-maitrise-de-soi-et-reduire-les-comportements-impulsifs\/\" style=\"color:#00695c;text-decoration:none;border-bottom:1px solid #F5DEB3;font-weight:600;\">Am\u00e9liorer la ma\u00eetrise de soi et r\u00e9duire les comportements impulsifs<\/a><\/div><div style=\"font-size:14px;line-height:1.6;color:#333;\">Renforcer l&#039;exp\u00e9rience de contr\u00f4le gr\u00e2ce \u00e0 un entra\u00eenement de substitution par la prise de conscience et le d\u00e9lai.<\/div><\/li><li style=\"margin:0 0 16px 0;list-style:decimal;\"><div style=\"margin-bottom:4px;\"><a href=\"https:\/\/arttao.org\/fr\/lecon-815-faire-face-aux-emotions-negatives-et-au-stress-interpersonnel-dans-le-syndrome-de-desquamation-cutanee\/\" style=\"color:#00695c;text-decoration:none;border-bottom:1px solid #F5DEB3;font-weight:600;\">Faire face aux \u00e9motions n\u00e9gatives et au stress interpersonnel dans le syndrome de desquamation de la peau<\/a><\/div><div style=\"font-size:14px;line-height:1.6;color:#333;\">Face \u00e0 la honte, \u00e0 l&#039;anxi\u00e9t\u00e9 et \u00e0 la d\u00e9tresse sociale, entra\u00eenez-vous \u00e0 vous exprimer et \u00e0 rechercher du soutien.<\/div><\/li><li style=\"margin:0 0 16px 0;list-style:decimal;\"><div style=\"margin-bottom:4px;\"><a href=\"https:\/\/arttao.org\/fr\/lecon-816-etablir-un-mecanisme-de-prevention-des-rechutes-a-long-terme-et-un-plan-dequilibre-corps-esprit\/\" style=\"color:#00695c;text-decoration:none;border-bottom:1px solid #F5DEB3;font-weight:600;\">\u00c9tablir des m\u00e9canismes de pr\u00e9vention des rechutes \u00e0 long terme et un plan d&#039;\u00e9quilibre corps-esprit<\/a><\/div><div style=\"font-size:14px;line-height:1.6;color:#333;\">Mettez en place un rythme et un m\u00e9canisme de relaxation pour consolider un \u00e9tat d&#039;esprit stable et l&#039;habitude de la r\u00e9flexion.<\/div><\/li><li style=\"margin:0 0 16px 0;list-style:decimal;\"><div style=\"margin-bottom:4px;\"><a href=\"https:\/\/arttao.org\/fr\/lecon-837-reconnaitre-les-signes-avant-coureurs-et-les-situations-declenchantes-du-pelage-cutane\/\" style=\"color:#00695c;text-decoration:none;border-bottom:1px solid #F5DEB3;font-weight:600;\">Identifier les signes avant-coureurs et les situations d\u00e9clenchantes du pelage cutan\u00e9<\/a><\/div><div style=\"font-size:14px;line-height:1.6;color:#333;\">Apprenez \u00e0 reconna\u00eetre les premiers signes tels que la tension physique, la distraction et l&#039;exploration du bout des doigts, afin d&#039;intervenir et de stabiliser le rythme avant que les impulsions n&#039;atteignent leur paroxysme.<\/div><\/li><li style=\"margin:0 0 16px 0;list-style:decimal;\"><div style=\"margin-bottom:4px;\"><a href=\"https:\/\/arttao.org\/fr\/lecon-838-enregistrement-et-suivi-des-schemas-comportementaux-de-desquamation-cutanee\/\" style=\"color:#00695c;text-decoration:none;border-bottom:1px solid #F5DEB3;font-weight:600;\">Enregistrement et suivi des sch\u00e9mas de pelage cutan\u00e9<\/a><\/div><div style=\"font-size:14px;line-height:1.6;color:#333;\">Cr\u00e9ez un journal des d\u00e9clencheurs pour enregistrer l&#039;heure, l&#039;\u00e9motion, le lieu et l&#039;intensit\u00e9, ce qui vous aidera \u00e0 rep\u00e9rer les sch\u00e9mas cach\u00e9s et \u00e0 trouver le moment le plus pr\u00e9coce o\u00f9 vous pouvez intervenir.<\/div><\/li><li style=\"margin:0 0 16px 0;list-style:decimal;\"><div style=\"margin-bottom:4px;\"><a href=\"https:\/\/arttao.org\/fr\/lecon-839-formation-aux-mouvements-alternatifs-et-a-la-modulation-de-la-stimulation-sensorielle\/\" style=\"color:#00695c;text-decoration:none;border-bottom:1px solid #F5DEB3;font-weight:600;\">Entra\u00eenement alternatif au mouvement et \u00e0 la stimulation sensorielle<\/a><\/div><div style=\"font-size:14px;line-height:1.6;color:#333;\">Utilisez des strat\u00e9gies alternatives telles que le pincement de balles en corde, de pierres tactiles et d&#039;\u00e9lastiques de r\u00e9sistance pour lib\u00e9rer en toute s\u00e9curit\u00e9 l&#039;\u00e9nergie li\u00e9e \u00e0 l&#039;anxi\u00e9t\u00e9 des mains.<\/div><\/li><li style=\"margin:0 0 16px 0;list-style:decimal;\"><div style=\"margin-bottom:4px;\"><a href=\"https:\/\/arttao.org\/fr\/lecon-840-reconstruire-a-partir-de-limpulsion-pour-parvenir-a-lacceptation-de-soi\/\" style=\"color:#00695c;text-decoration:none;border-bottom:1px solid #F5DEB3;font-weight:600;\">Reconstruire l&#039;acceptation de soi \u00e0 partir de l&#039;impulsion<\/a><\/div><div style=\"font-size:14px;line-height:1.6;color:#333;\">Passer de \u201c J\u2019ai encore \u00e9chou\u00e9 \u201d \u00e0 \u201c Je m\u2019exerce \u00e0 comprendre mes impulsions \u201d pour \u00e9tablir une relation \u00e0 soi-m\u00eame plus douce et une transition comportementale harmonieuse.<\/div><\/li><li style=\"margin:0 0 16px 0;list-style:decimal;\"><div style=\"margin-bottom:4px;\"><a href=\"https:\/\/arttao.org\/fr\/lecon-841-comprendre-les-caracteristiques-et-les-mecanismes-psychologiques-du-syndrome-de-desquamation-cutanee\/\" style=\"color:#00695c;text-decoration:none;border-bottom:1px solid #F5DEB3;font-weight:600;\">Comprendre les caract\u00e9ristiques et les m\u00e9canismes psychologiques du syndrome de desquamation cutan\u00e9e<\/a><\/div><div style=\"font-size:14px;line-height:1.6;color:#333;\">La clarification des trois principaux m\u00e9canismes du syndrome de d\u00e9collement cutan\u00e9 \u2014 cognitif, impulsif et \u00e9motionnel \u2014 jette les bases psychologiques de strat\u00e9gies d&#039;adaptation efficaces.<\/div><\/li><li style=\"margin:0 0 16px 0;list-style:decimal;\"><div style=\"margin-bottom:4px;\"><a href=\"https:\/\/arttao.org\/fr\/lecon-842-identifier-et-corriger-les-idees-fausses-courantes-sur-le-peeling-cutane\/\" style=\"color:#00695c;text-decoration:none;border-bottom:1px solid #F5DEB3;font-weight:600;\">Identifier et corriger les malentendus cognitifs sur la desquamation de la peau<\/a><\/div><div style=\"font-size:14px;line-height:1.6;color:#333;\">Reconstruire les pens\u00e9es erron\u00e9es telles que \u201c Je ne peux pas m&#039;arr\u00eater \u201d et \u201c J&#039;ai une mine horrible \u201d pour r\u00e9duire les comportements cycliques li\u00e9s \u00e0 l&#039;anxi\u00e9t\u00e9.<\/div><\/li><li style=\"margin:0 0 16px 0;list-style:decimal;\"><div style=\"margin-bottom:4px;\"><a href=\"https:\/\/arttao.org\/fr\/lecon-843-formation-aux-techniques-alternatives-pour-reduire-la-desquamation-cutanee\/\" style=\"color:#00695c;text-decoration:none;border-bottom:1px solid #F5DEB3;font-weight:600;\">Formation aux techniques alternatives pour r\u00e9duire les comportements d&#039;arrachement de la peau<\/a><\/div><div style=\"font-size:14px;line-height:1.6;color:#333;\">En entra\u00eenant les mouvements pr\u00e9paratoires de la main, la substitution tactile structur\u00e9e et le changement de t\u00e2che, on r\u00e9duit la vitesse \u00e0 laquelle l&#039;inconscience conduit \u00e0 l&#039;ex\u00e9cution de l&#039;action.<\/div><\/li><li style=\"margin:0 0 16px 0;list-style:decimal;\"><div style=\"margin-bottom:4px;\"><a href=\"https:\/\/arttao.org\/fr\/lecon-844-ameliorer-la-maitrise-de-soi-et-reduire-les-comportements-impulsifs\/\" style=\"color:#00695c;text-decoration:none;border-bottom:1px solid #F5DEB3;font-weight:600;\">Am\u00e9liorer la ma\u00eetrise de soi et r\u00e9duire les comportements impulsifs<\/a><\/div><div style=\"font-size:14px;line-height:1.6;color:#333;\">Par une pratique diff\u00e9r\u00e9e \u00e0 petite \u00e9chelle et l&#039;accumulation d&#039;exp\u00e9riences r\u00e9ussies, renforcez votre capacit\u00e9 \u00e0 contr\u00f4ler vos impulsions et votre syst\u00e8me de stabilit\u00e9 interne.<\/div><\/li><li style=\"margin:0 0 16px 0;list-style:decimal;\"><div style=\"margin-bottom:4px;\"><a href=\"https:\/\/arttao.org\/fr\/lecon-845-faire-face-aux-emotions-negatives-et-au-stress-interpersonnel-dans-le-syndrome-de-desquamation-cutanee\/\" style=\"color:#00695c;text-decoration:none;border-bottom:1px solid #F5DEB3;font-weight:600;\">Faire face aux \u00e9motions n\u00e9gatives et au stress interpersonnel dans le syndrome de desquamation de la peau<\/a><\/div><div style=\"font-size:14px;line-height:1.6;color:#333;\">Aborder la honte, l&#039;anxi\u00e9t\u00e9, la dissimulation et les malentendus avec les autres ; d\u00e9velopper des fa\u00e7ons saines d&#039;exprimer ses \u00e9motions et des strat\u00e9gies de communication s\u00e9curitaires.<\/div><\/li><li style=\"margin:0 0 16px 0;list-style:decimal;\"><div style=\"margin-bottom:4px;\"><a href=\"https:\/\/arttao.org\/fr\/lecon-846-etablir-un-mecanisme-de-prevention-des-rechutes-a-long-terme-et-un-plan-dequilibre-corps-esprit\/\" style=\"color:#00695c;text-decoration:none;border-bottom:1px solid #F5DEB3;font-weight:600;\">\u00c9tablir des m\u00e9canismes de pr\u00e9vention des rechutes \u00e0 long terme et un plan d&#039;\u00e9quilibre corps-esprit<\/a><\/div><div style=\"font-size:14px;line-height:1.6;color:#333;\">Mettez en place un syst\u00e8me stable dans quatre domaines\u00a0: rythme de vie, sommeil, gestion du stress et soins de la peau, afin de r\u00e9duire le risque de rechute lors des p\u00e9riodes de stress intense.<\/div><\/li><li style=\"margin:0 0 16px 0;list-style:decimal;\"><div style=\"margin-bottom:4px;\"><a href=\"https:\/\/arttao.org\/fr\/lecon-847-reconnaitre-les-signes-avant-coureurs-et-les-situations-declenchantes-du-pelage-cutane\/\" style=\"color:#00695c;text-decoration:none;border-bottom:1px solid #F5DEB3;font-weight:600;\">Identifier les signes avant-coureurs et les situations d\u00e9clenchantes du pelage cutan\u00e9<\/a><\/div><div style=\"font-size:14px;line-height:1.6;color:#333;\">D\u00e9velopper davantage la sensibilit\u00e9 aux \u00e9v\u00e9nements d\u00e9clencheurs et aux signes physiques, et pratiquer une vigilance accrue et une intervention pr\u00e9coce.<\/div><\/li><li style=\"margin:0 0 16px 0;list-style:decimal;\"><div style=\"margin-bottom:4px;\"><a href=\"https:\/\/arttao.org\/fr\/lecon-848-enregistrement-et-suivi-des-schemas-comportementaux-de-desquamation-cutanee\/\" style=\"color:#00695c;text-decoration:none;border-bottom:1px solid #F5DEB3;font-weight:600;\">Enregistrement et suivi des sch\u00e9mas de pelage cutan\u00e9<\/a><\/div><div style=\"font-size:14px;line-height:1.6;color:#333;\">Structurer les enregistrements comportementaux, notamment l&#039;intensit\u00e9, l&#039;environnement et la r\u00e9partition temporelle, afin d&#039;identifier plus pr\u00e9cis\u00e9ment les points de correction cl\u00e9s.<\/div><\/li><li style=\"margin:0 0 16px 0;list-style:decimal;\"><div style=\"margin-bottom:4px;\"><a href=\"https:\/\/arttao.org\/fr\/lecon-849-formation-aux-mouvements-alternatifs-et-a-la-modulation-de-la-stimulation-sensorielle\/\" style=\"color:#00695c;text-decoration:none;border-bottom:1px solid #F5DEB3;font-weight:600;\">Entra\u00eenement alternatif au mouvement et \u00e0 la stimulation sensorielle<\/a><\/div><div style=\"font-size:14px;line-height:1.6;color:#333;\">\u00c9largir la biblioth\u00e8que d&#039;actions alternatives, telles que les stimuli chauds et froids, la pression profonde et le changement d&#039;objet tactile, afin de renforcer le canal imm\u00e9diat de \u201c l&#039;impulsion \u00e0 la substitution \u201d.<\/div><\/li><li style=\"margin:0 0 16px 0;list-style:decimal;\"><div style=\"margin-bottom:4px;\"><a href=\"https:\/\/arttao.org\/fr\/lecon-850-comprendre-le-lien-entre-lanxiete-la-tension-et-la-desquamation-de-la-peau\/\" style=\"color:#00695c;text-decoration:none;border-bottom:1px solid #F5DEB3;font-weight:600;\">Comprendre le lien entre l&#039;anxi\u00e9t\u00e9, la tension et la desquamation de la peau<\/a><\/div><div style=\"font-size:14px;line-height:1.6;color:#333;\">Comprendre les m\u00e9canismes de r\u00e9gulation de l&#039;anxi\u00e9t\u00e9 qui sous-tendent les comportements et apprendre \u00e0 distinguer entre \u201c lib\u00e9ration \u00e9motionnelle \u201d et \u201c actions habituelles \u201d.<\/div><\/li><li style=\"margin:0 0 16px 0;list-style:decimal;\"><div style=\"margin-bottom:4px;\"><a href=\"https:\/\/arttao.org\/fr\/lecon-851-la-methode-en-trois-etapes-pour-retarder-la-reponse-impulsionnelle\/\" style=\"color:#00695c;text-decoration:none;border-bottom:1px solid #F5DEB3;font-weight:600;\">M\u00e9thode en trois \u00e9tapes pour retarder la r\u00e9ponse impulsionnelle<\/a><\/div><div style=\"font-size:14px;line-height:1.6;color:#333;\">Mettez en pratique la structure en trois \u00e9tapes \u201c pause-substitution-r\u00e9\u00e9valuation \u201d pour cr\u00e9er une zone tampon d&#039;intervention lorsque les impulsions s&#039;intensifient.<\/div><\/li><li style=\"margin:0 0 16px 0;list-style:decimal;\"><div style=\"margin-bottom:4px;\"><a href=\"https:\/\/arttao.org\/fr\/lecon-852-methode-dexamen-des-rechutes-non-punitive\/\" style=\"color:#00695c;text-decoration:none;border-bottom:1px solid #F5DEB3;font-weight:600;\">M\u00e9thode d&#039;examen des rechutes non punitive<\/a><\/div><div style=\"font-size:14px;line-height:1.6;color:#333;\">Analyser les points de rechute sans bl\u00e2mer afin d&#039;\u00e9tablir un cycle sain de \u201c compr\u00e9hension-adaptation-\u00e9volution \u201d, plut\u00f4t que de s&#039;attaquer \u00e0 soi-m\u00eame.<\/div><\/li><li style=\"margin:0 0 16px 0;list-style:decimal;\"><div style=\"margin-bottom:4px;\"><a href=\"https:\/\/arttao.org\/fr\/lecon-853-ameliorer-le-sommeil-et-les-horaires-de-sommeil-pour-reduire-limpulsivite\/\" style=\"color:#00695c;text-decoration:none;border-bottom:1px solid #F5DEB3;font-weight:600;\">Am\u00e9liorer le sommeil et la routine quotidienne, r\u00e9duire la fr\u00e9quence des impulsions<\/a><\/div><div style=\"font-size:14px;line-height:1.6;color:#333;\">Optimisez votre sommeil, votre \u00e9clairage, votre alimentation et vos rythmes circadiens pour r\u00e9duire l&#039;envie de vous d\u00e9connecter due \u00e0 la fatigue et \u00e0 la surcharge du syst\u00e8me nerveux.<\/div><\/li><li style=\"margin:0 0 16px 0;list-style:decimal;\"><div style=\"margin-bottom:4px;\"><a href=\"https:\/\/arttao.org\/fr\/lecon-854-se-liberer-du-perfectionnisme-et-de-la-compulsion\/\" style=\"color:#00695c;text-decoration:none;border-bottom:1px solid #F5DEB3;font-weight:600;\">Lib\u00e9rez-vous du perfectionnisme et de la compulsion.<\/a><\/div><div style=\"font-size:14px;line-height:1.6;color:#333;\">Comprenez la norme compulsive selon laquelle \u201c la peau doit \u00eatre impeccable \u201d, et apprenez \u00e0 vous d\u00e9tendre, \u00e0 vous adoucir et \u00e0 \u00eatre r\u00e9aliste quant \u00e0 vos attentes envers vous-m\u00eame.<\/div><\/li><li style=\"margin:0 0 16px 0;list-style:decimal;\"><div style=\"margin-bottom:4px;\"><a href=\"https:\/\/arttao.org\/fr\/lecon-855-ameliorer-la-conscience-corporelle-et-restaurer-la-confiance-en-soi-et-le-sentiment-de-securite\/\" style=\"color:#00695c;text-decoration:none;border-bottom:1px solid #F5DEB3;font-weight:600;\">Am\u00e9liorer la conscience corporelle et retrouver un sentiment de soi et de s\u00e9curit\u00e9.<\/a><\/div><div style=\"font-size:14px;line-height:1.6;color:#333;\">Gr\u00e2ce \u00e0 des exercices de respiration, de toucher et de scan corporel, le lien et les limites de s\u00e9curit\u00e9 avec le corps sont reconstruits.<\/div><\/li><li style=\"margin:0 0 16px 0;list-style:decimal;\"><div style=\"margin-bottom:4px;\"><a href=\"https:\/\/arttao.org\/fr\/lecon-856-exercices-decriture-pour-guerir-le-pardon-de-soi-et-la-honte\/\" style=\"color:#00695c;text-decoration:none;border-bottom:1px solid #F5DEB3;font-weight:600;\">Exercices d&#039;\u00e9criture th\u00e9rapeutique sur le pardon de soi et la honte<\/a><\/div><div style=\"font-size:14px;line-height:1.6;color:#333;\">En utilisant l&#039;\u00e9criture th\u00e9rapeutique pour aborder la honte, l&#039;auto-culpabilisation et les \u00e9motions cach\u00e9es, l&#039;accent passe de la punition \u00e0 la gu\u00e9rison.<\/div><\/li><li style=\"margin:0 0 16px 0;list-style:decimal;\"><div style=\"margin-bottom:4px;\"><a href=\"https:\/\/arttao.org\/fr\/lecon-857-exprimer-lexperience-du-peeling-cutane-par-lart-therapie\/\" style=\"color:#00695c;text-decoration:none;border-bottom:1px solid #F5DEB3;font-weight:600;\">Utiliser l&#039;art-th\u00e9rapie pour exprimer l&#039;exp\u00e9rience du desquamation cutan\u00e9e<\/a><\/div><div style=\"font-size:14px;line-height:1.6;color:#333;\">L&#039;utilisation des couleurs, des lignes et des textures permet d&#039;exprimer la tension \u00e9motionnelle qui sous-tend le d\u00e9voilement, laissant ainsi une pression invisible trouver un exutoire s\u00fbr.<\/div><\/li><li style=\"margin:0 0 16px 0;list-style:decimal;\"><div style=\"margin-bottom:4px;\"><a href=\"https:\/\/arttao.org\/fr\/lecon-858-elaboration-de-systemes-de-soutien-social-et-de-plans-de-communication\/\" style=\"color:#00695c;text-decoration:none;border-bottom:1px solid #F5DEB3;font-weight:600;\">Mettre en place des syst\u00e8mes de soutien social et des plans de communication<\/a><\/div><div style=\"font-size:14px;line-height:1.6;color:#333;\">Apprendre \u00e0 exprimer ses besoins \u00e0 des personnes de confiance, et \u00e9tablir des liens et obtenir du soutien, constitue une ressource importante pour r\u00e9duire les comportements impulsifs.<\/div><\/li><li style=\"margin:0 0 16px 0;list-style:decimal;\"><div style=\"margin-bottom:4px;\"><a href=\"https:\/\/arttao.org\/fr\/lecon-859-strategies-quotidiennes-pour-le-maintien-a-long-terme-et-la-prevention-des-rechutes\/\" style=\"color:#00695c;text-decoration:none;border-bottom:1px solid #F5DEB3;font-weight:600;\">Strat\u00e9gies quotidiennes pour le maintien \u00e0 long terme et la pr\u00e9vention des rechutes<\/a><\/div><div style=\"font-size:14px;line-height:1.6;color:#333;\">Renforcer les m\u00e9canismes de substitution comportementale, de rythme, de soins et de tenue de registres pour faire de la stabilit\u00e9 une structure de vie durable.<\/div><\/li><li style=\"margin:0 0 16px 0;list-style:decimal;\"><div style=\"margin-bottom:4px;\"><a href=\"https:\/\/arttao.org\/fr\/lecon-860-integration-et-synthese-reconstruction-corps-esprit-du-controle-a-lacceptation\/\" style=\"color:#00695c;text-decoration:none;border-bottom:1px solid #F5DEB3;font-weight:600;\">Int\u00e9gration et synth\u00e8se : Du contr\u00f4le \u00e0 l&#039;acceptation \u2013 Une reconstruction holistique de l&#039;esprit et du corps<\/a><\/div><div style=\"font-size:14px;line-height:1.6;color:#333;\">R\u00e9trospectivement, la th\u00e9rapie dans son ensemble, la \u201c r\u00e9duction de l&#039;impulsivit\u00e9 \u201d et \u201c l&#039;am\u00e9lioration de l&#039;acceptation de soi \u201d ont \u00e9t\u00e9 combin\u00e9es en un cadre corps-esprit stable et \u00e0 long terme.<\/div><\/li><li style=\"margin:0 0 16px 0;list-style:decimal;\"><div style=\"margin-bottom:4px;\"><a href=\"https:\/\/arttao.org\/fr\/mandala-traditionnel-en-couleurs-cours-complementaire\/\" style=\"color:#00695c;text-decoration:none;border-bottom:1px solid #F5DEB3;font-weight:600;\">Mandala traditionnel en couleurs (cours compl\u00e9mentaire)<\/a><\/div><div style=\"font-size:14px;line-height:1.6;color:#333;\">Les cours traditionnels de mandalas en couleurs mettent l&#039;accent sur l&#039;impact psychologique des couleurs et l&#039;expression de soi.<\/div><\/li><li style=\"margin:0 0 16px 0;list-style:decimal;\"><div style=\"margin-bottom:4px;\"><a href=\"https:\/\/arttao.org\/fr\/%e7%ac%ac%e4%b8%89%e5%8d%81%e8%af%be%ef%bc%9a%e7%aa%81%e5%8f%91%e4%ba%8b%e4%bb%b6%e5%bf%83%e7%90%86%e5%88%9b%e4%bc%a4%ef%bc%88%e7%ac%ac1081%ef%bd%9e1120%e8%af%be%ef%bc%89%e8%af%be%e7%a8%8b%e8%af%84\/\" style=\"color:#00695c;text-decoration:none;border-bottom:1px solid #F5DEB3;font-weight:600;\">Le\u00e7on 23\u00a0: Syndrome de desquamation cutan\u00e9e (Le\u00e7ons 811 \u00e0 840) \u2013 \u00c9valuation du cours<\/a><\/div><div style=\"font-size:14px;line-height:1.6;color:#333;\">Veuillez compl\u00e9ter l&#039;\u00e9valuation du cours pour \u00e9valuer vos apprentissages et formuler des suggestions. Cela vous permettra d&#039;approfondir votre compr\u00e9hension et nous aidera \u00e0 am\u00e9liorer le cours.<\/div><\/li><\/ol><div style=\"margin-top:24px;font-size:13px;color:#666;line-height:1.5;background:#fff8dc;border:1px solid #F5DEB3;border-radius:8px;padding:12px 12px;\">Remarque\u00a0: Ce contenu est destin\u00e9 \u00e0 l\u2019auto-compr\u00e9hension et \u00e0 la pratique uniquement et ne remplace pas un diagnostic m\u00e9dical professionnel. En cas d\u2019infection cutan\u00e9e, d\u2019automutilation ou d\u2019anxi\u00e9t\u00e9 s\u00e9v\u00e8re, veuillez contacter imm\u00e9diatement un professionnel ou un service de crise.<\/div><\/div>","protected":false},"excerpt":{"rendered":"","protected":false},"author":1,"featured_media":0,"parent":0,"menu_order":0,"comment_status":"closed","ping_status":"closed","template":"","meta":{"nf_dc_page":"","om_disable_all_campaigns":false,"_monsterinsights_skip_tracking":false,"_monsterinsights_sitenote_active":false,"_monsterinsights_sitenote_note":"","_monsterinsights_sitenote_category":0,"footnotes":""},"class_list":["post-12303","page","type-page","status-publish","hentry"],"_links":{"self":[{"href":"https:\/\/arttao.org\/fr\/wp-json\/wp\/v2\/pages\/12303","targetHints":{"allow":["GET"]}}],"collection":[{"href":"https:\/\/arttao.org\/fr\/wp-json\/wp\/v2\/pages"}],"about":[{"href":"https:\/\/arttao.org\/fr\/wp-json\/wp\/v2\/types\/page"}],"author":[{"embeddable":true,"href":"https:\/\/arttao.org\/fr\/wp-json\/wp\/v2\/users\/1"}],"replies":[{"embeddable":true,"href":"https:\/\/arttao.org\/fr\/wp-json\/wp\/v2\/comments?post=12303"}],"version-history":[{"count":2,"href":"https:\/\/arttao.org\/fr\/wp-json\/wp\/v2\/pages\/12303\/revisions"}],"predecessor-version":[{"id":14422,"href":"https:\/\/arttao.org\/fr\/wp-json\/wp\/v2\/pages\/12303\/revisions\/14422"}],"wp:attachment":[{"href":"https:\/\/arttao.org\/fr\/wp-json\/wp\/v2\/media?parent=12303"}],"curies":[{"name":"wp","href":"https:\/\/api.w.org\/{rel}","templated":true}]}}