{"id":1239,"date":"2025-03-31T19:42:22","date_gmt":"2025-03-31T19:42:22","guid":{"rendered":"https:\/\/arttao.org\/?page_id=1239"},"modified":"2025-09-29T02:09:17","modified_gmt":"2025-09-29T02:09:17","slug":"a-problemes-lies-a-lanxiete","status":"publish","type":"page","link":"https:\/\/arttao.org\/fr\/a-%e7%84%a6%e8%99%91%e7%9b%b8%e5%85%b3%e9%97%ae%e9%a2%98\/","title":{"rendered":"A. Probl\u00e8mes li\u00e9s \u00e0 l&#039;anxi\u00e9t\u00e9"},"content":{"rendered":"<p class=\"\"><\/p>\n\n\n\n<figure class=\"wp-block-image size-large is-resized\"><img loading=\"lazy\" decoding=\"async\" width=\"1024\" height=\"665\" src=\"https:\/\/arttao.org\/wp-content\/uploads\/2025\/03\/EaI\u00bcIo_601793887_\u00b4\u00f7\u00a8\u00b9U\u00b5AA\u00aeo\u00a2\u00b7CAEoO\u00b5EIOA22-1024x665.jpg\" alt=\"\" class=\"wp-image-1235\" style=\"width:77px;height:auto\" srcset=\"https:\/\/arttao.org\/wp-content\/uploads\/2025\/03\/EaI\u00bcIo_601793887_\u00b4\u00f7\u00a8\u00b9U\u00b5AA\u00aeo\u00a2\u00b7CAEoO\u00b5EIOA22-1024x665.jpg 1024w, https:\/\/arttao.org\/wp-content\/uploads\/2025\/03\/EaI\u00bcIo_601793887_\u00b4\u00f7\u00a8\u00b9U\u00b5AA\u00aeo\u00a2\u00b7CAEoO\u00b5EIOA22-300x195.jpg 300w, https:\/\/arttao.org\/wp-content\/uploads\/2025\/03\/EaI\u00bcIo_601793887_\u00b4\u00f7\u00a8\u00b9U\u00b5AA\u00aeo\u00a2\u00b7CAEoO\u00b5EIOA22-768x499.jpg 768w, https:\/\/arttao.org\/wp-content\/uploads\/2025\/03\/EaI\u00bcIo_601793887_\u00b4\u00f7\u00a8\u00b9U\u00b5AA\u00aeo\u00a2\u00b7CAEoO\u00b5EIOA22-1536x998.jpg 1536w, https:\/\/arttao.org\/wp-content\/uploads\/2025\/03\/EaI\u00bcIo_601793887_\u00b4\u00f7\u00a8\u00b9U\u00b5AA\u00aeo\u00a2\u00b7CAEoO\u00b5EIOA22-2048x1330.jpg 2048w\" sizes=\"auto, (max-width: 1024px) 100vw, 1024px\" \/><\/figure>\n\n\n\n<p class=\"\"><a href=\"https:\/\/arttao.org\/fr\/1-trouble-danxiete-generalisee-v2\/\" data-type=\"page\" data-id=\"1279\">s-1:<strong>trouble d&#039;anxi\u00e9t\u00e9 g\u00e9n\u00e9ralis\u00e9e<\/strong><\/a><\/p>\n\n\n\n<p class=\"has-small-font-size\">Ce cours vous aide \u00e0 comprendre les causes profondes de l&#039;inqui\u00e9tude chronique et persistante et \u00e0 identifier les manifestations de l&#039;anxi\u00e9t\u00e9 dans votre vie. Il vous enseignera des techniques de relaxation et des ajustements d&#039;\u00e9tat d&#039;esprit pour r\u00e9duire progressivement la tension et l&#039;anxi\u00e9t\u00e9 et am\u00e9liorer votre capacit\u00e9 \u00e0 g\u00e9rer le stress.<\/p>\n\n\n\n<figure class=\"wp-block-image size-large is-resized\"><img loading=\"lazy\" decoding=\"async\" width=\"1024\" height=\"665\" src=\"https:\/\/arttao.org\/wp-content\/uploads\/2025\/03\/EaI\u00bcIo_601793887_\u00b4\u00f7\u00a8\u00b9U\u00b5AA\u00aeo\u00a2\u00b7CAEoO\u00b5EIOA22-1024x665.jpg\" alt=\"\" class=\"wp-image-1235\" style=\"width:72px;height:auto\" srcset=\"https:\/\/arttao.org\/wp-content\/uploads\/2025\/03\/EaI\u00bcIo_601793887_\u00b4\u00f7\u00a8\u00b9U\u00b5AA\u00aeo\u00a2\u00b7CAEoO\u00b5EIOA22-1024x665.jpg 1024w, https:\/\/arttao.org\/wp-content\/uploads\/2025\/03\/EaI\u00bcIo_601793887_\u00b4\u00f7\u00a8\u00b9U\u00b5AA\u00aeo\u00a2\u00b7CAEoO\u00b5EIOA22-300x195.jpg 300w, https:\/\/arttao.org\/wp-content\/uploads\/2025\/03\/EaI\u00bcIo_601793887_\u00b4\u00f7\u00a8\u00b9U\u00b5AA\u00aeo\u00a2\u00b7CAEoO\u00b5EIOA22-768x499.jpg 768w, https:\/\/arttao.org\/wp-content\/uploads\/2025\/03\/EaI\u00bcIo_601793887_\u00b4\u00f7\u00a8\u00b9U\u00b5AA\u00aeo\u00a2\u00b7CAEoO\u00b5EIOA22-1536x998.jpg 1536w, https:\/\/arttao.org\/wp-content\/uploads\/2025\/03\/EaI\u00bcIo_601793887_\u00b4\u00f7\u00a8\u00b9U\u00b5AA\u00aeo\u00a2\u00b7CAEoO\u00b5EIOA22-2048x1330.jpg 2048w\" sizes=\"auto, (max-width: 1024px) 100vw, 1024px\" \/><\/figure>\n\n\n\n<p class=\"\">&nbsp;<a href=\"https:\/\/arttao.org\/fr\/2-anxiete-sociale\/\" data-type=\"page\" data-id=\"11001\">s-2:<strong>anxi\u00e9t\u00e9 sociale<\/strong><\/a><\/p>\n\n\n\n<p class=\"has-small-font-size\">Ce cours vous aidera \u00e0 comprendre vos sch\u00e9mas d&#039;anxi\u00e9t\u00e9 et d&#039;\u00e9vitement en soci\u00e9t\u00e9, et \u00e0 d\u00e9velopper l&#039;acceptation de soi et les comp\u00e9tences de communication. Gr\u00e2ce \u00e0 des exercices pratiques et \u00e0 des techniques de pleine conscience, il vous aidera \u00e0 d\u00e9velopper progressivement votre confiance en vous et \u00e0 \u00e9tablir des relations authentiques et d\u00e9tendues.<\/p>\n\n\n\n<figure class=\"wp-block-image size-large is-resized\"><img loading=\"lazy\" decoding=\"async\" width=\"1024\" height=\"665\" src=\"https:\/\/arttao.org\/wp-content\/uploads\/2025\/03\/EaI\u00bcIo_601793887_\u00b4\u00f7\u00a8\u00b9U\u00b5AA\u00aeo\u00a2\u00b7CAEoO\u00b5EIOA22-1-1024x665.jpg\" alt=\"\" class=\"wp-image-1240\" style=\"width:72px;height:auto\" srcset=\"https:\/\/arttao.org\/wp-content\/uploads\/2025\/03\/EaI\u00bcIo_601793887_\u00b4\u00f7\u00a8\u00b9U\u00b5AA\u00aeo\u00a2\u00b7CAEoO\u00b5EIOA22-1-1024x665.jpg 1024w, https:\/\/arttao.org\/wp-content\/uploads\/2025\/03\/EaI\u00bcIo_601793887_\u00b4\u00f7\u00a8\u00b9U\u00b5AA\u00aeo\u00a2\u00b7CAEoO\u00b5EIOA22-1-300x195.jpg 300w, https:\/\/arttao.org\/wp-content\/uploads\/2025\/03\/EaI\u00bcIo_601793887_\u00b4\u00f7\u00a8\u00b9U\u00b5AA\u00aeo\u00a2\u00b7CAEoO\u00b5EIOA22-1-768x499.jpg 768w, https:\/\/arttao.org\/wp-content\/uploads\/2025\/03\/EaI\u00bcIo_601793887_\u00b4\u00f7\u00a8\u00b9U\u00b5AA\u00aeo\u00a2\u00b7CAEoO\u00b5EIOA22-1-1536x998.jpg 1536w, https:\/\/arttao.org\/wp-content\/uploads\/2025\/03\/EaI\u00bcIo_601793887_\u00b4\u00f7\u00a8\u00b9U\u00b5AA\u00aeo\u00a2\u00b7CAEoO\u00b5EIOA22-1-2048x1330.jpg 2048w\" sizes=\"auto, (max-width: 1024px) 100vw, 1024px\" \/><\/figure>\n\n\n\n<p class=\"\">&nbsp;&nbsp;<a href=\"https:\/\/arttao.org\/fr\/3-peurs-specifiques\/\" data-type=\"page\" data-id=\"11003\">s-3:<strong>Des peurs sp\u00e9cifiques<\/strong><\/a><\/p>\n\n\n\n<p class=\"has-small-font-size\">Se concentrer sur les peurs intenses suscit\u00e9es par des situations ou des objets sp\u00e9cifiques vous aidera \u00e0 comprendre leurs m\u00e9canismes de formation. Gr\u00e2ce \u00e0 une exposition progressive et \u00e0 un entra\u00eenement \u00e0 la relaxation, vous apprendrez \u00e0 affronter vos peurs et \u00e0 retrouver progressivement la libert\u00e9 et la s\u00e9curit\u00e9.<\/p>\n\n\n\n<figure class=\"wp-block-image size-large is-resized\"><img loading=\"lazy\" decoding=\"async\" width=\"1024\" height=\"665\" src=\"https:\/\/arttao.org\/wp-content\/uploads\/2025\/03\/EaI\u00bcIo_601793887_\u00b4\u00f7\u00a8\u00b9U\u00b5AA\u00aeo\u00a2\u00b7CAEoO\u00b5EIOA22-1-1024x665.jpg\" alt=\"\" class=\"wp-image-1240\" style=\"width:74px;height:auto\" srcset=\"https:\/\/arttao.org\/wp-content\/uploads\/2025\/03\/EaI\u00bcIo_601793887_\u00b4\u00f7\u00a8\u00b9U\u00b5AA\u00aeo\u00a2\u00b7CAEoO\u00b5EIOA22-1-1024x665.jpg 1024w, https:\/\/arttao.org\/wp-content\/uploads\/2025\/03\/EaI\u00bcIo_601793887_\u00b4\u00f7\u00a8\u00b9U\u00b5AA\u00aeo\u00a2\u00b7CAEoO\u00b5EIOA22-1-300x195.jpg 300w, https:\/\/arttao.org\/wp-content\/uploads\/2025\/03\/EaI\u00bcIo_601793887_\u00b4\u00f7\u00a8\u00b9U\u00b5AA\u00aeo\u00a2\u00b7CAEoO\u00b5EIOA22-1-768x499.jpg 768w, https:\/\/arttao.org\/wp-content\/uploads\/2025\/03\/EaI\u00bcIo_601793887_\u00b4\u00f7\u00a8\u00b9U\u00b5AA\u00aeo\u00a2\u00b7CAEoO\u00b5EIOA22-1-1536x998.jpg 1536w, https:\/\/arttao.org\/wp-content\/uploads\/2025\/03\/EaI\u00bcIo_601793887_\u00b4\u00f7\u00a8\u00b9U\u00b5AA\u00aeo\u00a2\u00b7CAEoO\u00b5EIOA22-1-2048x1330.jpg 2048w\" sizes=\"auto, (max-width: 1024px) 100vw, 1024px\" \/><\/figure>\n\n\n\n<p class=\"\">&nbsp;&nbsp;<a href=\"https:\/\/arttao.org\/fr\/4%e6%83%8a%e6%81%90%e9%9a%9c%e7%a2%8d-s\/\" data-type=\"page\" data-id=\"11005\">s-4:<strong>Trouble panique<\/strong><\/a><\/p>\n\n\n\n<p class=\"has-small-font-size\">Ce cours vous aide \u00e0 comprendre les sympt\u00f4mes et les r\u00e9actions physiques des crises de panique soudaines, en distinguant le danger des fausses alertes. Il propose des exercices de respiration, de relaxation et d&#039;entra\u00eenement cognitif pour vous aider \u00e0 r\u00e9duire votre peur et \u00e0 reprendre progressivement le contr\u00f4le de votre vie et de votre corps.<\/p>\n\n\n\n<figure class=\"wp-block-image size-large is-resized\"><img loading=\"lazy\" decoding=\"async\" width=\"1024\" height=\"665\" src=\"https:\/\/arttao.org\/wp-content\/uploads\/2025\/03\/EaI\u00bcIo_601793887_\u00b4\u00f7\u00a8\u00b9U\u00b5AA\u00aeo\u00a2\u00b7CAEoO\u00b5EIOA22-1-1024x665.jpg\" alt=\"\" class=\"wp-image-1240\" style=\"width:75px;height:auto\" srcset=\"https:\/\/arttao.org\/wp-content\/uploads\/2025\/03\/EaI\u00bcIo_601793887_\u00b4\u00f7\u00a8\u00b9U\u00b5AA\u00aeo\u00a2\u00b7CAEoO\u00b5EIOA22-1-1024x665.jpg 1024w, https:\/\/arttao.org\/wp-content\/uploads\/2025\/03\/EaI\u00bcIo_601793887_\u00b4\u00f7\u00a8\u00b9U\u00b5AA\u00aeo\u00a2\u00b7CAEoO\u00b5EIOA22-1-300x195.jpg 300w, https:\/\/arttao.org\/wp-content\/uploads\/2025\/03\/EaI\u00bcIo_601793887_\u00b4\u00f7\u00a8\u00b9U\u00b5AA\u00aeo\u00a2\u00b7CAEoO\u00b5EIOA22-1-768x499.jpg 768w, https:\/\/arttao.org\/wp-content\/uploads\/2025\/03\/EaI\u00bcIo_601793887_\u00b4\u00f7\u00a8\u00b9U\u00b5AA\u00aeo\u00a2\u00b7CAEoO\u00b5EIOA22-1-1536x998.jpg 1536w, https:\/\/arttao.org\/wp-content\/uploads\/2025\/03\/EaI\u00bcIo_601793887_\u00b4\u00f7\u00a8\u00b9U\u00b5AA\u00aeo\u00a2\u00b7CAEoO\u00b5EIOA22-1-2048x1330.jpg 2048w\" sizes=\"auto, (max-width: 1024px) 100vw, 1024px\" \/><\/figure>\n\n\n\n<p class=\"\">&nbsp;&nbsp;<a href=\"https:\/\/arttao.org\/fr\/5%e5%b9%bf%e5%9c%ba%e6%81%90%e6%83%a7-s\/\" data-type=\"page\" data-id=\"11007\">s-5:<strong>agoraphobie<\/strong><\/a><\/p>\n\n\n\n<p class=\"has-small-font-size\">Explorez les angoisses et les peurs qui surgissent en public ou lors de situations difficiles. Ce cours combine une exposition progressive \u00e0 des techniques d&#039;auto-apaisement pour vous aider \u00e0 \u00e9largir progressivement votre champ d&#039;activit\u00e9s et \u00e0 retrouver un sentiment de s\u00e9curit\u00e9 dans votre environnement.<\/p>\n\n\n\n<figure class=\"wp-block-image size-large is-resized\"><img loading=\"lazy\" decoding=\"async\" width=\"1024\" height=\"665\" src=\"https:\/\/arttao.org\/wp-content\/uploads\/2025\/03\/EaI\u00bcIo_601793887_\u00b4\u00f7\u00a8\u00b9U\u00b5AA\u00aeo\u00a2\u00b7CAEoO\u00b5EIOA22-1024x665.jpg\" alt=\"\" class=\"wp-image-1235\" style=\"width:74px;height:auto\" srcset=\"https:\/\/arttao.org\/wp-content\/uploads\/2025\/03\/EaI\u00bcIo_601793887_\u00b4\u00f7\u00a8\u00b9U\u00b5AA\u00aeo\u00a2\u00b7CAEoO\u00b5EIOA22-1024x665.jpg 1024w, https:\/\/arttao.org\/wp-content\/uploads\/2025\/03\/EaI\u00bcIo_601793887_\u00b4\u00f7\u00a8\u00b9U\u00b5AA\u00aeo\u00a2\u00b7CAEoO\u00b5EIOA22-300x195.jpg 300w, https:\/\/arttao.org\/wp-content\/uploads\/2025\/03\/EaI\u00bcIo_601793887_\u00b4\u00f7\u00a8\u00b9U\u00b5AA\u00aeo\u00a2\u00b7CAEoO\u00b5EIOA22-768x499.jpg 768w, https:\/\/arttao.org\/wp-content\/uploads\/2025\/03\/EaI\u00bcIo_601793887_\u00b4\u00f7\u00a8\u00b9U\u00b5AA\u00aeo\u00a2\u00b7CAEoO\u00b5EIOA22-1536x998.jpg 1536w, https:\/\/arttao.org\/wp-content\/uploads\/2025\/03\/EaI\u00bcIo_601793887_\u00b4\u00f7\u00a8\u00b9U\u00b5AA\u00aeo\u00a2\u00b7CAEoO\u00b5EIOA22-2048x1330.jpg 2048w\" sizes=\"auto, (max-width: 1024px) 100vw, 1024px\" \/><\/figure>\n\n\n\n<p class=\"\">&nbsp;&nbsp;s-<a href=\"https:\/\/arttao.org\/fr\/6-angoisse-de-separation\/\" data-type=\"page\" data-id=\"11009\">6:<strong>anxi\u00e9t\u00e9 de s\u00e9paration<\/strong><\/a><\/p>\n\n\n\n<p class=\"has-small-font-size\">Ce cours vous aide \u00e0 comprendre l&#039;anxi\u00e9t\u00e9 et la d\u00e9pendance caus\u00e9es par la s\u00e9paration, ainsi que l&#039;importance du lien affectif. Il propose \u00e9galement des m\u00e9thodes pour s&#039;apaiser et construire des r\u00e9seaux de soutien, renfor\u00e7ant progressivement un sentiment d&#039;ind\u00e9pendance et d&#039;attachement s\u00e9curisant.<br><\/p>\n\n\n\n<figure class=\"wp-block-image size-large is-resized\"><img loading=\"lazy\" decoding=\"async\" width=\"1024\" height=\"665\" src=\"https:\/\/arttao.org\/wp-content\/uploads\/2025\/03\/EaI\u00bcIo_601793887_\u00b4\u00f7\u00a8\u00b9U\u00b5AA\u00aeo\u00a2\u00b7CAEoO\u00b5EIOA22-1024x665.jpg\" alt=\"\" class=\"wp-image-1235\" style=\"width:74px;height:auto\" srcset=\"https:\/\/arttao.org\/wp-content\/uploads\/2025\/03\/EaI\u00bcIo_601793887_\u00b4\u00f7\u00a8\u00b9U\u00b5AA\u00aeo\u00a2\u00b7CAEoO\u00b5EIOA22-1024x665.jpg 1024w, https:\/\/arttao.org\/wp-content\/uploads\/2025\/03\/EaI\u00bcIo_601793887_\u00b4\u00f7\u00a8\u00b9U\u00b5AA\u00aeo\u00a2\u00b7CAEoO\u00b5EIOA22-300x195.jpg 300w, https:\/\/arttao.org\/wp-content\/uploads\/2025\/03\/EaI\u00bcIo_601793887_\u00b4\u00f7\u00a8\u00b9U\u00b5AA\u00aeo\u00a2\u00b7CAEoO\u00b5EIOA22-768x499.jpg 768w, https:\/\/arttao.org\/wp-content\/uploads\/2025\/03\/EaI\u00bcIo_601793887_\u00b4\u00f7\u00a8\u00b9U\u00b5AA\u00aeo\u00a2\u00b7CAEoO\u00b5EIOA22-1536x998.jpg 1536w, https:\/\/arttao.org\/wp-content\/uploads\/2025\/03\/EaI\u00bcIo_601793887_\u00b4\u00f7\u00a8\u00b9U\u00b5AA\u00aeo\u00a2\u00b7CAEoO\u00b5EIOA22-2048x1330.jpg 2048w\" sizes=\"auto, (max-width: 1024px) 100vw, 1024px\" \/><\/figure>\n\n\n\n<p class=\"\">\u00a0\u00a0<a href=\"http:\/\/s-7:\u9009\u62e9\u6027\u7f04\u9ed8\u75c7\" data-type=\"link\" data-id=\"s-7:\u9009\u62e9\u6027\u7f04\u9ed8\u75c7\">\u00a0<\/a><a href=\"https:\/\/arttao.org\/fr\/7-mutisme-selectif-v\/\" data-type=\"page\" data-id=\"1402\">s-7:<strong>Mutisme s\u00e9lectif (enfants)<\/strong><\/a><\/p>\n\n\n\n<p class=\"has-small-font-size\">Ce cours se concentre sur le silence et la difficult\u00e9 \u00e0 s&#039;exprimer dans des situations sp\u00e9cifiques, vous aidant \u00e0 comprendre leurs fondements psychologiques. Il propose \u00e9galement des exercices et des strat\u00e9gies de soutien \u00e9tape par \u00e9tape, vous permettant de communiquer progressivement et de retrouver progressivement votre voix et votre confiance.<\/p>\n\n\n\n<p class=\"\"><\/p>\n\n\n\n<figure class=\"wp-block-image size-large is-resized\"><img loading=\"lazy\" decoding=\"async\" width=\"1024\" height=\"665\" src=\"https:\/\/arttao.org\/wp-content\/uploads\/2025\/06\/EaI\u00bcIo_601793887_\u00b4\u00f7\u00a8\u00b9U\u00b5AA\u00aeo\u00a2\u00b7CAEoO\u00b5EIOA22-1024x665.jpg\" alt=\"\" class=\"wp-image-6930\" style=\"width:73px;height:auto\" srcset=\"\" sizes=\"auto, (max-width: 1024px) 100vw, 1024px\" data-srcset=\"\" \/><\/figure>\n\n\n\n<p class=\"\"><a href=\"https:\/\/arttao.org\/fr\/s-8%e7%84%a6%e8%99%91%e7%9b%b8%e5%85%b3%e9%97%ae%e9%a2%98%e6%80%bb%e7%bb%93%e8%af%be\/\" data-type=\"page\" data-id=\"11053\">s-8:<strong>R\u00e9sum\u00e9 des probl\u00e8mes li\u00e9s \u00e0 l&#039;anxi\u00e9t\u00e9<\/strong><\/a><\/p>\n\n\n\n<p class=\"has-small-font-size\">Ce cours passe en revue les caract\u00e9ristiques et strat\u00e9gies d&#039;adaptation fondamentales de divers troubles anxieux, vous aidant ainsi \u00e0 int\u00e9grer vos apprentissages. Il propose \u00e9galement une auto-\u00e9valuation et des conseils pratiques pour vous aider \u00e0 d\u00e9velopper des strat\u00e9gies d&#039;autonomie \u00e0 long terme et \u00e0 trouver du soutien.<\/p>","protected":false},"excerpt":{"rendered":"<p>s-1\uff1a\u5e7f\u6cdb\u6027\u7126\u8651 \u5e2e\u52a9\u4f60\u7406\u89e3\u957f\u671f\u3001\u6301\u7eed\u62c5\u5fe7\u7684\u6839\u6e90\uff0c\u8fa8\u8bc6\u7126\u8651\u5728\u751f\u6d3b\u4e2d\u7684\u8868\u73b0\u3002\u8bfe\u7a0b\u5c06\u5e26\u9886\u4f60\u5b66\u4e60\u653e\u677e\u6280\u5de7\u4e0e\u601d\u7ef4\u8c03\u6574 [&hellip;]<\/p>\n","protected":false},"author":1,"featured_media":0,"parent":0,"menu_order":0,"comment_status":"closed","ping_status":"closed","template":"","meta":{"nf_dc_page":"","om_disable_all_campaigns":false,"_monsterinsights_skip_tracking":false,"_monsterinsights_sitenote_active":false,"_monsterinsights_sitenote_note":"","_monsterinsights_sitenote_category":0,"footnotes":""},"class_list":["post-1239","page","type-page","status-publish","hentry"],"_links":{"self":[{"href":"https:\/\/arttao.org\/fr\/wp-json\/wp\/v2\/pages\/1239","targetHints":{"allow":["GET"]}}],"collection":[{"href":"https:\/\/arttao.org\/fr\/wp-json\/wp\/v2\/pages"}],"about":[{"href":"https:\/\/arttao.org\/fr\/wp-json\/wp\/v2\/types\/page"}],"author":[{"embeddable":true,"href":"https:\/\/arttao.org\/fr\/wp-json\/wp\/v2\/users\/1"}],"replies":[{"embeddable":true,"href":"https:\/\/arttao.org\/fr\/wp-json\/wp\/v2\/comments?post=1239"}],"version-history":[{"count":15,"href":"https:\/\/arttao.org\/fr\/wp-json\/wp\/v2\/pages\/1239\/revisions"}],"predecessor-version":[{"id":11125,"href":"https:\/\/arttao.org\/fr\/wp-json\/wp\/v2\/pages\/1239\/revisions\/11125"}],"wp:attachment":[{"href":"https:\/\/arttao.org\/fr\/wp-json\/wp\/v2\/media?parent=1239"}],"curies":[{"name":"wp","href":"https:\/\/api.w.org\/{rel}","templated":true}]}}