{"id":1251,"date":"2025-03-31T20:19:15","date_gmt":"2025-03-31T20:19:15","guid":{"rendered":"https:\/\/arttao.org\/?page_id=1251"},"modified":"2025-08-16T18:30:08","modified_gmt":"2025-08-16T18:30:08","slug":"un-test-psychologique","status":"publish","type":"page","link":"https:\/\/arttao.org\/fr\/a-%e5%bf%83%e7%90%86%e6%b5%8b%e8%af%95\/","title":{"rendered":"AG. Tests psychologiques"},"content":{"rendered":"<p class=\"\"><\/p>\n\n\n\n<p class=\"\"><\/p>\n\n\n\n<figure class=\"wp-block-image size-large is-resized\"><img loading=\"lazy\" decoding=\"async\" width=\"1024\" height=\"647\" src=\"https:\/\/arttao.org\/wp-content\/uploads\/2025\/03\/EaI\u00bcIo_601830466_\u00b2EE\u00b5A\u00bfE\u00b0\u00aeEUA\u00ae\u00b7CAEoO\u00b5EIOA22-1024x647.jpg\" alt=\"\" class=\"wp-image-1243\" style=\"width:82px;height:auto\" srcset=\"https:\/\/arttao.org\/wp-content\/uploads\/2025\/03\/EaI\u00bcIo_601830466_\u00b2EE\u00b5A\u00bfE\u00b0\u00aeEUA\u00ae\u00b7CAEoO\u00b5EIOA22-1024x647.jpg 1024w, https:\/\/arttao.org\/wp-content\/uploads\/2025\/03\/EaI\u00bcIo_601830466_\u00b2EE\u00b5A\u00bfE\u00b0\u00aeEUA\u00ae\u00b7CAEoO\u00b5EIOA22-300x189.jpg 300w, https:\/\/arttao.org\/wp-content\/uploads\/2025\/03\/EaI\u00bcIo_601830466_\u00b2EE\u00b5A\u00bfE\u00b0\u00aeEUA\u00ae\u00b7CAEoO\u00b5EIOA22-768x485.jpg 768w, https:\/\/arttao.org\/wp-content\/uploads\/2025\/03\/EaI\u00bcIo_601830466_\u00b2EE\u00b5A\u00bfE\u00b0\u00aeEUA\u00ae\u00b7CAEoO\u00b5EIOA22-1536x970.jpg 1536w, https:\/\/arttao.org\/wp-content\/uploads\/2025\/03\/EaI\u00bcIo_601830466_\u00b2EE\u00b5A\u00bfE\u00b0\u00aeEUA\u00ae\u00b7CAEoO\u00b5EIOA22-2048x1294.jpg 2048w\" sizes=\"auto, (max-width: 1024px) 100vw, 1024px\" \/><\/figure>\n\n\n\n<p class=\"\"><a href=\"https:\/\/arttao.org\/fr\/un-test-de-questions-et-reponses-socratiques-liees-a-lanxiete\/\" data-type=\"page\" data-id=\"6853\">UN. <strong>Questions et r\u00e9ponses socratiques - Test de questions li\u00e9es \u00e0 l&#039;anxi\u00e9t\u00e9<\/strong><\/a><\/p>\n\n\n\n<p class=\"has-small-font-size\">Les troubles anxieux se manifestent par une inqui\u00e9tude persistante et excessive face \u00e0 des \u00e9v\u00e9nements futurs, souvent sans menace sp\u00e9cifique. Les troubles anxieux courants incluent le trouble d&#039;anxi\u00e9t\u00e9 g\u00e9n\u00e9ralis\u00e9e, l&#039;anxi\u00e9t\u00e9 sociale, les phobies, le trouble panique et le mutisme s\u00e9lectif. Les patients pr\u00e9sentent de fortes r\u00e9actions physiologiques telles que l&#039;anxi\u00e9t\u00e9, la tension, une acc\u00e9l\u00e9ration du rythme cardiaque, des sueurs, un essoufflement et des maux d&#039;estomac. Parall\u00e8lement, ils peuvent pr\u00e9senter des comportements d&#039;\u00e9vitement, comme \u00e9viter les rencontres sociales, se sentir incapables d&#039;\u00eatre seuls et ne pas oser entrer dans certains lieux. Les troubles anxieux affectent le fonctionnement quotidien, limitant la libert\u00e9 de mouvement et la qualit\u00e9 de vie. Ils sont souvent li\u00e9s \u00e0 la capacit\u00e9 d&#039;adaptation et \u00e0 l&#039;auto-cognition, et peuvent \u00e9galement \u00eatre caus\u00e9s par une combinaison de facteurs tels que les exp\u00e9riences de l&#039;enfance, le stress et la personnalit\u00e9.<\/p>\n\n\n\n<figure class=\"wp-block-image size-large is-resized\"><img loading=\"lazy\" decoding=\"async\" width=\"1024\" height=\"647\" src=\"https:\/\/arttao.org\/wp-content\/uploads\/2025\/03\/EaI\u00bcIo_601830466_\u00b2EE\u00b5A\u00bfE\u00b0\u00aeEUA\u00ae\u00b7CAEoO\u00b5EIOA22-1024x647.jpg\" alt=\"\" class=\"wp-image-1243\" style=\"width:78px;height:auto\" srcset=\"https:\/\/arttao.org\/wp-content\/uploads\/2025\/03\/EaI\u00bcIo_601830466_\u00b2EE\u00b5A\u00bfE\u00b0\u00aeEUA\u00ae\u00b7CAEoO\u00b5EIOA22-1024x647.jpg 1024w, https:\/\/arttao.org\/wp-content\/uploads\/2025\/03\/EaI\u00bcIo_601830466_\u00b2EE\u00b5A\u00bfE\u00b0\u00aeEUA\u00ae\u00b7CAEoO\u00b5EIOA22-300x189.jpg 300w, https:\/\/arttao.org\/wp-content\/uploads\/2025\/03\/EaI\u00bcIo_601830466_\u00b2EE\u00b5A\u00bfE\u00b0\u00aeEUA\u00ae\u00b7CAEoO\u00b5EIOA22-768x485.jpg 768w, https:\/\/arttao.org\/wp-content\/uploads\/2025\/03\/EaI\u00bcIo_601830466_\u00b2EE\u00b5A\u00bfE\u00b0\u00aeEUA\u00ae\u00b7CAEoO\u00b5EIOA22-1536x970.jpg 1536w, https:\/\/arttao.org\/wp-content\/uploads\/2025\/03\/EaI\u00bcIo_601830466_\u00b2EE\u00b5A\u00bfE\u00b0\u00aeEUA\u00ae\u00b7CAEoO\u00b5EIOA22-2048x1294.jpg 2048w\" sizes=\"auto, (max-width: 1024px) 100vw, 1024px\" \/><\/figure>\n\n\n\n<p class=\"\"><a href=\"https:\/\/arttao.org\/fr\/b-questions-et-reponses-socratiques-test-de-questions-liees-a-la-depression\/\" data-type=\"page\" data-id=\"6864\">B. <strong>Questions et r\u00e9ponses socratiques - Test sur la d\u00e9pression<\/strong><\/a><\/p>\n\n\n\n<h5 class=\"wp-block-heading has-small-font-size\">La d\u00e9pression est un trouble psychologique caract\u00e9ris\u00e9 par une humeur maussade. Les sympt\u00f4mes courants incluent une tristesse persistante, une perte d&#039;int\u00e9r\u00eat pour les activit\u00e9s quotidiennes, un d\u00e9ni de soi, de la fatigue, une baisse de concentration, voire un sentiment de d\u00e9sespoir et des pens\u00e9es suicidaires. Les cas graves s&#039;accompagnent \u00e9galement de modifications de l&#039;app\u00e9tit ou du poids, de troubles du sommeil, d&#039;un engourdissement \u00e9motionnel et de douleurs physiques. La d\u00e9pression n&#039;est pas une humeur maussade passag\u00e8re, mais un \u00e9tat psychologique qui dure plus de deux semaines et affecte significativement le fonctionnement. Elle peut \u00eatre caus\u00e9e par un h\u00e9ritage biologique, un traumatisme de la vie, l&#039;isolement social et un stress prolong\u00e9. Une d\u00e9pression prolong\u00e9e peut \u00e9galement entra\u00eener un d\u00e9clin des fonctions sociales, une ali\u00e9nation interpersonnelle et une perte de sens \u00e0 la vie. Une expression \u00e9motionnelle opportune et une intervention professionnelle sont essentielles.<\/h5>\n\n\n\n<figure class=\"wp-block-image size-large is-resized\"><img loading=\"lazy\" decoding=\"async\" width=\"1024\" height=\"647\" src=\"https:\/\/arttao.org\/wp-content\/uploads\/2025\/03\/EaI\u00bcIo_601830466_\u00b2EE\u00b5A\u00bfE\u00b0\u00aeEUA\u00ae\u00b7CAEoO\u00b5EIOA22-1024x647.jpg\" alt=\"\" class=\"wp-image-1243\" style=\"width:78px;height:auto\" srcset=\"https:\/\/arttao.org\/wp-content\/uploads\/2025\/03\/EaI\u00bcIo_601830466_\u00b2EE\u00b5A\u00bfE\u00b0\u00aeEUA\u00ae\u00b7CAEoO\u00b5EIOA22-1024x647.jpg 1024w, https:\/\/arttao.org\/wp-content\/uploads\/2025\/03\/EaI\u00bcIo_601830466_\u00b2EE\u00b5A\u00bfE\u00b0\u00aeEUA\u00ae\u00b7CAEoO\u00b5EIOA22-300x189.jpg 300w, https:\/\/arttao.org\/wp-content\/uploads\/2025\/03\/EaI\u00bcIo_601830466_\u00b2EE\u00b5A\u00bfE\u00b0\u00aeEUA\u00ae\u00b7CAEoO\u00b5EIOA22-768x485.jpg 768w, https:\/\/arttao.org\/wp-content\/uploads\/2025\/03\/EaI\u00bcIo_601830466_\u00b2EE\u00b5A\u00bfE\u00b0\u00aeEUA\u00ae\u00b7CAEoO\u00b5EIOA22-1536x970.jpg 1536w, https:\/\/arttao.org\/wp-content\/uploads\/2025\/03\/EaI\u00bcIo_601830466_\u00b2EE\u00b5A\u00bfE\u00b0\u00aeEUA\u00ae\u00b7CAEoO\u00b5EIOA22-2048x1294.jpg 2048w\" sizes=\"auto, (max-width: 1024px) 100vw, 1024px\" \/><\/figure>\n\n\n\n<p class=\"\"><a href=\"https:\/\/arttao.org\/fr\/c-test-de-socrate-sur-les-problemes-obsessionnels-compulsifs-et-impulsifs\/\" data-type=\"page\" data-id=\"6866\">C. <strong>Questions socratiques - Test de compulsion et d&#039;impulsivit\u00e9<\/strong><\/a><\/p>\n\n\n\n<p class=\"has-small-font-size\">Ces troubles incluent le trouble obsessionnel-compulsif et le trouble du contr\u00f4le des impulsions. Leur principale caract\u00e9ristique est que les personnes ont des pens\u00e9es et des comportements incontr\u00f4lables (pens\u00e9es obsessionnelles) et impulsifs de mani\u00e8re r\u00e9p\u00e9t\u00e9e, impossibles \u00e0 arr\u00eater, m\u00eame si elles savent qu&#039;ils sont irrationnels. Les patients atteints de trouble obsessionnel-compulsif peuvent \u00eatre perturb\u00e9s par des questions telles que \u00ab\u00a0Est-ce propre\u00a0?\u00a0\u00bb et \u00ab\u00a0Est-ce s\u00fbr\u00a0?\u00a0\u00bb, et ils soulagent leur anxi\u00e9t\u00e9 en se lavant les mains et en v\u00e9rifiant r\u00e9guli\u00e8rement. Les troubles impulsifs se manifestent par des comportements impulsifs soudains tels que la col\u00e8re, le vol, le jeu et la suralimentation. Les personnes ressentent g\u00e9n\u00e9ralement de la culpabilit\u00e9 et se bl\u00e2ment par la suite, mais ont toujours du mal \u00e0 r\u00e9sister \u00e0 l&#039;impulsion la fois suivante. Ces probl\u00e8mes sont profond\u00e9ment affect\u00e9s par des biais cognitifs, des circuits neuronaux anormaux et une capacit\u00e9 d&#039;autor\u00e9gulation insuffisante, et perturbent souvent le rythme de vie et les relations interpersonnelles.<\/p>\n\n\n\n<figure class=\"wp-block-image size-large is-resized\"><img loading=\"lazy\" decoding=\"async\" width=\"1024\" height=\"647\" src=\"https:\/\/arttao.org\/wp-content\/uploads\/2025\/03\/EaI\u00bcIo_601830466_\u00b2EE\u00b5A\u00bfE\u00b0\u00aeEUA\u00ae\u00b7CAEoO\u00b5EIOA22-1024x647.jpg\" alt=\"\" class=\"wp-image-1243\" style=\"width:79px;height:auto\" srcset=\"https:\/\/arttao.org\/wp-content\/uploads\/2025\/03\/EaI\u00bcIo_601830466_\u00b2EE\u00b5A\u00bfE\u00b0\u00aeEUA\u00ae\u00b7CAEoO\u00b5EIOA22-1024x647.jpg 1024w, https:\/\/arttao.org\/wp-content\/uploads\/2025\/03\/EaI\u00bcIo_601830466_\u00b2EE\u00b5A\u00bfE\u00b0\u00aeEUA\u00ae\u00b7CAEoO\u00b5EIOA22-300x189.jpg 300w, https:\/\/arttao.org\/wp-content\/uploads\/2025\/03\/EaI\u00bcIo_601830466_\u00b2EE\u00b5A\u00bfE\u00b0\u00aeEUA\u00ae\u00b7CAEoO\u00b5EIOA22-768x485.jpg 768w, https:\/\/arttao.org\/wp-content\/uploads\/2025\/03\/EaI\u00bcIo_601830466_\u00b2EE\u00b5A\u00bfE\u00b0\u00aeEUA\u00ae\u00b7CAEoO\u00b5EIOA22-1536x970.jpg 1536w, https:\/\/arttao.org\/wp-content\/uploads\/2025\/03\/EaI\u00bcIo_601830466_\u00b2EE\u00b5A\u00bfE\u00b0\u00aeEUA\u00ae\u00b7CAEoO\u00b5EIOA22-2048x1294.jpg 2048w\" sizes=\"auto, (max-width: 1024px) 100vw, 1024px\" \/><\/figure>\n\n\n\n<p class=\"\"><a href=\"https:\/\/arttao.org\/fr\/d-test-de-traumatisme-et-de-stress-socratique\/\" data-type=\"page\" data-id=\"6870\">D. <strong>Questions socratiques - Test de traumatisme et de stress<\/strong><\/a><\/p>\n\n\n\n<p class=\"has-small-font-size\">Ces probl\u00e8mes surviennent lorsqu&#039;une personne subit ou est t\u00e9moin d&#039;un \u00e9v\u00e9nement extr\u00eamement douloureux, mettant sa vie en danger ou sa s\u00e9curit\u00e9 en danger, comme un accident, des actes de violence, des abus ou un changement majeur. Les troubles courants incluent le trouble de stress post-traumatique (TSPT), le trouble de stress aigu et le trouble de l&#039;adaptation. Les patients peuvent se rem\u00e9morer la sc\u00e8ne traumatique \u00e0 plusieurs reprises (flashbacks), faire des cauchemars, ressentir une instabilit\u00e9 \u00e9motionnelle et devenir excessivement vigilants. Ils peuvent \u00e9galement \u00e9viter d\u00e9lib\u00e9r\u00e9ment les sc\u00e8nes, les personnes ou les sujets li\u00e9s au traumatisme. Le traumatisme peut entra\u00eener un isolement psychologique persistant, une auto-dissociation, une rupture de confiance et m\u00eame affecter la perception de la r\u00e9alit\u00e9. Les r\u00e9actions traumatiques non trait\u00e9es \u00e0 long terme peuvent se transformer en anxi\u00e9t\u00e9 chronique, en d\u00e9pression et en comportements d&#039;automutilation, n\u00e9cessitant une intervention psychologique professionnelle et une formation au r\u00e9tablissement psychologique.<\/p>\n\n\n\n<figure class=\"wp-block-image size-large is-resized\"><img loading=\"lazy\" decoding=\"async\" width=\"1024\" height=\"647\" src=\"https:\/\/arttao.org\/wp-content\/uploads\/2025\/03\/EaI\u00bcIo_601830466_\u00b2EE\u00b5A\u00bfE\u00b0\u00aeEUA\u00ae\u00b7CAEoO\u00b5EIOA22-1024x647.jpg\" alt=\"\" class=\"wp-image-1243\" style=\"width:74px;height:auto\" srcset=\"https:\/\/arttao.org\/wp-content\/uploads\/2025\/03\/EaI\u00bcIo_601830466_\u00b2EE\u00b5A\u00bfE\u00b0\u00aeEUA\u00ae\u00b7CAEoO\u00b5EIOA22-1024x647.jpg 1024w, https:\/\/arttao.org\/wp-content\/uploads\/2025\/03\/EaI\u00bcIo_601830466_\u00b2EE\u00b5A\u00bfE\u00b0\u00aeEUA\u00ae\u00b7CAEoO\u00b5EIOA22-300x189.jpg 300w, https:\/\/arttao.org\/wp-content\/uploads\/2025\/03\/EaI\u00bcIo_601830466_\u00b2EE\u00b5A\u00bfE\u00b0\u00aeEUA\u00ae\u00b7CAEoO\u00b5EIOA22-768x485.jpg 768w, https:\/\/arttao.org\/wp-content\/uploads\/2025\/03\/EaI\u00bcIo_601830466_\u00b2EE\u00b5A\u00bfE\u00b0\u00aeEUA\u00ae\u00b7CAEoO\u00b5EIOA22-1536x970.jpg 1536w, https:\/\/arttao.org\/wp-content\/uploads\/2025\/03\/EaI\u00bcIo_601830466_\u00b2EE\u00b5A\u00bfE\u00b0\u00aeEUA\u00ae\u00b7CAEoO\u00b5EIOA22-2048x1294.jpg 2048w\" sizes=\"auto, (max-width: 1024px) 100vw, 1024px\" \/><\/figure>\n\n\n\n<p class=\"\"><a href=\"https:\/\/arttao.org\/fr\/test-de-questions-sur-les-sautes-dhumeur-de-socrate\/\" data-type=\"page\" data-id=\"6898\">E. <strong>Questions et r\u00e9ponses socratiques - Test sur les sautes d&#039;humeur<\/strong><\/a><\/p>\n\n\n\n<p class=\"has-small-font-size\">Les sautes d&#039;humeur se manifestent par des r\u00e9actions \u00e9motionnelles intenses et instables, avec des variations d&#039;humeur significatives et des difficult\u00e9s d&#039;autor\u00e9gulation. Ces troubles peuvent inclure des troubles de la r\u00e9gulation de l&#039;humeur, un trouble bipolaire et des troubles de la personnalit\u00e9. Les personnes peuvent passer rapidement de l&#039;excitation et de la joie \u00e0 la col\u00e8re et au d\u00e9sespoir, souvent accompagn\u00e9s d&#039;un comportement impulsif, de relations tendues et d&#039;une forte alt\u00e9ration de l&#039;estime de soi. Les sautes d&#039;humeur peuvent perturber consid\u00e9rablement le travail, les \u00e9tudes et les relations interpersonnelles, et donnent souvent aux personnes un sentiment de perte de contr\u00f4le. Ces probl\u00e8mes sont souvent li\u00e9s \u00e0 des facteurs tels qu&#039;un attachement pr\u00e9coce, une identit\u00e9 personnelle instable et des limites floues. Le processus de gu\u00e9rison se concentre sur le d\u00e9veloppement d&#039;une stabilit\u00e9 int\u00e9rieure et de syst\u00e8mes d&#039;auto-soutien.<\/p>\n\n\n\n<figure class=\"wp-block-image size-large is-resized\"><img loading=\"lazy\" decoding=\"async\" width=\"1024\" height=\"647\" src=\"https:\/\/arttao.org\/wp-content\/uploads\/2025\/03\/EaI\u00bcIo_601830466_\u00b2EE\u00b5A\u00bfE\u00b0\u00aeEUA\u00ae\u00b7CAEoO\u00b5EIOA22-1024x647.jpg\" alt=\"\" class=\"wp-image-1243\" style=\"width:76px;height:auto\" srcset=\"https:\/\/arttao.org\/wp-content\/uploads\/2025\/03\/EaI\u00bcIo_601830466_\u00b2EE\u00b5A\u00bfE\u00b0\u00aeEUA\u00ae\u00b7CAEoO\u00b5EIOA22-1024x647.jpg 1024w, https:\/\/arttao.org\/wp-content\/uploads\/2025\/03\/EaI\u00bcIo_601830466_\u00b2EE\u00b5A\u00bfE\u00b0\u00aeEUA\u00ae\u00b7CAEoO\u00b5EIOA22-300x189.jpg 300w, https:\/\/arttao.org\/wp-content\/uploads\/2025\/03\/EaI\u00bcIo_601830466_\u00b2EE\u00b5A\u00bfE\u00b0\u00aeEUA\u00ae\u00b7CAEoO\u00b5EIOA22-768x485.jpg 768w, https:\/\/arttao.org\/wp-content\/uploads\/2025\/03\/EaI\u00bcIo_601830466_\u00b2EE\u00b5A\u00bfE\u00b0\u00aeEUA\u00ae\u00b7CAEoO\u00b5EIOA22-1536x970.jpg 1536w, https:\/\/arttao.org\/wp-content\/uploads\/2025\/03\/EaI\u00bcIo_601830466_\u00b2EE\u00b5A\u00bfE\u00b0\u00aeEUA\u00ae\u00b7CAEoO\u00b5EIOA22-2048x1294.jpg 2048w\" sizes=\"auto, (max-width: 1024px) 100vw, 1024px\" \/><\/figure>\n\n\n\n<p class=\"\"><a href=\"https:\/\/arttao.org\/fr\/f-problemes-de-sommeil-et-problemes-physiques\/\" data-type=\"page\" data-id=\"6997\">F. <strong>Questions socratiques - Test sur le sommeil et les probl\u00e8mes physiques<\/strong><\/a><\/p>\n\n\n\n<p class=\"has-small-font-size\">Les troubles du sommeil, notamment les difficult\u00e9s d&#039;endormissement, les r\u00e9veils pr\u00e9coces, les r\u00e9veils faciles, les r\u00eaves fr\u00e9quents et la fatigue diurne, peuvent \u00eatre le signe de divers probl\u00e8mes psychologiques. Les troubles du sommeil \u00e0 long terme peuvent affecter la stabilit\u00e9 \u00e9motionnelle, la m\u00e9moire et l&#039;immunit\u00e9. Les sympt\u00f4mes de somatisation se manifestent par des malaises physiques r\u00e9currents (tels que maux de t\u00eate, maux de ventre, essoufflement et palpitations), dont les examens m\u00e9dicaux ne r\u00e9v\u00e8lent aucune cause pr\u00e9cise. Les patients sont sensibles aux changements corporels et leur anxi\u00e9t\u00e9 int\u00e9rieure s&#039;exprime souvent par le langage corporel. Ces troubles sont souvent li\u00e9s au stress, aux \u00e9motions refoul\u00e9es et \u00e0 un exc\u00e8s de ma\u00eetrise de soi. De nombreux patients consultent initialement un m\u00e9decin, mais en r\u00e9alit\u00e9, ils ont besoin d&#039;un suivi psychologique. Le r\u00e9tablissement des rythmes de sommeil et le renforcement du lien entre le corps et l&#039;esprit sont des \u00e9l\u00e9ments essentiels du traitement.<\/p>\n\n\n\n<figure class=\"wp-block-image size-large is-resized\"><img loading=\"lazy\" decoding=\"async\" width=\"1024\" height=\"647\" src=\"https:\/\/arttao.org\/wp-content\/uploads\/2025\/03\/EaI\u00bcIo_601830466_\u00b2EE\u00b5A\u00bfE\u00b0\u00aeEUA\u00ae\u00b7CAEoO\u00b5EIOA22-1024x647.jpg\" alt=\"\" class=\"wp-image-1243\" style=\"width:78px;height:auto\" srcset=\"https:\/\/arttao.org\/wp-content\/uploads\/2025\/03\/EaI\u00bcIo_601830466_\u00b2EE\u00b5A\u00bfE\u00b0\u00aeEUA\u00ae\u00b7CAEoO\u00b5EIOA22-1024x647.jpg 1024w, https:\/\/arttao.org\/wp-content\/uploads\/2025\/03\/EaI\u00bcIo_601830466_\u00b2EE\u00b5A\u00bfE\u00b0\u00aeEUA\u00ae\u00b7CAEoO\u00b5EIOA22-300x189.jpg 300w, https:\/\/arttao.org\/wp-content\/uploads\/2025\/03\/EaI\u00bcIo_601830466_\u00b2EE\u00b5A\u00bfE\u00b0\u00aeEUA\u00ae\u00b7CAEoO\u00b5EIOA22-768x485.jpg 768w, https:\/\/arttao.org\/wp-content\/uploads\/2025\/03\/EaI\u00bcIo_601830466_\u00b2EE\u00b5A\u00bfE\u00b0\u00aeEUA\u00ae\u00b7CAEoO\u00b5EIOA22-1536x970.jpg 1536w, https:\/\/arttao.org\/wp-content\/uploads\/2025\/03\/EaI\u00bcIo_601830466_\u00b2EE\u00b5A\u00bfE\u00b0\u00aeEUA\u00ae\u00b7CAEoO\u00b5EIOA22-2048x1294.jpg 2048w\" sizes=\"auto, (max-width: 1024px) 100vw, 1024px\" \/><\/figure>\n\n\n\n<p class=\"\"><a href=\"https:\/\/arttao.org\/fr\/h1-dependance-et-addiction\/\" data-type=\"page\" data-id=\"7032\">G.<strong>Questions et r\u00e9ponses socratiques - Test de d\u00e9pendance et d&#039;addiction<\/strong><\/a><\/p>\n\n\n\n<p class=\"has-small-font-size\">La d\u00e9pendance ne se limite pas aux substances (comme l&#039;alcool, la nicotine et les drogues), mais englobe \u00e9galement les addictions comportementales, comme la d\u00e9pendance \u00e0 Internet, aux jeux d&#039;argent, la d\u00e9pendance affective et la d\u00e9pendance au travail. Elle se caract\u00e9rise par des comportements r\u00e9p\u00e9titifs et incontr\u00f4lables, qui persistent malgr\u00e9 leurs cons\u00e9quences n\u00e9gatives. La d\u00e9pendance procure un plaisir passager, mais prive progressivement les individus de leur libert\u00e9 et de leur volont\u00e9, allant m\u00eame jusqu&#039;\u00e0 nuire \u00e0 leur sant\u00e9, leurs relations et leur carri\u00e8re. La d\u00e9pendance na\u00eet souvent d&#039;un profond sentiment de vide, d&#039;un manque d&#039;autor\u00e9gulation ou d&#039;une tendance \u00e0 \u00e9viter la douleur psychologique. Un traitement efficace n\u00e9cessite de passer du \u00ab contr\u00f4le \u00bb \u00e0 la \u00ab compr\u00e9hension \u00bb, en restaurant progressivement l&#039;autonomie int\u00e9rieure par le d\u00e9veloppement de sch\u00e9mas d&#039;attachement sains, d&#039;un sentiment de valeur et de comportements alternatifs.<\/p>","protected":false},"excerpt":{"rendered":"<p>A. \u82cf\u683c\u62c9\u5e95\u95ee\u7b54-\u7126\u8651\u76f8\u5173\u95ee\u9898\u6d4b\u8bd5 \u7126\u8651\u95ee\u9898\u8868\u73b0\u4e3a\u5bf9\u672a\u6765\u4e8b\u4ef6\u6301\u7eed\u4e14\u8fc7\u5ea6\u7684\u62c5\u5fe7\uff0c\u5f80\u5f80\u7f3a\u4e4f\u5177\u4f53\u7684\u5a01\u80c1\u4f9d\u636e\u3002\u5e38\u89c1\u7684 [&hellip;]<\/p>\n","protected":false},"author":1,"featured_media":0,"parent":0,"menu_order":0,"comment_status":"closed","ping_status":"closed","template":"","meta":{"nf_dc_page":"","om_disable_all_campaigns":false,"_monsterinsights_skip_tracking":false,"_monsterinsights_sitenote_active":false,"_monsterinsights_sitenote_note":"","_monsterinsights_sitenote_category":0,"footnotes":""},"class_list":["post-1251","page","type-page","status-publish","hentry"],"_links":{"self":[{"href":"https:\/\/arttao.org\/fr\/wp-json\/wp\/v2\/pages\/1251","targetHints":{"allow":["GET"]}}],"collection":[{"href":"https:\/\/arttao.org\/fr\/wp-json\/wp\/v2\/pages"}],"about":[{"href":"https:\/\/arttao.org\/fr\/wp-json\/wp\/v2\/types\/page"}],"author":[{"embeddable":true,"href":"https:\/\/arttao.org\/fr\/wp-json\/wp\/v2\/users\/1"}],"replies":[{"embeddable":true,"href":"https:\/\/arttao.org\/fr\/wp-json\/wp\/v2\/comments?post=1251"}],"version-history":[{"count":20,"href":"https:\/\/arttao.org\/fr\/wp-json\/wp\/v2\/pages\/1251\/revisions"}],"predecessor-version":[{"id":8874,"href":"https:\/\/arttao.org\/fr\/wp-json\/wp\/v2\/pages\/1251\/revisions\/8874"}],"wp:attachment":[{"href":"https:\/\/arttao.org\/fr\/wp-json\/wp\/v2\/media?parent=1251"}],"curies":[{"name":"wp","href":"https:\/\/api.w.org\/{rel}","templated":true}]}}