{"id":12593,"date":"2025-11-11T05:01:06","date_gmt":"2025-11-11T05:01:06","guid":{"rendered":"https:\/\/arttao.org\/?page_id=12593"},"modified":"2025-11-11T05:01:06","modified_gmt":"2025-11-11T05:01:06","slug":"lecon-38-hypersomnie-lecons-1361-1400","status":"publish","type":"page","link":"https:\/\/arttao.org\/fr\/%e7%ac%ac%e4%b8%89%e5%8d%81%e5%85%ab%e8%af%be%ef%bc%9a%e5%97%9c%e7%9d%a1%e7%97%87%ef%bc%88%e7%ac%ac1361%ef%bd%9e1400%e8%af%be%ef%bc%89\/","title":{"rendered":"Le\u00e7on 38\u00a0: Hypersomnie (Le\u00e7ons 1361-1400)"},"content":{"rendered":"<div class=\"healing-outline-wrap\" style=\"max-width:800px;margin:24px auto;font-family:-apple-system,BlinkMacSystemFont,'Segoe UI',Roboto,Helvetica,Arial,sans-serif;line-height:1.6;color:#111;font-size:15px;\"><h2 style=\"font-size:20px;color:#00695c;margin:0 0 16px;font-weight:600;border-left:4px solid #F5DEB3;padding-left:8px;\">Le\u00e7on 38\u00a0: Hypersomnie \u2013 Somnolence excessive (Le\u00e7ons 1381 \u00e0 1400) \u00b7 Catalogue des cours<\/h2><div style=\"margin:0 0 16px;\"><div style=\"font-size:15px;color:#00695c;font-weight:600;margin-bottom:4px;\">Caract\u00e9ristiques des sympt\u00f4mes :<\/div><div style=\"font-size:15px;line-height:1.7;color:#333;\">L&#039;hypersomnie se caract\u00e9rise par une somnolence diurne excessive et peut s&#039;accompagner de crises de sommeil, d&#039;inertie du sommeil, d&#039;une diminution de l&#039;attention\/de la m\u00e9moire et de risques pour la s\u00e9curit\u00e9 ; elle est souvent li\u00e9e \u00e0 des troubles du rythme circadien, \u00e0 des facteurs \u00e9motionnels et m\u00e9taboliques.<\/div><\/div><div style=\"margin:0 0 24px;\"><div style=\"font-size:15px;color:#00695c;font-weight:600;margin-bottom:4px;\">Objectifs du cours :<\/div><div style=\"font-size:15px;line-height:1.7;color:#333;\">Dans un souci de s\u00e9curit\u00e9, r\u00e9aliser des \u00e9valuations standardis\u00e9es et adopter une approche globale \u201c exposition au rythme et \u00e0 la lumi\u00e8re - activation comportementale - r\u00e9paration de la structure du sommeil - collaboration m\u00e9dicamenteuse et m\u00e9dicale - suivi \u00e0 long terme \u201d pour am\u00e9liorer la vigilance et le fonctionnement diurne.<\/div><\/div><ol style=\"margin:0;padding-left:20px;font-size:15px;color:#111;\"><li style=\"margin:0 0 16px 0;list-style:decimal;\"><div style=\"margin-bottom:4px;\"><a href=\"https:\/\/arttao.org\/fr\/lecon-1361-apercu-de-la-narcolepsie\/\" style=\"color:#00695c;text-decoration:none;border-bottom:1px solid #F5DEB3;font-weight:600;\">Aper\u00e7u de la narcolepsie<\/a><\/div><div style=\"font-size:14px;line-height:1.6;color:#333;\">Comprendre les caract\u00e9ristiques et les classifications fondamentales de l&#039;hypersomnie, et faire la distinction entre l&#039;hypersomnie primaire et secondaire, permettra d&#039;\u00e9tablir un cadre g\u00e9n\u00e9ral pour l&#039;\u00e9valuation et l&#039;intervention ult\u00e9rieures.<\/div><\/li><li style=\"margin:0 0 16px 0;list-style:decimal;\"><div style=\"margin-bottom:4px;\"><a href=\"https:\/\/arttao.org\/fr\/lecon-1362-symptomes-et-manifestations-de-la-narcolepsie\/\" style=\"color:#00695c;text-decoration:none;border-bottom:1px solid #F5DEB3;font-weight:600;\">Sympt\u00f4mes et manifestations de la narcolepsie<\/a><\/div><div style=\"font-size:14px;line-height:1.6;color:#333;\">Identifiez les sympt\u00f4mes tels que la somnolence diurne excessive, l&#039;agressivit\u00e9 pendant le sommeil, l&#039;inertie du sommeil et la diminution de l&#039;attention et de la m\u00e9moire, et cr\u00e9ez une liste de contr\u00f4le d&#039;auto-observation.<\/div><\/li><li style=\"margin:0 0 16px 0;list-style:decimal;\"><div style=\"margin-bottom:4px;\"><a href=\"https:\/\/arttao.org\/fr\/%e7%ac%ac1363%e8%af%be%ef%bc%9a%e5%97%9c%e7%9d%a1%e7%97%87%e7%9a%84%e6%88%90%e5%9b%a0%e4%b8%8e%e9%a3%8e%e9%99%a9%e5%9b%a0%e7%b4%a0\/\" style=\"color:#00695c;text-decoration:none;border-bottom:1px solid #F5DEB3;font-weight:600;\">Causes et facteurs de risque de la narcolepsie<\/a><\/div><div style=\"font-size:14px;line-height:1.6;color:#333;\">Comprendre les causes multifactorielles de la somnolence excessive, notamment la structure du sommeil, le rythme circadien, le m\u00e9tabolisme\/les m\u00e9dicaments, les \u00e9motions et le mode de vie.<\/div><\/li><li style=\"margin:0 0 16px 0;list-style:decimal;\"><div style=\"margin-bottom:4px;\"><a href=\"https:\/\/arttao.org\/fr\/%e7%ac%ac1364%e8%af%be%ef%bc%9a%e5%97%9c%e7%9d%a1%e7%97%87%e7%9a%84%e8%af%8a%e6%96%ad%e4%b8%8e%e8%af%84%e4%bc%b0\/\" style=\"color:#00695c;text-decoration:none;border-bottom:1px solid #F5DEB3;font-weight:600;\">Diagnostic et \u00e9valuation de la narcolepsie<\/a><\/div><div style=\"font-size:14px;line-height:1.6;color:#333;\">Cet article pr\u00e9sente les entretiens cliniques, les journaux de sommeil, les \u00e9chelles et, si n\u00e9cessaire, la polysomnographie pour constituer un parcours d&#039;\u00e9valuation standardis\u00e9.<\/div><\/li><li style=\"margin:0 0 16px 0;list-style:decimal;\"><div style=\"margin-bottom:4px;\"><a href=\"https:\/\/arttao.org\/fr\/%e7%ac%ac1365%e8%af%be%ef%bc%9a%e5%97%9c%e7%9d%a1%e7%97%87%e7%9a%84%e6%b2%bb%e7%96%97%e4%b8%8e%e7%ae%a1%e7%90%86\/\" style=\"color:#00695c;text-decoration:none;border-bottom:1px solid #F5DEB3;font-weight:600;\">Traitement et prise en charge de la narcolepsie<\/a><\/div><div style=\"font-size:14px;line-height:1.6;color:#333;\">Aper\u00e7u des traitements fond\u00e9s sur des donn\u00e9es probantes et des soins de suivi, y compris la pharmacoth\u00e9rapie, les interventions comportementales, la gestion du rythme et de la lumi\u00e8re, et les modifications du mode de vie.<\/div><\/li><li style=\"margin:0 0 16px 0;list-style:decimal;\"><div style=\"margin-bottom:4px;\"><a href=\"https:\/\/arttao.org\/fr\/lecon-1386-identifier-la-somnolence-diurne-excessive\/\" style=\"color:#00695c;text-decoration:none;border-bottom:1px solid #F5DEB3;font-weight:600;\">Identifier la somnolence diurne excessive<\/a><\/div><div style=\"font-size:14px;line-height:1.6;color:#333;\">Distinguer la somnolence de la fatigue, quantifier le degr\u00e9 de somnolence et identifier les p\u00e9riodes et les t\u00e2ches \u00e0 haut risque.<\/div><\/li><li style=\"margin:0 0 16px 0;list-style:decimal;\"><div style=\"margin-bottom:4px;\"><a href=\"https:\/\/arttao.org\/fr\/lecon-1387-inertie-du-sommeil-et-difficulte-a-se-reveiller-le-matin\/\" style=\"color:#00695c;text-decoration:none;border-bottom:1px solid #F5DEB3;font-weight:600;\">Inertie du sommeil et difficult\u00e9 \u00e0 se r\u00e9veiller le matin<\/a><\/div><div style=\"font-size:14px;line-height:1.6;color:#333;\">Analyser les causes de la somnolence prolong\u00e9e et de la lenteur des r\u00e9actions au r\u00e9veil, et mettre en \u0153uvre des strat\u00e9gies d&#039;\u00e9veil en douceur et d&#039;activation segment\u00e9e.<\/div><\/li><li style=\"margin:0 0 16px 0;list-style:decimal;\"><div style=\"margin-bottom:4px;\"><a href=\"https:\/\/arttao.org\/fr\/lecon-1388-endormissement-soudain-et-attaques-de-sommeil\/\" style=\"color:#00695c;text-decoration:none;border-bottom:1px solid #F5DEB3;font-weight:600;\">Apparition soudaine du sommeil et crise de sommeil<\/a><\/div><div style=\"font-size:14px;line-height:1.6;color:#333;\">Identifier les facteurs d\u00e9clencheurs et les risques pour la s\u00e9curit\u00e9 li\u00e9s \u00e0 l&#039;endormissement soudain, et \u00e9laborer des plans de protection aux niveaux environnemental et comportemental.<\/div><\/li><li style=\"margin:0 0 16px 0;list-style:decimal;\"><div style=\"margin-bottom:4px;\"><a href=\"https:\/\/arttao.org\/fr\/lecon-1389-symptomes-de-somnolence-pendant-le-travail-et-les-etudes\/\" style=\"color:#00695c;text-decoration:none;border-bottom:1px solid #F5DEB3;font-weight:600;\">Somnolence excessive pendant le travail et les \u00e9tudes<\/a><\/div><div style=\"font-size:14px;line-height:1.6;color:#333;\">Identifier les p\u00e9riodes de faible activit\u00e9 et les types de t\u00e2ches, et concevoir des segments de travail rythm\u00e9s, des micro-pauses et des insertions d&#039;\u00e9clairage\/d&#039;activit\u00e9.<\/div><\/li><li style=\"margin:0 0 16px 0;list-style:decimal;\"><div style=\"margin-bottom:4px;\"><a href=\"https:\/\/arttao.org\/fr\/lecon-1390-le-lien-entre-lhumeur-et-la-somnolence-excessive\/\" style=\"color:#00695c;text-decoration:none;border-bottom:1px solid #F5DEB3;font-weight:600;\">Le lien entre l&#039;humeur et la somnolence fr\u00e9quente<\/a><\/div><div style=\"font-size:14px;line-height:1.6;color:#333;\">Comprendre l&#039;interaction bidirectionnelle entre la charge \u00e9motionnelle, le stress et la somnolence, et \u00e9tablir une continuit\u00e9 entre la r\u00e9duction du stress diurne et la r\u00e9cup\u00e9ration nocturne.<\/div><\/li><li style=\"margin:0 0 16px 0;list-style:decimal;\"><div style=\"margin-bottom:4px;\"><a href=\"https:\/\/arttao.org\/fr\/lecon-1391-la-difference-entre-une-mauvaise-qualite-de-sommeil-et-une-somnolence-excessive\/\" style=\"color:#00695c;text-decoration:none;border-bottom:1px solid #F5DEB3;font-weight:600;\">La diff\u00e9rence entre une mauvaise qualit\u00e9 de sommeil et une somnolence excessive<\/a><\/div><div style=\"font-size:14px;line-height:1.6;color:#333;\">Il convient de diff\u00e9rencier la somnolence caus\u00e9e par un sommeil nocturne instable de l&#039;hypersomnie primaire afin d&#039;\u00e9viter un diagnostic erron\u00e9 et une intervention inefficace.<\/div><\/li><li style=\"margin:0 0 16px 0;list-style:decimal;\"><div style=\"margin-bottom:4px;\"><a href=\"https:\/\/arttao.org\/fr\/lecon-1392-eliminer-le-syndrome-de-privation-de-sommeil\/\" style=\"color:#00695c;text-decoration:none;border-bottom:1px solid #F5DEB3;font-weight:600;\">Exclusion du syndrome de privation de sommeil<\/a><\/div><div style=\"font-size:14px;line-height:1.6;color:#333;\">Les effets d&#039;une privation de sommeil \u00e0 long terme ont \u00e9t\u00e9 \u00e9cart\u00e9s gr\u00e2ce \u00e0 une \u00e9valuation de l&#039;ad\u00e9quation des opportunit\u00e9s de sommeil et \u00e0 des tests de rattrapage du sommeil.<\/div><\/li><li style=\"margin:0 0 16px 0;list-style:decimal;\"><div style=\"margin-bottom:4px;\"><a href=\"https:\/\/arttao.org\/fr\/lecon-1393-somnolence-induite-par-les-medicaments\/\" style=\"color:#00695c;text-decoration:none;border-bottom:1px solid #F5DEB3;font-weight:600;\">Somnolence induite par les m\u00e9dicaments<\/a><\/div><div style=\"font-size:14px;line-height:1.6;color:#333;\">Identifiez les effets secondaires de somnolence des s\u00e9datifs, des antid\u00e9presseurs et des antihistaminiques, et collaborez avec les m\u00e9decins pour optimiser les plans de traitement.<\/div><\/li><li style=\"margin:0 0 16px 0;list-style:decimal;\"><div style=\"margin-bottom:4px;\"><a href=\"https:\/\/arttao.org\/fr\/lecon-1394-maladies-metaboliques-et-somnolence\/\" style=\"color:#00695c;text-decoration:none;border-bottom:1px solid #F5DEB3;font-weight:600;\">Maladies m\u00e9taboliques et somnolence<\/a><\/div><div style=\"font-size:14px;line-height:1.6;color:#333;\">Portez une attention particuli\u00e8re aux facteurs m\u00e9taboliques tels que la fonction thyro\u00efdienne, la glyc\u00e9mie et l&#039;an\u00e9mie, et pr\u00e9cisez les indications de consultation et d&#039;examen m\u00e9dical.<\/div><\/li><li style=\"margin:0 0 16px 0;list-style:decimal;\"><div style=\"margin-bottom:4px;\"><a href=\"https:\/\/arttao.org\/fr\/lecon-1395-sommeil-excessif-lie-a-la-depression\/\" style=\"color:#00695c;text-decoration:none;border-bottom:1px solid #F5DEB3;font-weight:600;\">Sommeil excessif li\u00e9 \u00e0 la d\u00e9pression<\/a><\/div><div style=\"font-size:14px;line-height:1.6;color:#333;\">Comprendre les manifestations de la somnolence excessive dans les troubles de l&#039;humeur et \u00e9tablir une approche d&#039;intervention coordonn\u00e9e pour l&#039;humeur et le sommeil.<\/div><\/li><li style=\"margin:0 0 16px 0;list-style:decimal;\"><div style=\"margin-bottom:4px;\"><a href=\"https:\/\/arttao.org\/fr\/lecon-1396-structure-anormale-du-sommeil-nocturne-et-somnolence-excessive\/\" style=\"color:#00695c;text-decoration:none;border-bottom:1px solid #F5DEB3;font-weight:600;\">Anomalies de la structure du sommeil nocturne et somnolence excessive<\/a><\/div><div style=\"font-size:14px;line-height:1.6;color:#333;\">L&#039;\u00e9tude explique les sources de la somnolence diurne en analysant la proportion de sommeil profond, la r\u00e9partition du sommeil paradoxal et les \u00e9veils fragment\u00e9s, et propose une approche structur\u00e9e pour rem\u00e9dier \u00e0 la somnolence.<\/div><\/li><li style=\"margin:0 0 16px 0;list-style:decimal;\"><div style=\"margin-bottom:4px;\"><a href=\"https:\/\/arttao.org\/fr\/lecon-1397-troubles-de-la-regulation-du-systeme-nerveux-autonome-et-somnolence-excessive\/\" style=\"color:#00695c;text-decoration:none;border-bottom:1px solid #F5DEB3;font-weight:600;\">D\u00e9r\u00e9gulation du syst\u00e8me nerveux autonome et somnolence<\/a><\/div><div style=\"font-size:14px;line-height:1.6;color:#333;\">Analyser l&#039;impact du d\u00e9s\u00e9quilibre sympathique\/parasympathique sur l&#039;\u00e9veil et mettre en place un rythme \u00e0 double voie d&#039;activation diurne et de d\u00e9c\u00e9l\u00e9ration nocturne.<\/div><\/li><li style=\"margin:0 0 16px 0;list-style:decimal;\"><div style=\"margin-bottom:4px;\"><a href=\"https:\/\/arttao.org\/fr\/lecon-1398-declin-cognitif-et-somnolence\/\" style=\"color:#00695c;text-decoration:none;border-bottom:1px solid #F5DEB3;font-weight:600;\">D\u00e9clin cognitif et somnolence<\/a><\/div><div style=\"font-size:14px;line-height:1.6;color:#333;\">\u00c9valuer les cons\u00e9quences fonctionnelles de la diminution de l&#039;attention, des fonctions ex\u00e9cutives et de la vitesse de traitement, et concevoir des programmes de maintien cognitif durables.<\/div><\/li><li style=\"margin:0 0 16px 0;list-style:decimal;\"><div style=\"margin-bottom:4px;\"><a href=\"https:\/\/arttao.org\/fr\/lecon-1399-troubles-de-la-memoire-et-deficit-de-lattention\/\" style=\"color:#00695c;text-decoration:none;border-bottom:1px solid #F5DEB3;font-weight:600;\">Troubles de la m\u00e9moire et d\u00e9ficit de l&#039;attention<\/a><\/div><div style=\"font-size:14px;line-height:1.6;color:#333;\">Utilisez des outils de m\u00e9moire externe et la technique Pomodoro pour r\u00e9duire les taux d&#039;erreur et stabiliser les performances quotidiennes.<\/div><\/li><li style=\"margin:0 0 16px 0;list-style:decimal;\"><div style=\"margin-bottom:4px;\"><a href=\"https:\/\/arttao.org\/fr\/lecon-1400-risques-lies-a-la-narcolepsie-pour-la-securite-des-personnes\/\" style=\"color:#00695c;text-decoration:none;border-bottom:1px solid #F5DEB3;font-weight:600;\">Risques li\u00e9s \u00e0 la narcolepsie<\/a><\/div><div style=\"font-size:14px;line-height:1.6;color:#333;\">Identifiez les sc\u00e9narios \u00e0 haut risque tels que la conduite, l&#039;utilisation d&#039;\u00e9quipements et l&#039;escalade, et mettez en place des m\u00e9canismes d&#039;alarme, d&#039;escorte et alternatifs.<\/div><\/li><li style=\"margin:0 0 16px 0;list-style:decimal;\"><div style=\"margin-bottom:4px;\"><a href=\"https:\/\/arttao.org\/fr\/lecon-1520-mandala-a-theme-traditionnel-lecon-supplementaire\/\" style=\"color:#00695c;text-decoration:none;border-bottom:1px solid #F5DEB3;font-weight:600;\">Mandalas th\u00e9matiques traditionnels (cours compl\u00e9mentaire)<\/a><\/div><div style=\"font-size:14px;line-height:1.6;color:#333;\">\u201cLes \u201d mandalas \u00e0 th\u00e8me traditionnel \u00bb sont des peintures symboliques cr\u00e9\u00e9es autour d&#039;une exp\u00e9rience psychologique, d&#039;un \u00e9v\u00e9nement ou d&#039;une intention sp\u00e9cifique.<\/div><\/li><li style=\"margin:0 0 16px 0;list-style:decimal;\"><div style=\"margin-bottom:4px;\"><a href=\"https:\/\/arttao.org\/fr\/%e7%ac%ac%e4%b8%89%e5%8d%81%e8%af%be%ef%bc%9a%e7%aa%81%e5%8f%91%e4%ba%8b%e4%bb%b6%e5%bf%83%e7%90%86%e5%88%9b%e4%bc%a4%ef%bc%88%e7%ac%ac1081%ef%bd%9e1120%e8%af%be%ef%bc%89%e8%af%be%e7%a8%8b%e8%af%84\/\" style=\"color:#00695c;text-decoration:none;border-bottom:1px solid #F5DEB3;font-weight:600;\">Le\u00e7on 38\u00a0: Narcolepsie (Le\u00e7ons 1381-1400) \u00c9valuation du cours<\/a><\/div><div style=\"font-size:14px;line-height:1.6;color:#333;\">Veuillez compl\u00e9ter l&#039;\u00e9valuation du cours pour \u00e9valuer vos apprentissages et formuler des suggestions. Cela vous permettra d&#039;approfondir votre compr\u00e9hension et nous aidera \u00e0 am\u00e9liorer le cours.<\/div><\/li><\/ol><div style=\"margin-top:24px;font-size:13px;color:#666;line-height:1.5;background:#fff8dc;border:1px solid #F5DEB3;border-radius:8px;padding:12px 12px;\">Remarque\u00a0: Ce contenu est destin\u00e9 \u00e0 l\u2019auto-\u00e9valuation et \u00e0 la formation uniquement et ne remplace pas un diagnostic m\u00e9dical professionnel ni un traitement d\u2019urgence. Si vous conduisez ou exercez une activit\u00e9 professionnelle \u00e0 risque, veuillez d\u2019abord effectuer l\u2019auto-\u00e9valuation de votre niveau de conscience et suivre les conseils d\u2019un professionnel de sant\u00e9.<\/div><\/div>","protected":false},"excerpt":{"rendered":"","protected":false},"author":1,"featured_media":0,"parent":0,"menu_order":0,"comment_status":"closed","ping_status":"closed","template":"","meta":{"nf_dc_page":"","om_disable_all_campaigns":false,"_monsterinsights_skip_tracking":false,"_monsterinsights_sitenote_active":false,"_monsterinsights_sitenote_note":"","_monsterinsights_sitenote_category":0,"footnotes":""},"class_list":["post-12593","page","type-page","status-publish","hentry"],"_links":{"self":[{"href":"https:\/\/arttao.org\/fr\/wp-json\/wp\/v2\/pages\/12593","targetHints":{"allow":["GET"]}}],"collection":[{"href":"https:\/\/arttao.org\/fr\/wp-json\/wp\/v2\/pages"}],"about":[{"href":"https:\/\/arttao.org\/fr\/wp-json\/wp\/v2\/types\/page"}],"author":[{"embeddable":true,"href":"https:\/\/arttao.org\/fr\/wp-json\/wp\/v2\/users\/1"}],"replies":[{"embeddable":true,"href":"https:\/\/arttao.org\/fr\/wp-json\/wp\/v2\/comments?post=12593"}],"version-history":[{"count":1,"href":"https:\/\/arttao.org\/fr\/wp-json\/wp\/v2\/pages\/12593\/revisions"}],"predecessor-version":[{"id":12594,"href":"https:\/\/arttao.org\/fr\/wp-json\/wp\/v2\/pages\/12593\/revisions\/12594"}],"wp:attachment":[{"href":"https:\/\/arttao.org\/fr\/wp-json\/wp\/v2\/media?parent=12593"}],"curies":[{"name":"wp","href":"https:\/\/api.w.org\/{rel}","templated":true}]}}