{"id":12674,"date":"2025-11-12T06:02:18","date_gmt":"2025-11-12T06:02:18","guid":{"rendered":"https:\/\/arttao.org\/?page_id=12674"},"modified":"2025-11-12T06:02:18","modified_gmt":"2025-11-12T06:02:18","slug":"lecon-42-troubles-lies-a-la-consommation-dalcool-lecons-1521-1540","status":"publish","type":"page","link":"https:\/\/arttao.org\/fr\/%e7%ac%ac%e5%9b%9b%e5%8d%81%e4%ba%8c%e8%af%be%ef%bc%9a%e9%85%92%e7%b2%be%e4%bd%bf%e7%94%a8%e9%9a%9c%e7%a2%8d%ef%bc%88%e7%ac%ac1521%ef%bd%9e1540%e8%af%be%ef%bc%89\/","title":{"rendered":"Le\u00e7on 42\u00a0: Troubles li\u00e9s \u00e0 la consommation d\u2019alcool (Le\u00e7ons 1521-1540)"},"content":{"rendered":"<div class=\"healing-outline-wrap\" style=\"max-width:800px;margin:24px auto;font-family:-apple-system,BlinkMacSystemFont,'Segoe UI',Roboto,Helvetica,Arial,sans-serif;line-height:1.6;color:#111;font-size:15px;\"><h2 style=\"font-size:20px;color:#00695c;margin:0 0 16px;font-weight:600;border-left:4px solid #F5DEB3;padding-left:8px;\">Le\u00e7on 42\u00a0: Troubles li\u00e9s \u00e0 l\u2019usage d\u2019alcool \u2013 D\u00e9pendance \u00e0 l\u2019alcool (Le\u00e7ons 1521 \u00e0 1540) \u00b7 Catalogue des cours<\/h2><div style=\"margin:0 0 16px;\"><div style=\"font-size:15px;color:#00695c;font-weight:600;margin-bottom:4px;\">Caract\u00e9ristiques des sympt\u00f4mes :<\/div><div style=\"font-size:15px;line-height:1.7;color:#333;\">Le trouble li\u00e9 \u00e0 l&#039;usage d&#039;alcool (TUA) se caract\u00e9rise par une consommation persistante d&#039;alcool entra\u00eenant une perte de contr\u00f4le, une tol\u00e9rance accrue et un syndrome de sevrage, des envies intenses et une diminution des capacit\u00e9s fonctionnelles dans des domaines tels que les \u00e9tudes, le travail et les relations interpersonnelles. Il s&#039;accompagne souvent de comorbidit\u00e9s et de risques pour la s\u00e9curit\u00e9.<\/div><\/div><div style=\"margin:0 0 24px;\"><div style=\"font-size:15px;color:#00695c;font-weight:600;margin-bottom:4px;\">Objectifs du cours :<\/div><div style=\"font-size:15px;line-height:1.7;color:#333;\">Dans un souci de s\u00e9curit\u00e9, une approche globale est adopt\u00e9e pour r\u00e9duire les risques et r\u00e9tablir les fonctions et la qualit\u00e9 de vie, comprenant le d\u00e9pistage et l&#039;\u00e9valuation, le renforcement de la motivation, les strat\u00e9gies comportementales, l&#039;aide m\u00e9dicamenteuse, le soutien par les pairs, les limites familiales, la pr\u00e9vention des rechutes et le suivi \u00e0 long terme.<\/div><\/div><ol style=\"margin:0;padding-left:20px;font-size:15px;color:#111;\"><li style=\"margin:0 0 16px 0;list-style:decimal;\"><div style=\"margin-bottom:4px;\"><a href=\"https:\/\/arttao.org\/fr\/lecon-1521-apercu-des-troubles-lies-a-la-consommation-dalcool\/\" style=\"color:#00695c;text-decoration:none;border-bottom:1px solid #F5DEB3;font-weight:600;\">Aper\u00e7u des troubles li\u00e9s \u00e0 la consommation d&#039;alcool<\/a><\/div><div style=\"font-size:14px;line-height:1.6;color:#333;\">Comprendre le spectre des troubles li\u00e9s \u00e0 l&#039;usage d&#039;alcool\u00a0: de la consommation nocive \u00e0 la d\u00e9pendance\u00a0; en se concentrant sur la fonction et le risque plut\u00f4t que sur le jugement moral.<\/div><\/li><li style=\"margin:0 0 16px 0;list-style:decimal;\"><div style=\"margin-bottom:4px;\"><a href=\"https:\/\/arttao.org\/fr\/lecon-1522-symptomes-et-manifestations-de-la-dependance-a-lalcool\/\" style=\"color:#00695c;text-decoration:none;border-bottom:1px solid #F5DEB3;font-weight:600;\">Sympt\u00f4mes et manifestations de la d\u00e9pendance \u00e0 l&#039;alcool<\/a><\/div><div style=\"font-size:14px;line-height:1.6;color:#333;\">Points cl\u00e9s pour identifier la tol\u00e9rance, le sevrage, le besoin imp\u00e9rieux, la diminution du contr\u00f4le de soi et l&#039;alt\u00e9ration fonctionnelle.<\/div><\/li><li style=\"margin:0 0 16px 0;list-style:decimal;\"><div style=\"margin-bottom:4px;\"><a href=\"https:\/\/arttao.org\/fr\/lecon-1523-causes-des-troubles-lies-a-la-consommation-dalcool\/\" style=\"color:#00695c;text-decoration:none;border-bottom:1px solid #F5DEB3;font-weight:600;\">Causes des troubles li\u00e9s \u00e0 la consommation d&#039;alcool<\/a><\/div><div style=\"font-size:14px;line-height:1.6;color:#333;\">Un mod\u00e8le d&#039;interaction multifactorielle de la susceptibilit\u00e9 biologique, des m\u00e9canismes d&#039;adaptation psychologiques et de l&#039;environnement social.<\/div><\/li><li style=\"margin:0 0 16px 0;list-style:decimal;\"><div style=\"margin-bottom:4px;\"><a href=\"https:\/\/arttao.org\/fr\/lecon-1524-traitement-et-intervention-en-cas-de-trouble-lie-a-lusage-dalcool\/\" style=\"color:#00695c;text-decoration:none;border-bottom:1px solid #F5DEB3;font-weight:600;\">Traitement et intervention pour les troubles li\u00e9s \u00e0 la consommation d&#039;alcool<\/a><\/div><div style=\"font-size:14px;line-height:1.6;color:#333;\">Approche globale\u00a0: renforcement de la motivation, strat\u00e9gies comportementales, aide m\u00e9dicamenteuse et soutien par les pairs.<\/div><\/li><li style=\"margin:0 0 16px 0;list-style:decimal;\"><div style=\"margin-bottom:4px;\"><a href=\"https:\/\/arttao.org\/fr\/%e7%ac%ac1525%e8%af%be%ef%bc%9a%e8%af%8a%e6%96%ad%e8%af%84%e4%bc%b0%e4%b8%8e%e4%b8%a5%e9%87%8d%e5%ba%a6%e5%88%86%e7%ba%a7%ef%bc%88%e5%90%abaudit-c%ef%bc%89\/\" style=\"color:#00695c;text-decoration:none;border-bottom:1px solid #F5DEB3;font-weight:600;\">\u00c9valuation diagnostique et classification de la gravit\u00e9 (y compris l&#039;AUDIT-C)<\/a><\/div><div style=\"font-size:14px;line-height:1.6;color:#333;\">D\u00e9pistage standardis\u00e9, combinant des seuils de consommation d&#039;alcool \u00e0 risque avec des \u00e9valuations des dimensions fonctionnelles.<\/div><\/li><li style=\"margin:0 0 16px 0;list-style:decimal;\"><div style=\"margin-bottom:4px;\"><a href=\"https:\/\/arttao.org\/fr\/lecon-1526-syndrome-de-sevrage-alcoolique-et-prise-en-charge-medicale\/\" style=\"color:#00695c;text-decoration:none;border-bottom:1px solid #F5DEB3;font-weight:600;\">Syndrome de sevrage alcoolique et prise en charge m\u00e9dicale<\/a><\/div><div style=\"font-size:14px;line-height:1.6;color:#333;\">Identifier les signes \u00e0 haut risque tels que les tremblements, l&#039;anxi\u00e9t\u00e9 et les convulsions afin de d\u00e9terminer quand une hospitalisation ou une surveillance m\u00e9dicale est n\u00e9cessaire.<\/div><\/li><li style=\"margin:0 0 16px 0;list-style:decimal;\"><div style=\"margin-bottom:4px;\"><a href=\"https:\/\/arttao.org\/fr\/%e7%ac%ac1527%e8%af%be%ef%bc%9a%e6%b8%b4%e6%b1%82%ef%bc%88craving%ef%bc%89%e7%9a%84%e8%af%86%e5%88%ab%e4%b8%8e%e5%b9%b2%e9%a2%84\/\" style=\"color:#00695c;text-decoration:none;border-bottom:1px solid #F5DEB3;font-weight:600;\">Identification et intervention en cas de d\u00e9sir irr\u00e9sistible<\/a><\/div><div style=\"font-size:14px;line-height:1.6;color:#333;\">Cha\u00eene d\u00e9clencheur-envie-r\u00e9ponse\u00a0; r\u00e9duire les valeurs de pointe par le biais de comportements de d\u00e9lai, de transfert et de substitution.<\/div><\/li><li style=\"margin:0 0 16px 0;list-style:decimal;\"><div style=\"margin-bottom:4px;\"><a href=\"https:\/\/arttao.org\/fr\/lecon-1528-situations-a-haut-risque-et-plans-dintervention\/\" style=\"color:#00695c;text-decoration:none;border-bottom:1px solid #F5DEB3;font-weight:600;\">Sc\u00e9narios \u00e0 haut risque et plans d&#039;intervention<\/a><\/div><div style=\"font-size:14px;line-height:1.6;color:#333;\">Cr\u00e9ez des scripts \u201c si-alors \u201d pour les r\u00e9unions, les heures suppl\u00e9mentaires, le stress et les sautes d&#039;humeur.<\/div><\/li><li style=\"margin:0 0 16px 0;list-style:decimal;\"><div style=\"margin-bottom:4px;\"><a href=\"https:\/\/arttao.org\/fr\/%e7%ac%ac1529%e8%af%be%ef%bc%9a%e5%8a%a8%e6%9c%ba%e5%a2%9e%e5%bc%ba%e8%ae%bf%e8%b0%88%ef%bc%88mi%ef%bc%89%e7%9a%84%e5%ba%94%e7%94%a8\/\" style=\"color:#00695c;text-decoration:none;border-bottom:1px solid #F5DEB3;font-weight:600;\">Application de l&#039;entretien de motivation (EM)<\/a><\/div><div style=\"font-size:14px;line-height:1.6;color:#333;\">L&#039;empathie et l&#039;exploration des \u00e9carts favorisent le changement int\u00e9rieur, \u00e9vitant les disputes et l&#039;\u00e9tiquetage.<\/div><\/li><li style=\"margin:0 0 16px 0;list-style:decimal;\"><div style=\"margin-bottom:4px;\"><a href=\"https:\/\/arttao.org\/fr\/%e7%ac%ac1530%e8%af%be%ef%bc%9a%e8%ae%a4%e7%9f%a5%e8%a1%8c%e4%b8%ba%e7%ad%96%e7%95%a5%ef%bc%9a%e8%a7%a6%e5%8f%91-%e6%b8%b4%e6%b1%82-%e5%8f%8d%e5%ba%94\/\" style=\"color:#00695c;text-decoration:none;border-bottom:1px solid #F5DEB3;font-weight:600;\">Strat\u00e9gies cognitivo-comportementales : D\u00e9clencheur-Demande-R\u00e9ponse<\/a><\/div><div style=\"font-size:14px;line-height:1.6;color:#333;\">Consignez le cycle ferm\u00e9 des d\u00e9clencheurs, des id\u00e9es de refactorisation, des r\u00e9ponses alternatives et des plans de r\u00e9compense.<\/div><\/li><li style=\"margin:0 0 16px 0;list-style:decimal;\"><div style=\"margin-bottom:4px;\"><a href=\"https:\/\/arttao.org\/fr\/lecon-1531-apercu-de-la-pharmacotherapie-naltrexone-acampate-etc\/\" style=\"color:#00695c;text-decoration:none;border-bottom:1px solid #F5DEB3;font-weight:600;\">Aper\u00e7u des traitements m\u00e9dicamenteux (naltrexone, acampate, etc.)<\/a><\/div><div style=\"font-size:14px;line-height:1.6;color:#333;\">Indications, contre-indications et efficacit\u00e9 attendue\u00a0; synergie avec les interventions psychologiques.<\/div><\/li><li style=\"margin:0 0 16px 0;list-style:decimal;\"><div style=\"margin-bottom:4px;\"><a href=\"https:\/\/arttao.org\/fr\/%e7%ac%ac1532%e8%af%be%ef%bc%9a%e5%90%8c%e4%bc%b4%e6%94%af%e6%8c%81%e4%b8%8e%e5%9b%a2%e4%bd%93%ef%bc%88aa-smart-recovery%ef%bc%89\/\" style=\"color:#00695c;text-decoration:none;border-bottom:1px solid #F5DEB3;font-weight:600;\">Soutien par les pairs et groupes (AA \/ SMART Recovery)<\/a><\/div><div style=\"font-size:14px;line-height:1.6;color:#333;\">Obtenez un soutien durable, r\u00e9fl\u00e9chissez aux le\u00e7ons apprises et tissez des liens sociaux pour r\u00e9duire l&#039;isolement.<\/div><\/li><li style=\"margin:0 0 16px 0;list-style:decimal;\"><div style=\"margin-bottom:4px;\"><a href=\"https:\/\/arttao.org\/fr\/lecon-1533-intervention-familiale-communication-et-limites\/\" style=\"color:#00695c;text-decoration:none;border-bottom:1px solid #F5DEB3;font-weight:600;\">Intervention familiale, communication et limites<\/a><\/div><div style=\"font-size:14px;line-height:1.6;color:#333;\">Passer de la critique au soutien ; clarifier les limites concernant l&#039;alcool, l&#039;argent et la cohabitation.<\/div><\/li><li style=\"margin:0 0 16px 0;list-style:decimal;\"><div style=\"margin-bottom:4px;\"><a href=\"https:\/\/arttao.org\/fr\/lecon-1534-script-de-prevention-des-rechutes-et-de-gestion-des-regressions\/\" style=\"color:#00695c;text-decoration:none;border-bottom:1px solid #F5DEB3;font-weight:600;\">Sc\u00e9nario de pr\u00e9vention et de gestion des rechutes<\/a><\/div><div style=\"font-size:14px;line-height:1.6;color:#333;\">Consid\u00e9rez la rechute comme un processus : identifiez les premiers signes, demandez de l&#039;aide rapidement et reprenez vite le bon chemin.<\/div><\/li><li style=\"margin:0 0 16px 0;list-style:decimal;\"><div style=\"margin-bottom:4px;\"><a href=\"https:\/\/arttao.org\/fr\/%e7%ac%ac1535%e8%af%be%ef%bc%9a%e5%85%b1%e7%97%85%e5%a4%84%e7%90%86%ef%bc%9a%e6%8a%91%e9%83%81-%e7%84%a6%e8%99%91-%e5%8f%8c%e7%9b%b8%e4%b8%8e%e8%87%aa%e6%9d%80%e9%a3%8e%e9%99%a9\/\" style=\"color:#00695c;text-decoration:none;border-bottom:1px solid #F5DEB3;font-weight:600;\">Gestion des comorbidit\u00e9s : d\u00e9pression, anxi\u00e9t\u00e9, trouble bipolaire et risque suicidaire<\/a><\/div><div style=\"font-size:14px;line-height:1.6;color:#333;\">Les complications peuvent amplifier les risques li\u00e9s \u00e0 la consommation d&#039;alcool ; il est donc essentiel de mettre en place un filet de s\u00e9curit\u00e9 et des fili\u00e8res d&#039;orientation.<\/div><\/li><li style=\"margin:0 0 16px 0;list-style:decimal;\"><div style=\"margin-bottom:4px;\"><a href=\"https:\/\/arttao.org\/fr\/lecon-1536-conduite-en-etat-divresse-droit-et-securite-au-travail\/\" style=\"color:#00695c;text-decoration:none;border-bottom:1px solid #F5DEB3;font-weight:600;\">Conduite en \u00e9tat d&#039;ivresse, droit et s\u00e9curit\u00e9 au travail<\/a><\/div><div style=\"font-size:14px;line-height:1.6;color:#333;\">D\u00e9finir clairement les cons\u00e9quences juridiques et les risques professionnels, et mettre en \u0153uvre des mesures de tol\u00e9rance z\u00e9ro en mati\u00e8re de conduite en \u00e9tat d&#039;ivresse ainsi que des solutions de transport alternatives.<\/div><\/li><li style=\"margin:0 0 16px 0;list-style:decimal;\"><div style=\"margin-bottom:4px;\"><a href=\"https:\/\/arttao.org\/fr\/%e7%ac%ac1537%e8%af%be%ef%bc%9a%e7%89%b9%e6%ae%8a%e4%ba%ba%e7%be%a4%ef%bc%9a%e5%ad%95%e6%9c%9f-%e5%93%ba%e4%b9%b3%e4%b8%8e%e9%9d%92%e5%b0%91%e5%b9%b4\/\" style=\"color:#00695c;text-decoration:none;border-bottom:1px solid #F5DEB3;font-weight:600;\">Populations particuli\u00e8res : Femmes enceintes ou allaitantes et adolescentes<\/a><\/div><div style=\"font-size:14px;line-height:1.6;color:#333;\">Principe de tol\u00e9rance z\u00e9ro et collaboration avec les familles\/\u00e9coles ; protection du d\u00e9veloppement et de la s\u00e9curit\u00e9 maternelle et infantile.<\/div><\/li><li style=\"margin:0 0 16px 0;list-style:decimal;\"><div style=\"margin-bottom:4px;\"><a href=\"https:\/\/arttao.org\/fr\/lecon-1538-surveillance-des-maladies-hepatiques-et-des-complications-physiques\/\" style=\"color:#00695c;text-decoration:none;border-bottom:1px solid #F5DEB3;font-weight:600;\">Surveillance des maladies h\u00e9patiques et des complications physiques<\/a><\/div><div style=\"font-size:14px;line-height:1.6;color:#333;\">Surveiller la fonction h\u00e9patique, la sant\u00e9 cardiovasculaire et l&#039;\u00e9tat nutritionnel, et \u00e9tablir un programme de suivi.<\/div><\/li><li style=\"margin:0 0 16px 0;list-style:decimal;\"><div style=\"margin-bottom:4px;\"><a href=\"https:\/\/arttao.org\/fr\/lecon-1539-reconstruction-du-mode-de-vie-et-restauration-des-fonctions-sociales\/\" style=\"color:#00695c;text-decoration:none;border-bottom:1px solid #F5DEB3;font-weight:600;\">Reconstruction du mode de vie et restauration des fonctions sociales<\/a><\/div><div style=\"font-size:14px;line-height:1.6;color:#333;\">Reconstruire l&#039;exercice physique, le sommeil, l&#039;alimentation et les relations interpersonnelles ; combler les lacunes par une orientation vers les valeurs.<\/div><\/li><li style=\"margin:0 0 16px 0;list-style:decimal;\"><div style=\"margin-bottom:4px;\"><a href=\"https:\/\/arttao.org\/fr\/lecon-1540-suivi-a-long-terme-et-parcours-dautogestion\/\" style=\"color:#00695c;text-decoration:none;border-bottom:1px solid #F5DEB3;font-weight:600;\">Parcours de suivi \u00e0 long terme et d&#039;autogestion<\/a><\/div><div style=\"font-size:14px;line-height:1.6;color:#333;\">Objectifs de la phase + examen de l&#039;\u00e9chelle + syst\u00e8me de soutien pour consolider la vigilance et la qualit\u00e9 de vie.<\/div><\/li><li style=\"margin:0 0 16px 0;list-style:decimal;\"><div style=\"margin-bottom:4px;\"><a href=\"https:\/\/arttao.org\/fr\/mandala-de-la-liberte-traditionnelle-cours-complementaire\/\" style=\"color:#00695c;text-decoration:none;border-bottom:1px solid #F5DEB3;font-weight:600;\">Mandala de la libert\u00e9 traditionnelle (cours compl\u00e9mentaire)<\/a><\/div><div style=\"font-size:14px;line-height:1.6;color:#333;\">\u201cLe \u201d mandala libre traditionnel \u00bb est la forme de cr\u00e9ation la plus ouverte, sans structure, th\u00e8me ni symbolisme pr\u00e9suppos\u00e9s, mettant l&#039;accent sur les lignes et les couleurs qui jaillissent naturellement de l&#039;int\u00e9rieur.<\/div><\/li><li style=\"margin:0 0 16px 0;list-style:decimal;\"><div style=\"margin-bottom:4px;\"><a href=\"https:\/\/arttao.org\/fr\/lecon-45-dependance-a-internet-dependance-a-internet-ou-aux-jeux-2\/\" style=\"color:#00695c;text-decoration:none;border-bottom:1px solid #F5DEB3;font-weight:600;\">\u00c9valuation du cours \u2013 Le\u00e7on 42\u00a0: Troubles li\u00e9s \u00e0 la consommation d\u2019alcool (Le\u00e7ons 1521 \u00e0 1540)<\/a><\/div><div style=\"font-size:14px;line-height:1.6;color:#333;\">Veuillez compl\u00e9ter l&#039;\u00e9valuation du cours pour \u00e9valuer vos apprentissages et formuler des suggestions. Cela vous permettra d&#039;approfondir votre compr\u00e9hension et nous aidera \u00e0 am\u00e9liorer le cours.<\/div><\/li><\/ol><div style=\"margin-top:24px;font-size:13px;color:#666;line-height:1.5;background:#fff8dc;border:1px solid #F5DEB3;border-radius:8px;padding:12px 12px;\">Remarque\u00a0: Ce contenu est fourni \u00e0 titre informatif et p\u00e9dagogique uniquement et ne saurait se substituer \u00e0 un diagnostic m\u00e9dical professionnel ni \u00e0 un traitement d\u2019urgence. En cas de sympt\u00f4mes alarmants ou d\u2019alt\u00e9ration significative du fonctionnement, veuillez consulter un m\u00e9decin sans d\u00e9lai et suivre ses recommandations.<\/div><\/div>","protected":false},"excerpt":{"rendered":"","protected":false},"author":1,"featured_media":0,"parent":0,"menu_order":0,"comment_status":"closed","ping_status":"closed","template":"","meta":{"nf_dc_page":"","om_disable_all_campaigns":false,"_monsterinsights_skip_tracking":false,"_monsterinsights_sitenote_active":false,"_monsterinsights_sitenote_note":"","_monsterinsights_sitenote_category":0,"footnotes":""},"class_list":["post-12674","page","type-page","status-publish","hentry"],"_links":{"self":[{"href":"https:\/\/arttao.org\/fr\/wp-json\/wp\/v2\/pages\/12674","targetHints":{"allow":["GET"]}}],"collection":[{"href":"https:\/\/arttao.org\/fr\/wp-json\/wp\/v2\/pages"}],"about":[{"href":"https:\/\/arttao.org\/fr\/wp-json\/wp\/v2\/types\/page"}],"author":[{"embeddable":true,"href":"https:\/\/arttao.org\/fr\/wp-json\/wp\/v2\/users\/1"}],"replies":[{"embeddable":true,"href":"https:\/\/arttao.org\/fr\/wp-json\/wp\/v2\/comments?post=12674"}],"version-history":[{"count":1,"href":"https:\/\/arttao.org\/fr\/wp-json\/wp\/v2\/pages\/12674\/revisions"}],"predecessor-version":[{"id":12675,"href":"https:\/\/arttao.org\/fr\/wp-json\/wp\/v2\/pages\/12674\/revisions\/12675"}],"wp:attachment":[{"href":"https:\/\/arttao.org\/fr\/wp-json\/wp\/v2\/media?parent=12674"}],"curies":[{"name":"wp","href":"https:\/\/api.w.org\/{rel}","templated":true}]}}