{"id":12678,"date":"2025-11-12T06:26:50","date_gmt":"2025-11-12T06:26:50","guid":{"rendered":"https:\/\/arttao.org\/?page_id=12678"},"modified":"2025-11-12T06:26:50","modified_gmt":"2025-11-12T06:26:50","slug":"lecon-44-lobstacle-du-jeu-lecons-1561-1580","status":"publish","type":"page","link":"https:\/\/arttao.org\/fr\/%e7%ac%ac%e5%9b%9b%e5%8d%81%e5%9b%9b%e8%af%be%ef%bc%9a%e8%b5%8c%e5%8d%9a%e9%9a%9c%e7%a2%8d%ef%bc%88%e7%ac%ac1561%ef%bd%9e1580%e8%af%be%ef%bc%89\/","title":{"rendered":"Le\u00e7on 44\u00a0: L\u2019obstacle du jeu (Le\u00e7ons 1561-1580)"},"content":{"rendered":"<div class=\"healing-outline-wrap\" style=\"max-width:800px;margin:24px auto;font-family:-apple-system,BlinkMacSystemFont,'Segoe UI',Roboto,Helvetica,Arial,sans-serif;line-height:1.6;color:#111;font-size:15px;\"><h2 style=\"font-size:20px;color:#00695c;margin:0 0 16px;font-weight:600;border-left:4px solid #F5DEB3;padding-left:8px;\">Le\u00e7on 44\u00a0: Trouble du jeu pathologique \u2013 D\u00e9pendance comportementale (Le\u00e7ons 1561 \u00e0 1580) \u00b7 Catalogue des cours<\/h2><div style=\"margin:0 0 16px;\"><div style=\"font-size:15px;color:#00695c;font-weight:600;margin-bottom:4px;\">Caract\u00e9ristiques des sympt\u00f4mes :<\/div><div style=\"font-size:15px;line-height:1.7;color:#333;\">Le trouble du jeu se caract\u00e9rise par des envies irr\u00e9sistibles, des investissements incontr\u00f4l\u00e9s et une alt\u00e9ration persistante du fonctionnement \u00e9conomique, relationnel et professionnel. Il s&#039;accompagne souvent d&#039;anxi\u00e9t\u00e9, de d\u00e9pression et de troubles du contr\u00f4le des impulsions, et pr\u00e9sente un sch\u00e9ma de rechutes et de r\u00e9missions.<\/div><\/div><div style=\"margin:0 0 24px;\"><div style=\"font-size:15px;color:#00695c;font-weight:600;margin-bottom:4px;\">Objectifs du cours :<\/div><div style=\"font-size:15px;line-height:1.7;color:#333;\">Dans un souci de s\u00e9curit\u00e9, une approche globale est adopt\u00e9e pour r\u00e9duire les dommages et r\u00e9tablir les fonctions vitales.<\/div><\/div><ol style=\"margin:0;padding-left:20px;font-size:15px;color:#111;\"><li style=\"margin:0 0 16px 0;list-style:decimal;\"><div style=\"margin-bottom:4px;\"><a href=\"https:\/\/arttao.org\/fr\/lecon-1561-apercu-du-trouble-du-jeu\/\" style=\"color:#00695c;text-decoration:none;border-bottom:1px solid #F5DEB3;font-weight:600;\">Aper\u00e7u du trouble du jeu<\/a><\/div><div style=\"font-size:14px;line-height:1.6;color:#333;\">Un type de d\u00e9pendance comportementale caract\u00e9ris\u00e9 par un engagement incontr\u00f4l\u00e9, des envies persistantes et une alt\u00e9ration du fonctionnement.<\/div><\/li><li style=\"margin:0 0 16px 0;list-style:decimal;\"><div style=\"margin-bottom:4px;\"><a href=\"https:\/\/arttao.org\/fr\/lecon-1562-causes-du-trouble-du-jeu\/\" style=\"color:#00695c;text-decoration:none;border-bottom:1px solid #F5DEB3;font-weight:600;\">Causes du trouble du jeu<\/a><\/div><div style=\"font-size:14px;line-height:1.6;color:#333;\">Le syst\u00e8me de r\u00e9compense biologique, les biais cognitifs et le contexte social interagissent.<\/div><\/li><li style=\"margin:0 0 16px 0;list-style:decimal;\"><div style=\"margin-bottom:4px;\"><a href=\"https:\/\/arttao.org\/fr\/lecon-1563-traitement-et-prise-en-charge-du-trouble-du-jeu\/\" style=\"color:#00695c;text-decoration:none;border-bottom:1px solid #F5DEB3;font-weight:600;\">Traitement et gestion du trouble du jeu<\/a><\/div><div style=\"font-size:14px;line-height:1.6;color:#333;\">Une \u00e9valuation compl\u00e8te bas\u00e9e sur la fr\u00e9quence, le sentiment de contr\u00f4le, les cons\u00e9quences n\u00e9gatives et les comportements \u00e0 risque.<\/div><\/li><li style=\"margin:0 0 16px 0;list-style:decimal;\"><div style=\"margin-bottom:4px;\"><a href=\"https:\/\/arttao.org\/fr\/lecon-1564-les-mecanismes-psychologiques-et-les-cycles-de-renforcement-du-comportement-de-jeu\/\" style=\"color:#00695c;text-decoration:none;border-bottom:1px solid #F5DEB3;font-weight:600;\">M\u00e9canismes psychologiques et boucles de renforcement du comportement de jeu<\/a><\/div><div style=\"font-size:14px;line-height:1.6;color:#333;\">\u201cMaintenir une boucle ferm\u00e9e du cycle \u201d attentes gagnantes - illusion de proximit\u00e9 - r\u00e9cup\u00e9ration des pertes \u00bb.<\/div><\/li><li style=\"margin:0 0 16px 0;list-style:decimal;\"><div style=\"margin-bottom:4px;\"><a href=\"https:\/\/arttao.org\/fr\/lecon-1565-le-role-du-systeme-de-recompense-et-du-mecanisme-de-la-dopamine-dans-le-jeu\/\" style=\"color:#00695c;text-decoration:none;border-bottom:1px solid #F5DEB3;font-weight:600;\">Le r\u00f4le des syst\u00e8mes de r\u00e9compense et des m\u00e9canismes dopaminergiques dans le jeu<\/a><\/div><div style=\"font-size:14px;line-height:1.6;color:#333;\">Le renforcement intermittent am\u00e8ne le cerveau \u00e0 surestimer la r\u00e9compense, ce qui rend difficile l&#039;arr\u00eat du processus.<\/div><\/li><li style=\"margin:0 0 16px 0;list-style:decimal;\"><div style=\"margin-bottom:4px;\"><a href=\"https:\/\/arttao.org\/fr\/lecon-1566-desequilibre-entre-la-maitrise-des-impulsions-et-levaluation-des-risques\/\" style=\"color:#00695c;text-decoration:none;border-bottom:1px solid #F5DEB3;font-weight:600;\">D\u00e9s\u00e9quilibre entre le contr\u00f4le des impulsions et l&#039;\u00e9valuation des risques<\/a><\/div><div style=\"font-size:14px;line-height:1.6;color:#333;\">Il existe une coexistence d&#039;une pr\u00e9f\u00e9rence pour la r\u00e9compense imm\u00e9diate et d&#039;une sous-estimation des cons\u00e9quences \u00e0 long terme.<\/div><\/li><li style=\"margin:0 0 16px 0;list-style:decimal;\"><div style=\"margin-bottom:4px;\"><a href=\"https:\/\/arttao.org\/fr\/lecon-1567-les-dommages-economiques-et-interpersonnels-causes-par-le-jeu\/\" style=\"color:#00695c;text-decoration:none;border-bottom:1px solid #F5DEB3;font-weight:600;\">Les dommages \u00e9conomiques et interpersonnels caus\u00e9s par le jeu<\/a><\/div><div style=\"font-size:14px;line-height:1.6;color:#333;\">L\u2019endettement, la dissimulation et la rupture de confiance n\u00e9cessitent une intervention pr\u00e9coce.<\/div><\/li><li style=\"margin:0 0 16px 0;list-style:decimal;\"><div style=\"margin-bottom:4px;\"><a href=\"https:\/\/arttao.org\/fr\/lecon-1568-la-relation-de-comorbidite-entre-le-trouble-du-jeu-et-lanxiete-et-la-depression\/\" style=\"color:#00695c;text-decoration:none;border-bottom:1px solid #F5DEB3;font-weight:600;\">La relation de comorbidit\u00e9 entre le trouble du jeu et l&#039;anxi\u00e9t\u00e9 et la d\u00e9pression<\/a><\/div><div style=\"font-size:14px;line-height:1.6;color:#333;\">Les probl\u00e8mes \u00e9motionnels peuvent \u00eatre \u00e0 la fois un d\u00e9clencheur et une cons\u00e9quence, et n\u00e9cessitent une gestion coordonn\u00e9e.<\/div><\/li><li style=\"margin:0 0 16px 0;list-style:decimal;\"><div style=\"margin-bottom:4px;\"><a href=\"https:\/\/arttao.org\/fr\/lecon-1569-comportement-de-jeu-et-mecanismes-devitement-emotionnel\/\" style=\"color:#00695c;text-decoration:none;border-bottom:1px solid #F5DEB3;font-weight:600;\">Comportements de jeu et strat\u00e9gies d&#039;\u00e9vitement<\/a><\/div><div style=\"font-size:14px;line-height:1.6;color:#333;\">Recourir aux jeux de hasard pour anesth\u00e9sier la douleur ne fait qu&#039;aggraver le probl\u00e8me.<\/div><\/li><li style=\"margin:0 0 16px 0;list-style:decimal;\"><div style=\"margin-bottom:4px;\"><a href=\"https:\/\/arttao.org\/fr\/lecon-1570-linfluence-des-systemes-familiaux-et-des-facteurs-culturels-sur-le-jeu\/\" style=\"color:#00695c;text-decoration:none;border-bottom:1px solid #F5DEB3;font-weight:600;\">L&#039;influence des syst\u00e8mes familiaux et des facteurs culturels sur le jeu<\/a><\/div><div style=\"font-size:14px;line-height:1.6;color:#333;\">La communication familiale et les sch\u00e9mas culturels influencent la prise de risque et la volont\u00e9 de demander de l&#039;aide.<\/div><\/li><li style=\"margin:0 0 16px 0;list-style:decimal;\"><div style=\"margin-bottom:4px;\"><a href=\"https:\/\/arttao.org\/fr\/%e7%ac%ac1571%e8%af%be%ef%bc%9a%e8%b5%8c%e5%8d%9a%e9%9a%9c%e7%a2%8d%e7%9a%84%e6%b2%bb%e7%96%97%e6%a6%82%e8%bf%b0%ef%bc%88%e8%ae%a4%e7%9f%a5%e8%a1%8c%e4%b8%ba%e6%b2%bb%e7%96%97cbt%ef%bc%89\/\" style=\"color:#00695c;text-decoration:none;border-bottom:1px solid #F5DEB3;font-weight:600;\">Aper\u00e7u du traitement du trouble du jeu (th\u00e9rapie cognitivo-comportementale, TCC)<\/a><\/div><div style=\"font-size:14px;line-height:1.6;color:#333;\">Identifier les biais, reconstruire les croyances et coordonner avec les strat\u00e9gies comportementales.<\/div><\/li><li style=\"margin:0 0 16px 0;list-style:decimal;\"><div style=\"margin-bottom:4px;\"><a href=\"https:\/\/arttao.org\/fr\/lecon-1572-ameliorer-la-motivation-et-fixer-des-objectifs-progressifs\/\" style=\"color:#00695c;text-decoration:none;border-bottom:1px solid #F5DEB3;font-weight:600;\">Am\u00e9lioration de la motivation et d\u00e9finition progressive des objectifs<\/a><\/div><div style=\"font-size:14px;line-height:1.6;color:#333;\">Utilisez l&#039;exploration des \u00e9carts pour renforcer la motivation intrins\u00e8que et fixer des objectifs r\u00e9alisables.<\/div><\/li><li style=\"margin:0 0 16px 0;list-style:decimal;\"><div style=\"margin-bottom:4px;\"><a href=\"https:\/\/arttao.org\/fr\/lecon-1573-modification-du-comportement-enregistrement-des-declencheurs-et-exercices-dautocontrole\/\" style=\"color:#00695c;text-decoration:none;border-bottom:1px solid #F5DEB3;font-weight:600;\">Modification du comportement : enregistrement des d\u00e9clencheurs et exercices d&#039;autocontr\u00f4le<\/a><\/div><div style=\"font-size:14px;line-height:1.6;color:#333;\">Journaux de d\u00e9clenchement, techniques de temporisation et liste d&#039;activit\u00e9s alternatives.<\/div><\/li><li style=\"margin:0 0 16px 0;list-style:decimal;\"><div style=\"margin-bottom:4px;\"><a href=\"https:\/\/arttao.org\/fr\/lecon-1574-strategies-de-gestion-financiere-et-de-controle-des-risques\/\" style=\"color:#00695c;text-decoration:none;border-bottom:1px solid #F5DEB3;font-weight:600;\">Strat\u00e9gies de gestion financi\u00e8re et de contr\u00f4le des risques<\/a><\/div><div style=\"font-size:14px;line-height:1.6;color:#333;\">Plafonds budg\u00e9taires, s\u00e9questre par un tiers et restrictions sur les modes de paiement.<\/div><\/li><li style=\"margin:0 0 16px 0;list-style:decimal;\"><div style=\"margin-bottom:4px;\"><a href=\"https:\/\/arttao.org\/fr\/lecon-1575-reconstruire-la-communication-et-le-soutien-familial\/\" style=\"color:#00695c;text-decoration:none;border-bottom:1px solid #F5DEB3;font-weight:600;\">Reconstruction de la communication et du soutien familial<\/a><\/div><div style=\"font-size:14px;line-height:1.6;color:#333;\">L&#039;attention s&#039;est d\u00e9plac\u00e9e de la confrontation et des accusations vers le soutien aux fronti\u00e8res et aux strat\u00e9gies partag\u00e9es.<\/div><\/li><li style=\"margin:0 0 16px 0;list-style:decimal;\"><div style=\"margin-bottom:4px;\"><a href=\"https:\/\/arttao.org\/fr\/lecon-1576-le-soutien-social-et-la-mise-en-place-de-reseaux-de-soutien-par-les-pairs\/\" style=\"color:#00695c;text-decoration:none;border-bottom:1px solid #F5DEB3;font-weight:600;\">Mise en place de r\u00e9seaux de soutien social et de soutien par les pairs<\/a><\/div><div style=\"font-size:14px;line-height:1.6;color:#333;\">Les groupes d&#039;entraide, les lignes d&#039;assistance t\u00e9l\u00e9phonique et les services d&#039;orientation vers des professionnels offrent un soutien externe.<\/div><\/li><li style=\"margin:0 0 16px 0;list-style:decimal;\"><div style=\"margin-bottom:4px;\"><a href=\"https:\/\/arttao.org\/fr\/lecon-1577-exercices-quotidiens-et-auto-surveillance-pour-la-prevention-des-rechutes\/\" style=\"color:#00695c;text-decoration:none;border-bottom:1px solid #F5DEB3;font-weight:600;\">Des exercices quotidiens et une autosurveillance pour pr\u00e9venir les rechutes<\/a><\/div><div style=\"font-size:14px;line-height:1.6;color:#333;\">Planification des situations \u00e0 haut risque et suivi des \u00e9motions, des impulsions et des comportements.<\/div><\/li><li style=\"margin:0 0 16px 0;list-style:decimal;\"><div style=\"margin-bottom:4px;\"><a href=\"https:\/\/arttao.org\/fr\/lecon-1578-exercices-sur-la-regulation-des-emotions-et-la-gestion-du-stress\/\" style=\"color:#00695c;text-decoration:none;border-bottom:1px solid #F5DEB3;font-weight:600;\">Exercices de r\u00e9gulation \u00e9motionnelle et de gestion du stress<\/a><\/div><div style=\"font-size:14px;line-height:1.6;color:#333;\">La respiration, la relaxation, la pleine conscience et l&#039;exercice physique peuvent r\u00e9duire le stress et abaisser le seuil de r\u00e9action.<\/div><\/li><li style=\"margin:0 0 16px 0;list-style:decimal;\"><div style=\"margin-bottom:4px;\"><a href=\"https:\/\/arttao.org\/fr\/lecon-1579-signes-avant-coureurs-et-interventions-en-cas-de-rechute\/\" style=\"color:#00695c;text-decoration:none;border-bottom:1px solid #F5DEB3;font-weight:600;\">Signes avant-coureurs de rechute et r\u00e9ponse \u00e0 l&#039;intervention<\/a><\/div><div style=\"font-size:14px;line-height:1.6;color:#333;\">Identifiez les points d&#039;arr\u00eat pr\u00e9coces du cycle \u201c id\u00e9e-d\u00e9sir-action \u201d et interrompez-les rapidement.<\/div><\/li><li style=\"margin:0 0 16px 0;list-style:decimal;\"><div style=\"margin-bottom:4px;\"><a href=\"https:\/\/arttao.org\/fr\/lecon-1580-prevention-et-reconstruction-des-systemes-de-soutien-pour-le-trouble-du-jeu\/\" style=\"color:#00695c;text-decoration:none;border-bottom:1px solid #F5DEB3;font-weight:600;\">Syst\u00e8me de soutien \u00e0 la pr\u00e9vention et au r\u00e9tablissement des troubles du jeu<\/a><\/div><div style=\"font-size:14px;line-height:1.6;color:#333;\">Int\u00e9grer le soutien financier, familial, social et professionnel pour un r\u00e9tablissement stable et durable.<\/div><\/li><li style=\"margin:0 0 16px 0;list-style:decimal;\"><div style=\"margin-bottom:4px;\"><a href=\"https:\/\/arttao.org\/fr\/mandala-de-la-liberte-traditionnelle-cours-complementaire\/\" style=\"color:#00695c;text-decoration:none;border-bottom:1px solid #F5DEB3;font-weight:600;\">Mandala de la libert\u00e9 traditionnelle (cours compl\u00e9mentaire)<\/a><\/div><div style=\"font-size:14px;line-height:1.6;color:#333;\">\u201cLe \u201d mandala libre traditionnel \u00bb est la forme de cr\u00e9ation la plus ouverte, sans structure, th\u00e8me ni symbolisme pr\u00e9suppos\u00e9s, mettant l&#039;accent sur les lignes et les couleurs qui jaillissent naturellement de l&#039;int\u00e9rieur.<\/div><\/li><li style=\"margin:0 0 16px 0;list-style:decimal;\"><div style=\"margin-bottom:4px;\"><a href=\"https:\/\/arttao.org\/fr\/lecon-45-dependance-a-internet-dependance-a-internet-ou-aux-jeux-2\/\" style=\"color:#00695c;text-decoration:none;border-bottom:1px solid #F5DEB3;font-weight:600;\">Le\u00e7on 44\u00a0: Obstacles aux jeux de hasard (Le\u00e7ons 1561-1580) \u00c9valuation du cours<\/a><\/div><div style=\"font-size:14px;line-height:1.6;color:#333;\">Veuillez compl\u00e9ter l&#039;\u00e9valuation du cours pour \u00e9valuer vos apprentissages et formuler des suggestions. Cela vous permettra d&#039;approfondir votre compr\u00e9hension et nous aidera \u00e0 am\u00e9liorer le cours.<\/div><\/li><\/ol><div style=\"margin-top:24px;font-size:13px;color:#666;line-height:1.5;background:#fff8dc;border:1px solid #F5DEB3;border-radius:8px;padding:12px 12px;\">Remarque\u00a0: Ce contenu est destin\u00e9 \u00e0 l\u2019auto-\u00e9valuation et \u00e0 la formation uniquement et ne remplace pas un diagnostic m\u00e9dical professionnel ni un traitement d\u2019urgence. En cas de comportements \u00e0 risque, de difficult\u00e9s financi\u00e8res ou d\u2019alt\u00e9ration significative du fonctionnement, veuillez consulter un professionnel de la sant\u00e9 d\u00e8s que possible et suivre ses recommandations.<\/div><\/div>","protected":false},"excerpt":{"rendered":"","protected":false},"author":1,"featured_media":0,"parent":0,"menu_order":0,"comment_status":"closed","ping_status":"closed","template":"","meta":{"nf_dc_page":"","om_disable_all_campaigns":false,"_monsterinsights_skip_tracking":false,"_monsterinsights_sitenote_active":false,"_monsterinsights_sitenote_note":"","_monsterinsights_sitenote_category":0,"footnotes":""},"class_list":["post-12678","page","type-page","status-publish","hentry"],"_links":{"self":[{"href":"https:\/\/arttao.org\/fr\/wp-json\/wp\/v2\/pages\/12678","targetHints":{"allow":["GET"]}}],"collection":[{"href":"https:\/\/arttao.org\/fr\/wp-json\/wp\/v2\/pages"}],"about":[{"href":"https:\/\/arttao.org\/fr\/wp-json\/wp\/v2\/types\/page"}],"author":[{"embeddable":true,"href":"https:\/\/arttao.org\/fr\/wp-json\/wp\/v2\/users\/1"}],"replies":[{"embeddable":true,"href":"https:\/\/arttao.org\/fr\/wp-json\/wp\/v2\/comments?post=12678"}],"version-history":[{"count":1,"href":"https:\/\/arttao.org\/fr\/wp-json\/wp\/v2\/pages\/12678\/revisions"}],"predecessor-version":[{"id":12679,"href":"https:\/\/arttao.org\/fr\/wp-json\/wp\/v2\/pages\/12678\/revisions\/12679"}],"wp:attachment":[{"href":"https:\/\/arttao.org\/fr\/wp-json\/wp\/v2\/media?parent=12678"}],"curies":[{"name":"wp","href":"https:\/\/api.w.org\/{rel}","templated":true}]}}