{"id":1476,"date":"2025-04-08T15:38:47","date_gmt":"2025-04-08T15:38:47","guid":{"rendered":"https:\/\/arttao.org\/?page_id=1476"},"modified":"2025-12-22T05:16:40","modified_gmt":"2025-12-22T05:16:40","slug":"2-problemes-lies-a-la-depression-2","status":"publish","type":"page","link":"https:\/\/arttao.org\/fr\/%e4%ba%8c-%e6%8a%91%e9%83%81%e7%9b%b8%e5%85%b3%e9%97%ae%e9%a2%98-2\/","title":{"rendered":"B. Probl\u00e8mes li\u00e9s \u00e0 la d\u00e9pression"},"content":{"rendered":"<p class=\"\"><\/p>\n\n\n\n<p class=\"\"><\/p>\n\n\n\n<figure class=\"wp-block-image size-large is-resized\"><img loading=\"lazy\" decoding=\"async\" width=\"1024\" height=\"734\" src=\"https:\/\/arttao.org\/wp-content\/uploads\/2025\/04\/EaI\u00bcIo_601103595_AIA\u00a8oAi\u00b5AA\u00aeo\u00a2\u00b7CAEoO\u00b5EIOA-1-1024x734.jpg?wsr\" alt=\"\" class=\"wp-image-1477\" style=\"width:70px;height:auto\" srcset=\"https:\/\/arttao.org\/wp-content\/uploads\/2025\/04\/EaI\u00bcIo_601103595_AIA\u00a8oAi\u00b5AA\u00aeo\u00a2\u00b7CAEoO\u00b5EIOA-1-1024x734.jpg 1024w, https:\/\/arttao.org\/wp-content\/uploads\/2025\/04\/EaI\u00bcIo_601103595_AIA\u00a8oAi\u00b5AA\u00aeo\u00a2\u00b7CAEoO\u00b5EIOA-1-300x215.jpg 300w, https:\/\/arttao.org\/wp-content\/uploads\/2025\/04\/EaI\u00bcIo_601103595_AIA\u00a8oAi\u00b5AA\u00aeo\u00a2\u00b7CAEoO\u00b5EIOA-1-768x551.jpg 768w, https:\/\/arttao.org\/wp-content\/uploads\/2025\/04\/EaI\u00bcIo_601103595_AIA\u00a8oAi\u00b5AA\u00aeo\u00a2\u00b7CAEoO\u00b5EIOA-1-1536x1101.jpg 1536w, https:\/\/arttao.org\/wp-content\/uploads\/2025\/04\/EaI\u00bcIo_601103595_AIA\u00a8oAi\u00b5AA\u00aeo\u00a2\u00b7CAEoO\u00b5EIOA-1-2048x1469.jpg 2048w\" sizes=\"auto, (max-width: 1024px) 100vw, 1024px\" \/><\/figure>\n\n\n\n<p class=\"has-medium-font-size\"><a href=\"https:\/\/arttao.org\/fr\/episode-depressif-majeur-s-9\/\" data-type=\"page\" data-id=\"11059\">s-9:<strong>\u00c9pisode d\u00e9pressif majeur<\/strong><\/a><\/p>\n\n\n\n<p class=\"has-small-font-size\"><br>Approfondissez votre compr\u00e9hension des principaux sympt\u00f4mes de la d\u00e9pression majeure, notamment la d\u00e9prime persistante, la perte d&#039;int\u00e9r\u00eat et les troubles du fonctionnement. Ce cours vous aide \u00e0 identifier les signes avant-coureurs, \u00e0 apprendre des techniques d&#039;auto-revitalisation et de r\u00e9gulation du sommeil, et \u00e0 identifier les moments o\u00f9 il est n\u00e9cessaire de consulter un professionnel, posant ainsi les bases solides du r\u00e9tablissement.<\/p>\n\n\n\n<figure class=\"wp-block-image size-large is-resized\"><img loading=\"lazy\" decoding=\"async\" width=\"1024\" height=\"734\" src=\"https:\/\/arttao.org\/wp-content\/uploads\/2025\/04\/EaI\u00bcIo_601103595_AIA\u00a8oAi\u00b5AA\u00aeo\u00a2\u00b7CAEoO\u00b5EIOA-1-1024x734.jpg\" alt=\"\" class=\"wp-image-1477\" style=\"width:67px;height:auto\" srcset=\"https:\/\/arttao.org\/wp-content\/uploads\/2025\/04\/EaI\u00bcIo_601103595_AIA\u00a8oAi\u00b5AA\u00aeo\u00a2\u00b7CAEoO\u00b5EIOA-1-1024x734.jpg 1024w, https:\/\/arttao.org\/wp-content\/uploads\/2025\/04\/EaI\u00bcIo_601103595_AIA\u00a8oAi\u00b5AA\u00aeo\u00a2\u00b7CAEoO\u00b5EIOA-1-300x215.jpg 300w, https:\/\/arttao.org\/wp-content\/uploads\/2025\/04\/EaI\u00bcIo_601103595_AIA\u00a8oAi\u00b5AA\u00aeo\u00a2\u00b7CAEoO\u00b5EIOA-1-768x551.jpg 768w, https:\/\/arttao.org\/wp-content\/uploads\/2025\/04\/EaI\u00bcIo_601103595_AIA\u00a8oAi\u00b5AA\u00aeo\u00a2\u00b7CAEoO\u00b5EIOA-1-1536x1101.jpg 1536w, https:\/\/arttao.org\/wp-content\/uploads\/2025\/04\/EaI\u00bcIo_601103595_AIA\u00a8oAi\u00b5AA\u00aeo\u00a2\u00b7CAEoO\u00b5EIOA-1-2048x1469.jpg 2048w\" sizes=\"auto, (max-width: 1024px) 100vw, 1024px\" \/><\/figure>\n\n\n\n<p class=\"has-medium-font-size\"><a href=\"https:\/\/arttao.org\/fr\/2-trouble-depressif-persistant-v\/\" data-type=\"page\" data-id=\"1350\">s-10. <strong>trouble d\u00e9pressif persistant<\/strong><\/a><br><\/p>\n\n\n\n<p class=\"has-small-font-size\">Ce cours se concentre sur la d\u00e9pression chronique, de faible intensit\u00e9 mais persistante, et vous aide \u00e0 comprendre sa nature cach\u00e9e et son impact sur votre vie. Il propose \u00e9galement des m\u00e9thodes de restructuration cognitive et d&#039;ajustement du rythme quotidien, vous permettant d&#039;augmenter progressivement votre niveau d&#039;\u00e9nergie et d&#039;apprendre \u00e0 trouver le pouvoir de la gu\u00e9rison gr\u00e2ce \u00e0 la pers\u00e9v\u00e9rance.<\/p>\n\n\n\n<figure class=\"wp-block-image size-large is-resized\"><img loading=\"lazy\" decoding=\"async\" width=\"1024\" height=\"734\" src=\"https:\/\/arttao.org\/wp-content\/uploads\/2025\/04\/EaI\u00bcIo_601103595_AIA\u00a8oAi\u00b5AA\u00aeo\u00a2\u00b7CAEoO\u00b5EIOA-1-1024x734.jpg\" alt=\"\" class=\"wp-image-1477\" style=\"width:68px;height:auto\" srcset=\"https:\/\/arttao.org\/wp-content\/uploads\/2025\/04\/EaI\u00bcIo_601103595_AIA\u00a8oAi\u00b5AA\u00aeo\u00a2\u00b7CAEoO\u00b5EIOA-1-1024x734.jpg 1024w, https:\/\/arttao.org\/wp-content\/uploads\/2025\/04\/EaI\u00bcIo_601103595_AIA\u00a8oAi\u00b5AA\u00aeo\u00a2\u00b7CAEoO\u00b5EIOA-1-300x215.jpg 300w, https:\/\/arttao.org\/wp-content\/uploads\/2025\/04\/EaI\u00bcIo_601103595_AIA\u00a8oAi\u00b5AA\u00aeo\u00a2\u00b7CAEoO\u00b5EIOA-1-768x551.jpg 768w, https:\/\/arttao.org\/wp-content\/uploads\/2025\/04\/EaI\u00bcIo_601103595_AIA\u00a8oAi\u00b5AA\u00aeo\u00a2\u00b7CAEoO\u00b5EIOA-1-1536x1101.jpg 1536w, https:\/\/arttao.org\/wp-content\/uploads\/2025\/04\/EaI\u00bcIo_601103595_AIA\u00a8oAi\u00b5AA\u00aeo\u00a2\u00b7CAEoO\u00b5EIOA-1-2048x1469.jpg 2048w\" sizes=\"auto, (max-width: 1024px) 100vw, 1024px\" \/><\/figure>\n\n\n\n<p class=\"\"><a href=\"https:\/\/arttao.org\/fr\/s-11%e5%8f%8c%e7%9b%b8%e7%9b%b8%e5%85%b3%e6%8a%91%e9%83%81%e7%89%b9%e5%be%81\/\" data-type=\"page\" data-id=\"11065\">s-11:<strong>Caract\u00e9ristiques d\u00e9pressives li\u00e9es au trouble bipolaire<\/strong><\/a><\/p>\n\n\n\n<p class=\"has-small-font-size\">Ce cours vous aidera \u00e0 comprendre les diff\u00e9rences entre la d\u00e9pression bipolaire et la d\u00e9pression unipolaire, ainsi que les sch\u00e9mas des sautes d&#039;humeur. Il vous apprendra \u00e9galement \u00e0 surveiller vos rythmes \u00e9motionnels, \u00e0 \u00e9quilibrer votre quotidien et \u00e0 vous autor\u00e9guler, et vous fournira des outils de soutien pour un traitement et une stabilit\u00e9 \u00e0 long terme.<\/p>\n\n\n\n<figure class=\"wp-block-image size-large is-resized\"><img loading=\"lazy\" decoding=\"async\" width=\"1024\" height=\"734\" src=\"https:\/\/arttao.org\/wp-content\/uploads\/2025\/04\/EaI\u00bcIo_601103595_AIA\u00a8oAi\u00b5AA\u00aeo\u00a2\u00b7CAEoO\u00b5EIOA-1-1024x734.jpg\" alt=\"\" class=\"wp-image-1477\" style=\"width:64px;height:auto\" srcset=\"https:\/\/arttao.org\/wp-content\/uploads\/2025\/04\/EaI\u00bcIo_601103595_AIA\u00a8oAi\u00b5AA\u00aeo\u00a2\u00b7CAEoO\u00b5EIOA-1-1024x734.jpg 1024w, https:\/\/arttao.org\/wp-content\/uploads\/2025\/04\/EaI\u00bcIo_601103595_AIA\u00a8oAi\u00b5AA\u00aeo\u00a2\u00b7CAEoO\u00b5EIOA-1-300x215.jpg 300w, https:\/\/arttao.org\/wp-content\/uploads\/2025\/04\/EaI\u00bcIo_601103595_AIA\u00a8oAi\u00b5AA\u00aeo\u00a2\u00b7CAEoO\u00b5EIOA-1-768x551.jpg 768w, https:\/\/arttao.org\/wp-content\/uploads\/2025\/04\/EaI\u00bcIo_601103595_AIA\u00a8oAi\u00b5AA\u00aeo\u00a2\u00b7CAEoO\u00b5EIOA-1-1536x1101.jpg 1536w, https:\/\/arttao.org\/wp-content\/uploads\/2025\/04\/EaI\u00bcIo_601103595_AIA\u00a8oAi\u00b5AA\u00aeo\u00a2\u00b7CAEoO\u00b5EIOA-1-2048x1469.jpg 2048w\" sizes=\"auto, (max-width: 1024px) 100vw, 1024px\" \/><\/figure>\n\n\n\n<p class=\"has-medium-font-size\"><a href=\"https:\/\/arttao.org\/fr\/11%e5%ad%a3%e8%8a%82%e6%80%a7%e6%83%85%e6%84%9f%e9%9a%9c%e7%a2%8d-s\/\" data-type=\"page\" data-id=\"10932\">s-12:<strong>Trouble affectif saisonnier<\/strong><\/a><\/p>\n\n\n\n<p class=\"has-small-font-size\">Ce cours vous aide \u00e0 comprendre la d\u00e9prime, la baisse d&#039;\u00e9nergie et la perte d&#039;int\u00e9r\u00eat qui caract\u00e9risent le changement de saison. Il propose des strat\u00e9gies pour ajuster l&#039;intensit\u00e9 lumineuse, faire de l&#039;exercice et am\u00e9liorer votre routine quotidienne, vous aidant ainsi \u00e0 soulager vos sympt\u00f4mes et \u00e0 d\u00e9velopper votre r\u00e9silience gr\u00e2ce \u00e0 l&#039;entraide et aux ajustements environnementaux.<\/p>\n\n\n\n<figure class=\"wp-block-image size-large is-resized\"><img loading=\"lazy\" decoding=\"async\" width=\"1024\" height=\"734\" src=\"https:\/\/arttao.org\/wp-content\/uploads\/2025\/04\/EaI\u00bcIo_601103595_AIA\u00a8oAi\u00b5AA\u00aeo\u00a2\u00b7CAEoO\u00b5EIOA-1-1024x734.jpg\" alt=\"\" class=\"wp-image-1477\" style=\"width:64px;height:auto\" srcset=\"https:\/\/arttao.org\/wp-content\/uploads\/2025\/04\/EaI\u00bcIo_601103595_AIA\u00a8oAi\u00b5AA\u00aeo\u00a2\u00b7CAEoO\u00b5EIOA-1-1024x734.jpg 1024w, https:\/\/arttao.org\/wp-content\/uploads\/2025\/04\/EaI\u00bcIo_601103595_AIA\u00a8oAi\u00b5AA\u00aeo\u00a2\u00b7CAEoO\u00b5EIOA-1-300x215.jpg 300w, https:\/\/arttao.org\/wp-content\/uploads\/2025\/04\/EaI\u00bcIo_601103595_AIA\u00a8oAi\u00b5AA\u00aeo\u00a2\u00b7CAEoO\u00b5EIOA-1-768x551.jpg 768w, https:\/\/arttao.org\/wp-content\/uploads\/2025\/04\/EaI\u00bcIo_601103595_AIA\u00a8oAi\u00b5AA\u00aeo\u00a2\u00b7CAEoO\u00b5EIOA-1-1536x1101.jpg 1536w, https:\/\/arttao.org\/wp-content\/uploads\/2025\/04\/EaI\u00bcIo_601103595_AIA\u00a8oAi\u00b5AA\u00aeo\u00a2\u00b7CAEoO\u00b5EIOA-1-2048x1469.jpg 2048w\" sizes=\"auto, (max-width: 1024px) 100vw, 1024px\" \/><\/figure>\n\n\n\n<p class=\"has-medium-font-size\"><a href=\"https:\/\/arttao.org\/fr\/s-13%e6%83%85%e7%bb%aa%e5%a4%b1%e8%b0%83%e9%9a%9c%e7%a2%8d%e8%af%be%e7%a8%8b\/\" data-type=\"page\" data-id=\"16318\">s-13 : Trouble de dysr\u00e9gulation de l&#039;humeur<\/a><\/p>\n\n\n\n<p class=\"has-small-font-size\"><br>Concentrez-vous sur les sch\u00e9mas de difficult\u00e9 \u00e0 r\u00e9guler ses \u00e9motions et les crises fr\u00e9quentes, et comprenez leur impact sur les relations interpersonnelles et l&#039;image de soi. Ce cours vous enseignera des techniques de respiration, de pleine conscience et d&#039;expression \u00e9motionnelle, pour cultiver progressivement un sentiment de stabilit\u00e9 et r\u00e9tablir les liens et la confiance avec les autres.<\/p>\n\n\n\n<figure class=\"wp-block-image size-large is-resized\"><img loading=\"lazy\" decoding=\"async\" width=\"1024\" height=\"734\" src=\"https:\/\/arttao.org\/wp-content\/uploads\/2025\/04\/EaI\u00bcIo_601103595_AIA\u00a8oAi\u00b5AA\u00aeo\u00a2\u00b7CAEoO\u00b5EIOA-1-1024x734.jpg\" alt=\"\" class=\"wp-image-1477\" style=\"width:66px;height:auto\" srcset=\"https:\/\/arttao.org\/wp-content\/uploads\/2025\/04\/EaI\u00bcIo_601103595_AIA\u00a8oAi\u00b5AA\u00aeo\u00a2\u00b7CAEoO\u00b5EIOA-1-1024x734.jpg 1024w, https:\/\/arttao.org\/wp-content\/uploads\/2025\/04\/EaI\u00bcIo_601103595_AIA\u00a8oAi\u00b5AA\u00aeo\u00a2\u00b7CAEoO\u00b5EIOA-1-300x215.jpg 300w, https:\/\/arttao.org\/wp-content\/uploads\/2025\/04\/EaI\u00bcIo_601103595_AIA\u00a8oAi\u00b5AA\u00aeo\u00a2\u00b7CAEoO\u00b5EIOA-1-768x551.jpg 768w, https:\/\/arttao.org\/wp-content\/uploads\/2025\/04\/EaI\u00bcIo_601103595_AIA\u00a8oAi\u00b5AA\u00aeo\u00a2\u00b7CAEoO\u00b5EIOA-1-1536x1101.jpg 1536w, https:\/\/arttao.org\/wp-content\/uploads\/2025\/04\/EaI\u00bcIo_601103595_AIA\u00a8oAi\u00b5AA\u00aeo\u00a2\u00b7CAEoO\u00b5EIOA-1-2048x1469.jpg 2048w\" sizes=\"auto, (max-width: 1024px) 100vw, 1024px\" \/><\/figure>\n\n\n\n<p class=\"\"><a href=\"https:\/\/arttao.org\/fr\/s-14%e6%8a%91%e9%83%81%e7%97%87%e5%90%8c%e6%97%b6%e6%80%a7%e7%84%a6%e8%99%91\/\" data-type=\"page\" data-id=\"16323\">S-14\u00a0: Trouble anxieux synchrone associ\u00e9 \u00e0 la d\u00e9pression<\/a><\/p>\n\n\n\n<p class=\"has-small-font-size\">Ce cours vous aide \u00e0 identifier les \u00e9motions complexes qui naissent lorsque d\u00e9pression et anxi\u00e9t\u00e9 se rencontrent, comme l&#039;insomnie, l&#039;inqui\u00e9tude et la fatigue. Il propose une approche \u00e0 double sens, englobant des exercices de relaxation et de respiration, ainsi que des exercices de r\u00e9gulation cognitive et d&#039;adaptation du mode de vie, pour favoriser une am\u00e9lioration globale.<\/p>\n\n\n\n<figure class=\"wp-block-image size-large is-resized\"><img loading=\"lazy\" decoding=\"async\" width=\"1024\" height=\"734\" src=\"https:\/\/arttao.org\/wp-content\/uploads\/2025\/04\/EaI\u00bcIo_601103595_AIA\u00a8oAi\u00b5AA\u00aeo\u00a2\u00b7CAEoO\u00b5EIOA-1-1024x734.jpg\" alt=\"\" class=\"wp-image-1477\" style=\"width:71px;height:auto\" srcset=\"https:\/\/arttao.org\/wp-content\/uploads\/2025\/04\/EaI\u00bcIo_601103595_AIA\u00a8oAi\u00b5AA\u00aeo\u00a2\u00b7CAEoO\u00b5EIOA-1-1024x734.jpg 1024w, https:\/\/arttao.org\/wp-content\/uploads\/2025\/04\/EaI\u00bcIo_601103595_AIA\u00a8oAi\u00b5AA\u00aeo\u00a2\u00b7CAEoO\u00b5EIOA-1-300x215.jpg 300w, https:\/\/arttao.org\/wp-content\/uploads\/2025\/04\/EaI\u00bcIo_601103595_AIA\u00a8oAi\u00b5AA\u00aeo\u00a2\u00b7CAEoO\u00b5EIOA-1-768x551.jpg 768w, https:\/\/arttao.org\/wp-content\/uploads\/2025\/04\/EaI\u00bcIo_601103595_AIA\u00a8oAi\u00b5AA\u00aeo\u00a2\u00b7CAEoO\u00b5EIOA-1-1536x1101.jpg 1536w, https:\/\/arttao.org\/wp-content\/uploads\/2025\/04\/EaI\u00bcIo_601103595_AIA\u00a8oAi\u00b5AA\u00aeo\u00a2\u00b7CAEoO\u00b5EIOA-1-2048x1469.jpg 2048w\" sizes=\"auto, (max-width: 1024px) 100vw, 1024px\" \/><\/figure>\n\n\n\n<p class=\"\"><a href=\"https:\/\/arttao.org\/fr\/s-15%e6%83%85%e7%bb%aa%e5%8f%8d%e5%ba%94%e6%80%a7%e6%8a%91%e9%83%81\/\" data-type=\"page\" data-id=\"16325\">S-15\u00a0: D\u00e9pression r\u00e9actionnelle \u00e0 l\u2019humeur<\/a><\/p>\n\n\n\n<p class=\"has-small-font-size\">Ax\u00e9 sur les moments de d\u00e9prime et les sentiments de perte d\u00e9clench\u00e9s par des \u00e9v\u00e9nements ext\u00e9rieurs, ce cours vous aide \u00e0 comprendre vos sensibilit\u00e9s et vos m\u00e9canismes d&#039;adaptation. Il propose \u00e9galement des exercices de journalisation \u00e9motionnelle, de soins personnels et de r\u00e9flexion positive, pour d\u00e9velopper progressivement votre adaptabilit\u00e9 et votre r\u00e9silience au changement.<\/p>\n\n\n\n<figure class=\"wp-block-image size-large is-resized\"><img loading=\"lazy\" decoding=\"async\" width=\"1024\" height=\"734\" src=\"https:\/\/arttao.org\/wp-content\/uploads\/2025\/04\/EaI\u00bcIo_601103595_AIA\u00a8oAi\u00b5AA\u00aeo\u00a2\u00b7CAEoO\u00b5EIOA-1-1024x734.jpg\" alt=\"\" class=\"wp-image-1477\" style=\"width:72px;height:auto\" srcset=\"https:\/\/arttao.org\/wp-content\/uploads\/2025\/04\/EaI\u00bcIo_601103595_AIA\u00a8oAi\u00b5AA\u00aeo\u00a2\u00b7CAEoO\u00b5EIOA-1-1024x734.jpg 1024w, https:\/\/arttao.org\/wp-content\/uploads\/2025\/04\/EaI\u00bcIo_601103595_AIA\u00a8oAi\u00b5AA\u00aeo\u00a2\u00b7CAEoO\u00b5EIOA-1-300x215.jpg 300w, https:\/\/arttao.org\/wp-content\/uploads\/2025\/04\/EaI\u00bcIo_601103595_AIA\u00a8oAi\u00b5AA\u00aeo\u00a2\u00b7CAEoO\u00b5EIOA-1-768x551.jpg 768w, https:\/\/arttao.org\/wp-content\/uploads\/2025\/04\/EaI\u00bcIo_601103595_AIA\u00a8oAi\u00b5AA\u00aeo\u00a2\u00b7CAEoO\u00b5EIOA-1-1536x1101.jpg 1536w, https:\/\/arttao.org\/wp-content\/uploads\/2025\/04\/EaI\u00bcIo_601103595_AIA\u00a8oAi\u00b5AA\u00aeo\u00a2\u00b7CAEoO\u00b5EIOA-1-2048x1469.jpg 2048w\" sizes=\"auto, (max-width: 1024px) 100vw, 1024px\" \/><\/figure>\n\n\n\n<p class=\"\"><a href=\"https:\/\/arttao.org\/fr\/s-6%ef%bc%9a%e6%83%85%e7%bb%aa%e5%9b%a0%e5%ba%94%e9%9a%9c%e7%a2%8d\/\" data-type=\"page\" data-id=\"16329\">S-16 : Trouble de la gestion \u00e9motionnelle<\/a><\/p>\n\n\n\n<p class=\"has-small-font-size\">Ce cours explore les exp\u00e9riences d\u00e9pressives caus\u00e9es par les \u00e9v\u00e9nements de la vie et une gestion inad\u00e9quate du stress, vous aidant \u00e0 identifier les situations de vuln\u00e9rabilit\u00e9. Il vous guidera dans l&#039;apprentissage de strat\u00e9gies d&#039;adaptation, de m\u00e9thodes de r\u00e9solution de probl\u00e8mes et de soutien social pour reconstruire une \u00e9nergie positive face aux difficult\u00e9s.<\/p>\n\n\n\n<figure class=\"wp-block-image size-large is-resized\"><img loading=\"lazy\" decoding=\"async\" width=\"1024\" height=\"734\" src=\"https:\/\/arttao.org\/wp-content\/uploads\/2025\/04\/EaI\u00bcIo_601103595_AIA\u00a8oAi\u00b5AA\u00aeo\u00a2\u00b7CAEoO\u00b5EIOA-1-1024x734.jpg\" alt=\"\" class=\"wp-image-1477\" style=\"width:74px;height:auto\" srcset=\"https:\/\/arttao.org\/wp-content\/uploads\/2025\/04\/EaI\u00bcIo_601103595_AIA\u00a8oAi\u00b5AA\u00aeo\u00a2\u00b7CAEoO\u00b5EIOA-1-1024x734.jpg 1024w, https:\/\/arttao.org\/wp-content\/uploads\/2025\/04\/EaI\u00bcIo_601103595_AIA\u00a8oAi\u00b5AA\u00aeo\u00a2\u00b7CAEoO\u00b5EIOA-1-300x215.jpg 300w, https:\/\/arttao.org\/wp-content\/uploads\/2025\/04\/EaI\u00bcIo_601103595_AIA\u00a8oAi\u00b5AA\u00aeo\u00a2\u00b7CAEoO\u00b5EIOA-1-768x551.jpg 768w, https:\/\/arttao.org\/wp-content\/uploads\/2025\/04\/EaI\u00bcIo_601103595_AIA\u00a8oAi\u00b5AA\u00aeo\u00a2\u00b7CAEoO\u00b5EIOA-1-1536x1101.jpg 1536w, https:\/\/arttao.org\/wp-content\/uploads\/2025\/04\/EaI\u00bcIo_601103595_AIA\u00a8oAi\u00b5AA\u00aeo\u00a2\u00b7CAEoO\u00b5EIOA-1-2048x1469.jpg 2048w\" sizes=\"auto, (max-width: 1024px) 100vw, 1024px\" \/><\/figure>\n\n\n\n<p class=\"\"><a href=\"https:\/\/arttao.org\/fr\/s-17%e8%8d%af%e7%89%a9%e6%88%96%e7%89%a9%e8%b4%a8%e5%bc%95%e5%8f%91%e7%9a%84%e6%8a%91%e9%83%81%e7%97%87-2\/\" data-type=\"page\" data-id=\"16336\">S-17 : D\u00e9pression induite par des m\u00e9dicaments ou des substances<\/a><\/p>\n\n\n\n<p class=\"has-small-font-size\">Ce cours vous aide \u00e0 comprendre l&#039;impact \u00e9motionnel des drogues, de l&#039;alcool ou d&#039;autres substances, et \u00e0 identifier les sympt\u00f4mes et les relations de cause \u00e0 effet. Il encourage un mode de vie sain, propose des techniques de relaxation alternatives et sugg\u00e8re de consulter un soutien m\u00e9dical et psychologique si n\u00e9cessaire.<\/p>\n\n\n\n<figure class=\"wp-block-image size-large is-resized\"><img loading=\"lazy\" decoding=\"async\" width=\"1024\" height=\"734\" src=\"https:\/\/arttao.org\/wp-content\/uploads\/2025\/04\/EaI\u00bcIo_601103595_AIA\u00a8oAi\u00b5AA\u00aeo\u00a2\u00b7CAEoO\u00b5EIOA-1-1024x734.jpg\" alt=\"\" class=\"wp-image-1477\" style=\"width:75px;height:auto\" srcset=\"https:\/\/arttao.org\/wp-content\/uploads\/2025\/04\/EaI\u00bcIo_601103595_AIA\u00a8oAi\u00b5AA\u00aeo\u00a2\u00b7CAEoO\u00b5EIOA-1-1024x734.jpg 1024w, https:\/\/arttao.org\/wp-content\/uploads\/2025\/04\/EaI\u00bcIo_601103595_AIA\u00a8oAi\u00b5AA\u00aeo\u00a2\u00b7CAEoO\u00b5EIOA-1-300x215.jpg 300w, https:\/\/arttao.org\/wp-content\/uploads\/2025\/04\/EaI\u00bcIo_601103595_AIA\u00a8oAi\u00b5AA\u00aeo\u00a2\u00b7CAEoO\u00b5EIOA-1-768x551.jpg 768w, https:\/\/arttao.org\/wp-content\/uploads\/2025\/04\/EaI\u00bcIo_601103595_AIA\u00a8oAi\u00b5AA\u00aeo\u00a2\u00b7CAEoO\u00b5EIOA-1-1536x1101.jpg 1536w, https:\/\/arttao.org\/wp-content\/uploads\/2025\/04\/EaI\u00bcIo_601103595_AIA\u00a8oAi\u00b5AA\u00aeo\u00a2\u00b7CAEoO\u00b5EIOA-1-2048x1469.jpg 2048w\" sizes=\"auto, (max-width: 1024px) 100vw, 1024px\" \/><\/figure>\n\n\n\n<p class=\"\"><a href=\"https:\/\/arttao.org\/fr\/s-18%e8%80%81%e5%b9%b4%e6%9c%9f%e6%8a%91%e9%83%81-%e8%ae%a4%e7%9f%a5%e8%a1%b0%e9%80%80%e5%9e%8b%e6%8a%91%e9%83%81\/\" data-type=\"page\" data-id=\"16338\">S-18\u00a0: D\u00e9pression tardive \/ D\u00e9pression li\u00e9e au d\u00e9clin cognitif<\/a><\/p>\n\n\n\n<p class=\"has-small-font-size\">Ax\u00e9 sur la d\u00e9pression et le d\u00e9clin cognitif chez les personnes \u00e2g\u00e9es, ce cours permet de comprendre l&#039;interaction entre solitude, perte et maladie physique. Il propose un soutien \u00e9motionnel, une planification des activit\u00e9s quotidiennes et des suggestions de soutien familial pour am\u00e9liorer la qualit\u00e9 de vie et guider une aide professionnelle opportune.<\/p>","protected":false},"excerpt":{"rendered":"<p>s-9:\u91cd\u5ea6\u6291\u90c1\u53d1\u4f5c \u6df1\u5165\u7406\u89e3\u91cd\u6027\u6291\u90c1\u7684\u6838\u5fc3\u75c7\u72b6\uff0c\u5305\u62ec\u6301\u7eed\u4f4e\u843d\u3001\u5174\u8da3\u4e27\u5931\u4e0e\u529f\u80fd\u53d7\u635f\u3002\u8bfe\u7a0b\u5e2e\u52a9\u4f60\u8bc6\u522b\u5371\u9669\u4fe1\u53f7\uff0c\u5b66 [&hellip;]<\/p>\n","protected":false},"author":1,"featured_media":0,"parent":0,"menu_order":0,"comment_status":"closed","ping_status":"closed","template":"","meta":{"nf_dc_page":"","om_disable_all_campaigns":false,"_monsterinsights_skip_tracking":false,"_monsterinsights_sitenote_active":false,"_monsterinsights_sitenote_note":"","_monsterinsights_sitenote_category":0,"footnotes":""},"class_list":["post-1476","page","type-page","status-publish","hentry"],"_links":{"self":[{"href":"https:\/\/arttao.org\/fr\/wp-json\/wp\/v2\/pages\/1476","targetHints":{"allow":["GET"]}}],"collection":[{"href":"https:\/\/arttao.org\/fr\/wp-json\/wp\/v2\/pages"}],"about":[{"href":"https:\/\/arttao.org\/fr\/wp-json\/wp\/v2\/types\/page"}],"author":[{"embeddable":true,"href":"https:\/\/arttao.org\/fr\/wp-json\/wp\/v2\/users\/1"}],"replies":[{"embeddable":true,"href":"https:\/\/arttao.org\/fr\/wp-json\/wp\/v2\/comments?post=1476"}],"version-history":[{"count":16,"href":"https:\/\/arttao.org\/fr\/wp-json\/wp\/v2\/pages\/1476\/revisions"}],"predecessor-version":[{"id":16340,"href":"https:\/\/arttao.org\/fr\/wp-json\/wp\/v2\/pages\/1476\/revisions\/16340"}],"wp:attachment":[{"href":"https:\/\/arttao.org\/fr\/wp-json\/wp\/v2\/media?parent=1476"}],"curies":[{"name":"wp","href":"https:\/\/api.w.org\/{rel}","templated":true}]}}