{"id":1480,"date":"2025-04-08T15:57:44","date_gmt":"2025-04-08T15:57:44","guid":{"rendered":"https:\/\/arttao.org\/?page_id=1480"},"modified":"2025-09-29T01:19:30","modified_gmt":"2025-09-29T01:19:30","slug":"3-problemes-de-compulsion-et-dimpulsivite","status":"publish","type":"page","link":"https:\/\/arttao.org\/fr\/%e4%b8%89-%e5%bc%ba%e8%bf%ab%e4%b8%8e%e5%86%b2%e5%8a%a8%e9%97%ae%e9%a2%98\/","title":{"rendered":"C. Probl\u00e8mes obsessionnels compulsifs et compulsifs"},"content":{"rendered":"<p class=\"\"><\/p>\n\n\n\n<figure class=\"wp-block-image size-large is-resized\"><img loading=\"lazy\" decoding=\"async\" width=\"1024\" height=\"723\" src=\"https:\/\/arttao.org\/wp-content\/uploads\/2025\/04\/EaI\u00bcIo_601104963_N\u00a4Ao\u00a8oOD\u00b5A\u00a8IE\u00d7O\u00b7CAEoO\u00b5EIOA22-1024x723.jpg?wsr\" alt=\"\" class=\"wp-image-1482\" style=\"width:65px;height:auto\" srcset=\"https:\/\/arttao.org\/wp-content\/uploads\/2025\/04\/EaI\u00bcIo_601104963_N\u00a4Ao\u00a8oOD\u00b5A\u00a8IE\u00d7O\u00b7CAEoO\u00b5EIOA22-1024x723.jpg 1024w, https:\/\/arttao.org\/wp-content\/uploads\/2025\/04\/EaI\u00bcIo_601104963_N\u00a4Ao\u00a8oOD\u00b5A\u00a8IE\u00d7O\u00b7CAEoO\u00b5EIOA22-300x212.jpg 300w, https:\/\/arttao.org\/wp-content\/uploads\/2025\/04\/EaI\u00bcIo_601104963_N\u00a4Ao\u00a8oOD\u00b5A\u00a8IE\u00d7O\u00b7CAEoO\u00b5EIOA22-768x542.jpg 768w, https:\/\/arttao.org\/wp-content\/uploads\/2025\/04\/EaI\u00bcIo_601104963_N\u00a4Ao\u00a8oOD\u00b5A\u00a8IE\u00d7O\u00b7CAEoO\u00b5EIOA22-1536x1084.jpg 1536w, https:\/\/arttao.org\/wp-content\/uploads\/2025\/04\/EaI\u00bcIo_601104963_N\u00a4Ao\u00a8oOD\u00b5A\u00a8IE\u00d7O\u00b7CAEoO\u00b5EIOA22-2048x1445.jpg 2048w\" sizes=\"auto, (max-width: 1024px) 100vw, 1024px\" \/><\/figure>\n\n\n\n<p class=\"has-medium-font-size\"><a href=\"https:\/\/arttao.org\/fr\/18-tendances-obsessionnelles-compulsives-et-impulsives\/\" data-type=\"page\" data-id=\"10949\">s-19:<strong>Tendances compulsives et impulsives<\/strong><\/a> <\/p>\n\n\n\n<p class=\"has-small-font-size\"><br>Ce programme se concentre sur la d\u00e9tresse caus\u00e9e par les pens\u00e9es obsessionnelles et les comportements r\u00e9p\u00e9titifs, ainsi que sur les sch\u00e9mas compulsifs difficiles \u00e0 contr\u00f4ler. Vous apprendrez \u00e0 identifier les sympt\u00f4mes et les d\u00e9clencheurs, et \u00e0 comprendre les m\u00e9canismes anxieux sous-jacents. Gr\u00e2ce \u00e0 l&#039;exposition et \u00e0 la pr\u00e9vention des r\u00e9actions, \u00e0 la r\u00e9gulation des \u00e9motions et aux exercices cognitifs, vous affaiblirez progressivement les contraintes des compulsions et des impulsions, am\u00e9liorant ainsi votre flexibilit\u00e9 et votre sentiment de contr\u00f4le.<\/p>\n\n\n\n<figure class=\"wp-block-image size-large is-resized\"><img loading=\"lazy\" decoding=\"async\" width=\"1024\" height=\"723\" src=\"https:\/\/arttao.org\/wp-content\/uploads\/2025\/04\/EaI\u00bcIo_601104963_N\u00a4Ao\u00a8oOD\u00b5A\u00a8IE\u00d7O\u00b7CAEoO\u00b5EIOA22-1024x723.jpg\" alt=\"\" class=\"wp-image-1482\" style=\"width:62px;height:auto\" srcset=\"https:\/\/arttao.org\/wp-content\/uploads\/2025\/04\/EaI\u00bcIo_601104963_N\u00a4Ao\u00a8oOD\u00b5A\u00a8IE\u00d7O\u00b7CAEoO\u00b5EIOA22-1024x723.jpg 1024w, https:\/\/arttao.org\/wp-content\/uploads\/2025\/04\/EaI\u00bcIo_601104963_N\u00a4Ao\u00a8oOD\u00b5A\u00a8IE\u00d7O\u00b7CAEoO\u00b5EIOA22-300x212.jpg 300w, https:\/\/arttao.org\/wp-content\/uploads\/2025\/04\/EaI\u00bcIo_601104963_N\u00a4Ao\u00a8oOD\u00b5A\u00a8IE\u00d7O\u00b7CAEoO\u00b5EIOA22-768x542.jpg 768w, https:\/\/arttao.org\/wp-content\/uploads\/2025\/04\/EaI\u00bcIo_601104963_N\u00a4Ao\u00a8oOD\u00b5A\u00a8IE\u00d7O\u00b7CAEoO\u00b5EIOA22-1536x1084.jpg 1536w, https:\/\/arttao.org\/wp-content\/uploads\/2025\/04\/EaI\u00bcIo_601104963_N\u00a4Ao\u00a8oOD\u00b5A\u00a8IE\u00d7O\u00b7CAEoO\u00b5EIOA22-2048x1445.jpg 2048w\" sizes=\"auto, (max-width: 1024px) 100vw, 1024px\" \/><\/figure>\n\n\n\n<p class=\"has-medium-font-size\"><a href=\"https:\/\/arttao.org\/fr\/19-problemes-de-dysmorphie-corporelle-problemes-dapparence\/\" data-type=\"page\" data-id=\"10929\"><strong>s-20 : Pr\u00e9occupation relative \u00e0 la d\u00e9formation corporelle<\/strong><\/a><\/p>\n\n\n\n<p class=\"has-small-font-size\"><br>Cette \u00e9valuation vous aide \u00e0 comprendre les racines psychologiques de l&#039;attention excessive et de l&#039;insatisfaction face \u00e0 votre apparence, ainsi qu&#039;\u00e0 reconna\u00eetre son lien avec l&#039;anxi\u00e9t\u00e9 et l&#039;estime de soi. Gr\u00e2ce \u00e0 la restructuration cognitive et aux exercices de pleine conscience, vous apprendrez \u00e0 r\u00e9duire progressivement le regard dans le miroir et les comparaisons n\u00e9gatives, \u00e0 cultiver l&#039;acceptation et l&#039;autocompassion, \u00e0 att\u00e9nuer la honte et l&#039;isolement, et \u00e0 reconstruire progressivement votre estime de soi et votre confiance en la vie.<\/p>\n\n\n\n<figure class=\"wp-block-image size-large is-resized\"><img loading=\"lazy\" decoding=\"async\" width=\"1024\" height=\"723\" src=\"https:\/\/arttao.org\/wp-content\/uploads\/2025\/04\/EaI\u00bcIo_601104963_N\u00a4Ao\u00a8oOD\u00b5A\u00a8IE\u00d7O\u00b7CAEoO\u00b5EIOA22-1024x723.jpg\" alt=\"\" class=\"wp-image-1482\" style=\"width:64px;height:auto\" srcset=\"https:\/\/arttao.org\/wp-content\/uploads\/2025\/04\/EaI\u00bcIo_601104963_N\u00a4Ao\u00a8oOD\u00b5A\u00a8IE\u00d7O\u00b7CAEoO\u00b5EIOA22-1024x723.jpg 1024w, https:\/\/arttao.org\/wp-content\/uploads\/2025\/04\/EaI\u00bcIo_601104963_N\u00a4Ao\u00a8oOD\u00b5A\u00a8IE\u00d7O\u00b7CAEoO\u00b5EIOA22-300x212.jpg 300w, https:\/\/arttao.org\/wp-content\/uploads\/2025\/04\/EaI\u00bcIo_601104963_N\u00a4Ao\u00a8oOD\u00b5A\u00a8IE\u00d7O\u00b7CAEoO\u00b5EIOA22-768x542.jpg 768w, https:\/\/arttao.org\/wp-content\/uploads\/2025\/04\/EaI\u00bcIo_601104963_N\u00a4Ao\u00a8oOD\u00b5A\u00a8IE\u00d7O\u00b7CAEoO\u00b5EIOA22-1536x1084.jpg 1536w, https:\/\/arttao.org\/wp-content\/uploads\/2025\/04\/EaI\u00bcIo_601104963_N\u00a4Ao\u00a8oOD\u00b5A\u00a8IE\u00d7O\u00b7CAEoO\u00b5EIOA22-2048x1445.jpg 2048w\" sizes=\"auto, (max-width: 1024px) 100vw, 1024px\" \/><\/figure>\n\n\n\n<p class=\"has-medium-font-size\"><a href=\"https:\/\/arttao.org\/fr\/20%e5%9b%a4%e7%a7%af%e9%9a%9c%e7%a2%8d-s\/\" data-type=\"page\" data-id=\"10951\">s-21:<strong>Trouble de la th\u00e9saurisation<\/strong><\/a><\/p>\n\n\n\n<p class=\"has-small-font-size\"><br>Le trouble de l&#039;accumulation compulsive ne se limite pas \u00e0 l&#039;accumulation d&#039;objets\u00a0; il refl\u00e8te \u00e9galement un attachement \u00e9motionnel et une difficult\u00e9 \u00e0 l\u00e2cher prise. Ce cours vous aidera \u00e0 comprendre les m\u00e9canismes psychologiques de l&#039;accumulation compulsive et vous enseignera des techniques d&#039;organisation et de l\u00e2cher prise progressives. Gr\u00e2ce au r\u00e9confort \u00e9motionnel et \u00e0 la motivation personnelle, vous pourrez progressivement r\u00e9duire le stress caus\u00e9 par le d\u00e9sordre, remettre de l&#039;ordre dans votre espace et renforcer votre sentiment de contr\u00f4le et d&#039;aisance dans votre vie.<\/p>\n\n\n\n<figure class=\"wp-block-image size-large is-resized\"><img loading=\"lazy\" decoding=\"async\" width=\"1024\" height=\"723\" src=\"https:\/\/arttao.org\/wp-content\/uploads\/2025\/04\/EaI\u00bcIo_601104963_N\u00a4Ao\u00a8oOD\u00b5A\u00a8IE\u00d7O\u00b7CAEoO\u00b5EIOA22-1024x723.jpg\" alt=\"\" class=\"wp-image-1482\" style=\"width:62px;height:auto\" srcset=\"https:\/\/arttao.org\/wp-content\/uploads\/2025\/04\/EaI\u00bcIo_601104963_N\u00a4Ao\u00a8oOD\u00b5A\u00a8IE\u00d7O\u00b7CAEoO\u00b5EIOA22-1024x723.jpg 1024w, https:\/\/arttao.org\/wp-content\/uploads\/2025\/04\/EaI\u00bcIo_601104963_N\u00a4Ao\u00a8oOD\u00b5A\u00a8IE\u00d7O\u00b7CAEoO\u00b5EIOA22-300x212.jpg 300w, https:\/\/arttao.org\/wp-content\/uploads\/2025\/04\/EaI\u00bcIo_601104963_N\u00a4Ao\u00a8oOD\u00b5A\u00a8IE\u00d7O\u00b7CAEoO\u00b5EIOA22-768x542.jpg 768w, https:\/\/arttao.org\/wp-content\/uploads\/2025\/04\/EaI\u00bcIo_601104963_N\u00a4Ao\u00a8oOD\u00b5A\u00a8IE\u00d7O\u00b7CAEoO\u00b5EIOA22-1536x1084.jpg 1536w, https:\/\/arttao.org\/wp-content\/uploads\/2025\/04\/EaI\u00bcIo_601104963_N\u00a4Ao\u00a8oOD\u00b5A\u00a8IE\u00d7O\u00b7CAEoO\u00b5EIOA22-2048x1445.jpg 2048w\" sizes=\"auto, (max-width: 1024px) 100vw, 1024px\" \/><\/figure>\n\n\n\n<p class=\"has-medium-font-size\"> <a href=\"https:\/\/arttao.org\/fr\/21-trichotillomanie\/\" data-type=\"page\" data-id=\"10953\">s-22:<strong>Trichotillomanie<\/strong><\/a><\/p>\n\n\n\n<p class=\"has-small-font-size\"><br>La trichotillomanie survient souvent en p\u00e9riode de stress ou d&#039;ennui, entra\u00eenant honte et d\u00e9tresse. Ce cours vous aide \u00e0 comprendre les m\u00e9canismes de r\u00e9gulation du stress \u00e0 l&#039;origine de ce comportement, en proposant des techniques de relaxation alternatives et des formations \u00e0 l&#039;inversion des habitudes. Vous d\u00e9velopperez progressivement de nouvelles fa\u00e7ons de g\u00e9rer cette envie, en r\u00e9duisant les traumatismes et la culpabilit\u00e9, et en cultivant la patience et l&#039;acceptation de soi.<\/p>\n\n\n\n<figure class=\"wp-block-image size-large is-resized\"><img loading=\"lazy\" decoding=\"async\" width=\"1024\" height=\"723\" src=\"https:\/\/arttao.org\/wp-content\/uploads\/2025\/04\/EaI\u00bcIo_601104963_N\u00a4Ao\u00a8oOD\u00b5A\u00a8IE\u00d7O\u00b7CAEoO\u00b5EIOA22-1024x723.jpg\" alt=\"\" class=\"wp-image-1482\" style=\"width:65px;height:auto\" srcset=\"https:\/\/arttao.org\/wp-content\/uploads\/2025\/04\/EaI\u00bcIo_601104963_N\u00a4Ao\u00a8oOD\u00b5A\u00a8IE\u00d7O\u00b7CAEoO\u00b5EIOA22-1024x723.jpg 1024w, https:\/\/arttao.org\/wp-content\/uploads\/2025\/04\/EaI\u00bcIo_601104963_N\u00a4Ao\u00a8oOD\u00b5A\u00a8IE\u00d7O\u00b7CAEoO\u00b5EIOA22-300x212.jpg 300w, https:\/\/arttao.org\/wp-content\/uploads\/2025\/04\/EaI\u00bcIo_601104963_N\u00a4Ao\u00a8oOD\u00b5A\u00a8IE\u00d7O\u00b7CAEoO\u00b5EIOA22-768x542.jpg 768w, https:\/\/arttao.org\/wp-content\/uploads\/2025\/04\/EaI\u00bcIo_601104963_N\u00a4Ao\u00a8oOD\u00b5A\u00a8IE\u00d7O\u00b7CAEoO\u00b5EIOA22-1536x1084.jpg 1536w, https:\/\/arttao.org\/wp-content\/uploads\/2025\/04\/EaI\u00bcIo_601104963_N\u00a4Ao\u00a8oOD\u00b5A\u00a8IE\u00d7O\u00b7CAEoO\u00b5EIOA22-2048x1445.jpg 2048w\" sizes=\"auto, (max-width: 1024px) 100vw, 1024px\" \/><\/figure>\n\n\n\n<p class=\"has-medium-font-size\"><a href=\"https:\/\/arttao.org\/fr\/22%e6%8a%a0%e7%9a%ae-%e7%9a%ae%e8%82%a4%e6%90%94%e6%8a%93%e5%80%be%e5%90%91-s\/\" data-type=\"page\" data-id=\"10955\">s-23:<strong>Grattage de la peau\/tendance au grattage de la peau<\/strong><\/a><\/p>\n\n\n\n<p class=\"has-small-font-size\"><br>Le syndrome de desquamation cutan\u00e9e se manifeste par des pincements et des grattages compulsifs, souvent accompagn\u00e9s d&#039;anxi\u00e9t\u00e9 ou de tension. Ce cours vous aide \u00e0 comprendre le lien \u00e9motionnel derri\u00e8re votre comportement, \u00e0 apprendre des techniques de relaxation et de pleine conscience, et \u00e0 d\u00e9velopper des strat\u00e9gies de remplacement comportemental. Gr\u00e2ce \u00e0 la pratique et \u00e0 la tenue d&#039;un journal, vous pouvez progressivement r\u00e9duire les dommages cutan\u00e9s, att\u00e9nuer la culpabilit\u00e9 et la solitude, et retrouver sant\u00e9 et confiance en vous.<\/p>\n\n\n\n<figure class=\"wp-block-image size-large is-resized\"><img loading=\"lazy\" decoding=\"async\" width=\"1024\" height=\"723\" src=\"https:\/\/arttao.org\/wp-content\/uploads\/2025\/04\/EaI\u00bcIo_601104963_N\u00a4Ao\u00a8oOD\u00b5A\u00a8IE\u00d7O\u00b7CAEoO\u00b5EIOA22-1024x723.jpg\" alt=\"\" class=\"wp-image-1482\" style=\"width:65px;height:auto\" srcset=\"https:\/\/arttao.org\/wp-content\/uploads\/2025\/04\/EaI\u00bcIo_601104963_N\u00a4Ao\u00a8oOD\u00b5A\u00a8IE\u00d7O\u00b7CAEoO\u00b5EIOA22-1024x723.jpg 1024w, https:\/\/arttao.org\/wp-content\/uploads\/2025\/04\/EaI\u00bcIo_601104963_N\u00a4Ao\u00a8oOD\u00b5A\u00a8IE\u00d7O\u00b7CAEoO\u00b5EIOA22-300x212.jpg 300w, https:\/\/arttao.org\/wp-content\/uploads\/2025\/04\/EaI\u00bcIo_601104963_N\u00a4Ao\u00a8oOD\u00b5A\u00a8IE\u00d7O\u00b7CAEoO\u00b5EIOA22-768x542.jpg 768w, https:\/\/arttao.org\/wp-content\/uploads\/2025\/04\/EaI\u00bcIo_601104963_N\u00a4Ao\u00a8oOD\u00b5A\u00a8IE\u00d7O\u00b7CAEoO\u00b5EIOA22-1536x1084.jpg 1536w, https:\/\/arttao.org\/wp-content\/uploads\/2025\/04\/EaI\u00bcIo_601104963_N\u00a4Ao\u00a8oOD\u00b5A\u00a8IE\u00d7O\u00b7CAEoO\u00b5EIOA22-2048x1445.jpg 2048w\" sizes=\"auto, (max-width: 1024px) 100vw, 1024px\" \/><\/figure>\n\n\n\n<p class=\"has-medium-font-size\"><a href=\"https:\/\/arttao.org\/fr\/23%e5%86%b2%e5%8a%a8%e6%8e%a7%e5%88%b6%e9%9a%9c%e7%a2%8d-s\/\" data-type=\"page\" data-id=\"10957\">s-24:<strong>troubles du contr\u00f4le des impulsions<\/strong><\/a><\/p>\n\n\n\n<p class=\"has-small-font-size\"><br>Les troubles du contr\u00f4le des impulsions se manifestent par des comportements impulsifs et irr\u00e9sistibles tels que l&#039;agression, la destruction ou les tentatives dangereuses. Ce cours vous aide \u00e0 reconna\u00eetre les signes avant-coureurs d&#039;un comportement impulsif et \u00e0 apprendre \u00e0 r\u00e9guler vos \u00e9motions, \u00e0 temporiser vos r\u00e9actions et \u00e0 d\u00e9velopper des comportements alternatifs. En pratiquant la pleine conscience et en b\u00e9n\u00e9ficiant d&#039;un r\u00e9seau de soutien, vous gagnerez progressivement en contr\u00f4le sur vos actions, r\u00e9duirez les regrets et les blessures, et retrouverez autodiscipline et stabilit\u00e9.<\/p>\n\n\n\n<p class=\"\"><\/p>","protected":false},"excerpt":{"rendered":"<p>s-19:\u5f3a\u8feb\u4e0e\u51b2\u52a8\u503e\u5411 \u672c\u6d4b\u8bd5\u7a0b\u805a\u7126\u5f3a\u8feb\u601d\u7ef4\u4e0e\u91cd\u590d\u884c\u4e3a\u5e26\u6765\u7684\u56f0\u6270\uff0c\u4ee5\u53ca\u96be\u4ee5\u6291\u5236\u7684\u51b2\u52a8\u6a21\u5f0f\u3002\u4f60\u5c06\u5b66\u4e60\u8bc6\u522b\u75c7\u72b6\u4e0e [&hellip;]<\/p>\n","protected":false},"author":1,"featured_media":0,"parent":0,"menu_order":0,"comment_status":"closed","ping_status":"closed","template":"","meta":{"nf_dc_page":"","om_disable_all_campaigns":false,"_monsterinsights_skip_tracking":false,"_monsterinsights_sitenote_active":false,"_monsterinsights_sitenote_note":"","_monsterinsights_sitenote_category":0,"footnotes":""},"class_list":["post-1480","page","type-page","status-publish","hentry"],"_links":{"self":[{"href":"https:\/\/arttao.org\/fr\/wp-json\/wp\/v2\/pages\/1480","targetHints":{"allow":["GET"]}}],"collection":[{"href":"https:\/\/arttao.org\/fr\/wp-json\/wp\/v2\/pages"}],"about":[{"href":"https:\/\/arttao.org\/fr\/wp-json\/wp\/v2\/types\/page"}],"author":[{"embeddable":true,"href":"https:\/\/arttao.org\/fr\/wp-json\/wp\/v2\/users\/1"}],"replies":[{"embeddable":true,"href":"https:\/\/arttao.org\/fr\/wp-json\/wp\/v2\/comments?post=1480"}],"version-history":[{"count":11,"href":"https:\/\/arttao.org\/fr\/wp-json\/wp\/v2\/pages\/1480\/revisions"}],"predecessor-version":[{"id":11122,"href":"https:\/\/arttao.org\/fr\/wp-json\/wp\/v2\/pages\/1480\/revisions\/11122"}],"wp:attachment":[{"href":"https:\/\/arttao.org\/fr\/wp-json\/wp\/v2\/media?parent=1480"}],"curies":[{"name":"wp","href":"https:\/\/api.w.org\/{rel}","templated":true}]}}